{"id":3321,"date":"2024-01-23T14:54:22","date_gmt":"2024-01-23T12:54:22","guid":{"rendered":"https:\/\/www.namude.lt\/?post_type=product&#038;p=3321"},"modified":"2024-03-01T14:21:46","modified_gmt":"2024-03-01T12:21:46","slug":"050-ha-zemes-ukio-paskirties-sklypai-naujai-besikurianciame-kvartale-vilniaus-rajone-juodbaliu-kaime","status":"publish","type":"product","link":"https:\/\/www.namude.lt\/en\/object\/050-ha-zemes-ukio-paskirties-sklypai-naujai-besikurianciame-kvartale-vilniaus-rajone-juodbaliu-kaime\/","title":{"rendered":"0,50 HA \u017dEM\u0116S \u016aKIO PASKIRTIES SKLYPAI NAUJAI BESIKURIAN\u010cIAME KVARTALE VILNIAUS RAJONE, JUODBALI\u0172 KAIME"},"content":{"rendered":"","protected":false},"excerpt":{"rendered":"<p><strong>Parduodami 0,50 ha \u017eem\u0117s \u016bkio paskirties <a href=\"https:\/\/www.namude.lt\/kategorija\/sklypai\/?filter_rajonas=vilniaus-raj&amp;query_type_rajonas=or\">sklypai<\/a> naujai besikurian\u010diame kvartale <a href=\"https:\/\/www.namude.lt\/parduodami-nt-objektai\/?filter_rajonas=vilniaus-raj&amp;query_type_rajonas=or\">Vilniaus rajone<\/a>, Juodbali\u0173 kaime. I<\/strong>\u0161 viso suformuota\u00a0<strong>14\u00a0<\/strong>sklyp\u0173, kiekvienas j\u0173 \u2013 \u00a0<strong>50 ar\u0173<\/strong>\u00a0ploto. Sklypai yra visai netoli nuo pietrytin\u0117s Vilniaus miesto ribos, iki pa\u010dio Vilniaus centro \u2013 apie\u00a0<strong>30 min.\u00a0<\/strong>kelio automobiliu. Elektra \u2013 apie\u00a0<strong>300 m.<\/strong>\u00a0nuo sklypo ribos.<\/p>\n<p>Sklypai lygaus reljefo, vietov\u0117 jauki ir rami, apsupta pu\u0161yn\u0117li\u0173 bei gana dideli\u0173 \u2013 Rop\u0117j\u0173 bei Tarn\u0117n\u0173 \u2013 mi\u0161k\u0173, netoliese telk\u0161o Ilgu\u010dio, Juodbali\u0173, \u0160ventinink\u0173 e\u017eerai.<\/p>\n<p>Puiki vieta sodybos ar gyvenamojo namo k\u016brimui ramioje atokioje aplinkoje, iki pagrindinio \u0160ventinink\u0173 kelio \u2013 apie\u00a0<strong>3,8 km<\/strong>, Sen\u0173j\u0173 Trak\u0173 \u2013 apie<strong>\u00a012 km<\/strong>, Trak\u0173 \u2013 apie\u00a0<strong>19 km<\/strong>, Vilniaus miesto centro \u2013 apie\u00a0<strong>24 km<\/strong>.<\/p>\n","protected":false},"featured_media":3322,"template":"","meta":{"_acf_changed":false},"product_brand":[],"product_cat":[24],"product_tag":[],"class_list":{"0":"post-3321","1":"product","2":"type-product","3":"status-publish","4":"has-post-thumbnail","6":"product_cat-sklypai","7":"pa_rajonas-vilniaus-raj","8":"description-off","10":"first","11":"instock","12":"shipping-taxable","13":"purchasable","14":"product-type-simple"},"acf":[],"yoast_head":"<!-- This site is optimized with the Yoast SEO plugin v27.0 - https:\/\/yoast.com\/product\/yoast-seo-wordpress\/ -->\n<title>0,50 HA \u017dEM\u0116S \u016aKIO PASKIRTIES SKLYPAI NAUJAI BESIKURIAN\u010cIAME KVARTALE VILNIAUS RAJONE, JUODBALI\u0172 KAIME - Namud\u0117<\/title>\n<meta name=\"robots\" content=\"index, follow, max-snippet:-1, max-image-preview:large, max-video-preview:-1\" \/>\n<link rel=\"canonical\" href=\"https:\/\/www.namude.lt\/objektas\/050-ha-zemes-ukio-paskirties-sklypai-naujai-besikurianciame-kvartale-vilniaus-rajone-juodbaliu-kaime\/\" \/>\n<meta property=\"og:locale\" content=\"en_US\" \/>\n<meta property=\"og:type\" content=\"article\" \/>\n<meta property=\"og:title\" content=\"0,50 HA \u017dEM\u0116S \u016aKIO PASKIRTIES SKLYPAI NAUJAI BESIKURIAN\u010cIAME KVARTALE VILNIAUS RAJONE, JUODBALI\u0172 KAIME - Namud\u0117\" \/>\n<meta property=\"og:description\" content=\"Parduodami 0,50 ha \u017eem\u0117s \u016bkio paskirties sklypai naujai besikurian\u010diame kvartale Vilniaus rajone, Juodbali\u0173 kaime. I\u0161 viso suformuota\u00a014\u00a0sklyp\u0173, kiekvienas j\u0173 \u2013 \u00a050 ar\u0173\u00a0ploto. Sklypai yra visai netoli nuo pietrytin\u0117s Vilniaus miesto ribos, iki pa\u010dio Vilniaus centro \u2013 apie\u00a030 min.\u00a0kelio automobiliu. Elektra \u2013 apie\u00a0300 m.\u00a0nuo sklypo ribos.  Sklypai lygaus reljefo, vietov\u0117 jauki ir rami, apsupta pu\u0161yn\u0117li\u0173 bei gana dideli\u0173 \u2013 Rop\u0117j\u0173 bei Tarn\u0117n\u0173 \u2013 mi\u0161k\u0173, netoliese telk\u0161o Ilgu\u010dio, Juodbali\u0173, \u0160ventinink\u0173 e\u017eerai.  Puiki vieta sodybos ar gyvenamojo namo k\u016brimui ramioje atokioje aplinkoje, iki pagrindinio \u0160ventinink\u0173 kelio \u2013 apie\u00a03,8 km, Sen\u0173j\u0173 Trak\u0173 \u2013 apie\u00a012 km, Trak\u0173 \u2013 apie\u00a019 km, Vilniaus miesto centro \u2013 apie\u00a024 km.\" \/>\n<meta property=\"og:url\" content=\"https:\/\/www.namude.lt\/objektas\/050-ha-zemes-ukio-paskirties-sklypai-naujai-besikurianciame-kvartale-vilniaus-rajone-juodbaliu-kaime\/\" \/>\n<meta property=\"og:site_name\" content=\"Namud\u0117\" \/>\n<meta property=\"article:modified_time\" content=\"2024-03-01T12:21:46+00:00\" \/>\n<meta property=\"og:image\" content=\"https:\/\/www.namude.lt\/wp-content\/uploads\/2024\/01\/1-59.jpg\" \/>\n\t<meta property=\"og:image:width\" content=\"840\" \/>\n\t<meta property=\"og:image:height\" content=\"498\" \/>\n\t<meta property=\"og:image:type\" content=\"image\/jpeg\" \/>\n<meta name=\"twitter:card\" content=\"summary_large_image\" \/>\n<script type=\"application\/ld+json\" class=\"yoast-schema-graph\">{\"@context\":\"https:\/\/schema.org\",\"@graph\":[{\"@type\":\"WebPage\",\"@id\":\"https:\/\/www.namude.lt\/objektas\/050-ha-zemes-ukio-paskirties-sklypai-naujai-besikurianciame-kvartale-vilniaus-rajone-juodbaliu-kaime\/\",\"url\":\"https:\/\/www.namude.lt\/objektas\/050-ha-zemes-ukio-paskirties-sklypai-naujai-besikurianciame-kvartale-vilniaus-rajone-juodbaliu-kaime\/\",\"name\":\"0,50 HA \u017dEM\u0116S \u016aKIO PASKIRTIES SKLYPAI NAUJAI BESIKURIAN\u010cIAME KVARTALE VILNIAUS RAJONE, JUODBALI\u0172 KAIME - Namud\u0117\",\"isPartOf\":{\"@id\":\"https:\/\/www.namude.lt\/#website\"},\"primaryImageOfPage\":{\"@id\":\"https:\/\/www.namude.lt\/objektas\/050-ha-zemes-ukio-paskirties-sklypai-naujai-besikurianciame-kvartale-vilniaus-rajone-juodbaliu-kaime\/#primaryimage\"},\"image\":{\"@id\":\"https:\/\/www.namude.lt\/objektas\/050-ha-zemes-ukio-paskirties-sklypai-naujai-besikurianciame-kvartale-vilniaus-rajone-juodbaliu-kaime\/#primaryimage\"},\"thumbnailUrl\":\"https:\/\/www.namude.lt\/wp-content\/uploads\/2024\/01\/1-59.jpg\",\"datePublished\":\"2024-01-23T12:54:22+00:00\",\"dateModified\":\"2024-03-01T12:21:46+00:00\",\"breadcrumb\":{\"@id\":\"https:\/\/www.namude.lt\/objektas\/050-ha-zemes-ukio-paskirties-sklypai-naujai-besikurianciame-kvartale-vilniaus-rajone-juodbaliu-kaime\/#breadcrumb\"},\"inLanguage\":\"en-US\",\"potentialAction\":[{\"@type\":\"ReadAction\",\"target\":[\"https:\/\/www.namude.lt\/objektas\/050-ha-zemes-ukio-paskirties-sklypai-naujai-besikurianciame-kvartale-vilniaus-rajone-juodbaliu-kaime\/\"]}]},{\"@type\":\"ImageObject\",\"inLanguage\":\"en-US\",\"@id\":\"https:\/\/www.namude.lt\/objektas\/050-ha-zemes-ukio-paskirties-sklypai-naujai-besikurianciame-kvartale-vilniaus-rajone-juodbaliu-kaime\/#primaryimage\",\"url\":\"https:\/\/www.namude.lt\/wp-content\/uploads\/2024\/01\/1-59.jpg\",\"contentUrl\":\"https:\/\/www.namude.lt\/wp-content\/uploads\/2024\/01\/1-59.jpg\",\"width\":840,\"height\":498,\"caption\":\"default\"},{\"@type\":\"BreadcrumbList\",\"@id\":\"https:\/\/www.namude.lt\/objektas\/050-ha-zemes-ukio-paskirties-sklypai-naujai-besikurianciame-kvartale-vilniaus-rajone-juodbaliu-kaime\/#breadcrumb\",\"itemListElement\":[{\"@type\":\"ListItem\",\"position\":1,\"name\":\"Home\",\"item\":\"https:\/\/www.namude.lt\/en\/\"},{\"@type\":\"ListItem\",\"position\":2,\"name\":\"Real estate\",\"item\":\"https:\/\/www.namude.lt\/en\/real-estate\/\"},{\"@type\":\"ListItem\",\"position\":3,\"name\":\"0,50 HA \u017dEM\u0116S \u016aKIO PASKIRTIES SKLYPAI NAUJAI BESIKURIAN\u010cIAME KVARTALE VILNIAUS RAJONE, JUODBALI\u0172 KAIME\"}]},{\"@type\":\"WebSite\",\"@id\":\"https:\/\/www.namude.lt\/#website\",\"url\":\"https:\/\/www.namude.lt\/\",\"name\":\"Namud\u0117\",\"description\":\"\u201eNamud\u0117\u201c \u2013 agent\u016bra, pardavin\u0117janti Auk\u0161taitijos NT grynuolius.\",\"publisher\":{\"@id\":\"https:\/\/www.namude.lt\/#organization\"},\"potentialAction\":[{\"@type\":\"SearchAction\",\"target\":{\"@type\":\"EntryPoint\",\"urlTemplate\":\"https:\/\/www.namude.lt\/?s={search_term_string}\"},\"query-input\":{\"@type\":\"PropertyValueSpecification\",\"valueRequired\":true,\"valueName\":\"search_term_string\"}}],\"inLanguage\":\"en-US\"},{\"@type\":\"Organization\",\"@id\":\"https:\/\/www.namude.lt\/#organization\",\"name\":\"Namud\u0117\",\"url\":\"https:\/\/www.namude.lt\/\",\"logo\":{\"@type\":\"ImageObject\",\"inLanguage\":\"en-US\",\"@id\":\"https:\/\/www.namude.lt\/#\/schema\/logo\/image\/\",\"url\":\"https:\/\/www.namude.lt\/wp-content\/uploads\/2023\/11\/logo-symbol.svg\",\"contentUrl\":\"https:\/\/www.namude.lt\/wp-content\/uploads\/2023\/11\/logo-symbol.svg\",\"width\":1,\"height\":1,\"caption\":\"Namud\u0117\"},\"image\":{\"@id\":\"https:\/\/www.namude.lt\/#\/schema\/logo\/image\/\"}}]}<\/script>\n<!-- \/ Yoast SEO plugin. -->","yoast_head_json":{"title":"0,50 HA \u017dEM\u0116S \u016aKIO PASKIRTIES SKLYPAI NAUJAI BESIKURIAN\u010cIAME KVARTALE VILNIAUS RAJONE, JUODBALI\u0172 KAIME - Namud\u0117","robots":{"index":"index","follow":"follow","max-snippet":"max-snippet:-1","max-image-preview":"max-image-preview:large","max-video-preview":"max-video-preview:-1"},"canonical":"https:\/\/www.namude.lt\/objektas\/050-ha-zemes-ukio-paskirties-sklypai-naujai-besikurianciame-kvartale-vilniaus-rajone-juodbaliu-kaime\/","og_locale":"en_US","og_type":"article","og_title":"0,50 HA \u017dEM\u0116S \u016aKIO PASKIRTIES SKLYPAI NAUJAI BESIKURIAN\u010cIAME KVARTALE VILNIAUS RAJONE, JUODBALI\u0172 KAIME - Namud\u0117","og_description":"Parduodami 0,50 ha \u017eem\u0117s \u016bkio paskirties sklypai naujai besikurian\u010diame kvartale Vilniaus rajone, Juodbali\u0173 kaime. I\u0161 viso suformuota\u00a014\u00a0sklyp\u0173, kiekvienas j\u0173 \u2013 \u00a050 ar\u0173\u00a0ploto. Sklypai yra visai netoli nuo pietrytin\u0117s Vilniaus miesto ribos, iki pa\u010dio Vilniaus centro \u2013 apie\u00a030 min.\u00a0kelio automobiliu. Elektra \u2013 apie\u00a0300 m.\u00a0nuo sklypo ribos.  Sklypai lygaus reljefo, vietov\u0117 jauki ir rami, apsupta pu\u0161yn\u0117li\u0173 bei gana dideli\u0173 \u2013 Rop\u0117j\u0173 bei Tarn\u0117n\u0173 \u2013 mi\u0161k\u0173, netoliese telk\u0161o Ilgu\u010dio, Juodbali\u0173, \u0160ventinink\u0173 e\u017eerai.  Puiki vieta sodybos ar gyvenamojo namo k\u016brimui ramioje atokioje aplinkoje, iki pagrindinio \u0160ventinink\u0173 kelio \u2013 apie\u00a03,8 km, Sen\u0173j\u0173 Trak\u0173 \u2013 apie\u00a012 km, Trak\u0173 \u2013 apie\u00a019 km, Vilniaus miesto centro \u2013 apie\u00a024 km.","og_url":"https:\/\/www.namude.lt\/objektas\/050-ha-zemes-ukio-paskirties-sklypai-naujai-besikurianciame-kvartale-vilniaus-rajone-juodbaliu-kaime\/","og_site_name":"Namud\u0117","article_modified_time":"2024-03-01T12:21:46+00:00","og_image":[{"width":840,"height":498,"url":"https:\/\/www.namude.lt\/wp-content\/uploads\/2024\/01\/1-59.jpg","type":"image\/jpeg"}],"twitter_card":"summary_large_image","schema":{"@context":"https:\/\/schema.org","@graph":[{"@type":"WebPage","@id":"https:\/\/www.namude.lt\/objektas\/050-ha-zemes-ukio-paskirties-sklypai-naujai-besikurianciame-kvartale-vilniaus-rajone-juodbaliu-kaime\/","url":"https:\/\/www.namude.lt\/objektas\/050-ha-zemes-ukio-paskirties-sklypai-naujai-besikurianciame-kvartale-vilniaus-rajone-juodbaliu-kaime\/","name":"0,50 HA \u017dEM\u0116S \u016aKIO PASKIRTIES SKLYPAI NAUJAI BESIKURIAN\u010cIAME KVARTALE VILNIAUS RAJONE, JUODBALI\u0172 KAIME - Namud\u0117","isPartOf":{"@id":"https:\/\/www.namude.lt\/#website"},"primaryImageOfPage":{"@id":"https:\/\/www.namude.lt\/objektas\/050-ha-zemes-ukio-paskirties-sklypai-naujai-besikurianciame-kvartale-vilniaus-rajone-juodbaliu-kaime\/#primaryimage"},"image":{"@id":"https:\/\/www.namude.lt\/objektas\/050-ha-zemes-ukio-paskirties-sklypai-naujai-besikurianciame-kvartale-vilniaus-rajone-juodbaliu-kaime\/#primaryimage"},"thumbnailUrl":"https:\/\/www.namude.lt\/wp-content\/uploads\/2024\/01\/1-59.jpg","datePublished":"2024-01-23T12:54:22+00:00","dateModified":"2024-03-01T12:21:46+00:00","breadcrumb":{"@id":"https:\/\/www.namude.lt\/objektas\/050-ha-zemes-ukio-paskirties-sklypai-naujai-besikurianciame-kvartale-vilniaus-rajone-juodbaliu-kaime\/#breadcrumb"},"inLanguage":"en-US","potentialAction":[{"@type":"ReadAction","target":["https:\/\/www.namude.lt\/objektas\/050-ha-zemes-ukio-paskirties-sklypai-naujai-besikurianciame-kvartale-vilniaus-rajone-juodbaliu-kaime\/"]}]},{"@type":"ImageObject","inLanguage":"en-US","@id":"https:\/\/www.namude.lt\/objektas\/050-ha-zemes-ukio-paskirties-sklypai-naujai-besikurianciame-kvartale-vilniaus-rajone-juodbaliu-kaime\/#primaryimage","url":"https:\/\/www.namude.lt\/wp-content\/uploads\/2024\/01\/1-59.jpg","contentUrl":"https:\/\/www.namude.lt\/wp-content\/uploads\/2024\/01\/1-59.jpg","width":840,"height":498,"caption":"default"},{"@type":"BreadcrumbList","@id":"https:\/\/www.namude.lt\/objektas\/050-ha-zemes-ukio-paskirties-sklypai-naujai-besikurianciame-kvartale-vilniaus-rajone-juodbaliu-kaime\/#breadcrumb","itemListElement":[{"@type":"ListItem","position":1,"name":"Home","item":"https:\/\/www.namude.lt\/en\/"},{"@type":"ListItem","position":2,"name":"Real estate","item":"https:\/\/www.namude.lt\/en\/real-estate\/"},{"@type":"ListItem","position":3,"name":"0,50 HA \u017dEM\u0116S \u016aKIO PASKIRTIES SKLYPAI NAUJAI BESIKURIAN\u010cIAME KVARTALE VILNIAUS RAJONE, JUODBALI\u0172 KAIME"}]},{"@type":"WebSite","@id":"https:\/\/www.namude.lt\/#website","url":"https:\/\/www.namude.lt\/","name":"Namud\u0117","description":"\u201eNamud\u0117\u201c \u2013 agent\u016bra, pardavin\u0117janti Auk\u0161taitijos NT grynuolius.","publisher":{"@id":"https:\/\/www.namude.lt\/#organization"},"potentialAction":[{"@type":"SearchAction","target":{"@type":"EntryPoint","urlTemplate":"https:\/\/www.namude.lt\/?s={search_term_string}"},"query-input":{"@type":"PropertyValueSpecification","valueRequired":true,"valueName":"search_term_string"}}],"inLanguage":"en-US"},{"@type":"Organization","@id":"https:\/\/www.namude.lt\/#organization","name":"Namud\u0117","url":"https:\/\/www.namude.lt\/","logo":{"@type":"ImageObject","inLanguage":"en-US","@id":"https:\/\/www.namude.lt\/#\/schema\/logo\/image\/","url":"https:\/\/www.namude.lt\/wp-content\/uploads\/2023\/11\/logo-symbol.svg","contentUrl":"https:\/\/www.namude.lt\/wp-content\/uploads\/2023\/11\/logo-symbol.svg","width":1,"height":1,"caption":"Namud\u0117"},"image":{"@id":"https:\/\/www.namude.lt\/#\/schema\/logo\/image\/"}}]}},"_links":{"self":[{"href":"https:\/\/www.namude.lt\/en\/wp-json\/wp\/v2\/product\/3321","targetHints":{"allow":["GET"]}}],"collection":[{"href":"https:\/\/www.namude.lt\/en\/wp-json\/wp\/v2\/product"}],"about":[{"href":"https:\/\/www.namude.lt\/en\/wp-json\/wp\/v2\/types\/product"}],"wp:featuredmedia":[{"embeddable":true,"href":"https:\/\/www.namude.lt\/en\/wp-json\/wp\/v2\/media\/3322"}],"wp:attachment":[{"href":"https:\/\/www.namude.lt\/en\/wp-json\/wp\/v2\/media?parent=3321"}],"wp:term":[{"taxonomy":"product_brand","embeddable":true,"href":"https:\/\/www.namude.lt\/en\/wp-json\/wp\/v2\/product_brand?post=3321"},{"taxonomy":"product_cat","embeddable":true,"href":"https:\/\/www.namude.lt\/en\/wp-json\/wp\/v2\/product_cat?post=3321"},{"taxonomy":"product_tag","embeddable":true,"href":"https:\/\/www.namude.lt\/en\/wp-json\/wp\/v2\/product_tag?post=3321"}],"curies":[{"name":"wp","href":"https:\/\/api.w.org\/{rel}","templated":true}]}}