{"id":3303,"date":"2024-01-23T14:51:08","date_gmt":"2024-01-23T12:51:08","guid":{"rendered":"https:\/\/www.namude.lt\/?post_type=product&#038;p=3303"},"modified":"2024-03-01T14:25:19","modified_gmt":"2024-03-01T12:25:19","slug":"sodybu-statybai-trys-salia-esantys-zemes-ukio-paskirties-sklypai-ignalinos-rajone-ruksiskes-kaimo-pakrastyje-pusu-apsuptyje","status":"publish","type":"product","link":"https:\/\/www.namude.lt\/en\/object\/sodybu-statybai-trys-salia-esantys-zemes-ukio-paskirties-sklypai-ignalinos-rajone-ruksiskes-kaimo-pakrastyje-pusu-apsuptyje\/","title":{"rendered":"(SODYB\u0172 STATYBAI) TRYS \u0160ALIA ESANTYS \u017dEM\u0116S \u016aKIO PASKIRTIES SKLYPAI IGNALINOS RAJONE, RUK\u0160I\u0160K\u0116S KAIMO PAKRA\u0160TYJE, PU\u0160\u0172 APSUPTYJE"},"content":{"rendered":"","protected":false},"excerpt":{"rendered":"<p><strong>Parduodami (sodyb\u0173 statybai)\u00a0 trys \u0161alia esantys \u017eem\u0117s \u016bkio paskirties\u00a0 <a href=\"https:\/\/www.namude.lt\/kategorija\/sklypai\/?filter_rajonas=ignalinos-rajonas&amp;query_type_rajonas=or\">sklypai<\/a> <a href=\"https:\/\/www.namude.lt\/parduodami-nt-objektai\/?filter_rajonas=ignalinos-rajonas&amp;query_type_rajonas=or\">Ignalinos<\/a> rajone, Ruk\u0161i\u0161k\u0117s kaimo pakra\u0161tyje, pu\u0161\u0173 apsuptyje.<\/strong>\u00a0Sklyp\u0173 dyd\u017eiai<strong>:<\/strong><strong>\u00a02.1608 ha<\/strong><strong>;\u00a0<\/strong><strong>1.9810 ha<\/strong><strong>;\u00a0<\/strong>1.5844\u00a0<strong>ha\u00a0 ( susideda i\u0161 0.7792 ha ir 0.8052 ha)\u00a0<\/strong><strong>.\u00a0<\/strong>Atlikti geodeziniai matavimai. \u00a0\u0160alia eina elektros linija. Elektros pastot\u0117 &#8211;\u00a0 apie\u00a0<strong>200 m<\/strong><strong>.<\/strong>\u00a0Nuo Vilniaus &#8211; \u00a0<strong>104 km<\/strong>\u00a0asfaltuotu keliu. Nuo asfalto apie\u00a0<strong>2 km<\/strong>\u00a0\u017evyrkelio. Artimiausias miestas Ignalina \u2013\u00a0<strong>7 km<\/strong>. Saugi ir draugi\u0161ka kaimynyst\u0117.\u00a0 Kaime yra pastoviai gyvenan\u010di\u0173 \u017emoni\u0173. Yra galimyb\u0117 i\u0161sikasti k\u016bdras. Sklypai ribojasi su Ruk\u0161i\u0161k\u0117s mi\u0161ku. Iki artimiausio didelio ir \u017euvingo Vajuonio e\u017eero \u2013 apie\u00a0<strong>1.5 km<\/strong>.. Puik\u016bs sklypai J\u016bs\u0173 sodyb\u0173 projektavimui ir statybai.<\/p>\n<p>Kaina:<\/p>\n<p><strong>2.1608 ha sklypo &#8211; 10 000 eur\u0173<\/strong><\/p>\n<p><strong>1.9810 ha sklypo\u00a0 &#8211; 9 000 eur\u0173<\/strong><\/p>\n<p><strong>1.5844 ha sklypo \u00a0&#8211;\u00a0 9 500 eur\u0173<\/strong><\/p>\n","protected":false},"featured_media":3304,"template":"","meta":{"_acf_changed":false},"product_brand":[],"product_cat":[24],"product_tag":[],"class_list":{"0":"post-3303","1":"product","2":"type-product","3":"status-publish","4":"has-post-thumbnail","6":"product_cat-sklypai","7":"pa_rajonas-ignalinos-rajonas","8":"description-off","10":"first","11":"instock","12":"shipping-taxable","13":"purchasable","14":"product-type-simple"},"acf":[],"yoast_head":"<!-- This site is optimized with the Yoast SEO plugin v27.0 - https:\/\/yoast.com\/product\/yoast-seo-wordpress\/ -->\n<title>(SODYB\u0172 STATYBAI) TRYS \u0160ALIA ESANTYS \u017dEM\u0116S \u016aKIO PASKIRTIES SKLYPAI IGNALINOS RAJONE, RUK\u0160I\u0160K\u0116S KAIMO PAKRA\u0160TYJE, PU\u0160\u0172 APSUPTYJE - Namud\u0117<\/title>\n<meta name=\"robots\" content=\"index, follow, max-snippet:-1, max-image-preview:large, max-video-preview:-1\" \/>\n<link rel=\"canonical\" href=\"https:\/\/www.namude.lt\/objektas\/sodybu-statybai-trys-salia-esantys-zemes-ukio-paskirties-sklypai-ignalinos-rajone-ruksiskes-kaimo-pakrastyje-pusu-apsuptyje\/\" \/>\n<meta property=\"og:locale\" content=\"en_US\" \/>\n<meta property=\"og:type\" content=\"article\" \/>\n<meta property=\"og:title\" content=\"(SODYB\u0172 STATYBAI) TRYS \u0160ALIA ESANTYS \u017dEM\u0116S \u016aKIO PASKIRTIES SKLYPAI IGNALINOS RAJONE, RUK\u0160I\u0160K\u0116S KAIMO PAKRA\u0160TYJE, PU\u0160\u0172 APSUPTYJE - Namud\u0117\" \/>\n<meta property=\"og:description\" content=\"Parduodami (sodyb\u0173 statybai)\u00a0 trys \u0161alia esantys \u017eem\u0117s \u016bkio paskirties\u00a0 sklypai Ignalinos rajone, Ruk\u0161i\u0161k\u0117s kaimo pakra\u0161tyje, pu\u0161\u0173 apsuptyje.\u00a0Sklyp\u0173 dyd\u017eiai:\u00a02.1608 ha;\u00a01.9810 ha;\u00a01.5844\u00a0ha\u00a0 ( susideda i\u0161 0.7792 ha ir 0.8052 ha)\u00a0.\u00a0Atlikti geodeziniai matavimai. \u00a0\u0160alia eina elektros linija. Elektros pastot\u0117 -\u00a0 apie\u00a0200 m.\u00a0Nuo Vilniaus - \u00a0104 km\u00a0asfaltuotu keliu. Nuo asfalto apie\u00a02 km\u00a0\u017evyrkelio. Artimiausias miestas Ignalina \u2013\u00a07 km. Saugi ir draugi\u0161ka kaimynyst\u0117.\u00a0 Kaime yra pastoviai gyvenan\u010di\u0173 \u017emoni\u0173. Yra galimyb\u0117 i\u0161sikasti k\u016bdras. Sklypai ribojasi su Ruk\u0161i\u0161k\u0117s mi\u0161ku. Iki artimiausio didelio ir \u017euvingo Vajuonio e\u017eero \u2013 apie\u00a01.5 km.. Puik\u016bs sklypai J\u016bs\u0173 sodyb\u0173 projektavimui ir statybai.  Kaina:  2.1608 ha sklypo - 10 000 eur\u0173  1.9810 ha sklypo\u00a0 - 9 000 eur\u0173  1.5844 ha sklypo \u00a0-\u00a0 9 500 eur\u0173\" \/>\n<meta property=\"og:url\" content=\"https:\/\/www.namude.lt\/objektas\/sodybu-statybai-trys-salia-esantys-zemes-ukio-paskirties-sklypai-ignalinos-rajone-ruksiskes-kaimo-pakrastyje-pusu-apsuptyje\/\" \/>\n<meta property=\"og:site_name\" content=\"Namud\u0117\" \/>\n<meta property=\"article:modified_time\" content=\"2024-03-01T12:25:19+00:00\" \/>\n<meta property=\"og:image\" content=\"https:\/\/www.namude.lt\/wp-content\/uploads\/2024\/01\/1-58.jpg\" \/>\n\t<meta property=\"og:image:width\" content=\"800\" \/>\n\t<meta property=\"og:image:height\" content=\"464\" \/>\n\t<meta property=\"og:image:type\" content=\"image\/jpeg\" \/>\n<meta name=\"twitter:card\" content=\"summary_large_image\" \/>\n<script type=\"application\/ld+json\" class=\"yoast-schema-graph\">{\"@context\":\"https:\/\/schema.org\",\"@graph\":[{\"@type\":\"WebPage\",\"@id\":\"https:\/\/www.namude.lt\/objektas\/sodybu-statybai-trys-salia-esantys-zemes-ukio-paskirties-sklypai-ignalinos-rajone-ruksiskes-kaimo-pakrastyje-pusu-apsuptyje\/\",\"url\":\"https:\/\/www.namude.lt\/objektas\/sodybu-statybai-trys-salia-esantys-zemes-ukio-paskirties-sklypai-ignalinos-rajone-ruksiskes-kaimo-pakrastyje-pusu-apsuptyje\/\",\"name\":\"(SODYB\u0172 STATYBAI) TRYS \u0160ALIA ESANTYS \u017dEM\u0116S \u016aKIO PASKIRTIES SKLYPAI IGNALINOS RAJONE, RUK\u0160I\u0160K\u0116S KAIMO PAKRA\u0160TYJE, PU\u0160\u0172 APSUPTYJE - Namud\u0117\",\"isPartOf\":{\"@id\":\"https:\/\/www.namude.lt\/#website\"},\"primaryImageOfPage\":{\"@id\":\"https:\/\/www.namude.lt\/objektas\/sodybu-statybai-trys-salia-esantys-zemes-ukio-paskirties-sklypai-ignalinos-rajone-ruksiskes-kaimo-pakrastyje-pusu-apsuptyje\/#primaryimage\"},\"image\":{\"@id\":\"https:\/\/www.namude.lt\/objektas\/sodybu-statybai-trys-salia-esantys-zemes-ukio-paskirties-sklypai-ignalinos-rajone-ruksiskes-kaimo-pakrastyje-pusu-apsuptyje\/#primaryimage\"},\"thumbnailUrl\":\"https:\/\/www.namude.lt\/wp-content\/uploads\/2024\/01\/1-58.jpg\",\"datePublished\":\"2024-01-23T12:51:08+00:00\",\"dateModified\":\"2024-03-01T12:25:19+00:00\",\"breadcrumb\":{\"@id\":\"https:\/\/www.namude.lt\/objektas\/sodybu-statybai-trys-salia-esantys-zemes-ukio-paskirties-sklypai-ignalinos-rajone-ruksiskes-kaimo-pakrastyje-pusu-apsuptyje\/#breadcrumb\"},\"inLanguage\":\"en-US\",\"potentialAction\":[{\"@type\":\"ReadAction\",\"target\":[\"https:\/\/www.namude.lt\/objektas\/sodybu-statybai-trys-salia-esantys-zemes-ukio-paskirties-sklypai-ignalinos-rajone-ruksiskes-kaimo-pakrastyje-pusu-apsuptyje\/\"]}]},{\"@type\":\"ImageObject\",\"inLanguage\":\"en-US\",\"@id\":\"https:\/\/www.namude.lt\/objektas\/sodybu-statybai-trys-salia-esantys-zemes-ukio-paskirties-sklypai-ignalinos-rajone-ruksiskes-kaimo-pakrastyje-pusu-apsuptyje\/#primaryimage\",\"url\":\"https:\/\/www.namude.lt\/wp-content\/uploads\/2024\/01\/1-58.jpg\",\"contentUrl\":\"https:\/\/www.namude.lt\/wp-content\/uploads\/2024\/01\/1-58.jpg\",\"width\":800,\"height\":464},{\"@type\":\"BreadcrumbList\",\"@id\":\"https:\/\/www.namude.lt\/objektas\/sodybu-statybai-trys-salia-esantys-zemes-ukio-paskirties-sklypai-ignalinos-rajone-ruksiskes-kaimo-pakrastyje-pusu-apsuptyje\/#breadcrumb\",\"itemListElement\":[{\"@type\":\"ListItem\",\"position\":1,\"name\":\"Home\",\"item\":\"https:\/\/www.namude.lt\/en\/\"},{\"@type\":\"ListItem\",\"position\":2,\"name\":\"Real estate\",\"item\":\"https:\/\/www.namude.lt\/en\/real-estate\/\"},{\"@type\":\"ListItem\",\"position\":3,\"name\":\"(SODYB\u0172 STATYBAI) TRYS \u0160ALIA ESANTYS \u017dEM\u0116S \u016aKIO PASKIRTIES SKLYPAI IGNALINOS RAJONE, RUK\u0160I\u0160K\u0116S KAIMO PAKRA\u0160TYJE, PU\u0160\u0172 APSUPTYJE\"}]},{\"@type\":\"WebSite\",\"@id\":\"https:\/\/www.namude.lt\/#website\",\"url\":\"https:\/\/www.namude.lt\/\",\"name\":\"Namud\u0117\",\"description\":\"\u201eNamud\u0117\u201c \u2013 agent\u016bra, pardavin\u0117janti Auk\u0161taitijos NT grynuolius.\",\"publisher\":{\"@id\":\"https:\/\/www.namude.lt\/#organization\"},\"potentialAction\":[{\"@type\":\"SearchAction\",\"target\":{\"@type\":\"EntryPoint\",\"urlTemplate\":\"https:\/\/www.namude.lt\/?s={search_term_string}\"},\"query-input\":{\"@type\":\"PropertyValueSpecification\",\"valueRequired\":true,\"valueName\":\"search_term_string\"}}],\"inLanguage\":\"en-US\"},{\"@type\":\"Organization\",\"@id\":\"https:\/\/www.namude.lt\/#organization\",\"name\":\"Namud\u0117\",\"url\":\"https:\/\/www.namude.lt\/\",\"logo\":{\"@type\":\"ImageObject\",\"inLanguage\":\"en-US\",\"@id\":\"https:\/\/www.namude.lt\/#\/schema\/logo\/image\/\",\"url\":\"https:\/\/www.namude.lt\/wp-content\/uploads\/2023\/11\/logo-symbol.svg\",\"contentUrl\":\"https:\/\/www.namude.lt\/wp-content\/uploads\/2023\/11\/logo-symbol.svg\",\"width\":1,\"height\":1,\"caption\":\"Namud\u0117\"},\"image\":{\"@id\":\"https:\/\/www.namude.lt\/#\/schema\/logo\/image\/\"}}]}<\/script>\n<!-- \/ Yoast SEO plugin. -->","yoast_head_json":{"title":"(SODYB\u0172 STATYBAI) TRYS \u0160ALIA ESANTYS \u017dEM\u0116S \u016aKIO PASKIRTIES SKLYPAI IGNALINOS RAJONE, RUK\u0160I\u0160K\u0116S KAIMO PAKRA\u0160TYJE, PU\u0160\u0172 APSUPTYJE - Namud\u0117","robots":{"index":"index","follow":"follow","max-snippet":"max-snippet:-1","max-image-preview":"max-image-preview:large","max-video-preview":"max-video-preview:-1"},"canonical":"https:\/\/www.namude.lt\/objektas\/sodybu-statybai-trys-salia-esantys-zemes-ukio-paskirties-sklypai-ignalinos-rajone-ruksiskes-kaimo-pakrastyje-pusu-apsuptyje\/","og_locale":"en_US","og_type":"article","og_title":"(SODYB\u0172 STATYBAI) TRYS \u0160ALIA ESANTYS \u017dEM\u0116S \u016aKIO PASKIRTIES SKLYPAI IGNALINOS RAJONE, RUK\u0160I\u0160K\u0116S KAIMO PAKRA\u0160TYJE, PU\u0160\u0172 APSUPTYJE - Namud\u0117","og_description":"Parduodami (sodyb\u0173 statybai)\u00a0 trys \u0161alia esantys \u017eem\u0117s \u016bkio paskirties\u00a0 sklypai Ignalinos rajone, Ruk\u0161i\u0161k\u0117s kaimo pakra\u0161tyje, pu\u0161\u0173 apsuptyje.\u00a0Sklyp\u0173 dyd\u017eiai:\u00a02.1608 ha;\u00a01.9810 ha;\u00a01.5844\u00a0ha\u00a0 ( susideda i\u0161 0.7792 ha ir 0.8052 ha)\u00a0.\u00a0Atlikti geodeziniai matavimai. \u00a0\u0160alia eina elektros linija. Elektros pastot\u0117 -\u00a0 apie\u00a0200 m.\u00a0Nuo Vilniaus - \u00a0104 km\u00a0asfaltuotu keliu. Nuo asfalto apie\u00a02 km\u00a0\u017evyrkelio. Artimiausias miestas Ignalina \u2013\u00a07 km. Saugi ir draugi\u0161ka kaimynyst\u0117.\u00a0 Kaime yra pastoviai gyvenan\u010di\u0173 \u017emoni\u0173. Yra galimyb\u0117 i\u0161sikasti k\u016bdras. Sklypai ribojasi su Ruk\u0161i\u0161k\u0117s mi\u0161ku. Iki artimiausio didelio ir \u017euvingo Vajuonio e\u017eero \u2013 apie\u00a01.5 km.. Puik\u016bs sklypai J\u016bs\u0173 sodyb\u0173 projektavimui ir statybai.  Kaina:  2.1608 ha sklypo - 10 000 eur\u0173  1.9810 ha sklypo\u00a0 - 9 000 eur\u0173  1.5844 ha sklypo \u00a0-\u00a0 9 500 eur\u0173","og_url":"https:\/\/www.namude.lt\/objektas\/sodybu-statybai-trys-salia-esantys-zemes-ukio-paskirties-sklypai-ignalinos-rajone-ruksiskes-kaimo-pakrastyje-pusu-apsuptyje\/","og_site_name":"Namud\u0117","article_modified_time":"2024-03-01T12:25:19+00:00","og_image":[{"width":800,"height":464,"url":"https:\/\/www.namude.lt\/wp-content\/uploads\/2024\/01\/1-58.jpg","type":"image\/jpeg"}],"twitter_card":"summary_large_image","schema":{"@context":"https:\/\/schema.org","@graph":[{"@type":"WebPage","@id":"https:\/\/www.namude.lt\/objektas\/sodybu-statybai-trys-salia-esantys-zemes-ukio-paskirties-sklypai-ignalinos-rajone-ruksiskes-kaimo-pakrastyje-pusu-apsuptyje\/","url":"https:\/\/www.namude.lt\/objektas\/sodybu-statybai-trys-salia-esantys-zemes-ukio-paskirties-sklypai-ignalinos-rajone-ruksiskes-kaimo-pakrastyje-pusu-apsuptyje\/","name":"(SODYB\u0172 STATYBAI) TRYS \u0160ALIA ESANTYS \u017dEM\u0116S \u016aKIO PASKIRTIES SKLYPAI IGNALINOS RAJONE, RUK\u0160I\u0160K\u0116S KAIMO PAKRA\u0160TYJE, PU\u0160\u0172 APSUPTYJE - Namud\u0117","isPartOf":{"@id":"https:\/\/www.namude.lt\/#website"},"primaryImageOfPage":{"@id":"https:\/\/www.namude.lt\/objektas\/sodybu-statybai-trys-salia-esantys-zemes-ukio-paskirties-sklypai-ignalinos-rajone-ruksiskes-kaimo-pakrastyje-pusu-apsuptyje\/#primaryimage"},"image":{"@id":"https:\/\/www.namude.lt\/objektas\/sodybu-statybai-trys-salia-esantys-zemes-ukio-paskirties-sklypai-ignalinos-rajone-ruksiskes-kaimo-pakrastyje-pusu-apsuptyje\/#primaryimage"},"thumbnailUrl":"https:\/\/www.namude.lt\/wp-content\/uploads\/2024\/01\/1-58.jpg","datePublished":"2024-01-23T12:51:08+00:00","dateModified":"2024-03-01T12:25:19+00:00","breadcrumb":{"@id":"https:\/\/www.namude.lt\/objektas\/sodybu-statybai-trys-salia-esantys-zemes-ukio-paskirties-sklypai-ignalinos-rajone-ruksiskes-kaimo-pakrastyje-pusu-apsuptyje\/#breadcrumb"},"inLanguage":"en-US","potentialAction":[{"@type":"ReadAction","target":["https:\/\/www.namude.lt\/objektas\/sodybu-statybai-trys-salia-esantys-zemes-ukio-paskirties-sklypai-ignalinos-rajone-ruksiskes-kaimo-pakrastyje-pusu-apsuptyje\/"]}]},{"@type":"ImageObject","inLanguage":"en-US","@id":"https:\/\/www.namude.lt\/objektas\/sodybu-statybai-trys-salia-esantys-zemes-ukio-paskirties-sklypai-ignalinos-rajone-ruksiskes-kaimo-pakrastyje-pusu-apsuptyje\/#primaryimage","url":"https:\/\/www.namude.lt\/wp-content\/uploads\/2024\/01\/1-58.jpg","contentUrl":"https:\/\/www.namude.lt\/wp-content\/uploads\/2024\/01\/1-58.jpg","width":800,"height":464},{"@type":"BreadcrumbList","@id":"https:\/\/www.namude.lt\/objektas\/sodybu-statybai-trys-salia-esantys-zemes-ukio-paskirties-sklypai-ignalinos-rajone-ruksiskes-kaimo-pakrastyje-pusu-apsuptyje\/#breadcrumb","itemListElement":[{"@type":"ListItem","position":1,"name":"Home","item":"https:\/\/www.namude.lt\/en\/"},{"@type":"ListItem","position":2,"name":"Real estate","item":"https:\/\/www.namude.lt\/en\/real-estate\/"},{"@type":"ListItem","position":3,"name":"(SODYB\u0172 STATYBAI) TRYS \u0160ALIA ESANTYS \u017dEM\u0116S \u016aKIO PASKIRTIES SKLYPAI IGNALINOS RAJONE, RUK\u0160I\u0160K\u0116S KAIMO PAKRA\u0160TYJE, PU\u0160\u0172 APSUPTYJE"}]},{"@type":"WebSite","@id":"https:\/\/www.namude.lt\/#website","url":"https:\/\/www.namude.lt\/","name":"Namud\u0117","description":"\u201eNamud\u0117\u201c \u2013 agent\u016bra, pardavin\u0117janti Auk\u0161taitijos NT grynuolius.","publisher":{"@id":"https:\/\/www.namude.lt\/#organization"},"potentialAction":[{"@type":"SearchAction","target":{"@type":"EntryPoint","urlTemplate":"https:\/\/www.namude.lt\/?s={search_term_string}"},"query-input":{"@type":"PropertyValueSpecification","valueRequired":true,"valueName":"search_term_string"}}],"inLanguage":"en-US"},{"@type":"Organization","@id":"https:\/\/www.namude.lt\/#organization","name":"Namud\u0117","url":"https:\/\/www.namude.lt\/","logo":{"@type":"ImageObject","inLanguage":"en-US","@id":"https:\/\/www.namude.lt\/#\/schema\/logo\/image\/","url":"https:\/\/www.namude.lt\/wp-content\/uploads\/2023\/11\/logo-symbol.svg","contentUrl":"https:\/\/www.namude.lt\/wp-content\/uploads\/2023\/11\/logo-symbol.svg","width":1,"height":1,"caption":"Namud\u0117"},"image":{"@id":"https:\/\/www.namude.lt\/#\/schema\/logo\/image\/"}}]}},"_links":{"self":[{"href":"https:\/\/www.namude.lt\/en\/wp-json\/wp\/v2\/product\/3303","targetHints":{"allow":["GET"]}}],"collection":[{"href":"https:\/\/www.namude.lt\/en\/wp-json\/wp\/v2\/product"}],"about":[{"href":"https:\/\/www.namude.lt\/en\/wp-json\/wp\/v2\/types\/product"}],"wp:featuredmedia":[{"embeddable":true,"href":"https:\/\/www.namude.lt\/en\/wp-json\/wp\/v2\/media\/3304"}],"wp:attachment":[{"href":"https:\/\/www.namude.lt\/en\/wp-json\/wp\/v2\/media?parent=3303"}],"wp:term":[{"taxonomy":"product_brand","embeddable":true,"href":"https:\/\/www.namude.lt\/en\/wp-json\/wp\/v2\/product_brand?post=3303"},{"taxonomy":"product_cat","embeddable":true,"href":"https:\/\/www.namude.lt\/en\/wp-json\/wp\/v2\/product_cat?post=3303"},{"taxonomy":"product_tag","embeddable":true,"href":"https:\/\/www.namude.lt\/en\/wp-json\/wp\/v2\/product_tag?post=3303"}],"curies":[{"name":"wp","href":"https:\/\/api.w.org\/{rel}","templated":true}]}}