{"id":3154,"date":"2024-01-23T14:31:44","date_gmt":"2024-01-23T12:31:44","guid":{"rendered":"https:\/\/www.namude.lt\/?post_type=product&#038;p=3154"},"modified":"2025-06-19T14:51:33","modified_gmt":"2025-06-19T11:51:33","slug":"27ha-zemes-sklypas-ant-latviskio-ez-kranto","status":"publish","type":"product","link":"https:\/\/www.namude.lt\/en\/object\/27ha-zemes-sklypas-ant-latviskio-ez-kranto\/","title":{"rendered":"2,7HA \u017dEM\u0116S SKLYPAS ANT LATVI\u0160KIO E\u017d. KRANTO"},"content":{"rendered":"","protected":false},"excerpt":{"rendered":"<p><strong>Parduodamas 2,70 ha \u017eem\u0117s <a href=\"https:\/\/www.namude.lt\/kategorija\/sklypai\/?filter_rajonas=zarasu-rajonas&amp;query_type_rajonas=or\">sklypas<\/a> Sart\u0173 regioniniame parke <a href=\"https:\/\/www.namude.lt\/parduodami-nt-objektai\/?filter_rajonas=zarasu-rajonas&amp;query_type_rajonas=or\">Zaras\u0173 r.<\/a>, Smilgi\u0173 k., ant Latvi\u0161kio e\u017eero kranto.<\/strong>\u00a0Priklauso net\u00a0<strong>140\u00a0<\/strong>m gra\u017eios e\u017eero pakrant\u0117s. \u00a0Vis\u0105 sklypo plot\u0105 sudaro pievos. Vieta vaizdinga, kalvota, apylink\u0117se telk\u0161o daugyb\u0117 ma\u017e\u0173 ir didesni\u0173 e\u017eer\u0117li\u0173 (Salinis, Balnys, Vykas, \u010ciaunas). Gra\u017eios sklypo apylink\u0117s: greta gausu grybing\u0173 mi\u0161k\u0173, \u0161alia \u2013 garsusis Sart\u0173 e\u017eeras ir smagus Duset\u0173 miestelis, kuriame verda aktyvus kult\u016brinis gyvenimas, tiek \u017eiem\u0105, tiek vasar\u0105 gaus\u0173 \u012fvairios veiklos. Iki sklypo priva\u017eiavimas \u017evyruotu keliu, paskutiniai\u00a0<strong>500\u00a0<\/strong>m \u2013 geru lauko keliu. Iki artimiausios elektros linijos \u2013\u00a0<strong>300\u00a0<\/strong>m. Patogus susisiekimas su miestais: iki Utenos \u2013\u00a0<strong>41\u00a0<\/strong>km, Zaras\u0173 \u2013\u00a0<strong>30\u00a0<\/strong>km, iki Vilniaus geru keliu \u2013\u00a0<strong>139\u00a0<\/strong>km. Puikus sklypas u\u017e itin patraukli\u0105 kain\u0105 j\u016bs\u0173 turiningam poilsiui \u0161alia e\u017eero.<\/p>\n<p>&nbsp;<\/p>\n<p>Sklypo koordinat\u0117s:<\/p>\n<p>Google Maps: 55\u00b045&#8217;49.7&#8243;N 25\u00b054&#8217;20.1&#8243;E<\/p>\n","protected":false},"featured_media":3155,"template":"","meta":{"_acf_changed":false},"product_brand":[],"product_cat":[24],"product_tag":[],"class_list":{"0":"post-3154","1":"product","2":"type-product","3":"status-publish","4":"has-post-thumbnail","6":"product_cat-sklypai","7":"pa_rajonas-zarasu-rajonas","8":"description-off","10":"first","11":"instock","12":"shipping-taxable","13":"purchasable","14":"product-type-simple"},"acf":[],"yoast_head":"<!-- This site is optimized with the Yoast SEO plugin v27.4 - https:\/\/yoast.com\/product\/yoast-seo-wordpress\/ -->\n<title>2,7HA \u017dEM\u0116S SKLYPAS ANT LATVI\u0160KIO E\u017d. KRANTO - Namud\u0117<\/title>\n<meta name=\"robots\" content=\"index, follow, max-snippet:-1, max-image-preview:large, max-video-preview:-1\" \/>\n<link rel=\"canonical\" href=\"https:\/\/www.namude.lt\/objektas\/27ha-zemes-sklypas-ant-latviskio-ez-kranto\/\" \/>\n<meta property=\"og:locale\" content=\"en_US\" \/>\n<meta property=\"og:type\" content=\"article\" \/>\n<meta property=\"og:title\" content=\"2,7HA \u017dEM\u0116S SKLYPAS ANT LATVI\u0160KIO E\u017d. KRANTO - Namud\u0117\" \/>\n<meta property=\"og:description\" content=\"Parduodamas 2,70 ha \u017eem\u0117s sklypas Sart\u0173 regioniniame parke Zaras\u0173 r., Smilgi\u0173 k., ant Latvi\u0161kio e\u017eero kranto.\u00a0Priklauso net\u00a0140\u00a0m gra\u017eios e\u017eero pakrant\u0117s. \u00a0Vis\u0105 sklypo plot\u0105 sudaro pievos. Vieta vaizdinga, kalvota, apylink\u0117se telk\u0161o daugyb\u0117 ma\u017e\u0173 ir didesni\u0173 e\u017eer\u0117li\u0173 (Salinis, Balnys, Vykas, \u010ciaunas). Gra\u017eios sklypo apylink\u0117s: greta gausu grybing\u0173 mi\u0161k\u0173, \u0161alia \u2013 garsusis Sart\u0173 e\u017eeras ir smagus Duset\u0173 miestelis, kuriame verda aktyvus kult\u016brinis gyvenimas, tiek \u017eiem\u0105, tiek vasar\u0105 gaus\u0173 \u012fvairios veiklos. Iki sklypo priva\u017eiavimas \u017evyruotu keliu, paskutiniai\u00a0500\u00a0m \u2013 geru lauko keliu. Iki artimiausios elektros linijos \u2013\u00a0300\u00a0m. Patogus susisiekimas su miestais: iki Utenos \u2013\u00a041\u00a0km, Zaras\u0173 \u2013\u00a030\u00a0km, iki Vilniaus geru keliu \u2013\u00a0139\u00a0km. Puikus sklypas u\u017e itin patraukli\u0105 kain\u0105 j\u016bs\u0173 turiningam poilsiui \u0161alia e\u017eero.  &nbsp;  Sklypo koordinat\u0117s:  Google Maps: 55\u00b045&#039;49.7&quot;N 25\u00b054&#039;20.1&quot;E\" \/>\n<meta property=\"og:url\" content=\"https:\/\/www.namude.lt\/objektas\/27ha-zemes-sklypas-ant-latviskio-ez-kranto\/\" \/>\n<meta property=\"og:site_name\" content=\"Namud\u0117\" \/>\n<meta property=\"article:modified_time\" content=\"2025-06-19T11:51:33+00:00\" \/>\n<meta property=\"og:image\" content=\"https:\/\/www.namude.lt\/wp-content\/uploads\/2024\/01\/1-54.jpg\" \/>\n\t<meta property=\"og:image:width\" content=\"840\" \/>\n\t<meta property=\"og:image:height\" content=\"560\" \/>\n\t<meta property=\"og:image:type\" content=\"image\/jpeg\" \/>\n<meta name=\"twitter:card\" content=\"summary_large_image\" \/>\n<script type=\"application\/ld+json\" class=\"yoast-schema-graph\">{\"@context\":\"https:\\\/\\\/schema.org\",\"@graph\":[{\"@type\":\"WebPage\",\"@id\":\"https:\\\/\\\/www.namude.lt\\\/objektas\\\/27ha-zemes-sklypas-ant-latviskio-ez-kranto\\\/\",\"url\":\"https:\\\/\\\/www.namude.lt\\\/objektas\\\/27ha-zemes-sklypas-ant-latviskio-ez-kranto\\\/\",\"name\":\"2,7HA \u017dEM\u0116S SKLYPAS ANT LATVI\u0160KIO E\u017d. KRANTO - Namud\u0117\",\"isPartOf\":{\"@id\":\"https:\\\/\\\/www.namude.lt\\\/#website\"},\"primaryImageOfPage\":{\"@id\":\"https:\\\/\\\/www.namude.lt\\\/objektas\\\/27ha-zemes-sklypas-ant-latviskio-ez-kranto\\\/#primaryimage\"},\"image\":{\"@id\":\"https:\\\/\\\/www.namude.lt\\\/objektas\\\/27ha-zemes-sklypas-ant-latviskio-ez-kranto\\\/#primaryimage\"},\"thumbnailUrl\":\"https:\\\/\\\/www.namude.lt\\\/wp-content\\\/uploads\\\/2024\\\/01\\\/1-54.jpg\",\"datePublished\":\"2024-01-23T12:31:44+00:00\",\"dateModified\":\"2025-06-19T11:51:33+00:00\",\"breadcrumb\":{\"@id\":\"https:\\\/\\\/www.namude.lt\\\/objektas\\\/27ha-zemes-sklypas-ant-latviskio-ez-kranto\\\/#breadcrumb\"},\"inLanguage\":\"en-US\",\"potentialAction\":[{\"@type\":\"ReadAction\",\"target\":[\"https:\\\/\\\/www.namude.lt\\\/objektas\\\/27ha-zemes-sklypas-ant-latviskio-ez-kranto\\\/\"]}]},{\"@type\":\"ImageObject\",\"inLanguage\":\"en-US\",\"@id\":\"https:\\\/\\\/www.namude.lt\\\/objektas\\\/27ha-zemes-sklypas-ant-latviskio-ez-kranto\\\/#primaryimage\",\"url\":\"https:\\\/\\\/www.namude.lt\\\/wp-content\\\/uploads\\\/2024\\\/01\\\/1-54.jpg\",\"contentUrl\":\"https:\\\/\\\/www.namude.lt\\\/wp-content\\\/uploads\\\/2024\\\/01\\\/1-54.jpg\",\"width\":840,\"height\":560,\"caption\":\"default\"},{\"@type\":\"BreadcrumbList\",\"@id\":\"https:\\\/\\\/www.namude.lt\\\/objektas\\\/27ha-zemes-sklypas-ant-latviskio-ez-kranto\\\/#breadcrumb\",\"itemListElement\":[{\"@type\":\"ListItem\",\"position\":1,\"name\":\"Home\",\"item\":\"https:\\\/\\\/www.namude.lt\\\/en\\\/\"},{\"@type\":\"ListItem\",\"position\":2,\"name\":\"Real estate\",\"item\":\"https:\\\/\\\/www.namude.lt\\\/en\\\/real-estate\\\/\"},{\"@type\":\"ListItem\",\"position\":3,\"name\":\"2,7HA \u017dEM\u0116S SKLYPAS ANT LATVI\u0160KIO E\u017d. KRANTO\"}]},{\"@type\":\"WebSite\",\"@id\":\"https:\\\/\\\/www.namude.lt\\\/#website\",\"url\":\"https:\\\/\\\/www.namude.lt\\\/\",\"name\":\"Namud\u0117\",\"description\":\"\u201eNamud\u0117\u201c \u2013 agent\u016bra, pardavin\u0117janti Auk\u0161taitijos NT grynuolius.\",\"publisher\":{\"@id\":\"https:\\\/\\\/www.namude.lt\\\/#organization\"},\"potentialAction\":[{\"@type\":\"SearchAction\",\"target\":{\"@type\":\"EntryPoint\",\"urlTemplate\":\"https:\\\/\\\/www.namude.lt\\\/?s={search_term_string}\"},\"query-input\":{\"@type\":\"PropertyValueSpecification\",\"valueRequired\":true,\"valueName\":\"search_term_string\"}}],\"inLanguage\":\"en-US\"},{\"@type\":\"Organization\",\"@id\":\"https:\\\/\\\/www.namude.lt\\\/#organization\",\"name\":\"Namud\u0117\",\"url\":\"https:\\\/\\\/www.namude.lt\\\/\",\"logo\":{\"@type\":\"ImageObject\",\"inLanguage\":\"en-US\",\"@id\":\"https:\\\/\\\/www.namude.lt\\\/#\\\/schema\\\/logo\\\/image\\\/\",\"url\":\"https:\\\/\\\/www.namude.lt\\\/wp-content\\\/uploads\\\/2023\\\/11\\\/logo-symbol.svg\",\"contentUrl\":\"https:\\\/\\\/www.namude.lt\\\/wp-content\\\/uploads\\\/2023\\\/11\\\/logo-symbol.svg\",\"width\":1,\"height\":1,\"caption\":\"Namud\u0117\"},\"image\":{\"@id\":\"https:\\\/\\\/www.namude.lt\\\/#\\\/schema\\\/logo\\\/image\\\/\"}}]}<\/script>\n<!-- \/ Yoast SEO plugin. -->","yoast_head_json":{"title":"2,7HA \u017dEM\u0116S SKLYPAS ANT LATVI\u0160KIO E\u017d. KRANTO - Namud\u0117","robots":{"index":"index","follow":"follow","max-snippet":"max-snippet:-1","max-image-preview":"max-image-preview:large","max-video-preview":"max-video-preview:-1"},"canonical":"https:\/\/www.namude.lt\/objektas\/27ha-zemes-sklypas-ant-latviskio-ez-kranto\/","og_locale":"en_US","og_type":"article","og_title":"2,7HA \u017dEM\u0116S SKLYPAS ANT LATVI\u0160KIO E\u017d. KRANTO - Namud\u0117","og_description":"Parduodamas 2,70 ha \u017eem\u0117s sklypas Sart\u0173 regioniniame parke Zaras\u0173 r., Smilgi\u0173 k., ant Latvi\u0161kio e\u017eero kranto.\u00a0Priklauso net\u00a0140\u00a0m gra\u017eios e\u017eero pakrant\u0117s. \u00a0Vis\u0105 sklypo plot\u0105 sudaro pievos. Vieta vaizdinga, kalvota, apylink\u0117se telk\u0161o daugyb\u0117 ma\u017e\u0173 ir didesni\u0173 e\u017eer\u0117li\u0173 (Salinis, Balnys, Vykas, \u010ciaunas). Gra\u017eios sklypo apylink\u0117s: greta gausu grybing\u0173 mi\u0161k\u0173, \u0161alia \u2013 garsusis Sart\u0173 e\u017eeras ir smagus Duset\u0173 miestelis, kuriame verda aktyvus kult\u016brinis gyvenimas, tiek \u017eiem\u0105, tiek vasar\u0105 gaus\u0173 \u012fvairios veiklos. Iki sklypo priva\u017eiavimas \u017evyruotu keliu, paskutiniai\u00a0500\u00a0m \u2013 geru lauko keliu. Iki artimiausios elektros linijos \u2013\u00a0300\u00a0m. Patogus susisiekimas su miestais: iki Utenos \u2013\u00a041\u00a0km, Zaras\u0173 \u2013\u00a030\u00a0km, iki Vilniaus geru keliu \u2013\u00a0139\u00a0km. Puikus sklypas u\u017e itin patraukli\u0105 kain\u0105 j\u016bs\u0173 turiningam poilsiui \u0161alia e\u017eero.  &nbsp;  Sklypo koordinat\u0117s:  Google Maps: 55\u00b045'49.7\"N 25\u00b054'20.1\"E","og_url":"https:\/\/www.namude.lt\/objektas\/27ha-zemes-sklypas-ant-latviskio-ez-kranto\/","og_site_name":"Namud\u0117","article_modified_time":"2025-06-19T11:51:33+00:00","og_image":[{"width":840,"height":560,"url":"https:\/\/www.namude.lt\/wp-content\/uploads\/2024\/01\/1-54.jpg","type":"image\/jpeg"}],"twitter_card":"summary_large_image","schema":{"@context":"https:\/\/schema.org","@graph":[{"@type":"WebPage","@id":"https:\/\/www.namude.lt\/objektas\/27ha-zemes-sklypas-ant-latviskio-ez-kranto\/","url":"https:\/\/www.namude.lt\/objektas\/27ha-zemes-sklypas-ant-latviskio-ez-kranto\/","name":"2,7HA \u017dEM\u0116S SKLYPAS ANT LATVI\u0160KIO E\u017d. KRANTO - Namud\u0117","isPartOf":{"@id":"https:\/\/www.namude.lt\/#website"},"primaryImageOfPage":{"@id":"https:\/\/www.namude.lt\/objektas\/27ha-zemes-sklypas-ant-latviskio-ez-kranto\/#primaryimage"},"image":{"@id":"https:\/\/www.namude.lt\/objektas\/27ha-zemes-sklypas-ant-latviskio-ez-kranto\/#primaryimage"},"thumbnailUrl":"https:\/\/www.namude.lt\/wp-content\/uploads\/2024\/01\/1-54.jpg","datePublished":"2024-01-23T12:31:44+00:00","dateModified":"2025-06-19T11:51:33+00:00","breadcrumb":{"@id":"https:\/\/www.namude.lt\/objektas\/27ha-zemes-sklypas-ant-latviskio-ez-kranto\/#breadcrumb"},"inLanguage":"en-US","potentialAction":[{"@type":"ReadAction","target":["https:\/\/www.namude.lt\/objektas\/27ha-zemes-sklypas-ant-latviskio-ez-kranto\/"]}]},{"@type":"ImageObject","inLanguage":"en-US","@id":"https:\/\/www.namude.lt\/objektas\/27ha-zemes-sklypas-ant-latviskio-ez-kranto\/#primaryimage","url":"https:\/\/www.namude.lt\/wp-content\/uploads\/2024\/01\/1-54.jpg","contentUrl":"https:\/\/www.namude.lt\/wp-content\/uploads\/2024\/01\/1-54.jpg","width":840,"height":560,"caption":"default"},{"@type":"BreadcrumbList","@id":"https:\/\/www.namude.lt\/objektas\/27ha-zemes-sklypas-ant-latviskio-ez-kranto\/#breadcrumb","itemListElement":[{"@type":"ListItem","position":1,"name":"Home","item":"https:\/\/www.namude.lt\/en\/"},{"@type":"ListItem","position":2,"name":"Real estate","item":"https:\/\/www.namude.lt\/en\/real-estate\/"},{"@type":"ListItem","position":3,"name":"2,7HA \u017dEM\u0116S SKLYPAS ANT LATVI\u0160KIO E\u017d. KRANTO"}]},{"@type":"WebSite","@id":"https:\/\/www.namude.lt\/#website","url":"https:\/\/www.namude.lt\/","name":"Namud\u0117","description":"\u201eNamud\u0117\u201c \u2013 agent\u016bra, pardavin\u0117janti Auk\u0161taitijos NT grynuolius.","publisher":{"@id":"https:\/\/www.namude.lt\/#organization"},"potentialAction":[{"@type":"SearchAction","target":{"@type":"EntryPoint","urlTemplate":"https:\/\/www.namude.lt\/?s={search_term_string}"},"query-input":{"@type":"PropertyValueSpecification","valueRequired":true,"valueName":"search_term_string"}}],"inLanguage":"en-US"},{"@type":"Organization","@id":"https:\/\/www.namude.lt\/#organization","name":"Namud\u0117","url":"https:\/\/www.namude.lt\/","logo":{"@type":"ImageObject","inLanguage":"en-US","@id":"https:\/\/www.namude.lt\/#\/schema\/logo\/image\/","url":"https:\/\/www.namude.lt\/wp-content\/uploads\/2023\/11\/logo-symbol.svg","contentUrl":"https:\/\/www.namude.lt\/wp-content\/uploads\/2023\/11\/logo-symbol.svg","width":1,"height":1,"caption":"Namud\u0117"},"image":{"@id":"https:\/\/www.namude.lt\/#\/schema\/logo\/image\/"}}]}},"_links":{"self":[{"href":"https:\/\/www.namude.lt\/en\/wp-json\/wp\/v2\/product\/3154","targetHints":{"allow":["GET"]}}],"collection":[{"href":"https:\/\/www.namude.lt\/en\/wp-json\/wp\/v2\/product"}],"about":[{"href":"https:\/\/www.namude.lt\/en\/wp-json\/wp\/v2\/types\/product"}],"wp:featuredmedia":[{"embeddable":true,"href":"https:\/\/www.namude.lt\/en\/wp-json\/wp\/v2\/media\/3155"}],"wp:attachment":[{"href":"https:\/\/www.namude.lt\/en\/wp-json\/wp\/v2\/media?parent=3154"}],"wp:term":[{"taxonomy":"product_brand","embeddable":true,"href":"https:\/\/www.namude.lt\/en\/wp-json\/wp\/v2\/product_brand?post=3154"},{"taxonomy":"product_cat","embeddable":true,"href":"https:\/\/www.namude.lt\/en\/wp-json\/wp\/v2\/product_cat?post=3154"},{"taxonomy":"product_tag","embeddable":true,"href":"https:\/\/www.namude.lt\/en\/wp-json\/wp\/v2\/product_tag?post=3154"}],"curies":[{"name":"wp","href":"https:\/\/api.w.org\/{rel}","templated":true}]}}