{"id":3100,"date":"2024-01-23T11:20:35","date_gmt":"2024-01-23T09:20:35","guid":{"rendered":"https:\/\/www.namude.lt\/?post_type=product&#038;p=3100"},"modified":"2026-03-27T10:40:40","modified_gmt":"2026-03-27T08:40:40","slug":"44-ha-zemes-ukio-paskirties-sklypas-ant-milasaicio-ezero-kranto-ignalinos-r","status":"publish","type":"product","link":"https:\/\/www.namude.lt\/en\/object\/44-ha-zemes-ukio-paskirties-sklypas-ant-milasaicio-ezero-kranto-ignalinos-r\/","title":{"rendered":"Parduodamas 4,40 ha \u017eem\u0117s \u016bkio paskirties sklypas ant Mila\u0161ai\u010dio e\u017eero kranto Ignalinos rajone."},"content":{"rendered":"","protected":false},"excerpt":{"rendered":"<p><strong>Parduodamas 4,40 ha \u017eem\u0117s \u016bkio paskirties sklypas ant Mila\u0161ai\u010dio e\u017eero kranto Ignalinos rajone.<\/strong><a href=\"https:\/\/www.namude.lt\/kategorija\/sklypai\/?filter_rajonas=ignalinos-rajonas&amp;query_type_rajonas=or\"><\/a> Sklypas 120 m ribojasi su Mila\u0161ai\u010dio e\u017eeru. Kita sklypo pus\u0117 100 m ribojasi su Mila\u0161ai\u010dio upeliu. Dalyje sklypo yra mi\u0161ko. Lygus sklypo pavir\u0161ius. Sklypo forma sta\u010diakamp\u0117, tad jame patogu parinkti viet\u0105 naujiems statiniams. Vietov\u0119 supa Mila\u0161iaus mi\u0161kas. Artimiausia maisto preki\u0173 parduotuv\u0117 Mielag\u0117nuose, apie 4 km.  Artimiausi miestai \u2013 Ignalina (apie 29 km) ir \u0160ven\u010dionys (apie 24 km). Iki Vilniaus apie 109 km. Iki artimiausio prie Mila\u0161ai\u010dio e\u017eero \u012frengto plia\u017eo apie 250 m. Netoliese, apie 3 km, randasi did\u017eiausias Ignalinos rajono kult\u016bros \u017eidinys \u2013 Paliesiaus dvaras, kuriame vyksta garsi\u0173 atlik\u0117j\u0173 koncertai. Taip pat ten yra kavin\u0117, kepykl\u0117l\u0117, pa\u017eintinis takas ir t.t. Gera tur\u0117ti sodyb\u0105 gamtos ramumos apsuptyje.<\/p>\n","protected":false},"featured_media":17211,"template":"","meta":{"_acf_changed":false},"product_brand":[],"product_cat":[75],"product_tag":[],"class_list":{"0":"post-3100","1":"product","2":"type-product","3":"status-publish","4":"has-post-thumbnail","6":"product_cat-parduota","7":"description-off","9":"first","10":"instock","11":"shipping-taxable","12":"purchasable","13":"product-type-simple"},"acf":[],"yoast_head":"<!-- This site is optimized with the Yoast SEO plugin v27.0 - https:\/\/yoast.com\/product\/yoast-seo-wordpress\/ -->\n<title>Parduodamas 4,40 ha \u017eem\u0117s \u016bkio paskirties sklypas ant Mila\u0161ai\u010dio e\u017eero kranto Ignalinos rajone. - Namud\u0117<\/title>\n<meta name=\"robots\" content=\"index, follow, max-snippet:-1, max-image-preview:large, max-video-preview:-1\" \/>\n<link rel=\"canonical\" href=\"https:\/\/www.namude.lt\/objektas\/44-ha-zemes-ukio-paskirties-sklypas-ant-milasaicio-ezero-kranto-ignalinos-r\/\" \/>\n<meta property=\"og:locale\" content=\"en_US\" \/>\n<meta property=\"og:type\" content=\"article\" \/>\n<meta property=\"og:title\" content=\"Parduodamas 4,40 ha \u017eem\u0117s \u016bkio paskirties sklypas ant Mila\u0161ai\u010dio e\u017eero kranto Ignalinos rajone. - Namud\u0117\" \/>\n<meta property=\"og:description\" content=\"Parduodamas 4,40 ha \u017eem\u0117s \u016bkio paskirties sklypas ant Mila\u0161ai\u010dio e\u017eero kranto Ignalinos rajone. Sklypas 120 m ribojasi su Mila\u0161ai\u010dio e\u017eeru. Kita sklypo pus\u0117 100 m ribojasi su Mila\u0161ai\u010dio upeliu. Dalyje sklypo yra mi\u0161ko. Lygus sklypo pavir\u0161ius. Sklypo forma sta\u010diakamp\u0117, tad jame patogu parinkti viet\u0105 naujiems statiniams. Vietov\u0119 supa Mila\u0161iaus mi\u0161kas. Artimiausia maisto preki\u0173 parduotuv\u0117 Mielag\u0117nuose, apie 4 km. Artimiausi miestai \u2013 Ignalina (apie 29 km) ir \u0160ven\u010dionys (apie 24 km). Iki Vilniaus apie 109 km. Iki artimiausio prie Mila\u0161ai\u010dio e\u017eero \u012frengto plia\u017eo apie 250 m. Netoliese, apie 3 km, randasi did\u017eiausias Ignalinos rajono kult\u016bros \u017eidinys \u2013 Paliesiaus dvaras, kuriame vyksta garsi\u0173 atlik\u0117j\u0173 koncertai. Taip pat ten yra kavin\u0117, kepykl\u0117l\u0117, pa\u017eintinis takas ir t.t. Gera tur\u0117ti sodyb\u0105 gamtos ramumos apsuptyje.\" \/>\n<meta property=\"og:url\" content=\"https:\/\/www.namude.lt\/objektas\/44-ha-zemes-ukio-paskirties-sklypas-ant-milasaicio-ezero-kranto-ignalinos-r\/\" \/>\n<meta property=\"og:site_name\" content=\"Namud\u0117\" \/>\n<meta property=\"article:modified_time\" content=\"2026-03-27T08:40:40+00:00\" \/>\n<meta property=\"og:image\" content=\"https:\/\/www.namude.lt\/wp-content\/uploads\/2024\/01\/1-129.jpg\" \/>\n\t<meta property=\"og:image:width\" content=\"800\" \/>\n\t<meta property=\"og:image:height\" content=\"600\" \/>\n\t<meta property=\"og:image:type\" content=\"image\/jpeg\" \/>\n<meta name=\"twitter:card\" content=\"summary_large_image\" \/>\n<script type=\"application\/ld+json\" class=\"yoast-schema-graph\">{\"@context\":\"https:\/\/schema.org\",\"@graph\":[{\"@type\":\"WebPage\",\"@id\":\"https:\/\/www.namude.lt\/objektas\/44-ha-zemes-ukio-paskirties-sklypas-ant-milasaicio-ezero-kranto-ignalinos-r\/\",\"url\":\"https:\/\/www.namude.lt\/objektas\/44-ha-zemes-ukio-paskirties-sklypas-ant-milasaicio-ezero-kranto-ignalinos-r\/\",\"name\":\"Parduodamas 4,40 ha \u017eem\u0117s \u016bkio paskirties sklypas ant Mila\u0161ai\u010dio e\u017eero kranto Ignalinos rajone. - Namud\u0117\",\"isPartOf\":{\"@id\":\"https:\/\/www.namude.lt\/#website\"},\"primaryImageOfPage\":{\"@id\":\"https:\/\/www.namude.lt\/objektas\/44-ha-zemes-ukio-paskirties-sklypas-ant-milasaicio-ezero-kranto-ignalinos-r\/#primaryimage\"},\"image\":{\"@id\":\"https:\/\/www.namude.lt\/objektas\/44-ha-zemes-ukio-paskirties-sklypas-ant-milasaicio-ezero-kranto-ignalinos-r\/#primaryimage\"},\"thumbnailUrl\":\"https:\/\/www.namude.lt\/wp-content\/uploads\/2024\/01\/1-129.jpg\",\"datePublished\":\"2024-01-23T09:20:35+00:00\",\"dateModified\":\"2026-03-27T08:40:40+00:00\",\"breadcrumb\":{\"@id\":\"https:\/\/www.namude.lt\/objektas\/44-ha-zemes-ukio-paskirties-sklypas-ant-milasaicio-ezero-kranto-ignalinos-r\/#breadcrumb\"},\"inLanguage\":\"en-US\",\"potentialAction\":[{\"@type\":\"ReadAction\",\"target\":[\"https:\/\/www.namude.lt\/objektas\/44-ha-zemes-ukio-paskirties-sklypas-ant-milasaicio-ezero-kranto-ignalinos-r\/\"]}]},{\"@type\":\"ImageObject\",\"inLanguage\":\"en-US\",\"@id\":\"https:\/\/www.namude.lt\/objektas\/44-ha-zemes-ukio-paskirties-sklypas-ant-milasaicio-ezero-kranto-ignalinos-r\/#primaryimage\",\"url\":\"https:\/\/www.namude.lt\/wp-content\/uploads\/2024\/01\/1-129.jpg\",\"contentUrl\":\"https:\/\/www.namude.lt\/wp-content\/uploads\/2024\/01\/1-129.jpg\",\"width\":800,\"height\":600},{\"@type\":\"BreadcrumbList\",\"@id\":\"https:\/\/www.namude.lt\/objektas\/44-ha-zemes-ukio-paskirties-sklypas-ant-milasaicio-ezero-kranto-ignalinos-r\/#breadcrumb\",\"itemListElement\":[{\"@type\":\"ListItem\",\"position\":1,\"name\":\"Home\",\"item\":\"https:\/\/www.namude.lt\/en\/\"},{\"@type\":\"ListItem\",\"position\":2,\"name\":\"Real estate\",\"item\":\"https:\/\/www.namude.lt\/en\/real-estate\/\"},{\"@type\":\"ListItem\",\"position\":3,\"name\":\"Parduodamas 4,40 ha \u017eem\u0117s \u016bkio paskirties sklypas ant Mila\u0161ai\u010dio e\u017eero kranto Ignalinos rajone.\"}]},{\"@type\":\"WebSite\",\"@id\":\"https:\/\/www.namude.lt\/#website\",\"url\":\"https:\/\/www.namude.lt\/\",\"name\":\"Namud\u0117\",\"description\":\"\u201eNamud\u0117\u201c \u2013 agent\u016bra, pardavin\u0117janti Auk\u0161taitijos NT grynuolius.\",\"publisher\":{\"@id\":\"https:\/\/www.namude.lt\/#organization\"},\"potentialAction\":[{\"@type\":\"SearchAction\",\"target\":{\"@type\":\"EntryPoint\",\"urlTemplate\":\"https:\/\/www.namude.lt\/?s={search_term_string}\"},\"query-input\":{\"@type\":\"PropertyValueSpecification\",\"valueRequired\":true,\"valueName\":\"search_term_string\"}}],\"inLanguage\":\"en-US\"},{\"@type\":\"Organization\",\"@id\":\"https:\/\/www.namude.lt\/#organization\",\"name\":\"Namud\u0117\",\"url\":\"https:\/\/www.namude.lt\/\",\"logo\":{\"@type\":\"ImageObject\",\"inLanguage\":\"en-US\",\"@id\":\"https:\/\/www.namude.lt\/#\/schema\/logo\/image\/\",\"url\":\"https:\/\/www.namude.lt\/wp-content\/uploads\/2023\/11\/logo-symbol.svg\",\"contentUrl\":\"https:\/\/www.namude.lt\/wp-content\/uploads\/2023\/11\/logo-symbol.svg\",\"width\":1,\"height\":1,\"caption\":\"Namud\u0117\"},\"image\":{\"@id\":\"https:\/\/www.namude.lt\/#\/schema\/logo\/image\/\"}}]}<\/script>\n<!-- \/ Yoast SEO plugin. -->","yoast_head_json":{"title":"Parduodamas 4,40 ha \u017eem\u0117s \u016bkio paskirties sklypas ant Mila\u0161ai\u010dio e\u017eero kranto Ignalinos rajone. - Namud\u0117","robots":{"index":"index","follow":"follow","max-snippet":"max-snippet:-1","max-image-preview":"max-image-preview:large","max-video-preview":"max-video-preview:-1"},"canonical":"https:\/\/www.namude.lt\/objektas\/44-ha-zemes-ukio-paskirties-sklypas-ant-milasaicio-ezero-kranto-ignalinos-r\/","og_locale":"en_US","og_type":"article","og_title":"Parduodamas 4,40 ha \u017eem\u0117s \u016bkio paskirties sklypas ant Mila\u0161ai\u010dio e\u017eero kranto Ignalinos rajone. - Namud\u0117","og_description":"Parduodamas 4,40 ha \u017eem\u0117s \u016bkio paskirties sklypas ant Mila\u0161ai\u010dio e\u017eero kranto Ignalinos rajone. Sklypas 120 m ribojasi su Mila\u0161ai\u010dio e\u017eeru. Kita sklypo pus\u0117 100 m ribojasi su Mila\u0161ai\u010dio upeliu. Dalyje sklypo yra mi\u0161ko. Lygus sklypo pavir\u0161ius. Sklypo forma sta\u010diakamp\u0117, tad jame patogu parinkti viet\u0105 naujiems statiniams. Vietov\u0119 supa Mila\u0161iaus mi\u0161kas. Artimiausia maisto preki\u0173 parduotuv\u0117 Mielag\u0117nuose, apie 4 km. Artimiausi miestai \u2013 Ignalina (apie 29 km) ir \u0160ven\u010dionys (apie 24 km). Iki Vilniaus apie 109 km. Iki artimiausio prie Mila\u0161ai\u010dio e\u017eero \u012frengto plia\u017eo apie 250 m. Netoliese, apie 3 km, randasi did\u017eiausias Ignalinos rajono kult\u016bros \u017eidinys \u2013 Paliesiaus dvaras, kuriame vyksta garsi\u0173 atlik\u0117j\u0173 koncertai. Taip pat ten yra kavin\u0117, kepykl\u0117l\u0117, pa\u017eintinis takas ir t.t. Gera tur\u0117ti sodyb\u0105 gamtos ramumos apsuptyje.","og_url":"https:\/\/www.namude.lt\/objektas\/44-ha-zemes-ukio-paskirties-sklypas-ant-milasaicio-ezero-kranto-ignalinos-r\/","og_site_name":"Namud\u0117","article_modified_time":"2026-03-27T08:40:40+00:00","og_image":[{"width":800,"height":600,"url":"https:\/\/www.namude.lt\/wp-content\/uploads\/2024\/01\/1-129.jpg","type":"image\/jpeg"}],"twitter_card":"summary_large_image","schema":{"@context":"https:\/\/schema.org","@graph":[{"@type":"WebPage","@id":"https:\/\/www.namude.lt\/objektas\/44-ha-zemes-ukio-paskirties-sklypas-ant-milasaicio-ezero-kranto-ignalinos-r\/","url":"https:\/\/www.namude.lt\/objektas\/44-ha-zemes-ukio-paskirties-sklypas-ant-milasaicio-ezero-kranto-ignalinos-r\/","name":"Parduodamas 4,40 ha \u017eem\u0117s \u016bkio paskirties sklypas ant Mila\u0161ai\u010dio e\u017eero kranto Ignalinos rajone. - Namud\u0117","isPartOf":{"@id":"https:\/\/www.namude.lt\/#website"},"primaryImageOfPage":{"@id":"https:\/\/www.namude.lt\/objektas\/44-ha-zemes-ukio-paskirties-sklypas-ant-milasaicio-ezero-kranto-ignalinos-r\/#primaryimage"},"image":{"@id":"https:\/\/www.namude.lt\/objektas\/44-ha-zemes-ukio-paskirties-sklypas-ant-milasaicio-ezero-kranto-ignalinos-r\/#primaryimage"},"thumbnailUrl":"https:\/\/www.namude.lt\/wp-content\/uploads\/2024\/01\/1-129.jpg","datePublished":"2024-01-23T09:20:35+00:00","dateModified":"2026-03-27T08:40:40+00:00","breadcrumb":{"@id":"https:\/\/www.namude.lt\/objektas\/44-ha-zemes-ukio-paskirties-sklypas-ant-milasaicio-ezero-kranto-ignalinos-r\/#breadcrumb"},"inLanguage":"en-US","potentialAction":[{"@type":"ReadAction","target":["https:\/\/www.namude.lt\/objektas\/44-ha-zemes-ukio-paskirties-sklypas-ant-milasaicio-ezero-kranto-ignalinos-r\/"]}]},{"@type":"ImageObject","inLanguage":"en-US","@id":"https:\/\/www.namude.lt\/objektas\/44-ha-zemes-ukio-paskirties-sklypas-ant-milasaicio-ezero-kranto-ignalinos-r\/#primaryimage","url":"https:\/\/www.namude.lt\/wp-content\/uploads\/2024\/01\/1-129.jpg","contentUrl":"https:\/\/www.namude.lt\/wp-content\/uploads\/2024\/01\/1-129.jpg","width":800,"height":600},{"@type":"BreadcrumbList","@id":"https:\/\/www.namude.lt\/objektas\/44-ha-zemes-ukio-paskirties-sklypas-ant-milasaicio-ezero-kranto-ignalinos-r\/#breadcrumb","itemListElement":[{"@type":"ListItem","position":1,"name":"Home","item":"https:\/\/www.namude.lt\/en\/"},{"@type":"ListItem","position":2,"name":"Real estate","item":"https:\/\/www.namude.lt\/en\/real-estate\/"},{"@type":"ListItem","position":3,"name":"Parduodamas 4,40 ha \u017eem\u0117s \u016bkio paskirties sklypas ant Mila\u0161ai\u010dio e\u017eero kranto Ignalinos rajone."}]},{"@type":"WebSite","@id":"https:\/\/www.namude.lt\/#website","url":"https:\/\/www.namude.lt\/","name":"Namud\u0117","description":"\u201eNamud\u0117\u201c \u2013 agent\u016bra, pardavin\u0117janti Auk\u0161taitijos NT grynuolius.","publisher":{"@id":"https:\/\/www.namude.lt\/#organization"},"potentialAction":[{"@type":"SearchAction","target":{"@type":"EntryPoint","urlTemplate":"https:\/\/www.namude.lt\/?s={search_term_string}"},"query-input":{"@type":"PropertyValueSpecification","valueRequired":true,"valueName":"search_term_string"}}],"inLanguage":"en-US"},{"@type":"Organization","@id":"https:\/\/www.namude.lt\/#organization","name":"Namud\u0117","url":"https:\/\/www.namude.lt\/","logo":{"@type":"ImageObject","inLanguage":"en-US","@id":"https:\/\/www.namude.lt\/#\/schema\/logo\/image\/","url":"https:\/\/www.namude.lt\/wp-content\/uploads\/2023\/11\/logo-symbol.svg","contentUrl":"https:\/\/www.namude.lt\/wp-content\/uploads\/2023\/11\/logo-symbol.svg","width":1,"height":1,"caption":"Namud\u0117"},"image":{"@id":"https:\/\/www.namude.lt\/#\/schema\/logo\/image\/"}}]}},"_links":{"self":[{"href":"https:\/\/www.namude.lt\/en\/wp-json\/wp\/v2\/product\/3100","targetHints":{"allow":["GET"]}}],"collection":[{"href":"https:\/\/www.namude.lt\/en\/wp-json\/wp\/v2\/product"}],"about":[{"href":"https:\/\/www.namude.lt\/en\/wp-json\/wp\/v2\/types\/product"}],"wp:featuredmedia":[{"embeddable":true,"href":"https:\/\/www.namude.lt\/en\/wp-json\/wp\/v2\/media\/17211"}],"wp:attachment":[{"href":"https:\/\/www.namude.lt\/en\/wp-json\/wp\/v2\/media?parent=3100"}],"wp:term":[{"taxonomy":"product_brand","embeddable":true,"href":"https:\/\/www.namude.lt\/en\/wp-json\/wp\/v2\/product_brand?post=3100"},{"taxonomy":"product_cat","embeddable":true,"href":"https:\/\/www.namude.lt\/en\/wp-json\/wp\/v2\/product_cat?post=3100"},{"taxonomy":"product_tag","embeddable":true,"href":"https:\/\/www.namude.lt\/en\/wp-json\/wp\/v2\/product_tag?post=3100"}],"curies":[{"name":"wp","href":"https:\/\/api.w.org\/{rel}","templated":true}]}}