{"id":3040,"date":"2024-01-23T11:02:29","date_gmt":"2024-01-23T09:02:29","guid":{"rendered":"https:\/\/www.namude.lt\/?post_type=product&#038;p=3040"},"modified":"2024-03-01T15:32:18","modified_gmt":"2024-03-01T13:32:18","slug":"zemes-sklypas-ant-bruzokelio-ezero-kranto-zarasu-r","status":"publish","type":"product","link":"https:\/\/www.namude.lt\/en\/object\/zemes-sklypas-ant-bruzokelio-ezero-kranto-zarasu-r\/","title":{"rendered":"\u017dEM\u0116S SKLYPAS ANT BRU\u017dOK\u0116LIO E\u017dERO KRANTO ZARAS\u0172 R."},"content":{"rendered":"","protected":false},"excerpt":{"rendered":"<p><b>\u017dem\u0117s &#8211; mi\u0161ko <a href=\"https:\/\/www.namude.lt\/kategorija\/sklypai\/?filter_rajonas=zarasu-rajonas&amp;query_type_rajonas=or\">sklypas<\/a> yra ant Bru\u017eok\u0117lio e\u017eero kranto Daneiki\u0173 k.<a href=\"https:\/\/www.namude.lt\/parduodami-nt-objektai\/?filter_rajonas=zarasu-rajonas&amp;query_type_rajonas=or\"> Zaras\u0173 r.<\/a> Gra\u017eut\u0117s regioniniame parke.\u00a0<\/b>Priklauso\u00a0<b>1,16 ha<\/b>\u00a0\u017eem\u0117s sklypas, kuris\u00a0<b>235 m<\/b>\u00a0ribojasi su Bru\u017eok\u0117lio e\u017eeru. \u0160alia pu\u0161ynas. Kalvotas apylinki\u0173 peiza\u017eas. Sklype\u00a0yra\u00a0elektros linija. Asfaltuotas priva\u017eiavimas. \u0160i vieta ypa\u010d patinka \u017evejams, nes\u00a0<strong>1 km<\/strong>\u00a0atstumu yra Uolio, Zazubro, Ju\u017einto e\u017eerai ir Antaliept\u0117s mari\u0173 tvenkinys. Vietov\u0119 supa pu\u0161ynai.<\/p>\n<p>&nbsp;<\/p>\n<p>Sklypo koordinat\u0117s:<\/p>\n<p>Google Maps: 55\u00b037&#8217;53.5&#8243;N 25\u00b058&#8217;21.8&#8243;E<\/p>\n","protected":false},"featured_media":3041,"template":"","meta":{"_acf_changed":false},"product_brand":[],"product_cat":[24],"product_tag":[],"class_list":{"0":"post-3040","1":"product","2":"type-product","3":"status-publish","4":"has-post-thumbnail","6":"product_cat-sklypai","7":"pa_rajonas-zarasu-rajonas","8":"description-off","10":"first","11":"instock","12":"shipping-taxable","13":"purchasable","14":"product-type-simple"},"acf":[],"yoast_head":"<!-- This site is optimized with the Yoast SEO plugin v27.0 - https:\/\/yoast.com\/product\/yoast-seo-wordpress\/ -->\n<title>\u017dEM\u0116S SKLYPAS ANT BRU\u017dOK\u0116LIO E\u017dERO KRANTO ZARAS\u0172 R. - Namud\u0117<\/title>\n<meta name=\"robots\" content=\"index, follow, max-snippet:-1, max-image-preview:large, max-video-preview:-1\" \/>\n<link rel=\"canonical\" href=\"https:\/\/www.namude.lt\/objektas\/zemes-sklypas-ant-bruzokelio-ezero-kranto-zarasu-r\/\" \/>\n<meta property=\"og:locale\" content=\"en_US\" \/>\n<meta property=\"og:type\" content=\"article\" \/>\n<meta property=\"og:title\" content=\"\u017dEM\u0116S SKLYPAS ANT BRU\u017dOK\u0116LIO E\u017dERO KRANTO ZARAS\u0172 R. - Namud\u0117\" \/>\n<meta property=\"og:description\" content=\"\u017dem\u0117s - mi\u0161ko sklypas yra ant Bru\u017eok\u0117lio e\u017eero kranto Daneiki\u0173 k. Zaras\u0173 r. Gra\u017eut\u0117s regioniniame parke.\u00a0Priklauso\u00a01,16 ha\u00a0\u017eem\u0117s sklypas, kuris\u00a0235 m\u00a0ribojasi su Bru\u017eok\u0117lio e\u017eeru. \u0160alia pu\u0161ynas. Kalvotas apylinki\u0173 peiza\u017eas. Sklype\u00a0yra\u00a0elektros linija. Asfaltuotas priva\u017eiavimas. \u0160i vieta ypa\u010d patinka \u017evejams, nes\u00a01 km\u00a0atstumu yra Uolio, Zazubro, Ju\u017einto e\u017eerai ir Antaliept\u0117s mari\u0173 tvenkinys. Vietov\u0119 supa pu\u0161ynai.  &nbsp;  Sklypo koordinat\u0117s:  Google Maps: 55\u00b037&#039;53.5&quot;N 25\u00b058&#039;21.8&quot;E\" \/>\n<meta property=\"og:url\" content=\"https:\/\/www.namude.lt\/objektas\/zemes-sklypas-ant-bruzokelio-ezero-kranto-zarasu-r\/\" \/>\n<meta property=\"og:site_name\" content=\"Namud\u0117\" \/>\n<meta property=\"article:modified_time\" content=\"2024-03-01T13:32:18+00:00\" \/>\n<meta property=\"og:image\" content=\"https:\/\/www.namude.lt\/wp-content\/uploads\/2024\/01\/1-51.jpg\" \/>\n\t<meta property=\"og:image:width\" content=\"800\" \/>\n\t<meta property=\"og:image:height\" content=\"533\" \/>\n\t<meta property=\"og:image:type\" content=\"image\/jpeg\" \/>\n<meta name=\"twitter:card\" content=\"summary_large_image\" \/>\n<script type=\"application\/ld+json\" class=\"yoast-schema-graph\">{\"@context\":\"https:\/\/schema.org\",\"@graph\":[{\"@type\":\"WebPage\",\"@id\":\"https:\/\/www.namude.lt\/objektas\/zemes-sklypas-ant-bruzokelio-ezero-kranto-zarasu-r\/\",\"url\":\"https:\/\/www.namude.lt\/objektas\/zemes-sklypas-ant-bruzokelio-ezero-kranto-zarasu-r\/\",\"name\":\"\u017dEM\u0116S SKLYPAS ANT BRU\u017dOK\u0116LIO E\u017dERO KRANTO ZARAS\u0172 R. - Namud\u0117\",\"isPartOf\":{\"@id\":\"https:\/\/www.namude.lt\/#website\"},\"primaryImageOfPage\":{\"@id\":\"https:\/\/www.namude.lt\/objektas\/zemes-sklypas-ant-bruzokelio-ezero-kranto-zarasu-r\/#primaryimage\"},\"image\":{\"@id\":\"https:\/\/www.namude.lt\/objektas\/zemes-sklypas-ant-bruzokelio-ezero-kranto-zarasu-r\/#primaryimage\"},\"thumbnailUrl\":\"https:\/\/www.namude.lt\/wp-content\/uploads\/2024\/01\/1-51.jpg\",\"datePublished\":\"2024-01-23T09:02:29+00:00\",\"dateModified\":\"2024-03-01T13:32:18+00:00\",\"breadcrumb\":{\"@id\":\"https:\/\/www.namude.lt\/objektas\/zemes-sklypas-ant-bruzokelio-ezero-kranto-zarasu-r\/#breadcrumb\"},\"inLanguage\":\"en-US\",\"potentialAction\":[{\"@type\":\"ReadAction\",\"target\":[\"https:\/\/www.namude.lt\/objektas\/zemes-sklypas-ant-bruzokelio-ezero-kranto-zarasu-r\/\"]}]},{\"@type\":\"ImageObject\",\"inLanguage\":\"en-US\",\"@id\":\"https:\/\/www.namude.lt\/objektas\/zemes-sklypas-ant-bruzokelio-ezero-kranto-zarasu-r\/#primaryimage\",\"url\":\"https:\/\/www.namude.lt\/wp-content\/uploads\/2024\/01\/1-51.jpg\",\"contentUrl\":\"https:\/\/www.namude.lt\/wp-content\/uploads\/2024\/01\/1-51.jpg\",\"width\":800,\"height\":533,\"caption\":\"default\"},{\"@type\":\"BreadcrumbList\",\"@id\":\"https:\/\/www.namude.lt\/objektas\/zemes-sklypas-ant-bruzokelio-ezero-kranto-zarasu-r\/#breadcrumb\",\"itemListElement\":[{\"@type\":\"ListItem\",\"position\":1,\"name\":\"Home\",\"item\":\"https:\/\/www.namude.lt\/en\/\"},{\"@type\":\"ListItem\",\"position\":2,\"name\":\"Real estate\",\"item\":\"https:\/\/www.namude.lt\/en\/real-estate\/\"},{\"@type\":\"ListItem\",\"position\":3,\"name\":\"\u017dEM\u0116S SKLYPAS ANT BRU\u017dOK\u0116LIO E\u017dERO KRANTO ZARAS\u0172 R.\"}]},{\"@type\":\"WebSite\",\"@id\":\"https:\/\/www.namude.lt\/#website\",\"url\":\"https:\/\/www.namude.lt\/\",\"name\":\"Namud\u0117\",\"description\":\"\u201eNamud\u0117\u201c \u2013 agent\u016bra, pardavin\u0117janti Auk\u0161taitijos NT grynuolius.\",\"publisher\":{\"@id\":\"https:\/\/www.namude.lt\/#organization\"},\"potentialAction\":[{\"@type\":\"SearchAction\",\"target\":{\"@type\":\"EntryPoint\",\"urlTemplate\":\"https:\/\/www.namude.lt\/?s={search_term_string}\"},\"query-input\":{\"@type\":\"PropertyValueSpecification\",\"valueRequired\":true,\"valueName\":\"search_term_string\"}}],\"inLanguage\":\"en-US\"},{\"@type\":\"Organization\",\"@id\":\"https:\/\/www.namude.lt\/#organization\",\"name\":\"Namud\u0117\",\"url\":\"https:\/\/www.namude.lt\/\",\"logo\":{\"@type\":\"ImageObject\",\"inLanguage\":\"en-US\",\"@id\":\"https:\/\/www.namude.lt\/#\/schema\/logo\/image\/\",\"url\":\"https:\/\/www.namude.lt\/wp-content\/uploads\/2023\/11\/logo-symbol.svg\",\"contentUrl\":\"https:\/\/www.namude.lt\/wp-content\/uploads\/2023\/11\/logo-symbol.svg\",\"width\":1,\"height\":1,\"caption\":\"Namud\u0117\"},\"image\":{\"@id\":\"https:\/\/www.namude.lt\/#\/schema\/logo\/image\/\"}}]}<\/script>\n<!-- \/ Yoast SEO plugin. -->","yoast_head_json":{"title":"\u017dEM\u0116S SKLYPAS ANT BRU\u017dOK\u0116LIO E\u017dERO KRANTO ZARAS\u0172 R. - Namud\u0117","robots":{"index":"index","follow":"follow","max-snippet":"max-snippet:-1","max-image-preview":"max-image-preview:large","max-video-preview":"max-video-preview:-1"},"canonical":"https:\/\/www.namude.lt\/objektas\/zemes-sklypas-ant-bruzokelio-ezero-kranto-zarasu-r\/","og_locale":"en_US","og_type":"article","og_title":"\u017dEM\u0116S SKLYPAS ANT BRU\u017dOK\u0116LIO E\u017dERO KRANTO ZARAS\u0172 R. - Namud\u0117","og_description":"\u017dem\u0117s - mi\u0161ko sklypas yra ant Bru\u017eok\u0117lio e\u017eero kranto Daneiki\u0173 k. Zaras\u0173 r. Gra\u017eut\u0117s regioniniame parke.\u00a0Priklauso\u00a01,16 ha\u00a0\u017eem\u0117s sklypas, kuris\u00a0235 m\u00a0ribojasi su Bru\u017eok\u0117lio e\u017eeru. \u0160alia pu\u0161ynas. Kalvotas apylinki\u0173 peiza\u017eas. Sklype\u00a0yra\u00a0elektros linija. Asfaltuotas priva\u017eiavimas. \u0160i vieta ypa\u010d patinka \u017evejams, nes\u00a01 km\u00a0atstumu yra Uolio, Zazubro, Ju\u017einto e\u017eerai ir Antaliept\u0117s mari\u0173 tvenkinys. Vietov\u0119 supa pu\u0161ynai.  &nbsp;  Sklypo koordinat\u0117s:  Google Maps: 55\u00b037'53.5\"N 25\u00b058'21.8\"E","og_url":"https:\/\/www.namude.lt\/objektas\/zemes-sklypas-ant-bruzokelio-ezero-kranto-zarasu-r\/","og_site_name":"Namud\u0117","article_modified_time":"2024-03-01T13:32:18+00:00","og_image":[{"width":800,"height":533,"url":"https:\/\/www.namude.lt\/wp-content\/uploads\/2024\/01\/1-51.jpg","type":"image\/jpeg"}],"twitter_card":"summary_large_image","schema":{"@context":"https:\/\/schema.org","@graph":[{"@type":"WebPage","@id":"https:\/\/www.namude.lt\/objektas\/zemes-sklypas-ant-bruzokelio-ezero-kranto-zarasu-r\/","url":"https:\/\/www.namude.lt\/objektas\/zemes-sklypas-ant-bruzokelio-ezero-kranto-zarasu-r\/","name":"\u017dEM\u0116S SKLYPAS ANT BRU\u017dOK\u0116LIO E\u017dERO KRANTO ZARAS\u0172 R. - Namud\u0117","isPartOf":{"@id":"https:\/\/www.namude.lt\/#website"},"primaryImageOfPage":{"@id":"https:\/\/www.namude.lt\/objektas\/zemes-sklypas-ant-bruzokelio-ezero-kranto-zarasu-r\/#primaryimage"},"image":{"@id":"https:\/\/www.namude.lt\/objektas\/zemes-sklypas-ant-bruzokelio-ezero-kranto-zarasu-r\/#primaryimage"},"thumbnailUrl":"https:\/\/www.namude.lt\/wp-content\/uploads\/2024\/01\/1-51.jpg","datePublished":"2024-01-23T09:02:29+00:00","dateModified":"2024-03-01T13:32:18+00:00","breadcrumb":{"@id":"https:\/\/www.namude.lt\/objektas\/zemes-sklypas-ant-bruzokelio-ezero-kranto-zarasu-r\/#breadcrumb"},"inLanguage":"en-US","potentialAction":[{"@type":"ReadAction","target":["https:\/\/www.namude.lt\/objektas\/zemes-sklypas-ant-bruzokelio-ezero-kranto-zarasu-r\/"]}]},{"@type":"ImageObject","inLanguage":"en-US","@id":"https:\/\/www.namude.lt\/objektas\/zemes-sklypas-ant-bruzokelio-ezero-kranto-zarasu-r\/#primaryimage","url":"https:\/\/www.namude.lt\/wp-content\/uploads\/2024\/01\/1-51.jpg","contentUrl":"https:\/\/www.namude.lt\/wp-content\/uploads\/2024\/01\/1-51.jpg","width":800,"height":533,"caption":"default"},{"@type":"BreadcrumbList","@id":"https:\/\/www.namude.lt\/objektas\/zemes-sklypas-ant-bruzokelio-ezero-kranto-zarasu-r\/#breadcrumb","itemListElement":[{"@type":"ListItem","position":1,"name":"Home","item":"https:\/\/www.namude.lt\/en\/"},{"@type":"ListItem","position":2,"name":"Real estate","item":"https:\/\/www.namude.lt\/en\/real-estate\/"},{"@type":"ListItem","position":3,"name":"\u017dEM\u0116S SKLYPAS ANT BRU\u017dOK\u0116LIO E\u017dERO KRANTO ZARAS\u0172 R."}]},{"@type":"WebSite","@id":"https:\/\/www.namude.lt\/#website","url":"https:\/\/www.namude.lt\/","name":"Namud\u0117","description":"\u201eNamud\u0117\u201c \u2013 agent\u016bra, pardavin\u0117janti Auk\u0161taitijos NT grynuolius.","publisher":{"@id":"https:\/\/www.namude.lt\/#organization"},"potentialAction":[{"@type":"SearchAction","target":{"@type":"EntryPoint","urlTemplate":"https:\/\/www.namude.lt\/?s={search_term_string}"},"query-input":{"@type":"PropertyValueSpecification","valueRequired":true,"valueName":"search_term_string"}}],"inLanguage":"en-US"},{"@type":"Organization","@id":"https:\/\/www.namude.lt\/#organization","name":"Namud\u0117","url":"https:\/\/www.namude.lt\/","logo":{"@type":"ImageObject","inLanguage":"en-US","@id":"https:\/\/www.namude.lt\/#\/schema\/logo\/image\/","url":"https:\/\/www.namude.lt\/wp-content\/uploads\/2023\/11\/logo-symbol.svg","contentUrl":"https:\/\/www.namude.lt\/wp-content\/uploads\/2023\/11\/logo-symbol.svg","width":1,"height":1,"caption":"Namud\u0117"},"image":{"@id":"https:\/\/www.namude.lt\/#\/schema\/logo\/image\/"}}]}},"_links":{"self":[{"href":"https:\/\/www.namude.lt\/en\/wp-json\/wp\/v2\/product\/3040","targetHints":{"allow":["GET"]}}],"collection":[{"href":"https:\/\/www.namude.lt\/en\/wp-json\/wp\/v2\/product"}],"about":[{"href":"https:\/\/www.namude.lt\/en\/wp-json\/wp\/v2\/types\/product"}],"wp:featuredmedia":[{"embeddable":true,"href":"https:\/\/www.namude.lt\/en\/wp-json\/wp\/v2\/media\/3041"}],"wp:attachment":[{"href":"https:\/\/www.namude.lt\/en\/wp-json\/wp\/v2\/media?parent=3040"}],"wp:term":[{"taxonomy":"product_brand","embeddable":true,"href":"https:\/\/www.namude.lt\/en\/wp-json\/wp\/v2\/product_brand?post=3040"},{"taxonomy":"product_cat","embeddable":true,"href":"https:\/\/www.namude.lt\/en\/wp-json\/wp\/v2\/product_cat?post=3040"},{"taxonomy":"product_tag","embeddable":true,"href":"https:\/\/www.namude.lt\/en\/wp-json\/wp\/v2\/product_tag?post=3040"}],"curies":[{"name":"wp","href":"https:\/\/api.w.org\/{rel}","templated":true}]}}