{"id":3003,"date":"2024-01-23T10:48:34","date_gmt":"2024-01-23T08:48:34","guid":{"rendered":"https:\/\/www.namude.lt\/?post_type=product&#038;p=3003"},"modified":"2024-03-13T11:34:21","modified_gmt":"2024-03-13T09:34:21","slug":"du-tarpusavyje-besiribojantys-sklypai-su-projektu-ir-leidimu-statyboms-ant-kupiskio-mariu-kranto-kupiskio-r-vainiuniskio-k","status":"publish","type":"product","link":"https:\/\/www.namude.lt\/en\/object\/du-tarpusavyje-besiribojantys-sklypai-su-projektu-ir-leidimu-statyboms-ant-kupiskio-mariu-kranto-kupiskio-r-vainiuniskio-k\/","title":{"rendered":"DU TARPUSAVYJE BESIRIBOJANTYS SKLYPAI, SU PROJEKTU IR LEIDIMU STATYBOMS ANT KUPI\u0160KIO MARI\u0172 KRANTO KUPI\u0160KIO R. VAINI\u016aNI\u0160KIO K."},"content":{"rendered":"<p><strong><span style=\"vertical-align: inherit\"><span style=\"vertical-align: inherit\"><span style=\"vertical-align: inherit\"><span style=\"vertical-align: inherit\">Sodybviet\u0117 A:<\/span><\/span><\/span><\/span><\/strong><\/p>\n<ul>\n<li><span style=\"vertical-align: inherit\"><span style=\"vertical-align: inherit\"><span style=\"vertical-align: inherit\"><span style=\"vertical-align: inherit\">Sklypai: 1,01 ha su 45 m pakrante;<\/span><\/span><\/span><\/span><\/li>\n<li><span style=\"vertical-align: inherit\"><span style=\"vertical-align: inherit\"><span style=\"vertical-align: inherit\"><span style=\"vertical-align: inherit\">11 kW trifazis elektros \u012fvadas jums kainuos tik 3800 Eur.<\/span><\/span><\/span><\/span><\/li>\n<li><span style=\"vertical-align: inherit\"><span style=\"vertical-align: inherit\"><span style=\"vertical-align: inherit\"><span style=\"vertical-align: inherit\">I\u0161lik\u0119 sodybos statini\u0173 pagrindai;<\/span><\/span><\/span><\/span><\/li>\n<li><span style=\"vertical-align: inherit\"><span style=\"vertical-align: inherit\"><span style=\"vertical-align: inherit\"><span style=\"vertical-align: inherit\">Leidimai gyvenamojo namo, \u016bkio pastato ir pirties atstatymui;<\/span><\/span><\/span><\/span><\/li>\n<li><span style=\"vertical-align: inherit\"><span style=\"vertical-align: inherit\"><span style=\"vertical-align: inherit\"><span style=\"vertical-align: inherit\">Parengti visi statini\u0173 projektai;<\/span><\/span><\/span><\/span><\/li>\n<li><span style=\"vertical-align: inherit\"><span style=\"vertical-align: inherit\"><span style=\"vertical-align: inherit\"><span style=\"vertical-align: inherit\">Sodas ir patogus priva\u017eiavimas visais met\u0173 laikais;<\/span><\/span><\/span><\/span><\/li>\n<li><span style=\"vertical-align: inherit\"><span style=\"vertical-align: inherit\"><span style=\"vertical-align: inherit\"><span style=\"vertical-align: inherit\">Kaina: 24 500 \u20ac.<\/span><\/span><\/span><\/span><\/li>\n<\/ul>\n<p>&nbsp;<\/p>\n<p><strong><span style=\"vertical-align: inherit\"><span style=\"vertical-align: inherit\"><span style=\"vertical-align: inherit\"><span style=\"vertical-align: inherit\">Sklypas B:<\/span><\/span><\/span><\/span><\/strong><\/p>\n<ul>\n<li><span style=\"vertical-align: inherit\"><span style=\"vertical-align: inherit\"><span style=\"vertical-align: inherit\"><span style=\"vertical-align: inherit\">Sklypai: 1,87 ha su 52 m pakrante.<\/span><\/span><\/span><\/span><\/li>\n<li><span style=\"vertical-align: inherit\"><span style=\"vertical-align: inherit\"><span style=\"vertical-align: inherit\"><span style=\"vertical-align: inherit\">Puikus papildymas esamai sodybai arba atskirai kaip investicija.<\/span><\/span><\/span><\/span><\/li>\n<li><span style=\"vertical-align: inherit\"><span style=\"vertical-align: inherit\"><span style=\"vertical-align: inherit\"><span style=\"vertical-align: inherit\">Geras priva\u017eiavimas ir besiribojanti elektros linija.<\/span><\/span><\/span><\/span><\/li>\n<li><span style=\"vertical-align: inherit\"><span style=\"vertical-align: inherit\"><span style=\"vertical-align: inherit\"><span style=\"vertical-align: inherit\">Kaina: 15 000 \u20ac.<\/span><\/span><\/span><\/span><\/li>\n<\/ul>\n<p>&nbsp;<\/p>\n<p><span style=\"vertical-align: inherit\"><span style=\"vertical-align: inherit\"><span style=\"vertical-align: inherit\"><span style=\"vertical-align: inherit\">\u0160ie sklypai suteikia puiki\u0105 galimyb\u0119 kurti savo poilsin\u0119 sodyb\u0105, leisti laisvalaik\u012f arba \u012fgyvendinti pelning\u0105 investicij\u0105. <\/span><\/span><\/span><span style=\"vertical-align: inherit\"><span style=\"vertical-align: inherit\"><span style=\"vertical-align: inherit\">Bendra kaina u\u017e abu sklypus &#8211; 39 500 \u20ac. <\/span><\/span><\/span><span style=\"vertical-align: inherit\"><span style=\"vertical-align: inherit\"><span style=\"vertical-align: inherit\">Tai ypatinga galimyb\u0117 \u012fsikurti ant Kupi\u0161kio mari\u0173 kranto su dideliu potencialu.<\/span><\/span><\/span><\/span><\/p>\n<p>&nbsp;<\/p>\n<p><span style=\"vertical-align: inherit\"><span style=\"vertical-align: inherit\"><span style=\"vertical-align: inherit\"><span style=\"vertical-align: inherit\">Sklypo koordinat\u0117s:<\/span><\/span><\/span><\/span><\/p>\n<p><span style=\"vertical-align: inherit\"><span style=\"vertical-align: inherit\"><span style=\"vertical-align: inherit\"><span style=\"vertical-align: inherit\">Google \u017eem\u0117lapiai:\u00a0 <\/span><\/span><\/span><\/span><strong><span style=\"vertical-align: inherit\"><span style=\"vertical-align: inherit\"><span style=\"vertical-align: inherit\"><span style=\"vertical-align: inherit\">55.982030, 25.065373<\/span><\/span><\/span><\/span><\/strong><\/p>\n<p><span style=\"vertical-align: inherit\"><span style=\"vertical-align: inherit\"><span style=\"vertical-align: inherit\"><span style=\"vertical-align: inherit\">Maps.lt\u00a0 <\/span><\/span><\/span><\/span><strong><span style=\"vertical-align: inherit\"><span style=\"vertical-align: inherit\"><span style=\"vertical-align: inherit\"><span style=\"vertical-align: inherit\">55.982035, 25.065520<\/span><\/span><\/span><\/span><\/strong><\/p>\n<p>&nbsp;<\/p>\n","protected":false},"excerpt":{"rendered":"<p><strong><span style=\"vertical-align: inherit\"><span style=\"vertical-align: inherit\"><span style=\"vertical-align: inherit\"><span style=\"vertical-align: inherit\">Pristatome Jums unikali\u0105 investicin\u0119 galimyb\u0119 &#8211; 2,88 ha sodybviet\u0119 ant Kupi\u0161kio mari\u0173 kranto, Kupi\u0161kio rajone, Vaini\u016bni\u0161kyje.<\/span><\/span><\/span><\/span><\/strong><\/p>\n<p>&nbsp;<\/p>\n","protected":false},"featured_media":3004,"template":"","meta":{"_acf_changed":false},"product_brand":[],"product_cat":[24],"product_tag":[],"class_list":{"0":"post-3003","1":"product","2":"type-product","3":"status-publish","4":"has-post-thumbnail","6":"product_cat-sklypai","7":"pa_rajonas-kiti-rajonai","8":"description-off","10":"first","11":"instock","12":"shipping-taxable","13":"purchasable","14":"product-type-simple"},"acf":[],"yoast_head":"<!-- This site is optimized with the Yoast SEO plugin v27.0 - https:\/\/yoast.com\/product\/yoast-seo-wordpress\/ -->\n<title>DU TARPUSAVYJE BESIRIBOJANTYS SKLYPAI, SU PROJEKTU IR LEIDIMU STATYBOMS ANT KUPI\u0160KIO MARI\u0172 KRANTO KUPI\u0160KIO R. VAINI\u016aNI\u0160KIO K. - Namud\u0117<\/title>\n<meta name=\"robots\" content=\"index, follow, max-snippet:-1, max-image-preview:large, max-video-preview:-1\" \/>\n<link rel=\"canonical\" href=\"https:\/\/www.namude.lt\/objektas\/du-tarpusavyje-besiribojantys-sklypai-su-projektu-ir-leidimu-statyboms-ant-kupiskio-mariu-kranto-kupiskio-r-vainiuniskio-k\/\" \/>\n<meta property=\"og:locale\" content=\"en_US\" \/>\n<meta property=\"og:type\" content=\"article\" \/>\n<meta property=\"og:title\" content=\"DU TARPUSAVYJE BESIRIBOJANTYS SKLYPAI, SU PROJEKTU IR LEIDIMU STATYBOMS ANT KUPI\u0160KIO MARI\u0172 KRANTO KUPI\u0160KIO R. VAINI\u016aNI\u0160KIO K. - Namud\u0117\" \/>\n<meta property=\"og:description\" content=\"Pristatome Jums unikali\u0105 investicin\u0119 galimyb\u0119 - 2,88 ha sodybviet\u0119 ant Kupi\u0161kio mari\u0173 kranto, Kupi\u0161kio rajone, Vaini\u016bni\u0161kyje.  &nbsp;\" \/>\n<meta property=\"og:url\" content=\"https:\/\/www.namude.lt\/objektas\/du-tarpusavyje-besiribojantys-sklypai-su-projektu-ir-leidimu-statyboms-ant-kupiskio-mariu-kranto-kupiskio-r-vainiuniskio-k\/\" \/>\n<meta property=\"og:site_name\" content=\"Namud\u0117\" \/>\n<meta property=\"article:modified_time\" content=\"2024-03-13T09:34:21+00:00\" \/>\n<meta property=\"og:image\" content=\"https:\/\/www.namude.lt\/wp-content\/uploads\/2024\/01\/1A-\u2013-kopija-copy.jpg\" \/>\n\t<meta property=\"og:image:width\" content=\"800\" \/>\n\t<meta property=\"og:image:height\" content=\"533\" \/>\n\t<meta property=\"og:image:type\" content=\"image\/jpeg\" \/>\n<meta name=\"twitter:card\" content=\"summary_large_image\" \/>\n<meta name=\"twitter:label1\" content=\"Est. reading time\" \/>\n\t<meta name=\"twitter:data1\" content=\"1 minute\" \/>\n<script type=\"application\/ld+json\" class=\"yoast-schema-graph\">{\"@context\":\"https:\/\/schema.org\",\"@graph\":[{\"@type\":\"WebPage\",\"@id\":\"https:\/\/www.namude.lt\/objektas\/du-tarpusavyje-besiribojantys-sklypai-su-projektu-ir-leidimu-statyboms-ant-kupiskio-mariu-kranto-kupiskio-r-vainiuniskio-k\/\",\"url\":\"https:\/\/www.namude.lt\/objektas\/du-tarpusavyje-besiribojantys-sklypai-su-projektu-ir-leidimu-statyboms-ant-kupiskio-mariu-kranto-kupiskio-r-vainiuniskio-k\/\",\"name\":\"DU TARPUSAVYJE BESIRIBOJANTYS SKLYPAI, SU PROJEKTU IR LEIDIMU STATYBOMS ANT KUPI\u0160KIO MARI\u0172 KRANTO KUPI\u0160KIO R. VAINI\u016aNI\u0160KIO K. - Namud\u0117\",\"isPartOf\":{\"@id\":\"https:\/\/www.namude.lt\/#website\"},\"primaryImageOfPage\":{\"@id\":\"https:\/\/www.namude.lt\/objektas\/du-tarpusavyje-besiribojantys-sklypai-su-projektu-ir-leidimu-statyboms-ant-kupiskio-mariu-kranto-kupiskio-r-vainiuniskio-k\/#primaryimage\"},\"image\":{\"@id\":\"https:\/\/www.namude.lt\/objektas\/du-tarpusavyje-besiribojantys-sklypai-su-projektu-ir-leidimu-statyboms-ant-kupiskio-mariu-kranto-kupiskio-r-vainiuniskio-k\/#primaryimage\"},\"thumbnailUrl\":\"https:\/\/www.namude.lt\/wp-content\/uploads\/2024\/01\/1A-\u2013-kopija-copy.jpg\",\"datePublished\":\"2024-01-23T08:48:34+00:00\",\"dateModified\":\"2024-03-13T09:34:21+00:00\",\"breadcrumb\":{\"@id\":\"https:\/\/www.namude.lt\/objektas\/du-tarpusavyje-besiribojantys-sklypai-su-projektu-ir-leidimu-statyboms-ant-kupiskio-mariu-kranto-kupiskio-r-vainiuniskio-k\/#breadcrumb\"},\"inLanguage\":\"en-US\",\"potentialAction\":[{\"@type\":\"ReadAction\",\"target\":[\"https:\/\/www.namude.lt\/objektas\/du-tarpusavyje-besiribojantys-sklypai-su-projektu-ir-leidimu-statyboms-ant-kupiskio-mariu-kranto-kupiskio-r-vainiuniskio-k\/\"]}]},{\"@type\":\"ImageObject\",\"inLanguage\":\"en-US\",\"@id\":\"https:\/\/www.namude.lt\/objektas\/du-tarpusavyje-besiribojantys-sklypai-su-projektu-ir-leidimu-statyboms-ant-kupiskio-mariu-kranto-kupiskio-r-vainiuniskio-k\/#primaryimage\",\"url\":\"https:\/\/www.namude.lt\/wp-content\/uploads\/2024\/01\/1A-\u2013-kopija-copy.jpg\",\"contentUrl\":\"https:\/\/www.namude.lt\/wp-content\/uploads\/2024\/01\/1A-\u2013-kopija-copy.jpg\",\"width\":800,\"height\":533,\"caption\":\"default\"},{\"@type\":\"BreadcrumbList\",\"@id\":\"https:\/\/www.namude.lt\/objektas\/du-tarpusavyje-besiribojantys-sklypai-su-projektu-ir-leidimu-statyboms-ant-kupiskio-mariu-kranto-kupiskio-r-vainiuniskio-k\/#breadcrumb\",\"itemListElement\":[{\"@type\":\"ListItem\",\"position\":1,\"name\":\"Home\",\"item\":\"https:\/\/www.namude.lt\/en\/\"},{\"@type\":\"ListItem\",\"position\":2,\"name\":\"Real estate\",\"item\":\"https:\/\/www.namude.lt\/en\/real-estate\/\"},{\"@type\":\"ListItem\",\"position\":3,\"name\":\"DU TARPUSAVYJE BESIRIBOJANTYS SKLYPAI, SU PROJEKTU IR LEIDIMU STATYBOMS ANT KUPI\u0160KIO MARI\u0172 KRANTO KUPI\u0160KIO R. VAINI\u016aNI\u0160KIO K.\"}]},{\"@type\":\"WebSite\",\"@id\":\"https:\/\/www.namude.lt\/#website\",\"url\":\"https:\/\/www.namude.lt\/\",\"name\":\"Namud\u0117\",\"description\":\"\u201eNamud\u0117\u201c \u2013 agent\u016bra, pardavin\u0117janti Auk\u0161taitijos NT grynuolius.\",\"publisher\":{\"@id\":\"https:\/\/www.namude.lt\/#organization\"},\"potentialAction\":[{\"@type\":\"SearchAction\",\"target\":{\"@type\":\"EntryPoint\",\"urlTemplate\":\"https:\/\/www.namude.lt\/?s={search_term_string}\"},\"query-input\":{\"@type\":\"PropertyValueSpecification\",\"valueRequired\":true,\"valueName\":\"search_term_string\"}}],\"inLanguage\":\"en-US\"},{\"@type\":\"Organization\",\"@id\":\"https:\/\/www.namude.lt\/#organization\",\"name\":\"Namud\u0117\",\"url\":\"https:\/\/www.namude.lt\/\",\"logo\":{\"@type\":\"ImageObject\",\"inLanguage\":\"en-US\",\"@id\":\"https:\/\/www.namude.lt\/#\/schema\/logo\/image\/\",\"url\":\"https:\/\/www.namude.lt\/wp-content\/uploads\/2023\/11\/logo-symbol.svg\",\"contentUrl\":\"https:\/\/www.namude.lt\/wp-content\/uploads\/2023\/11\/logo-symbol.svg\",\"width\":1,\"height\":1,\"caption\":\"Namud\u0117\"},\"image\":{\"@id\":\"https:\/\/www.namude.lt\/#\/schema\/logo\/image\/\"}}]}<\/script>\n<!-- \/ Yoast SEO plugin. -->","yoast_head_json":{"title":"DU TARPUSAVYJE BESIRIBOJANTYS SKLYPAI, SU PROJEKTU IR LEIDIMU STATYBOMS ANT KUPI\u0160KIO MARI\u0172 KRANTO KUPI\u0160KIO R. VAINI\u016aNI\u0160KIO K. - Namud\u0117","robots":{"index":"index","follow":"follow","max-snippet":"max-snippet:-1","max-image-preview":"max-image-preview:large","max-video-preview":"max-video-preview:-1"},"canonical":"https:\/\/www.namude.lt\/objektas\/du-tarpusavyje-besiribojantys-sklypai-su-projektu-ir-leidimu-statyboms-ant-kupiskio-mariu-kranto-kupiskio-r-vainiuniskio-k\/","og_locale":"en_US","og_type":"article","og_title":"DU TARPUSAVYJE BESIRIBOJANTYS SKLYPAI, SU PROJEKTU IR LEIDIMU STATYBOMS ANT KUPI\u0160KIO MARI\u0172 KRANTO KUPI\u0160KIO R. VAINI\u016aNI\u0160KIO K. - Namud\u0117","og_description":"Pristatome Jums unikali\u0105 investicin\u0119 galimyb\u0119 - 2,88 ha sodybviet\u0119 ant Kupi\u0161kio mari\u0173 kranto, Kupi\u0161kio rajone, Vaini\u016bni\u0161kyje.  &nbsp;","og_url":"https:\/\/www.namude.lt\/objektas\/du-tarpusavyje-besiribojantys-sklypai-su-projektu-ir-leidimu-statyboms-ant-kupiskio-mariu-kranto-kupiskio-r-vainiuniskio-k\/","og_site_name":"Namud\u0117","article_modified_time":"2024-03-13T09:34:21+00:00","og_image":[{"width":800,"height":533,"url":"https:\/\/www.namude.lt\/wp-content\/uploads\/2024\/01\/1A-\u2013-kopija-copy.jpg","type":"image\/jpeg"}],"twitter_card":"summary_large_image","twitter_misc":{"Est. reading time":"1 minute"},"schema":{"@context":"https:\/\/schema.org","@graph":[{"@type":"WebPage","@id":"https:\/\/www.namude.lt\/objektas\/du-tarpusavyje-besiribojantys-sklypai-su-projektu-ir-leidimu-statyboms-ant-kupiskio-mariu-kranto-kupiskio-r-vainiuniskio-k\/","url":"https:\/\/www.namude.lt\/objektas\/du-tarpusavyje-besiribojantys-sklypai-su-projektu-ir-leidimu-statyboms-ant-kupiskio-mariu-kranto-kupiskio-r-vainiuniskio-k\/","name":"DU TARPUSAVYJE BESIRIBOJANTYS SKLYPAI, SU PROJEKTU IR LEIDIMU STATYBOMS ANT KUPI\u0160KIO MARI\u0172 KRANTO KUPI\u0160KIO R. VAINI\u016aNI\u0160KIO K. - Namud\u0117","isPartOf":{"@id":"https:\/\/www.namude.lt\/#website"},"primaryImageOfPage":{"@id":"https:\/\/www.namude.lt\/objektas\/du-tarpusavyje-besiribojantys-sklypai-su-projektu-ir-leidimu-statyboms-ant-kupiskio-mariu-kranto-kupiskio-r-vainiuniskio-k\/#primaryimage"},"image":{"@id":"https:\/\/www.namude.lt\/objektas\/du-tarpusavyje-besiribojantys-sklypai-su-projektu-ir-leidimu-statyboms-ant-kupiskio-mariu-kranto-kupiskio-r-vainiuniskio-k\/#primaryimage"},"thumbnailUrl":"https:\/\/www.namude.lt\/wp-content\/uploads\/2024\/01\/1A-\u2013-kopija-copy.jpg","datePublished":"2024-01-23T08:48:34+00:00","dateModified":"2024-03-13T09:34:21+00:00","breadcrumb":{"@id":"https:\/\/www.namude.lt\/objektas\/du-tarpusavyje-besiribojantys-sklypai-su-projektu-ir-leidimu-statyboms-ant-kupiskio-mariu-kranto-kupiskio-r-vainiuniskio-k\/#breadcrumb"},"inLanguage":"en-US","potentialAction":[{"@type":"ReadAction","target":["https:\/\/www.namude.lt\/objektas\/du-tarpusavyje-besiribojantys-sklypai-su-projektu-ir-leidimu-statyboms-ant-kupiskio-mariu-kranto-kupiskio-r-vainiuniskio-k\/"]}]},{"@type":"ImageObject","inLanguage":"en-US","@id":"https:\/\/www.namude.lt\/objektas\/du-tarpusavyje-besiribojantys-sklypai-su-projektu-ir-leidimu-statyboms-ant-kupiskio-mariu-kranto-kupiskio-r-vainiuniskio-k\/#primaryimage","url":"https:\/\/www.namude.lt\/wp-content\/uploads\/2024\/01\/1A-\u2013-kopija-copy.jpg","contentUrl":"https:\/\/www.namude.lt\/wp-content\/uploads\/2024\/01\/1A-\u2013-kopija-copy.jpg","width":800,"height":533,"caption":"default"},{"@type":"BreadcrumbList","@id":"https:\/\/www.namude.lt\/objektas\/du-tarpusavyje-besiribojantys-sklypai-su-projektu-ir-leidimu-statyboms-ant-kupiskio-mariu-kranto-kupiskio-r-vainiuniskio-k\/#breadcrumb","itemListElement":[{"@type":"ListItem","position":1,"name":"Home","item":"https:\/\/www.namude.lt\/en\/"},{"@type":"ListItem","position":2,"name":"Real estate","item":"https:\/\/www.namude.lt\/en\/real-estate\/"},{"@type":"ListItem","position":3,"name":"DU TARPUSAVYJE BESIRIBOJANTYS SKLYPAI, SU PROJEKTU IR LEIDIMU STATYBOMS ANT KUPI\u0160KIO MARI\u0172 KRANTO KUPI\u0160KIO R. VAINI\u016aNI\u0160KIO K."}]},{"@type":"WebSite","@id":"https:\/\/www.namude.lt\/#website","url":"https:\/\/www.namude.lt\/","name":"Namud\u0117","description":"\u201eNamud\u0117\u201c \u2013 agent\u016bra, pardavin\u0117janti Auk\u0161taitijos NT grynuolius.","publisher":{"@id":"https:\/\/www.namude.lt\/#organization"},"potentialAction":[{"@type":"SearchAction","target":{"@type":"EntryPoint","urlTemplate":"https:\/\/www.namude.lt\/?s={search_term_string}"},"query-input":{"@type":"PropertyValueSpecification","valueRequired":true,"valueName":"search_term_string"}}],"inLanguage":"en-US"},{"@type":"Organization","@id":"https:\/\/www.namude.lt\/#organization","name":"Namud\u0117","url":"https:\/\/www.namude.lt\/","logo":{"@type":"ImageObject","inLanguage":"en-US","@id":"https:\/\/www.namude.lt\/#\/schema\/logo\/image\/","url":"https:\/\/www.namude.lt\/wp-content\/uploads\/2023\/11\/logo-symbol.svg","contentUrl":"https:\/\/www.namude.lt\/wp-content\/uploads\/2023\/11\/logo-symbol.svg","width":1,"height":1,"caption":"Namud\u0117"},"image":{"@id":"https:\/\/www.namude.lt\/#\/schema\/logo\/image\/"}}]}},"_links":{"self":[{"href":"https:\/\/www.namude.lt\/en\/wp-json\/wp\/v2\/product\/3003","targetHints":{"allow":["GET"]}}],"collection":[{"href":"https:\/\/www.namude.lt\/en\/wp-json\/wp\/v2\/product"}],"about":[{"href":"https:\/\/www.namude.lt\/en\/wp-json\/wp\/v2\/types\/product"}],"wp:featuredmedia":[{"embeddable":true,"href":"https:\/\/www.namude.lt\/en\/wp-json\/wp\/v2\/media\/3004"}],"wp:attachment":[{"href":"https:\/\/www.namude.lt\/en\/wp-json\/wp\/v2\/media?parent=3003"}],"wp:term":[{"taxonomy":"product_brand","embeddable":true,"href":"https:\/\/www.namude.lt\/en\/wp-json\/wp\/v2\/product_brand?post=3003"},{"taxonomy":"product_cat","embeddable":true,"href":"https:\/\/www.namude.lt\/en\/wp-json\/wp\/v2\/product_cat?post=3003"},{"taxonomy":"product_tag","embeddable":true,"href":"https:\/\/www.namude.lt\/en\/wp-json\/wp\/v2\/product_tag?post=3003"}],"curies":[{"name":"wp","href":"https:\/\/api.w.org\/{rel}","templated":true}]}}