{"id":2940,"date":"2024-01-22T16:04:43","date_gmt":"2024-01-22T14:04:43","guid":{"rendered":"https:\/\/www.namude.lt\/?post_type=product&#038;p=2940"},"modified":"2025-07-21T14:00:06","modified_gmt":"2025-07-21T11:00:06","slug":"du-zemes-sklypai-su-gyvenamuoju-namu-zarasu-r-uztiltes-k-zirgu-g-19-ir-19b-salia-poilsiautoju-pamegto-sartu-ezero-ir-dusetu-miestelio","status":"publish","type":"product","link":"https:\/\/www.namude.lt\/en\/object\/du-zemes-sklypai-su-gyvenamuoju-namu-zarasu-r-uztiltes-k-zirgu-g-19-ir-19b-salia-poilsiautoju-pamegto-sartu-ezero-ir-dusetu-miestelio\/","title":{"rendered":"DU \u017dEM\u0116S SKLYPAI SU GYVENAMUOJU NAMU ZARAS\u0172 R., U\u017dTILT\u0116S K., \u017dIRG\u0172 G. 19 IR 19B, \u0160ALIA POILSIAUTOJ\u0172 PAM\u0116GTO SART\u0172 E\u017dERO IR DUSET\u0172 MIESTELIO"},"content":{"rendered":"<p><span style=\"vertical-align: inherit\"><span style=\"vertical-align: inherit\"><span style=\"vertical-align: inherit\"><span style=\"vertical-align: inherit\">Vos u\u017e\u00a0 <\/span><\/span><\/span><\/span><strong><span style=\"vertical-align: inherit\"><span style=\"vertical-align: inherit\"><span style=\"vertical-align: inherit\"><span style=\"vertical-align: inherit\">1,2\u00a0<\/span><\/span><\/span><\/span><\/strong><span style=\"vertical-align: inherit\"><span style=\"vertical-align: inherit\"><span style=\"vertical-align: inherit\"><span style=\"vertical-align: inherit\"> km nuo namo, Duset\u0173 miestelyje gra\u017eiai \u012frengtas bendras sm\u0117l\u0117tas Sart\u0173 e\u017eero papl\u016bdimys. Pakrant\u0117je yra lieptas, persirengimo kabinos, vaik\u0173 \u017eaidim\u0173 aik\u0161tel\u0117, labai geras sm\u0117l\u0117tas tolygiai gil\u0117jantis krantas. Namas saugioje gyvenviet\u0117s teritorijoje, \u0161alia nuolat gyvena tvarkingi kaimynai. \u010cia pat gra\u017eus meninink\u0173 pam\u0117gtas Duset\u0173 miestelis, kuriame verda aktyvus kult\u016brinis gyvenimas, tiek \u017eiem\u0105, tiek vasar\u0105 gaus\u0173 \u012fvairios veiklos. Greta ir Sart\u0173 hipodromas, kiekvien\u0105 kart\u0105 vyksta garsiosios Sart\u0173 \u017eirg\u0173 lenktyn\u0117s, sutraukian\u010dios sve\u010dius i\u0161 viso Pabaltijo. Iki Zaras\u0173 ir Utenos \u2013 apie <\/span><\/span><\/span><\/span><strong><span style=\"vertical-align: inherit\"><span style=\"vertical-align: inherit\"><span style=\"vertical-align: inherit\"><span style=\"vertical-align: inherit\">40\u00a0<\/span><\/span><\/span><\/span><\/strong><span style=\"vertical-align: inherit\"><span style=\"vertical-align: inherit\"><span style=\"vertical-align: inherit\"><span style=\"vertical-align: inherit\"> km, iki Vilniaus \u2013\u00a0 <\/span><\/span><\/span><\/span><strong><span style=\"vertical-align: inherit\"><span style=\"vertical-align: inherit\"><span style=\"vertical-align: inherit\"><span style=\"vertical-align: inherit\">140\u00a0<\/span><\/span><\/span><\/span><\/strong><span style=\"vertical-align: inherit\"><span style=\"vertical-align: inherit\"><span style=\"vertical-align: inherit\"><span style=\"vertical-align: inherit\"> km. Puiki vieta namo statybai pam\u0117gtame Zaras\u0173 kra\u0161to miestelyje.<\/span><\/span><\/span><\/span><\/p>\n","protected":false},"excerpt":{"rendered":"<p><strong><span style=\"vertical-align: inherit\"><span style=\"vertical-align: inherit\"><span style=\"vertical-align: inherit\"><span style=\"vertical-align: inherit\">Parduodami du \u017eem\u0117s <\/span><\/span><\/span><\/span><a href=\"https:\/\/www.namude.lt\/kategorija\/sklypai\/?filter_rajonas=zarasu-rajonas&amp;query_type_rajonas=or\"><span style=\"vertical-align: inherit\"><span style=\"vertical-align: inherit\"><span style=\"vertical-align: inherit\"><span style=\"vertical-align: inherit\">sklypai<\/span><\/span><\/span><\/span><\/a><span style=\"vertical-align: inherit\"><span style=\"vertical-align: inherit\"><span style=\"vertical-align: inherit\"><span style=\"vertical-align: inherit\"> su gyvenamuoju <\/span><\/span><\/span><\/span><a href=\"https:\/\/www.namude.lt\/kategorija\/namai\/?filter_rajonas=zarasu-rajonas&amp;query_type_rajonas=or\"><span style=\"vertical-align: inherit\"><span style=\"vertical-align: inherit\"><span style=\"vertical-align: inherit\"><span style=\"vertical-align: inherit\">namu <\/span><\/span><\/span><\/span><\/a> <a href=\"https:\/\/www.namude.lt\/parduodami-nt-objektai\/?filter_rajonas=zarasu-rajonas&amp;query_type_rajonas=or\"><span style=\"vertical-align: inherit\"><span style=\"vertical-align: inherit\"><span style=\"vertical-align: inherit\"><span style=\"vertical-align: inherit\">Zaras\u0173 r.<\/span><\/span><\/span><\/span><\/a><span style=\"vertical-align: inherit\"><span style=\"vertical-align: inherit\"><span style=\"vertical-align: inherit\"><span style=\"vertical-align: inherit\"> , U\u017etilt\u0117s k., \u017dirg\u0173 g. 19 ir 19B, \u0161alia poilsiautoj\u0173 pam\u0117gto Sart\u0173 e\u017eero ir Duset\u0173 miestelio<\/span><\/span><\/span><\/span><\/strong><span style=\"vertical-align: inherit\"><span style=\"vertical-align: inherit\"><span style=\"vertical-align: inherit\"><span style=\"vertical-align: inherit\"> .\u00a0 <\/span><\/span><\/span><\/span><strong><span style=\"vertical-align: inherit\"><span style=\"vertical-align: inherit\"><span style=\"vertical-align: inherit\"><span style=\"vertical-align: inherit\">0,1271\u00a0<\/span><\/span><\/span><\/span><\/strong><span style=\"vertical-align: inherit\"><span style=\"vertical-align: inherit\"><span style=\"vertical-align: inherit\"><span style=\"vertical-align: inherit\"> ha nam\u0173 valdos \u017eem\u0117s sklypas registruotas r\u0105stinis gyvenamasis namas, kurio bendras sklypas\u00a0 <\/span><\/span><\/span><\/span><strong><span style=\"vertical-align: inherit\"><span style=\"vertical-align: inherit\"><span style=\"vertical-align: inherit\"><span style=\"vertical-align: inherit\">72\u00a0<\/span><\/span><\/span><\/span><\/strong><span style=\"vertical-align: inherit\"><span style=\"vertical-align: inherit\"><span style=\"vertical-align: inherit\"><span style=\"vertical-align: inherit\"> kv. m., ir keli nei\u0161lik\u0119 \u016bkio pastatai. Namui reikalingas kapitalinis remontas, arba paprastesne tvarka statyti nauj\u0105 nam\u0105 galima su remontu. Greta yra atskiras 0,0979 ha nam\u0173 valdos sklypas, kuriame galima statyti atskir\u0105 gyvenam\u0105j\u012f nam\u0105. Sklype yra registruotas \u0161ulinys. Sklyp\u0173 reljefas lygus, yra augi\u0173 med\u017ei\u0173 (egl\u0117s, ber\u017eai), taip pat vaismed\u017ei\u0173. Nuo\u00a0 <\/span><\/span><\/span><\/span><strong><span style=\"vertical-align: inherit\"><span style=\"vertical-align: inherit\"><span style=\"vertical-align: inherit\"><span style=\"vertical-align: inherit\">19B\u00a0<\/span><\/span><\/span><\/span><\/strong><span style=\"vertical-align: inherit\"><span style=\"vertical-align: inherit\"><span style=\"vertical-align: inherit\"><span style=\"vertical-align: inherit\"> sklypo ribos iki \u0160ventosios up\u0117s senvag\u0117s ir kaimyn\u0173 tvenkinio \u2013 tik\u00a0 <\/span><\/span><\/span><\/span><strong><span style=\"vertical-align: inherit\"><span style=\"vertical-align: inherit\"><span style=\"vertical-align: inherit\"><span style=\"vertical-align: inherit\">25\u00a0<\/span><\/span><\/span><\/span><\/strong><span style=\"vertical-align: inherit\"><span style=\"vertical-align: inherit\"><span style=\"vertical-align: inherit\"><span style=\"vertical-align: inherit\"> m. \u0160ioje vietoje \u0160ventosios up\u0117 i\u0161teka i\u0161 Sart\u0173 e\u017eero, tad \u017evejams patogu i\u0161plaukimas \u012f e\u017eer\u0105.<\/span><\/span><\/span><\/span><\/p>\n","protected":false},"featured_media":9753,"template":"","meta":{"_acf_changed":false},"product_brand":[],"product_cat":[75],"product_tag":[],"class_list":{"0":"post-2940","1":"product","2":"type-product","3":"status-publish","4":"has-post-thumbnail","6":"product_cat-parduota","7":"description-off","9":"first","10":"instock","11":"shipping-taxable","12":"purchasable","13":"product-type-simple"},"acf":[],"yoast_head":"<!-- This site is optimized with the Yoast SEO plugin v27.4 - https:\/\/yoast.com\/product\/yoast-seo-wordpress\/ -->\n<title>DU \u017dEM\u0116S SKLYPAI SU GYVENAMUOJU NAMU ZARAS\u0172 R., U\u017dTILT\u0116S K., \u017dIRG\u0172 G. 19 IR 19B, \u0160ALIA POILSIAUTOJ\u0172 PAM\u0116GTO SART\u0172 E\u017dERO IR DUSET\u0172 MIESTELIO - Namud\u0117<\/title>\n<meta name=\"robots\" content=\"index, follow, max-snippet:-1, max-image-preview:large, max-video-preview:-1\" \/>\n<link rel=\"canonical\" href=\"https:\/\/www.namude.lt\/objektas\/du-zemes-sklypai-su-gyvenamuoju-namu-zarasu-r-uztiltes-k-zirgu-g-19-ir-19b-salia-poilsiautoju-pamegto-sartu-ezero-ir-dusetu-miestelio\/\" \/>\n<meta property=\"og:locale\" content=\"en_US\" \/>\n<meta property=\"og:type\" content=\"article\" \/>\n<meta property=\"og:title\" content=\"DU \u017dEM\u0116S SKLYPAI SU GYVENAMUOJU NAMU ZARAS\u0172 R., U\u017dTILT\u0116S K., \u017dIRG\u0172 G. 19 IR 19B, \u0160ALIA POILSIAUTOJ\u0172 PAM\u0116GTO SART\u0172 E\u017dERO IR DUSET\u0172 MIESTELIO - Namud\u0117\" \/>\n<meta property=\"og:description\" content=\"Parduodami du \u017eem\u0117s sklypai su gyvenamuoju namu Zaras\u0173 r. , U\u017etilt\u0117s k., \u017dirg\u0173 g. 19 ir 19B, \u0161alia poilsiautoj\u0173 pam\u0117gto Sart\u0173 e\u017eero ir Duset\u0173 miestelio .\u00a0 0,1271\u00a0 ha nam\u0173 valdos \u017eem\u0117s sklypas registruotas r\u0105stinis gyvenamasis namas, kurio bendras sklypas\u00a0 72\u00a0 kv. m., ir keli nei\u0161lik\u0119 \u016bkio pastatai. Namui reikalingas kapitalinis remontas, arba paprastesne tvarka statyti nauj\u0105 nam\u0105 galima su remontu. Greta yra atskiras 0,0979 ha nam\u0173 valdos sklypas, kuriame galima statyti atskir\u0105 gyvenam\u0105j\u012f nam\u0105. Sklype yra registruotas \u0161ulinys. Sklyp\u0173 reljefas lygus, yra augi\u0173 med\u017ei\u0173 (egl\u0117s, ber\u017eai), taip pat vaismed\u017ei\u0173. Nuo\u00a0 19B\u00a0 sklypo ribos iki \u0160ventosios up\u0117s senvag\u0117s ir kaimyn\u0173 tvenkinio \u2013 tik\u00a0 25\u00a0 m. \u0160ioje vietoje \u0160ventosios up\u0117 i\u0161teka i\u0161 Sart\u0173 e\u017eero, tad \u017evejams patogu i\u0161plaukimas \u012f e\u017eer\u0105.\" \/>\n<meta property=\"og:url\" content=\"https:\/\/www.namude.lt\/objektas\/du-zemes-sklypai-su-gyvenamuoju-namu-zarasu-r-uztiltes-k-zirgu-g-19-ir-19b-salia-poilsiautoju-pamegto-sartu-ezero-ir-dusetu-miestelio\/\" \/>\n<meta property=\"og:site_name\" content=\"Namud\u0117\" \/>\n<meta property=\"article:modified_time\" content=\"2025-07-21T11:00:06+00:00\" \/>\n<meta property=\"og:image\" content=\"https:\/\/www.namude.lt\/wp-content\/uploads\/2024\/01\/1-123.jpg\" \/>\n\t<meta property=\"og:image:width\" content=\"840\" \/>\n\t<meta property=\"og:image:height\" content=\"630\" \/>\n\t<meta property=\"og:image:type\" content=\"image\/jpeg\" \/>\n<meta name=\"twitter:card\" content=\"summary_large_image\" \/>\n<meta name=\"twitter:label1\" content=\"Est. reading time\" \/>\n\t<meta name=\"twitter:data1\" content=\"1 minute\" \/>\n<script type=\"application\/ld+json\" class=\"yoast-schema-graph\">{\"@context\":\"https:\\\/\\\/schema.org\",\"@graph\":[{\"@type\":\"WebPage\",\"@id\":\"https:\\\/\\\/www.namude.lt\\\/objektas\\\/du-zemes-sklypai-su-gyvenamuoju-namu-zarasu-r-uztiltes-k-zirgu-g-19-ir-19b-salia-poilsiautoju-pamegto-sartu-ezero-ir-dusetu-miestelio\\\/\",\"url\":\"https:\\\/\\\/www.namude.lt\\\/objektas\\\/du-zemes-sklypai-su-gyvenamuoju-namu-zarasu-r-uztiltes-k-zirgu-g-19-ir-19b-salia-poilsiautoju-pamegto-sartu-ezero-ir-dusetu-miestelio\\\/\",\"name\":\"DU \u017dEM\u0116S SKLYPAI SU GYVENAMUOJU NAMU ZARAS\u0172 R., U\u017dTILT\u0116S K., \u017dIRG\u0172 G. 19 IR 19B, \u0160ALIA POILSIAUTOJ\u0172 PAM\u0116GTO SART\u0172 E\u017dERO IR DUSET\u0172 MIESTELIO - Namud\u0117\",\"isPartOf\":{\"@id\":\"https:\\\/\\\/www.namude.lt\\\/#website\"},\"primaryImageOfPage\":{\"@id\":\"https:\\\/\\\/www.namude.lt\\\/objektas\\\/du-zemes-sklypai-su-gyvenamuoju-namu-zarasu-r-uztiltes-k-zirgu-g-19-ir-19b-salia-poilsiautoju-pamegto-sartu-ezero-ir-dusetu-miestelio\\\/#primaryimage\"},\"image\":{\"@id\":\"https:\\\/\\\/www.namude.lt\\\/objektas\\\/du-zemes-sklypai-su-gyvenamuoju-namu-zarasu-r-uztiltes-k-zirgu-g-19-ir-19b-salia-poilsiautoju-pamegto-sartu-ezero-ir-dusetu-miestelio\\\/#primaryimage\"},\"thumbnailUrl\":\"https:\\\/\\\/www.namude.lt\\\/wp-content\\\/uploads\\\/2024\\\/01\\\/1-123.jpg\",\"datePublished\":\"2024-01-22T14:04:43+00:00\",\"dateModified\":\"2025-07-21T11:00:06+00:00\",\"breadcrumb\":{\"@id\":\"https:\\\/\\\/www.namude.lt\\\/objektas\\\/du-zemes-sklypai-su-gyvenamuoju-namu-zarasu-r-uztiltes-k-zirgu-g-19-ir-19b-salia-poilsiautoju-pamegto-sartu-ezero-ir-dusetu-miestelio\\\/#breadcrumb\"},\"inLanguage\":\"en-US\",\"potentialAction\":[{\"@type\":\"ReadAction\",\"target\":[\"https:\\\/\\\/www.namude.lt\\\/objektas\\\/du-zemes-sklypai-su-gyvenamuoju-namu-zarasu-r-uztiltes-k-zirgu-g-19-ir-19b-salia-poilsiautoju-pamegto-sartu-ezero-ir-dusetu-miestelio\\\/\"]}]},{\"@type\":\"ImageObject\",\"inLanguage\":\"en-US\",\"@id\":\"https:\\\/\\\/www.namude.lt\\\/objektas\\\/du-zemes-sklypai-su-gyvenamuoju-namu-zarasu-r-uztiltes-k-zirgu-g-19-ir-19b-salia-poilsiautoju-pamegto-sartu-ezero-ir-dusetu-miestelio\\\/#primaryimage\",\"url\":\"https:\\\/\\\/www.namude.lt\\\/wp-content\\\/uploads\\\/2024\\\/01\\\/1-123.jpg\",\"contentUrl\":\"https:\\\/\\\/www.namude.lt\\\/wp-content\\\/uploads\\\/2024\\\/01\\\/1-123.jpg\",\"width\":840,\"height\":630},{\"@type\":\"BreadcrumbList\",\"@id\":\"https:\\\/\\\/www.namude.lt\\\/objektas\\\/du-zemes-sklypai-su-gyvenamuoju-namu-zarasu-r-uztiltes-k-zirgu-g-19-ir-19b-salia-poilsiautoju-pamegto-sartu-ezero-ir-dusetu-miestelio\\\/#breadcrumb\",\"itemListElement\":[{\"@type\":\"ListItem\",\"position\":1,\"name\":\"Home\",\"item\":\"https:\\\/\\\/www.namude.lt\\\/en\\\/\"},{\"@type\":\"ListItem\",\"position\":2,\"name\":\"Real estate\",\"item\":\"https:\\\/\\\/www.namude.lt\\\/en\\\/real-estate\\\/\"},{\"@type\":\"ListItem\",\"position\":3,\"name\":\"DU \u017dEM\u0116S SKLYPAI SU GYVENAMUOJU NAMU ZARAS\u0172 R., U\u017dTILT\u0116S K., \u017dIRG\u0172 G. 19 IR 19B, \u0160ALIA POILSIAUTOJ\u0172 PAM\u0116GTO SART\u0172 E\u017dERO IR DUSET\u0172 MIESTELIO\"}]},{\"@type\":\"WebSite\",\"@id\":\"https:\\\/\\\/www.namude.lt\\\/#website\",\"url\":\"https:\\\/\\\/www.namude.lt\\\/\",\"name\":\"Namud\u0117\",\"description\":\"\u201eNamud\u0117\u201c \u2013 agent\u016bra, pardavin\u0117janti Auk\u0161taitijos NT grynuolius.\",\"publisher\":{\"@id\":\"https:\\\/\\\/www.namude.lt\\\/#organization\"},\"potentialAction\":[{\"@type\":\"SearchAction\",\"target\":{\"@type\":\"EntryPoint\",\"urlTemplate\":\"https:\\\/\\\/www.namude.lt\\\/?s={search_term_string}\"},\"query-input\":{\"@type\":\"PropertyValueSpecification\",\"valueRequired\":true,\"valueName\":\"search_term_string\"}}],\"inLanguage\":\"en-US\"},{\"@type\":\"Organization\",\"@id\":\"https:\\\/\\\/www.namude.lt\\\/#organization\",\"name\":\"Namud\u0117\",\"url\":\"https:\\\/\\\/www.namude.lt\\\/\",\"logo\":{\"@type\":\"ImageObject\",\"inLanguage\":\"en-US\",\"@id\":\"https:\\\/\\\/www.namude.lt\\\/#\\\/schema\\\/logo\\\/image\\\/\",\"url\":\"https:\\\/\\\/www.namude.lt\\\/wp-content\\\/uploads\\\/2023\\\/11\\\/logo-symbol.svg\",\"contentUrl\":\"https:\\\/\\\/www.namude.lt\\\/wp-content\\\/uploads\\\/2023\\\/11\\\/logo-symbol.svg\",\"width\":1,\"height\":1,\"caption\":\"Namud\u0117\"},\"image\":{\"@id\":\"https:\\\/\\\/www.namude.lt\\\/#\\\/schema\\\/logo\\\/image\\\/\"}}]}<\/script>\n<!-- \/ Yoast SEO plugin. -->","yoast_head_json":{"title":"DU \u017dEM\u0116S SKLYPAI SU GYVENAMUOJU NAMU ZARAS\u0172 R., U\u017dTILT\u0116S K., \u017dIRG\u0172 G. 19 IR 19B, \u0160ALIA POILSIAUTOJ\u0172 PAM\u0116GTO SART\u0172 E\u017dERO IR DUSET\u0172 MIESTELIO - Namud\u0117","robots":{"index":"index","follow":"follow","max-snippet":"max-snippet:-1","max-image-preview":"max-image-preview:large","max-video-preview":"max-video-preview:-1"},"canonical":"https:\/\/www.namude.lt\/objektas\/du-zemes-sklypai-su-gyvenamuoju-namu-zarasu-r-uztiltes-k-zirgu-g-19-ir-19b-salia-poilsiautoju-pamegto-sartu-ezero-ir-dusetu-miestelio\/","og_locale":"en_US","og_type":"article","og_title":"DU \u017dEM\u0116S SKLYPAI SU GYVENAMUOJU NAMU ZARAS\u0172 R., U\u017dTILT\u0116S K., \u017dIRG\u0172 G. 19 IR 19B, \u0160ALIA POILSIAUTOJ\u0172 PAM\u0116GTO SART\u0172 E\u017dERO IR DUSET\u0172 MIESTELIO - Namud\u0117","og_description":"Parduodami du \u017eem\u0117s sklypai su gyvenamuoju namu Zaras\u0173 r. , U\u017etilt\u0117s k., \u017dirg\u0173 g. 19 ir 19B, \u0161alia poilsiautoj\u0173 pam\u0117gto Sart\u0173 e\u017eero ir Duset\u0173 miestelio .\u00a0 0,1271\u00a0 ha nam\u0173 valdos \u017eem\u0117s sklypas registruotas r\u0105stinis gyvenamasis namas, kurio bendras sklypas\u00a0 72\u00a0 kv. m., ir keli nei\u0161lik\u0119 \u016bkio pastatai. Namui reikalingas kapitalinis remontas, arba paprastesne tvarka statyti nauj\u0105 nam\u0105 galima su remontu. Greta yra atskiras 0,0979 ha nam\u0173 valdos sklypas, kuriame galima statyti atskir\u0105 gyvenam\u0105j\u012f nam\u0105. Sklype yra registruotas \u0161ulinys. Sklyp\u0173 reljefas lygus, yra augi\u0173 med\u017ei\u0173 (egl\u0117s, ber\u017eai), taip pat vaismed\u017ei\u0173. Nuo\u00a0 19B\u00a0 sklypo ribos iki \u0160ventosios up\u0117s senvag\u0117s ir kaimyn\u0173 tvenkinio \u2013 tik\u00a0 25\u00a0 m. \u0160ioje vietoje \u0160ventosios up\u0117 i\u0161teka i\u0161 Sart\u0173 e\u017eero, tad \u017evejams patogu i\u0161plaukimas \u012f e\u017eer\u0105.","og_url":"https:\/\/www.namude.lt\/objektas\/du-zemes-sklypai-su-gyvenamuoju-namu-zarasu-r-uztiltes-k-zirgu-g-19-ir-19b-salia-poilsiautoju-pamegto-sartu-ezero-ir-dusetu-miestelio\/","og_site_name":"Namud\u0117","article_modified_time":"2025-07-21T11:00:06+00:00","og_image":[{"width":840,"height":630,"url":"https:\/\/www.namude.lt\/wp-content\/uploads\/2024\/01\/1-123.jpg","type":"image\/jpeg"}],"twitter_card":"summary_large_image","twitter_misc":{"Est. reading time":"1 minute"},"schema":{"@context":"https:\/\/schema.org","@graph":[{"@type":"WebPage","@id":"https:\/\/www.namude.lt\/objektas\/du-zemes-sklypai-su-gyvenamuoju-namu-zarasu-r-uztiltes-k-zirgu-g-19-ir-19b-salia-poilsiautoju-pamegto-sartu-ezero-ir-dusetu-miestelio\/","url":"https:\/\/www.namude.lt\/objektas\/du-zemes-sklypai-su-gyvenamuoju-namu-zarasu-r-uztiltes-k-zirgu-g-19-ir-19b-salia-poilsiautoju-pamegto-sartu-ezero-ir-dusetu-miestelio\/","name":"DU \u017dEM\u0116S SKLYPAI SU GYVENAMUOJU NAMU ZARAS\u0172 R., U\u017dTILT\u0116S K., \u017dIRG\u0172 G. 19 IR 19B, \u0160ALIA POILSIAUTOJ\u0172 PAM\u0116GTO SART\u0172 E\u017dERO IR DUSET\u0172 MIESTELIO - Namud\u0117","isPartOf":{"@id":"https:\/\/www.namude.lt\/#website"},"primaryImageOfPage":{"@id":"https:\/\/www.namude.lt\/objektas\/du-zemes-sklypai-su-gyvenamuoju-namu-zarasu-r-uztiltes-k-zirgu-g-19-ir-19b-salia-poilsiautoju-pamegto-sartu-ezero-ir-dusetu-miestelio\/#primaryimage"},"image":{"@id":"https:\/\/www.namude.lt\/objektas\/du-zemes-sklypai-su-gyvenamuoju-namu-zarasu-r-uztiltes-k-zirgu-g-19-ir-19b-salia-poilsiautoju-pamegto-sartu-ezero-ir-dusetu-miestelio\/#primaryimage"},"thumbnailUrl":"https:\/\/www.namude.lt\/wp-content\/uploads\/2024\/01\/1-123.jpg","datePublished":"2024-01-22T14:04:43+00:00","dateModified":"2025-07-21T11:00:06+00:00","breadcrumb":{"@id":"https:\/\/www.namude.lt\/objektas\/du-zemes-sklypai-su-gyvenamuoju-namu-zarasu-r-uztiltes-k-zirgu-g-19-ir-19b-salia-poilsiautoju-pamegto-sartu-ezero-ir-dusetu-miestelio\/#breadcrumb"},"inLanguage":"en-US","potentialAction":[{"@type":"ReadAction","target":["https:\/\/www.namude.lt\/objektas\/du-zemes-sklypai-su-gyvenamuoju-namu-zarasu-r-uztiltes-k-zirgu-g-19-ir-19b-salia-poilsiautoju-pamegto-sartu-ezero-ir-dusetu-miestelio\/"]}]},{"@type":"ImageObject","inLanguage":"en-US","@id":"https:\/\/www.namude.lt\/objektas\/du-zemes-sklypai-su-gyvenamuoju-namu-zarasu-r-uztiltes-k-zirgu-g-19-ir-19b-salia-poilsiautoju-pamegto-sartu-ezero-ir-dusetu-miestelio\/#primaryimage","url":"https:\/\/www.namude.lt\/wp-content\/uploads\/2024\/01\/1-123.jpg","contentUrl":"https:\/\/www.namude.lt\/wp-content\/uploads\/2024\/01\/1-123.jpg","width":840,"height":630},{"@type":"BreadcrumbList","@id":"https:\/\/www.namude.lt\/objektas\/du-zemes-sklypai-su-gyvenamuoju-namu-zarasu-r-uztiltes-k-zirgu-g-19-ir-19b-salia-poilsiautoju-pamegto-sartu-ezero-ir-dusetu-miestelio\/#breadcrumb","itemListElement":[{"@type":"ListItem","position":1,"name":"Home","item":"https:\/\/www.namude.lt\/en\/"},{"@type":"ListItem","position":2,"name":"Real estate","item":"https:\/\/www.namude.lt\/en\/real-estate\/"},{"@type":"ListItem","position":3,"name":"DU \u017dEM\u0116S SKLYPAI SU GYVENAMUOJU NAMU ZARAS\u0172 R., U\u017dTILT\u0116S K., \u017dIRG\u0172 G. 19 IR 19B, \u0160ALIA POILSIAUTOJ\u0172 PAM\u0116GTO SART\u0172 E\u017dERO IR DUSET\u0172 MIESTELIO"}]},{"@type":"WebSite","@id":"https:\/\/www.namude.lt\/#website","url":"https:\/\/www.namude.lt\/","name":"Namud\u0117","description":"\u201eNamud\u0117\u201c \u2013 agent\u016bra, pardavin\u0117janti Auk\u0161taitijos NT grynuolius.","publisher":{"@id":"https:\/\/www.namude.lt\/#organization"},"potentialAction":[{"@type":"SearchAction","target":{"@type":"EntryPoint","urlTemplate":"https:\/\/www.namude.lt\/?s={search_term_string}"},"query-input":{"@type":"PropertyValueSpecification","valueRequired":true,"valueName":"search_term_string"}}],"inLanguage":"en-US"},{"@type":"Organization","@id":"https:\/\/www.namude.lt\/#organization","name":"Namud\u0117","url":"https:\/\/www.namude.lt\/","logo":{"@type":"ImageObject","inLanguage":"en-US","@id":"https:\/\/www.namude.lt\/#\/schema\/logo\/image\/","url":"https:\/\/www.namude.lt\/wp-content\/uploads\/2023\/11\/logo-symbol.svg","contentUrl":"https:\/\/www.namude.lt\/wp-content\/uploads\/2023\/11\/logo-symbol.svg","width":1,"height":1,"caption":"Namud\u0117"},"image":{"@id":"https:\/\/www.namude.lt\/#\/schema\/logo\/image\/"}}]}},"_links":{"self":[{"href":"https:\/\/www.namude.lt\/en\/wp-json\/wp\/v2\/product\/2940","targetHints":{"allow":["GET"]}}],"collection":[{"href":"https:\/\/www.namude.lt\/en\/wp-json\/wp\/v2\/product"}],"about":[{"href":"https:\/\/www.namude.lt\/en\/wp-json\/wp\/v2\/types\/product"}],"wp:featuredmedia":[{"embeddable":true,"href":"https:\/\/www.namude.lt\/en\/wp-json\/wp\/v2\/media\/9753"}],"wp:attachment":[{"href":"https:\/\/www.namude.lt\/en\/wp-json\/wp\/v2\/media?parent=2940"}],"wp:term":[{"taxonomy":"product_brand","embeddable":true,"href":"https:\/\/www.namude.lt\/en\/wp-json\/wp\/v2\/product_brand?post=2940"},{"taxonomy":"product_cat","embeddable":true,"href":"https:\/\/www.namude.lt\/en\/wp-json\/wp\/v2\/product_cat?post=2940"},{"taxonomy":"product_tag","embeddable":true,"href":"https:\/\/www.namude.lt\/en\/wp-json\/wp\/v2\/product_tag?post=2940"}],"curies":[{"name":"wp","href":"https:\/\/api.w.org\/{rel}","templated":true}]}}