{"id":2741,"date":"2024-01-19T12:50:11","date_gmt":"2024-01-19T10:50:11","guid":{"rendered":"https:\/\/www.namude.lt\/?post_type=product&#038;p=2741"},"modified":"2025-10-01T14:54:09","modified_gmt":"2025-10-01T11:54:09","slug":"labai-priziureta-sodyba-svencioniu-rajone-aukstaitijos-nacionaliniam-parke-berniunu-kaime-krastine","status":"publish","type":"product","link":"https:\/\/www.namude.lt\/en\/object\/labai-priziureta-sodyba-svencioniu-rajone-aukstaitijos-nacionaliniam-parke-berniunu-kaime-krastine\/","title":{"rendered":"LABAI PRI\u017dI\u016aR\u0116TA SODYBA \u0160VEN\u010cIONI\u0172 RAJONE, AUK\u0160TAITIJOS NACIONALINIAM PARKE, BERNI\u016aN\u0172 KAIME"},"content":{"rendered":"<p><strong>\u00a0<\/strong><span style=\"vertical-align: inherit\"><span style=\"vertical-align: inherit\">\u00a0Parduodama su baldais ir buitine technika. Taip pat yra \u016bkiniai pastatai, nauja lauko virtuv\u0117 su nauja pirtimi, du gara\u017eai, didelis kiemo r\u016bsys (u\u017estatymo sklypas \u2013\u00a0 <\/span><\/span><strong><span style=\"vertical-align: inherit\"><span style=\"vertical-align: inherit\">33\u00a0<\/span><\/span><\/strong><span style=\"vertical-align: inherit\"><span style=\"vertical-align: inherit\"> kv. m.), malkin\u0117, \u0161ulinys, lauko tualetas, sodas. Gale sklypo taip pat yra buvusi senoji pirtel\u0117. Nam\u0173 valdai priklauso\u00a0 <\/span><\/span><strong><span style=\"vertical-align: inherit\"><span style=\"vertical-align: inherit\">0,5464\u00a0<\/span><\/span><\/strong><span style=\"vertical-align: inherit\"><span style=\"vertical-align: inherit\"> ha kitos paskirties \u017eem\u0117s sklypas. Kartu parduodamas (per keliuk\u0105)\u00a0 <\/span><\/span><strong><span style=\"vertical-align: inherit\"><span style=\"vertical-align: inherit\">0.9707\u00a0<\/span><\/span><\/strong><span style=\"vertical-align: inherit\"><span style=\"vertical-align: inherit\"> ha \u017eem\u0117s \u016bkio paskirties sklypas. Viso parduodama\u00a0 <\/span><\/span><strong><span style=\"vertical-align: inherit\"><span style=\"vertical-align: inherit\">1.5171\u00a0<\/span><\/span><\/strong><span style=\"vertical-align: inherit\"><span style=\"vertical-align: inherit\"> ha pri\u017ei\u016br\u0117tos \u017eem\u0117s sklypas. Geras priva\u017eiavimas i\u0161tisus metus. Nuo asfaltuoto kelio ma\u017eiau nei\u00a0 <\/span><\/span><strong><span style=\"vertical-align: inherit\"><span style=\"vertical-align: inherit\">1\u00a0<\/span><\/span><\/strong><span style=\"vertical-align: inherit\"><span style=\"vertical-align: inherit\"> km lauko \u2013 mi\u0161ko keliuku. Iki Vilniaus apie\u00a0\u00a0 <\/span><\/span><strong><span style=\"vertical-align: inherit\"><span style=\"vertical-align: inherit\">100\u00a0<\/span><\/span><\/strong><span style=\"vertical-align: inherit\"><span style=\"vertical-align: inherit\"> km. Iki Kaltan\u0117n\u0173 apie\u00a0 <\/span><\/span><strong><span style=\"vertical-align: inherit\"><span style=\"vertical-align: inherit\">3<\/span><\/span><\/strong><span style=\"vertical-align: inherit\"><span style=\"vertical-align: inherit\"> \u00a0km. Saugumas \u2013 kaime yra pastoviai gyvenan\u010di\u0173 kaimyn\u0173. Aplink mi\u0161kai, pilni gryb\u0173 ir uog\u0173. Taip pat aplink daug e\u017eer\u0173 ir netoli prateka \u017deimenos up\u0117. Labai gera sodyba ir vieta, tinkama ne tik poilsiui, bet ir pastoviam gyvenimui!<\/span><\/span><\/p>\n<p><span style=\"vertical-align: inherit\"><span style=\"vertical-align: inherit\">Sodybos koordinat\u0117s:<\/span><\/span><\/p>\n<p><span style=\"vertical-align: inherit\"><span style=\"vertical-align: inherit\">\u201eGoogle\u201c \u017eem\u0117lapiai: 55.271533, 25.959074<\/span><\/span><\/p>\n<p><span style=\"vertical-align: inherit\"><span style=\"vertical-align: inherit\">Maps.lt: 55.271504, 25.959127<\/span><\/span><\/p>\n","protected":false},"excerpt":{"rendered":"<p><strong><span style=\"vertical-align: inherit\"><span style=\"vertical-align: inherit\">Parduodama labai pri\u017ei\u016br\u0117ta sodyba \u0160ven\u010dioni\u0173 rajone, Auk\u0161taitijos nacionaliniam parke, Berni\u016bn\u0173 kaime, kra\u0161tin\u0117je.\u00a0<\/span><\/span><\/strong><span style=\"vertical-align: inherit\"><span style=\"vertical-align: inherit\"> Suremontuoto r\u0105stinio gyvenamojo namo bendras sklypas \u2013\u00a0 <\/span><\/span><strong><span style=\"vertical-align: inherit\"><span style=\"vertical-align: inherit\">85,79\u00a0<\/span><\/span><\/strong><span style=\"vertical-align: inherit\"><span style=\"vertical-align: inherit\"> kv. m. Name yra keturi kambariai, virtuv\u0117, veranda, prie\u0161kambaris. Mansarda ne\u012frengta. \u0160ildymas &#8211; pe\u010diai ir kondicionierius (oras-oras sistema). Vietinis vandentiekis (vanduo tiekiamas hidroforu i\u0161 \u0161ulinio). Buitin\u0117s nuotekos (i\u0161s\u0117mimo duob\u0117). Elektra \u2013 trifaz\u0117. Nauja stogo danga (\u201eEternitas\u201c). Visi lietvamzd\u017eiai, latakai ir apskardinimai \u2013 taip pat nauji. Sud\u0117ti \u0161iuolaikiniai langai su paketais.<\/span><\/span><\/p>\n","protected":false},"featured_media":22664,"template":"","meta":{"_acf_changed":false},"product_brand":[],"product_cat":[23],"product_tag":[],"class_list":{"0":"post-2741","1":"product","2":"type-product","3":"status-publish","4":"has-post-thumbnail","6":"product_cat-sodybos","7":"pa_rajonas-svencioniu-rajonas","8":"description-off","10":"first","11":"instock","12":"sale","13":"shipping-taxable","14":"purchasable","15":"product-type-simple"},"acf":[],"yoast_head":"<!-- This site is optimized with the Yoast SEO plugin v27.0 - https:\/\/yoast.com\/product\/yoast-seo-wordpress\/ -->\n<title>LABAI PRI\u017dI\u016aR\u0116TA SODYBA \u0160VEN\u010cIONI\u0172 RAJONE, AUK\u0160TAITIJOS NACIONALINIAM PARKE, BERNI\u016aN\u0172 KAIME - Namud\u0117<\/title>\n<meta name=\"robots\" content=\"index, follow, max-snippet:-1, max-image-preview:large, max-video-preview:-1\" \/>\n<link rel=\"canonical\" href=\"https:\/\/www.namude.lt\/objektas\/labai-priziureta-sodyba-svencioniu-rajone-aukstaitijos-nacionaliniam-parke-berniunu-kaime-krastine\/\" \/>\n<meta property=\"og:locale\" content=\"en_US\" \/>\n<meta property=\"og:type\" content=\"article\" \/>\n<meta property=\"og:title\" content=\"LABAI PRI\u017dI\u016aR\u0116TA SODYBA \u0160VEN\u010cIONI\u0172 RAJONE, AUK\u0160TAITIJOS NACIONALINIAM PARKE, BERNI\u016aN\u0172 KAIME - Namud\u0117\" \/>\n<meta property=\"og:description\" content=\"Parduodama labai pri\u017ei\u016br\u0117ta sodyba \u0160ven\u010dioni\u0173 rajone, Auk\u0161taitijos nacionaliniam parke, Berni\u016bn\u0173 kaime, kra\u0161tin\u0117je.\u00a0 Suremontuoto r\u0105stinio gyvenamojo namo bendras sklypas \u2013\u00a0 85,79\u00a0 kv. m. Name yra keturi kambariai, virtuv\u0117, veranda, prie\u0161kambaris. Mansarda ne\u012frengta. \u0160ildymas - pe\u010diai ir kondicionierius (oras-oras sistema). Vietinis vandentiekis (vanduo tiekiamas hidroforu i\u0161 \u0161ulinio). Buitin\u0117s nuotekos (i\u0161s\u0117mimo duob\u0117). Elektra \u2013 trifaz\u0117. Nauja stogo danga (\u201eEternitas\u201c). Visi lietvamzd\u017eiai, latakai ir apskardinimai \u2013 taip pat nauji. Sud\u0117ti \u0161iuolaikiniai langai su paketais.\" \/>\n<meta property=\"og:url\" content=\"https:\/\/www.namude.lt\/objektas\/labai-priziureta-sodyba-svencioniu-rajone-aukstaitijos-nacionaliniam-parke-berniunu-kaime-krastine\/\" \/>\n<meta property=\"og:site_name\" content=\"Namud\u0117\" \/>\n<meta property=\"article:modified_time\" content=\"2025-10-01T11:54:09+00:00\" \/>\n<meta property=\"og:image\" content=\"https:\/\/www.namude.lt\/wp-content\/uploads\/2024\/01\/2-136.jpg\" \/>\n\t<meta property=\"og:image:width\" content=\"800\" \/>\n\t<meta property=\"og:image:height\" content=\"531\" \/>\n\t<meta property=\"og:image:type\" content=\"image\/jpeg\" \/>\n<meta name=\"twitter:card\" content=\"summary_large_image\" \/>\n<meta name=\"twitter:label1\" content=\"Est. reading time\" \/>\n\t<meta name=\"twitter:data1\" content=\"1 minute\" \/>\n<script type=\"application\/ld+json\" class=\"yoast-schema-graph\">{\"@context\":\"https:\/\/schema.org\",\"@graph\":[{\"@type\":\"WebPage\",\"@id\":\"https:\/\/www.namude.lt\/objektas\/labai-priziureta-sodyba-svencioniu-rajone-aukstaitijos-nacionaliniam-parke-berniunu-kaime-krastine\/\",\"url\":\"https:\/\/www.namude.lt\/objektas\/labai-priziureta-sodyba-svencioniu-rajone-aukstaitijos-nacionaliniam-parke-berniunu-kaime-krastine\/\",\"name\":\"LABAI PRI\u017dI\u016aR\u0116TA SODYBA \u0160VEN\u010cIONI\u0172 RAJONE, AUK\u0160TAITIJOS NACIONALINIAM PARKE, BERNI\u016aN\u0172 KAIME - Namud\u0117\",\"isPartOf\":{\"@id\":\"https:\/\/www.namude.lt\/#website\"},\"primaryImageOfPage\":{\"@id\":\"https:\/\/www.namude.lt\/objektas\/labai-priziureta-sodyba-svencioniu-rajone-aukstaitijos-nacionaliniam-parke-berniunu-kaime-krastine\/#primaryimage\"},\"image\":{\"@id\":\"https:\/\/www.namude.lt\/objektas\/labai-priziureta-sodyba-svencioniu-rajone-aukstaitijos-nacionaliniam-parke-berniunu-kaime-krastine\/#primaryimage\"},\"thumbnailUrl\":\"https:\/\/www.namude.lt\/wp-content\/uploads\/2024\/01\/2-136.jpg\",\"datePublished\":\"2024-01-19T10:50:11+00:00\",\"dateModified\":\"2025-10-01T11:54:09+00:00\",\"breadcrumb\":{\"@id\":\"https:\/\/www.namude.lt\/objektas\/labai-priziureta-sodyba-svencioniu-rajone-aukstaitijos-nacionaliniam-parke-berniunu-kaime-krastine\/#breadcrumb\"},\"inLanguage\":\"en-US\",\"potentialAction\":[{\"@type\":\"ReadAction\",\"target\":[\"https:\/\/www.namude.lt\/objektas\/labai-priziureta-sodyba-svencioniu-rajone-aukstaitijos-nacionaliniam-parke-berniunu-kaime-krastine\/\"]}]},{\"@type\":\"ImageObject\",\"inLanguage\":\"en-US\",\"@id\":\"https:\/\/www.namude.lt\/objektas\/labai-priziureta-sodyba-svencioniu-rajone-aukstaitijos-nacionaliniam-parke-berniunu-kaime-krastine\/#primaryimage\",\"url\":\"https:\/\/www.namude.lt\/wp-content\/uploads\/2024\/01\/2-136.jpg\",\"contentUrl\":\"https:\/\/www.namude.lt\/wp-content\/uploads\/2024\/01\/2-136.jpg\",\"width\":800,\"height\":531},{\"@type\":\"BreadcrumbList\",\"@id\":\"https:\/\/www.namude.lt\/objektas\/labai-priziureta-sodyba-svencioniu-rajone-aukstaitijos-nacionaliniam-parke-berniunu-kaime-krastine\/#breadcrumb\",\"itemListElement\":[{\"@type\":\"ListItem\",\"position\":1,\"name\":\"Home\",\"item\":\"https:\/\/www.namude.lt\/en\/\"},{\"@type\":\"ListItem\",\"position\":2,\"name\":\"Real estate\",\"item\":\"https:\/\/www.namude.lt\/en\/real-estate\/\"},{\"@type\":\"ListItem\",\"position\":3,\"name\":\"LABAI PRI\u017dI\u016aR\u0116TA SODYBA \u0160VEN\u010cIONI\u0172 RAJONE, AUK\u0160TAITIJOS NACIONALINIAM PARKE, BERNI\u016aN\u0172 KAIME\"}]},{\"@type\":\"WebSite\",\"@id\":\"https:\/\/www.namude.lt\/#website\",\"url\":\"https:\/\/www.namude.lt\/\",\"name\":\"Namud\u0117\",\"description\":\"\u201eNamud\u0117\u201c \u2013 agent\u016bra, pardavin\u0117janti Auk\u0161taitijos NT grynuolius.\",\"publisher\":{\"@id\":\"https:\/\/www.namude.lt\/#organization\"},\"potentialAction\":[{\"@type\":\"SearchAction\",\"target\":{\"@type\":\"EntryPoint\",\"urlTemplate\":\"https:\/\/www.namude.lt\/?s={search_term_string}\"},\"query-input\":{\"@type\":\"PropertyValueSpecification\",\"valueRequired\":true,\"valueName\":\"search_term_string\"}}],\"inLanguage\":\"en-US\"},{\"@type\":\"Organization\",\"@id\":\"https:\/\/www.namude.lt\/#organization\",\"name\":\"Namud\u0117\",\"url\":\"https:\/\/www.namude.lt\/\",\"logo\":{\"@type\":\"ImageObject\",\"inLanguage\":\"en-US\",\"@id\":\"https:\/\/www.namude.lt\/#\/schema\/logo\/image\/\",\"url\":\"https:\/\/www.namude.lt\/wp-content\/uploads\/2023\/11\/logo-symbol.svg\",\"contentUrl\":\"https:\/\/www.namude.lt\/wp-content\/uploads\/2023\/11\/logo-symbol.svg\",\"width\":1,\"height\":1,\"caption\":\"Namud\u0117\"},\"image\":{\"@id\":\"https:\/\/www.namude.lt\/#\/schema\/logo\/image\/\"}}]}<\/script>\n<!-- \/ Yoast SEO plugin. -->","yoast_head_json":{"title":"LABAI PRI\u017dI\u016aR\u0116TA SODYBA \u0160VEN\u010cIONI\u0172 RAJONE, AUK\u0160TAITIJOS NACIONALINIAM PARKE, BERNI\u016aN\u0172 KAIME - Namud\u0117","robots":{"index":"index","follow":"follow","max-snippet":"max-snippet:-1","max-image-preview":"max-image-preview:large","max-video-preview":"max-video-preview:-1"},"canonical":"https:\/\/www.namude.lt\/objektas\/labai-priziureta-sodyba-svencioniu-rajone-aukstaitijos-nacionaliniam-parke-berniunu-kaime-krastine\/","og_locale":"en_US","og_type":"article","og_title":"LABAI PRI\u017dI\u016aR\u0116TA SODYBA \u0160VEN\u010cIONI\u0172 RAJONE, AUK\u0160TAITIJOS NACIONALINIAM PARKE, BERNI\u016aN\u0172 KAIME - Namud\u0117","og_description":"Parduodama labai pri\u017ei\u016br\u0117ta sodyba \u0160ven\u010dioni\u0173 rajone, Auk\u0161taitijos nacionaliniam parke, Berni\u016bn\u0173 kaime, kra\u0161tin\u0117je.\u00a0 Suremontuoto r\u0105stinio gyvenamojo namo bendras sklypas \u2013\u00a0 85,79\u00a0 kv. m. Name yra keturi kambariai, virtuv\u0117, veranda, prie\u0161kambaris. Mansarda ne\u012frengta. \u0160ildymas - pe\u010diai ir kondicionierius (oras-oras sistema). Vietinis vandentiekis (vanduo tiekiamas hidroforu i\u0161 \u0161ulinio). Buitin\u0117s nuotekos (i\u0161s\u0117mimo duob\u0117). Elektra \u2013 trifaz\u0117. Nauja stogo danga (\u201eEternitas\u201c). Visi lietvamzd\u017eiai, latakai ir apskardinimai \u2013 taip pat nauji. Sud\u0117ti \u0161iuolaikiniai langai su paketais.","og_url":"https:\/\/www.namude.lt\/objektas\/labai-priziureta-sodyba-svencioniu-rajone-aukstaitijos-nacionaliniam-parke-berniunu-kaime-krastine\/","og_site_name":"Namud\u0117","article_modified_time":"2025-10-01T11:54:09+00:00","og_image":[{"width":800,"height":531,"url":"https:\/\/www.namude.lt\/wp-content\/uploads\/2024\/01\/2-136.jpg","type":"image\/jpeg"}],"twitter_card":"summary_large_image","twitter_misc":{"Est. reading time":"1 minute"},"schema":{"@context":"https:\/\/schema.org","@graph":[{"@type":"WebPage","@id":"https:\/\/www.namude.lt\/objektas\/labai-priziureta-sodyba-svencioniu-rajone-aukstaitijos-nacionaliniam-parke-berniunu-kaime-krastine\/","url":"https:\/\/www.namude.lt\/objektas\/labai-priziureta-sodyba-svencioniu-rajone-aukstaitijos-nacionaliniam-parke-berniunu-kaime-krastine\/","name":"LABAI PRI\u017dI\u016aR\u0116TA SODYBA \u0160VEN\u010cIONI\u0172 RAJONE, AUK\u0160TAITIJOS NACIONALINIAM PARKE, BERNI\u016aN\u0172 KAIME - Namud\u0117","isPartOf":{"@id":"https:\/\/www.namude.lt\/#website"},"primaryImageOfPage":{"@id":"https:\/\/www.namude.lt\/objektas\/labai-priziureta-sodyba-svencioniu-rajone-aukstaitijos-nacionaliniam-parke-berniunu-kaime-krastine\/#primaryimage"},"image":{"@id":"https:\/\/www.namude.lt\/objektas\/labai-priziureta-sodyba-svencioniu-rajone-aukstaitijos-nacionaliniam-parke-berniunu-kaime-krastine\/#primaryimage"},"thumbnailUrl":"https:\/\/www.namude.lt\/wp-content\/uploads\/2024\/01\/2-136.jpg","datePublished":"2024-01-19T10:50:11+00:00","dateModified":"2025-10-01T11:54:09+00:00","breadcrumb":{"@id":"https:\/\/www.namude.lt\/objektas\/labai-priziureta-sodyba-svencioniu-rajone-aukstaitijos-nacionaliniam-parke-berniunu-kaime-krastine\/#breadcrumb"},"inLanguage":"en-US","potentialAction":[{"@type":"ReadAction","target":["https:\/\/www.namude.lt\/objektas\/labai-priziureta-sodyba-svencioniu-rajone-aukstaitijos-nacionaliniam-parke-berniunu-kaime-krastine\/"]}]},{"@type":"ImageObject","inLanguage":"en-US","@id":"https:\/\/www.namude.lt\/objektas\/labai-priziureta-sodyba-svencioniu-rajone-aukstaitijos-nacionaliniam-parke-berniunu-kaime-krastine\/#primaryimage","url":"https:\/\/www.namude.lt\/wp-content\/uploads\/2024\/01\/2-136.jpg","contentUrl":"https:\/\/www.namude.lt\/wp-content\/uploads\/2024\/01\/2-136.jpg","width":800,"height":531},{"@type":"BreadcrumbList","@id":"https:\/\/www.namude.lt\/objektas\/labai-priziureta-sodyba-svencioniu-rajone-aukstaitijos-nacionaliniam-parke-berniunu-kaime-krastine\/#breadcrumb","itemListElement":[{"@type":"ListItem","position":1,"name":"Home","item":"https:\/\/www.namude.lt\/en\/"},{"@type":"ListItem","position":2,"name":"Real estate","item":"https:\/\/www.namude.lt\/en\/real-estate\/"},{"@type":"ListItem","position":3,"name":"LABAI PRI\u017dI\u016aR\u0116TA SODYBA \u0160VEN\u010cIONI\u0172 RAJONE, AUK\u0160TAITIJOS NACIONALINIAM PARKE, BERNI\u016aN\u0172 KAIME"}]},{"@type":"WebSite","@id":"https:\/\/www.namude.lt\/#website","url":"https:\/\/www.namude.lt\/","name":"Namud\u0117","description":"\u201eNamud\u0117\u201c \u2013 agent\u016bra, pardavin\u0117janti Auk\u0161taitijos NT grynuolius.","publisher":{"@id":"https:\/\/www.namude.lt\/#organization"},"potentialAction":[{"@type":"SearchAction","target":{"@type":"EntryPoint","urlTemplate":"https:\/\/www.namude.lt\/?s={search_term_string}"},"query-input":{"@type":"PropertyValueSpecification","valueRequired":true,"valueName":"search_term_string"}}],"inLanguage":"en-US"},{"@type":"Organization","@id":"https:\/\/www.namude.lt\/#organization","name":"Namud\u0117","url":"https:\/\/www.namude.lt\/","logo":{"@type":"ImageObject","inLanguage":"en-US","@id":"https:\/\/www.namude.lt\/#\/schema\/logo\/image\/","url":"https:\/\/www.namude.lt\/wp-content\/uploads\/2023\/11\/logo-symbol.svg","contentUrl":"https:\/\/www.namude.lt\/wp-content\/uploads\/2023\/11\/logo-symbol.svg","width":1,"height":1,"caption":"Namud\u0117"},"image":{"@id":"https:\/\/www.namude.lt\/#\/schema\/logo\/image\/"}}]}},"_links":{"self":[{"href":"https:\/\/www.namude.lt\/en\/wp-json\/wp\/v2\/product\/2741","targetHints":{"allow":["GET"]}}],"collection":[{"href":"https:\/\/www.namude.lt\/en\/wp-json\/wp\/v2\/product"}],"about":[{"href":"https:\/\/www.namude.lt\/en\/wp-json\/wp\/v2\/types\/product"}],"wp:featuredmedia":[{"embeddable":true,"href":"https:\/\/www.namude.lt\/en\/wp-json\/wp\/v2\/media\/22664"}],"wp:attachment":[{"href":"https:\/\/www.namude.lt\/en\/wp-json\/wp\/v2\/media?parent=2741"}],"wp:term":[{"taxonomy":"product_brand","embeddable":true,"href":"https:\/\/www.namude.lt\/en\/wp-json\/wp\/v2\/product_brand?post=2741"},{"taxonomy":"product_cat","embeddable":true,"href":"https:\/\/www.namude.lt\/en\/wp-json\/wp\/v2\/product_cat?post=2741"},{"taxonomy":"product_tag","embeddable":true,"href":"https:\/\/www.namude.lt\/en\/wp-json\/wp\/v2\/product_tag?post=2741"}],"curies":[{"name":"wp","href":"https:\/\/api.w.org\/{rel}","templated":true}]}}