{"id":26946,"date":"2026-05-12T09:26:37","date_gmt":"2026-05-12T06:26:37","guid":{"rendered":"https:\/\/www.namude.lt\/?post_type=product&#038;p=26946"},"modified":"2026-05-12T09:26:38","modified_gmt":"2026-05-12T06:26:38","slug":"parduodama-sodyba-salia-samanio-ezero-su-442-ha-zemes-plotu-ignalinos-rajone-sokiskiu-kaimo-pakrastyje","status":"publish","type":"product","link":"https:\/\/www.namude.lt\/en\/object\/parduodama-sodyba-salia-samanio-ezero-su-442-ha-zemes-plotu-ignalinos-rajone-sokiskiu-kaimo-pakrastyje\/","title":{"rendered":"Parduodama Sodyba \u0161alia Samanio e\u017eero su 4,42 ha \u017eem\u0117s plotu Ignalinos rajone, Soki\u0161ki\u0173 kaimo pakra\u0161tyje!"},"content":{"rendered":"","protected":false},"excerpt":{"rendered":"<p> <strong> Tvarkinga sodyba su suremontuotu gyvenamuoju namu laukia nauj\u0173 \u0161eiminink\u0173.<\/strong><a href=\"https:\/\/www.namude.lt\/kategorija\/sodybos\/?filter_rajonas=ignalinos-rajonas&#038;query_type_rajonas=or\"><\/a>  Gamtos myl\u0117tojams tai puiki vieta ne tik poilsiui, hobiui, bet ir nuolatiniam gyvenimui. Soki\u0161ki\u0173 kaimas \u012fsik\u016br\u0119s prie kelio Salakas \u2013 D\u016bk\u0161tas, Gra\u017eut\u0117s regioniniam parke, \u0161alia Soki\u0161ki\u0173 piliakalnio  ir Samanio e\u017eero, kur gal\u0117site m\u0117gautis nuostabia gamta ir aktyviu laisvalaikiu gamtoje.<br \/>\nPRIVALUMAI:<br \/>\n\u2013 I\u0161or\u0117je suremontuotas (nauja stogo danga ir sien\u0173 apdaila, sud\u0117ti \u0161iuolaikiniai langai) r\u0105stinis gyvenamasis namas 67 kv. m. (3 kambariai, virtuv\u0117), po namu r\u016bsys.<br \/>\n\u2013 Tvirti priklausiniai (\u016bkinis, tvartas, klojimas, 2 \u0161uliniai, lauko tualetas); Buv\u0119s gyvenamasis namas, kuriame galima \u012frengti sve\u010di\u0173 namel\u012f;<br \/>\n\u2013 Sklypo plotas \u2013 4.42 ha, kuris susideda i\u0161  2 besiribojan\u010di\u0173 po 2.21 ha \u017eem\u0117s \u016bkio paskirties sklyp\u0173 (\u017ei\u016br. paskutin\u0119 nuotrauk\u0105);<br \/>\n\u2013 \u0160ildymas kieto kuro krosnimi;<br \/>\n\u2013 Didelis brandus sodas;<br \/>\n\u2013 Atstumai:<br \/>\n1) iki Soki\u0161ki\u0173 piliakalnio apie 450 m, nuo kurio atsiveria nuostabus panoraminis Samanio e\u017eero vaizdas;<br \/>\n2) iki Samanio e\u017eero apie 550 m;<br \/>\n3) artimiausias kaimynas apie 150 m;<br \/>\n4) Aplink dar visa gausyb\u0117 dideli\u0173 ir ma\u017eesni\u0173 e\u017eer\u0173. Tarp j\u0173 \u201e\u017evej\u0173 rojumi\u201c vadinamas Luod\u017eio e\u017eeras (apie 4 km) ir antras pagal dyd\u012f Lietuvoje Dysn\u0173 e\u017eeras.<br \/>\n5) Iki Ignalinos apie 30 km, iki Vilniaus apie 140 km;<br \/>\n6) Iki asfaltuoto kelio apie 0.5 km; <\/p>\n","protected":false},"featured_media":26947,"template":"","meta":{"_acf_changed":false},"product_brand":[],"product_cat":[23],"product_tag":[],"class_list":{"0":"post-26946","1":"product","2":"type-product","3":"status-publish","4":"has-post-thumbnail","6":"product_cat-sodybos","7":"pa_rajonas-ignalinos-rajonas","8":"description-off","10":"first","11":"instock","12":"shipping-taxable","13":"purchasable","14":"product-type-simple"},"acf":[],"yoast_head":"<!-- This site is optimized with the Yoast SEO plugin v27.4 - https:\/\/yoast.com\/product\/yoast-seo-wordpress\/ -->\n<title>Parduodama Sodyba \u0161alia Samanio e\u017eero su 4,42 ha \u017eem\u0117s plotu Ignalinos rajone, Soki\u0161ki\u0173 kaimo pakra\u0161tyje! - Namud\u0117<\/title>\n<meta name=\"robots\" content=\"index, follow, max-snippet:-1, max-image-preview:large, max-video-preview:-1\" \/>\n<link rel=\"canonical\" href=\"https:\/\/www.namude.lt\/objektas\/parduodama-sodyba-salia-samanio-ezero-su-442-ha-zemes-plotu-ignalinos-rajone-sokiskiu-kaimo-pakrastyje\/\" \/>\n<meta property=\"og:locale\" content=\"en_US\" \/>\n<meta property=\"og:type\" content=\"article\" \/>\n<meta property=\"og:title\" content=\"Parduodama Sodyba \u0161alia Samanio e\u017eero su 4,42 ha \u017eem\u0117s plotu Ignalinos rajone, Soki\u0161ki\u0173 kaimo pakra\u0161tyje! - Namud\u0117\" \/>\n<meta property=\"og:description\" content=\"Tvarkinga sodyba su suremontuotu gyvenamuoju namu laukia nauj\u0173 \u0161eiminink\u0173. Gamtos myl\u0117tojams tai puiki vieta ne tik poilsiui, hobiui, bet ir nuolatiniam gyvenimui. Soki\u0161ki\u0173 kaimas \u012fsik\u016br\u0119s prie kelio Salakas \u2013 D\u016bk\u0161tas, Gra\u017eut\u0117s regioniniam parke, \u0161alia Soki\u0161ki\u0173 piliakalnio ir Samanio e\u017eero, kur gal\u0117site m\u0117gautis nuostabia gamta ir aktyviu laisvalaikiu gamtoje.  PRIVALUMAI: \u2013 I\u0161or\u0117je suremontuotas (nauja stogo danga ir sien\u0173 apdaila, sud\u0117ti \u0161iuolaikiniai langai) r\u0105stinis gyvenamasis namas 67 kv. m. (3 kambariai, virtuv\u0117), po namu r\u016bsys. \u2013 Tvirti priklausiniai (\u016bkinis, tvartas, klojimas, 2 \u0161uliniai, lauko tualetas); Buv\u0119s gyvenamasis namas, kuriame galima \u012frengti sve\u010di\u0173 namel\u012f; \u2013 Sklypo plotas \u2013 4.42 ha, kuris susideda i\u0161 2 besiribojan\u010di\u0173 po 2.21 ha \u017eem\u0117s \u016bkio paskirties sklyp\u0173 (\u017ei\u016br. paskutin\u0119 nuotrauk\u0105); \u2013 \u0160ildymas kieto kuro krosnimi; \u2013 Didelis brandus sodas; \u2013 Atstumai:  1) iki Soki\u0161ki\u0173 piliakalnio apie 450 m, nuo kurio atsiveria nuostabus panoraminis Samanio e\u017eero vaizdas;  2) iki Samanio e\u017eero apie 550 m; 3) artimiausias kaimynas apie 150 m; 4) Aplink dar visa gausyb\u0117 dideli\u0173 ir ma\u017eesni\u0173 e\u017eer\u0173. Tarp j\u0173 \u201e\u017evej\u0173 rojumi\u201c vadinamas Luod\u017eio e\u017eeras (apie 4 km) ir antras pagal dyd\u012f Lietuvoje Dysn\u0173 e\u017eeras.  5) Iki Ignalinos apie 30 km, iki Vilniaus apie 140 km;  6) Iki asfaltuoto kelio apie 0.5 km;\" \/>\n<meta property=\"og:url\" content=\"https:\/\/www.namude.lt\/objektas\/parduodama-sodyba-salia-samanio-ezero-su-442-ha-zemes-plotu-ignalinos-rajone-sokiskiu-kaimo-pakrastyje\/\" \/>\n<meta property=\"og:site_name\" content=\"Namud\u0117\" \/>\n<meta property=\"article:modified_time\" content=\"2026-05-12T06:26:38+00:00\" \/>\n<meta property=\"og:image\" content=\"https:\/\/www.namude.lt\/wp-content\/uploads\/2026\/05\/1-4.jpg\" \/>\n\t<meta property=\"og:image:width\" content=\"800\" \/>\n\t<meta property=\"og:image:height\" content=\"600\" \/>\n\t<meta property=\"og:image:type\" content=\"image\/jpeg\" \/>\n<meta name=\"twitter:card\" content=\"summary_large_image\" \/>\n<script type=\"application\/ld+json\" class=\"yoast-schema-graph\">{\"@context\":\"https:\\\/\\\/schema.org\",\"@graph\":[{\"@type\":\"WebPage\",\"@id\":\"https:\\\/\\\/www.namude.lt\\\/objektas\\\/parduodama-sodyba-salia-samanio-ezero-su-442-ha-zemes-plotu-ignalinos-rajone-sokiskiu-kaimo-pakrastyje\\\/\",\"url\":\"https:\\\/\\\/www.namude.lt\\\/objektas\\\/parduodama-sodyba-salia-samanio-ezero-su-442-ha-zemes-plotu-ignalinos-rajone-sokiskiu-kaimo-pakrastyje\\\/\",\"name\":\"Parduodama Sodyba \u0161alia Samanio e\u017eero su 4,42 ha \u017eem\u0117s plotu Ignalinos rajone, Soki\u0161ki\u0173 kaimo pakra\u0161tyje! - Namud\u0117\",\"isPartOf\":{\"@id\":\"https:\\\/\\\/www.namude.lt\\\/#website\"},\"primaryImageOfPage\":{\"@id\":\"https:\\\/\\\/www.namude.lt\\\/objektas\\\/parduodama-sodyba-salia-samanio-ezero-su-442-ha-zemes-plotu-ignalinos-rajone-sokiskiu-kaimo-pakrastyje\\\/#primaryimage\"},\"image\":{\"@id\":\"https:\\\/\\\/www.namude.lt\\\/objektas\\\/parduodama-sodyba-salia-samanio-ezero-su-442-ha-zemes-plotu-ignalinos-rajone-sokiskiu-kaimo-pakrastyje\\\/#primaryimage\"},\"thumbnailUrl\":\"https:\\\/\\\/www.namude.lt\\\/wp-content\\\/uploads\\\/2026\\\/05\\\/1-4.jpg\",\"datePublished\":\"2026-05-12T06:26:37+00:00\",\"dateModified\":\"2026-05-12T06:26:38+00:00\",\"breadcrumb\":{\"@id\":\"https:\\\/\\\/www.namude.lt\\\/objektas\\\/parduodama-sodyba-salia-samanio-ezero-su-442-ha-zemes-plotu-ignalinos-rajone-sokiskiu-kaimo-pakrastyje\\\/#breadcrumb\"},\"inLanguage\":\"en-US\",\"potentialAction\":[{\"@type\":\"ReadAction\",\"target\":[\"https:\\\/\\\/www.namude.lt\\\/objektas\\\/parduodama-sodyba-salia-samanio-ezero-su-442-ha-zemes-plotu-ignalinos-rajone-sokiskiu-kaimo-pakrastyje\\\/\"]}]},{\"@type\":\"ImageObject\",\"inLanguage\":\"en-US\",\"@id\":\"https:\\\/\\\/www.namude.lt\\\/objektas\\\/parduodama-sodyba-salia-samanio-ezero-su-442-ha-zemes-plotu-ignalinos-rajone-sokiskiu-kaimo-pakrastyje\\\/#primaryimage\",\"url\":\"https:\\\/\\\/www.namude.lt\\\/wp-content\\\/uploads\\\/2026\\\/05\\\/1-4.jpg\",\"contentUrl\":\"https:\\\/\\\/www.namude.lt\\\/wp-content\\\/uploads\\\/2026\\\/05\\\/1-4.jpg\",\"width\":800,\"height\":600},{\"@type\":\"BreadcrumbList\",\"@id\":\"https:\\\/\\\/www.namude.lt\\\/objektas\\\/parduodama-sodyba-salia-samanio-ezero-su-442-ha-zemes-plotu-ignalinos-rajone-sokiskiu-kaimo-pakrastyje\\\/#breadcrumb\",\"itemListElement\":[{\"@type\":\"ListItem\",\"position\":1,\"name\":\"Home\",\"item\":\"https:\\\/\\\/www.namude.lt\\\/en\\\/\"},{\"@type\":\"ListItem\",\"position\":2,\"name\":\"Real estate\",\"item\":\"https:\\\/\\\/www.namude.lt\\\/en\\\/real-estate\\\/\"},{\"@type\":\"ListItem\",\"position\":3,\"name\":\"Parduodama Sodyba \u0161alia Samanio e\u017eero su 4,42 ha \u017eem\u0117s plotu Ignalinos rajone, Soki\u0161ki\u0173 kaimo pakra\u0161tyje!\"}]},{\"@type\":\"WebSite\",\"@id\":\"https:\\\/\\\/www.namude.lt\\\/#website\",\"url\":\"https:\\\/\\\/www.namude.lt\\\/\",\"name\":\"Namud\u0117\",\"description\":\"\u201eNamud\u0117\u201c \u2013 agent\u016bra, pardavin\u0117janti Auk\u0161taitijos NT grynuolius.\",\"publisher\":{\"@id\":\"https:\\\/\\\/www.namude.lt\\\/#organization\"},\"potentialAction\":[{\"@type\":\"SearchAction\",\"target\":{\"@type\":\"EntryPoint\",\"urlTemplate\":\"https:\\\/\\\/www.namude.lt\\\/?s={search_term_string}\"},\"query-input\":{\"@type\":\"PropertyValueSpecification\",\"valueRequired\":true,\"valueName\":\"search_term_string\"}}],\"inLanguage\":\"en-US\"},{\"@type\":\"Organization\",\"@id\":\"https:\\\/\\\/www.namude.lt\\\/#organization\",\"name\":\"Namud\u0117\",\"url\":\"https:\\\/\\\/www.namude.lt\\\/\",\"logo\":{\"@type\":\"ImageObject\",\"inLanguage\":\"en-US\",\"@id\":\"https:\\\/\\\/www.namude.lt\\\/#\\\/schema\\\/logo\\\/image\\\/\",\"url\":\"https:\\\/\\\/www.namude.lt\\\/wp-content\\\/uploads\\\/2023\\\/11\\\/logo-symbol.svg\",\"contentUrl\":\"https:\\\/\\\/www.namude.lt\\\/wp-content\\\/uploads\\\/2023\\\/11\\\/logo-symbol.svg\",\"width\":1,\"height\":1,\"caption\":\"Namud\u0117\"},\"image\":{\"@id\":\"https:\\\/\\\/www.namude.lt\\\/#\\\/schema\\\/logo\\\/image\\\/\"}}]}<\/script>\n<!-- \/ Yoast SEO plugin. -->","yoast_head_json":{"title":"Parduodama Sodyba \u0161alia Samanio e\u017eero su 4,42 ha \u017eem\u0117s plotu Ignalinos rajone, Soki\u0161ki\u0173 kaimo pakra\u0161tyje! - Namud\u0117","robots":{"index":"index","follow":"follow","max-snippet":"max-snippet:-1","max-image-preview":"max-image-preview:large","max-video-preview":"max-video-preview:-1"},"canonical":"https:\/\/www.namude.lt\/objektas\/parduodama-sodyba-salia-samanio-ezero-su-442-ha-zemes-plotu-ignalinos-rajone-sokiskiu-kaimo-pakrastyje\/","og_locale":"en_US","og_type":"article","og_title":"Parduodama Sodyba \u0161alia Samanio e\u017eero su 4,42 ha \u017eem\u0117s plotu Ignalinos rajone, Soki\u0161ki\u0173 kaimo pakra\u0161tyje! - Namud\u0117","og_description":"Tvarkinga sodyba su suremontuotu gyvenamuoju namu laukia nauj\u0173 \u0161eiminink\u0173. Gamtos myl\u0117tojams tai puiki vieta ne tik poilsiui, hobiui, bet ir nuolatiniam gyvenimui. Soki\u0161ki\u0173 kaimas \u012fsik\u016br\u0119s prie kelio Salakas \u2013 D\u016bk\u0161tas, Gra\u017eut\u0117s regioniniam parke, \u0161alia Soki\u0161ki\u0173 piliakalnio ir Samanio e\u017eero, kur gal\u0117site m\u0117gautis nuostabia gamta ir aktyviu laisvalaikiu gamtoje.  PRIVALUMAI: \u2013 I\u0161or\u0117je suremontuotas (nauja stogo danga ir sien\u0173 apdaila, sud\u0117ti \u0161iuolaikiniai langai) r\u0105stinis gyvenamasis namas 67 kv. m. (3 kambariai, virtuv\u0117), po namu r\u016bsys. \u2013 Tvirti priklausiniai (\u016bkinis, tvartas, klojimas, 2 \u0161uliniai, lauko tualetas); Buv\u0119s gyvenamasis namas, kuriame galima \u012frengti sve\u010di\u0173 namel\u012f; \u2013 Sklypo plotas \u2013 4.42 ha, kuris susideda i\u0161 2 besiribojan\u010di\u0173 po 2.21 ha \u017eem\u0117s \u016bkio paskirties sklyp\u0173 (\u017ei\u016br. paskutin\u0119 nuotrauk\u0105); \u2013 \u0160ildymas kieto kuro krosnimi; \u2013 Didelis brandus sodas; \u2013 Atstumai:  1) iki Soki\u0161ki\u0173 piliakalnio apie 450 m, nuo kurio atsiveria nuostabus panoraminis Samanio e\u017eero vaizdas;  2) iki Samanio e\u017eero apie 550 m; 3) artimiausias kaimynas apie 150 m; 4) Aplink dar visa gausyb\u0117 dideli\u0173 ir ma\u017eesni\u0173 e\u017eer\u0173. Tarp j\u0173 \u201e\u017evej\u0173 rojumi\u201c vadinamas Luod\u017eio e\u017eeras (apie 4 km) ir antras pagal dyd\u012f Lietuvoje Dysn\u0173 e\u017eeras.  5) Iki Ignalinos apie 30 km, iki Vilniaus apie 140 km;  6) Iki asfaltuoto kelio apie 0.5 km;","og_url":"https:\/\/www.namude.lt\/objektas\/parduodama-sodyba-salia-samanio-ezero-su-442-ha-zemes-plotu-ignalinos-rajone-sokiskiu-kaimo-pakrastyje\/","og_site_name":"Namud\u0117","article_modified_time":"2026-05-12T06:26:38+00:00","og_image":[{"width":800,"height":600,"url":"https:\/\/www.namude.lt\/wp-content\/uploads\/2026\/05\/1-4.jpg","type":"image\/jpeg"}],"twitter_card":"summary_large_image","schema":{"@context":"https:\/\/schema.org","@graph":[{"@type":"WebPage","@id":"https:\/\/www.namude.lt\/objektas\/parduodama-sodyba-salia-samanio-ezero-su-442-ha-zemes-plotu-ignalinos-rajone-sokiskiu-kaimo-pakrastyje\/","url":"https:\/\/www.namude.lt\/objektas\/parduodama-sodyba-salia-samanio-ezero-su-442-ha-zemes-plotu-ignalinos-rajone-sokiskiu-kaimo-pakrastyje\/","name":"Parduodama Sodyba \u0161alia Samanio e\u017eero su 4,42 ha \u017eem\u0117s plotu Ignalinos rajone, Soki\u0161ki\u0173 kaimo pakra\u0161tyje! - Namud\u0117","isPartOf":{"@id":"https:\/\/www.namude.lt\/#website"},"primaryImageOfPage":{"@id":"https:\/\/www.namude.lt\/objektas\/parduodama-sodyba-salia-samanio-ezero-su-442-ha-zemes-plotu-ignalinos-rajone-sokiskiu-kaimo-pakrastyje\/#primaryimage"},"image":{"@id":"https:\/\/www.namude.lt\/objektas\/parduodama-sodyba-salia-samanio-ezero-su-442-ha-zemes-plotu-ignalinos-rajone-sokiskiu-kaimo-pakrastyje\/#primaryimage"},"thumbnailUrl":"https:\/\/www.namude.lt\/wp-content\/uploads\/2026\/05\/1-4.jpg","datePublished":"2026-05-12T06:26:37+00:00","dateModified":"2026-05-12T06:26:38+00:00","breadcrumb":{"@id":"https:\/\/www.namude.lt\/objektas\/parduodama-sodyba-salia-samanio-ezero-su-442-ha-zemes-plotu-ignalinos-rajone-sokiskiu-kaimo-pakrastyje\/#breadcrumb"},"inLanguage":"en-US","potentialAction":[{"@type":"ReadAction","target":["https:\/\/www.namude.lt\/objektas\/parduodama-sodyba-salia-samanio-ezero-su-442-ha-zemes-plotu-ignalinos-rajone-sokiskiu-kaimo-pakrastyje\/"]}]},{"@type":"ImageObject","inLanguage":"en-US","@id":"https:\/\/www.namude.lt\/objektas\/parduodama-sodyba-salia-samanio-ezero-su-442-ha-zemes-plotu-ignalinos-rajone-sokiskiu-kaimo-pakrastyje\/#primaryimage","url":"https:\/\/www.namude.lt\/wp-content\/uploads\/2026\/05\/1-4.jpg","contentUrl":"https:\/\/www.namude.lt\/wp-content\/uploads\/2026\/05\/1-4.jpg","width":800,"height":600},{"@type":"BreadcrumbList","@id":"https:\/\/www.namude.lt\/objektas\/parduodama-sodyba-salia-samanio-ezero-su-442-ha-zemes-plotu-ignalinos-rajone-sokiskiu-kaimo-pakrastyje\/#breadcrumb","itemListElement":[{"@type":"ListItem","position":1,"name":"Home","item":"https:\/\/www.namude.lt\/en\/"},{"@type":"ListItem","position":2,"name":"Real estate","item":"https:\/\/www.namude.lt\/en\/real-estate\/"},{"@type":"ListItem","position":3,"name":"Parduodama Sodyba \u0161alia Samanio e\u017eero su 4,42 ha \u017eem\u0117s plotu Ignalinos rajone, Soki\u0161ki\u0173 kaimo pakra\u0161tyje!"}]},{"@type":"WebSite","@id":"https:\/\/www.namude.lt\/#website","url":"https:\/\/www.namude.lt\/","name":"Namud\u0117","description":"\u201eNamud\u0117\u201c \u2013 agent\u016bra, pardavin\u0117janti Auk\u0161taitijos NT grynuolius.","publisher":{"@id":"https:\/\/www.namude.lt\/#organization"},"potentialAction":[{"@type":"SearchAction","target":{"@type":"EntryPoint","urlTemplate":"https:\/\/www.namude.lt\/?s={search_term_string}"},"query-input":{"@type":"PropertyValueSpecification","valueRequired":true,"valueName":"search_term_string"}}],"inLanguage":"en-US"},{"@type":"Organization","@id":"https:\/\/www.namude.lt\/#organization","name":"Namud\u0117","url":"https:\/\/www.namude.lt\/","logo":{"@type":"ImageObject","inLanguage":"en-US","@id":"https:\/\/www.namude.lt\/#\/schema\/logo\/image\/","url":"https:\/\/www.namude.lt\/wp-content\/uploads\/2023\/11\/logo-symbol.svg","contentUrl":"https:\/\/www.namude.lt\/wp-content\/uploads\/2023\/11\/logo-symbol.svg","width":1,"height":1,"caption":"Namud\u0117"},"image":{"@id":"https:\/\/www.namude.lt\/#\/schema\/logo\/image\/"}}]}},"_links":{"self":[{"href":"https:\/\/www.namude.lt\/en\/wp-json\/wp\/v2\/product\/26946","targetHints":{"allow":["GET"]}}],"collection":[{"href":"https:\/\/www.namude.lt\/en\/wp-json\/wp\/v2\/product"}],"about":[{"href":"https:\/\/www.namude.lt\/en\/wp-json\/wp\/v2\/types\/product"}],"wp:featuredmedia":[{"embeddable":true,"href":"https:\/\/www.namude.lt\/en\/wp-json\/wp\/v2\/media\/26947"}],"wp:attachment":[{"href":"https:\/\/www.namude.lt\/en\/wp-json\/wp\/v2\/media?parent=26946"}],"wp:term":[{"taxonomy":"product_brand","embeddable":true,"href":"https:\/\/www.namude.lt\/en\/wp-json\/wp\/v2\/product_brand?post=26946"},{"taxonomy":"product_cat","embeddable":true,"href":"https:\/\/www.namude.lt\/en\/wp-json\/wp\/v2\/product_cat?post=26946"},{"taxonomy":"product_tag","embeddable":true,"href":"https:\/\/www.namude.lt\/en\/wp-json\/wp\/v2\/product_tag?post=26946"}],"curies":[{"name":"wp","href":"https:\/\/api.w.org\/{rel}","templated":true}]}}