{"id":26781,"date":"2026-05-07T11:42:35","date_gmt":"2026-05-07T08:42:35","guid":{"rendered":"https:\/\/www.namude.lt\/?post_type=product&#038;p=26781"},"modified":"2026-05-07T11:42:35","modified_gmt":"2026-05-07T08:42:35","slug":"parduodama-autentiska-sodyba-su-tvenkiniu-ir-erdviu-sklypu-netoli-svedasu-anyksciu-rajone","status":"publish","type":"product","link":"https:\/\/www.namude.lt\/en\/object\/parduodama-autentiska-sodyba-su-tvenkiniu-ir-erdviu-sklypu-netoli-svedasu-anyksciu-rajone\/","title":{"rendered":"PARDUODAMA AUTENTI\u0160KA SODYBA SU TVENKINIU IR ERDVIU SKLYPU NETOLI SV\u0116DAS\u0172 ANYK\u0160\u010cI\u0172 RAJONE!"},"content":{"rendered":"","protected":false},"excerpt":{"rendered":"<p><strong>Jeigu svajojate apie tikr\u0105 lietuvi\u0161k\u0105 sodyb\u0105 gamtoje \u2013 \u0161i vieta gali tapti j\u016bs\u0173.<\/strong><a href=\"https:\/\/www.namude.lt\/kategorija\/sodybos\/?filter_rajonas=anyksciu-rajonas&#038;query_type_rajonas=or\"><\/a> Erdviame 0,55 ha sklype \u012fsik\u016brusi jauki r\u0105stin\u0117 sodyba su nuosavu tvenkiniu, brand\u017eiais med\u017eiais ir daugybe \u016bkini\u0173 pastat\u0173 suteikia galimyb\u0119 gyventi ar poilsiauti taip, kaip norisi \u2013 l\u0117tai, ramiai ir arti gamtos.<br \/>\nSodybos teritorija \u017ealiuojanti ir privati \u2013 \u010dia rasite vietos sodui, dar\u017eui, poilsio zonai ar net ma\u017eam \u016bkiui. Vos u\u017e 3 km \u2013 Sv\u0117dasai, kuriuose rasite gimnazij\u0105, ba\u017eny\u010di\u0105, kult\u016bros namus, parduotuves ir visas svarbiausias kasdienes paslaugas. Patog\u016bs atstumai iki Anyk\u0161\u010di\u0173, Utenos, Roki\u0161kio ir Panev\u0117\u017eio leid\u017eia lengvai pasiekti miestus, ta\u010diau gyventi ramioje kaimi\u0161koje aplinkoje.<\/p>\n<p>PRIVALUMAI:<br \/>\n\u2013 R\u0105stinis namas 113,0 kv.m. (2 dideli erdv\u016bs kambariai, virtuv\u0117, du\u0161o ir tualeto patalpa, veranda)<br \/>\n\u2013 Kiti pastatai: (tvartas, dar\u017ein\u0117, \u016bkio pastatas,pirtis, viralin\u0117 kiemo r\u016bsys);<br \/>\n\u2013 0,55ha sklypas (sklypas \u017ealiuojantis, gausu vaismed\u017ei\u0173, vieta dar\u017eui, galimyb\u0117 auginti gyvulius yra tvenkinys);<br \/>\n&#8211; Elektra;<br \/>\n\u2013 \u0160ulinys;<br \/>\n\u2013 Vos 1,6 km iki artimiausio e\u017eero, taip pat apie 6km iki kit\u0173 aplink esan\u010di\u0173 e\u017eer\u0173.<br \/>\n\u2013 Patogus ir geras priva\u017eiavimas visais met\u0173 laikais, atstumai iki Sv\u0117das\u0173 3km, Anyk\u0161\u010di\u0173 28km, Utenos 28km, Roki\u0161kio 38km, Panev\u0117\u017eio  78km, Vilniaus 128km.<\/p>\n<p>Koordinat\u0117s:<br \/>\nmaps.lt \u2013 55.688213, 25.415237<\/p>\n","protected":false},"featured_media":26782,"template":"","meta":{"_acf_changed":false},"product_brand":[],"product_cat":[23],"product_tag":[],"class_list":{"0":"post-26781","1":"product","2":"type-product","3":"status-publish","4":"has-post-thumbnail","6":"product_cat-sodybos","7":"pa_rajonas-anyksciu-rajonas","8":"description-off","10":"first","11":"instock","12":"shipping-taxable","13":"purchasable","14":"product-type-simple"},"acf":[],"yoast_head":"<!-- This site is optimized with the Yoast SEO plugin v27.4 - https:\/\/yoast.com\/product\/yoast-seo-wordpress\/ -->\n<title>PARDUODAMA AUTENTI\u0160KA SODYBA SU TVENKINIU IR ERDVIU SKLYPU NETOLI SV\u0116DAS\u0172 ANYK\u0160\u010cI\u0172 RAJONE! - Namud\u0117<\/title>\n<meta name=\"robots\" content=\"index, follow, max-snippet:-1, max-image-preview:large, max-video-preview:-1\" \/>\n<link rel=\"canonical\" href=\"https:\/\/www.namude.lt\/objektas\/parduodama-autentiska-sodyba-su-tvenkiniu-ir-erdviu-sklypu-netoli-svedasu-anyksciu-rajone\/\" \/>\n<meta property=\"og:locale\" content=\"en_US\" \/>\n<meta property=\"og:type\" content=\"article\" \/>\n<meta property=\"og:title\" content=\"PARDUODAMA AUTENTI\u0160KA SODYBA SU TVENKINIU IR ERDVIU SKLYPU NETOLI SV\u0116DAS\u0172 ANYK\u0160\u010cI\u0172 RAJONE! - Namud\u0117\" \/>\n<meta property=\"og:description\" content=\"Jeigu svajojate apie tikr\u0105 lietuvi\u0161k\u0105 sodyb\u0105 gamtoje \u2013 \u0161i vieta gali tapti j\u016bs\u0173. Erdviame 0,55 ha sklype \u012fsik\u016brusi jauki r\u0105stin\u0117 sodyba su nuosavu tvenkiniu, brand\u017eiais med\u017eiais ir daugybe \u016bkini\u0173 pastat\u0173 suteikia galimyb\u0119 gyventi ar poilsiauti taip, kaip norisi \u2013 l\u0117tai, ramiai ir arti gamtos. Sodybos teritorija \u017ealiuojanti ir privati \u2013 \u010dia rasite vietos sodui, dar\u017eui, poilsio zonai ar net ma\u017eam \u016bkiui. Vos u\u017e 3 km \u2013 Sv\u0117dasai, kuriuose rasite gimnazij\u0105, ba\u017eny\u010di\u0105, kult\u016bros namus, parduotuves ir visas svarbiausias kasdienes paslaugas. Patog\u016bs atstumai iki Anyk\u0161\u010di\u0173, Utenos, Roki\u0161kio ir Panev\u0117\u017eio leid\u017eia lengvai pasiekti miestus, ta\u010diau gyventi ramioje kaimi\u0161koje aplinkoje.  PRIVALUMAI: \u2013 R\u0105stinis namas 113,0 kv.m. (2 dideli erdv\u016bs kambariai, virtuv\u0117, du\u0161o ir tualeto patalpa, veranda) \u2013 Kiti pastatai: (tvartas, dar\u017ein\u0117, \u016bkio pastatas,pirtis, viralin\u0117 kiemo r\u016bsys); \u2013 0,55ha sklypas (sklypas \u017ealiuojantis, gausu vaismed\u017ei\u0173, vieta dar\u017eui, galimyb\u0117 auginti gyvulius yra tvenkinys); - Elektra; \u2013 \u0160ulinys; \u2013 Vos 1,6 km iki artimiausio e\u017eero, taip pat apie 6km iki kit\u0173 aplink esan\u010di\u0173 e\u017eer\u0173. \u2013 Patogus ir geras priva\u017eiavimas visais met\u0173 laikais, atstumai iki Sv\u0117das\u0173 3km, Anyk\u0161\u010di\u0173 28km, Utenos 28km, Roki\u0161kio 38km, Panev\u0117\u017eio 78km, Vilniaus 128km.   Koordinat\u0117s: maps.lt \u2013 55.688213, 25.415237\" \/>\n<meta property=\"og:url\" content=\"https:\/\/www.namude.lt\/objektas\/parduodama-autentiska-sodyba-su-tvenkiniu-ir-erdviu-sklypu-netoli-svedasu-anyksciu-rajone\/\" \/>\n<meta property=\"og:site_name\" content=\"Namud\u0117\" \/>\n<meta property=\"og:image\" content=\"https:\/\/www.namude.lt\/wp-content\/uploads\/2026\/05\/1.jpg\" \/>\n\t<meta property=\"og:image:width\" content=\"2400\" \/>\n\t<meta property=\"og:image:height\" content=\"1800\" \/>\n\t<meta property=\"og:image:type\" content=\"image\/jpeg\" \/>\n<meta name=\"twitter:card\" content=\"summary_large_image\" \/>\n<script type=\"application\/ld+json\" class=\"yoast-schema-graph\">{\"@context\":\"https:\\\/\\\/schema.org\",\"@graph\":[{\"@type\":\"WebPage\",\"@id\":\"https:\\\/\\\/www.namude.lt\\\/objektas\\\/parduodama-autentiska-sodyba-su-tvenkiniu-ir-erdviu-sklypu-netoli-svedasu-anyksciu-rajone\\\/\",\"url\":\"https:\\\/\\\/www.namude.lt\\\/objektas\\\/parduodama-autentiska-sodyba-su-tvenkiniu-ir-erdviu-sklypu-netoli-svedasu-anyksciu-rajone\\\/\",\"name\":\"PARDUODAMA AUTENTI\u0160KA SODYBA SU TVENKINIU IR ERDVIU SKLYPU NETOLI SV\u0116DAS\u0172 ANYK\u0160\u010cI\u0172 RAJONE! - Namud\u0117\",\"isPartOf\":{\"@id\":\"https:\\\/\\\/www.namude.lt\\\/#website\"},\"primaryImageOfPage\":{\"@id\":\"https:\\\/\\\/www.namude.lt\\\/objektas\\\/parduodama-autentiska-sodyba-su-tvenkiniu-ir-erdviu-sklypu-netoli-svedasu-anyksciu-rajone\\\/#primaryimage\"},\"image\":{\"@id\":\"https:\\\/\\\/www.namude.lt\\\/objektas\\\/parduodama-autentiska-sodyba-su-tvenkiniu-ir-erdviu-sklypu-netoli-svedasu-anyksciu-rajone\\\/#primaryimage\"},\"thumbnailUrl\":\"https:\\\/\\\/www.namude.lt\\\/wp-content\\\/uploads\\\/2026\\\/05\\\/1.jpg\",\"datePublished\":\"2026-05-07T08:42:35+00:00\",\"breadcrumb\":{\"@id\":\"https:\\\/\\\/www.namude.lt\\\/objektas\\\/parduodama-autentiska-sodyba-su-tvenkiniu-ir-erdviu-sklypu-netoli-svedasu-anyksciu-rajone\\\/#breadcrumb\"},\"inLanguage\":\"en-US\",\"potentialAction\":[{\"@type\":\"ReadAction\",\"target\":[\"https:\\\/\\\/www.namude.lt\\\/objektas\\\/parduodama-autentiska-sodyba-su-tvenkiniu-ir-erdviu-sklypu-netoli-svedasu-anyksciu-rajone\\\/\"]}]},{\"@type\":\"ImageObject\",\"inLanguage\":\"en-US\",\"@id\":\"https:\\\/\\\/www.namude.lt\\\/objektas\\\/parduodama-autentiska-sodyba-su-tvenkiniu-ir-erdviu-sklypu-netoli-svedasu-anyksciu-rajone\\\/#primaryimage\",\"url\":\"https:\\\/\\\/www.namude.lt\\\/wp-content\\\/uploads\\\/2026\\\/05\\\/1.jpg\",\"contentUrl\":\"https:\\\/\\\/www.namude.lt\\\/wp-content\\\/uploads\\\/2026\\\/05\\\/1.jpg\",\"width\":2400,\"height\":1800},{\"@type\":\"BreadcrumbList\",\"@id\":\"https:\\\/\\\/www.namude.lt\\\/objektas\\\/parduodama-autentiska-sodyba-su-tvenkiniu-ir-erdviu-sklypu-netoli-svedasu-anyksciu-rajone\\\/#breadcrumb\",\"itemListElement\":[{\"@type\":\"ListItem\",\"position\":1,\"name\":\"Home\",\"item\":\"https:\\\/\\\/www.namude.lt\\\/en\\\/\"},{\"@type\":\"ListItem\",\"position\":2,\"name\":\"Real estate\",\"item\":\"https:\\\/\\\/www.namude.lt\\\/en\\\/real-estate\\\/\"},{\"@type\":\"ListItem\",\"position\":3,\"name\":\"PARDUODAMA AUTENTI\u0160KA SODYBA SU TVENKINIU IR ERDVIU SKLYPU NETOLI SV\u0116DAS\u0172 ANYK\u0160\u010cI\u0172 RAJONE!\"}]},{\"@type\":\"WebSite\",\"@id\":\"https:\\\/\\\/www.namude.lt\\\/#website\",\"url\":\"https:\\\/\\\/www.namude.lt\\\/\",\"name\":\"Namud\u0117\",\"description\":\"\u201eNamud\u0117\u201c \u2013 agent\u016bra, pardavin\u0117janti Auk\u0161taitijos NT grynuolius.\",\"publisher\":{\"@id\":\"https:\\\/\\\/www.namude.lt\\\/#organization\"},\"potentialAction\":[{\"@type\":\"SearchAction\",\"target\":{\"@type\":\"EntryPoint\",\"urlTemplate\":\"https:\\\/\\\/www.namude.lt\\\/?s={search_term_string}\"},\"query-input\":{\"@type\":\"PropertyValueSpecification\",\"valueRequired\":true,\"valueName\":\"search_term_string\"}}],\"inLanguage\":\"en-US\"},{\"@type\":\"Organization\",\"@id\":\"https:\\\/\\\/www.namude.lt\\\/#organization\",\"name\":\"Namud\u0117\",\"url\":\"https:\\\/\\\/www.namude.lt\\\/\",\"logo\":{\"@type\":\"ImageObject\",\"inLanguage\":\"en-US\",\"@id\":\"https:\\\/\\\/www.namude.lt\\\/#\\\/schema\\\/logo\\\/image\\\/\",\"url\":\"https:\\\/\\\/www.namude.lt\\\/wp-content\\\/uploads\\\/2023\\\/11\\\/logo-symbol.svg\",\"contentUrl\":\"https:\\\/\\\/www.namude.lt\\\/wp-content\\\/uploads\\\/2023\\\/11\\\/logo-symbol.svg\",\"width\":1,\"height\":1,\"caption\":\"Namud\u0117\"},\"image\":{\"@id\":\"https:\\\/\\\/www.namude.lt\\\/#\\\/schema\\\/logo\\\/image\\\/\"}}]}<\/script>\n<!-- \/ Yoast SEO plugin. -->","yoast_head_json":{"title":"PARDUODAMA AUTENTI\u0160KA SODYBA SU TVENKINIU IR ERDVIU SKLYPU NETOLI SV\u0116DAS\u0172 ANYK\u0160\u010cI\u0172 RAJONE! - Namud\u0117","robots":{"index":"index","follow":"follow","max-snippet":"max-snippet:-1","max-image-preview":"max-image-preview:large","max-video-preview":"max-video-preview:-1"},"canonical":"https:\/\/www.namude.lt\/objektas\/parduodama-autentiska-sodyba-su-tvenkiniu-ir-erdviu-sklypu-netoli-svedasu-anyksciu-rajone\/","og_locale":"en_US","og_type":"article","og_title":"PARDUODAMA AUTENTI\u0160KA SODYBA SU TVENKINIU IR ERDVIU SKLYPU NETOLI SV\u0116DAS\u0172 ANYK\u0160\u010cI\u0172 RAJONE! - Namud\u0117","og_description":"Jeigu svajojate apie tikr\u0105 lietuvi\u0161k\u0105 sodyb\u0105 gamtoje \u2013 \u0161i vieta gali tapti j\u016bs\u0173. Erdviame 0,55 ha sklype \u012fsik\u016brusi jauki r\u0105stin\u0117 sodyba su nuosavu tvenkiniu, brand\u017eiais med\u017eiais ir daugybe \u016bkini\u0173 pastat\u0173 suteikia galimyb\u0119 gyventi ar poilsiauti taip, kaip norisi \u2013 l\u0117tai, ramiai ir arti gamtos. Sodybos teritorija \u017ealiuojanti ir privati \u2013 \u010dia rasite vietos sodui, dar\u017eui, poilsio zonai ar net ma\u017eam \u016bkiui. Vos u\u017e 3 km \u2013 Sv\u0117dasai, kuriuose rasite gimnazij\u0105, ba\u017eny\u010di\u0105, kult\u016bros namus, parduotuves ir visas svarbiausias kasdienes paslaugas. Patog\u016bs atstumai iki Anyk\u0161\u010di\u0173, Utenos, Roki\u0161kio ir Panev\u0117\u017eio leid\u017eia lengvai pasiekti miestus, ta\u010diau gyventi ramioje kaimi\u0161koje aplinkoje.  PRIVALUMAI: \u2013 R\u0105stinis namas 113,0 kv.m. (2 dideli erdv\u016bs kambariai, virtuv\u0117, du\u0161o ir tualeto patalpa, veranda) \u2013 Kiti pastatai: (tvartas, dar\u017ein\u0117, \u016bkio pastatas,pirtis, viralin\u0117 kiemo r\u016bsys); \u2013 0,55ha sklypas (sklypas \u017ealiuojantis, gausu vaismed\u017ei\u0173, vieta dar\u017eui, galimyb\u0117 auginti gyvulius yra tvenkinys); - Elektra; \u2013 \u0160ulinys; \u2013 Vos 1,6 km iki artimiausio e\u017eero, taip pat apie 6km iki kit\u0173 aplink esan\u010di\u0173 e\u017eer\u0173. \u2013 Patogus ir geras priva\u017eiavimas visais met\u0173 laikais, atstumai iki Sv\u0117das\u0173 3km, Anyk\u0161\u010di\u0173 28km, Utenos 28km, Roki\u0161kio 38km, Panev\u0117\u017eio 78km, Vilniaus 128km.   Koordinat\u0117s: maps.lt \u2013 55.688213, 25.415237","og_url":"https:\/\/www.namude.lt\/objektas\/parduodama-autentiska-sodyba-su-tvenkiniu-ir-erdviu-sklypu-netoli-svedasu-anyksciu-rajone\/","og_site_name":"Namud\u0117","og_image":[{"width":2400,"height":1800,"url":"https:\/\/www.namude.lt\/wp-content\/uploads\/2026\/05\/1.jpg","type":"image\/jpeg"}],"twitter_card":"summary_large_image","schema":{"@context":"https:\/\/schema.org","@graph":[{"@type":"WebPage","@id":"https:\/\/www.namude.lt\/objektas\/parduodama-autentiska-sodyba-su-tvenkiniu-ir-erdviu-sklypu-netoli-svedasu-anyksciu-rajone\/","url":"https:\/\/www.namude.lt\/objektas\/parduodama-autentiska-sodyba-su-tvenkiniu-ir-erdviu-sklypu-netoli-svedasu-anyksciu-rajone\/","name":"PARDUODAMA AUTENTI\u0160KA SODYBA SU TVENKINIU IR ERDVIU SKLYPU NETOLI SV\u0116DAS\u0172 ANYK\u0160\u010cI\u0172 RAJONE! - Namud\u0117","isPartOf":{"@id":"https:\/\/www.namude.lt\/#website"},"primaryImageOfPage":{"@id":"https:\/\/www.namude.lt\/objektas\/parduodama-autentiska-sodyba-su-tvenkiniu-ir-erdviu-sklypu-netoli-svedasu-anyksciu-rajone\/#primaryimage"},"image":{"@id":"https:\/\/www.namude.lt\/objektas\/parduodama-autentiska-sodyba-su-tvenkiniu-ir-erdviu-sklypu-netoli-svedasu-anyksciu-rajone\/#primaryimage"},"thumbnailUrl":"https:\/\/www.namude.lt\/wp-content\/uploads\/2026\/05\/1.jpg","datePublished":"2026-05-07T08:42:35+00:00","breadcrumb":{"@id":"https:\/\/www.namude.lt\/objektas\/parduodama-autentiska-sodyba-su-tvenkiniu-ir-erdviu-sklypu-netoli-svedasu-anyksciu-rajone\/#breadcrumb"},"inLanguage":"en-US","potentialAction":[{"@type":"ReadAction","target":["https:\/\/www.namude.lt\/objektas\/parduodama-autentiska-sodyba-su-tvenkiniu-ir-erdviu-sklypu-netoli-svedasu-anyksciu-rajone\/"]}]},{"@type":"ImageObject","inLanguage":"en-US","@id":"https:\/\/www.namude.lt\/objektas\/parduodama-autentiska-sodyba-su-tvenkiniu-ir-erdviu-sklypu-netoli-svedasu-anyksciu-rajone\/#primaryimage","url":"https:\/\/www.namude.lt\/wp-content\/uploads\/2026\/05\/1.jpg","contentUrl":"https:\/\/www.namude.lt\/wp-content\/uploads\/2026\/05\/1.jpg","width":2400,"height":1800},{"@type":"BreadcrumbList","@id":"https:\/\/www.namude.lt\/objektas\/parduodama-autentiska-sodyba-su-tvenkiniu-ir-erdviu-sklypu-netoli-svedasu-anyksciu-rajone\/#breadcrumb","itemListElement":[{"@type":"ListItem","position":1,"name":"Home","item":"https:\/\/www.namude.lt\/en\/"},{"@type":"ListItem","position":2,"name":"Real estate","item":"https:\/\/www.namude.lt\/en\/real-estate\/"},{"@type":"ListItem","position":3,"name":"PARDUODAMA AUTENTI\u0160KA SODYBA SU TVENKINIU IR ERDVIU SKLYPU NETOLI SV\u0116DAS\u0172 ANYK\u0160\u010cI\u0172 RAJONE!"}]},{"@type":"WebSite","@id":"https:\/\/www.namude.lt\/#website","url":"https:\/\/www.namude.lt\/","name":"Namud\u0117","description":"\u201eNamud\u0117\u201c \u2013 agent\u016bra, pardavin\u0117janti Auk\u0161taitijos NT grynuolius.","publisher":{"@id":"https:\/\/www.namude.lt\/#organization"},"potentialAction":[{"@type":"SearchAction","target":{"@type":"EntryPoint","urlTemplate":"https:\/\/www.namude.lt\/?s={search_term_string}"},"query-input":{"@type":"PropertyValueSpecification","valueRequired":true,"valueName":"search_term_string"}}],"inLanguage":"en-US"},{"@type":"Organization","@id":"https:\/\/www.namude.lt\/#organization","name":"Namud\u0117","url":"https:\/\/www.namude.lt\/","logo":{"@type":"ImageObject","inLanguage":"en-US","@id":"https:\/\/www.namude.lt\/#\/schema\/logo\/image\/","url":"https:\/\/www.namude.lt\/wp-content\/uploads\/2023\/11\/logo-symbol.svg","contentUrl":"https:\/\/www.namude.lt\/wp-content\/uploads\/2023\/11\/logo-symbol.svg","width":1,"height":1,"caption":"Namud\u0117"},"image":{"@id":"https:\/\/www.namude.lt\/#\/schema\/logo\/image\/"}}]}},"_links":{"self":[{"href":"https:\/\/www.namude.lt\/en\/wp-json\/wp\/v2\/product\/26781","targetHints":{"allow":["GET"]}}],"collection":[{"href":"https:\/\/www.namude.lt\/en\/wp-json\/wp\/v2\/product"}],"about":[{"href":"https:\/\/www.namude.lt\/en\/wp-json\/wp\/v2\/types\/product"}],"wp:featuredmedia":[{"embeddable":true,"href":"https:\/\/www.namude.lt\/en\/wp-json\/wp\/v2\/media\/26782"}],"wp:attachment":[{"href":"https:\/\/www.namude.lt\/en\/wp-json\/wp\/v2\/media?parent=26781"}],"wp:term":[{"taxonomy":"product_brand","embeddable":true,"href":"https:\/\/www.namude.lt\/en\/wp-json\/wp\/v2\/product_brand?post=26781"},{"taxonomy":"product_cat","embeddable":true,"href":"https:\/\/www.namude.lt\/en\/wp-json\/wp\/v2\/product_cat?post=26781"},{"taxonomy":"product_tag","embeddable":true,"href":"https:\/\/www.namude.lt\/en\/wp-json\/wp\/v2\/product_tag?post=26781"}],"curies":[{"name":"wp","href":"https:\/\/api.w.org\/{rel}","templated":true}]}}