{"id":26697,"date":"2026-04-23T15:49:45","date_gmt":"2026-04-23T12:49:45","guid":{"rendered":"https:\/\/www.namude.lt\/?post_type=product&#038;p=26697"},"modified":"2026-04-23T15:49:45","modified_gmt":"2026-04-23T12:49:45","slug":"parduodamas-isskirtinis-sklypas-utenoje","status":"publish","type":"product","link":"https:\/\/www.namude.lt\/en\/object\/parduodamas-isskirtinis-sklypas-utenoje\/","title":{"rendered":"Parduodamas i\u0161skirtinis sklypas Utenoje"},"content":{"rendered":"","protected":false},"excerpt":{"rendered":"<p>Parduodamas sklypas vienoje patraukliausi\u0173 Utenos miesto viet\u0173 \u2013 Vy\u017euon\u0117li\u0173 gatv\u0117je, idealiai tinkantis kokybi\u0161kam gyvenimui arba ilgalaikei investicijai. Vos kelios minut\u0117s iki miesto centro \u2013 patogus susisiekimas, ta\u010diau pakankamai nutol\u0119s nuo miesto \u0161urmulio. Sklypas 3,78a \u012fsik\u016br\u0119s tvarkingoje, gyvenam\u0173j\u0173 nam\u0173 aplinkoje \u2013 tai vieta, kur jau\u010diama bendruomen\u0117 ir saugumas.<\/p>\n","protected":false},"featured_media":26698,"template":"","meta":{"_acf_changed":false},"product_brand":[],"product_cat":[24],"product_tag":[],"class_list":{"0":"post-26697","1":"product","2":"type-product","3":"status-publish","4":"has-post-thumbnail","6":"product_cat-sklypai","7":"pa_rajonas-utenos-rajonas","8":"description-off","10":"first","11":"instock","12":"shipping-taxable","13":"purchasable","14":"product-type-simple"},"acf":[],"yoast_head":"<!-- This site is optimized with the Yoast SEO plugin v27.4 - https:\/\/yoast.com\/product\/yoast-seo-wordpress\/ -->\n<title>Parduodamas i\u0161skirtinis sklypas Utenoje - Namud\u0117<\/title>\n<meta name=\"robots\" content=\"index, follow, max-snippet:-1, max-image-preview:large, max-video-preview:-1\" \/>\n<link rel=\"canonical\" href=\"https:\/\/www.namude.lt\/objektas\/parduodamas-isskirtinis-sklypas-utenoje\/\" \/>\n<meta property=\"og:locale\" content=\"en_US\" \/>\n<meta property=\"og:type\" content=\"article\" \/>\n<meta property=\"og:title\" content=\"Parduodamas i\u0161skirtinis sklypas Utenoje - Namud\u0117\" \/>\n<meta property=\"og:description\" content=\"Parduodamas sklypas vienoje patraukliausi\u0173 Utenos miesto viet\u0173 \u2013 Vy\u017euon\u0117li\u0173 gatv\u0117je, idealiai tinkantis kokybi\u0161kam gyvenimui arba ilgalaikei investicijai. Vos kelios minut\u0117s iki miesto centro \u2013 patogus susisiekimas, ta\u010diau pakankamai nutol\u0119s nuo miesto \u0161urmulio. Sklypas 3,78a \u012fsik\u016br\u0119s tvarkingoje, gyvenam\u0173j\u0173 nam\u0173 aplinkoje \u2013 tai vieta, kur jau\u010diama bendruomen\u0117 ir saugumas.\" \/>\n<meta property=\"og:url\" content=\"https:\/\/www.namude.lt\/objektas\/parduodamas-isskirtinis-sklypas-utenoje\/\" \/>\n<meta property=\"og:site_name\" content=\"Namud\u0117\" \/>\n<meta property=\"og:image\" content=\"https:\/\/www.namude.lt\/wp-content\/uploads\/2026\/04\/Vyzuoneliu-95-Utena.jpg\" \/>\n\t<meta property=\"og:image:width\" content=\"883\" \/>\n\t<meta property=\"og:image:height\" content=\"586\" \/>\n\t<meta property=\"og:image:type\" content=\"image\/jpeg\" \/>\n<meta name=\"twitter:card\" content=\"summary_large_image\" \/>\n<script type=\"application\/ld+json\" class=\"yoast-schema-graph\">{\"@context\":\"https:\\\/\\\/schema.org\",\"@graph\":[{\"@type\":\"WebPage\",\"@id\":\"https:\\\/\\\/www.namude.lt\\\/objektas\\\/parduodamas-isskirtinis-sklypas-utenoje\\\/\",\"url\":\"https:\\\/\\\/www.namude.lt\\\/objektas\\\/parduodamas-isskirtinis-sklypas-utenoje\\\/\",\"name\":\"Parduodamas i\u0161skirtinis sklypas Utenoje - Namud\u0117\",\"isPartOf\":{\"@id\":\"https:\\\/\\\/www.namude.lt\\\/#website\"},\"primaryImageOfPage\":{\"@id\":\"https:\\\/\\\/www.namude.lt\\\/objektas\\\/parduodamas-isskirtinis-sklypas-utenoje\\\/#primaryimage\"},\"image\":{\"@id\":\"https:\\\/\\\/www.namude.lt\\\/objektas\\\/parduodamas-isskirtinis-sklypas-utenoje\\\/#primaryimage\"},\"thumbnailUrl\":\"https:\\\/\\\/www.namude.lt\\\/wp-content\\\/uploads\\\/2026\\\/04\\\/Vyzuoneliu-95-Utena.jpg\",\"datePublished\":\"2026-04-23T12:49:45+00:00\",\"breadcrumb\":{\"@id\":\"https:\\\/\\\/www.namude.lt\\\/objektas\\\/parduodamas-isskirtinis-sklypas-utenoje\\\/#breadcrumb\"},\"inLanguage\":\"en-US\",\"potentialAction\":[{\"@type\":\"ReadAction\",\"target\":[\"https:\\\/\\\/www.namude.lt\\\/objektas\\\/parduodamas-isskirtinis-sklypas-utenoje\\\/\"]}]},{\"@type\":\"ImageObject\",\"inLanguage\":\"en-US\",\"@id\":\"https:\\\/\\\/www.namude.lt\\\/objektas\\\/parduodamas-isskirtinis-sklypas-utenoje\\\/#primaryimage\",\"url\":\"https:\\\/\\\/www.namude.lt\\\/wp-content\\\/uploads\\\/2026\\\/04\\\/Vyzuoneliu-95-Utena.jpg\",\"contentUrl\":\"https:\\\/\\\/www.namude.lt\\\/wp-content\\\/uploads\\\/2026\\\/04\\\/Vyzuoneliu-95-Utena.jpg\",\"width\":883,\"height\":586},{\"@type\":\"BreadcrumbList\",\"@id\":\"https:\\\/\\\/www.namude.lt\\\/objektas\\\/parduodamas-isskirtinis-sklypas-utenoje\\\/#breadcrumb\",\"itemListElement\":[{\"@type\":\"ListItem\",\"position\":1,\"name\":\"Home\",\"item\":\"https:\\\/\\\/www.namude.lt\\\/en\\\/\"},{\"@type\":\"ListItem\",\"position\":2,\"name\":\"Real estate\",\"item\":\"https:\\\/\\\/www.namude.lt\\\/en\\\/real-estate\\\/\"},{\"@type\":\"ListItem\",\"position\":3,\"name\":\"Parduodamas i\u0161skirtinis sklypas Utenoje\"}]},{\"@type\":\"WebSite\",\"@id\":\"https:\\\/\\\/www.namude.lt\\\/#website\",\"url\":\"https:\\\/\\\/www.namude.lt\\\/\",\"name\":\"Namud\u0117\",\"description\":\"\u201eNamud\u0117\u201c \u2013 agent\u016bra, pardavin\u0117janti Auk\u0161taitijos NT grynuolius.\",\"publisher\":{\"@id\":\"https:\\\/\\\/www.namude.lt\\\/#organization\"},\"potentialAction\":[{\"@type\":\"SearchAction\",\"target\":{\"@type\":\"EntryPoint\",\"urlTemplate\":\"https:\\\/\\\/www.namude.lt\\\/?s={search_term_string}\"},\"query-input\":{\"@type\":\"PropertyValueSpecification\",\"valueRequired\":true,\"valueName\":\"search_term_string\"}}],\"inLanguage\":\"en-US\"},{\"@type\":\"Organization\",\"@id\":\"https:\\\/\\\/www.namude.lt\\\/#organization\",\"name\":\"Namud\u0117\",\"url\":\"https:\\\/\\\/www.namude.lt\\\/\",\"logo\":{\"@type\":\"ImageObject\",\"inLanguage\":\"en-US\",\"@id\":\"https:\\\/\\\/www.namude.lt\\\/#\\\/schema\\\/logo\\\/image\\\/\",\"url\":\"https:\\\/\\\/www.namude.lt\\\/wp-content\\\/uploads\\\/2023\\\/11\\\/logo-symbol.svg\",\"contentUrl\":\"https:\\\/\\\/www.namude.lt\\\/wp-content\\\/uploads\\\/2023\\\/11\\\/logo-symbol.svg\",\"width\":1,\"height\":1,\"caption\":\"Namud\u0117\"},\"image\":{\"@id\":\"https:\\\/\\\/www.namude.lt\\\/#\\\/schema\\\/logo\\\/image\\\/\"}}]}<\/script>\n<!-- \/ Yoast SEO plugin. -->","yoast_head_json":{"title":"Parduodamas i\u0161skirtinis sklypas Utenoje - Namud\u0117","robots":{"index":"index","follow":"follow","max-snippet":"max-snippet:-1","max-image-preview":"max-image-preview:large","max-video-preview":"max-video-preview:-1"},"canonical":"https:\/\/www.namude.lt\/objektas\/parduodamas-isskirtinis-sklypas-utenoje\/","og_locale":"en_US","og_type":"article","og_title":"Parduodamas i\u0161skirtinis sklypas Utenoje - Namud\u0117","og_description":"Parduodamas sklypas vienoje patraukliausi\u0173 Utenos miesto viet\u0173 \u2013 Vy\u017euon\u0117li\u0173 gatv\u0117je, idealiai tinkantis kokybi\u0161kam gyvenimui arba ilgalaikei investicijai. Vos kelios minut\u0117s iki miesto centro \u2013 patogus susisiekimas, ta\u010diau pakankamai nutol\u0119s nuo miesto \u0161urmulio. Sklypas 3,78a \u012fsik\u016br\u0119s tvarkingoje, gyvenam\u0173j\u0173 nam\u0173 aplinkoje \u2013 tai vieta, kur jau\u010diama bendruomen\u0117 ir saugumas.","og_url":"https:\/\/www.namude.lt\/objektas\/parduodamas-isskirtinis-sklypas-utenoje\/","og_site_name":"Namud\u0117","og_image":[{"width":883,"height":586,"url":"https:\/\/www.namude.lt\/wp-content\/uploads\/2026\/04\/Vyzuoneliu-95-Utena.jpg","type":"image\/jpeg"}],"twitter_card":"summary_large_image","schema":{"@context":"https:\/\/schema.org","@graph":[{"@type":"WebPage","@id":"https:\/\/www.namude.lt\/objektas\/parduodamas-isskirtinis-sklypas-utenoje\/","url":"https:\/\/www.namude.lt\/objektas\/parduodamas-isskirtinis-sklypas-utenoje\/","name":"Parduodamas i\u0161skirtinis sklypas Utenoje - Namud\u0117","isPartOf":{"@id":"https:\/\/www.namude.lt\/#website"},"primaryImageOfPage":{"@id":"https:\/\/www.namude.lt\/objektas\/parduodamas-isskirtinis-sklypas-utenoje\/#primaryimage"},"image":{"@id":"https:\/\/www.namude.lt\/objektas\/parduodamas-isskirtinis-sklypas-utenoje\/#primaryimage"},"thumbnailUrl":"https:\/\/www.namude.lt\/wp-content\/uploads\/2026\/04\/Vyzuoneliu-95-Utena.jpg","datePublished":"2026-04-23T12:49:45+00:00","breadcrumb":{"@id":"https:\/\/www.namude.lt\/objektas\/parduodamas-isskirtinis-sklypas-utenoje\/#breadcrumb"},"inLanguage":"en-US","potentialAction":[{"@type":"ReadAction","target":["https:\/\/www.namude.lt\/objektas\/parduodamas-isskirtinis-sklypas-utenoje\/"]}]},{"@type":"ImageObject","inLanguage":"en-US","@id":"https:\/\/www.namude.lt\/objektas\/parduodamas-isskirtinis-sklypas-utenoje\/#primaryimage","url":"https:\/\/www.namude.lt\/wp-content\/uploads\/2026\/04\/Vyzuoneliu-95-Utena.jpg","contentUrl":"https:\/\/www.namude.lt\/wp-content\/uploads\/2026\/04\/Vyzuoneliu-95-Utena.jpg","width":883,"height":586},{"@type":"BreadcrumbList","@id":"https:\/\/www.namude.lt\/objektas\/parduodamas-isskirtinis-sklypas-utenoje\/#breadcrumb","itemListElement":[{"@type":"ListItem","position":1,"name":"Home","item":"https:\/\/www.namude.lt\/en\/"},{"@type":"ListItem","position":2,"name":"Real estate","item":"https:\/\/www.namude.lt\/en\/real-estate\/"},{"@type":"ListItem","position":3,"name":"Parduodamas i\u0161skirtinis sklypas Utenoje"}]},{"@type":"WebSite","@id":"https:\/\/www.namude.lt\/#website","url":"https:\/\/www.namude.lt\/","name":"Namud\u0117","description":"\u201eNamud\u0117\u201c \u2013 agent\u016bra, pardavin\u0117janti Auk\u0161taitijos NT grynuolius.","publisher":{"@id":"https:\/\/www.namude.lt\/#organization"},"potentialAction":[{"@type":"SearchAction","target":{"@type":"EntryPoint","urlTemplate":"https:\/\/www.namude.lt\/?s={search_term_string}"},"query-input":{"@type":"PropertyValueSpecification","valueRequired":true,"valueName":"search_term_string"}}],"inLanguage":"en-US"},{"@type":"Organization","@id":"https:\/\/www.namude.lt\/#organization","name":"Namud\u0117","url":"https:\/\/www.namude.lt\/","logo":{"@type":"ImageObject","inLanguage":"en-US","@id":"https:\/\/www.namude.lt\/#\/schema\/logo\/image\/","url":"https:\/\/www.namude.lt\/wp-content\/uploads\/2023\/11\/logo-symbol.svg","contentUrl":"https:\/\/www.namude.lt\/wp-content\/uploads\/2023\/11\/logo-symbol.svg","width":1,"height":1,"caption":"Namud\u0117"},"image":{"@id":"https:\/\/www.namude.lt\/#\/schema\/logo\/image\/"}}]}},"_links":{"self":[{"href":"https:\/\/www.namude.lt\/en\/wp-json\/wp\/v2\/product\/26697","targetHints":{"allow":["GET"]}}],"collection":[{"href":"https:\/\/www.namude.lt\/en\/wp-json\/wp\/v2\/product"}],"about":[{"href":"https:\/\/www.namude.lt\/en\/wp-json\/wp\/v2\/types\/product"}],"wp:featuredmedia":[{"embeddable":true,"href":"https:\/\/www.namude.lt\/en\/wp-json\/wp\/v2\/media\/26698"}],"wp:attachment":[{"href":"https:\/\/www.namude.lt\/en\/wp-json\/wp\/v2\/media?parent=26697"}],"wp:term":[{"taxonomy":"product_brand","embeddable":true,"href":"https:\/\/www.namude.lt\/en\/wp-json\/wp\/v2\/product_brand?post=26697"},{"taxonomy":"product_cat","embeddable":true,"href":"https:\/\/www.namude.lt\/en\/wp-json\/wp\/v2\/product_cat?post=26697"},{"taxonomy":"product_tag","embeddable":true,"href":"https:\/\/www.namude.lt\/en\/wp-json\/wp\/v2\/product_tag?post=26697"}],"curies":[{"name":"wp","href":"https:\/\/api.w.org\/{rel}","templated":true}]}}