{"id":26539,"date":"2026-04-21T09:56:49","date_gmt":"2026-04-21T06:56:49","guid":{"rendered":"https:\/\/www.namude.lt\/?post_type=product&#038;p=26539"},"modified":"2026-04-21T09:56:49","modified_gmt":"2026-04-21T06:56:49","slug":"parduodama-sodybos-dalis-rokiskio-raj","status":"publish","type":"product","link":"https:\/\/www.namude.lt\/en\/object\/parduodama-sodybos-dalis-rokiskio-raj\/","title":{"rendered":"PARDUODAMA SODYBOS DALIS, ROKI\u0160KIO RAJ."},"content":{"rendered":"","protected":false},"excerpt":{"rendered":"<p>Parduodama sodybos dalis \u012fsik\u016brusi Andri\u016bn\u0173 kaime, Roki\u0161kio rajonas \u2013 vaizdingos gamtos apsuptyje. \u0160is kra\u0161tas pasi\u017eymi i\u0161skirtiniu kra\u0161tovaizd\u017eiu, e\u017eerais, mi\u0161kais bei autenti\u0161ku Auk\u0161taitijos regiono kult\u016briniu paveldu. Roki\u0161kio rajonas vertinamas d\u0117l savo \u0161varios aplinkos, nedidelio gyventoj\u0173 tankumo ir puiki\u0173 galimybi\u0173 tiek poilsiui, tiek nuolatiniam gyvenimui.<br \/>\nArtimiausia gyvenviet\u0117 Obeli\u0173 miestelis \u012fsik\u016br\u0119s vos 5km nuo sodybos. Miestelyje puikiai i\u0161vystyta infostrukt\u016bra ir gausu lankytin\u0173 objekt\u0173, bei rasite visko ko reikia patogiam gyvenimui: parduotuv\u0117s, gimnazija, vaik\u0173 dar\u017eelis, biblioteka, pa\u0161tas, ambulatorija, muziejus, Obeli\u0173 mal\u016bnas, o vandens pramogomis gal\u0117site d\u017eiaugtis Obeli\u0173 e\u017eere.<br \/>\nPRIVALUMAI:<br \/>\nPRIVALUMAI:<br \/>\n\u2013 46kv.m. vieno auk\u0161to r\u0105stinio namo dalis (3 kambariai, virtuv\u0117, prie\u0161kambaris, r\u016bsys);<br \/>\n\u2013 27a nam\u0173 valdos sklypas: 7a prie gyvenamojo namo ir 20a prie \u016bkinio pastato bei tvenkinio;<br \/>\n\u2013 Geras priva\u017eiavimas. Atstumai  Iki Obeli\u0173 5km, Roki\u0161kio 23km, Duset\u0173 28km, Zaras\u0173 44km, Utenos 63km, Panev\u0117\u017eio 105km.<br \/>\nKoordinat\u0117s &#8211; 55.944921, 25.852006<\/p>\n","protected":false},"featured_media":26540,"template":"","meta":{"_acf_changed":false},"product_brand":[],"product_cat":[23],"product_tag":[],"class_list":{"0":"post-26539","1":"product","2":"type-product","3":"status-publish","4":"has-post-thumbnail","6":"product_cat-sodybos","7":"pa_rajonas-kiti-rajonai","8":"description-off","10":"first","11":"instock","12":"shipping-taxable","13":"purchasable","14":"product-type-simple"},"acf":[],"yoast_head":"<!-- This site is optimized with the Yoast SEO plugin v27.0 - https:\/\/yoast.com\/product\/yoast-seo-wordpress\/ -->\n<title>PARDUODAMA SODYBOS DALIS, ROKI\u0160KIO RAJ. - Namud\u0117<\/title>\n<meta name=\"robots\" content=\"index, follow, max-snippet:-1, max-image-preview:large, max-video-preview:-1\" \/>\n<link rel=\"canonical\" href=\"https:\/\/www.namude.lt\/objektas\/parduodama-sodybos-dalis-rokiskio-raj\/\" \/>\n<meta property=\"og:locale\" content=\"en_US\" \/>\n<meta property=\"og:type\" content=\"article\" \/>\n<meta property=\"og:title\" content=\"PARDUODAMA SODYBOS DALIS, ROKI\u0160KIO RAJ. - Namud\u0117\" \/>\n<meta property=\"og:description\" content=\"Parduodama sodybos dalis \u012fsik\u016brusi Andri\u016bn\u0173 kaime, Roki\u0161kio rajonas \u2013 vaizdingos gamtos apsuptyje. \u0160is kra\u0161tas pasi\u017eymi i\u0161skirtiniu kra\u0161tovaizd\u017eiu, e\u017eerais, mi\u0161kais bei autenti\u0161ku Auk\u0161taitijos regiono kult\u016briniu paveldu. Roki\u0161kio rajonas vertinamas d\u0117l savo \u0161varios aplinkos, nedidelio gyventoj\u0173 tankumo ir puiki\u0173 galimybi\u0173 tiek poilsiui, tiek nuolatiniam gyvenimui.  Artimiausia gyvenviet\u0117 Obeli\u0173 miestelis \u012fsik\u016br\u0119s vos 5km nuo sodybos. Miestelyje puikiai i\u0161vystyta infostrukt\u016bra ir gausu lankytin\u0173 objekt\u0173, bei rasite visko ko reikia patogiam gyvenimui: parduotuv\u0117s, gimnazija, vaik\u0173 dar\u017eelis, biblioteka, pa\u0161tas, ambulatorija, muziejus, Obeli\u0173 mal\u016bnas, o vandens pramogomis gal\u0117site d\u017eiaugtis Obeli\u0173 e\u017eere. PRIVALUMAI: PRIVALUMAI: \u2013 46kv.m. vieno auk\u0161to r\u0105stinio namo dalis (3 kambariai, virtuv\u0117, prie\u0161kambaris, r\u016bsys); \u2013 27a nam\u0173 valdos sklypas: 7a prie gyvenamojo namo ir 20a prie \u016bkinio pastato bei tvenkinio; \u2013 Geras priva\u017eiavimas. Atstumai Iki Obeli\u0173 5km, Roki\u0161kio 23km, Duset\u0173 28km, Zaras\u0173 44km, Utenos 63km, Panev\u0117\u017eio 105km. Koordinat\u0117s - 55.944921, 25.852006\" \/>\n<meta property=\"og:url\" content=\"https:\/\/www.namude.lt\/objektas\/parduodama-sodybos-dalis-rokiskio-raj\/\" \/>\n<meta property=\"og:site_name\" content=\"Namud\u0117\" \/>\n<meta property=\"og:image\" content=\"https:\/\/www.namude.lt\/wp-content\/uploads\/2026\/04\/1-9.jpg\" \/>\n\t<meta property=\"og:image:width\" content=\"2400\" \/>\n\t<meta property=\"og:image:height\" content=\"1800\" \/>\n\t<meta property=\"og:image:type\" content=\"image\/jpeg\" \/>\n<meta name=\"twitter:card\" content=\"summary_large_image\" \/>\n<script type=\"application\/ld+json\" class=\"yoast-schema-graph\">{\"@context\":\"https:\/\/schema.org\",\"@graph\":[{\"@type\":\"WebPage\",\"@id\":\"https:\/\/www.namude.lt\/objektas\/parduodama-sodybos-dalis-rokiskio-raj\/\",\"url\":\"https:\/\/www.namude.lt\/objektas\/parduodama-sodybos-dalis-rokiskio-raj\/\",\"name\":\"PARDUODAMA SODYBOS DALIS, ROKI\u0160KIO RAJ. - Namud\u0117\",\"isPartOf\":{\"@id\":\"https:\/\/www.namude.lt\/#website\"},\"primaryImageOfPage\":{\"@id\":\"https:\/\/www.namude.lt\/objektas\/parduodama-sodybos-dalis-rokiskio-raj\/#primaryimage\"},\"image\":{\"@id\":\"https:\/\/www.namude.lt\/objektas\/parduodama-sodybos-dalis-rokiskio-raj\/#primaryimage\"},\"thumbnailUrl\":\"https:\/\/www.namude.lt\/wp-content\/uploads\/2026\/04\/1-9.jpg\",\"datePublished\":\"2026-04-21T06:56:49+00:00\",\"breadcrumb\":{\"@id\":\"https:\/\/www.namude.lt\/objektas\/parduodama-sodybos-dalis-rokiskio-raj\/#breadcrumb\"},\"inLanguage\":\"en-US\",\"potentialAction\":[{\"@type\":\"ReadAction\",\"target\":[\"https:\/\/www.namude.lt\/objektas\/parduodama-sodybos-dalis-rokiskio-raj\/\"]}]},{\"@type\":\"ImageObject\",\"inLanguage\":\"en-US\",\"@id\":\"https:\/\/www.namude.lt\/objektas\/parduodama-sodybos-dalis-rokiskio-raj\/#primaryimage\",\"url\":\"https:\/\/www.namude.lt\/wp-content\/uploads\/2026\/04\/1-9.jpg\",\"contentUrl\":\"https:\/\/www.namude.lt\/wp-content\/uploads\/2026\/04\/1-9.jpg\",\"width\":2400,\"height\":1800},{\"@type\":\"BreadcrumbList\",\"@id\":\"https:\/\/www.namude.lt\/objektas\/parduodama-sodybos-dalis-rokiskio-raj\/#breadcrumb\",\"itemListElement\":[{\"@type\":\"ListItem\",\"position\":1,\"name\":\"Home\",\"item\":\"https:\/\/www.namude.lt\/en\/\"},{\"@type\":\"ListItem\",\"position\":2,\"name\":\"Real estate\",\"item\":\"https:\/\/www.namude.lt\/en\/real-estate\/\"},{\"@type\":\"ListItem\",\"position\":3,\"name\":\"PARDUODAMA SODYBOS DALIS, ROKI\u0160KIO RAJ.\"}]},{\"@type\":\"WebSite\",\"@id\":\"https:\/\/www.namude.lt\/#website\",\"url\":\"https:\/\/www.namude.lt\/\",\"name\":\"Namud\u0117\",\"description\":\"\u201eNamud\u0117\u201c \u2013 agent\u016bra, pardavin\u0117janti Auk\u0161taitijos NT grynuolius.\",\"publisher\":{\"@id\":\"https:\/\/www.namude.lt\/#organization\"},\"potentialAction\":[{\"@type\":\"SearchAction\",\"target\":{\"@type\":\"EntryPoint\",\"urlTemplate\":\"https:\/\/www.namude.lt\/?s={search_term_string}\"},\"query-input\":{\"@type\":\"PropertyValueSpecification\",\"valueRequired\":true,\"valueName\":\"search_term_string\"}}],\"inLanguage\":\"en-US\"},{\"@type\":\"Organization\",\"@id\":\"https:\/\/www.namude.lt\/#organization\",\"name\":\"Namud\u0117\",\"url\":\"https:\/\/www.namude.lt\/\",\"logo\":{\"@type\":\"ImageObject\",\"inLanguage\":\"en-US\",\"@id\":\"https:\/\/www.namude.lt\/#\/schema\/logo\/image\/\",\"url\":\"https:\/\/www.namude.lt\/wp-content\/uploads\/2023\/11\/logo-symbol.svg\",\"contentUrl\":\"https:\/\/www.namude.lt\/wp-content\/uploads\/2023\/11\/logo-symbol.svg\",\"width\":1,\"height\":1,\"caption\":\"Namud\u0117\"},\"image\":{\"@id\":\"https:\/\/www.namude.lt\/#\/schema\/logo\/image\/\"}}]}<\/script>\n<!-- \/ Yoast SEO plugin. -->","yoast_head_json":{"title":"PARDUODAMA SODYBOS DALIS, ROKI\u0160KIO RAJ. - Namud\u0117","robots":{"index":"index","follow":"follow","max-snippet":"max-snippet:-1","max-image-preview":"max-image-preview:large","max-video-preview":"max-video-preview:-1"},"canonical":"https:\/\/www.namude.lt\/objektas\/parduodama-sodybos-dalis-rokiskio-raj\/","og_locale":"en_US","og_type":"article","og_title":"PARDUODAMA SODYBOS DALIS, ROKI\u0160KIO RAJ. - Namud\u0117","og_description":"Parduodama sodybos dalis \u012fsik\u016brusi Andri\u016bn\u0173 kaime, Roki\u0161kio rajonas \u2013 vaizdingos gamtos apsuptyje. \u0160is kra\u0161tas pasi\u017eymi i\u0161skirtiniu kra\u0161tovaizd\u017eiu, e\u017eerais, mi\u0161kais bei autenti\u0161ku Auk\u0161taitijos regiono kult\u016briniu paveldu. Roki\u0161kio rajonas vertinamas d\u0117l savo \u0161varios aplinkos, nedidelio gyventoj\u0173 tankumo ir puiki\u0173 galimybi\u0173 tiek poilsiui, tiek nuolatiniam gyvenimui.  Artimiausia gyvenviet\u0117 Obeli\u0173 miestelis \u012fsik\u016br\u0119s vos 5km nuo sodybos. Miestelyje puikiai i\u0161vystyta infostrukt\u016bra ir gausu lankytin\u0173 objekt\u0173, bei rasite visko ko reikia patogiam gyvenimui: parduotuv\u0117s, gimnazija, vaik\u0173 dar\u017eelis, biblioteka, pa\u0161tas, ambulatorija, muziejus, Obeli\u0173 mal\u016bnas, o vandens pramogomis gal\u0117site d\u017eiaugtis Obeli\u0173 e\u017eere. PRIVALUMAI: PRIVALUMAI: \u2013 46kv.m. vieno auk\u0161to r\u0105stinio namo dalis (3 kambariai, virtuv\u0117, prie\u0161kambaris, r\u016bsys); \u2013 27a nam\u0173 valdos sklypas: 7a prie gyvenamojo namo ir 20a prie \u016bkinio pastato bei tvenkinio; \u2013 Geras priva\u017eiavimas. Atstumai Iki Obeli\u0173 5km, Roki\u0161kio 23km, Duset\u0173 28km, Zaras\u0173 44km, Utenos 63km, Panev\u0117\u017eio 105km. Koordinat\u0117s - 55.944921, 25.852006","og_url":"https:\/\/www.namude.lt\/objektas\/parduodama-sodybos-dalis-rokiskio-raj\/","og_site_name":"Namud\u0117","og_image":[{"width":2400,"height":1800,"url":"https:\/\/www.namude.lt\/wp-content\/uploads\/2026\/04\/1-9.jpg","type":"image\/jpeg"}],"twitter_card":"summary_large_image","schema":{"@context":"https:\/\/schema.org","@graph":[{"@type":"WebPage","@id":"https:\/\/www.namude.lt\/objektas\/parduodama-sodybos-dalis-rokiskio-raj\/","url":"https:\/\/www.namude.lt\/objektas\/parduodama-sodybos-dalis-rokiskio-raj\/","name":"PARDUODAMA SODYBOS DALIS, ROKI\u0160KIO RAJ. - Namud\u0117","isPartOf":{"@id":"https:\/\/www.namude.lt\/#website"},"primaryImageOfPage":{"@id":"https:\/\/www.namude.lt\/objektas\/parduodama-sodybos-dalis-rokiskio-raj\/#primaryimage"},"image":{"@id":"https:\/\/www.namude.lt\/objektas\/parduodama-sodybos-dalis-rokiskio-raj\/#primaryimage"},"thumbnailUrl":"https:\/\/www.namude.lt\/wp-content\/uploads\/2026\/04\/1-9.jpg","datePublished":"2026-04-21T06:56:49+00:00","breadcrumb":{"@id":"https:\/\/www.namude.lt\/objektas\/parduodama-sodybos-dalis-rokiskio-raj\/#breadcrumb"},"inLanguage":"en-US","potentialAction":[{"@type":"ReadAction","target":["https:\/\/www.namude.lt\/objektas\/parduodama-sodybos-dalis-rokiskio-raj\/"]}]},{"@type":"ImageObject","inLanguage":"en-US","@id":"https:\/\/www.namude.lt\/objektas\/parduodama-sodybos-dalis-rokiskio-raj\/#primaryimage","url":"https:\/\/www.namude.lt\/wp-content\/uploads\/2026\/04\/1-9.jpg","contentUrl":"https:\/\/www.namude.lt\/wp-content\/uploads\/2026\/04\/1-9.jpg","width":2400,"height":1800},{"@type":"BreadcrumbList","@id":"https:\/\/www.namude.lt\/objektas\/parduodama-sodybos-dalis-rokiskio-raj\/#breadcrumb","itemListElement":[{"@type":"ListItem","position":1,"name":"Home","item":"https:\/\/www.namude.lt\/en\/"},{"@type":"ListItem","position":2,"name":"Real estate","item":"https:\/\/www.namude.lt\/en\/real-estate\/"},{"@type":"ListItem","position":3,"name":"PARDUODAMA SODYBOS DALIS, ROKI\u0160KIO RAJ."}]},{"@type":"WebSite","@id":"https:\/\/www.namude.lt\/#website","url":"https:\/\/www.namude.lt\/","name":"Namud\u0117","description":"\u201eNamud\u0117\u201c \u2013 agent\u016bra, pardavin\u0117janti Auk\u0161taitijos NT grynuolius.","publisher":{"@id":"https:\/\/www.namude.lt\/#organization"},"potentialAction":[{"@type":"SearchAction","target":{"@type":"EntryPoint","urlTemplate":"https:\/\/www.namude.lt\/?s={search_term_string}"},"query-input":{"@type":"PropertyValueSpecification","valueRequired":true,"valueName":"search_term_string"}}],"inLanguage":"en-US"},{"@type":"Organization","@id":"https:\/\/www.namude.lt\/#organization","name":"Namud\u0117","url":"https:\/\/www.namude.lt\/","logo":{"@type":"ImageObject","inLanguage":"en-US","@id":"https:\/\/www.namude.lt\/#\/schema\/logo\/image\/","url":"https:\/\/www.namude.lt\/wp-content\/uploads\/2023\/11\/logo-symbol.svg","contentUrl":"https:\/\/www.namude.lt\/wp-content\/uploads\/2023\/11\/logo-symbol.svg","width":1,"height":1,"caption":"Namud\u0117"},"image":{"@id":"https:\/\/www.namude.lt\/#\/schema\/logo\/image\/"}}]}},"_links":{"self":[{"href":"https:\/\/www.namude.lt\/en\/wp-json\/wp\/v2\/product\/26539","targetHints":{"allow":["GET"]}}],"collection":[{"href":"https:\/\/www.namude.lt\/en\/wp-json\/wp\/v2\/product"}],"about":[{"href":"https:\/\/www.namude.lt\/en\/wp-json\/wp\/v2\/types\/product"}],"wp:featuredmedia":[{"embeddable":true,"href":"https:\/\/www.namude.lt\/en\/wp-json\/wp\/v2\/media\/26540"}],"wp:attachment":[{"href":"https:\/\/www.namude.lt\/en\/wp-json\/wp\/v2\/media?parent=26539"}],"wp:term":[{"taxonomy":"product_brand","embeddable":true,"href":"https:\/\/www.namude.lt\/en\/wp-json\/wp\/v2\/product_brand?post=26539"},{"taxonomy":"product_cat","embeddable":true,"href":"https:\/\/www.namude.lt\/en\/wp-json\/wp\/v2\/product_cat?post=26539"},{"taxonomy":"product_tag","embeddable":true,"href":"https:\/\/www.namude.lt\/en\/wp-json\/wp\/v2\/product_tag?post=26539"}],"curies":[{"name":"wp","href":"https:\/\/api.w.org\/{rel}","templated":true}]}}