{"id":26413,"date":"2026-04-15T16:08:50","date_gmt":"2026-04-15T13:08:50","guid":{"rendered":"https:\/\/www.namude.lt\/?post_type=product&#038;p=26413"},"modified":"2026-04-15T16:08:50","modified_gmt":"2026-04-15T13:08:50","slug":"parduodama-sodybviete-su-6ha-zemes-sklypu-anyksciu-rajone","status":"publish","type":"product","link":"https:\/\/www.namude.lt\/en\/object\/parduodama-sodybviete-su-6ha-zemes-sklypu-anyksciu-rajone\/","title":{"rendered":"PARDUODAMA  SODYBVIET\u0116 SU 6HA \u017dEM\u0116S SKLYPU &#8211;  ANYK\u0160\u010cI\u0172 RAJONE!"},"content":{"rendered":"","protected":false},"excerpt":{"rendered":"<p><strong>Ie\u0161kote tikros ramyb\u0117s ir erdv\u0117s savo vizijai? Anyk\u0161\u010di\u0173 rajone parduodama sodyba vienkiemyje su net 5,94 ha \u017eem\u0117s sklypu \u2013 vieta, kur gamta tampa kasdienyb\u0117s dalimi.<\/strong><a href=\"https:\/\/www.namude.lt\/kategorija\/sodybos\/?filter_rajonas=anyksciu-rajonas&#038;query_type_rajonas=or\"><\/a> Teritorijoje yra nuosavas tvenkinys, dal\u012f sklypo sudaro mi\u0161kas, tod\u0117l \u010dia netr\u016bksta privatumo, \u017ealumos ir nat\u016bralios ramyb\u0117s.<br \/>\nSodyboje registruota nema\u017eai pastat\u0173, suteikian\u010di\u0173 galimybi\u0173 tiek atkurti autenti\u0161k\u0105 sodyb\u0105, tiek \u012fgyvendinti naujus projektus. Pastatams reikalingas kapitalinis remontas, tad tai puiki proga susikurti visk\u0105 pagal savo poreikius \u2013 nuo jaukios gyvenamosios erdv\u0117s iki poilsio ar kaimo turizmo vietos.<\/p>\n<p>PRIVALUMAI:<br \/>\n\u2013 R\u0105stinis namas 84,36 kv.m. (tradicin\u0117 medin\u0117 troba, reikalingas kapitalinis remontas)<br \/>\n\u2013 Kiti pastatai: (lauko virtuv\u0117, kiemo r\u016bsys, \u016bkinis pastatas, tvartas, gara\u017eas, malkin\u0117s);<br \/>\n\u2013 5,94 ha sklypas (sklypas \u017ealiuojantis, vieta dar\u017eui, galimyb\u0117 auginti gyvulius yra tvenkinys);<br \/>\n&#8211; Elektra;<br \/>\n\u2013 \u0160ulinys;<br \/>\n\u2013 Vos 1,6 km iki artimiausio e\u017eero, taip pat apie 6km iki kit\u0173 aplink esan\u010di\u0173 e\u017eer\u0173.<br \/>\n\u2013 Patogus ir geras priva\u017eiavimas visais met\u0173 laikais, atstumai iki Sv\u0117das\u0173 6km, Anyk\u0161\u010di\u0173 30km, Utenos 30km, Roki\u0161kio 40km, Panev\u0117\u017eio  80km, Vilniaus 130km.<\/p>\n<p>Koordinat\u0117s:<br \/>\nmaps.lt \u2013 55.690079, 25.444563<\/p>\n","protected":false},"featured_media":26414,"template":"","meta":{"_acf_changed":false},"product_brand":[],"product_cat":[23],"product_tag":[],"class_list":{"0":"post-26413","1":"product","2":"type-product","3":"status-publish","4":"has-post-thumbnail","6":"product_cat-sodybos","7":"pa_rajonas-anyksciu-rajonas","8":"description-off","10":"first","11":"instock","12":"shipping-taxable","13":"purchasable","14":"product-type-simple"},"acf":[],"yoast_head":"<!-- This site is optimized with the Yoast SEO plugin v27.0 - https:\/\/yoast.com\/product\/yoast-seo-wordpress\/ -->\n<title>PARDUODAMA SODYBVIET\u0116 SU 6HA \u017dEM\u0116S SKLYPU - ANYK\u0160\u010cI\u0172 RAJONE! - Namud\u0117<\/title>\n<meta name=\"robots\" content=\"index, follow, max-snippet:-1, max-image-preview:large, max-video-preview:-1\" \/>\n<link rel=\"canonical\" href=\"https:\/\/www.namude.lt\/objektas\/parduodama-sodybviete-su-6ha-zemes-sklypu-anyksciu-rajone\/\" \/>\n<meta property=\"og:locale\" content=\"en_US\" \/>\n<meta property=\"og:type\" content=\"article\" \/>\n<meta property=\"og:title\" content=\"PARDUODAMA SODYBVIET\u0116 SU 6HA \u017dEM\u0116S SKLYPU - ANYK\u0160\u010cI\u0172 RAJONE! - Namud\u0117\" \/>\n<meta property=\"og:description\" content=\"Ie\u0161kote tikros ramyb\u0117s ir erdv\u0117s savo vizijai? Anyk\u0161\u010di\u0173 rajone parduodama sodyba vienkiemyje su net 5,94 ha \u017eem\u0117s sklypu \u2013 vieta, kur gamta tampa kasdienyb\u0117s dalimi. Teritorijoje yra nuosavas tvenkinys, dal\u012f sklypo sudaro mi\u0161kas, tod\u0117l \u010dia netr\u016bksta privatumo, \u017ealumos ir nat\u016bralios ramyb\u0117s. Sodyboje registruota nema\u017eai pastat\u0173, suteikian\u010di\u0173 galimybi\u0173 tiek atkurti autenti\u0161k\u0105 sodyb\u0105, tiek \u012fgyvendinti naujus projektus. Pastatams reikalingas kapitalinis remontas, tad tai puiki proga susikurti visk\u0105 pagal savo poreikius \u2013 nuo jaukios gyvenamosios erdv\u0117s iki poilsio ar kaimo turizmo vietos.  PRIVALUMAI: \u2013 R\u0105stinis namas 84,36 kv.m. (tradicin\u0117 medin\u0117 troba, reikalingas kapitalinis remontas) \u2013 Kiti pastatai: (lauko virtuv\u0117, kiemo r\u016bsys, \u016bkinis pastatas, tvartas, gara\u017eas, malkin\u0117s); \u2013 5,94 ha sklypas (sklypas \u017ealiuojantis, vieta dar\u017eui, galimyb\u0117 auginti gyvulius yra tvenkinys); - Elektra; \u2013 \u0160ulinys; \u2013 Vos 1,6 km iki artimiausio e\u017eero, taip pat apie 6km iki kit\u0173 aplink esan\u010di\u0173 e\u017eer\u0173. \u2013 Patogus ir geras priva\u017eiavimas visais met\u0173 laikais, atstumai iki Sv\u0117das\u0173 6km, Anyk\u0161\u010di\u0173 30km, Utenos 30km, Roki\u0161kio 40km, Panev\u0117\u017eio 80km, Vilniaus 130km.   Koordinat\u0117s: maps.lt \u2013 55.690079, 25.444563\" \/>\n<meta property=\"og:url\" content=\"https:\/\/www.namude.lt\/objektas\/parduodama-sodybviete-su-6ha-zemes-sklypu-anyksciu-rajone\/\" \/>\n<meta property=\"og:site_name\" content=\"Namud\u0117\" \/>\n<meta property=\"og:image\" content=\"https:\/\/www.namude.lt\/wp-content\/uploads\/2026\/04\/1-6.jpg\" \/>\n\t<meta property=\"og:image:width\" content=\"2400\" \/>\n\t<meta property=\"og:image:height\" content=\"1800\" \/>\n\t<meta property=\"og:image:type\" content=\"image\/jpeg\" \/>\n<meta name=\"twitter:card\" content=\"summary_large_image\" \/>\n<script type=\"application\/ld+json\" class=\"yoast-schema-graph\">{\"@context\":\"https:\/\/schema.org\",\"@graph\":[{\"@type\":\"WebPage\",\"@id\":\"https:\/\/www.namude.lt\/objektas\/parduodama-sodybviete-su-6ha-zemes-sklypu-anyksciu-rajone\/\",\"url\":\"https:\/\/www.namude.lt\/objektas\/parduodama-sodybviete-su-6ha-zemes-sklypu-anyksciu-rajone\/\",\"name\":\"PARDUODAMA SODYBVIET\u0116 SU 6HA \u017dEM\u0116S SKLYPU - ANYK\u0160\u010cI\u0172 RAJONE! - Namud\u0117\",\"isPartOf\":{\"@id\":\"https:\/\/www.namude.lt\/#website\"},\"primaryImageOfPage\":{\"@id\":\"https:\/\/www.namude.lt\/objektas\/parduodama-sodybviete-su-6ha-zemes-sklypu-anyksciu-rajone\/#primaryimage\"},\"image\":{\"@id\":\"https:\/\/www.namude.lt\/objektas\/parduodama-sodybviete-su-6ha-zemes-sklypu-anyksciu-rajone\/#primaryimage\"},\"thumbnailUrl\":\"https:\/\/www.namude.lt\/wp-content\/uploads\/2026\/04\/1-6.jpg\",\"datePublished\":\"2026-04-15T13:08:50+00:00\",\"breadcrumb\":{\"@id\":\"https:\/\/www.namude.lt\/objektas\/parduodama-sodybviete-su-6ha-zemes-sklypu-anyksciu-rajone\/#breadcrumb\"},\"inLanguage\":\"en-US\",\"potentialAction\":[{\"@type\":\"ReadAction\",\"target\":[\"https:\/\/www.namude.lt\/objektas\/parduodama-sodybviete-su-6ha-zemes-sklypu-anyksciu-rajone\/\"]}]},{\"@type\":\"ImageObject\",\"inLanguage\":\"en-US\",\"@id\":\"https:\/\/www.namude.lt\/objektas\/parduodama-sodybviete-su-6ha-zemes-sklypu-anyksciu-rajone\/#primaryimage\",\"url\":\"https:\/\/www.namude.lt\/wp-content\/uploads\/2026\/04\/1-6.jpg\",\"contentUrl\":\"https:\/\/www.namude.lt\/wp-content\/uploads\/2026\/04\/1-6.jpg\",\"width\":2400,\"height\":1800},{\"@type\":\"BreadcrumbList\",\"@id\":\"https:\/\/www.namude.lt\/objektas\/parduodama-sodybviete-su-6ha-zemes-sklypu-anyksciu-rajone\/#breadcrumb\",\"itemListElement\":[{\"@type\":\"ListItem\",\"position\":1,\"name\":\"Home\",\"item\":\"https:\/\/www.namude.lt\/en\/\"},{\"@type\":\"ListItem\",\"position\":2,\"name\":\"Real estate\",\"item\":\"https:\/\/www.namude.lt\/en\/real-estate\/\"},{\"@type\":\"ListItem\",\"position\":3,\"name\":\"PARDUODAMA SODYBVIET\u0116 SU 6HA \u017dEM\u0116S SKLYPU &#8211; ANYK\u0160\u010cI\u0172 RAJONE!\"}]},{\"@type\":\"WebSite\",\"@id\":\"https:\/\/www.namude.lt\/#website\",\"url\":\"https:\/\/www.namude.lt\/\",\"name\":\"Namud\u0117\",\"description\":\"\u201eNamud\u0117\u201c \u2013 agent\u016bra, pardavin\u0117janti Auk\u0161taitijos NT grynuolius.\",\"publisher\":{\"@id\":\"https:\/\/www.namude.lt\/#organization\"},\"potentialAction\":[{\"@type\":\"SearchAction\",\"target\":{\"@type\":\"EntryPoint\",\"urlTemplate\":\"https:\/\/www.namude.lt\/?s={search_term_string}\"},\"query-input\":{\"@type\":\"PropertyValueSpecification\",\"valueRequired\":true,\"valueName\":\"search_term_string\"}}],\"inLanguage\":\"en-US\"},{\"@type\":\"Organization\",\"@id\":\"https:\/\/www.namude.lt\/#organization\",\"name\":\"Namud\u0117\",\"url\":\"https:\/\/www.namude.lt\/\",\"logo\":{\"@type\":\"ImageObject\",\"inLanguage\":\"en-US\",\"@id\":\"https:\/\/www.namude.lt\/#\/schema\/logo\/image\/\",\"url\":\"https:\/\/www.namude.lt\/wp-content\/uploads\/2023\/11\/logo-symbol.svg\",\"contentUrl\":\"https:\/\/www.namude.lt\/wp-content\/uploads\/2023\/11\/logo-symbol.svg\",\"width\":1,\"height\":1,\"caption\":\"Namud\u0117\"},\"image\":{\"@id\":\"https:\/\/www.namude.lt\/#\/schema\/logo\/image\/\"}}]}<\/script>\n<!-- \/ Yoast SEO plugin. -->","yoast_head_json":{"title":"PARDUODAMA SODYBVIET\u0116 SU 6HA \u017dEM\u0116S SKLYPU - ANYK\u0160\u010cI\u0172 RAJONE! - Namud\u0117","robots":{"index":"index","follow":"follow","max-snippet":"max-snippet:-1","max-image-preview":"max-image-preview:large","max-video-preview":"max-video-preview:-1"},"canonical":"https:\/\/www.namude.lt\/objektas\/parduodama-sodybviete-su-6ha-zemes-sklypu-anyksciu-rajone\/","og_locale":"en_US","og_type":"article","og_title":"PARDUODAMA SODYBVIET\u0116 SU 6HA \u017dEM\u0116S SKLYPU - ANYK\u0160\u010cI\u0172 RAJONE! - Namud\u0117","og_description":"Ie\u0161kote tikros ramyb\u0117s ir erdv\u0117s savo vizijai? Anyk\u0161\u010di\u0173 rajone parduodama sodyba vienkiemyje su net 5,94 ha \u017eem\u0117s sklypu \u2013 vieta, kur gamta tampa kasdienyb\u0117s dalimi. Teritorijoje yra nuosavas tvenkinys, dal\u012f sklypo sudaro mi\u0161kas, tod\u0117l \u010dia netr\u016bksta privatumo, \u017ealumos ir nat\u016bralios ramyb\u0117s. Sodyboje registruota nema\u017eai pastat\u0173, suteikian\u010di\u0173 galimybi\u0173 tiek atkurti autenti\u0161k\u0105 sodyb\u0105, tiek \u012fgyvendinti naujus projektus. Pastatams reikalingas kapitalinis remontas, tad tai puiki proga susikurti visk\u0105 pagal savo poreikius \u2013 nuo jaukios gyvenamosios erdv\u0117s iki poilsio ar kaimo turizmo vietos.  PRIVALUMAI: \u2013 R\u0105stinis namas 84,36 kv.m. (tradicin\u0117 medin\u0117 troba, reikalingas kapitalinis remontas) \u2013 Kiti pastatai: (lauko virtuv\u0117, kiemo r\u016bsys, \u016bkinis pastatas, tvartas, gara\u017eas, malkin\u0117s); \u2013 5,94 ha sklypas (sklypas \u017ealiuojantis, vieta dar\u017eui, galimyb\u0117 auginti gyvulius yra tvenkinys); - Elektra; \u2013 \u0160ulinys; \u2013 Vos 1,6 km iki artimiausio e\u017eero, taip pat apie 6km iki kit\u0173 aplink esan\u010di\u0173 e\u017eer\u0173. \u2013 Patogus ir geras priva\u017eiavimas visais met\u0173 laikais, atstumai iki Sv\u0117das\u0173 6km, Anyk\u0161\u010di\u0173 30km, Utenos 30km, Roki\u0161kio 40km, Panev\u0117\u017eio 80km, Vilniaus 130km.   Koordinat\u0117s: maps.lt \u2013 55.690079, 25.444563","og_url":"https:\/\/www.namude.lt\/objektas\/parduodama-sodybviete-su-6ha-zemes-sklypu-anyksciu-rajone\/","og_site_name":"Namud\u0117","og_image":[{"width":2400,"height":1800,"url":"https:\/\/www.namude.lt\/wp-content\/uploads\/2026\/04\/1-6.jpg","type":"image\/jpeg"}],"twitter_card":"summary_large_image","schema":{"@context":"https:\/\/schema.org","@graph":[{"@type":"WebPage","@id":"https:\/\/www.namude.lt\/objektas\/parduodama-sodybviete-su-6ha-zemes-sklypu-anyksciu-rajone\/","url":"https:\/\/www.namude.lt\/objektas\/parduodama-sodybviete-su-6ha-zemes-sklypu-anyksciu-rajone\/","name":"PARDUODAMA SODYBVIET\u0116 SU 6HA \u017dEM\u0116S SKLYPU - ANYK\u0160\u010cI\u0172 RAJONE! - Namud\u0117","isPartOf":{"@id":"https:\/\/www.namude.lt\/#website"},"primaryImageOfPage":{"@id":"https:\/\/www.namude.lt\/objektas\/parduodama-sodybviete-su-6ha-zemes-sklypu-anyksciu-rajone\/#primaryimage"},"image":{"@id":"https:\/\/www.namude.lt\/objektas\/parduodama-sodybviete-su-6ha-zemes-sklypu-anyksciu-rajone\/#primaryimage"},"thumbnailUrl":"https:\/\/www.namude.lt\/wp-content\/uploads\/2026\/04\/1-6.jpg","datePublished":"2026-04-15T13:08:50+00:00","breadcrumb":{"@id":"https:\/\/www.namude.lt\/objektas\/parduodama-sodybviete-su-6ha-zemes-sklypu-anyksciu-rajone\/#breadcrumb"},"inLanguage":"en-US","potentialAction":[{"@type":"ReadAction","target":["https:\/\/www.namude.lt\/objektas\/parduodama-sodybviete-su-6ha-zemes-sklypu-anyksciu-rajone\/"]}]},{"@type":"ImageObject","inLanguage":"en-US","@id":"https:\/\/www.namude.lt\/objektas\/parduodama-sodybviete-su-6ha-zemes-sklypu-anyksciu-rajone\/#primaryimage","url":"https:\/\/www.namude.lt\/wp-content\/uploads\/2026\/04\/1-6.jpg","contentUrl":"https:\/\/www.namude.lt\/wp-content\/uploads\/2026\/04\/1-6.jpg","width":2400,"height":1800},{"@type":"BreadcrumbList","@id":"https:\/\/www.namude.lt\/objektas\/parduodama-sodybviete-su-6ha-zemes-sklypu-anyksciu-rajone\/#breadcrumb","itemListElement":[{"@type":"ListItem","position":1,"name":"Home","item":"https:\/\/www.namude.lt\/en\/"},{"@type":"ListItem","position":2,"name":"Real estate","item":"https:\/\/www.namude.lt\/en\/real-estate\/"},{"@type":"ListItem","position":3,"name":"PARDUODAMA SODYBVIET\u0116 SU 6HA \u017dEM\u0116S SKLYPU &#8211; ANYK\u0160\u010cI\u0172 RAJONE!"}]},{"@type":"WebSite","@id":"https:\/\/www.namude.lt\/#website","url":"https:\/\/www.namude.lt\/","name":"Namud\u0117","description":"\u201eNamud\u0117\u201c \u2013 agent\u016bra, pardavin\u0117janti Auk\u0161taitijos NT grynuolius.","publisher":{"@id":"https:\/\/www.namude.lt\/#organization"},"potentialAction":[{"@type":"SearchAction","target":{"@type":"EntryPoint","urlTemplate":"https:\/\/www.namude.lt\/?s={search_term_string}"},"query-input":{"@type":"PropertyValueSpecification","valueRequired":true,"valueName":"search_term_string"}}],"inLanguage":"en-US"},{"@type":"Organization","@id":"https:\/\/www.namude.lt\/#organization","name":"Namud\u0117","url":"https:\/\/www.namude.lt\/","logo":{"@type":"ImageObject","inLanguage":"en-US","@id":"https:\/\/www.namude.lt\/#\/schema\/logo\/image\/","url":"https:\/\/www.namude.lt\/wp-content\/uploads\/2023\/11\/logo-symbol.svg","contentUrl":"https:\/\/www.namude.lt\/wp-content\/uploads\/2023\/11\/logo-symbol.svg","width":1,"height":1,"caption":"Namud\u0117"},"image":{"@id":"https:\/\/www.namude.lt\/#\/schema\/logo\/image\/"}}]}},"_links":{"self":[{"href":"https:\/\/www.namude.lt\/en\/wp-json\/wp\/v2\/product\/26413","targetHints":{"allow":["GET"]}}],"collection":[{"href":"https:\/\/www.namude.lt\/en\/wp-json\/wp\/v2\/product"}],"about":[{"href":"https:\/\/www.namude.lt\/en\/wp-json\/wp\/v2\/types\/product"}],"wp:featuredmedia":[{"embeddable":true,"href":"https:\/\/www.namude.lt\/en\/wp-json\/wp\/v2\/media\/26414"}],"wp:attachment":[{"href":"https:\/\/www.namude.lt\/en\/wp-json\/wp\/v2\/media?parent=26413"}],"wp:term":[{"taxonomy":"product_brand","embeddable":true,"href":"https:\/\/www.namude.lt\/en\/wp-json\/wp\/v2\/product_brand?post=26413"},{"taxonomy":"product_cat","embeddable":true,"href":"https:\/\/www.namude.lt\/en\/wp-json\/wp\/v2\/product_cat?post=26413"},{"taxonomy":"product_tag","embeddable":true,"href":"https:\/\/www.namude.lt\/en\/wp-json\/wp\/v2\/product_tag?post=26413"}],"curies":[{"name":"wp","href":"https:\/\/api.w.org\/{rel}","templated":true}]}}