{"id":26340,"date":"2026-04-15T12:11:56","date_gmt":"2026-04-15T09:11:56","guid":{"rendered":"https:\/\/www.namude.lt\/?post_type=product&#038;p=26340"},"modified":"2026-04-15T16:10:15","modified_gmt":"2026-04-15T13:10:15","slug":"isskirtine-1036-ha-teritorija-simoniu-girioje-sventosios-upes-pakranteje-anyksciu-rajone","status":"publish","type":"product","link":"https:\/\/www.namude.lt\/en\/object\/isskirtine-1036-ha-teritorija-simoniu-girioje-sventosios-upes-pakranteje-anyksciu-rajone\/","title":{"rendered":"I\u0160SKIRTIN\u0116 10,36 HA TERITORIJA \u0160IMONI\u0172 GIRIOJE, \u0160VENTOSIOS UP\u0116S PAKRANT\u0116JE \u2013 ANYK\u0160\u010cI\u0172 RAJONE!!!"},"content":{"rendered":"","protected":false},"excerpt":{"rendered":"<p><strong>Parduodami trys tarpusavyje besiribojantys sklypai Mi\u010dioni\u0173 kaime, Anyk\u0161\u010di\u0173 rajone, unikalioje vietoje, apsuptoje \u0160imoni\u0173 girios gamtos.<\/strong><a href=\"https:\/\/www.namude.lt\/kategorija\/sklypai\/?filter_rajonas=anyksciu-rajonas&#038;query_type_rajonas=or\"><\/a> Bendras plotas \u2013 10,36 ha, i\u0161 kuri\u0173 du sklypai yra \u017eem\u0117s \u016bkio, vienas \u2013 mi\u0161k\u0173 \u016bkio paskirties. Sklypai parduodami tik kartu.<br \/>\nDid\u017ei\u0105j\u0105 teritorijos dal\u012f dengia brandus pu\u0161ynas, suteikiantis privatumo, jaukumo ir tikro gamtos artumo poj\u016bt\u012f. Sklypai ribojasi su \u012fsp\u016bdingo gro\u017eio \u0160ventosios upe \u2013 nuo stataus skard\u017eio atsiveria plati panorama \u012f up\u0117s vingius ir nat\u016bral\u0173 kra\u0161tovaizd\u012f.<br \/>\nTai i\u0161skirtin\u0117 vieta tiems, kurie vertina ramyb\u0119, nat\u016brali\u0105 aplink\u0105 ir ie\u0161ko erdv\u0117s savo vizijai \u2013 ar tai b\u016bt\u0173 sodyba, poilsio projektas ar investicija \u012f gamtos prieglobst\u012f.<\/p>\n<p>PRIVALUMAI:<br \/>\n&#8211;  Bendras plotas \u2013 10,36 ha;<br \/>\n&#8211; 2 \u017eem\u0117s \u016bkio + 1 mi\u0161k\u0173 \u016bkio paskirties sklypai (Sklypas 1: pagrindin\u0117 naudojimo paskirtis: \u017dem\u0117s \u016bkio; Sklypas 2: pagrindin\u0117 naudojimo paskirtis: Mi\u0161k\u0173 \u016bkio; Sklypas 3: pagrindin\u0117 naudojimo paskirtis: \u017dem\u0117s \u016bkio;)<br \/>\n&#8211; Galimyb\u0117 statyti \u016bkininko sodyb\u0105;<br \/>\n&#8211; Ribojasi su \u0160ventosios upe<br \/>\n&#8211; Brandus pu\u0161ynas, privatumas ir ramyb\u0117<br \/>\n&#8211; \u0160imoni\u0173 girios biosferos poligono kaimynyst\u0117<br \/>\n&#8211; Geras priva\u017eiavimas, \u0161alia elektros tinklai.<\/p>\n<p>Atstumai iki Sv\u0117das\u0173 10km., Anyk\u0161\u010di\u0173 20km., Utenos 37 km., Vilniaus 120 km., Kauno 130km.<\/p>\n<p>Koordinat\u0117s: 55.644770, 25.257981<\/p>\n","protected":false},"featured_media":26341,"template":"","meta":{"_acf_changed":false},"product_brand":[],"product_cat":[24],"product_tag":[],"class_list":{"0":"post-26340","1":"product","2":"type-product","3":"status-publish","4":"has-post-thumbnail","6":"product_cat-sklypai","7":"pa_rajonas-anyksciu-rajonas","8":"description-off","10":"first","11":"instock","12":"shipping-taxable","13":"purchasable","14":"product-type-simple"},"acf":[],"yoast_head":"<!-- This site is optimized with the Yoast SEO plugin v27.0 - https:\/\/yoast.com\/product\/yoast-seo-wordpress\/ -->\n<title>I\u0160SKIRTIN\u0116 10,36 HA TERITORIJA \u0160IMONI\u0172 GIRIOJE, \u0160VENTOSIOS UP\u0116S PAKRANT\u0116JE \u2013 ANYK\u0160\u010cI\u0172 RAJONE!!! - Namud\u0117<\/title>\n<meta name=\"robots\" content=\"index, follow, max-snippet:-1, max-image-preview:large, max-video-preview:-1\" \/>\n<link rel=\"canonical\" href=\"https:\/\/www.namude.lt\/objektas\/isskirtine-1036-ha-teritorija-simoniu-girioje-sventosios-upes-pakranteje-anyksciu-rajone\/\" \/>\n<meta property=\"og:locale\" content=\"en_US\" \/>\n<meta property=\"og:type\" content=\"article\" \/>\n<meta property=\"og:title\" content=\"I\u0160SKIRTIN\u0116 10,36 HA TERITORIJA \u0160IMONI\u0172 GIRIOJE, \u0160VENTOSIOS UP\u0116S PAKRANT\u0116JE \u2013 ANYK\u0160\u010cI\u0172 RAJONE!!! - Namud\u0117\" \/>\n<meta property=\"og:description\" content=\"Parduodami trys tarpusavyje besiribojantys sklypai Mi\u010dioni\u0173 kaime, Anyk\u0161\u010di\u0173 rajone, unikalioje vietoje, apsuptoje \u0160imoni\u0173 girios gamtos. Bendras plotas \u2013 10,36 ha, i\u0161 kuri\u0173 du sklypai yra \u017eem\u0117s \u016bkio, vienas \u2013 mi\u0161k\u0173 \u016bkio paskirties. Sklypai parduodami tik kartu. Did\u017ei\u0105j\u0105 teritorijos dal\u012f dengia brandus pu\u0161ynas, suteikiantis privatumo, jaukumo ir tikro gamtos artumo poj\u016bt\u012f. Sklypai ribojasi su \u012fsp\u016bdingo gro\u017eio \u0160ventosios upe \u2013 nuo stataus skard\u017eio atsiveria plati panorama \u012f up\u0117s vingius ir nat\u016bral\u0173 kra\u0161tovaizd\u012f. Tai i\u0161skirtin\u0117 vieta tiems, kurie vertina ramyb\u0119, nat\u016brali\u0105 aplink\u0105 ir ie\u0161ko erdv\u0117s savo vizijai \u2013 ar tai b\u016bt\u0173 sodyba, poilsio projektas ar investicija \u012f gamtos prieglobst\u012f.  PRIVALUMAI: - Bendras plotas \u2013 10,36 ha; - 2 \u017eem\u0117s \u016bkio + 1 mi\u0161k\u0173 \u016bkio paskirties sklypai (Sklypas 1: pagrindin\u0117 naudojimo paskirtis: \u017dem\u0117s \u016bkio; Sklypas 2: pagrindin\u0117 naudojimo paskirtis: Mi\u0161k\u0173 \u016bkio; Sklypas 3: pagrindin\u0117 naudojimo paskirtis: \u017dem\u0117s \u016bkio;) - Galimyb\u0117 statyti \u016bkininko sodyb\u0105; - Ribojasi su \u0160ventosios upe - Brandus pu\u0161ynas, privatumas ir ramyb\u0117 - \u0160imoni\u0173 girios biosferos poligono kaimynyst\u0117 - Geras priva\u017eiavimas, \u0161alia elektros tinklai.  Atstumai iki Sv\u0117das\u0173 10km., Anyk\u0161\u010di\u0173 20km., Utenos 37 km., Vilniaus 120 km., Kauno 130km.  Koordinat\u0117s: 55.644770, 25.257981\" \/>\n<meta property=\"og:url\" content=\"https:\/\/www.namude.lt\/objektas\/isskirtine-1036-ha-teritorija-simoniu-girioje-sventosios-upes-pakranteje-anyksciu-rajone\/\" \/>\n<meta property=\"og:site_name\" content=\"Namud\u0117\" \/>\n<meta property=\"article:modified_time\" content=\"2026-04-15T13:10:15+00:00\" \/>\n<meta property=\"og:image\" content=\"https:\/\/www.namude.lt\/wp-content\/uploads\/2026\/04\/1-5.jpg\" \/>\n\t<meta property=\"og:image:width\" content=\"1350\" \/>\n\t<meta property=\"og:image:height\" content=\"1800\" \/>\n\t<meta property=\"og:image:type\" content=\"image\/jpeg\" \/>\n<meta name=\"twitter:card\" content=\"summary_large_image\" \/>\n<script type=\"application\/ld+json\" class=\"yoast-schema-graph\">{\"@context\":\"https:\/\/schema.org\",\"@graph\":[{\"@type\":\"WebPage\",\"@id\":\"https:\/\/www.namude.lt\/objektas\/isskirtine-1036-ha-teritorija-simoniu-girioje-sventosios-upes-pakranteje-anyksciu-rajone\/\",\"url\":\"https:\/\/www.namude.lt\/objektas\/isskirtine-1036-ha-teritorija-simoniu-girioje-sventosios-upes-pakranteje-anyksciu-rajone\/\",\"name\":\"I\u0160SKIRTIN\u0116 10,36 HA TERITORIJA \u0160IMONI\u0172 GIRIOJE, \u0160VENTOSIOS UP\u0116S PAKRANT\u0116JE \u2013 ANYK\u0160\u010cI\u0172 RAJONE!!! - Namud\u0117\",\"isPartOf\":{\"@id\":\"https:\/\/www.namude.lt\/#website\"},\"primaryImageOfPage\":{\"@id\":\"https:\/\/www.namude.lt\/objektas\/isskirtine-1036-ha-teritorija-simoniu-girioje-sventosios-upes-pakranteje-anyksciu-rajone\/#primaryimage\"},\"image\":{\"@id\":\"https:\/\/www.namude.lt\/objektas\/isskirtine-1036-ha-teritorija-simoniu-girioje-sventosios-upes-pakranteje-anyksciu-rajone\/#primaryimage\"},\"thumbnailUrl\":\"https:\/\/www.namude.lt\/wp-content\/uploads\/2026\/04\/1-5.jpg\",\"datePublished\":\"2026-04-15T09:11:56+00:00\",\"dateModified\":\"2026-04-15T13:10:15+00:00\",\"breadcrumb\":{\"@id\":\"https:\/\/www.namude.lt\/objektas\/isskirtine-1036-ha-teritorija-simoniu-girioje-sventosios-upes-pakranteje-anyksciu-rajone\/#breadcrumb\"},\"inLanguage\":\"en-US\",\"potentialAction\":[{\"@type\":\"ReadAction\",\"target\":[\"https:\/\/www.namude.lt\/objektas\/isskirtine-1036-ha-teritorija-simoniu-girioje-sventosios-upes-pakranteje-anyksciu-rajone\/\"]}]},{\"@type\":\"ImageObject\",\"inLanguage\":\"en-US\",\"@id\":\"https:\/\/www.namude.lt\/objektas\/isskirtine-1036-ha-teritorija-simoniu-girioje-sventosios-upes-pakranteje-anyksciu-rajone\/#primaryimage\",\"url\":\"https:\/\/www.namude.lt\/wp-content\/uploads\/2026\/04\/1-5.jpg\",\"contentUrl\":\"https:\/\/www.namude.lt\/wp-content\/uploads\/2026\/04\/1-5.jpg\",\"width\":1350,\"height\":1800},{\"@type\":\"BreadcrumbList\",\"@id\":\"https:\/\/www.namude.lt\/objektas\/isskirtine-1036-ha-teritorija-simoniu-girioje-sventosios-upes-pakranteje-anyksciu-rajone\/#breadcrumb\",\"itemListElement\":[{\"@type\":\"ListItem\",\"position\":1,\"name\":\"Home\",\"item\":\"https:\/\/www.namude.lt\/en\/\"},{\"@type\":\"ListItem\",\"position\":2,\"name\":\"Real estate\",\"item\":\"https:\/\/www.namude.lt\/en\/real-estate\/\"},{\"@type\":\"ListItem\",\"position\":3,\"name\":\"I\u0160SKIRTIN\u0116 10,36 HA TERITORIJA \u0160IMONI\u0172 GIRIOJE, \u0160VENTOSIOS UP\u0116S PAKRANT\u0116JE \u2013 ANYK\u0160\u010cI\u0172 RAJONE!!!\"}]},{\"@type\":\"WebSite\",\"@id\":\"https:\/\/www.namude.lt\/#website\",\"url\":\"https:\/\/www.namude.lt\/\",\"name\":\"Namud\u0117\",\"description\":\"\u201eNamud\u0117\u201c \u2013 agent\u016bra, pardavin\u0117janti Auk\u0161taitijos NT grynuolius.\",\"publisher\":{\"@id\":\"https:\/\/www.namude.lt\/#organization\"},\"potentialAction\":[{\"@type\":\"SearchAction\",\"target\":{\"@type\":\"EntryPoint\",\"urlTemplate\":\"https:\/\/www.namude.lt\/?s={search_term_string}\"},\"query-input\":{\"@type\":\"PropertyValueSpecification\",\"valueRequired\":true,\"valueName\":\"search_term_string\"}}],\"inLanguage\":\"en-US\"},{\"@type\":\"Organization\",\"@id\":\"https:\/\/www.namude.lt\/#organization\",\"name\":\"Namud\u0117\",\"url\":\"https:\/\/www.namude.lt\/\",\"logo\":{\"@type\":\"ImageObject\",\"inLanguage\":\"en-US\",\"@id\":\"https:\/\/www.namude.lt\/#\/schema\/logo\/image\/\",\"url\":\"https:\/\/www.namude.lt\/wp-content\/uploads\/2023\/11\/logo-symbol.svg\",\"contentUrl\":\"https:\/\/www.namude.lt\/wp-content\/uploads\/2023\/11\/logo-symbol.svg\",\"width\":1,\"height\":1,\"caption\":\"Namud\u0117\"},\"image\":{\"@id\":\"https:\/\/www.namude.lt\/#\/schema\/logo\/image\/\"}}]}<\/script>\n<!-- \/ Yoast SEO plugin. -->","yoast_head_json":{"title":"I\u0160SKIRTIN\u0116 10,36 HA TERITORIJA \u0160IMONI\u0172 GIRIOJE, \u0160VENTOSIOS UP\u0116S PAKRANT\u0116JE \u2013 ANYK\u0160\u010cI\u0172 RAJONE!!! - Namud\u0117","robots":{"index":"index","follow":"follow","max-snippet":"max-snippet:-1","max-image-preview":"max-image-preview:large","max-video-preview":"max-video-preview:-1"},"canonical":"https:\/\/www.namude.lt\/objektas\/isskirtine-1036-ha-teritorija-simoniu-girioje-sventosios-upes-pakranteje-anyksciu-rajone\/","og_locale":"en_US","og_type":"article","og_title":"I\u0160SKIRTIN\u0116 10,36 HA TERITORIJA \u0160IMONI\u0172 GIRIOJE, \u0160VENTOSIOS UP\u0116S PAKRANT\u0116JE \u2013 ANYK\u0160\u010cI\u0172 RAJONE!!! - Namud\u0117","og_description":"Parduodami trys tarpusavyje besiribojantys sklypai Mi\u010dioni\u0173 kaime, Anyk\u0161\u010di\u0173 rajone, unikalioje vietoje, apsuptoje \u0160imoni\u0173 girios gamtos. Bendras plotas \u2013 10,36 ha, i\u0161 kuri\u0173 du sklypai yra \u017eem\u0117s \u016bkio, vienas \u2013 mi\u0161k\u0173 \u016bkio paskirties. Sklypai parduodami tik kartu. Did\u017ei\u0105j\u0105 teritorijos dal\u012f dengia brandus pu\u0161ynas, suteikiantis privatumo, jaukumo ir tikro gamtos artumo poj\u016bt\u012f. Sklypai ribojasi su \u012fsp\u016bdingo gro\u017eio \u0160ventosios upe \u2013 nuo stataus skard\u017eio atsiveria plati panorama \u012f up\u0117s vingius ir nat\u016bral\u0173 kra\u0161tovaizd\u012f. Tai i\u0161skirtin\u0117 vieta tiems, kurie vertina ramyb\u0119, nat\u016brali\u0105 aplink\u0105 ir ie\u0161ko erdv\u0117s savo vizijai \u2013 ar tai b\u016bt\u0173 sodyba, poilsio projektas ar investicija \u012f gamtos prieglobst\u012f.  PRIVALUMAI: - Bendras plotas \u2013 10,36 ha; - 2 \u017eem\u0117s \u016bkio + 1 mi\u0161k\u0173 \u016bkio paskirties sklypai (Sklypas 1: pagrindin\u0117 naudojimo paskirtis: \u017dem\u0117s \u016bkio; Sklypas 2: pagrindin\u0117 naudojimo paskirtis: Mi\u0161k\u0173 \u016bkio; Sklypas 3: pagrindin\u0117 naudojimo paskirtis: \u017dem\u0117s \u016bkio;) - Galimyb\u0117 statyti \u016bkininko sodyb\u0105; - Ribojasi su \u0160ventosios upe - Brandus pu\u0161ynas, privatumas ir ramyb\u0117 - \u0160imoni\u0173 girios biosferos poligono kaimynyst\u0117 - Geras priva\u017eiavimas, \u0161alia elektros tinklai.  Atstumai iki Sv\u0117das\u0173 10km., Anyk\u0161\u010di\u0173 20km., Utenos 37 km., Vilniaus 120 km., Kauno 130km.  Koordinat\u0117s: 55.644770, 25.257981","og_url":"https:\/\/www.namude.lt\/objektas\/isskirtine-1036-ha-teritorija-simoniu-girioje-sventosios-upes-pakranteje-anyksciu-rajone\/","og_site_name":"Namud\u0117","article_modified_time":"2026-04-15T13:10:15+00:00","og_image":[{"width":1350,"height":1800,"url":"https:\/\/www.namude.lt\/wp-content\/uploads\/2026\/04\/1-5.jpg","type":"image\/jpeg"}],"twitter_card":"summary_large_image","schema":{"@context":"https:\/\/schema.org","@graph":[{"@type":"WebPage","@id":"https:\/\/www.namude.lt\/objektas\/isskirtine-1036-ha-teritorija-simoniu-girioje-sventosios-upes-pakranteje-anyksciu-rajone\/","url":"https:\/\/www.namude.lt\/objektas\/isskirtine-1036-ha-teritorija-simoniu-girioje-sventosios-upes-pakranteje-anyksciu-rajone\/","name":"I\u0160SKIRTIN\u0116 10,36 HA TERITORIJA \u0160IMONI\u0172 GIRIOJE, \u0160VENTOSIOS UP\u0116S PAKRANT\u0116JE \u2013 ANYK\u0160\u010cI\u0172 RAJONE!!! - Namud\u0117","isPartOf":{"@id":"https:\/\/www.namude.lt\/#website"},"primaryImageOfPage":{"@id":"https:\/\/www.namude.lt\/objektas\/isskirtine-1036-ha-teritorija-simoniu-girioje-sventosios-upes-pakranteje-anyksciu-rajone\/#primaryimage"},"image":{"@id":"https:\/\/www.namude.lt\/objektas\/isskirtine-1036-ha-teritorija-simoniu-girioje-sventosios-upes-pakranteje-anyksciu-rajone\/#primaryimage"},"thumbnailUrl":"https:\/\/www.namude.lt\/wp-content\/uploads\/2026\/04\/1-5.jpg","datePublished":"2026-04-15T09:11:56+00:00","dateModified":"2026-04-15T13:10:15+00:00","breadcrumb":{"@id":"https:\/\/www.namude.lt\/objektas\/isskirtine-1036-ha-teritorija-simoniu-girioje-sventosios-upes-pakranteje-anyksciu-rajone\/#breadcrumb"},"inLanguage":"en-US","potentialAction":[{"@type":"ReadAction","target":["https:\/\/www.namude.lt\/objektas\/isskirtine-1036-ha-teritorija-simoniu-girioje-sventosios-upes-pakranteje-anyksciu-rajone\/"]}]},{"@type":"ImageObject","inLanguage":"en-US","@id":"https:\/\/www.namude.lt\/objektas\/isskirtine-1036-ha-teritorija-simoniu-girioje-sventosios-upes-pakranteje-anyksciu-rajone\/#primaryimage","url":"https:\/\/www.namude.lt\/wp-content\/uploads\/2026\/04\/1-5.jpg","contentUrl":"https:\/\/www.namude.lt\/wp-content\/uploads\/2026\/04\/1-5.jpg","width":1350,"height":1800},{"@type":"BreadcrumbList","@id":"https:\/\/www.namude.lt\/objektas\/isskirtine-1036-ha-teritorija-simoniu-girioje-sventosios-upes-pakranteje-anyksciu-rajone\/#breadcrumb","itemListElement":[{"@type":"ListItem","position":1,"name":"Home","item":"https:\/\/www.namude.lt\/en\/"},{"@type":"ListItem","position":2,"name":"Real estate","item":"https:\/\/www.namude.lt\/en\/real-estate\/"},{"@type":"ListItem","position":3,"name":"I\u0160SKIRTIN\u0116 10,36 HA TERITORIJA \u0160IMONI\u0172 GIRIOJE, \u0160VENTOSIOS UP\u0116S PAKRANT\u0116JE \u2013 ANYK\u0160\u010cI\u0172 RAJONE!!!"}]},{"@type":"WebSite","@id":"https:\/\/www.namude.lt\/#website","url":"https:\/\/www.namude.lt\/","name":"Namud\u0117","description":"\u201eNamud\u0117\u201c \u2013 agent\u016bra, pardavin\u0117janti Auk\u0161taitijos NT grynuolius.","publisher":{"@id":"https:\/\/www.namude.lt\/#organization"},"potentialAction":[{"@type":"SearchAction","target":{"@type":"EntryPoint","urlTemplate":"https:\/\/www.namude.lt\/?s={search_term_string}"},"query-input":{"@type":"PropertyValueSpecification","valueRequired":true,"valueName":"search_term_string"}}],"inLanguage":"en-US"},{"@type":"Organization","@id":"https:\/\/www.namude.lt\/#organization","name":"Namud\u0117","url":"https:\/\/www.namude.lt\/","logo":{"@type":"ImageObject","inLanguage":"en-US","@id":"https:\/\/www.namude.lt\/#\/schema\/logo\/image\/","url":"https:\/\/www.namude.lt\/wp-content\/uploads\/2023\/11\/logo-symbol.svg","contentUrl":"https:\/\/www.namude.lt\/wp-content\/uploads\/2023\/11\/logo-symbol.svg","width":1,"height":1,"caption":"Namud\u0117"},"image":{"@id":"https:\/\/www.namude.lt\/#\/schema\/logo\/image\/"}}]}},"_links":{"self":[{"href":"https:\/\/www.namude.lt\/en\/wp-json\/wp\/v2\/product\/26340","targetHints":{"allow":["GET"]}}],"collection":[{"href":"https:\/\/www.namude.lt\/en\/wp-json\/wp\/v2\/product"}],"about":[{"href":"https:\/\/www.namude.lt\/en\/wp-json\/wp\/v2\/types\/product"}],"wp:featuredmedia":[{"embeddable":true,"href":"https:\/\/www.namude.lt\/en\/wp-json\/wp\/v2\/media\/26341"}],"wp:attachment":[{"href":"https:\/\/www.namude.lt\/en\/wp-json\/wp\/v2\/media?parent=26340"}],"wp:term":[{"taxonomy":"product_brand","embeddable":true,"href":"https:\/\/www.namude.lt\/en\/wp-json\/wp\/v2\/product_brand?post=26340"},{"taxonomy":"product_cat","embeddable":true,"href":"https:\/\/www.namude.lt\/en\/wp-json\/wp\/v2\/product_cat?post=26340"},{"taxonomy":"product_tag","embeddable":true,"href":"https:\/\/www.namude.lt\/en\/wp-json\/wp\/v2\/product_tag?post=26340"}],"curies":[{"name":"wp","href":"https:\/\/api.w.org\/{rel}","templated":true}]}}