{"id":26106,"date":"2026-04-04T12:17:38","date_gmt":"2026-04-04T09:17:38","guid":{"rendered":"https:\/\/www.namude.lt\/?post_type=product&#038;p=26106"},"modified":"2026-04-04T12:17:38","modified_gmt":"2026-04-04T09:17:38","slug":"parduodamas-sodas-narkunu-k-utenos-r-su-nameliu-pirtimi-ir-kubilu","status":"publish","type":"product","link":"https:\/\/www.namude.lt\/en\/object\/parduodamas-sodas-narkunu-k-utenos-r-su-nameliu-pirtimi-ir-kubilu\/","title":{"rendered":"PARDUODAMAS SODAS NARK\u016aN\u0172 K., UTENOS R. \u2013 SU NAMELIU, PIRTIMI IR KUBILU"},"content":{"rendered":"","protected":false},"excerpt":{"rendered":"<p>Ie\u0161kote vietos poilsiui ar pab\u0117gimui nuo kasdienyb\u0117s? \u0160is sodas Nark\u016bn\u0173 kaime \u2013 puikus pasirinkimas ie\u0161kantiems jaukios vietos pritaikytos poilsiui. \u010cia rasite visk\u0105 ko reikia kokybi\u0161kam poilsiui ar pab\u0117gimui nuo kasdienyb\u0117s.<br \/>\nPRIVALUMAI:<br \/>\n-40kv. m. vasarnamis (pirmame auk\u0161te -svetain\u0117 su \u017eidiniu ir panoraminiais langais, atskira virtuv\u0117l\u0117, antrame auk\u0161te \u012frengtas miegamasis);<br \/>\n&#8211; r\u016bsyje \u012frengta pirtis \u2013 prie\u0161pirtis, vonios patalpa, erdvi pirtis;<br \/>\n&#8211; beveik 7a sklypas, kuriame pri\u017ei\u016br\u0117ta aplinka ir funkcionaliai paskirstytos erdv\u0117s, dalis sklypo i\u0161klota trinkel\u0117mis, sklypas aptvertas, galinis sodas;<br \/>\n&#8211; lauko pav\u0117sin\u0117 su \u017eidiniu ir lauko virtuv\u0117le, lauko baldais bei kubilu;<br \/>\n&#8211; \u016bkiniai pastatai: malkin\u0117, 2 sand\u0117liukai, meistrin\u0117;<br \/>\n-vanduo i\u0161 \u0161ulinio, vietin\u0117s nuotekos;<br \/>\n&#8211; krep\u0161inio aik\u0161tel\u0119, kuri\u0105 galima i\u0161naudoti ir kaip automobili\u0173 stov\u0117jimo aik\u0161tel\u0117.<br \/>\n&#8211; Geras ir patogus priva\u017eiavimas visais met\u0173 laikais, iki Utenos miesto 6km.<\/p>\n","protected":false},"featured_media":26107,"template":"","meta":{"_acf_changed":false},"product_brand":[],"product_cat":[26],"product_tag":[],"class_list":{"0":"post-26106","1":"product","2":"type-product","3":"status-publish","4":"has-post-thumbnail","6":"product_cat-namai","7":"pa_rajonas-utenos-rajonas","8":"description-off","10":"first","11":"instock","12":"shipping-taxable","13":"purchasable","14":"product-type-simple"},"acf":[],"yoast_head":"<!-- This site is optimized with the Yoast SEO plugin v27.0 - https:\/\/yoast.com\/product\/yoast-seo-wordpress\/ -->\n<title>PARDUODAMAS SODAS NARK\u016aN\u0172 K., UTENOS R. \u2013 SU NAMELIU, PIRTIMI IR KUBILU - Namud\u0117<\/title>\n<meta name=\"robots\" content=\"index, follow, max-snippet:-1, max-image-preview:large, max-video-preview:-1\" \/>\n<link rel=\"canonical\" href=\"https:\/\/www.namude.lt\/objektas\/parduodamas-sodas-narkunu-k-utenos-r-su-nameliu-pirtimi-ir-kubilu\/\" \/>\n<meta property=\"og:locale\" content=\"en_US\" \/>\n<meta property=\"og:type\" content=\"article\" \/>\n<meta property=\"og:title\" content=\"PARDUODAMAS SODAS NARK\u016aN\u0172 K., UTENOS R. \u2013 SU NAMELIU, PIRTIMI IR KUBILU - Namud\u0117\" \/>\n<meta property=\"og:description\" content=\"Ie\u0161kote vietos poilsiui ar pab\u0117gimui nuo kasdienyb\u0117s? \u0160is sodas Nark\u016bn\u0173 kaime \u2013 puikus pasirinkimas ie\u0161kantiems jaukios vietos pritaikytos poilsiui. \u010cia rasite visk\u0105 ko reikia kokybi\u0161kam poilsiui ar pab\u0117gimui nuo kasdienyb\u0117s. PRIVALUMAI: -40kv. m. vasarnamis (pirmame auk\u0161te -svetain\u0117 su \u017eidiniu ir panoraminiais langais, atskira virtuv\u0117l\u0117, antrame auk\u0161te \u012frengtas miegamasis); - r\u016bsyje \u012frengta pirtis \u2013 prie\u0161pirtis, vonios patalpa, erdvi pirtis; - beveik 7a sklypas, kuriame pri\u017ei\u016br\u0117ta aplinka ir funkcionaliai paskirstytos erdv\u0117s, dalis sklypo i\u0161klota trinkel\u0117mis, sklypas aptvertas, galinis sodas; - lauko pav\u0117sin\u0117 su \u017eidiniu ir lauko virtuv\u0117le, lauko baldais bei kubilu; - \u016bkiniai pastatai: malkin\u0117, 2 sand\u0117liukai, meistrin\u0117; -vanduo i\u0161 \u0161ulinio, vietin\u0117s nuotekos; - krep\u0161inio aik\u0161tel\u0119, kuri\u0105 galima i\u0161naudoti ir kaip automobili\u0173 stov\u0117jimo aik\u0161tel\u0117. - Geras ir patogus priva\u017eiavimas visais met\u0173 laikais, iki Utenos miesto 6km.\" \/>\n<meta property=\"og:url\" content=\"https:\/\/www.namude.lt\/objektas\/parduodamas-sodas-narkunu-k-utenos-r-su-nameliu-pirtimi-ir-kubilu\/\" \/>\n<meta property=\"og:site_name\" content=\"Namud\u0117\" \/>\n<meta property=\"og:image\" content=\"https:\/\/www.namude.lt\/wp-content\/uploads\/2026\/04\/1-3.jpg\" \/>\n\t<meta property=\"og:image:width\" content=\"2400\" \/>\n\t<meta property=\"og:image:height\" content=\"1800\" \/>\n\t<meta property=\"og:image:type\" content=\"image\/jpeg\" \/>\n<meta name=\"twitter:card\" content=\"summary_large_image\" \/>\n<script type=\"application\/ld+json\" class=\"yoast-schema-graph\">{\"@context\":\"https:\/\/schema.org\",\"@graph\":[{\"@type\":\"WebPage\",\"@id\":\"https:\/\/www.namude.lt\/objektas\/parduodamas-sodas-narkunu-k-utenos-r-su-nameliu-pirtimi-ir-kubilu\/\",\"url\":\"https:\/\/www.namude.lt\/objektas\/parduodamas-sodas-narkunu-k-utenos-r-su-nameliu-pirtimi-ir-kubilu\/\",\"name\":\"PARDUODAMAS SODAS NARK\u016aN\u0172 K., UTENOS R. \u2013 SU NAMELIU, PIRTIMI IR KUBILU - Namud\u0117\",\"isPartOf\":{\"@id\":\"https:\/\/www.namude.lt\/#website\"},\"primaryImageOfPage\":{\"@id\":\"https:\/\/www.namude.lt\/objektas\/parduodamas-sodas-narkunu-k-utenos-r-su-nameliu-pirtimi-ir-kubilu\/#primaryimage\"},\"image\":{\"@id\":\"https:\/\/www.namude.lt\/objektas\/parduodamas-sodas-narkunu-k-utenos-r-su-nameliu-pirtimi-ir-kubilu\/#primaryimage\"},\"thumbnailUrl\":\"https:\/\/www.namude.lt\/wp-content\/uploads\/2026\/04\/1-3.jpg\",\"datePublished\":\"2026-04-04T09:17:38+00:00\",\"breadcrumb\":{\"@id\":\"https:\/\/www.namude.lt\/objektas\/parduodamas-sodas-narkunu-k-utenos-r-su-nameliu-pirtimi-ir-kubilu\/#breadcrumb\"},\"inLanguage\":\"en-US\",\"potentialAction\":[{\"@type\":\"ReadAction\",\"target\":[\"https:\/\/www.namude.lt\/objektas\/parduodamas-sodas-narkunu-k-utenos-r-su-nameliu-pirtimi-ir-kubilu\/\"]}]},{\"@type\":\"ImageObject\",\"inLanguage\":\"en-US\",\"@id\":\"https:\/\/www.namude.lt\/objektas\/parduodamas-sodas-narkunu-k-utenos-r-su-nameliu-pirtimi-ir-kubilu\/#primaryimage\",\"url\":\"https:\/\/www.namude.lt\/wp-content\/uploads\/2026\/04\/1-3.jpg\",\"contentUrl\":\"https:\/\/www.namude.lt\/wp-content\/uploads\/2026\/04\/1-3.jpg\",\"width\":2400,\"height\":1800},{\"@type\":\"BreadcrumbList\",\"@id\":\"https:\/\/www.namude.lt\/objektas\/parduodamas-sodas-narkunu-k-utenos-r-su-nameliu-pirtimi-ir-kubilu\/#breadcrumb\",\"itemListElement\":[{\"@type\":\"ListItem\",\"position\":1,\"name\":\"Home\",\"item\":\"https:\/\/www.namude.lt\/en\/\"},{\"@type\":\"ListItem\",\"position\":2,\"name\":\"Real estate\",\"item\":\"https:\/\/www.namude.lt\/en\/real-estate\/\"},{\"@type\":\"ListItem\",\"position\":3,\"name\":\"PARDUODAMAS SODAS NARK\u016aN\u0172 K., UTENOS R. \u2013 SU NAMELIU, PIRTIMI IR KUBILU\"}]},{\"@type\":\"WebSite\",\"@id\":\"https:\/\/www.namude.lt\/#website\",\"url\":\"https:\/\/www.namude.lt\/\",\"name\":\"Namud\u0117\",\"description\":\"\u201eNamud\u0117\u201c \u2013 agent\u016bra, pardavin\u0117janti Auk\u0161taitijos NT grynuolius.\",\"publisher\":{\"@id\":\"https:\/\/www.namude.lt\/#organization\"},\"potentialAction\":[{\"@type\":\"SearchAction\",\"target\":{\"@type\":\"EntryPoint\",\"urlTemplate\":\"https:\/\/www.namude.lt\/?s={search_term_string}\"},\"query-input\":{\"@type\":\"PropertyValueSpecification\",\"valueRequired\":true,\"valueName\":\"search_term_string\"}}],\"inLanguage\":\"en-US\"},{\"@type\":\"Organization\",\"@id\":\"https:\/\/www.namude.lt\/#organization\",\"name\":\"Namud\u0117\",\"url\":\"https:\/\/www.namude.lt\/\",\"logo\":{\"@type\":\"ImageObject\",\"inLanguage\":\"en-US\",\"@id\":\"https:\/\/www.namude.lt\/#\/schema\/logo\/image\/\",\"url\":\"https:\/\/www.namude.lt\/wp-content\/uploads\/2023\/11\/logo-symbol.svg\",\"contentUrl\":\"https:\/\/www.namude.lt\/wp-content\/uploads\/2023\/11\/logo-symbol.svg\",\"width\":1,\"height\":1,\"caption\":\"Namud\u0117\"},\"image\":{\"@id\":\"https:\/\/www.namude.lt\/#\/schema\/logo\/image\/\"}}]}<\/script>\n<!-- \/ Yoast SEO plugin. -->","yoast_head_json":{"title":"PARDUODAMAS SODAS NARK\u016aN\u0172 K., UTENOS R. \u2013 SU NAMELIU, PIRTIMI IR KUBILU - Namud\u0117","robots":{"index":"index","follow":"follow","max-snippet":"max-snippet:-1","max-image-preview":"max-image-preview:large","max-video-preview":"max-video-preview:-1"},"canonical":"https:\/\/www.namude.lt\/objektas\/parduodamas-sodas-narkunu-k-utenos-r-su-nameliu-pirtimi-ir-kubilu\/","og_locale":"en_US","og_type":"article","og_title":"PARDUODAMAS SODAS NARK\u016aN\u0172 K., UTENOS R. \u2013 SU NAMELIU, PIRTIMI IR KUBILU - Namud\u0117","og_description":"Ie\u0161kote vietos poilsiui ar pab\u0117gimui nuo kasdienyb\u0117s? \u0160is sodas Nark\u016bn\u0173 kaime \u2013 puikus pasirinkimas ie\u0161kantiems jaukios vietos pritaikytos poilsiui. \u010cia rasite visk\u0105 ko reikia kokybi\u0161kam poilsiui ar pab\u0117gimui nuo kasdienyb\u0117s. PRIVALUMAI: -40kv. m. vasarnamis (pirmame auk\u0161te -svetain\u0117 su \u017eidiniu ir panoraminiais langais, atskira virtuv\u0117l\u0117, antrame auk\u0161te \u012frengtas miegamasis); - r\u016bsyje \u012frengta pirtis \u2013 prie\u0161pirtis, vonios patalpa, erdvi pirtis; - beveik 7a sklypas, kuriame pri\u017ei\u016br\u0117ta aplinka ir funkcionaliai paskirstytos erdv\u0117s, dalis sklypo i\u0161klota trinkel\u0117mis, sklypas aptvertas, galinis sodas; - lauko pav\u0117sin\u0117 su \u017eidiniu ir lauko virtuv\u0117le, lauko baldais bei kubilu; - \u016bkiniai pastatai: malkin\u0117, 2 sand\u0117liukai, meistrin\u0117; -vanduo i\u0161 \u0161ulinio, vietin\u0117s nuotekos; - krep\u0161inio aik\u0161tel\u0119, kuri\u0105 galima i\u0161naudoti ir kaip automobili\u0173 stov\u0117jimo aik\u0161tel\u0117. - Geras ir patogus priva\u017eiavimas visais met\u0173 laikais, iki Utenos miesto 6km.","og_url":"https:\/\/www.namude.lt\/objektas\/parduodamas-sodas-narkunu-k-utenos-r-su-nameliu-pirtimi-ir-kubilu\/","og_site_name":"Namud\u0117","og_image":[{"width":2400,"height":1800,"url":"https:\/\/www.namude.lt\/wp-content\/uploads\/2026\/04\/1-3.jpg","type":"image\/jpeg"}],"twitter_card":"summary_large_image","schema":{"@context":"https:\/\/schema.org","@graph":[{"@type":"WebPage","@id":"https:\/\/www.namude.lt\/objektas\/parduodamas-sodas-narkunu-k-utenos-r-su-nameliu-pirtimi-ir-kubilu\/","url":"https:\/\/www.namude.lt\/objektas\/parduodamas-sodas-narkunu-k-utenos-r-su-nameliu-pirtimi-ir-kubilu\/","name":"PARDUODAMAS SODAS NARK\u016aN\u0172 K., UTENOS R. \u2013 SU NAMELIU, PIRTIMI IR KUBILU - Namud\u0117","isPartOf":{"@id":"https:\/\/www.namude.lt\/#website"},"primaryImageOfPage":{"@id":"https:\/\/www.namude.lt\/objektas\/parduodamas-sodas-narkunu-k-utenos-r-su-nameliu-pirtimi-ir-kubilu\/#primaryimage"},"image":{"@id":"https:\/\/www.namude.lt\/objektas\/parduodamas-sodas-narkunu-k-utenos-r-su-nameliu-pirtimi-ir-kubilu\/#primaryimage"},"thumbnailUrl":"https:\/\/www.namude.lt\/wp-content\/uploads\/2026\/04\/1-3.jpg","datePublished":"2026-04-04T09:17:38+00:00","breadcrumb":{"@id":"https:\/\/www.namude.lt\/objektas\/parduodamas-sodas-narkunu-k-utenos-r-su-nameliu-pirtimi-ir-kubilu\/#breadcrumb"},"inLanguage":"en-US","potentialAction":[{"@type":"ReadAction","target":["https:\/\/www.namude.lt\/objektas\/parduodamas-sodas-narkunu-k-utenos-r-su-nameliu-pirtimi-ir-kubilu\/"]}]},{"@type":"ImageObject","inLanguage":"en-US","@id":"https:\/\/www.namude.lt\/objektas\/parduodamas-sodas-narkunu-k-utenos-r-su-nameliu-pirtimi-ir-kubilu\/#primaryimage","url":"https:\/\/www.namude.lt\/wp-content\/uploads\/2026\/04\/1-3.jpg","contentUrl":"https:\/\/www.namude.lt\/wp-content\/uploads\/2026\/04\/1-3.jpg","width":2400,"height":1800},{"@type":"BreadcrumbList","@id":"https:\/\/www.namude.lt\/objektas\/parduodamas-sodas-narkunu-k-utenos-r-su-nameliu-pirtimi-ir-kubilu\/#breadcrumb","itemListElement":[{"@type":"ListItem","position":1,"name":"Home","item":"https:\/\/www.namude.lt\/en\/"},{"@type":"ListItem","position":2,"name":"Real estate","item":"https:\/\/www.namude.lt\/en\/real-estate\/"},{"@type":"ListItem","position":3,"name":"PARDUODAMAS SODAS NARK\u016aN\u0172 K., UTENOS R. \u2013 SU NAMELIU, PIRTIMI IR KUBILU"}]},{"@type":"WebSite","@id":"https:\/\/www.namude.lt\/#website","url":"https:\/\/www.namude.lt\/","name":"Namud\u0117","description":"\u201eNamud\u0117\u201c \u2013 agent\u016bra, pardavin\u0117janti Auk\u0161taitijos NT grynuolius.","publisher":{"@id":"https:\/\/www.namude.lt\/#organization"},"potentialAction":[{"@type":"SearchAction","target":{"@type":"EntryPoint","urlTemplate":"https:\/\/www.namude.lt\/?s={search_term_string}"},"query-input":{"@type":"PropertyValueSpecification","valueRequired":true,"valueName":"search_term_string"}}],"inLanguage":"en-US"},{"@type":"Organization","@id":"https:\/\/www.namude.lt\/#organization","name":"Namud\u0117","url":"https:\/\/www.namude.lt\/","logo":{"@type":"ImageObject","inLanguage":"en-US","@id":"https:\/\/www.namude.lt\/#\/schema\/logo\/image\/","url":"https:\/\/www.namude.lt\/wp-content\/uploads\/2023\/11\/logo-symbol.svg","contentUrl":"https:\/\/www.namude.lt\/wp-content\/uploads\/2023\/11\/logo-symbol.svg","width":1,"height":1,"caption":"Namud\u0117"},"image":{"@id":"https:\/\/www.namude.lt\/#\/schema\/logo\/image\/"}}]}},"_links":{"self":[{"href":"https:\/\/www.namude.lt\/en\/wp-json\/wp\/v2\/product\/26106","targetHints":{"allow":["GET"]}}],"collection":[{"href":"https:\/\/www.namude.lt\/en\/wp-json\/wp\/v2\/product"}],"about":[{"href":"https:\/\/www.namude.lt\/en\/wp-json\/wp\/v2\/types\/product"}],"wp:featuredmedia":[{"embeddable":true,"href":"https:\/\/www.namude.lt\/en\/wp-json\/wp\/v2\/media\/26107"}],"wp:attachment":[{"href":"https:\/\/www.namude.lt\/en\/wp-json\/wp\/v2\/media?parent=26106"}],"wp:term":[{"taxonomy":"product_brand","embeddable":true,"href":"https:\/\/www.namude.lt\/en\/wp-json\/wp\/v2\/product_brand?post=26106"},{"taxonomy":"product_cat","embeddable":true,"href":"https:\/\/www.namude.lt\/en\/wp-json\/wp\/v2\/product_cat?post=26106"},{"taxonomy":"product_tag","embeddable":true,"href":"https:\/\/www.namude.lt\/en\/wp-json\/wp\/v2\/product_tag?post=26106"}],"curies":[{"name":"wp","href":"https:\/\/api.w.org\/{rel}","templated":true}]}}