{"id":25987,"date":"2026-04-04T09:22:53","date_gmt":"2026-04-04T06:22:53","guid":{"rendered":"https:\/\/www.namude.lt\/?post_type=product&#038;p=25987"},"modified":"2026-04-04T09:22:53","modified_gmt":"2026-04-04T06:22:53","slug":"parduodamas-jaukus-namas-kuktiskiu-miestelyje","status":"publish","type":"product","link":"https:\/\/www.namude.lt\/en\/object\/parduodamas-jaukus-namas-kuktiskiu-miestelyje\/","title":{"rendered":"PARDUODAMAS JAUKUS NAMAS KUKTI\u0160KI\u0172 MIESTELYJE"},"content":{"rendered":"","protected":false},"excerpt":{"rendered":"<p>Parduodamas jaukus namas Kukti\u0161ki\u0173 miestelyje \u2013 tai puikus pasirinkimas ie\u0161kantiems patogios gyvenamosios vietos gamtos apsuptyje, ta\u010diau nenorintiems nutolti nuo miesto patogum\u0173.<br \/>\nKukti\u0161k\u0117s \u2013 tvarkinga ir bendruomeni\u0161ka gyvenviet\u0117 Utenos rajone, gars\u0117janti \u017ealuma ir patogiu susisiekimu su aplinkiniais miestais. Gyvenviet\u0117je veikia pagrindin\u0117s kasdien\u0117s paslaugos: parduotuv\u0117s, mokykla, dar\u017eelis, pa\u0161tas, biblioteka, tod\u0117l gyvenimas \u010dia yra patogus tiek \u0161eimoms, tiek vyresnio am\u017eiaus \u017emon\u0117ms.<br \/>\nKukti\u0161k\u0117s apsuptos mi\u0161k\u0173 ir e\u017eer\u0173, tod\u0117l tai ideali vieta m\u0117gstantiems gamt\u0105, poils\u012f bei aktyv\u0173 laisvalaik\u012f. Apylink\u0117se gausu vandens telkini\u0173, puikios s\u0105lygos \u017evejybai, grybavimui ar tiesiog ramiam poilsiui gamtoje.<br \/>\nPRIVALUMAI:<br \/>\n\u2013 66kv.m. vieno auk\u0161to r\u0105stinis namas (2 kambariai, virtuv\u0117, bendra vonios ir WC patalpa, prie\u0161kambaris, veranda. Pakeistas stogas, namas apkaltas dailylent\u0117mis, pakeista dalis lang\u0173);<br \/>\n\u2013 21a nam\u0173 valdos sklypas: 6a prie gyvenamojo namo ir 14a prie \u016bkini\u0173 pastat\u0173;<br \/>\n\u2013 3 \u016bkiniai pastatai: gara\u017eas, lauko r\u016bsys, tvartas;<br \/>\n\u2013 Miestelio vandentiekis;<br \/>\n-Nuotek\u0173 valymo \u012frenginys;<br \/>\n\u2013 Geras priva\u017eiavimas visais met\u0173 laikais. Iki Tauragn\u0173 11km, Utenos 15km, Mol\u0117tai 26km, Vilnius 89km.<\/p>\n","protected":false},"featured_media":25988,"template":"","meta":{"_acf_changed":false},"product_brand":[],"product_cat":[26],"product_tag":[],"class_list":{"0":"post-25987","1":"product","2":"type-product","3":"status-publish","4":"has-post-thumbnail","6":"product_cat-namai","7":"pa_rajonas-utenos-rajonas","8":"description-off","10":"first","11":"instock","12":"shipping-taxable","13":"purchasable","14":"product-type-simple"},"acf":[],"yoast_head":"<!-- This site is optimized with the Yoast SEO plugin v27.0 - https:\/\/yoast.com\/product\/yoast-seo-wordpress\/ -->\n<title>PARDUODAMAS JAUKUS NAMAS KUKTI\u0160KI\u0172 MIESTELYJE - Namud\u0117<\/title>\n<meta name=\"robots\" content=\"index, follow, max-snippet:-1, max-image-preview:large, max-video-preview:-1\" \/>\n<link rel=\"canonical\" href=\"https:\/\/www.namude.lt\/objektas\/parduodamas-jaukus-namas-kuktiskiu-miestelyje\/\" \/>\n<meta property=\"og:locale\" content=\"en_US\" \/>\n<meta property=\"og:type\" content=\"article\" \/>\n<meta property=\"og:title\" content=\"PARDUODAMAS JAUKUS NAMAS KUKTI\u0160KI\u0172 MIESTELYJE - Namud\u0117\" \/>\n<meta property=\"og:description\" content=\"Parduodamas jaukus namas Kukti\u0161ki\u0173 miestelyje \u2013 tai puikus pasirinkimas ie\u0161kantiems patogios gyvenamosios vietos gamtos apsuptyje, ta\u010diau nenorintiems nutolti nuo miesto patogum\u0173. Kukti\u0161k\u0117s \u2013 tvarkinga ir bendruomeni\u0161ka gyvenviet\u0117 Utenos rajone, gars\u0117janti \u017ealuma ir patogiu susisiekimu su aplinkiniais miestais. Gyvenviet\u0117je veikia pagrindin\u0117s kasdien\u0117s paslaugos: parduotuv\u0117s, mokykla, dar\u017eelis, pa\u0161tas, biblioteka, tod\u0117l gyvenimas \u010dia yra patogus tiek \u0161eimoms, tiek vyresnio am\u017eiaus \u017emon\u0117ms. Kukti\u0161k\u0117s apsuptos mi\u0161k\u0173 ir e\u017eer\u0173, tod\u0117l tai ideali vieta m\u0117gstantiems gamt\u0105, poils\u012f bei aktyv\u0173 laisvalaik\u012f. Apylink\u0117se gausu vandens telkini\u0173, puikios s\u0105lygos \u017evejybai, grybavimui ar tiesiog ramiam poilsiui gamtoje. PRIVALUMAI: \u2013 66kv.m. vieno auk\u0161to r\u0105stinis namas (2 kambariai, virtuv\u0117, bendra vonios ir WC patalpa, prie\u0161kambaris, veranda. Pakeistas stogas, namas apkaltas dailylent\u0117mis, pakeista dalis lang\u0173); \u2013 21a nam\u0173 valdos sklypas: 6a prie gyvenamojo namo ir 14a prie \u016bkini\u0173 pastat\u0173; \u2013 3 \u016bkiniai pastatai: gara\u017eas, lauko r\u016bsys, tvartas; \u2013 Miestelio vandentiekis; -Nuotek\u0173 valymo \u012frenginys; \u2013 Geras priva\u017eiavimas visais met\u0173 laikais. Iki Tauragn\u0173 11km, Utenos 15km, Mol\u0117tai 26km, Vilnius 89km.\" \/>\n<meta property=\"og:url\" content=\"https:\/\/www.namude.lt\/objektas\/parduodamas-jaukus-namas-kuktiskiu-miestelyje\/\" \/>\n<meta property=\"og:site_name\" content=\"Namud\u0117\" \/>\n<meta property=\"og:image\" content=\"https:\/\/www.namude.lt\/wp-content\/uploads\/2026\/04\/1-1.jpg\" \/>\n\t<meta property=\"og:image:width\" content=\"2400\" \/>\n\t<meta property=\"og:image:height\" content=\"1800\" \/>\n\t<meta property=\"og:image:type\" content=\"image\/jpeg\" \/>\n<meta name=\"twitter:card\" content=\"summary_large_image\" \/>\n<script type=\"application\/ld+json\" class=\"yoast-schema-graph\">{\"@context\":\"https:\/\/schema.org\",\"@graph\":[{\"@type\":\"WebPage\",\"@id\":\"https:\/\/www.namude.lt\/objektas\/parduodamas-jaukus-namas-kuktiskiu-miestelyje\/\",\"url\":\"https:\/\/www.namude.lt\/objektas\/parduodamas-jaukus-namas-kuktiskiu-miestelyje\/\",\"name\":\"PARDUODAMAS JAUKUS NAMAS KUKTI\u0160KI\u0172 MIESTELYJE - Namud\u0117\",\"isPartOf\":{\"@id\":\"https:\/\/www.namude.lt\/#website\"},\"primaryImageOfPage\":{\"@id\":\"https:\/\/www.namude.lt\/objektas\/parduodamas-jaukus-namas-kuktiskiu-miestelyje\/#primaryimage\"},\"image\":{\"@id\":\"https:\/\/www.namude.lt\/objektas\/parduodamas-jaukus-namas-kuktiskiu-miestelyje\/#primaryimage\"},\"thumbnailUrl\":\"https:\/\/www.namude.lt\/wp-content\/uploads\/2026\/04\/1-1.jpg\",\"datePublished\":\"2026-04-04T06:22:53+00:00\",\"breadcrumb\":{\"@id\":\"https:\/\/www.namude.lt\/objektas\/parduodamas-jaukus-namas-kuktiskiu-miestelyje\/#breadcrumb\"},\"inLanguage\":\"en-US\",\"potentialAction\":[{\"@type\":\"ReadAction\",\"target\":[\"https:\/\/www.namude.lt\/objektas\/parduodamas-jaukus-namas-kuktiskiu-miestelyje\/\"]}]},{\"@type\":\"ImageObject\",\"inLanguage\":\"en-US\",\"@id\":\"https:\/\/www.namude.lt\/objektas\/parduodamas-jaukus-namas-kuktiskiu-miestelyje\/#primaryimage\",\"url\":\"https:\/\/www.namude.lt\/wp-content\/uploads\/2026\/04\/1-1.jpg\",\"contentUrl\":\"https:\/\/www.namude.lt\/wp-content\/uploads\/2026\/04\/1-1.jpg\",\"width\":2400,\"height\":1800},{\"@type\":\"BreadcrumbList\",\"@id\":\"https:\/\/www.namude.lt\/objektas\/parduodamas-jaukus-namas-kuktiskiu-miestelyje\/#breadcrumb\",\"itemListElement\":[{\"@type\":\"ListItem\",\"position\":1,\"name\":\"Home\",\"item\":\"https:\/\/www.namude.lt\/en\/\"},{\"@type\":\"ListItem\",\"position\":2,\"name\":\"Real estate\",\"item\":\"https:\/\/www.namude.lt\/en\/real-estate\/\"},{\"@type\":\"ListItem\",\"position\":3,\"name\":\"PARDUODAMAS JAUKUS NAMAS KUKTI\u0160KI\u0172 MIESTELYJE\"}]},{\"@type\":\"WebSite\",\"@id\":\"https:\/\/www.namude.lt\/#website\",\"url\":\"https:\/\/www.namude.lt\/\",\"name\":\"Namud\u0117\",\"description\":\"\u201eNamud\u0117\u201c \u2013 agent\u016bra, pardavin\u0117janti Auk\u0161taitijos NT grynuolius.\",\"publisher\":{\"@id\":\"https:\/\/www.namude.lt\/#organization\"},\"potentialAction\":[{\"@type\":\"SearchAction\",\"target\":{\"@type\":\"EntryPoint\",\"urlTemplate\":\"https:\/\/www.namude.lt\/?s={search_term_string}\"},\"query-input\":{\"@type\":\"PropertyValueSpecification\",\"valueRequired\":true,\"valueName\":\"search_term_string\"}}],\"inLanguage\":\"en-US\"},{\"@type\":\"Organization\",\"@id\":\"https:\/\/www.namude.lt\/#organization\",\"name\":\"Namud\u0117\",\"url\":\"https:\/\/www.namude.lt\/\",\"logo\":{\"@type\":\"ImageObject\",\"inLanguage\":\"en-US\",\"@id\":\"https:\/\/www.namude.lt\/#\/schema\/logo\/image\/\",\"url\":\"https:\/\/www.namude.lt\/wp-content\/uploads\/2023\/11\/logo-symbol.svg\",\"contentUrl\":\"https:\/\/www.namude.lt\/wp-content\/uploads\/2023\/11\/logo-symbol.svg\",\"width\":1,\"height\":1,\"caption\":\"Namud\u0117\"},\"image\":{\"@id\":\"https:\/\/www.namude.lt\/#\/schema\/logo\/image\/\"}}]}<\/script>\n<!-- \/ Yoast SEO plugin. -->","yoast_head_json":{"title":"PARDUODAMAS JAUKUS NAMAS KUKTI\u0160KI\u0172 MIESTELYJE - Namud\u0117","robots":{"index":"index","follow":"follow","max-snippet":"max-snippet:-1","max-image-preview":"max-image-preview:large","max-video-preview":"max-video-preview:-1"},"canonical":"https:\/\/www.namude.lt\/objektas\/parduodamas-jaukus-namas-kuktiskiu-miestelyje\/","og_locale":"en_US","og_type":"article","og_title":"PARDUODAMAS JAUKUS NAMAS KUKTI\u0160KI\u0172 MIESTELYJE - Namud\u0117","og_description":"Parduodamas jaukus namas Kukti\u0161ki\u0173 miestelyje \u2013 tai puikus pasirinkimas ie\u0161kantiems patogios gyvenamosios vietos gamtos apsuptyje, ta\u010diau nenorintiems nutolti nuo miesto patogum\u0173. Kukti\u0161k\u0117s \u2013 tvarkinga ir bendruomeni\u0161ka gyvenviet\u0117 Utenos rajone, gars\u0117janti \u017ealuma ir patogiu susisiekimu su aplinkiniais miestais. Gyvenviet\u0117je veikia pagrindin\u0117s kasdien\u0117s paslaugos: parduotuv\u0117s, mokykla, dar\u017eelis, pa\u0161tas, biblioteka, tod\u0117l gyvenimas \u010dia yra patogus tiek \u0161eimoms, tiek vyresnio am\u017eiaus \u017emon\u0117ms. Kukti\u0161k\u0117s apsuptos mi\u0161k\u0173 ir e\u017eer\u0173, tod\u0117l tai ideali vieta m\u0117gstantiems gamt\u0105, poils\u012f bei aktyv\u0173 laisvalaik\u012f. Apylink\u0117se gausu vandens telkini\u0173, puikios s\u0105lygos \u017evejybai, grybavimui ar tiesiog ramiam poilsiui gamtoje. PRIVALUMAI: \u2013 66kv.m. vieno auk\u0161to r\u0105stinis namas (2 kambariai, virtuv\u0117, bendra vonios ir WC patalpa, prie\u0161kambaris, veranda. Pakeistas stogas, namas apkaltas dailylent\u0117mis, pakeista dalis lang\u0173); \u2013 21a nam\u0173 valdos sklypas: 6a prie gyvenamojo namo ir 14a prie \u016bkini\u0173 pastat\u0173; \u2013 3 \u016bkiniai pastatai: gara\u017eas, lauko r\u016bsys, tvartas; \u2013 Miestelio vandentiekis; -Nuotek\u0173 valymo \u012frenginys; \u2013 Geras priva\u017eiavimas visais met\u0173 laikais. Iki Tauragn\u0173 11km, Utenos 15km, Mol\u0117tai 26km, Vilnius 89km.","og_url":"https:\/\/www.namude.lt\/objektas\/parduodamas-jaukus-namas-kuktiskiu-miestelyje\/","og_site_name":"Namud\u0117","og_image":[{"width":2400,"height":1800,"url":"https:\/\/www.namude.lt\/wp-content\/uploads\/2026\/04\/1-1.jpg","type":"image\/jpeg"}],"twitter_card":"summary_large_image","schema":{"@context":"https:\/\/schema.org","@graph":[{"@type":"WebPage","@id":"https:\/\/www.namude.lt\/objektas\/parduodamas-jaukus-namas-kuktiskiu-miestelyje\/","url":"https:\/\/www.namude.lt\/objektas\/parduodamas-jaukus-namas-kuktiskiu-miestelyje\/","name":"PARDUODAMAS JAUKUS NAMAS KUKTI\u0160KI\u0172 MIESTELYJE - Namud\u0117","isPartOf":{"@id":"https:\/\/www.namude.lt\/#website"},"primaryImageOfPage":{"@id":"https:\/\/www.namude.lt\/objektas\/parduodamas-jaukus-namas-kuktiskiu-miestelyje\/#primaryimage"},"image":{"@id":"https:\/\/www.namude.lt\/objektas\/parduodamas-jaukus-namas-kuktiskiu-miestelyje\/#primaryimage"},"thumbnailUrl":"https:\/\/www.namude.lt\/wp-content\/uploads\/2026\/04\/1-1.jpg","datePublished":"2026-04-04T06:22:53+00:00","breadcrumb":{"@id":"https:\/\/www.namude.lt\/objektas\/parduodamas-jaukus-namas-kuktiskiu-miestelyje\/#breadcrumb"},"inLanguage":"en-US","potentialAction":[{"@type":"ReadAction","target":["https:\/\/www.namude.lt\/objektas\/parduodamas-jaukus-namas-kuktiskiu-miestelyje\/"]}]},{"@type":"ImageObject","inLanguage":"en-US","@id":"https:\/\/www.namude.lt\/objektas\/parduodamas-jaukus-namas-kuktiskiu-miestelyje\/#primaryimage","url":"https:\/\/www.namude.lt\/wp-content\/uploads\/2026\/04\/1-1.jpg","contentUrl":"https:\/\/www.namude.lt\/wp-content\/uploads\/2026\/04\/1-1.jpg","width":2400,"height":1800},{"@type":"BreadcrumbList","@id":"https:\/\/www.namude.lt\/objektas\/parduodamas-jaukus-namas-kuktiskiu-miestelyje\/#breadcrumb","itemListElement":[{"@type":"ListItem","position":1,"name":"Home","item":"https:\/\/www.namude.lt\/en\/"},{"@type":"ListItem","position":2,"name":"Real estate","item":"https:\/\/www.namude.lt\/en\/real-estate\/"},{"@type":"ListItem","position":3,"name":"PARDUODAMAS JAUKUS NAMAS KUKTI\u0160KI\u0172 MIESTELYJE"}]},{"@type":"WebSite","@id":"https:\/\/www.namude.lt\/#website","url":"https:\/\/www.namude.lt\/","name":"Namud\u0117","description":"\u201eNamud\u0117\u201c \u2013 agent\u016bra, pardavin\u0117janti Auk\u0161taitijos NT grynuolius.","publisher":{"@id":"https:\/\/www.namude.lt\/#organization"},"potentialAction":[{"@type":"SearchAction","target":{"@type":"EntryPoint","urlTemplate":"https:\/\/www.namude.lt\/?s={search_term_string}"},"query-input":{"@type":"PropertyValueSpecification","valueRequired":true,"valueName":"search_term_string"}}],"inLanguage":"en-US"},{"@type":"Organization","@id":"https:\/\/www.namude.lt\/#organization","name":"Namud\u0117","url":"https:\/\/www.namude.lt\/","logo":{"@type":"ImageObject","inLanguage":"en-US","@id":"https:\/\/www.namude.lt\/#\/schema\/logo\/image\/","url":"https:\/\/www.namude.lt\/wp-content\/uploads\/2023\/11\/logo-symbol.svg","contentUrl":"https:\/\/www.namude.lt\/wp-content\/uploads\/2023\/11\/logo-symbol.svg","width":1,"height":1,"caption":"Namud\u0117"},"image":{"@id":"https:\/\/www.namude.lt\/#\/schema\/logo\/image\/"}}]}},"_links":{"self":[{"href":"https:\/\/www.namude.lt\/en\/wp-json\/wp\/v2\/product\/25987","targetHints":{"allow":["GET"]}}],"collection":[{"href":"https:\/\/www.namude.lt\/en\/wp-json\/wp\/v2\/product"}],"about":[{"href":"https:\/\/www.namude.lt\/en\/wp-json\/wp\/v2\/types\/product"}],"wp:featuredmedia":[{"embeddable":true,"href":"https:\/\/www.namude.lt\/en\/wp-json\/wp\/v2\/media\/25988"}],"wp:attachment":[{"href":"https:\/\/www.namude.lt\/en\/wp-json\/wp\/v2\/media?parent=25987"}],"wp:term":[{"taxonomy":"product_brand","embeddable":true,"href":"https:\/\/www.namude.lt\/en\/wp-json\/wp\/v2\/product_brand?post=25987"},{"taxonomy":"product_cat","embeddable":true,"href":"https:\/\/www.namude.lt\/en\/wp-json\/wp\/v2\/product_cat?post=25987"},{"taxonomy":"product_tag","embeddable":true,"href":"https:\/\/www.namude.lt\/en\/wp-json\/wp\/v2\/product_tag?post=25987"}],"curies":[{"name":"wp","href":"https:\/\/api.w.org\/{rel}","templated":true}]}}