{"id":25911,"date":"2026-04-02T16:09:03","date_gmt":"2026-04-02T13:09:03","guid":{"rendered":"https:\/\/www.namude.lt\/?post_type=product&#038;p=25911"},"modified":"2026-04-02T16:47:03","modified_gmt":"2026-04-02T13:47:03","slug":"parduodamas-2-kambario-butas-anyksciu-centre","status":"publish","type":"product","link":"https:\/\/www.namude.lt\/en\/object\/parduodamas-2-kambario-butas-anyksciu-centre\/","title":{"rendered":"PARDUODAMAS 2 KAMBARI\u0172 BUTAS ANYK\u0160\u010cI\u0172 CENTRE"},"content":{"rendered":"","protected":false},"excerpt":{"rendered":"<p>Bili\u016bno gatv\u0117je, Anyk\u0161\u010di\u0173 miesto \u0161irdyje \u2013 2 kambari\u0172 butas laukia nauj\u0173 \u0161eiminink\u0173. Strategi\u0161kai patogioje vietoje, erdvus, \u0161viesus ir funkcionaliai suprojektuotas butas su balkonu, tiks kiekvienam norin\u010diam \u010dia gyventi ar ils\u0117tis kurortiniame mieste.<br \/>\nAnyk\u0161\u010diai ma\u017eas, bet ypatingas miestelis \u012fsik\u016br\u0119s \u0160ventosios up\u0117s vingiuose, apsuptas gra\u017eios gamtos. \u0160is miestelis praturtintas: gamta ir ramybe, istorija, aktyviu laisvalaikiu, bendruomeni\u0161kumu ir gyvenimo kokybe.<br \/>\nPRIVALUMAI:<br \/>\n\u2013 Butas 50kv m. (3 auk\u0161tas, erdv\u016bs kambariai, balkonas);<br \/>\n\u2013 Vonia ir tualetas bendroje patalpoje;<br \/>\n\u2013  Anyk\u0161\u010di\u0173 miesto centras, kult\u016bros namai, prekybos centrai, turgus, kavin\u0117s, parkas &#8211; pasiekiami vos per kelias minutes.<br \/>\nKoordinat\u0117s : maps.lt \u2013 55.525227, 25.107109<br \/>\nD\u0117l i\u0161samesn\u0117s informacijos ar ap\u017ei\u016bros susisiekite ir mes visk\u0105 Jums papasakosime.<\/p>\n","protected":false},"featured_media":25912,"template":"","meta":{"_acf_changed":false},"product_brand":[],"product_cat":[27],"product_tag":[],"class_list":{"0":"post-25911","1":"product","2":"type-product","3":"status-publish","4":"has-post-thumbnail","6":"product_cat-butai","7":"pa_rajonas-anyksciu-rajonas","8":"description-off","10":"first","11":"instock","12":"shipping-taxable","13":"purchasable","14":"product-type-simple"},"acf":[],"yoast_head":"<!-- This site is optimized with the Yoast SEO plugin v27.0 - https:\/\/yoast.com\/product\/yoast-seo-wordpress\/ -->\n<title>PARDUODAMAS 2 KAMBARI\u0172 BUTAS ANYK\u0160\u010cI\u0172 CENTRE - Namud\u0117<\/title>\n<meta name=\"robots\" content=\"index, follow, max-snippet:-1, max-image-preview:large, max-video-preview:-1\" \/>\n<link rel=\"canonical\" href=\"https:\/\/www.namude.lt\/objektas\/parduodamas-2-kambario-butas-anyksciu-centre\/\" \/>\n<meta property=\"og:locale\" content=\"en_US\" \/>\n<meta property=\"og:type\" content=\"article\" \/>\n<meta property=\"og:title\" content=\"PARDUODAMAS 2 KAMBARI\u0172 BUTAS ANYK\u0160\u010cI\u0172 CENTRE - Namud\u0117\" \/>\n<meta property=\"og:description\" content=\"Bili\u016bno gatv\u0117je, Anyk\u0161\u010di\u0173 miesto \u0161irdyje \u2013 2 kambari\u0172 butas laukia nauj\u0173 \u0161eiminink\u0173. Strategi\u0161kai patogioje vietoje, erdvus, \u0161viesus ir funkcionaliai suprojektuotas butas su balkonu, tiks kiekvienam norin\u010diam \u010dia gyventi ar ils\u0117tis kurortiniame mieste.  Anyk\u0161\u010diai ma\u017eas, bet ypatingas miestelis \u012fsik\u016br\u0119s \u0160ventosios up\u0117s vingiuose, apsuptas gra\u017eios gamtos. \u0160is miestelis praturtintas: gamta ir ramybe, istorija, aktyviu laisvalaikiu, bendruomeni\u0161kumu ir gyvenimo kokybe. PRIVALUMAI: \u2013 Butas 50kv m. (3 auk\u0161tas, erdv\u016bs kambariai, balkonas); \u2013 Vonia ir tualetas bendroje patalpoje; \u2013 Anyk\u0161\u010di\u0173 miesto centras, kult\u016bros namai, prekybos centrai, turgus, kavin\u0117s, parkas - pasiekiami vos per kelias minutes. Koordinat\u0117s : maps.lt \u2013 55.525227, 25.107109 D\u0117l i\u0161samesn\u0117s informacijos ar ap\u017ei\u016bros susisiekite ir mes visk\u0105 Jums papasakosime.\" \/>\n<meta property=\"og:url\" content=\"https:\/\/www.namude.lt\/objektas\/parduodamas-2-kambario-butas-anyksciu-centre\/\" \/>\n<meta property=\"og:site_name\" content=\"Namud\u0117\" \/>\n<meta property=\"article:modified_time\" content=\"2026-04-02T13:47:03+00:00\" \/>\n<meta property=\"og:image\" content=\"https:\/\/www.namude.lt\/wp-content\/uploads\/2026\/04\/1.jpg\" \/>\n\t<meta property=\"og:image:width\" content=\"2400\" \/>\n\t<meta property=\"og:image:height\" content=\"1800\" \/>\n\t<meta property=\"og:image:type\" content=\"image\/jpeg\" \/>\n<meta name=\"twitter:card\" content=\"summary_large_image\" \/>\n<script type=\"application\/ld+json\" class=\"yoast-schema-graph\">{\"@context\":\"https:\/\/schema.org\",\"@graph\":[{\"@type\":\"WebPage\",\"@id\":\"https:\/\/www.namude.lt\/objektas\/parduodamas-2-kambario-butas-anyksciu-centre\/\",\"url\":\"https:\/\/www.namude.lt\/objektas\/parduodamas-2-kambario-butas-anyksciu-centre\/\",\"name\":\"PARDUODAMAS 2 KAMBARI\u0172 BUTAS ANYK\u0160\u010cI\u0172 CENTRE - Namud\u0117\",\"isPartOf\":{\"@id\":\"https:\/\/www.namude.lt\/#website\"},\"primaryImageOfPage\":{\"@id\":\"https:\/\/www.namude.lt\/objektas\/parduodamas-2-kambario-butas-anyksciu-centre\/#primaryimage\"},\"image\":{\"@id\":\"https:\/\/www.namude.lt\/objektas\/parduodamas-2-kambario-butas-anyksciu-centre\/#primaryimage\"},\"thumbnailUrl\":\"https:\/\/www.namude.lt\/wp-content\/uploads\/2026\/04\/1.jpg\",\"datePublished\":\"2026-04-02T13:09:03+00:00\",\"dateModified\":\"2026-04-02T13:47:03+00:00\",\"breadcrumb\":{\"@id\":\"https:\/\/www.namude.lt\/objektas\/parduodamas-2-kambario-butas-anyksciu-centre\/#breadcrumb\"},\"inLanguage\":\"en-US\",\"potentialAction\":[{\"@type\":\"ReadAction\",\"target\":[\"https:\/\/www.namude.lt\/objektas\/parduodamas-2-kambario-butas-anyksciu-centre\/\"]}]},{\"@type\":\"ImageObject\",\"inLanguage\":\"en-US\",\"@id\":\"https:\/\/www.namude.lt\/objektas\/parduodamas-2-kambario-butas-anyksciu-centre\/#primaryimage\",\"url\":\"https:\/\/www.namude.lt\/wp-content\/uploads\/2026\/04\/1.jpg\",\"contentUrl\":\"https:\/\/www.namude.lt\/wp-content\/uploads\/2026\/04\/1.jpg\",\"width\":2400,\"height\":1800},{\"@type\":\"BreadcrumbList\",\"@id\":\"https:\/\/www.namude.lt\/objektas\/parduodamas-2-kambario-butas-anyksciu-centre\/#breadcrumb\",\"itemListElement\":[{\"@type\":\"ListItem\",\"position\":1,\"name\":\"Home\",\"item\":\"https:\/\/www.namude.lt\/en\/\"},{\"@type\":\"ListItem\",\"position\":2,\"name\":\"Real estate\",\"item\":\"https:\/\/www.namude.lt\/en\/real-estate\/\"},{\"@type\":\"ListItem\",\"position\":3,\"name\":\"PARDUODAMAS 2 KAMBARI\u0172 BUTAS ANYK\u0160\u010cI\u0172 CENTRE\"}]},{\"@type\":\"WebSite\",\"@id\":\"https:\/\/www.namude.lt\/#website\",\"url\":\"https:\/\/www.namude.lt\/\",\"name\":\"Namud\u0117\",\"description\":\"\u201eNamud\u0117\u201c \u2013 agent\u016bra, pardavin\u0117janti Auk\u0161taitijos NT grynuolius.\",\"publisher\":{\"@id\":\"https:\/\/www.namude.lt\/#organization\"},\"potentialAction\":[{\"@type\":\"SearchAction\",\"target\":{\"@type\":\"EntryPoint\",\"urlTemplate\":\"https:\/\/www.namude.lt\/?s={search_term_string}\"},\"query-input\":{\"@type\":\"PropertyValueSpecification\",\"valueRequired\":true,\"valueName\":\"search_term_string\"}}],\"inLanguage\":\"en-US\"},{\"@type\":\"Organization\",\"@id\":\"https:\/\/www.namude.lt\/#organization\",\"name\":\"Namud\u0117\",\"url\":\"https:\/\/www.namude.lt\/\",\"logo\":{\"@type\":\"ImageObject\",\"inLanguage\":\"en-US\",\"@id\":\"https:\/\/www.namude.lt\/#\/schema\/logo\/image\/\",\"url\":\"https:\/\/www.namude.lt\/wp-content\/uploads\/2023\/11\/logo-symbol.svg\",\"contentUrl\":\"https:\/\/www.namude.lt\/wp-content\/uploads\/2023\/11\/logo-symbol.svg\",\"width\":1,\"height\":1,\"caption\":\"Namud\u0117\"},\"image\":{\"@id\":\"https:\/\/www.namude.lt\/#\/schema\/logo\/image\/\"}}]}<\/script>\n<!-- \/ Yoast SEO plugin. -->","yoast_head_json":{"title":"PARDUODAMAS 2 KAMBARI\u0172 BUTAS ANYK\u0160\u010cI\u0172 CENTRE - Namud\u0117","robots":{"index":"index","follow":"follow","max-snippet":"max-snippet:-1","max-image-preview":"max-image-preview:large","max-video-preview":"max-video-preview:-1"},"canonical":"https:\/\/www.namude.lt\/objektas\/parduodamas-2-kambario-butas-anyksciu-centre\/","og_locale":"en_US","og_type":"article","og_title":"PARDUODAMAS 2 KAMBARI\u0172 BUTAS ANYK\u0160\u010cI\u0172 CENTRE - Namud\u0117","og_description":"Bili\u016bno gatv\u0117je, Anyk\u0161\u010di\u0173 miesto \u0161irdyje \u2013 2 kambari\u0172 butas laukia nauj\u0173 \u0161eiminink\u0173. Strategi\u0161kai patogioje vietoje, erdvus, \u0161viesus ir funkcionaliai suprojektuotas butas su balkonu, tiks kiekvienam norin\u010diam \u010dia gyventi ar ils\u0117tis kurortiniame mieste.  Anyk\u0161\u010diai ma\u017eas, bet ypatingas miestelis \u012fsik\u016br\u0119s \u0160ventosios up\u0117s vingiuose, apsuptas gra\u017eios gamtos. \u0160is miestelis praturtintas: gamta ir ramybe, istorija, aktyviu laisvalaikiu, bendruomeni\u0161kumu ir gyvenimo kokybe. PRIVALUMAI: \u2013 Butas 50kv m. (3 auk\u0161tas, erdv\u016bs kambariai, balkonas); \u2013 Vonia ir tualetas bendroje patalpoje; \u2013 Anyk\u0161\u010di\u0173 miesto centras, kult\u016bros namai, prekybos centrai, turgus, kavin\u0117s, parkas - pasiekiami vos per kelias minutes. Koordinat\u0117s : maps.lt \u2013 55.525227, 25.107109 D\u0117l i\u0161samesn\u0117s informacijos ar ap\u017ei\u016bros susisiekite ir mes visk\u0105 Jums papasakosime.","og_url":"https:\/\/www.namude.lt\/objektas\/parduodamas-2-kambario-butas-anyksciu-centre\/","og_site_name":"Namud\u0117","article_modified_time":"2026-04-02T13:47:03+00:00","og_image":[{"width":2400,"height":1800,"url":"https:\/\/www.namude.lt\/wp-content\/uploads\/2026\/04\/1.jpg","type":"image\/jpeg"}],"twitter_card":"summary_large_image","schema":{"@context":"https:\/\/schema.org","@graph":[{"@type":"WebPage","@id":"https:\/\/www.namude.lt\/objektas\/parduodamas-2-kambario-butas-anyksciu-centre\/","url":"https:\/\/www.namude.lt\/objektas\/parduodamas-2-kambario-butas-anyksciu-centre\/","name":"PARDUODAMAS 2 KAMBARI\u0172 BUTAS ANYK\u0160\u010cI\u0172 CENTRE - Namud\u0117","isPartOf":{"@id":"https:\/\/www.namude.lt\/#website"},"primaryImageOfPage":{"@id":"https:\/\/www.namude.lt\/objektas\/parduodamas-2-kambario-butas-anyksciu-centre\/#primaryimage"},"image":{"@id":"https:\/\/www.namude.lt\/objektas\/parduodamas-2-kambario-butas-anyksciu-centre\/#primaryimage"},"thumbnailUrl":"https:\/\/www.namude.lt\/wp-content\/uploads\/2026\/04\/1.jpg","datePublished":"2026-04-02T13:09:03+00:00","dateModified":"2026-04-02T13:47:03+00:00","breadcrumb":{"@id":"https:\/\/www.namude.lt\/objektas\/parduodamas-2-kambario-butas-anyksciu-centre\/#breadcrumb"},"inLanguage":"en-US","potentialAction":[{"@type":"ReadAction","target":["https:\/\/www.namude.lt\/objektas\/parduodamas-2-kambario-butas-anyksciu-centre\/"]}]},{"@type":"ImageObject","inLanguage":"en-US","@id":"https:\/\/www.namude.lt\/objektas\/parduodamas-2-kambario-butas-anyksciu-centre\/#primaryimage","url":"https:\/\/www.namude.lt\/wp-content\/uploads\/2026\/04\/1.jpg","contentUrl":"https:\/\/www.namude.lt\/wp-content\/uploads\/2026\/04\/1.jpg","width":2400,"height":1800},{"@type":"BreadcrumbList","@id":"https:\/\/www.namude.lt\/objektas\/parduodamas-2-kambario-butas-anyksciu-centre\/#breadcrumb","itemListElement":[{"@type":"ListItem","position":1,"name":"Home","item":"https:\/\/www.namude.lt\/en\/"},{"@type":"ListItem","position":2,"name":"Real estate","item":"https:\/\/www.namude.lt\/en\/real-estate\/"},{"@type":"ListItem","position":3,"name":"PARDUODAMAS 2 KAMBARI\u0172 BUTAS ANYK\u0160\u010cI\u0172 CENTRE"}]},{"@type":"WebSite","@id":"https:\/\/www.namude.lt\/#website","url":"https:\/\/www.namude.lt\/","name":"Namud\u0117","description":"\u201eNamud\u0117\u201c \u2013 agent\u016bra, pardavin\u0117janti Auk\u0161taitijos NT grynuolius.","publisher":{"@id":"https:\/\/www.namude.lt\/#organization"},"potentialAction":[{"@type":"SearchAction","target":{"@type":"EntryPoint","urlTemplate":"https:\/\/www.namude.lt\/?s={search_term_string}"},"query-input":{"@type":"PropertyValueSpecification","valueRequired":true,"valueName":"search_term_string"}}],"inLanguage":"en-US"},{"@type":"Organization","@id":"https:\/\/www.namude.lt\/#organization","name":"Namud\u0117","url":"https:\/\/www.namude.lt\/","logo":{"@type":"ImageObject","inLanguage":"en-US","@id":"https:\/\/www.namude.lt\/#\/schema\/logo\/image\/","url":"https:\/\/www.namude.lt\/wp-content\/uploads\/2023\/11\/logo-symbol.svg","contentUrl":"https:\/\/www.namude.lt\/wp-content\/uploads\/2023\/11\/logo-symbol.svg","width":1,"height":1,"caption":"Namud\u0117"},"image":{"@id":"https:\/\/www.namude.lt\/#\/schema\/logo\/image\/"}}]}},"_links":{"self":[{"href":"https:\/\/www.namude.lt\/en\/wp-json\/wp\/v2\/product\/25911","targetHints":{"allow":["GET"]}}],"collection":[{"href":"https:\/\/www.namude.lt\/en\/wp-json\/wp\/v2\/product"}],"about":[{"href":"https:\/\/www.namude.lt\/en\/wp-json\/wp\/v2\/types\/product"}],"wp:featuredmedia":[{"embeddable":true,"href":"https:\/\/www.namude.lt\/en\/wp-json\/wp\/v2\/media\/25912"}],"wp:attachment":[{"href":"https:\/\/www.namude.lt\/en\/wp-json\/wp\/v2\/media?parent=25911"}],"wp:term":[{"taxonomy":"product_brand","embeddable":true,"href":"https:\/\/www.namude.lt\/en\/wp-json\/wp\/v2\/product_brand?post=25911"},{"taxonomy":"product_cat","embeddable":true,"href":"https:\/\/www.namude.lt\/en\/wp-json\/wp\/v2\/product_cat?post=25911"},{"taxonomy":"product_tag","embeddable":true,"href":"https:\/\/www.namude.lt\/en\/wp-json\/wp\/v2\/product_tag?post=25911"}],"curies":[{"name":"wp","href":"https:\/\/api.w.org\/{rel}","templated":true}]}}