{"id":25853,"date":"2026-03-31T15:05:41","date_gmt":"2026-03-31T12:05:41","guid":{"rendered":"https:\/\/www.namude.lt\/?post_type=product&#038;p=25853"},"modified":"2026-04-15T13:50:19","modified_gmt":"2026-04-15T10:50:19","slug":"parduodama-jauki-sodyba-zarasu-rajone-nariunu-kaime-salako-seniunijoje","status":"publish","type":"product","link":"https:\/\/www.namude.lt\/en\/object\/parduodama-jauki-sodyba-zarasu-rajone-nariunu-kaime-salako-seniunijoje\/","title":{"rendered":"Parduodama jauki sodyba Zaras\u0173 rajone, Nari\u016bn\u0173 kaime, Salako seni\u016bnijoje!"},"content":{"rendered":"","protected":false},"excerpt":{"rendered":"<p><strong>Ie\u0161kote ramyb\u0117s ir tikro gamtos prieglobs\u010dio? Salako miestelis: \u017eavinga vietov\u0117, kurioje vasar\u0105 verda gyvenimas!<\/strong><a href=\"https:\/\/www.namude.lt\/kategorija\/sodybos\/?filter_rajonas=zarasu-rajonas&#038;query_type_rajonas=or\"><\/a> \u017dmon\u0117s \u010dia atvyksta pasigro\u017e\u0117ti gamta, neogotikine ba\u017eny\u010dia ir pasim\u0117gauti e\u017eer\u0173 malonumais. \u0160i sodyba \u2013 tikras rojus tiek poilsiui, tiek nuolatiniam gyvenimui. Apsupta Salako mi\u0161k\u0173 ir pu\u0161yn\u0173  kaimelio pakra\u0161tyje, ji suteikia galimyb\u0119 m\u0117gautis ramybe, grynu oru ir tyru e\u017eero vandens \u0161urmuliu vos keli\u0173 minu\u010di\u0173 atstumu.<br \/>\n&#8211;\tNamas: r\u0105stinis, dviej\u0173 auk\u0161t\u0173, 85 m\u00b2, 4 kambariai, 2 verandos \u2013 erdvus ir \u0161viesus, tinkamas \u0161eimai ar vasaros poilsiui.<br \/>\n&#8211;\tSklypas: 7,5 ha, tvarkingas ir erdvus, apsodintas med\u017eiais ir augalais \u2013 vietos tiek dar\u017eui, tiek poilsio zonai ar \u016bkininkavimui.<br \/>\n&#8211;\t Papildomi pastatai: kluonas, svirnas, pirtis, tvartas \u2013 visi tvarkingi ir pri\u017ei\u016br\u0117ti, suteikiantys daug galimybi\u0173 \u016bkin\u0117ms ar poilsio veikloms. Draugi\u0161ka, rami kaimynyst\u0117, ma\u017eas eismas, tyli kaimelio pakra\u0161tyje, puikiai tinka ramiai gyvenimo erdvei.<br \/>\n&#8211;\tGamta ir poilsis: netoliese \u2013 nuostabaus gro\u017eio Luod\u017eio e\u017eeras, gars\u0117jantis dideliu papl\u016bdimiu, grilio zona ir puikiomis \u017evejybos galimyb\u0117mis. \u010cia vasar\u0105 galima leisti dienas prie vandens, m\u0117gautis saul\u0117tomis dienomis ar jaukiais vakarais su draugais ir \u0161eima.<br \/>\n&#8211;\tStrategi\u0161kai patogu patogus priva\u017eiavimas \u2013 iki asfalto 1,5 km, kelias pri\u017ei\u016brimas ir \u017eiem\u0105 valomas. Atstumai iki zaras\u0173 \u2013 27 km, Ignalinos\u2013 29 km, Visagino \u2013 28 km; Utenos \u2013 36 km; Vilniaus \u2013 124 km; Kauno \u2013 170 km<br \/>\n\ud83d\udc9a \u0160i sodyba \u2013 puikus pasirinkimas tiems, kurie vertina gamtos gro\u017e\u012f, ramyb\u0119 ir patogi\u0105 kaimynyst\u0119. Nepraleiskite progos \u012fsigyti \u0161i\u0105 unikali\u0105 viet\u0105 gamtos apsuptyje!<\/p>\n","protected":false},"featured_media":25890,"template":"","meta":{"_acf_changed":false},"product_brand":[],"product_cat":[23],"product_tag":[],"class_list":{"0":"post-25853","1":"product","2":"type-product","3":"status-publish","4":"has-post-thumbnail","6":"product_cat-sodybos","7":"pa_rajonas-zarasu-rajonas","8":"description-off","10":"first","11":"instock","12":"shipping-taxable","13":"purchasable","14":"product-type-simple"},"acf":[],"yoast_head":"<!-- This site is optimized with the Yoast SEO plugin v27.0 - https:\/\/yoast.com\/product\/yoast-seo-wordpress\/ -->\n<title>Parduodama jauki sodyba Zaras\u0173 rajone, Nari\u016bn\u0173 kaime, Salako seni\u016bnijoje! - Namud\u0117<\/title>\n<meta name=\"robots\" content=\"index, follow, max-snippet:-1, max-image-preview:large, max-video-preview:-1\" \/>\n<link rel=\"canonical\" href=\"https:\/\/www.namude.lt\/objektas\/parduodama-jauki-sodyba-zarasu-rajone-nariunu-kaime-salako-seniunijoje\/\" \/>\n<meta property=\"og:locale\" content=\"en_US\" \/>\n<meta property=\"og:type\" content=\"article\" \/>\n<meta property=\"og:title\" content=\"Parduodama jauki sodyba Zaras\u0173 rajone, Nari\u016bn\u0173 kaime, Salako seni\u016bnijoje! - Namud\u0117\" \/>\n<meta property=\"og:description\" content=\"Ie\u0161kote ramyb\u0117s ir tikro gamtos prieglobs\u010dio? Salako miestelis: \u017eavinga vietov\u0117, kurioje vasar\u0105 verda gyvenimas! \u017dmon\u0117s \u010dia atvyksta pasigro\u017e\u0117ti gamta, neogotikine ba\u017eny\u010dia ir pasim\u0117gauti e\u017eer\u0173 malonumais. \u0160i sodyba \u2013 tikras rojus tiek poilsiui, tiek nuolatiniam gyvenimui. Apsupta Salako mi\u0161k\u0173 ir pu\u0161yn\u0173 kaimelio pakra\u0161tyje, ji suteikia galimyb\u0119 m\u0117gautis ramybe, grynu oru ir tyru e\u017eero vandens \u0161urmuliu vos keli\u0173 minu\u010di\u0173 atstumu. - Namas: r\u0105stinis, dviej\u0173 auk\u0161t\u0173, 85 m\u00b2, 4 kambariai, 2 verandos \u2013 erdvus ir \u0161viesus, tinkamas \u0161eimai ar vasaros poilsiui. - Sklypas: 7,5 ha, tvarkingas ir erdvus, apsodintas med\u017eiais ir augalais \u2013 vietos tiek dar\u017eui, tiek poilsio zonai ar \u016bkininkavimui.  - Papildomi pastatai: kluonas, svirnas, pirtis, tvartas \u2013 visi tvarkingi ir pri\u017ei\u016br\u0117ti, suteikiantys daug galimybi\u0173 \u016bkin\u0117ms ar poilsio veikloms. Draugi\u0161ka, rami kaimynyst\u0117, ma\u017eas eismas, tyli kaimelio pakra\u0161tyje, puikiai tinka ramiai gyvenimo erdvei. - Gamta ir poilsis: netoliese \u2013 nuostabaus gro\u017eio Luod\u017eio e\u017eeras, gars\u0117jantis dideliu papl\u016bdimiu, grilio zona ir puikiomis \u017evejybos galimyb\u0117mis. \u010cia vasar\u0105 galima leisti dienas prie vandens, m\u0117gautis saul\u0117tomis dienomis ar jaukiais vakarais su draugais ir \u0161eima. - Strategi\u0161kai patogu patogus priva\u017eiavimas \u2013 iki asfalto 1,5 km, kelias pri\u017ei\u016brimas ir \u017eiem\u0105 valomas. Atstumai iki zaras\u0173 \u2013 27 km, Ignalinos\u2013 29 km, Visagino \u2013 28 km; Utenos \u2013 36 km; Vilniaus \u2013 124 km; Kauno \u2013 170 km  \ud83d\udc9a \u0160i sodyba \u2013 puikus pasirinkimas tiems, kurie vertina gamtos gro\u017e\u012f, ramyb\u0119 ir patogi\u0105 kaimynyst\u0119. Nepraleiskite progos \u012fsigyti \u0161i\u0105 unikali\u0105 viet\u0105 gamtos apsuptyje!\" \/>\n<meta property=\"og:url\" content=\"https:\/\/www.namude.lt\/objektas\/parduodama-jauki-sodyba-zarasu-rajone-nariunu-kaime-salako-seniunijoje\/\" \/>\n<meta property=\"og:site_name\" content=\"Namud\u0117\" \/>\n<meta property=\"article:modified_time\" content=\"2026-04-15T10:50:19+00:00\" \/>\n<meta property=\"og:image\" content=\"https:\/\/www.namude.lt\/wp-content\/uploads\/2026\/03\/Ekrano-nuotrauka-2026-03-25-145815.jpg\" \/>\n\t<meta property=\"og:image:width\" content=\"1442\" \/>\n\t<meta property=\"og:image:height\" content=\"821\" \/>\n\t<meta property=\"og:image:type\" content=\"image\/jpeg\" \/>\n<meta name=\"twitter:card\" content=\"summary_large_image\" \/>\n<script type=\"application\/ld+json\" class=\"yoast-schema-graph\">{\"@context\":\"https:\/\/schema.org\",\"@graph\":[{\"@type\":\"WebPage\",\"@id\":\"https:\/\/www.namude.lt\/objektas\/parduodama-jauki-sodyba-zarasu-rajone-nariunu-kaime-salako-seniunijoje\/\",\"url\":\"https:\/\/www.namude.lt\/objektas\/parduodama-jauki-sodyba-zarasu-rajone-nariunu-kaime-salako-seniunijoje\/\",\"name\":\"Parduodama jauki sodyba Zaras\u0173 rajone, Nari\u016bn\u0173 kaime, Salako seni\u016bnijoje! - Namud\u0117\",\"isPartOf\":{\"@id\":\"https:\/\/www.namude.lt\/#website\"},\"primaryImageOfPage\":{\"@id\":\"https:\/\/www.namude.lt\/objektas\/parduodama-jauki-sodyba-zarasu-rajone-nariunu-kaime-salako-seniunijoje\/#primaryimage\"},\"image\":{\"@id\":\"https:\/\/www.namude.lt\/objektas\/parduodama-jauki-sodyba-zarasu-rajone-nariunu-kaime-salako-seniunijoje\/#primaryimage\"},\"thumbnailUrl\":\"https:\/\/www.namude.lt\/wp-content\/uploads\/2026\/03\/Ekrano-nuotrauka-2026-03-25-145815.jpg\",\"datePublished\":\"2026-03-31T12:05:41+00:00\",\"dateModified\":\"2026-04-15T10:50:19+00:00\",\"breadcrumb\":{\"@id\":\"https:\/\/www.namude.lt\/objektas\/parduodama-jauki-sodyba-zarasu-rajone-nariunu-kaime-salako-seniunijoje\/#breadcrumb\"},\"inLanguage\":\"en-US\",\"potentialAction\":[{\"@type\":\"ReadAction\",\"target\":[\"https:\/\/www.namude.lt\/objektas\/parduodama-jauki-sodyba-zarasu-rajone-nariunu-kaime-salako-seniunijoje\/\"]}]},{\"@type\":\"ImageObject\",\"inLanguage\":\"en-US\",\"@id\":\"https:\/\/www.namude.lt\/objektas\/parduodama-jauki-sodyba-zarasu-rajone-nariunu-kaime-salako-seniunijoje\/#primaryimage\",\"url\":\"https:\/\/www.namude.lt\/wp-content\/uploads\/2026\/03\/Ekrano-nuotrauka-2026-03-25-145815.jpg\",\"contentUrl\":\"https:\/\/www.namude.lt\/wp-content\/uploads\/2026\/03\/Ekrano-nuotrauka-2026-03-25-145815.jpg\",\"width\":1442,\"height\":821},{\"@type\":\"BreadcrumbList\",\"@id\":\"https:\/\/www.namude.lt\/objektas\/parduodama-jauki-sodyba-zarasu-rajone-nariunu-kaime-salako-seniunijoje\/#breadcrumb\",\"itemListElement\":[{\"@type\":\"ListItem\",\"position\":1,\"name\":\"Home\",\"item\":\"https:\/\/www.namude.lt\/en\/\"},{\"@type\":\"ListItem\",\"position\":2,\"name\":\"Real estate\",\"item\":\"https:\/\/www.namude.lt\/en\/real-estate\/\"},{\"@type\":\"ListItem\",\"position\":3,\"name\":\"Parduodama jauki sodyba Zaras\u0173 rajone, Nari\u016bn\u0173 kaime, Salako seni\u016bnijoje!\"}]},{\"@type\":\"WebSite\",\"@id\":\"https:\/\/www.namude.lt\/#website\",\"url\":\"https:\/\/www.namude.lt\/\",\"name\":\"Namud\u0117\",\"description\":\"\u201eNamud\u0117\u201c \u2013 agent\u016bra, pardavin\u0117janti Auk\u0161taitijos NT grynuolius.\",\"publisher\":{\"@id\":\"https:\/\/www.namude.lt\/#organization\"},\"potentialAction\":[{\"@type\":\"SearchAction\",\"target\":{\"@type\":\"EntryPoint\",\"urlTemplate\":\"https:\/\/www.namude.lt\/?s={search_term_string}\"},\"query-input\":{\"@type\":\"PropertyValueSpecification\",\"valueRequired\":true,\"valueName\":\"search_term_string\"}}],\"inLanguage\":\"en-US\"},{\"@type\":\"Organization\",\"@id\":\"https:\/\/www.namude.lt\/#organization\",\"name\":\"Namud\u0117\",\"url\":\"https:\/\/www.namude.lt\/\",\"logo\":{\"@type\":\"ImageObject\",\"inLanguage\":\"en-US\",\"@id\":\"https:\/\/www.namude.lt\/#\/schema\/logo\/image\/\",\"url\":\"https:\/\/www.namude.lt\/wp-content\/uploads\/2023\/11\/logo-symbol.svg\",\"contentUrl\":\"https:\/\/www.namude.lt\/wp-content\/uploads\/2023\/11\/logo-symbol.svg\",\"width\":1,\"height\":1,\"caption\":\"Namud\u0117\"},\"image\":{\"@id\":\"https:\/\/www.namude.lt\/#\/schema\/logo\/image\/\"}}]}<\/script>\n<!-- \/ Yoast SEO plugin. -->","yoast_head_json":{"title":"Parduodama jauki sodyba Zaras\u0173 rajone, Nari\u016bn\u0173 kaime, Salako seni\u016bnijoje! - Namud\u0117","robots":{"index":"index","follow":"follow","max-snippet":"max-snippet:-1","max-image-preview":"max-image-preview:large","max-video-preview":"max-video-preview:-1"},"canonical":"https:\/\/www.namude.lt\/objektas\/parduodama-jauki-sodyba-zarasu-rajone-nariunu-kaime-salako-seniunijoje\/","og_locale":"en_US","og_type":"article","og_title":"Parduodama jauki sodyba Zaras\u0173 rajone, Nari\u016bn\u0173 kaime, Salako seni\u016bnijoje! - Namud\u0117","og_description":"Ie\u0161kote ramyb\u0117s ir tikro gamtos prieglobs\u010dio? Salako miestelis: \u017eavinga vietov\u0117, kurioje vasar\u0105 verda gyvenimas! \u017dmon\u0117s \u010dia atvyksta pasigro\u017e\u0117ti gamta, neogotikine ba\u017eny\u010dia ir pasim\u0117gauti e\u017eer\u0173 malonumais. \u0160i sodyba \u2013 tikras rojus tiek poilsiui, tiek nuolatiniam gyvenimui. Apsupta Salako mi\u0161k\u0173 ir pu\u0161yn\u0173 kaimelio pakra\u0161tyje, ji suteikia galimyb\u0119 m\u0117gautis ramybe, grynu oru ir tyru e\u017eero vandens \u0161urmuliu vos keli\u0173 minu\u010di\u0173 atstumu. - Namas: r\u0105stinis, dviej\u0173 auk\u0161t\u0173, 85 m\u00b2, 4 kambariai, 2 verandos \u2013 erdvus ir \u0161viesus, tinkamas \u0161eimai ar vasaros poilsiui. - Sklypas: 7,5 ha, tvarkingas ir erdvus, apsodintas med\u017eiais ir augalais \u2013 vietos tiek dar\u017eui, tiek poilsio zonai ar \u016bkininkavimui.  - Papildomi pastatai: kluonas, svirnas, pirtis, tvartas \u2013 visi tvarkingi ir pri\u017ei\u016br\u0117ti, suteikiantys daug galimybi\u0173 \u016bkin\u0117ms ar poilsio veikloms. Draugi\u0161ka, rami kaimynyst\u0117, ma\u017eas eismas, tyli kaimelio pakra\u0161tyje, puikiai tinka ramiai gyvenimo erdvei. - Gamta ir poilsis: netoliese \u2013 nuostabaus gro\u017eio Luod\u017eio e\u017eeras, gars\u0117jantis dideliu papl\u016bdimiu, grilio zona ir puikiomis \u017evejybos galimyb\u0117mis. \u010cia vasar\u0105 galima leisti dienas prie vandens, m\u0117gautis saul\u0117tomis dienomis ar jaukiais vakarais su draugais ir \u0161eima. - Strategi\u0161kai patogu patogus priva\u017eiavimas \u2013 iki asfalto 1,5 km, kelias pri\u017ei\u016brimas ir \u017eiem\u0105 valomas. Atstumai iki zaras\u0173 \u2013 27 km, Ignalinos\u2013 29 km, Visagino \u2013 28 km; Utenos \u2013 36 km; Vilniaus \u2013 124 km; Kauno \u2013 170 km  \ud83d\udc9a \u0160i sodyba \u2013 puikus pasirinkimas tiems, kurie vertina gamtos gro\u017e\u012f, ramyb\u0119 ir patogi\u0105 kaimynyst\u0119. Nepraleiskite progos \u012fsigyti \u0161i\u0105 unikali\u0105 viet\u0105 gamtos apsuptyje!","og_url":"https:\/\/www.namude.lt\/objektas\/parduodama-jauki-sodyba-zarasu-rajone-nariunu-kaime-salako-seniunijoje\/","og_site_name":"Namud\u0117","article_modified_time":"2026-04-15T10:50:19+00:00","og_image":[{"width":1442,"height":821,"url":"https:\/\/www.namude.lt\/wp-content\/uploads\/2026\/03\/Ekrano-nuotrauka-2026-03-25-145815.jpg","type":"image\/jpeg"}],"twitter_card":"summary_large_image","schema":{"@context":"https:\/\/schema.org","@graph":[{"@type":"WebPage","@id":"https:\/\/www.namude.lt\/objektas\/parduodama-jauki-sodyba-zarasu-rajone-nariunu-kaime-salako-seniunijoje\/","url":"https:\/\/www.namude.lt\/objektas\/parduodama-jauki-sodyba-zarasu-rajone-nariunu-kaime-salako-seniunijoje\/","name":"Parduodama jauki sodyba Zaras\u0173 rajone, Nari\u016bn\u0173 kaime, Salako seni\u016bnijoje! - Namud\u0117","isPartOf":{"@id":"https:\/\/www.namude.lt\/#website"},"primaryImageOfPage":{"@id":"https:\/\/www.namude.lt\/objektas\/parduodama-jauki-sodyba-zarasu-rajone-nariunu-kaime-salako-seniunijoje\/#primaryimage"},"image":{"@id":"https:\/\/www.namude.lt\/objektas\/parduodama-jauki-sodyba-zarasu-rajone-nariunu-kaime-salako-seniunijoje\/#primaryimage"},"thumbnailUrl":"https:\/\/www.namude.lt\/wp-content\/uploads\/2026\/03\/Ekrano-nuotrauka-2026-03-25-145815.jpg","datePublished":"2026-03-31T12:05:41+00:00","dateModified":"2026-04-15T10:50:19+00:00","breadcrumb":{"@id":"https:\/\/www.namude.lt\/objektas\/parduodama-jauki-sodyba-zarasu-rajone-nariunu-kaime-salako-seniunijoje\/#breadcrumb"},"inLanguage":"en-US","potentialAction":[{"@type":"ReadAction","target":["https:\/\/www.namude.lt\/objektas\/parduodama-jauki-sodyba-zarasu-rajone-nariunu-kaime-salako-seniunijoje\/"]}]},{"@type":"ImageObject","inLanguage":"en-US","@id":"https:\/\/www.namude.lt\/objektas\/parduodama-jauki-sodyba-zarasu-rajone-nariunu-kaime-salako-seniunijoje\/#primaryimage","url":"https:\/\/www.namude.lt\/wp-content\/uploads\/2026\/03\/Ekrano-nuotrauka-2026-03-25-145815.jpg","contentUrl":"https:\/\/www.namude.lt\/wp-content\/uploads\/2026\/03\/Ekrano-nuotrauka-2026-03-25-145815.jpg","width":1442,"height":821},{"@type":"BreadcrumbList","@id":"https:\/\/www.namude.lt\/objektas\/parduodama-jauki-sodyba-zarasu-rajone-nariunu-kaime-salako-seniunijoje\/#breadcrumb","itemListElement":[{"@type":"ListItem","position":1,"name":"Home","item":"https:\/\/www.namude.lt\/en\/"},{"@type":"ListItem","position":2,"name":"Real estate","item":"https:\/\/www.namude.lt\/en\/real-estate\/"},{"@type":"ListItem","position":3,"name":"Parduodama jauki sodyba Zaras\u0173 rajone, Nari\u016bn\u0173 kaime, Salako seni\u016bnijoje!"}]},{"@type":"WebSite","@id":"https:\/\/www.namude.lt\/#website","url":"https:\/\/www.namude.lt\/","name":"Namud\u0117","description":"\u201eNamud\u0117\u201c \u2013 agent\u016bra, pardavin\u0117janti Auk\u0161taitijos NT grynuolius.","publisher":{"@id":"https:\/\/www.namude.lt\/#organization"},"potentialAction":[{"@type":"SearchAction","target":{"@type":"EntryPoint","urlTemplate":"https:\/\/www.namude.lt\/?s={search_term_string}"},"query-input":{"@type":"PropertyValueSpecification","valueRequired":true,"valueName":"search_term_string"}}],"inLanguage":"en-US"},{"@type":"Organization","@id":"https:\/\/www.namude.lt\/#organization","name":"Namud\u0117","url":"https:\/\/www.namude.lt\/","logo":{"@type":"ImageObject","inLanguage":"en-US","@id":"https:\/\/www.namude.lt\/#\/schema\/logo\/image\/","url":"https:\/\/www.namude.lt\/wp-content\/uploads\/2023\/11\/logo-symbol.svg","contentUrl":"https:\/\/www.namude.lt\/wp-content\/uploads\/2023\/11\/logo-symbol.svg","width":1,"height":1,"caption":"Namud\u0117"},"image":{"@id":"https:\/\/www.namude.lt\/#\/schema\/logo\/image\/"}}]}},"_links":{"self":[{"href":"https:\/\/www.namude.lt\/en\/wp-json\/wp\/v2\/product\/25853","targetHints":{"allow":["GET"]}}],"collection":[{"href":"https:\/\/www.namude.lt\/en\/wp-json\/wp\/v2\/product"}],"about":[{"href":"https:\/\/www.namude.lt\/en\/wp-json\/wp\/v2\/types\/product"}],"wp:featuredmedia":[{"embeddable":true,"href":"https:\/\/www.namude.lt\/en\/wp-json\/wp\/v2\/media\/25890"}],"wp:attachment":[{"href":"https:\/\/www.namude.lt\/en\/wp-json\/wp\/v2\/media?parent=25853"}],"wp:term":[{"taxonomy":"product_brand","embeddable":true,"href":"https:\/\/www.namude.lt\/en\/wp-json\/wp\/v2\/product_brand?post=25853"},{"taxonomy":"product_cat","embeddable":true,"href":"https:\/\/www.namude.lt\/en\/wp-json\/wp\/v2\/product_cat?post=25853"},{"taxonomy":"product_tag","embeddable":true,"href":"https:\/\/www.namude.lt\/en\/wp-json\/wp\/v2\/product_tag?post=25853"}],"curies":[{"name":"wp","href":"https:\/\/api.w.org\/{rel}","templated":true}]}}