{"id":25808,"date":"2026-03-30T10:43:37","date_gmt":"2026-03-30T07:43:37","guid":{"rendered":"https:\/\/www.namude.lt\/?post_type=product&#038;p=25808"},"modified":"2026-03-30T10:43:37","modified_gmt":"2026-03-30T07:43:37","slug":"parduodama-sodyba-vaidminiu-k-zarasu-rajone","status":"publish","type":"product","link":"https:\/\/www.namude.lt\/en\/object\/parduodama-sodyba-vaidminiu-k-zarasu-rajone\/","title":{"rendered":"Parduodama sodyba Vaidmini\u0173 k., Zaras\u0173 rajone"},"content":{"rendered":"","protected":false},"excerpt":{"rendered":"<p>Parduodama jauki sodyba vaizdingoje kalvotoje vietov\u0117je Vaidmini\u0173 kaime, Zaras\u0173 rajone. Tai puikus pasirinkimas ie\u0161kantiems privatumo, poilsio vietos ar vietos gyvenimui.<br \/>\nVietov\u0117 apsupta mi\u0161kais ir e\u017eerais. Iki Gaidi\u0161ki\u0173 mi\u0161ko \u2013 0,5km; Ber\u017eyno ir Maironio mi\u0161k\u0173 &#8211; 1km; Suvieko, Zelionkos ir \u010ci\u010dirio e\u017eer\u0173  &#8211; 3 km; Suvieko mi\u0161ko \u2013 4km.<\/p>\n<p>PRIVALUMAI:<br \/>\n\u2013 R\u0105stinis 86kv.m vieno auk\u0161to namas (3 kambariai, veranda, koridorius, virtuv\u0117, sand\u0117liukas);<br \/>\n\u2013 \u0160ildymas \u2013 kieto kuro krosnimi;<br \/>\n-Teritorija auga brand\u016bs med\u017eiai ir vaismed\u017eiai yra tvenkinys, jaunas sodas su vaismed\u017ei\u0173 \u012fvairove;<br \/>\n\u2013 Sklypo plotas 2ha \u017eem\u0117s \u016bkio paskirties, sklype yra tvenkinys (galimyb\u0117 didintis);<br \/>\n-Daug \u016bkini\u0173 pastat\u0173 \u2013 viralin\u0117, 6 \u016bkio pastatai, sena d\u016bmin\u0117 pirtis, lauko r\u016bsys;<br \/>\n\u2013 Patogus priva\u017eiavimas visus metus. Iki Suvieko 3km, Zaras\u0173 22km, Dusetos 28km, Roki\u0161kis 47km, Visaginas 48km, Utena 71km, Panev\u0117\u017eys 130km, Vilnius 166km.<\/p>\n","protected":false},"featured_media":25809,"template":"","meta":{"_acf_changed":false},"product_brand":[],"product_cat":[23],"product_tag":[],"class_list":{"0":"post-25808","1":"product","2":"type-product","3":"status-publish","4":"has-post-thumbnail","6":"product_cat-sodybos","7":"pa_rajonas-zarasu-rajonas","8":"description-off","10":"first","11":"instock","12":"shipping-taxable","13":"purchasable","14":"product-type-simple"},"acf":[],"yoast_head":"<!-- This site is optimized with the Yoast SEO plugin v27.0 - https:\/\/yoast.com\/product\/yoast-seo-wordpress\/ -->\n<title>Parduodama sodyba Vaidmini\u0173 k., Zaras\u0173 rajone - Namud\u0117<\/title>\n<meta name=\"robots\" content=\"index, follow, max-snippet:-1, max-image-preview:large, max-video-preview:-1\" \/>\n<link rel=\"canonical\" href=\"https:\/\/www.namude.lt\/objektas\/parduodama-sodyba-vaidminiu-k-zarasu-rajone\/\" \/>\n<meta property=\"og:locale\" content=\"en_US\" \/>\n<meta property=\"og:type\" content=\"article\" \/>\n<meta property=\"og:title\" content=\"Parduodama sodyba Vaidmini\u0173 k., Zaras\u0173 rajone - Namud\u0117\" \/>\n<meta property=\"og:description\" content=\"Parduodama jauki sodyba vaizdingoje kalvotoje vietov\u0117je Vaidmini\u0173 kaime, Zaras\u0173 rajone. Tai puikus pasirinkimas ie\u0161kantiems privatumo, poilsio vietos ar vietos gyvenimui.  Vietov\u0117 apsupta mi\u0161kais ir e\u017eerais. Iki Gaidi\u0161ki\u0173 mi\u0161ko \u2013 0,5km; Ber\u017eyno ir Maironio mi\u0161k\u0173 - 1km; Suvieko, Zelionkos ir \u010ci\u010dirio e\u017eer\u0173 - 3 km; Suvieko mi\u0161ko \u2013 4km.  PRIVALUMAI: \u2013 R\u0105stinis 86kv.m vieno auk\u0161to namas (3 kambariai, veranda, koridorius, virtuv\u0117, sand\u0117liukas); \u2013 \u0160ildymas \u2013 kieto kuro krosnimi; -Teritorija auga brand\u016bs med\u017eiai ir vaismed\u017eiai yra tvenkinys, jaunas sodas su vaismed\u017ei\u0173 \u012fvairove; \u2013 Sklypo plotas 2ha \u017eem\u0117s \u016bkio paskirties, sklype yra tvenkinys (galimyb\u0117 didintis); -Daug \u016bkini\u0173 pastat\u0173 \u2013 viralin\u0117, 6 \u016bkio pastatai, sena d\u016bmin\u0117 pirtis, lauko r\u016bsys; \u2013 Patogus priva\u017eiavimas visus metus. Iki Suvieko 3km, Zaras\u0173 22km, Dusetos 28km, Roki\u0161kis 47km, Visaginas 48km, Utena 71km, Panev\u0117\u017eys 130km, Vilnius 166km.\" \/>\n<meta property=\"og:url\" content=\"https:\/\/www.namude.lt\/objektas\/parduodama-sodyba-vaidminiu-k-zarasu-rajone\/\" \/>\n<meta property=\"og:site_name\" content=\"Namud\u0117\" \/>\n<meta property=\"og:image\" content=\"https:\/\/www.namude.lt\/wp-content\/uploads\/2026\/03\/1-15.jpg\" \/>\n\t<meta property=\"og:image:width\" content=\"2400\" \/>\n\t<meta property=\"og:image:height\" content=\"1800\" \/>\n\t<meta property=\"og:image:type\" content=\"image\/jpeg\" \/>\n<meta name=\"twitter:card\" content=\"summary_large_image\" \/>\n<script type=\"application\/ld+json\" class=\"yoast-schema-graph\">{\"@context\":\"https:\/\/schema.org\",\"@graph\":[{\"@type\":\"WebPage\",\"@id\":\"https:\/\/www.namude.lt\/objektas\/parduodama-sodyba-vaidminiu-k-zarasu-rajone\/\",\"url\":\"https:\/\/www.namude.lt\/objektas\/parduodama-sodyba-vaidminiu-k-zarasu-rajone\/\",\"name\":\"Parduodama sodyba Vaidmini\u0173 k., Zaras\u0173 rajone - Namud\u0117\",\"isPartOf\":{\"@id\":\"https:\/\/www.namude.lt\/#website\"},\"primaryImageOfPage\":{\"@id\":\"https:\/\/www.namude.lt\/objektas\/parduodama-sodyba-vaidminiu-k-zarasu-rajone\/#primaryimage\"},\"image\":{\"@id\":\"https:\/\/www.namude.lt\/objektas\/parduodama-sodyba-vaidminiu-k-zarasu-rajone\/#primaryimage\"},\"thumbnailUrl\":\"https:\/\/www.namude.lt\/wp-content\/uploads\/2026\/03\/1-15.jpg\",\"datePublished\":\"2026-03-30T07:43:37+00:00\",\"breadcrumb\":{\"@id\":\"https:\/\/www.namude.lt\/objektas\/parduodama-sodyba-vaidminiu-k-zarasu-rajone\/#breadcrumb\"},\"inLanguage\":\"en-US\",\"potentialAction\":[{\"@type\":\"ReadAction\",\"target\":[\"https:\/\/www.namude.lt\/objektas\/parduodama-sodyba-vaidminiu-k-zarasu-rajone\/\"]}]},{\"@type\":\"ImageObject\",\"inLanguage\":\"en-US\",\"@id\":\"https:\/\/www.namude.lt\/objektas\/parduodama-sodyba-vaidminiu-k-zarasu-rajone\/#primaryimage\",\"url\":\"https:\/\/www.namude.lt\/wp-content\/uploads\/2026\/03\/1-15.jpg\",\"contentUrl\":\"https:\/\/www.namude.lt\/wp-content\/uploads\/2026\/03\/1-15.jpg\",\"width\":2400,\"height\":1800},{\"@type\":\"BreadcrumbList\",\"@id\":\"https:\/\/www.namude.lt\/objektas\/parduodama-sodyba-vaidminiu-k-zarasu-rajone\/#breadcrumb\",\"itemListElement\":[{\"@type\":\"ListItem\",\"position\":1,\"name\":\"Home\",\"item\":\"https:\/\/www.namude.lt\/en\/\"},{\"@type\":\"ListItem\",\"position\":2,\"name\":\"Real estate\",\"item\":\"https:\/\/www.namude.lt\/en\/real-estate\/\"},{\"@type\":\"ListItem\",\"position\":3,\"name\":\"Parduodama sodyba Vaidmini\u0173 k., Zaras\u0173 rajone\"}]},{\"@type\":\"WebSite\",\"@id\":\"https:\/\/www.namude.lt\/#website\",\"url\":\"https:\/\/www.namude.lt\/\",\"name\":\"Namud\u0117\",\"description\":\"\u201eNamud\u0117\u201c \u2013 agent\u016bra, pardavin\u0117janti Auk\u0161taitijos NT grynuolius.\",\"publisher\":{\"@id\":\"https:\/\/www.namude.lt\/#organization\"},\"potentialAction\":[{\"@type\":\"SearchAction\",\"target\":{\"@type\":\"EntryPoint\",\"urlTemplate\":\"https:\/\/www.namude.lt\/?s={search_term_string}\"},\"query-input\":{\"@type\":\"PropertyValueSpecification\",\"valueRequired\":true,\"valueName\":\"search_term_string\"}}],\"inLanguage\":\"en-US\"},{\"@type\":\"Organization\",\"@id\":\"https:\/\/www.namude.lt\/#organization\",\"name\":\"Namud\u0117\",\"url\":\"https:\/\/www.namude.lt\/\",\"logo\":{\"@type\":\"ImageObject\",\"inLanguage\":\"en-US\",\"@id\":\"https:\/\/www.namude.lt\/#\/schema\/logo\/image\/\",\"url\":\"https:\/\/www.namude.lt\/wp-content\/uploads\/2023\/11\/logo-symbol.svg\",\"contentUrl\":\"https:\/\/www.namude.lt\/wp-content\/uploads\/2023\/11\/logo-symbol.svg\",\"width\":1,\"height\":1,\"caption\":\"Namud\u0117\"},\"image\":{\"@id\":\"https:\/\/www.namude.lt\/#\/schema\/logo\/image\/\"}}]}<\/script>\n<!-- \/ Yoast SEO plugin. -->","yoast_head_json":{"title":"Parduodama sodyba Vaidmini\u0173 k., Zaras\u0173 rajone - Namud\u0117","robots":{"index":"index","follow":"follow","max-snippet":"max-snippet:-1","max-image-preview":"max-image-preview:large","max-video-preview":"max-video-preview:-1"},"canonical":"https:\/\/www.namude.lt\/objektas\/parduodama-sodyba-vaidminiu-k-zarasu-rajone\/","og_locale":"en_US","og_type":"article","og_title":"Parduodama sodyba Vaidmini\u0173 k., Zaras\u0173 rajone - Namud\u0117","og_description":"Parduodama jauki sodyba vaizdingoje kalvotoje vietov\u0117je Vaidmini\u0173 kaime, Zaras\u0173 rajone. Tai puikus pasirinkimas ie\u0161kantiems privatumo, poilsio vietos ar vietos gyvenimui.  Vietov\u0117 apsupta mi\u0161kais ir e\u017eerais. Iki Gaidi\u0161ki\u0173 mi\u0161ko \u2013 0,5km; Ber\u017eyno ir Maironio mi\u0161k\u0173 - 1km; Suvieko, Zelionkos ir \u010ci\u010dirio e\u017eer\u0173 - 3 km; Suvieko mi\u0161ko \u2013 4km.  PRIVALUMAI: \u2013 R\u0105stinis 86kv.m vieno auk\u0161to namas (3 kambariai, veranda, koridorius, virtuv\u0117, sand\u0117liukas); \u2013 \u0160ildymas \u2013 kieto kuro krosnimi; -Teritorija auga brand\u016bs med\u017eiai ir vaismed\u017eiai yra tvenkinys, jaunas sodas su vaismed\u017ei\u0173 \u012fvairove; \u2013 Sklypo plotas 2ha \u017eem\u0117s \u016bkio paskirties, sklype yra tvenkinys (galimyb\u0117 didintis); -Daug \u016bkini\u0173 pastat\u0173 \u2013 viralin\u0117, 6 \u016bkio pastatai, sena d\u016bmin\u0117 pirtis, lauko r\u016bsys; \u2013 Patogus priva\u017eiavimas visus metus. Iki Suvieko 3km, Zaras\u0173 22km, Dusetos 28km, Roki\u0161kis 47km, Visaginas 48km, Utena 71km, Panev\u0117\u017eys 130km, Vilnius 166km.","og_url":"https:\/\/www.namude.lt\/objektas\/parduodama-sodyba-vaidminiu-k-zarasu-rajone\/","og_site_name":"Namud\u0117","og_image":[{"width":2400,"height":1800,"url":"https:\/\/www.namude.lt\/wp-content\/uploads\/2026\/03\/1-15.jpg","type":"image\/jpeg"}],"twitter_card":"summary_large_image","schema":{"@context":"https:\/\/schema.org","@graph":[{"@type":"WebPage","@id":"https:\/\/www.namude.lt\/objektas\/parduodama-sodyba-vaidminiu-k-zarasu-rajone\/","url":"https:\/\/www.namude.lt\/objektas\/parduodama-sodyba-vaidminiu-k-zarasu-rajone\/","name":"Parduodama sodyba Vaidmini\u0173 k., Zaras\u0173 rajone - Namud\u0117","isPartOf":{"@id":"https:\/\/www.namude.lt\/#website"},"primaryImageOfPage":{"@id":"https:\/\/www.namude.lt\/objektas\/parduodama-sodyba-vaidminiu-k-zarasu-rajone\/#primaryimage"},"image":{"@id":"https:\/\/www.namude.lt\/objektas\/parduodama-sodyba-vaidminiu-k-zarasu-rajone\/#primaryimage"},"thumbnailUrl":"https:\/\/www.namude.lt\/wp-content\/uploads\/2026\/03\/1-15.jpg","datePublished":"2026-03-30T07:43:37+00:00","breadcrumb":{"@id":"https:\/\/www.namude.lt\/objektas\/parduodama-sodyba-vaidminiu-k-zarasu-rajone\/#breadcrumb"},"inLanguage":"en-US","potentialAction":[{"@type":"ReadAction","target":["https:\/\/www.namude.lt\/objektas\/parduodama-sodyba-vaidminiu-k-zarasu-rajone\/"]}]},{"@type":"ImageObject","inLanguage":"en-US","@id":"https:\/\/www.namude.lt\/objektas\/parduodama-sodyba-vaidminiu-k-zarasu-rajone\/#primaryimage","url":"https:\/\/www.namude.lt\/wp-content\/uploads\/2026\/03\/1-15.jpg","contentUrl":"https:\/\/www.namude.lt\/wp-content\/uploads\/2026\/03\/1-15.jpg","width":2400,"height":1800},{"@type":"BreadcrumbList","@id":"https:\/\/www.namude.lt\/objektas\/parduodama-sodyba-vaidminiu-k-zarasu-rajone\/#breadcrumb","itemListElement":[{"@type":"ListItem","position":1,"name":"Home","item":"https:\/\/www.namude.lt\/en\/"},{"@type":"ListItem","position":2,"name":"Real estate","item":"https:\/\/www.namude.lt\/en\/real-estate\/"},{"@type":"ListItem","position":3,"name":"Parduodama sodyba Vaidmini\u0173 k., Zaras\u0173 rajone"}]},{"@type":"WebSite","@id":"https:\/\/www.namude.lt\/#website","url":"https:\/\/www.namude.lt\/","name":"Namud\u0117","description":"\u201eNamud\u0117\u201c \u2013 agent\u016bra, pardavin\u0117janti Auk\u0161taitijos NT grynuolius.","publisher":{"@id":"https:\/\/www.namude.lt\/#organization"},"potentialAction":[{"@type":"SearchAction","target":{"@type":"EntryPoint","urlTemplate":"https:\/\/www.namude.lt\/?s={search_term_string}"},"query-input":{"@type":"PropertyValueSpecification","valueRequired":true,"valueName":"search_term_string"}}],"inLanguage":"en-US"},{"@type":"Organization","@id":"https:\/\/www.namude.lt\/#organization","name":"Namud\u0117","url":"https:\/\/www.namude.lt\/","logo":{"@type":"ImageObject","inLanguage":"en-US","@id":"https:\/\/www.namude.lt\/#\/schema\/logo\/image\/","url":"https:\/\/www.namude.lt\/wp-content\/uploads\/2023\/11\/logo-symbol.svg","contentUrl":"https:\/\/www.namude.lt\/wp-content\/uploads\/2023\/11\/logo-symbol.svg","width":1,"height":1,"caption":"Namud\u0117"},"image":{"@id":"https:\/\/www.namude.lt\/#\/schema\/logo\/image\/"}}]}},"_links":{"self":[{"href":"https:\/\/www.namude.lt\/en\/wp-json\/wp\/v2\/product\/25808","targetHints":{"allow":["GET"]}}],"collection":[{"href":"https:\/\/www.namude.lt\/en\/wp-json\/wp\/v2\/product"}],"about":[{"href":"https:\/\/www.namude.lt\/en\/wp-json\/wp\/v2\/types\/product"}],"wp:featuredmedia":[{"embeddable":true,"href":"https:\/\/www.namude.lt\/en\/wp-json\/wp\/v2\/media\/25809"}],"wp:attachment":[{"href":"https:\/\/www.namude.lt\/en\/wp-json\/wp\/v2\/media?parent=25808"}],"wp:term":[{"taxonomy":"product_brand","embeddable":true,"href":"https:\/\/www.namude.lt\/en\/wp-json\/wp\/v2\/product_brand?post=25808"},{"taxonomy":"product_cat","embeddable":true,"href":"https:\/\/www.namude.lt\/en\/wp-json\/wp\/v2\/product_cat?post=25808"},{"taxonomy":"product_tag","embeddable":true,"href":"https:\/\/www.namude.lt\/en\/wp-json\/wp\/v2\/product_tag?post=25808"}],"curies":[{"name":"wp","href":"https:\/\/api.w.org\/{rel}","templated":true}]}}