{"id":25571,"date":"2026-03-25T11:27:05","date_gmt":"2026-03-25T09:27:05","guid":{"rendered":"https:\/\/www.namude.lt\/?post_type=product&#038;p=25571"},"modified":"2026-04-01T11:05:35","modified_gmt":"2026-04-01T08:05:35","slug":"parduodamas-namas-perkaliu-k-moletu-rajone-gamtos-apsuptyje","status":"publish","type":"product","link":"https:\/\/www.namude.lt\/en\/object\/parduodamas-namas-perkaliu-k-moletu-rajone-gamtos-apsuptyje\/","title":{"rendered":"Parduodamas namas Perkali\u0173 k., Mol\u0117t\u0173 rajone \u2013 gamtos apsuptyje"},"content":{"rendered":"","protected":false},"excerpt":{"rendered":"<p>Ie\u0161kote vietos, kur gal\u0117tum\u0117te pab\u0117gti nuo miesto \u0161urmulio ir m\u0117gautis tikra gamtos harmonija? Si\u016blome Jums jauk\u0173 nam\u0105 Perkali\u0173 kaime, viename gra\u017eiausi\u0173 Mol\u0117t\u0173 rajonas kampeli\u0173. Vos u\u017e 500m e\u017eeras Perkalys, iki Kr\u016bmi\u0161ki\u0173 e\u017eero 1km, \u0161alimais Raistelio, Juodpurvi\u0173, \u0160e\u0161kio ir Liepyn\u0117s kr\u016bmai mi\u0161kai.<br \/>\n\u0160i vieta puikiai tiks tiek nuolatiniam gyvenimui, tiek poilsiui. Apylink\u0117s gars\u0117ja savo e\u017eerais, mi\u0161kais. Aplink gausu ma\u017eesni\u0173 e\u017eer\u0173 ir mi\u0161k\u0173 masyv\u0173, suteikian\u010di\u0173 privatumo bei galimybi\u0173 aktyviam laisvalaikiui \u2013 pasivaik\u0161\u010diojimams, dvira\u010di\u0173 \u017eygiams, grybavimui ar uogavimui.<br \/>\nPatogus susisiekimas su Balnink\u0173 miesteliu ir Mol\u0117t\u0173 miestu, kuriame rasite visas reikalingas kasdienes paslaugas: parduotuves, mokyklas, gydymo \u012fstaigas.<br \/>\nPRIVALUMAI:<br \/>\n\u2013 Vieno auk\u0161to r\u0105stinis apm\u016brytas namas 60kv.m.(3 kambariai, virtuv\u0117, koridorius, du sand\u0117liukai);<br \/>\n\u2013 \u0160ildymas kieto kuro krosnimis;<br \/>\n\u2013 \u012evestas kaimo vandentiekis;<br \/>\n\u2013 \u016akiniai statiniai;<br \/>\n\u2013Nam\u0173 valdos sklypas 43a.,  sklyp\u0105 sudaro du atskiri nam\u0173 valdos sklypai 20 ir 23 ar\u0173;<br \/>\n-Patogus susisiekimas visais met\u0173 laikais. Atstumai iki Balnink\u0173 7km, Alantos 9km, Mol\u0117t\u0173 ir Anyk\u0161\u010di\u0173 30km. Ukmerg\u0117s ir Utenos 37km, Vilniaus 100km, Kauno 110km.<br \/>\nMaps.lt koordinat\u0117s: 55.328264, 25.164431<\/p>\n","protected":false},"featured_media":25578,"template":"","meta":{"_acf_changed":false},"product_brand":[],"product_cat":[26],"product_tag":[],"class_list":{"0":"post-25571","1":"product","2":"type-product","3":"status-publish","4":"has-post-thumbnail","6":"product_cat-namai","7":"pa_rajonas-moletu-rajonas","8":"description-off","10":"first","11":"instock","12":"shipping-taxable","13":"purchasable","14":"product-type-simple"},"acf":[],"yoast_head":"<!-- This site is optimized with the Yoast SEO plugin v27.0 - https:\/\/yoast.com\/product\/yoast-seo-wordpress\/ -->\n<title>Parduodamas namas Perkali\u0173 k., Mol\u0117t\u0173 rajone \u2013 gamtos apsuptyje - Namud\u0117<\/title>\n<meta name=\"robots\" content=\"index, follow, max-snippet:-1, max-image-preview:large, max-video-preview:-1\" \/>\n<link rel=\"canonical\" href=\"https:\/\/www.namude.lt\/objektas\/parduodamas-namas-perkaliu-k-moletu-rajone-gamtos-apsuptyje\/\" \/>\n<meta property=\"og:locale\" content=\"en_US\" \/>\n<meta property=\"og:type\" content=\"article\" \/>\n<meta property=\"og:title\" content=\"Parduodamas namas Perkali\u0173 k., Mol\u0117t\u0173 rajone \u2013 gamtos apsuptyje - Namud\u0117\" \/>\n<meta property=\"og:description\" content=\"Ie\u0161kote vietos, kur gal\u0117tum\u0117te pab\u0117gti nuo miesto \u0161urmulio ir m\u0117gautis tikra gamtos harmonija? Si\u016blome Jums jauk\u0173 nam\u0105 Perkali\u0173 kaime, viename gra\u017eiausi\u0173 Mol\u0117t\u0173 rajonas kampeli\u0173. Vos u\u017e 500m e\u017eeras Perkalys, iki Kr\u016bmi\u0161ki\u0173 e\u017eero 1km, \u0161alimais Raistelio, Juodpurvi\u0173, \u0160e\u0161kio ir Liepyn\u0117s kr\u016bmai mi\u0161kai. \u0160i vieta puikiai tiks tiek nuolatiniam gyvenimui, tiek poilsiui. Apylink\u0117s gars\u0117ja savo e\u017eerais, mi\u0161kais. Aplink gausu ma\u017eesni\u0173 e\u017eer\u0173 ir mi\u0161k\u0173 masyv\u0173, suteikian\u010di\u0173 privatumo bei galimybi\u0173 aktyviam laisvalaikiui \u2013 pasivaik\u0161\u010diojimams, dvira\u010di\u0173 \u017eygiams, grybavimui ar uogavimui. Patogus susisiekimas su Balnink\u0173 miesteliu ir Mol\u0117t\u0173 miestu, kuriame rasite visas reikalingas kasdienes paslaugas: parduotuves, mokyklas, gydymo \u012fstaigas. PRIVALUMAI: \u2013 Vieno auk\u0161to r\u0105stinis apm\u016brytas namas 60kv.m.(3 kambariai, virtuv\u0117, koridorius, du sand\u0117liukai); \u2013 \u0160ildymas kieto kuro krosnimis; \u2013 \u012evestas kaimo vandentiekis; \u2013 \u016akiniai statiniai; \u2013Nam\u0173 valdos sklypas 43a., sklyp\u0105 sudaro du atskiri nam\u0173 valdos sklypai 20 ir 23 ar\u0173; -Patogus susisiekimas visais met\u0173 laikais. Atstumai iki Balnink\u0173 7km, Alantos 9km, Mol\u0117t\u0173 ir Anyk\u0161\u010di\u0173 30km. Ukmerg\u0117s ir Utenos 37km, Vilniaus 100km, Kauno 110km. Maps.lt koordinat\u0117s: 55.328264, 25.164431\" \/>\n<meta property=\"og:url\" content=\"https:\/\/www.namude.lt\/objektas\/parduodamas-namas-perkaliu-k-moletu-rajone-gamtos-apsuptyje\/\" \/>\n<meta property=\"og:site_name\" content=\"Namud\u0117\" \/>\n<meta property=\"article:modified_time\" content=\"2026-04-01T08:05:35+00:00\" \/>\n<meta property=\"og:image\" content=\"https:\/\/www.namude.lt\/wp-content\/uploads\/2026\/03\/3-11.jpg\" \/>\n\t<meta property=\"og:image:width\" content=\"2400\" \/>\n\t<meta property=\"og:image:height\" content=\"1800\" \/>\n\t<meta property=\"og:image:type\" content=\"image\/jpeg\" \/>\n<meta name=\"twitter:card\" content=\"summary_large_image\" \/>\n<script type=\"application\/ld+json\" class=\"yoast-schema-graph\">{\"@context\":\"https:\/\/schema.org\",\"@graph\":[{\"@type\":\"WebPage\",\"@id\":\"https:\/\/www.namude.lt\/objektas\/parduodamas-namas-perkaliu-k-moletu-rajone-gamtos-apsuptyje\/\",\"url\":\"https:\/\/www.namude.lt\/objektas\/parduodamas-namas-perkaliu-k-moletu-rajone-gamtos-apsuptyje\/\",\"name\":\"Parduodamas namas Perkali\u0173 k., Mol\u0117t\u0173 rajone \u2013 gamtos apsuptyje - Namud\u0117\",\"isPartOf\":{\"@id\":\"https:\/\/www.namude.lt\/#website\"},\"primaryImageOfPage\":{\"@id\":\"https:\/\/www.namude.lt\/objektas\/parduodamas-namas-perkaliu-k-moletu-rajone-gamtos-apsuptyje\/#primaryimage\"},\"image\":{\"@id\":\"https:\/\/www.namude.lt\/objektas\/parduodamas-namas-perkaliu-k-moletu-rajone-gamtos-apsuptyje\/#primaryimage\"},\"thumbnailUrl\":\"https:\/\/www.namude.lt\/wp-content\/uploads\/2026\/03\/3-11.jpg\",\"datePublished\":\"2026-03-25T09:27:05+00:00\",\"dateModified\":\"2026-04-01T08:05:35+00:00\",\"breadcrumb\":{\"@id\":\"https:\/\/www.namude.lt\/objektas\/parduodamas-namas-perkaliu-k-moletu-rajone-gamtos-apsuptyje\/#breadcrumb\"},\"inLanguage\":\"en-US\",\"potentialAction\":[{\"@type\":\"ReadAction\",\"target\":[\"https:\/\/www.namude.lt\/objektas\/parduodamas-namas-perkaliu-k-moletu-rajone-gamtos-apsuptyje\/\"]}]},{\"@type\":\"ImageObject\",\"inLanguage\":\"en-US\",\"@id\":\"https:\/\/www.namude.lt\/objektas\/parduodamas-namas-perkaliu-k-moletu-rajone-gamtos-apsuptyje\/#primaryimage\",\"url\":\"https:\/\/www.namude.lt\/wp-content\/uploads\/2026\/03\/3-11.jpg\",\"contentUrl\":\"https:\/\/www.namude.lt\/wp-content\/uploads\/2026\/03\/3-11.jpg\",\"width\":2400,\"height\":1800},{\"@type\":\"BreadcrumbList\",\"@id\":\"https:\/\/www.namude.lt\/objektas\/parduodamas-namas-perkaliu-k-moletu-rajone-gamtos-apsuptyje\/#breadcrumb\",\"itemListElement\":[{\"@type\":\"ListItem\",\"position\":1,\"name\":\"Home\",\"item\":\"https:\/\/www.namude.lt\/en\/\"},{\"@type\":\"ListItem\",\"position\":2,\"name\":\"Real estate\",\"item\":\"https:\/\/www.namude.lt\/en\/real-estate\/\"},{\"@type\":\"ListItem\",\"position\":3,\"name\":\"Parduodamas namas Perkali\u0173 k., Mol\u0117t\u0173 rajone \u2013 gamtos apsuptyje\"}]},{\"@type\":\"WebSite\",\"@id\":\"https:\/\/www.namude.lt\/#website\",\"url\":\"https:\/\/www.namude.lt\/\",\"name\":\"Namud\u0117\",\"description\":\"\u201eNamud\u0117\u201c \u2013 agent\u016bra, pardavin\u0117janti Auk\u0161taitijos NT grynuolius.\",\"publisher\":{\"@id\":\"https:\/\/www.namude.lt\/#organization\"},\"potentialAction\":[{\"@type\":\"SearchAction\",\"target\":{\"@type\":\"EntryPoint\",\"urlTemplate\":\"https:\/\/www.namude.lt\/?s={search_term_string}\"},\"query-input\":{\"@type\":\"PropertyValueSpecification\",\"valueRequired\":true,\"valueName\":\"search_term_string\"}}],\"inLanguage\":\"en-US\"},{\"@type\":\"Organization\",\"@id\":\"https:\/\/www.namude.lt\/#organization\",\"name\":\"Namud\u0117\",\"url\":\"https:\/\/www.namude.lt\/\",\"logo\":{\"@type\":\"ImageObject\",\"inLanguage\":\"en-US\",\"@id\":\"https:\/\/www.namude.lt\/#\/schema\/logo\/image\/\",\"url\":\"https:\/\/www.namude.lt\/wp-content\/uploads\/2023\/11\/logo-symbol.svg\",\"contentUrl\":\"https:\/\/www.namude.lt\/wp-content\/uploads\/2023\/11\/logo-symbol.svg\",\"width\":1,\"height\":1,\"caption\":\"Namud\u0117\"},\"image\":{\"@id\":\"https:\/\/www.namude.lt\/#\/schema\/logo\/image\/\"}}]}<\/script>\n<!-- \/ Yoast SEO plugin. -->","yoast_head_json":{"title":"Parduodamas namas Perkali\u0173 k., Mol\u0117t\u0173 rajone \u2013 gamtos apsuptyje - Namud\u0117","robots":{"index":"index","follow":"follow","max-snippet":"max-snippet:-1","max-image-preview":"max-image-preview:large","max-video-preview":"max-video-preview:-1"},"canonical":"https:\/\/www.namude.lt\/objektas\/parduodamas-namas-perkaliu-k-moletu-rajone-gamtos-apsuptyje\/","og_locale":"en_US","og_type":"article","og_title":"Parduodamas namas Perkali\u0173 k., Mol\u0117t\u0173 rajone \u2013 gamtos apsuptyje - Namud\u0117","og_description":"Ie\u0161kote vietos, kur gal\u0117tum\u0117te pab\u0117gti nuo miesto \u0161urmulio ir m\u0117gautis tikra gamtos harmonija? Si\u016blome Jums jauk\u0173 nam\u0105 Perkali\u0173 kaime, viename gra\u017eiausi\u0173 Mol\u0117t\u0173 rajonas kampeli\u0173. Vos u\u017e 500m e\u017eeras Perkalys, iki Kr\u016bmi\u0161ki\u0173 e\u017eero 1km, \u0161alimais Raistelio, Juodpurvi\u0173, \u0160e\u0161kio ir Liepyn\u0117s kr\u016bmai mi\u0161kai. \u0160i vieta puikiai tiks tiek nuolatiniam gyvenimui, tiek poilsiui. Apylink\u0117s gars\u0117ja savo e\u017eerais, mi\u0161kais. Aplink gausu ma\u017eesni\u0173 e\u017eer\u0173 ir mi\u0161k\u0173 masyv\u0173, suteikian\u010di\u0173 privatumo bei galimybi\u0173 aktyviam laisvalaikiui \u2013 pasivaik\u0161\u010diojimams, dvira\u010di\u0173 \u017eygiams, grybavimui ar uogavimui. Patogus susisiekimas su Balnink\u0173 miesteliu ir Mol\u0117t\u0173 miestu, kuriame rasite visas reikalingas kasdienes paslaugas: parduotuves, mokyklas, gydymo \u012fstaigas. PRIVALUMAI: \u2013 Vieno auk\u0161to r\u0105stinis apm\u016brytas namas 60kv.m.(3 kambariai, virtuv\u0117, koridorius, du sand\u0117liukai); \u2013 \u0160ildymas kieto kuro krosnimis; \u2013 \u012evestas kaimo vandentiekis; \u2013 \u016akiniai statiniai; \u2013Nam\u0173 valdos sklypas 43a., sklyp\u0105 sudaro du atskiri nam\u0173 valdos sklypai 20 ir 23 ar\u0173; -Patogus susisiekimas visais met\u0173 laikais. Atstumai iki Balnink\u0173 7km, Alantos 9km, Mol\u0117t\u0173 ir Anyk\u0161\u010di\u0173 30km. Ukmerg\u0117s ir Utenos 37km, Vilniaus 100km, Kauno 110km. Maps.lt koordinat\u0117s: 55.328264, 25.164431","og_url":"https:\/\/www.namude.lt\/objektas\/parduodamas-namas-perkaliu-k-moletu-rajone-gamtos-apsuptyje\/","og_site_name":"Namud\u0117","article_modified_time":"2026-04-01T08:05:35+00:00","og_image":[{"width":2400,"height":1800,"url":"https:\/\/www.namude.lt\/wp-content\/uploads\/2026\/03\/3-11.jpg","type":"image\/jpeg"}],"twitter_card":"summary_large_image","schema":{"@context":"https:\/\/schema.org","@graph":[{"@type":"WebPage","@id":"https:\/\/www.namude.lt\/objektas\/parduodamas-namas-perkaliu-k-moletu-rajone-gamtos-apsuptyje\/","url":"https:\/\/www.namude.lt\/objektas\/parduodamas-namas-perkaliu-k-moletu-rajone-gamtos-apsuptyje\/","name":"Parduodamas namas Perkali\u0173 k., Mol\u0117t\u0173 rajone \u2013 gamtos apsuptyje - Namud\u0117","isPartOf":{"@id":"https:\/\/www.namude.lt\/#website"},"primaryImageOfPage":{"@id":"https:\/\/www.namude.lt\/objektas\/parduodamas-namas-perkaliu-k-moletu-rajone-gamtos-apsuptyje\/#primaryimage"},"image":{"@id":"https:\/\/www.namude.lt\/objektas\/parduodamas-namas-perkaliu-k-moletu-rajone-gamtos-apsuptyje\/#primaryimage"},"thumbnailUrl":"https:\/\/www.namude.lt\/wp-content\/uploads\/2026\/03\/3-11.jpg","datePublished":"2026-03-25T09:27:05+00:00","dateModified":"2026-04-01T08:05:35+00:00","breadcrumb":{"@id":"https:\/\/www.namude.lt\/objektas\/parduodamas-namas-perkaliu-k-moletu-rajone-gamtos-apsuptyje\/#breadcrumb"},"inLanguage":"en-US","potentialAction":[{"@type":"ReadAction","target":["https:\/\/www.namude.lt\/objektas\/parduodamas-namas-perkaliu-k-moletu-rajone-gamtos-apsuptyje\/"]}]},{"@type":"ImageObject","inLanguage":"en-US","@id":"https:\/\/www.namude.lt\/objektas\/parduodamas-namas-perkaliu-k-moletu-rajone-gamtos-apsuptyje\/#primaryimage","url":"https:\/\/www.namude.lt\/wp-content\/uploads\/2026\/03\/3-11.jpg","contentUrl":"https:\/\/www.namude.lt\/wp-content\/uploads\/2026\/03\/3-11.jpg","width":2400,"height":1800},{"@type":"BreadcrumbList","@id":"https:\/\/www.namude.lt\/objektas\/parduodamas-namas-perkaliu-k-moletu-rajone-gamtos-apsuptyje\/#breadcrumb","itemListElement":[{"@type":"ListItem","position":1,"name":"Home","item":"https:\/\/www.namude.lt\/en\/"},{"@type":"ListItem","position":2,"name":"Real estate","item":"https:\/\/www.namude.lt\/en\/real-estate\/"},{"@type":"ListItem","position":3,"name":"Parduodamas namas Perkali\u0173 k., Mol\u0117t\u0173 rajone \u2013 gamtos apsuptyje"}]},{"@type":"WebSite","@id":"https:\/\/www.namude.lt\/#website","url":"https:\/\/www.namude.lt\/","name":"Namud\u0117","description":"\u201eNamud\u0117\u201c \u2013 agent\u016bra, pardavin\u0117janti Auk\u0161taitijos NT grynuolius.","publisher":{"@id":"https:\/\/www.namude.lt\/#organization"},"potentialAction":[{"@type":"SearchAction","target":{"@type":"EntryPoint","urlTemplate":"https:\/\/www.namude.lt\/?s={search_term_string}"},"query-input":{"@type":"PropertyValueSpecification","valueRequired":true,"valueName":"search_term_string"}}],"inLanguage":"en-US"},{"@type":"Organization","@id":"https:\/\/www.namude.lt\/#organization","name":"Namud\u0117","url":"https:\/\/www.namude.lt\/","logo":{"@type":"ImageObject","inLanguage":"en-US","@id":"https:\/\/www.namude.lt\/#\/schema\/logo\/image\/","url":"https:\/\/www.namude.lt\/wp-content\/uploads\/2023\/11\/logo-symbol.svg","contentUrl":"https:\/\/www.namude.lt\/wp-content\/uploads\/2023\/11\/logo-symbol.svg","width":1,"height":1,"caption":"Namud\u0117"},"image":{"@id":"https:\/\/www.namude.lt\/#\/schema\/logo\/image\/"}}]}},"_links":{"self":[{"href":"https:\/\/www.namude.lt\/en\/wp-json\/wp\/v2\/product\/25571","targetHints":{"allow":["GET"]}}],"collection":[{"href":"https:\/\/www.namude.lt\/en\/wp-json\/wp\/v2\/product"}],"about":[{"href":"https:\/\/www.namude.lt\/en\/wp-json\/wp\/v2\/types\/product"}],"wp:featuredmedia":[{"embeddable":true,"href":"https:\/\/www.namude.lt\/en\/wp-json\/wp\/v2\/media\/25578"}],"wp:attachment":[{"href":"https:\/\/www.namude.lt\/en\/wp-json\/wp\/v2\/media?parent=25571"}],"wp:term":[{"taxonomy":"product_brand","embeddable":true,"href":"https:\/\/www.namude.lt\/en\/wp-json\/wp\/v2\/product_brand?post=25571"},{"taxonomy":"product_cat","embeddable":true,"href":"https:\/\/www.namude.lt\/en\/wp-json\/wp\/v2\/product_cat?post=25571"},{"taxonomy":"product_tag","embeddable":true,"href":"https:\/\/www.namude.lt\/en\/wp-json\/wp\/v2\/product_tag?post=25571"}],"curies":[{"name":"wp","href":"https:\/\/api.w.org\/{rel}","templated":true}]}}