{"id":25503,"date":"2026-03-24T08:35:33","date_gmt":"2026-03-24T06:35:33","guid":{"rendered":"https:\/\/www.namude.lt\/?post_type=product&#038;p=25503"},"modified":"2026-03-24T10:05:15","modified_gmt":"2026-03-24T08:05:15","slug":"parduodamas-be-skolu-su-patogumais-2-kambariu-butas-ignalinos-rajone-didziasalio-daugiabuciu-kvartale-pirmame-aukste","status":"publish","type":"product","link":"https:\/\/www.namude.lt\/en\/object\/parduodamas-be-skolu-su-patogumais-2-kambariu-butas-ignalinos-rajone-didziasalio-daugiabuciu-kvartale-pirmame-aukste\/","title":{"rendered":"Parduodamas be skol\u0173, su patogumais 2 kambari\u0173 butas Ignalinos rajone, Did\u017eiasalio daugiabu\u010di\u0173 kvartale, pirmame auk\u0161te."},"content":{"rendered":"","protected":false},"excerpt":{"rendered":"<p><strong>Ignalinos rajone, Did\u017eiasalyje, Agarinio gatv\u0117je 2 kambari\u0173 butas su balkonu ir r\u016bsiu laukia naujo \u0161eimininko. <\/strong><a href=\"https:\/\/www.namude.lt\/kategorija\/butai\/?filter_rajonas=ignalinos-rajonas&#038;query_type_rajonas=or\"><\/a>Tai b\u016bt\u0173 puikus pasirinkimas ie\u0161kantiems ekonomi\u0161ko buto gyvenimui ma\u017eame miestelyje, gra\u017eioje gamtoje, netoli e\u017eero.<br \/>\n&#8211;\tBendras plotas \u2013 46.76 kv. m.<br \/>\n&#8211;\t1 auk\u0161tas i\u0161 keturi\u0173.<br \/>\n&#8211;\tPa\u010diame Did\u017eiasalio centre.<br \/>\n&#8211;\tLangai orientuoti \u012f rytus ir vakarus.<br \/>\n&#8211;\t\u0160ildymas i\u0161 kvartalo katilin\u0117s.<br \/>\n&#8211;\tTualetas ir vonia atskirai<br \/>\n&#8211;\tButas yra vidinis, tod\u0117l \u0161iltas.<br \/>\nPrivalumai<br \/>\n&#8211;\t\u0160alia automobili\u0173 stov\u0117jimo aik\u0161tel\u0117, maisto preki\u0173 parduotuv\u0117, medicinos punktas, seni\u016bnija, rekonstruotas sporto aik\u0161tynas, turgelis ir kt..<br \/>\n&#8211;\tGra\u017e\u012f kaimi\u0161ka aplinka, daug \u017ealumos.<br \/>\n&#8211;\tSutvarkyta kvartalo teritorija.<br \/>\n&#8211;\tPatogus priva\u017eiavimas asfaltuotu keliu.<br \/>\n&#8211;\tNetoliese du e\u017eerai, artimiausias (apie 350 m) , kur galima pa\u017evejoti, pasimaudyti. Ideali vieta poilsiui ir ramiam gyvenimui.<br \/>\n&#8211;\t\u012e rajono centr\u0105 Ignalin\u0105, kiekvien\u0105 dien\u0105, nemokamai kursuoja autobusai.<\/p>\n","protected":false},"featured_media":25504,"template":"","meta":{"_acf_changed":false},"product_brand":[],"product_cat":[27],"product_tag":[],"class_list":{"0":"post-25503","1":"product","2":"type-product","3":"status-publish","4":"has-post-thumbnail","6":"product_cat-butai","7":"pa_rajonas-ignalinos-rajonas","8":"description-off","10":"first","11":"instock","12":"shipping-taxable","13":"purchasable","14":"product-type-simple"},"acf":[],"yoast_head":"<!-- This site is optimized with the Yoast SEO plugin v27.0 - https:\/\/yoast.com\/product\/yoast-seo-wordpress\/ -->\n<title>Parduodamas be skol\u0173, su patogumais 2 kambari\u0173 butas Ignalinos rajone, Did\u017eiasalio daugiabu\u010di\u0173 kvartale, pirmame auk\u0161te. - Namud\u0117<\/title>\n<meta name=\"robots\" content=\"index, follow, max-snippet:-1, max-image-preview:large, max-video-preview:-1\" \/>\n<link rel=\"canonical\" href=\"https:\/\/www.namude.lt\/objektas\/parduodamas-be-skolu-su-patogumais-2-kambariu-butas-ignalinos-rajone-didziasalio-daugiabuciu-kvartale-pirmame-aukste\/\" \/>\n<meta property=\"og:locale\" content=\"en_US\" \/>\n<meta property=\"og:type\" content=\"article\" \/>\n<meta property=\"og:title\" content=\"Parduodamas be skol\u0173, su patogumais 2 kambari\u0173 butas Ignalinos rajone, Did\u017eiasalio daugiabu\u010di\u0173 kvartale, pirmame auk\u0161te. - Namud\u0117\" \/>\n<meta property=\"og:description\" content=\"Ignalinos rajone, Did\u017eiasalyje, Agarinio gatv\u0117je 2 kambari\u0173 butas su balkonu ir r\u016bsiu laukia naujo \u0161eimininko. Tai b\u016bt\u0173 puikus pasirinkimas ie\u0161kantiems ekonomi\u0161ko buto gyvenimui ma\u017eame miestelyje, gra\u017eioje gamtoje, netoli e\u017eero. - Bendras plotas \u2013 46.76 kv. m. - 1 auk\u0161tas i\u0161 keturi\u0173. - Pa\u010diame Did\u017eiasalio centre. - Langai orientuoti \u012f rytus ir vakarus. - \u0160ildymas i\u0161 kvartalo katilin\u0117s. - Tualetas ir vonia atskirai - Butas yra vidinis, tod\u0117l \u0161iltas. Privalumai - \u0160alia automobili\u0173 stov\u0117jimo aik\u0161tel\u0117, maisto preki\u0173 parduotuv\u0117, medicinos punktas, seni\u016bnija, rekonstruotas sporto aik\u0161tynas, turgelis ir kt.. - Gra\u017e\u012f kaimi\u0161ka aplinka, daug \u017ealumos. - Sutvarkyta kvartalo teritorija. - Patogus priva\u017eiavimas asfaltuotu keliu.  - Netoliese du e\u017eerai, artimiausias (apie 350 m) , kur galima pa\u017evejoti, pasimaudyti. Ideali vieta poilsiui ir ramiam gyvenimui. - \u012e rajono centr\u0105 Ignalin\u0105, kiekvien\u0105 dien\u0105, nemokamai kursuoja autobusai.\" \/>\n<meta property=\"og:url\" content=\"https:\/\/www.namude.lt\/objektas\/parduodamas-be-skolu-su-patogumais-2-kambariu-butas-ignalinos-rajone-didziasalio-daugiabuciu-kvartale-pirmame-aukste\/\" \/>\n<meta property=\"og:site_name\" content=\"Namud\u0117\" \/>\n<meta property=\"article:modified_time\" content=\"2026-03-24T08:05:15+00:00\" \/>\n<meta property=\"og:image\" content=\"https:\/\/www.namude.lt\/wp-content\/uploads\/2026\/03\/1-11.jpg\" \/>\n\t<meta property=\"og:image:width\" content=\"800\" \/>\n\t<meta property=\"og:image:height\" content=\"531\" \/>\n\t<meta property=\"og:image:type\" content=\"image\/jpeg\" \/>\n<meta name=\"twitter:card\" content=\"summary_large_image\" \/>\n<script type=\"application\/ld+json\" class=\"yoast-schema-graph\">{\"@context\":\"https:\/\/schema.org\",\"@graph\":[{\"@type\":\"WebPage\",\"@id\":\"https:\/\/www.namude.lt\/objektas\/parduodamas-be-skolu-su-patogumais-2-kambariu-butas-ignalinos-rajone-didziasalio-daugiabuciu-kvartale-pirmame-aukste\/\",\"url\":\"https:\/\/www.namude.lt\/objektas\/parduodamas-be-skolu-su-patogumais-2-kambariu-butas-ignalinos-rajone-didziasalio-daugiabuciu-kvartale-pirmame-aukste\/\",\"name\":\"Parduodamas be skol\u0173, su patogumais 2 kambari\u0173 butas Ignalinos rajone, Did\u017eiasalio daugiabu\u010di\u0173 kvartale, pirmame auk\u0161te. - Namud\u0117\",\"isPartOf\":{\"@id\":\"https:\/\/www.namude.lt\/#website\"},\"primaryImageOfPage\":{\"@id\":\"https:\/\/www.namude.lt\/objektas\/parduodamas-be-skolu-su-patogumais-2-kambariu-butas-ignalinos-rajone-didziasalio-daugiabuciu-kvartale-pirmame-aukste\/#primaryimage\"},\"image\":{\"@id\":\"https:\/\/www.namude.lt\/objektas\/parduodamas-be-skolu-su-patogumais-2-kambariu-butas-ignalinos-rajone-didziasalio-daugiabuciu-kvartale-pirmame-aukste\/#primaryimage\"},\"thumbnailUrl\":\"https:\/\/www.namude.lt\/wp-content\/uploads\/2026\/03\/1-11.jpg\",\"datePublished\":\"2026-03-24T06:35:33+00:00\",\"dateModified\":\"2026-03-24T08:05:15+00:00\",\"breadcrumb\":{\"@id\":\"https:\/\/www.namude.lt\/objektas\/parduodamas-be-skolu-su-patogumais-2-kambariu-butas-ignalinos-rajone-didziasalio-daugiabuciu-kvartale-pirmame-aukste\/#breadcrumb\"},\"inLanguage\":\"en-US\",\"potentialAction\":[{\"@type\":\"ReadAction\",\"target\":[\"https:\/\/www.namude.lt\/objektas\/parduodamas-be-skolu-su-patogumais-2-kambariu-butas-ignalinos-rajone-didziasalio-daugiabuciu-kvartale-pirmame-aukste\/\"]}]},{\"@type\":\"ImageObject\",\"inLanguage\":\"en-US\",\"@id\":\"https:\/\/www.namude.lt\/objektas\/parduodamas-be-skolu-su-patogumais-2-kambariu-butas-ignalinos-rajone-didziasalio-daugiabuciu-kvartale-pirmame-aukste\/#primaryimage\",\"url\":\"https:\/\/www.namude.lt\/wp-content\/uploads\/2026\/03\/1-11.jpg\",\"contentUrl\":\"https:\/\/www.namude.lt\/wp-content\/uploads\/2026\/03\/1-11.jpg\",\"width\":800,\"height\":531},{\"@type\":\"BreadcrumbList\",\"@id\":\"https:\/\/www.namude.lt\/objektas\/parduodamas-be-skolu-su-patogumais-2-kambariu-butas-ignalinos-rajone-didziasalio-daugiabuciu-kvartale-pirmame-aukste\/#breadcrumb\",\"itemListElement\":[{\"@type\":\"ListItem\",\"position\":1,\"name\":\"Home\",\"item\":\"https:\/\/www.namude.lt\/en\/\"},{\"@type\":\"ListItem\",\"position\":2,\"name\":\"Real estate\",\"item\":\"https:\/\/www.namude.lt\/en\/real-estate\/\"},{\"@type\":\"ListItem\",\"position\":3,\"name\":\"Parduodamas be skol\u0173, su patogumais 2 kambari\u0173 butas Ignalinos rajone, Did\u017eiasalio daugiabu\u010di\u0173 kvartale, pirmame auk\u0161te.\"}]},{\"@type\":\"WebSite\",\"@id\":\"https:\/\/www.namude.lt\/#website\",\"url\":\"https:\/\/www.namude.lt\/\",\"name\":\"Namud\u0117\",\"description\":\"\u201eNamud\u0117\u201c \u2013 agent\u016bra, pardavin\u0117janti Auk\u0161taitijos NT grynuolius.\",\"publisher\":{\"@id\":\"https:\/\/www.namude.lt\/#organization\"},\"potentialAction\":[{\"@type\":\"SearchAction\",\"target\":{\"@type\":\"EntryPoint\",\"urlTemplate\":\"https:\/\/www.namude.lt\/?s={search_term_string}\"},\"query-input\":{\"@type\":\"PropertyValueSpecification\",\"valueRequired\":true,\"valueName\":\"search_term_string\"}}],\"inLanguage\":\"en-US\"},{\"@type\":\"Organization\",\"@id\":\"https:\/\/www.namude.lt\/#organization\",\"name\":\"Namud\u0117\",\"url\":\"https:\/\/www.namude.lt\/\",\"logo\":{\"@type\":\"ImageObject\",\"inLanguage\":\"en-US\",\"@id\":\"https:\/\/www.namude.lt\/#\/schema\/logo\/image\/\",\"url\":\"https:\/\/www.namude.lt\/wp-content\/uploads\/2023\/11\/logo-symbol.svg\",\"contentUrl\":\"https:\/\/www.namude.lt\/wp-content\/uploads\/2023\/11\/logo-symbol.svg\",\"width\":1,\"height\":1,\"caption\":\"Namud\u0117\"},\"image\":{\"@id\":\"https:\/\/www.namude.lt\/#\/schema\/logo\/image\/\"}}]}<\/script>\n<!-- \/ Yoast SEO plugin. -->","yoast_head_json":{"title":"Parduodamas be skol\u0173, su patogumais 2 kambari\u0173 butas Ignalinos rajone, Did\u017eiasalio daugiabu\u010di\u0173 kvartale, pirmame auk\u0161te. - Namud\u0117","robots":{"index":"index","follow":"follow","max-snippet":"max-snippet:-1","max-image-preview":"max-image-preview:large","max-video-preview":"max-video-preview:-1"},"canonical":"https:\/\/www.namude.lt\/objektas\/parduodamas-be-skolu-su-patogumais-2-kambariu-butas-ignalinos-rajone-didziasalio-daugiabuciu-kvartale-pirmame-aukste\/","og_locale":"en_US","og_type":"article","og_title":"Parduodamas be skol\u0173, su patogumais 2 kambari\u0173 butas Ignalinos rajone, Did\u017eiasalio daugiabu\u010di\u0173 kvartale, pirmame auk\u0161te. - Namud\u0117","og_description":"Ignalinos rajone, Did\u017eiasalyje, Agarinio gatv\u0117je 2 kambari\u0173 butas su balkonu ir r\u016bsiu laukia naujo \u0161eimininko. Tai b\u016bt\u0173 puikus pasirinkimas ie\u0161kantiems ekonomi\u0161ko buto gyvenimui ma\u017eame miestelyje, gra\u017eioje gamtoje, netoli e\u017eero. - Bendras plotas \u2013 46.76 kv. m. - 1 auk\u0161tas i\u0161 keturi\u0173. - Pa\u010diame Did\u017eiasalio centre. - Langai orientuoti \u012f rytus ir vakarus. - \u0160ildymas i\u0161 kvartalo katilin\u0117s. - Tualetas ir vonia atskirai - Butas yra vidinis, tod\u0117l \u0161iltas. Privalumai - \u0160alia automobili\u0173 stov\u0117jimo aik\u0161tel\u0117, maisto preki\u0173 parduotuv\u0117, medicinos punktas, seni\u016bnija, rekonstruotas sporto aik\u0161tynas, turgelis ir kt.. - Gra\u017e\u012f kaimi\u0161ka aplinka, daug \u017ealumos. - Sutvarkyta kvartalo teritorija. - Patogus priva\u017eiavimas asfaltuotu keliu.  - Netoliese du e\u017eerai, artimiausias (apie 350 m) , kur galima pa\u017evejoti, pasimaudyti. Ideali vieta poilsiui ir ramiam gyvenimui. - \u012e rajono centr\u0105 Ignalin\u0105, kiekvien\u0105 dien\u0105, nemokamai kursuoja autobusai.","og_url":"https:\/\/www.namude.lt\/objektas\/parduodamas-be-skolu-su-patogumais-2-kambariu-butas-ignalinos-rajone-didziasalio-daugiabuciu-kvartale-pirmame-aukste\/","og_site_name":"Namud\u0117","article_modified_time":"2026-03-24T08:05:15+00:00","og_image":[{"width":800,"height":531,"url":"https:\/\/www.namude.lt\/wp-content\/uploads\/2026\/03\/1-11.jpg","type":"image\/jpeg"}],"twitter_card":"summary_large_image","schema":{"@context":"https:\/\/schema.org","@graph":[{"@type":"WebPage","@id":"https:\/\/www.namude.lt\/objektas\/parduodamas-be-skolu-su-patogumais-2-kambariu-butas-ignalinos-rajone-didziasalio-daugiabuciu-kvartale-pirmame-aukste\/","url":"https:\/\/www.namude.lt\/objektas\/parduodamas-be-skolu-su-patogumais-2-kambariu-butas-ignalinos-rajone-didziasalio-daugiabuciu-kvartale-pirmame-aukste\/","name":"Parduodamas be skol\u0173, su patogumais 2 kambari\u0173 butas Ignalinos rajone, Did\u017eiasalio daugiabu\u010di\u0173 kvartale, pirmame auk\u0161te. - Namud\u0117","isPartOf":{"@id":"https:\/\/www.namude.lt\/#website"},"primaryImageOfPage":{"@id":"https:\/\/www.namude.lt\/objektas\/parduodamas-be-skolu-su-patogumais-2-kambariu-butas-ignalinos-rajone-didziasalio-daugiabuciu-kvartale-pirmame-aukste\/#primaryimage"},"image":{"@id":"https:\/\/www.namude.lt\/objektas\/parduodamas-be-skolu-su-patogumais-2-kambariu-butas-ignalinos-rajone-didziasalio-daugiabuciu-kvartale-pirmame-aukste\/#primaryimage"},"thumbnailUrl":"https:\/\/www.namude.lt\/wp-content\/uploads\/2026\/03\/1-11.jpg","datePublished":"2026-03-24T06:35:33+00:00","dateModified":"2026-03-24T08:05:15+00:00","breadcrumb":{"@id":"https:\/\/www.namude.lt\/objektas\/parduodamas-be-skolu-su-patogumais-2-kambariu-butas-ignalinos-rajone-didziasalio-daugiabuciu-kvartale-pirmame-aukste\/#breadcrumb"},"inLanguage":"en-US","potentialAction":[{"@type":"ReadAction","target":["https:\/\/www.namude.lt\/objektas\/parduodamas-be-skolu-su-patogumais-2-kambariu-butas-ignalinos-rajone-didziasalio-daugiabuciu-kvartale-pirmame-aukste\/"]}]},{"@type":"ImageObject","inLanguage":"en-US","@id":"https:\/\/www.namude.lt\/objektas\/parduodamas-be-skolu-su-patogumais-2-kambariu-butas-ignalinos-rajone-didziasalio-daugiabuciu-kvartale-pirmame-aukste\/#primaryimage","url":"https:\/\/www.namude.lt\/wp-content\/uploads\/2026\/03\/1-11.jpg","contentUrl":"https:\/\/www.namude.lt\/wp-content\/uploads\/2026\/03\/1-11.jpg","width":800,"height":531},{"@type":"BreadcrumbList","@id":"https:\/\/www.namude.lt\/objektas\/parduodamas-be-skolu-su-patogumais-2-kambariu-butas-ignalinos-rajone-didziasalio-daugiabuciu-kvartale-pirmame-aukste\/#breadcrumb","itemListElement":[{"@type":"ListItem","position":1,"name":"Home","item":"https:\/\/www.namude.lt\/en\/"},{"@type":"ListItem","position":2,"name":"Real estate","item":"https:\/\/www.namude.lt\/en\/real-estate\/"},{"@type":"ListItem","position":3,"name":"Parduodamas be skol\u0173, su patogumais 2 kambari\u0173 butas Ignalinos rajone, Did\u017eiasalio daugiabu\u010di\u0173 kvartale, pirmame auk\u0161te."}]},{"@type":"WebSite","@id":"https:\/\/www.namude.lt\/#website","url":"https:\/\/www.namude.lt\/","name":"Namud\u0117","description":"\u201eNamud\u0117\u201c \u2013 agent\u016bra, pardavin\u0117janti Auk\u0161taitijos NT grynuolius.","publisher":{"@id":"https:\/\/www.namude.lt\/#organization"},"potentialAction":[{"@type":"SearchAction","target":{"@type":"EntryPoint","urlTemplate":"https:\/\/www.namude.lt\/?s={search_term_string}"},"query-input":{"@type":"PropertyValueSpecification","valueRequired":true,"valueName":"search_term_string"}}],"inLanguage":"en-US"},{"@type":"Organization","@id":"https:\/\/www.namude.lt\/#organization","name":"Namud\u0117","url":"https:\/\/www.namude.lt\/","logo":{"@type":"ImageObject","inLanguage":"en-US","@id":"https:\/\/www.namude.lt\/#\/schema\/logo\/image\/","url":"https:\/\/www.namude.lt\/wp-content\/uploads\/2023\/11\/logo-symbol.svg","contentUrl":"https:\/\/www.namude.lt\/wp-content\/uploads\/2023\/11\/logo-symbol.svg","width":1,"height":1,"caption":"Namud\u0117"},"image":{"@id":"https:\/\/www.namude.lt\/#\/schema\/logo\/image\/"}}]}},"_links":{"self":[{"href":"https:\/\/www.namude.lt\/en\/wp-json\/wp\/v2\/product\/25503","targetHints":{"allow":["GET"]}}],"collection":[{"href":"https:\/\/www.namude.lt\/en\/wp-json\/wp\/v2\/product"}],"about":[{"href":"https:\/\/www.namude.lt\/en\/wp-json\/wp\/v2\/types\/product"}],"wp:featuredmedia":[{"embeddable":true,"href":"https:\/\/www.namude.lt\/en\/wp-json\/wp\/v2\/media\/25504"}],"wp:attachment":[{"href":"https:\/\/www.namude.lt\/en\/wp-json\/wp\/v2\/media?parent=25503"}],"wp:term":[{"taxonomy":"product_brand","embeddable":true,"href":"https:\/\/www.namude.lt\/en\/wp-json\/wp\/v2\/product_brand?post=25503"},{"taxonomy":"product_cat","embeddable":true,"href":"https:\/\/www.namude.lt\/en\/wp-json\/wp\/v2\/product_cat?post=25503"},{"taxonomy":"product_tag","embeddable":true,"href":"https:\/\/www.namude.lt\/en\/wp-json\/wp\/v2\/product_tag?post=25503"}],"curies":[{"name":"wp","href":"https:\/\/api.w.org\/{rel}","templated":true}]}}