{"id":25305,"date":"2026-03-20T08:58:12","date_gmt":"2026-03-20T06:58:12","guid":{"rendered":"https:\/\/www.namude.lt\/?post_type=product&#038;p=25305"},"modified":"2026-04-04T08:31:21","modified_gmt":"2026-04-04T05:31:21","slug":"parduodamas-namas-prie-utenos-miesto-garneliu-kaime","status":"publish","type":"product","link":"https:\/\/www.namude.lt\/en\/object\/parduodamas-namas-prie-utenos-miesto-garneliu-kaime\/","title":{"rendered":"Parduodamas namas prie Utenos miesto, Garneli\u0173 kaime!"},"content":{"rendered":"","protected":false},"excerpt":{"rendered":"<p>Parduodamas gyvenamasis namas Garneli\u0173 kaime, vos kelios minut\u0117s iki Utenos miesto. Tai puikus pasirinkimas vertinantiems gyvenim\u0105 ar\u010diau gamtos, ta\u010diau norintiems i\u0161laikyti patog\u0173 susisiekim\u0105 su miestu. Patogi lokacija leid\u017eia greitai pasiekti Utenos miest\u0105, kuriame rasite visas kasdieniam gyvenimui reikalingas paslaugas.<br \/>\nNamas \u012fsik\u016br\u0119s vaizdingoje vietoje ant kalvos, apsuptas \u017ealumos. Erdvi teritorija suteikia daug galimybi\u0173 \u2013 galima \u012fsirengti sod\u0105, dar\u017e\u0105 ar poilsio zon\u0105. Tai puiki vieta tiek nuolatiniam gyvenimui, tiek savaitgalio poilsiui.<br \/>\nPRIVALUMAI:<br \/>\n\u2013 M\u016brinis 117kv.m. namas (Namo i\u0161planavimas: pirmas auk\u0161tas \u2013  svetain\u0117 su \u017eidiniu, 2 miegamieji kambariai, erdvi virtuv\u0117, vonios ir WC patalpos bendroje patalpoje, sand\u0117liukas, gara\u017eas. Galimyb\u0117 2 auk\u0161te \u012fsirengti 2 kambarius);<br \/>\n\u2013 Centrinis \u0161ildymas kieto kuro katilu, virtuv\u0117je \u012frengtas grindinis \u0161ildymas;<br \/>\n\u2013 Vandentiekis vietinis;<br \/>\n&#8211; Nuotekos vietin\u0117s;<br \/>\n\u2013 Sklypo plotas 70a, i\u0161 j\u0173 26 a nam\u0173 valdos, 44a \u2013 \u017eem\u0117s \u016bkio.;<br \/>\n-\u016akiniai pastatai;<br \/>\n\u2013 Patogus priva\u017eiavimas visus metus. <\/p>\n","protected":false},"featured_media":25969,"template":"","meta":{"_acf_changed":false},"product_brand":[],"product_cat":[26],"product_tag":[],"class_list":{"0":"post-25305","1":"product","2":"type-product","3":"status-publish","4":"has-post-thumbnail","6":"product_cat-namai","7":"pa_rajonas-utenos-rajonas","8":"description-off","10":"first","11":"instock","12":"sale","13":"shipping-taxable","14":"purchasable","15":"product-type-simple"},"acf":[],"yoast_head":"<!-- This site is optimized with the Yoast SEO plugin v27.0 - https:\/\/yoast.com\/product\/yoast-seo-wordpress\/ -->\n<title>Parduodamas namas prie Utenos miesto, Garneli\u0173 kaime! - Namud\u0117<\/title>\n<meta name=\"robots\" content=\"index, follow, max-snippet:-1, max-image-preview:large, max-video-preview:-1\" \/>\n<link rel=\"canonical\" href=\"https:\/\/www.namude.lt\/objektas\/parduodamas-namas-prie-utenos-miesto-garneliu-kaime\/\" \/>\n<meta property=\"og:locale\" content=\"en_US\" \/>\n<meta property=\"og:type\" content=\"article\" \/>\n<meta property=\"og:title\" content=\"Parduodamas namas prie Utenos miesto, Garneli\u0173 kaime! - Namud\u0117\" \/>\n<meta property=\"og:description\" content=\"Parduodamas gyvenamasis namas Garneli\u0173 kaime, vos kelios minut\u0117s iki Utenos miesto. Tai puikus pasirinkimas vertinantiems gyvenim\u0105 ar\u010diau gamtos, ta\u010diau norintiems i\u0161laikyti patog\u0173 susisiekim\u0105 su miestu. Patogi lokacija leid\u017eia greitai pasiekti Utenos miest\u0105, kuriame rasite visas kasdieniam gyvenimui reikalingas paslaugas. Namas \u012fsik\u016br\u0119s vaizdingoje vietoje ant kalvos, apsuptas \u017ealumos. Erdvi teritorija suteikia daug galimybi\u0173 \u2013 galima \u012fsirengti sod\u0105, dar\u017e\u0105 ar poilsio zon\u0105. Tai puiki vieta tiek nuolatiniam gyvenimui, tiek savaitgalio poilsiui. PRIVALUMAI: \u2013 M\u016brinis 117kv.m. namas (Namo i\u0161planavimas: pirmas auk\u0161tas \u2013 svetain\u0117 su \u017eidiniu, 2 miegamieji kambariai, erdvi virtuv\u0117, vonios ir WC patalpos bendroje patalpoje, sand\u0117liukas, gara\u017eas. Galimyb\u0117 2 auk\u0161te \u012fsirengti 2 kambarius); \u2013 Centrinis \u0161ildymas kieto kuro katilu, virtuv\u0117je \u012frengtas grindinis \u0161ildymas; \u2013 Vandentiekis vietinis; - Nuotekos vietin\u0117s; \u2013 Sklypo plotas 70a, i\u0161 j\u0173 26 a nam\u0173 valdos, 44a \u2013 \u017eem\u0117s \u016bkio.; -\u016akiniai pastatai; \u2013 Patogus priva\u017eiavimas visus metus.\" \/>\n<meta property=\"og:url\" content=\"https:\/\/www.namude.lt\/objektas\/parduodamas-namas-prie-utenos-miesto-garneliu-kaime\/\" \/>\n<meta property=\"og:site_name\" content=\"Namud\u0117\" \/>\n<meta property=\"article:modified_time\" content=\"2026-04-04T05:31:21+00:00\" \/>\n<meta property=\"og:image\" content=\"https:\/\/www.namude.lt\/wp-content\/uploads\/2026\/03\/1A-1.jpg\" \/>\n\t<meta property=\"og:image:width\" content=\"2400\" \/>\n\t<meta property=\"og:image:height\" content=\"1800\" \/>\n\t<meta property=\"og:image:type\" content=\"image\/jpeg\" \/>\n<meta name=\"twitter:card\" content=\"summary_large_image\" \/>\n<script type=\"application\/ld+json\" class=\"yoast-schema-graph\">{\"@context\":\"https:\/\/schema.org\",\"@graph\":[{\"@type\":\"WebPage\",\"@id\":\"https:\/\/www.namude.lt\/objektas\/parduodamas-namas-prie-utenos-miesto-garneliu-kaime\/\",\"url\":\"https:\/\/www.namude.lt\/objektas\/parduodamas-namas-prie-utenos-miesto-garneliu-kaime\/\",\"name\":\"Parduodamas namas prie Utenos miesto, Garneli\u0173 kaime! - Namud\u0117\",\"isPartOf\":{\"@id\":\"https:\/\/www.namude.lt\/#website\"},\"primaryImageOfPage\":{\"@id\":\"https:\/\/www.namude.lt\/objektas\/parduodamas-namas-prie-utenos-miesto-garneliu-kaime\/#primaryimage\"},\"image\":{\"@id\":\"https:\/\/www.namude.lt\/objektas\/parduodamas-namas-prie-utenos-miesto-garneliu-kaime\/#primaryimage\"},\"thumbnailUrl\":\"https:\/\/www.namude.lt\/wp-content\/uploads\/2026\/03\/1A-1.jpg\",\"datePublished\":\"2026-03-20T06:58:12+00:00\",\"dateModified\":\"2026-04-04T05:31:21+00:00\",\"breadcrumb\":{\"@id\":\"https:\/\/www.namude.lt\/objektas\/parduodamas-namas-prie-utenos-miesto-garneliu-kaime\/#breadcrumb\"},\"inLanguage\":\"en-US\",\"potentialAction\":[{\"@type\":\"ReadAction\",\"target\":[\"https:\/\/www.namude.lt\/objektas\/parduodamas-namas-prie-utenos-miesto-garneliu-kaime\/\"]}]},{\"@type\":\"ImageObject\",\"inLanguage\":\"en-US\",\"@id\":\"https:\/\/www.namude.lt\/objektas\/parduodamas-namas-prie-utenos-miesto-garneliu-kaime\/#primaryimage\",\"url\":\"https:\/\/www.namude.lt\/wp-content\/uploads\/2026\/03\/1A-1.jpg\",\"contentUrl\":\"https:\/\/www.namude.lt\/wp-content\/uploads\/2026\/03\/1A-1.jpg\",\"width\":2400,\"height\":1800},{\"@type\":\"BreadcrumbList\",\"@id\":\"https:\/\/www.namude.lt\/objektas\/parduodamas-namas-prie-utenos-miesto-garneliu-kaime\/#breadcrumb\",\"itemListElement\":[{\"@type\":\"ListItem\",\"position\":1,\"name\":\"Home\",\"item\":\"https:\/\/www.namude.lt\/en\/\"},{\"@type\":\"ListItem\",\"position\":2,\"name\":\"Real estate\",\"item\":\"https:\/\/www.namude.lt\/en\/real-estate\/\"},{\"@type\":\"ListItem\",\"position\":3,\"name\":\"Parduodamas namas prie Utenos miesto, Garneli\u0173 kaime!\"}]},{\"@type\":\"WebSite\",\"@id\":\"https:\/\/www.namude.lt\/#website\",\"url\":\"https:\/\/www.namude.lt\/\",\"name\":\"Namud\u0117\",\"description\":\"\u201eNamud\u0117\u201c \u2013 agent\u016bra, pardavin\u0117janti Auk\u0161taitijos NT grynuolius.\",\"publisher\":{\"@id\":\"https:\/\/www.namude.lt\/#organization\"},\"potentialAction\":[{\"@type\":\"SearchAction\",\"target\":{\"@type\":\"EntryPoint\",\"urlTemplate\":\"https:\/\/www.namude.lt\/?s={search_term_string}\"},\"query-input\":{\"@type\":\"PropertyValueSpecification\",\"valueRequired\":true,\"valueName\":\"search_term_string\"}}],\"inLanguage\":\"en-US\"},{\"@type\":\"Organization\",\"@id\":\"https:\/\/www.namude.lt\/#organization\",\"name\":\"Namud\u0117\",\"url\":\"https:\/\/www.namude.lt\/\",\"logo\":{\"@type\":\"ImageObject\",\"inLanguage\":\"en-US\",\"@id\":\"https:\/\/www.namude.lt\/#\/schema\/logo\/image\/\",\"url\":\"https:\/\/www.namude.lt\/wp-content\/uploads\/2023\/11\/logo-symbol.svg\",\"contentUrl\":\"https:\/\/www.namude.lt\/wp-content\/uploads\/2023\/11\/logo-symbol.svg\",\"width\":1,\"height\":1,\"caption\":\"Namud\u0117\"},\"image\":{\"@id\":\"https:\/\/www.namude.lt\/#\/schema\/logo\/image\/\"}}]}<\/script>\n<!-- \/ Yoast SEO plugin. -->","yoast_head_json":{"title":"Parduodamas namas prie Utenos miesto, Garneli\u0173 kaime! - Namud\u0117","robots":{"index":"index","follow":"follow","max-snippet":"max-snippet:-1","max-image-preview":"max-image-preview:large","max-video-preview":"max-video-preview:-1"},"canonical":"https:\/\/www.namude.lt\/objektas\/parduodamas-namas-prie-utenos-miesto-garneliu-kaime\/","og_locale":"en_US","og_type":"article","og_title":"Parduodamas namas prie Utenos miesto, Garneli\u0173 kaime! - Namud\u0117","og_description":"Parduodamas gyvenamasis namas Garneli\u0173 kaime, vos kelios minut\u0117s iki Utenos miesto. Tai puikus pasirinkimas vertinantiems gyvenim\u0105 ar\u010diau gamtos, ta\u010diau norintiems i\u0161laikyti patog\u0173 susisiekim\u0105 su miestu. Patogi lokacija leid\u017eia greitai pasiekti Utenos miest\u0105, kuriame rasite visas kasdieniam gyvenimui reikalingas paslaugas. Namas \u012fsik\u016br\u0119s vaizdingoje vietoje ant kalvos, apsuptas \u017ealumos. Erdvi teritorija suteikia daug galimybi\u0173 \u2013 galima \u012fsirengti sod\u0105, dar\u017e\u0105 ar poilsio zon\u0105. Tai puiki vieta tiek nuolatiniam gyvenimui, tiek savaitgalio poilsiui. PRIVALUMAI: \u2013 M\u016brinis 117kv.m. namas (Namo i\u0161planavimas: pirmas auk\u0161tas \u2013 svetain\u0117 su \u017eidiniu, 2 miegamieji kambariai, erdvi virtuv\u0117, vonios ir WC patalpos bendroje patalpoje, sand\u0117liukas, gara\u017eas. Galimyb\u0117 2 auk\u0161te \u012fsirengti 2 kambarius); \u2013 Centrinis \u0161ildymas kieto kuro katilu, virtuv\u0117je \u012frengtas grindinis \u0161ildymas; \u2013 Vandentiekis vietinis; - Nuotekos vietin\u0117s; \u2013 Sklypo plotas 70a, i\u0161 j\u0173 26 a nam\u0173 valdos, 44a \u2013 \u017eem\u0117s \u016bkio.; -\u016akiniai pastatai; \u2013 Patogus priva\u017eiavimas visus metus.","og_url":"https:\/\/www.namude.lt\/objektas\/parduodamas-namas-prie-utenos-miesto-garneliu-kaime\/","og_site_name":"Namud\u0117","article_modified_time":"2026-04-04T05:31:21+00:00","og_image":[{"width":2400,"height":1800,"url":"https:\/\/www.namude.lt\/wp-content\/uploads\/2026\/03\/1A-1.jpg","type":"image\/jpeg"}],"twitter_card":"summary_large_image","schema":{"@context":"https:\/\/schema.org","@graph":[{"@type":"WebPage","@id":"https:\/\/www.namude.lt\/objektas\/parduodamas-namas-prie-utenos-miesto-garneliu-kaime\/","url":"https:\/\/www.namude.lt\/objektas\/parduodamas-namas-prie-utenos-miesto-garneliu-kaime\/","name":"Parduodamas namas prie Utenos miesto, Garneli\u0173 kaime! - Namud\u0117","isPartOf":{"@id":"https:\/\/www.namude.lt\/#website"},"primaryImageOfPage":{"@id":"https:\/\/www.namude.lt\/objektas\/parduodamas-namas-prie-utenos-miesto-garneliu-kaime\/#primaryimage"},"image":{"@id":"https:\/\/www.namude.lt\/objektas\/parduodamas-namas-prie-utenos-miesto-garneliu-kaime\/#primaryimage"},"thumbnailUrl":"https:\/\/www.namude.lt\/wp-content\/uploads\/2026\/03\/1A-1.jpg","datePublished":"2026-03-20T06:58:12+00:00","dateModified":"2026-04-04T05:31:21+00:00","breadcrumb":{"@id":"https:\/\/www.namude.lt\/objektas\/parduodamas-namas-prie-utenos-miesto-garneliu-kaime\/#breadcrumb"},"inLanguage":"en-US","potentialAction":[{"@type":"ReadAction","target":["https:\/\/www.namude.lt\/objektas\/parduodamas-namas-prie-utenos-miesto-garneliu-kaime\/"]}]},{"@type":"ImageObject","inLanguage":"en-US","@id":"https:\/\/www.namude.lt\/objektas\/parduodamas-namas-prie-utenos-miesto-garneliu-kaime\/#primaryimage","url":"https:\/\/www.namude.lt\/wp-content\/uploads\/2026\/03\/1A-1.jpg","contentUrl":"https:\/\/www.namude.lt\/wp-content\/uploads\/2026\/03\/1A-1.jpg","width":2400,"height":1800},{"@type":"BreadcrumbList","@id":"https:\/\/www.namude.lt\/objektas\/parduodamas-namas-prie-utenos-miesto-garneliu-kaime\/#breadcrumb","itemListElement":[{"@type":"ListItem","position":1,"name":"Home","item":"https:\/\/www.namude.lt\/en\/"},{"@type":"ListItem","position":2,"name":"Real estate","item":"https:\/\/www.namude.lt\/en\/real-estate\/"},{"@type":"ListItem","position":3,"name":"Parduodamas namas prie Utenos miesto, Garneli\u0173 kaime!"}]},{"@type":"WebSite","@id":"https:\/\/www.namude.lt\/#website","url":"https:\/\/www.namude.lt\/","name":"Namud\u0117","description":"\u201eNamud\u0117\u201c \u2013 agent\u016bra, pardavin\u0117janti Auk\u0161taitijos NT grynuolius.","publisher":{"@id":"https:\/\/www.namude.lt\/#organization"},"potentialAction":[{"@type":"SearchAction","target":{"@type":"EntryPoint","urlTemplate":"https:\/\/www.namude.lt\/?s={search_term_string}"},"query-input":{"@type":"PropertyValueSpecification","valueRequired":true,"valueName":"search_term_string"}}],"inLanguage":"en-US"},{"@type":"Organization","@id":"https:\/\/www.namude.lt\/#organization","name":"Namud\u0117","url":"https:\/\/www.namude.lt\/","logo":{"@type":"ImageObject","inLanguage":"en-US","@id":"https:\/\/www.namude.lt\/#\/schema\/logo\/image\/","url":"https:\/\/www.namude.lt\/wp-content\/uploads\/2023\/11\/logo-symbol.svg","contentUrl":"https:\/\/www.namude.lt\/wp-content\/uploads\/2023\/11\/logo-symbol.svg","width":1,"height":1,"caption":"Namud\u0117"},"image":{"@id":"https:\/\/www.namude.lt\/#\/schema\/logo\/image\/"}}]}},"_links":{"self":[{"href":"https:\/\/www.namude.lt\/en\/wp-json\/wp\/v2\/product\/25305","targetHints":{"allow":["GET"]}}],"collection":[{"href":"https:\/\/www.namude.lt\/en\/wp-json\/wp\/v2\/product"}],"about":[{"href":"https:\/\/www.namude.lt\/en\/wp-json\/wp\/v2\/types\/product"}],"wp:featuredmedia":[{"embeddable":true,"href":"https:\/\/www.namude.lt\/en\/wp-json\/wp\/v2\/media\/25969"}],"wp:attachment":[{"href":"https:\/\/www.namude.lt\/en\/wp-json\/wp\/v2\/media?parent=25305"}],"wp:term":[{"taxonomy":"product_brand","embeddable":true,"href":"https:\/\/www.namude.lt\/en\/wp-json\/wp\/v2\/product_brand?post=25305"},{"taxonomy":"product_cat","embeddable":true,"href":"https:\/\/www.namude.lt\/en\/wp-json\/wp\/v2\/product_cat?post=25305"},{"taxonomy":"product_tag","embeddable":true,"href":"https:\/\/www.namude.lt\/en\/wp-json\/wp\/v2\/product_tag?post=25305"}],"curies":[{"name":"wp","href":"https:\/\/api.w.org\/{rel}","templated":true}]}}