{"id":25203,"date":"2026-03-19T16:04:55","date_gmt":"2026-03-19T14:04:55","guid":{"rendered":"https:\/\/www.namude.lt\/?post_type=product&#038;p=25203"},"modified":"2026-03-20T09:13:52","modified_gmt":"2026-03-20T07:13:52","slug":"parduodamas-namas-salia-utenos-mockenu-kaime","status":"publish","type":"product","link":"https:\/\/www.namude.lt\/en\/object\/parduodamas-namas-salia-utenos-mockenu-kaime\/","title":{"rendered":"Parduodamas namas \u0161alia Utenos, Mock\u0117n\u0173 kaime!"},"content":{"rendered":"","protected":false},"excerpt":{"rendered":"<p>Parduodamas jaukus gyvenamasis namas Mock\u0117n\u0173 kaime, patogioje vietoje \u2013 vos kelios minut\u0117s kelio iki Utenos miesto centro. Tai puikus pasirinkimas ie\u0161kantiems gamtos apsupties, ta\u010diau nenorintiems nutolti nuo miesto patogum\u0173.<br \/>\nNamas \u012fsik\u016br\u0119s vaizdingoje vietoje ant kalvos, toliau nuo pagrindini\u0173 keli\u0173. Tuo pa\u010diu patogus susisiekimas leid\u017eia greitai pasiekti Utenos miest\u0105, kuriame rasite visas reikalingas paslaugas \u2013 parduotuves, mokyklas, gydymo \u012fstaigas.<br \/>\nErdvus sklypas suteikia daug galimybi\u0173 \u2013 galima \u012fsirengti sod\u0105, dar\u017e\u0105, poilsio zon\u0105.<br \/>\nPRIVALUMAI:<br \/>\n\u2013 M\u016brinis 67kv.m. namas (Namo i\u0161planavimas: pirmas auk\u0161tas \u2013 3 kambariai, koridorius, virtuv\u0117, vonios ir WC patalpos (atskiros); antras auk\u0161tas \u2013 yra galimyb\u0117 \u012fsirengti 2 kambarius. R\u016bsys \u2013 kuriame \u012frengta katilin\u0117);<br \/>\n\u2013 \u0160ildymas kieto kuro katilu;<br \/>\n\u2013 Elektra 16kw;<br \/>\n\u2013 Vandentiekis vietin\u0117s (yra galimyb\u0117 prisijungti prie miesto vandentiekio);<br \/>\n&#8211; Nuotekos vietin\u0117s (yra galimyb\u0117 prisijungti prie miesto nuotek\u0173);<br \/>\n\u2013 Sklypo plotas 35a, sklypo dalis kuri ribojasi su keliu apsodinta egl\u0117mis;<br \/>\n\u2013 Patogus priva\u017eiavimas visus metus. <\/p>\n","protected":false},"featured_media":25204,"template":"","meta":{"_acf_changed":false},"product_brand":[],"product_cat":[26],"product_tag":[],"class_list":{"0":"post-25203","1":"product","2":"type-product","3":"status-publish","4":"has-post-thumbnail","6":"product_cat-namai","7":"pa_rajonas-utenos-rajonas","8":"description-off","10":"first","11":"instock","12":"shipping-taxable","13":"purchasable","14":"product-type-simple"},"acf":[],"yoast_head":"<!-- This site is optimized with the Yoast SEO plugin v27.0 - https:\/\/yoast.com\/product\/yoast-seo-wordpress\/ -->\n<title>Parduodamas namas \u0161alia Utenos, Mock\u0117n\u0173 kaime! - Namud\u0117<\/title>\n<meta name=\"robots\" content=\"index, follow, max-snippet:-1, max-image-preview:large, max-video-preview:-1\" \/>\n<link rel=\"canonical\" href=\"https:\/\/www.namude.lt\/objektas\/parduodamas-namas-salia-utenos-mockenu-kaime\/\" \/>\n<meta property=\"og:locale\" content=\"en_US\" \/>\n<meta property=\"og:type\" content=\"article\" \/>\n<meta property=\"og:title\" content=\"Parduodamas namas \u0161alia Utenos, Mock\u0117n\u0173 kaime! - Namud\u0117\" \/>\n<meta property=\"og:description\" content=\"Parduodamas jaukus gyvenamasis namas Mock\u0117n\u0173 kaime, patogioje vietoje \u2013 vos kelios minut\u0117s kelio iki Utenos miesto centro. Tai puikus pasirinkimas ie\u0161kantiems gamtos apsupties, ta\u010diau nenorintiems nutolti nuo miesto patogum\u0173. Namas \u012fsik\u016br\u0119s vaizdingoje vietoje ant kalvos, toliau nuo pagrindini\u0173 keli\u0173. Tuo pa\u010diu patogus susisiekimas leid\u017eia greitai pasiekti Utenos miest\u0105, kuriame rasite visas reikalingas paslaugas \u2013 parduotuves, mokyklas, gydymo \u012fstaigas. Erdvus sklypas suteikia daug galimybi\u0173 \u2013 galima \u012fsirengti sod\u0105, dar\u017e\u0105, poilsio zon\u0105. PRIVALUMAI: \u2013 M\u016brinis 67kv.m. namas (Namo i\u0161planavimas: pirmas auk\u0161tas \u2013 3 kambariai, koridorius, virtuv\u0117, vonios ir WC patalpos (atskiros); antras auk\u0161tas \u2013 yra galimyb\u0117 \u012fsirengti 2 kambarius. R\u016bsys \u2013 kuriame \u012frengta katilin\u0117); \u2013 \u0160ildymas kieto kuro katilu; \u2013 Elektra 16kw; \u2013 Vandentiekis vietin\u0117s (yra galimyb\u0117 prisijungti prie miesto vandentiekio); - Nuotekos vietin\u0117s (yra galimyb\u0117 prisijungti prie miesto nuotek\u0173); \u2013 Sklypo plotas 35a, sklypo dalis kuri ribojasi su keliu apsodinta egl\u0117mis; \u2013 Patogus priva\u017eiavimas visus metus.\" \/>\n<meta property=\"og:url\" content=\"https:\/\/www.namude.lt\/objektas\/parduodamas-namas-salia-utenos-mockenu-kaime\/\" \/>\n<meta property=\"og:site_name\" content=\"Namud\u0117\" \/>\n<meta property=\"article:modified_time\" content=\"2026-03-20T07:13:52+00:00\" \/>\n<meta property=\"og:image\" content=\"https:\/\/www.namude.lt\/wp-content\/uploads\/2026\/03\/1-5.jpg\" \/>\n\t<meta property=\"og:image:width\" content=\"2400\" \/>\n\t<meta property=\"og:image:height\" content=\"1800\" \/>\n\t<meta property=\"og:image:type\" content=\"image\/jpeg\" \/>\n<meta name=\"twitter:card\" content=\"summary_large_image\" \/>\n<script type=\"application\/ld+json\" class=\"yoast-schema-graph\">{\"@context\":\"https:\/\/schema.org\",\"@graph\":[{\"@type\":\"WebPage\",\"@id\":\"https:\/\/www.namude.lt\/objektas\/parduodamas-namas-salia-utenos-mockenu-kaime\/\",\"url\":\"https:\/\/www.namude.lt\/objektas\/parduodamas-namas-salia-utenos-mockenu-kaime\/\",\"name\":\"Parduodamas namas \u0161alia Utenos, Mock\u0117n\u0173 kaime! - Namud\u0117\",\"isPartOf\":{\"@id\":\"https:\/\/www.namude.lt\/#website\"},\"primaryImageOfPage\":{\"@id\":\"https:\/\/www.namude.lt\/objektas\/parduodamas-namas-salia-utenos-mockenu-kaime\/#primaryimage\"},\"image\":{\"@id\":\"https:\/\/www.namude.lt\/objektas\/parduodamas-namas-salia-utenos-mockenu-kaime\/#primaryimage\"},\"thumbnailUrl\":\"https:\/\/www.namude.lt\/wp-content\/uploads\/2026\/03\/1-5.jpg\",\"datePublished\":\"2026-03-19T14:04:55+00:00\",\"dateModified\":\"2026-03-20T07:13:52+00:00\",\"breadcrumb\":{\"@id\":\"https:\/\/www.namude.lt\/objektas\/parduodamas-namas-salia-utenos-mockenu-kaime\/#breadcrumb\"},\"inLanguage\":\"en-US\",\"potentialAction\":[{\"@type\":\"ReadAction\",\"target\":[\"https:\/\/www.namude.lt\/objektas\/parduodamas-namas-salia-utenos-mockenu-kaime\/\"]}]},{\"@type\":\"ImageObject\",\"inLanguage\":\"en-US\",\"@id\":\"https:\/\/www.namude.lt\/objektas\/parduodamas-namas-salia-utenos-mockenu-kaime\/#primaryimage\",\"url\":\"https:\/\/www.namude.lt\/wp-content\/uploads\/2026\/03\/1-5.jpg\",\"contentUrl\":\"https:\/\/www.namude.lt\/wp-content\/uploads\/2026\/03\/1-5.jpg\",\"width\":2400,\"height\":1800},{\"@type\":\"BreadcrumbList\",\"@id\":\"https:\/\/www.namude.lt\/objektas\/parduodamas-namas-salia-utenos-mockenu-kaime\/#breadcrumb\",\"itemListElement\":[{\"@type\":\"ListItem\",\"position\":1,\"name\":\"Home\",\"item\":\"https:\/\/www.namude.lt\/en\/\"},{\"@type\":\"ListItem\",\"position\":2,\"name\":\"Real estate\",\"item\":\"https:\/\/www.namude.lt\/en\/real-estate\/\"},{\"@type\":\"ListItem\",\"position\":3,\"name\":\"Parduodamas namas \u0161alia Utenos, Mock\u0117n\u0173 kaime!\"}]},{\"@type\":\"WebSite\",\"@id\":\"https:\/\/www.namude.lt\/#website\",\"url\":\"https:\/\/www.namude.lt\/\",\"name\":\"Namud\u0117\",\"description\":\"\u201eNamud\u0117\u201c \u2013 agent\u016bra, pardavin\u0117janti Auk\u0161taitijos NT grynuolius.\",\"publisher\":{\"@id\":\"https:\/\/www.namude.lt\/#organization\"},\"potentialAction\":[{\"@type\":\"SearchAction\",\"target\":{\"@type\":\"EntryPoint\",\"urlTemplate\":\"https:\/\/www.namude.lt\/?s={search_term_string}\"},\"query-input\":{\"@type\":\"PropertyValueSpecification\",\"valueRequired\":true,\"valueName\":\"search_term_string\"}}],\"inLanguage\":\"en-US\"},{\"@type\":\"Organization\",\"@id\":\"https:\/\/www.namude.lt\/#organization\",\"name\":\"Namud\u0117\",\"url\":\"https:\/\/www.namude.lt\/\",\"logo\":{\"@type\":\"ImageObject\",\"inLanguage\":\"en-US\",\"@id\":\"https:\/\/www.namude.lt\/#\/schema\/logo\/image\/\",\"url\":\"https:\/\/www.namude.lt\/wp-content\/uploads\/2023\/11\/logo-symbol.svg\",\"contentUrl\":\"https:\/\/www.namude.lt\/wp-content\/uploads\/2023\/11\/logo-symbol.svg\",\"width\":1,\"height\":1,\"caption\":\"Namud\u0117\"},\"image\":{\"@id\":\"https:\/\/www.namude.lt\/#\/schema\/logo\/image\/\"}}]}<\/script>\n<!-- \/ Yoast SEO plugin. -->","yoast_head_json":{"title":"Parduodamas namas \u0161alia Utenos, Mock\u0117n\u0173 kaime! - Namud\u0117","robots":{"index":"index","follow":"follow","max-snippet":"max-snippet:-1","max-image-preview":"max-image-preview:large","max-video-preview":"max-video-preview:-1"},"canonical":"https:\/\/www.namude.lt\/objektas\/parduodamas-namas-salia-utenos-mockenu-kaime\/","og_locale":"en_US","og_type":"article","og_title":"Parduodamas namas \u0161alia Utenos, Mock\u0117n\u0173 kaime! - Namud\u0117","og_description":"Parduodamas jaukus gyvenamasis namas Mock\u0117n\u0173 kaime, patogioje vietoje \u2013 vos kelios minut\u0117s kelio iki Utenos miesto centro. Tai puikus pasirinkimas ie\u0161kantiems gamtos apsupties, ta\u010diau nenorintiems nutolti nuo miesto patogum\u0173. Namas \u012fsik\u016br\u0119s vaizdingoje vietoje ant kalvos, toliau nuo pagrindini\u0173 keli\u0173. Tuo pa\u010diu patogus susisiekimas leid\u017eia greitai pasiekti Utenos miest\u0105, kuriame rasite visas reikalingas paslaugas \u2013 parduotuves, mokyklas, gydymo \u012fstaigas. Erdvus sklypas suteikia daug galimybi\u0173 \u2013 galima \u012fsirengti sod\u0105, dar\u017e\u0105, poilsio zon\u0105. PRIVALUMAI: \u2013 M\u016brinis 67kv.m. namas (Namo i\u0161planavimas: pirmas auk\u0161tas \u2013 3 kambariai, koridorius, virtuv\u0117, vonios ir WC patalpos (atskiros); antras auk\u0161tas \u2013 yra galimyb\u0117 \u012fsirengti 2 kambarius. R\u016bsys \u2013 kuriame \u012frengta katilin\u0117); \u2013 \u0160ildymas kieto kuro katilu; \u2013 Elektra 16kw; \u2013 Vandentiekis vietin\u0117s (yra galimyb\u0117 prisijungti prie miesto vandentiekio); - Nuotekos vietin\u0117s (yra galimyb\u0117 prisijungti prie miesto nuotek\u0173); \u2013 Sklypo plotas 35a, sklypo dalis kuri ribojasi su keliu apsodinta egl\u0117mis; \u2013 Patogus priva\u017eiavimas visus metus.","og_url":"https:\/\/www.namude.lt\/objektas\/parduodamas-namas-salia-utenos-mockenu-kaime\/","og_site_name":"Namud\u0117","article_modified_time":"2026-03-20T07:13:52+00:00","og_image":[{"width":2400,"height":1800,"url":"https:\/\/www.namude.lt\/wp-content\/uploads\/2026\/03\/1-5.jpg","type":"image\/jpeg"}],"twitter_card":"summary_large_image","schema":{"@context":"https:\/\/schema.org","@graph":[{"@type":"WebPage","@id":"https:\/\/www.namude.lt\/objektas\/parduodamas-namas-salia-utenos-mockenu-kaime\/","url":"https:\/\/www.namude.lt\/objektas\/parduodamas-namas-salia-utenos-mockenu-kaime\/","name":"Parduodamas namas \u0161alia Utenos, Mock\u0117n\u0173 kaime! - Namud\u0117","isPartOf":{"@id":"https:\/\/www.namude.lt\/#website"},"primaryImageOfPage":{"@id":"https:\/\/www.namude.lt\/objektas\/parduodamas-namas-salia-utenos-mockenu-kaime\/#primaryimage"},"image":{"@id":"https:\/\/www.namude.lt\/objektas\/parduodamas-namas-salia-utenos-mockenu-kaime\/#primaryimage"},"thumbnailUrl":"https:\/\/www.namude.lt\/wp-content\/uploads\/2026\/03\/1-5.jpg","datePublished":"2026-03-19T14:04:55+00:00","dateModified":"2026-03-20T07:13:52+00:00","breadcrumb":{"@id":"https:\/\/www.namude.lt\/objektas\/parduodamas-namas-salia-utenos-mockenu-kaime\/#breadcrumb"},"inLanguage":"en-US","potentialAction":[{"@type":"ReadAction","target":["https:\/\/www.namude.lt\/objektas\/parduodamas-namas-salia-utenos-mockenu-kaime\/"]}]},{"@type":"ImageObject","inLanguage":"en-US","@id":"https:\/\/www.namude.lt\/objektas\/parduodamas-namas-salia-utenos-mockenu-kaime\/#primaryimage","url":"https:\/\/www.namude.lt\/wp-content\/uploads\/2026\/03\/1-5.jpg","contentUrl":"https:\/\/www.namude.lt\/wp-content\/uploads\/2026\/03\/1-5.jpg","width":2400,"height":1800},{"@type":"BreadcrumbList","@id":"https:\/\/www.namude.lt\/objektas\/parduodamas-namas-salia-utenos-mockenu-kaime\/#breadcrumb","itemListElement":[{"@type":"ListItem","position":1,"name":"Home","item":"https:\/\/www.namude.lt\/en\/"},{"@type":"ListItem","position":2,"name":"Real estate","item":"https:\/\/www.namude.lt\/en\/real-estate\/"},{"@type":"ListItem","position":3,"name":"Parduodamas namas \u0161alia Utenos, Mock\u0117n\u0173 kaime!"}]},{"@type":"WebSite","@id":"https:\/\/www.namude.lt\/#website","url":"https:\/\/www.namude.lt\/","name":"Namud\u0117","description":"\u201eNamud\u0117\u201c \u2013 agent\u016bra, pardavin\u0117janti Auk\u0161taitijos NT grynuolius.","publisher":{"@id":"https:\/\/www.namude.lt\/#organization"},"potentialAction":[{"@type":"SearchAction","target":{"@type":"EntryPoint","urlTemplate":"https:\/\/www.namude.lt\/?s={search_term_string}"},"query-input":{"@type":"PropertyValueSpecification","valueRequired":true,"valueName":"search_term_string"}}],"inLanguage":"en-US"},{"@type":"Organization","@id":"https:\/\/www.namude.lt\/#organization","name":"Namud\u0117","url":"https:\/\/www.namude.lt\/","logo":{"@type":"ImageObject","inLanguage":"en-US","@id":"https:\/\/www.namude.lt\/#\/schema\/logo\/image\/","url":"https:\/\/www.namude.lt\/wp-content\/uploads\/2023\/11\/logo-symbol.svg","contentUrl":"https:\/\/www.namude.lt\/wp-content\/uploads\/2023\/11\/logo-symbol.svg","width":1,"height":1,"caption":"Namud\u0117"},"image":{"@id":"https:\/\/www.namude.lt\/#\/schema\/logo\/image\/"}}]}},"_links":{"self":[{"href":"https:\/\/www.namude.lt\/en\/wp-json\/wp\/v2\/product\/25203","targetHints":{"allow":["GET"]}}],"collection":[{"href":"https:\/\/www.namude.lt\/en\/wp-json\/wp\/v2\/product"}],"about":[{"href":"https:\/\/www.namude.lt\/en\/wp-json\/wp\/v2\/types\/product"}],"wp:featuredmedia":[{"embeddable":true,"href":"https:\/\/www.namude.lt\/en\/wp-json\/wp\/v2\/media\/25204"}],"wp:attachment":[{"href":"https:\/\/www.namude.lt\/en\/wp-json\/wp\/v2\/media?parent=25203"}],"wp:term":[{"taxonomy":"product_brand","embeddable":true,"href":"https:\/\/www.namude.lt\/en\/wp-json\/wp\/v2\/product_brand?post=25203"},{"taxonomy":"product_cat","embeddable":true,"href":"https:\/\/www.namude.lt\/en\/wp-json\/wp\/v2\/product_cat?post=25203"},{"taxonomy":"product_tag","embeddable":true,"href":"https:\/\/www.namude.lt\/en\/wp-json\/wp\/v2\/product_tag?post=25203"}],"curies":[{"name":"wp","href":"https:\/\/api.w.org\/{rel}","templated":true}]}}