{"id":24976,"date":"2026-03-09T16:31:48","date_gmt":"2026-03-09T14:31:48","guid":{"rendered":"https:\/\/www.namude.lt\/?post_type=product&#038;p=24976"},"modified":"2026-04-04T10:51:30","modified_gmt":"2026-04-04T07:51:30","slug":"parduodamas-gyvenamasis-namas-troskunuose","status":"publish","type":"product","link":"https:\/\/www.namude.lt\/en\/object\/parduodamas-gyvenamasis-namas-troskunuose\/","title":{"rendered":"Parduodamas gyvenamasis namas Tro\u0161k\u016bnuose"},"content":{"rendered":"","protected":false},"excerpt":{"rendered":"<p>Parduodamas gyvenamasis namas su 20 ar\u0173 sklypu adresu Sod\u0173 g. 16, Tro\u0161k\u016bnai, Anyk\u0161\u010di\u0173 r. Namas yra patogioje miestelio dalyje, galinis sklypas. Tro\u0161k\u016bnuose veikia pagrindin\u0117s gyvenimui reikalingos \u012fstaigos: Tro\u0161k\u016bn\u0173 Kazio In\u010di\u016bros gimnazija, vaik\u0173 ugdymo grup\u0117s, biblioteka ir kult\u016bros centras, medicinos punktas, parduotuv\u0117s, pa\u0161tas.<br \/>\nPRIVALUMAI:<br \/>\n\u2013 R\u0105stinis 81kv.m vieno auk\u0161to namas (3 kambariai, virtuv\u0117, holas, r\u016bsys)<br \/>\n\u2013 \u016akiniai pastatai;<br \/>\n\u2013 Sklypo plotas 20a;<br \/>\n\u2013 Patogus priva\u017eiavimas visus metus. Iki Anyk\u0161\u010di\u0173 16km, Panev\u0117\u017eys ir Kupi\u0161kis 42km, Ukmerg\u0117 51km, Utena 58km, Vilniaus ir Kauno 120km.<\/p>\n","protected":false},"featured_media":26063,"template":"","meta":{"_acf_changed":false},"product_brand":[],"product_cat":[26],"product_tag":[],"class_list":{"0":"post-24976","1":"product","2":"type-product","3":"status-publish","4":"has-post-thumbnail","6":"product_cat-namai","7":"pa_rajonas-anyksciu-rajonas","8":"description-off","10":"first","11":"instock","12":"shipping-taxable","13":"purchasable","14":"product-type-simple"},"acf":[],"yoast_head":"<!-- This site is optimized with the Yoast SEO plugin v27.0 - https:\/\/yoast.com\/product\/yoast-seo-wordpress\/ -->\n<title>Parduodamas gyvenamasis namas Tro\u0161k\u016bnuose - Namud\u0117<\/title>\n<meta name=\"robots\" content=\"index, follow, max-snippet:-1, max-image-preview:large, max-video-preview:-1\" \/>\n<link rel=\"canonical\" href=\"https:\/\/www.namude.lt\/objektas\/parduodamas-gyvenamasis-namas-troskunuose\/\" \/>\n<meta property=\"og:locale\" content=\"en_US\" \/>\n<meta property=\"og:type\" content=\"article\" \/>\n<meta property=\"og:title\" content=\"Parduodamas gyvenamasis namas Tro\u0161k\u016bnuose - Namud\u0117\" \/>\n<meta property=\"og:description\" content=\"Parduodamas gyvenamasis namas su 20 ar\u0173 sklypu adresu Sod\u0173 g. 16, Tro\u0161k\u016bnai, Anyk\u0161\u010di\u0173 r. Namas yra patogioje miestelio dalyje, galinis sklypas. Tro\u0161k\u016bnuose veikia pagrindin\u0117s gyvenimui reikalingos \u012fstaigos: Tro\u0161k\u016bn\u0173 Kazio In\u010di\u016bros gimnazija, vaik\u0173 ugdymo grup\u0117s, biblioteka ir kult\u016bros centras, medicinos punktas, parduotuv\u0117s, pa\u0161tas. PRIVALUMAI: \u2013 R\u0105stinis 81kv.m vieno auk\u0161to namas (3 kambariai, virtuv\u0117, holas, r\u016bsys) \u2013 \u016akiniai pastatai; \u2013 Sklypo plotas 20a; \u2013 Patogus priva\u017eiavimas visus metus. Iki Anyk\u0161\u010di\u0173 16km, Panev\u0117\u017eys ir Kupi\u0161kis 42km, Ukmerg\u0117 51km, Utena 58km, Vilniaus ir Kauno 120km.\" \/>\n<meta property=\"og:url\" content=\"https:\/\/www.namude.lt\/objektas\/parduodamas-gyvenamasis-namas-troskunuose\/\" \/>\n<meta property=\"og:site_name\" content=\"Namud\u0117\" \/>\n<meta property=\"article:modified_time\" content=\"2026-04-04T07:51:30+00:00\" \/>\n<meta property=\"og:image\" content=\"https:\/\/www.namude.lt\/wp-content\/uploads\/2026\/03\/1-20.jpg\" \/>\n\t<meta property=\"og:image:width\" content=\"2400\" \/>\n\t<meta property=\"og:image:height\" content=\"1800\" \/>\n\t<meta property=\"og:image:type\" content=\"image\/jpeg\" \/>\n<meta name=\"twitter:card\" content=\"summary_large_image\" \/>\n<script type=\"application\/ld+json\" class=\"yoast-schema-graph\">{\"@context\":\"https:\/\/schema.org\",\"@graph\":[{\"@type\":\"WebPage\",\"@id\":\"https:\/\/www.namude.lt\/objektas\/parduodamas-gyvenamasis-namas-troskunuose\/\",\"url\":\"https:\/\/www.namude.lt\/objektas\/parduodamas-gyvenamasis-namas-troskunuose\/\",\"name\":\"Parduodamas gyvenamasis namas Tro\u0161k\u016bnuose - Namud\u0117\",\"isPartOf\":{\"@id\":\"https:\/\/www.namude.lt\/#website\"},\"primaryImageOfPage\":{\"@id\":\"https:\/\/www.namude.lt\/objektas\/parduodamas-gyvenamasis-namas-troskunuose\/#primaryimage\"},\"image\":{\"@id\":\"https:\/\/www.namude.lt\/objektas\/parduodamas-gyvenamasis-namas-troskunuose\/#primaryimage\"},\"thumbnailUrl\":\"https:\/\/www.namude.lt\/wp-content\/uploads\/2026\/03\/1-20.jpg\",\"datePublished\":\"2026-03-09T14:31:48+00:00\",\"dateModified\":\"2026-04-04T07:51:30+00:00\",\"breadcrumb\":{\"@id\":\"https:\/\/www.namude.lt\/objektas\/parduodamas-gyvenamasis-namas-troskunuose\/#breadcrumb\"},\"inLanguage\":\"en-US\",\"potentialAction\":[{\"@type\":\"ReadAction\",\"target\":[\"https:\/\/www.namude.lt\/objektas\/parduodamas-gyvenamasis-namas-troskunuose\/\"]}]},{\"@type\":\"ImageObject\",\"inLanguage\":\"en-US\",\"@id\":\"https:\/\/www.namude.lt\/objektas\/parduodamas-gyvenamasis-namas-troskunuose\/#primaryimage\",\"url\":\"https:\/\/www.namude.lt\/wp-content\/uploads\/2026\/03\/1-20.jpg\",\"contentUrl\":\"https:\/\/www.namude.lt\/wp-content\/uploads\/2026\/03\/1-20.jpg\",\"width\":2400,\"height\":1800},{\"@type\":\"BreadcrumbList\",\"@id\":\"https:\/\/www.namude.lt\/objektas\/parduodamas-gyvenamasis-namas-troskunuose\/#breadcrumb\",\"itemListElement\":[{\"@type\":\"ListItem\",\"position\":1,\"name\":\"Home\",\"item\":\"https:\/\/www.namude.lt\/en\/\"},{\"@type\":\"ListItem\",\"position\":2,\"name\":\"Real estate\",\"item\":\"https:\/\/www.namude.lt\/en\/real-estate\/\"},{\"@type\":\"ListItem\",\"position\":3,\"name\":\"Parduodamas gyvenamasis namas Tro\u0161k\u016bnuose\"}]},{\"@type\":\"WebSite\",\"@id\":\"https:\/\/www.namude.lt\/#website\",\"url\":\"https:\/\/www.namude.lt\/\",\"name\":\"Namud\u0117\",\"description\":\"\u201eNamud\u0117\u201c \u2013 agent\u016bra, pardavin\u0117janti Auk\u0161taitijos NT grynuolius.\",\"publisher\":{\"@id\":\"https:\/\/www.namude.lt\/#organization\"},\"potentialAction\":[{\"@type\":\"SearchAction\",\"target\":{\"@type\":\"EntryPoint\",\"urlTemplate\":\"https:\/\/www.namude.lt\/?s={search_term_string}\"},\"query-input\":{\"@type\":\"PropertyValueSpecification\",\"valueRequired\":true,\"valueName\":\"search_term_string\"}}],\"inLanguage\":\"en-US\"},{\"@type\":\"Organization\",\"@id\":\"https:\/\/www.namude.lt\/#organization\",\"name\":\"Namud\u0117\",\"url\":\"https:\/\/www.namude.lt\/\",\"logo\":{\"@type\":\"ImageObject\",\"inLanguage\":\"en-US\",\"@id\":\"https:\/\/www.namude.lt\/#\/schema\/logo\/image\/\",\"url\":\"https:\/\/www.namude.lt\/wp-content\/uploads\/2023\/11\/logo-symbol.svg\",\"contentUrl\":\"https:\/\/www.namude.lt\/wp-content\/uploads\/2023\/11\/logo-symbol.svg\",\"width\":1,\"height\":1,\"caption\":\"Namud\u0117\"},\"image\":{\"@id\":\"https:\/\/www.namude.lt\/#\/schema\/logo\/image\/\"}}]}<\/script>\n<!-- \/ Yoast SEO plugin. -->","yoast_head_json":{"title":"Parduodamas gyvenamasis namas Tro\u0161k\u016bnuose - Namud\u0117","robots":{"index":"index","follow":"follow","max-snippet":"max-snippet:-1","max-image-preview":"max-image-preview:large","max-video-preview":"max-video-preview:-1"},"canonical":"https:\/\/www.namude.lt\/objektas\/parduodamas-gyvenamasis-namas-troskunuose\/","og_locale":"en_US","og_type":"article","og_title":"Parduodamas gyvenamasis namas Tro\u0161k\u016bnuose - Namud\u0117","og_description":"Parduodamas gyvenamasis namas su 20 ar\u0173 sklypu adresu Sod\u0173 g. 16, Tro\u0161k\u016bnai, Anyk\u0161\u010di\u0173 r. Namas yra patogioje miestelio dalyje, galinis sklypas. Tro\u0161k\u016bnuose veikia pagrindin\u0117s gyvenimui reikalingos \u012fstaigos: Tro\u0161k\u016bn\u0173 Kazio In\u010di\u016bros gimnazija, vaik\u0173 ugdymo grup\u0117s, biblioteka ir kult\u016bros centras, medicinos punktas, parduotuv\u0117s, pa\u0161tas. PRIVALUMAI: \u2013 R\u0105stinis 81kv.m vieno auk\u0161to namas (3 kambariai, virtuv\u0117, holas, r\u016bsys) \u2013 \u016akiniai pastatai; \u2013 Sklypo plotas 20a; \u2013 Patogus priva\u017eiavimas visus metus. Iki Anyk\u0161\u010di\u0173 16km, Panev\u0117\u017eys ir Kupi\u0161kis 42km, Ukmerg\u0117 51km, Utena 58km, Vilniaus ir Kauno 120km.","og_url":"https:\/\/www.namude.lt\/objektas\/parduodamas-gyvenamasis-namas-troskunuose\/","og_site_name":"Namud\u0117","article_modified_time":"2026-04-04T07:51:30+00:00","og_image":[{"width":2400,"height":1800,"url":"https:\/\/www.namude.lt\/wp-content\/uploads\/2026\/03\/1-20.jpg","type":"image\/jpeg"}],"twitter_card":"summary_large_image","schema":{"@context":"https:\/\/schema.org","@graph":[{"@type":"WebPage","@id":"https:\/\/www.namude.lt\/objektas\/parduodamas-gyvenamasis-namas-troskunuose\/","url":"https:\/\/www.namude.lt\/objektas\/parduodamas-gyvenamasis-namas-troskunuose\/","name":"Parduodamas gyvenamasis namas Tro\u0161k\u016bnuose - Namud\u0117","isPartOf":{"@id":"https:\/\/www.namude.lt\/#website"},"primaryImageOfPage":{"@id":"https:\/\/www.namude.lt\/objektas\/parduodamas-gyvenamasis-namas-troskunuose\/#primaryimage"},"image":{"@id":"https:\/\/www.namude.lt\/objektas\/parduodamas-gyvenamasis-namas-troskunuose\/#primaryimage"},"thumbnailUrl":"https:\/\/www.namude.lt\/wp-content\/uploads\/2026\/03\/1-20.jpg","datePublished":"2026-03-09T14:31:48+00:00","dateModified":"2026-04-04T07:51:30+00:00","breadcrumb":{"@id":"https:\/\/www.namude.lt\/objektas\/parduodamas-gyvenamasis-namas-troskunuose\/#breadcrumb"},"inLanguage":"en-US","potentialAction":[{"@type":"ReadAction","target":["https:\/\/www.namude.lt\/objektas\/parduodamas-gyvenamasis-namas-troskunuose\/"]}]},{"@type":"ImageObject","inLanguage":"en-US","@id":"https:\/\/www.namude.lt\/objektas\/parduodamas-gyvenamasis-namas-troskunuose\/#primaryimage","url":"https:\/\/www.namude.lt\/wp-content\/uploads\/2026\/03\/1-20.jpg","contentUrl":"https:\/\/www.namude.lt\/wp-content\/uploads\/2026\/03\/1-20.jpg","width":2400,"height":1800},{"@type":"BreadcrumbList","@id":"https:\/\/www.namude.lt\/objektas\/parduodamas-gyvenamasis-namas-troskunuose\/#breadcrumb","itemListElement":[{"@type":"ListItem","position":1,"name":"Home","item":"https:\/\/www.namude.lt\/en\/"},{"@type":"ListItem","position":2,"name":"Real estate","item":"https:\/\/www.namude.lt\/en\/real-estate\/"},{"@type":"ListItem","position":3,"name":"Parduodamas gyvenamasis namas Tro\u0161k\u016bnuose"}]},{"@type":"WebSite","@id":"https:\/\/www.namude.lt\/#website","url":"https:\/\/www.namude.lt\/","name":"Namud\u0117","description":"\u201eNamud\u0117\u201c \u2013 agent\u016bra, pardavin\u0117janti Auk\u0161taitijos NT grynuolius.","publisher":{"@id":"https:\/\/www.namude.lt\/#organization"},"potentialAction":[{"@type":"SearchAction","target":{"@type":"EntryPoint","urlTemplate":"https:\/\/www.namude.lt\/?s={search_term_string}"},"query-input":{"@type":"PropertyValueSpecification","valueRequired":true,"valueName":"search_term_string"}}],"inLanguage":"en-US"},{"@type":"Organization","@id":"https:\/\/www.namude.lt\/#organization","name":"Namud\u0117","url":"https:\/\/www.namude.lt\/","logo":{"@type":"ImageObject","inLanguage":"en-US","@id":"https:\/\/www.namude.lt\/#\/schema\/logo\/image\/","url":"https:\/\/www.namude.lt\/wp-content\/uploads\/2023\/11\/logo-symbol.svg","contentUrl":"https:\/\/www.namude.lt\/wp-content\/uploads\/2023\/11\/logo-symbol.svg","width":1,"height":1,"caption":"Namud\u0117"},"image":{"@id":"https:\/\/www.namude.lt\/#\/schema\/logo\/image\/"}}]}},"_links":{"self":[{"href":"https:\/\/www.namude.lt\/en\/wp-json\/wp\/v2\/product\/24976","targetHints":{"allow":["GET"]}}],"collection":[{"href":"https:\/\/www.namude.lt\/en\/wp-json\/wp\/v2\/product"}],"about":[{"href":"https:\/\/www.namude.lt\/en\/wp-json\/wp\/v2\/types\/product"}],"wp:featuredmedia":[{"embeddable":true,"href":"https:\/\/www.namude.lt\/en\/wp-json\/wp\/v2\/media\/26063"}],"wp:attachment":[{"href":"https:\/\/www.namude.lt\/en\/wp-json\/wp\/v2\/media?parent=24976"}],"wp:term":[{"taxonomy":"product_brand","embeddable":true,"href":"https:\/\/www.namude.lt\/en\/wp-json\/wp\/v2\/product_brand?post=24976"},{"taxonomy":"product_cat","embeddable":true,"href":"https:\/\/www.namude.lt\/en\/wp-json\/wp\/v2\/product_cat?post=24976"},{"taxonomy":"product_tag","embeddable":true,"href":"https:\/\/www.namude.lt\/en\/wp-json\/wp\/v2\/product_tag?post=24976"}],"curies":[{"name":"wp","href":"https:\/\/api.w.org\/{rel}","templated":true}]}}