{"id":24881,"date":"2026-03-03T09:36:40","date_gmt":"2026-03-03T07:36:40","guid":{"rendered":"https:\/\/www.namude.lt\/?post_type=product&#038;p=24881"},"modified":"2026-03-03T09:36:40","modified_gmt":"2026-03-03T07:36:40","slug":"parduodamas-2-kambariu-butas-noriunuose-kupiskio-rajone","status":"publish","type":"product","link":"https:\/\/www.namude.lt\/en\/object\/parduodamas-2-kambariu-butas-noriunuose-kupiskio-rajone\/","title":{"rendered":"Parduodamas 2 kambari\u0173 butas Nori\u016bnuose, Kupi\u0161kio rajone!"},"content":{"rendered":"","protected":false},"excerpt":{"rendered":"<p><strong>Butas \u012fsik\u016br\u0119s Nori\u016bnuose, vos 8 km nuo Kupi\u0161kio.<\/strong><a href=\"http:\/\/namude.lt\/kategorija\/butai\/?filter_rajonas=kiti-rajonai&#038;query_type_rajonas=or\"><\/a> Gyvenviet\u0117 yra vaizdingoje vietoje \u2013 prie L\u0117vens up\u0117s, priklauso L\u0117vens kra\u0161tovaizd\u017eio draustinio teritorijai.<br \/>\n\u0160viesus ir erdvus 2 kambari\u0173 butas 1 auk\u0161te i\u0161 3. Butas naujai suremontuotas \u2013 \u012frengtas \u0161iuolaiki\u0161kai, tvarkingas ir jaukus, nereikalaujantis papildom\u0173 investicij\u0173.<br \/>\nPatogus i\u0161planavimas, \u0161vies\u016bs kambariai, jauki atmosfera. Puikus pasirinkimas tiek gyvenimui, tiek investicijai nuomai. Veikia Jono \u010cerniaus pagrindin\u0117 mokykla, medicinos punktas, pa\u0161tas, kult\u016bros namai, biblioteka.<\/p>\n<p>PRIVALUMAI:<br \/>\n\u2013 Butas 46kv. m. 1auk\u0161tas \u2013 ( 2 kambariai: svetain\u0117 sujungta su virtuve ir miegamasis)<br \/>\n\u2013 Du\u0161o ir tualeto patalpa;<br \/>\n&#8211; Centrinis \u0161ildymas ;<br \/>\n&#8211; Automobilio statymo vieta;<br \/>\n&#8211; Iki Nori\u016bn\u0173 tvenkinio apie 300m; u\u017e 500 m. teka up\u0117 L\u0117vuo;<br \/>\n\u2013 Atstumai iki Kupi\u0161kio 8km, Panev\u0117\u017eys  40km, Bir\u017eai 57km, Anyk\u0161\u010diai 50km, Utena 60km, Vilniaus ir Kauno apie 150 km.<\/p>\n<p>Koordinat\u0117s :maps.lt \u2013 55.802197, 24.892698<br \/>\nD\u0117l i\u0161samesn\u0117s informacijos ar ap\u017ei\u016bros susisiekite ir mes visk\u0105 Jums papasakosime.<\/p>\n","protected":false},"featured_media":24882,"template":"","meta":{"_acf_changed":false},"product_brand":[],"product_cat":[27],"product_tag":[],"class_list":{"0":"post-24881","1":"product","2":"type-product","3":"status-publish","4":"has-post-thumbnail","6":"product_cat-butai","7":"pa_rajonas-kiti-rajonai","8":"description-off","10":"first","11":"instock","12":"shipping-taxable","13":"purchasable","14":"product-type-simple"},"acf":[],"yoast_head":"<!-- This site is optimized with the Yoast SEO plugin v27.0 - https:\/\/yoast.com\/product\/yoast-seo-wordpress\/ -->\n<title>Parduodamas 2 kambari\u0173 butas Nori\u016bnuose, Kupi\u0161kio rajone! - Namud\u0117<\/title>\n<meta name=\"robots\" content=\"index, follow, max-snippet:-1, max-image-preview:large, max-video-preview:-1\" \/>\n<link rel=\"canonical\" href=\"https:\/\/www.namude.lt\/objektas\/parduodamas-2-kambariu-butas-noriunuose-kupiskio-rajone\/\" \/>\n<meta property=\"og:locale\" content=\"en_US\" \/>\n<meta property=\"og:type\" content=\"article\" \/>\n<meta property=\"og:title\" content=\"Parduodamas 2 kambari\u0173 butas Nori\u016bnuose, Kupi\u0161kio rajone! - Namud\u0117\" \/>\n<meta property=\"og:description\" content=\"Butas \u012fsik\u016br\u0119s Nori\u016bnuose, vos 8 km nuo Kupi\u0161kio. Gyvenviet\u0117 yra vaizdingoje vietoje \u2013 prie L\u0117vens up\u0117s, priklauso L\u0117vens kra\u0161tovaizd\u017eio draustinio teritorijai. \u0160viesus ir erdvus 2 kambari\u0173 butas 1 auk\u0161te i\u0161 3. Butas naujai suremontuotas \u2013 \u012frengtas \u0161iuolaiki\u0161kai, tvarkingas ir jaukus, nereikalaujantis papildom\u0173 investicij\u0173. Patogus i\u0161planavimas, \u0161vies\u016bs kambariai, jauki atmosfera. Puikus pasirinkimas tiek gyvenimui, tiek investicijai nuomai. Veikia Jono \u010cerniaus pagrindin\u0117 mokykla, medicinos punktas, pa\u0161tas, kult\u016bros namai, biblioteka.  PRIVALUMAI: \u2013 Butas 46kv. m. 1auk\u0161tas \u2013 ( 2 kambariai: svetain\u0117 sujungta su virtuve ir miegamasis) \u2013 Du\u0161o ir tualeto patalpa; - Centrinis \u0161ildymas ; - Automobilio statymo vieta; - Iki Nori\u016bn\u0173 tvenkinio apie 300m; u\u017e 500 m. teka up\u0117 L\u0117vuo; \u2013 Atstumai iki Kupi\u0161kio 8km, Panev\u0117\u017eys 40km, Bir\u017eai 57km, Anyk\u0161\u010diai 50km, Utena 60km, Vilniaus ir Kauno apie 150 km.  Koordinat\u0117s :maps.lt \u2013 55.802197, 24.892698 D\u0117l i\u0161samesn\u0117s informacijos ar ap\u017ei\u016bros susisiekite ir mes visk\u0105 Jums papasakosime.\" \/>\n<meta property=\"og:url\" content=\"https:\/\/www.namude.lt\/objektas\/parduodamas-2-kambariu-butas-noriunuose-kupiskio-rajone\/\" \/>\n<meta property=\"og:site_name\" content=\"Namud\u0117\" \/>\n<meta property=\"og:image\" content=\"https:\/\/www.namude.lt\/wp-content\/uploads\/2026\/03\/1.jpg\" \/>\n\t<meta property=\"og:image:width\" content=\"2400\" \/>\n\t<meta property=\"og:image:height\" content=\"1800\" \/>\n\t<meta property=\"og:image:type\" content=\"image\/jpeg\" \/>\n<meta name=\"twitter:card\" content=\"summary_large_image\" \/>\n<script type=\"application\/ld+json\" class=\"yoast-schema-graph\">{\"@context\":\"https:\/\/schema.org\",\"@graph\":[{\"@type\":\"WebPage\",\"@id\":\"https:\/\/www.namude.lt\/objektas\/parduodamas-2-kambariu-butas-noriunuose-kupiskio-rajone\/\",\"url\":\"https:\/\/www.namude.lt\/objektas\/parduodamas-2-kambariu-butas-noriunuose-kupiskio-rajone\/\",\"name\":\"Parduodamas 2 kambari\u0173 butas Nori\u016bnuose, Kupi\u0161kio rajone! - Namud\u0117\",\"isPartOf\":{\"@id\":\"https:\/\/www.namude.lt\/#website\"},\"primaryImageOfPage\":{\"@id\":\"https:\/\/www.namude.lt\/objektas\/parduodamas-2-kambariu-butas-noriunuose-kupiskio-rajone\/#primaryimage\"},\"image\":{\"@id\":\"https:\/\/www.namude.lt\/objektas\/parduodamas-2-kambariu-butas-noriunuose-kupiskio-rajone\/#primaryimage\"},\"thumbnailUrl\":\"https:\/\/www.namude.lt\/wp-content\/uploads\/2026\/03\/1.jpg\",\"datePublished\":\"2026-03-03T07:36:40+00:00\",\"breadcrumb\":{\"@id\":\"https:\/\/www.namude.lt\/objektas\/parduodamas-2-kambariu-butas-noriunuose-kupiskio-rajone\/#breadcrumb\"},\"inLanguage\":\"en-US\",\"potentialAction\":[{\"@type\":\"ReadAction\",\"target\":[\"https:\/\/www.namude.lt\/objektas\/parduodamas-2-kambariu-butas-noriunuose-kupiskio-rajone\/\"]}]},{\"@type\":\"ImageObject\",\"inLanguage\":\"en-US\",\"@id\":\"https:\/\/www.namude.lt\/objektas\/parduodamas-2-kambariu-butas-noriunuose-kupiskio-rajone\/#primaryimage\",\"url\":\"https:\/\/www.namude.lt\/wp-content\/uploads\/2026\/03\/1.jpg\",\"contentUrl\":\"https:\/\/www.namude.lt\/wp-content\/uploads\/2026\/03\/1.jpg\",\"width\":2400,\"height\":1800},{\"@type\":\"BreadcrumbList\",\"@id\":\"https:\/\/www.namude.lt\/objektas\/parduodamas-2-kambariu-butas-noriunuose-kupiskio-rajone\/#breadcrumb\",\"itemListElement\":[{\"@type\":\"ListItem\",\"position\":1,\"name\":\"Home\",\"item\":\"https:\/\/www.namude.lt\/en\/\"},{\"@type\":\"ListItem\",\"position\":2,\"name\":\"Real estate\",\"item\":\"https:\/\/www.namude.lt\/en\/real-estate\/\"},{\"@type\":\"ListItem\",\"position\":3,\"name\":\"Parduodamas 2 kambari\u0173 butas Nori\u016bnuose, Kupi\u0161kio rajone!\"}]},{\"@type\":\"WebSite\",\"@id\":\"https:\/\/www.namude.lt\/#website\",\"url\":\"https:\/\/www.namude.lt\/\",\"name\":\"Namud\u0117\",\"description\":\"\u201eNamud\u0117\u201c \u2013 agent\u016bra, pardavin\u0117janti Auk\u0161taitijos NT grynuolius.\",\"publisher\":{\"@id\":\"https:\/\/www.namude.lt\/#organization\"},\"potentialAction\":[{\"@type\":\"SearchAction\",\"target\":{\"@type\":\"EntryPoint\",\"urlTemplate\":\"https:\/\/www.namude.lt\/?s={search_term_string}\"},\"query-input\":{\"@type\":\"PropertyValueSpecification\",\"valueRequired\":true,\"valueName\":\"search_term_string\"}}],\"inLanguage\":\"en-US\"},{\"@type\":\"Organization\",\"@id\":\"https:\/\/www.namude.lt\/#organization\",\"name\":\"Namud\u0117\",\"url\":\"https:\/\/www.namude.lt\/\",\"logo\":{\"@type\":\"ImageObject\",\"inLanguage\":\"en-US\",\"@id\":\"https:\/\/www.namude.lt\/#\/schema\/logo\/image\/\",\"url\":\"https:\/\/www.namude.lt\/wp-content\/uploads\/2023\/11\/logo-symbol.svg\",\"contentUrl\":\"https:\/\/www.namude.lt\/wp-content\/uploads\/2023\/11\/logo-symbol.svg\",\"width\":1,\"height\":1,\"caption\":\"Namud\u0117\"},\"image\":{\"@id\":\"https:\/\/www.namude.lt\/#\/schema\/logo\/image\/\"}}]}<\/script>\n<!-- \/ Yoast SEO plugin. -->","yoast_head_json":{"title":"Parduodamas 2 kambari\u0173 butas Nori\u016bnuose, Kupi\u0161kio rajone! - Namud\u0117","robots":{"index":"index","follow":"follow","max-snippet":"max-snippet:-1","max-image-preview":"max-image-preview:large","max-video-preview":"max-video-preview:-1"},"canonical":"https:\/\/www.namude.lt\/objektas\/parduodamas-2-kambariu-butas-noriunuose-kupiskio-rajone\/","og_locale":"en_US","og_type":"article","og_title":"Parduodamas 2 kambari\u0173 butas Nori\u016bnuose, Kupi\u0161kio rajone! - Namud\u0117","og_description":"Butas \u012fsik\u016br\u0119s Nori\u016bnuose, vos 8 km nuo Kupi\u0161kio. Gyvenviet\u0117 yra vaizdingoje vietoje \u2013 prie L\u0117vens up\u0117s, priklauso L\u0117vens kra\u0161tovaizd\u017eio draustinio teritorijai. \u0160viesus ir erdvus 2 kambari\u0173 butas 1 auk\u0161te i\u0161 3. Butas naujai suremontuotas \u2013 \u012frengtas \u0161iuolaiki\u0161kai, tvarkingas ir jaukus, nereikalaujantis papildom\u0173 investicij\u0173. Patogus i\u0161planavimas, \u0161vies\u016bs kambariai, jauki atmosfera. Puikus pasirinkimas tiek gyvenimui, tiek investicijai nuomai. Veikia Jono \u010cerniaus pagrindin\u0117 mokykla, medicinos punktas, pa\u0161tas, kult\u016bros namai, biblioteka.  PRIVALUMAI: \u2013 Butas 46kv. m. 1auk\u0161tas \u2013 ( 2 kambariai: svetain\u0117 sujungta su virtuve ir miegamasis) \u2013 Du\u0161o ir tualeto patalpa; - Centrinis \u0161ildymas ; - Automobilio statymo vieta; - Iki Nori\u016bn\u0173 tvenkinio apie 300m; u\u017e 500 m. teka up\u0117 L\u0117vuo; \u2013 Atstumai iki Kupi\u0161kio 8km, Panev\u0117\u017eys 40km, Bir\u017eai 57km, Anyk\u0161\u010diai 50km, Utena 60km, Vilniaus ir Kauno apie 150 km.  Koordinat\u0117s :maps.lt \u2013 55.802197, 24.892698 D\u0117l i\u0161samesn\u0117s informacijos ar ap\u017ei\u016bros susisiekite ir mes visk\u0105 Jums papasakosime.","og_url":"https:\/\/www.namude.lt\/objektas\/parduodamas-2-kambariu-butas-noriunuose-kupiskio-rajone\/","og_site_name":"Namud\u0117","og_image":[{"width":2400,"height":1800,"url":"https:\/\/www.namude.lt\/wp-content\/uploads\/2026\/03\/1.jpg","type":"image\/jpeg"}],"twitter_card":"summary_large_image","schema":{"@context":"https:\/\/schema.org","@graph":[{"@type":"WebPage","@id":"https:\/\/www.namude.lt\/objektas\/parduodamas-2-kambariu-butas-noriunuose-kupiskio-rajone\/","url":"https:\/\/www.namude.lt\/objektas\/parduodamas-2-kambariu-butas-noriunuose-kupiskio-rajone\/","name":"Parduodamas 2 kambari\u0173 butas Nori\u016bnuose, Kupi\u0161kio rajone! - Namud\u0117","isPartOf":{"@id":"https:\/\/www.namude.lt\/#website"},"primaryImageOfPage":{"@id":"https:\/\/www.namude.lt\/objektas\/parduodamas-2-kambariu-butas-noriunuose-kupiskio-rajone\/#primaryimage"},"image":{"@id":"https:\/\/www.namude.lt\/objektas\/parduodamas-2-kambariu-butas-noriunuose-kupiskio-rajone\/#primaryimage"},"thumbnailUrl":"https:\/\/www.namude.lt\/wp-content\/uploads\/2026\/03\/1.jpg","datePublished":"2026-03-03T07:36:40+00:00","breadcrumb":{"@id":"https:\/\/www.namude.lt\/objektas\/parduodamas-2-kambariu-butas-noriunuose-kupiskio-rajone\/#breadcrumb"},"inLanguage":"en-US","potentialAction":[{"@type":"ReadAction","target":["https:\/\/www.namude.lt\/objektas\/parduodamas-2-kambariu-butas-noriunuose-kupiskio-rajone\/"]}]},{"@type":"ImageObject","inLanguage":"en-US","@id":"https:\/\/www.namude.lt\/objektas\/parduodamas-2-kambariu-butas-noriunuose-kupiskio-rajone\/#primaryimage","url":"https:\/\/www.namude.lt\/wp-content\/uploads\/2026\/03\/1.jpg","contentUrl":"https:\/\/www.namude.lt\/wp-content\/uploads\/2026\/03\/1.jpg","width":2400,"height":1800},{"@type":"BreadcrumbList","@id":"https:\/\/www.namude.lt\/objektas\/parduodamas-2-kambariu-butas-noriunuose-kupiskio-rajone\/#breadcrumb","itemListElement":[{"@type":"ListItem","position":1,"name":"Home","item":"https:\/\/www.namude.lt\/en\/"},{"@type":"ListItem","position":2,"name":"Real estate","item":"https:\/\/www.namude.lt\/en\/real-estate\/"},{"@type":"ListItem","position":3,"name":"Parduodamas 2 kambari\u0173 butas Nori\u016bnuose, Kupi\u0161kio rajone!"}]},{"@type":"WebSite","@id":"https:\/\/www.namude.lt\/#website","url":"https:\/\/www.namude.lt\/","name":"Namud\u0117","description":"\u201eNamud\u0117\u201c \u2013 agent\u016bra, pardavin\u0117janti Auk\u0161taitijos NT grynuolius.","publisher":{"@id":"https:\/\/www.namude.lt\/#organization"},"potentialAction":[{"@type":"SearchAction","target":{"@type":"EntryPoint","urlTemplate":"https:\/\/www.namude.lt\/?s={search_term_string}"},"query-input":{"@type":"PropertyValueSpecification","valueRequired":true,"valueName":"search_term_string"}}],"inLanguage":"en-US"},{"@type":"Organization","@id":"https:\/\/www.namude.lt\/#organization","name":"Namud\u0117","url":"https:\/\/www.namude.lt\/","logo":{"@type":"ImageObject","inLanguage":"en-US","@id":"https:\/\/www.namude.lt\/#\/schema\/logo\/image\/","url":"https:\/\/www.namude.lt\/wp-content\/uploads\/2023\/11\/logo-symbol.svg","contentUrl":"https:\/\/www.namude.lt\/wp-content\/uploads\/2023\/11\/logo-symbol.svg","width":1,"height":1,"caption":"Namud\u0117"},"image":{"@id":"https:\/\/www.namude.lt\/#\/schema\/logo\/image\/"}}]}},"_links":{"self":[{"href":"https:\/\/www.namude.lt\/en\/wp-json\/wp\/v2\/product\/24881","targetHints":{"allow":["GET"]}}],"collection":[{"href":"https:\/\/www.namude.lt\/en\/wp-json\/wp\/v2\/product"}],"about":[{"href":"https:\/\/www.namude.lt\/en\/wp-json\/wp\/v2\/types\/product"}],"wp:featuredmedia":[{"embeddable":true,"href":"https:\/\/www.namude.lt\/en\/wp-json\/wp\/v2\/media\/24882"}],"wp:attachment":[{"href":"https:\/\/www.namude.lt\/en\/wp-json\/wp\/v2\/media?parent=24881"}],"wp:term":[{"taxonomy":"product_brand","embeddable":true,"href":"https:\/\/www.namude.lt\/en\/wp-json\/wp\/v2\/product_brand?post=24881"},{"taxonomy":"product_cat","embeddable":true,"href":"https:\/\/www.namude.lt\/en\/wp-json\/wp\/v2\/product_cat?post=24881"},{"taxonomy":"product_tag","embeddable":true,"href":"https:\/\/www.namude.lt\/en\/wp-json\/wp\/v2\/product_tag?post=24881"}],"curies":[{"name":"wp","href":"https:\/\/api.w.org\/{rel}","templated":true}]}}