{"id":24661,"date":"2026-02-27T09:32:20","date_gmt":"2026-02-27T07:32:20","guid":{"rendered":"https:\/\/www.namude.lt\/?post_type=product&#038;p=24661"},"modified":"2026-02-27T09:32:20","modified_gmt":"2026-02-27T07:32:20","slug":"sklypas-su-panorama-i-alauso-ezera-sudeikiuose-utenos-rajone","status":"publish","type":"product","link":"https:\/\/www.namude.lt\/en\/object\/sklypas-su-panorama-i-alauso-ezera-sudeikiuose-utenos-rajone\/","title":{"rendered":"SKLYPAS SU PANORAMA \u012e ALAU\u0160O E\u017dER\u0104 \u2013 SUDEIKIUOSE UTENOS RAJONE"},"content":{"rendered":"","protected":false},"excerpt":{"rendered":"<p><strong>Vienoje patraukliausi\u0173 Sudeiki\u0173 viet\u0173 parduodamas 0,66 ha sklypas \u0161alia Alau\u0161o e\u017eero.<\/strong><a href=\"https:\/\/www.namude.lt\/kategorija\/sklypai\/?filter_rajonas=utenos-rajonas&#038;query_type_rajonas=or\"><\/a> Sklypas \u012fsik\u016br\u0119s ant kalvos, nuo kurios atsiveria plati e\u017eero panorama ir vaizdas \u012f vien\u0105 gra\u017eiausi\u0173 pakran\u010di\u0173 \u2013 vadinam\u0105j\u0105 \u201etre\u010di\u0105j\u0105 salait\u0119\u201c.<br \/>\nPagrindin\u0117 informacija:<br \/>\n\u2714 Plotas \u2013 0,66 ha<br \/>\n\u2714 Paskirtis \u2013 \u017eem\u0117s \u016bkio (galima keisti \u012f nam\u0173 vald\u0105)<br \/>\n\u2714 2023 m. atlikti kadastriniai matavimai<br \/>\n\u2714 Asfaltuotas priva\u017eiavimas<br \/>\n\u2714 Sklypas miestelyje \u2013 \u0161alia komunikacijos<br \/>\nTeritorija priskiriama antro prioriteto zonai, tod\u0117l i\u0161lieka galimyb\u0117 keisti \u017eem\u0117s naudojimo paskirt\u012f pagal galiojan\u010dius planavimo sprendinius.<br \/>\nTai puiki vieta gyvenamojo namo ar sodybos statybai \u2013 e\u017eeras, auk\u0161tuma ir patogus susisiekimas vienoje vietoje.<br \/>\n\ud83d\udccd 55.586846, 25.678481<br \/>\n\ud83d\udccd 55.586666, 25.678091<\/p>\n","protected":false},"featured_media":24662,"template":"","meta":{"_acf_changed":false},"product_brand":[],"product_cat":[24],"product_tag":[],"class_list":{"0":"post-24661","1":"product","2":"type-product","3":"status-publish","4":"has-post-thumbnail","6":"product_cat-sklypai","7":"pa_rajonas-utenos-rajonas","8":"description-off","10":"first","11":"instock","12":"shipping-taxable","13":"purchasable","14":"product-type-simple"},"acf":[],"yoast_head":"<!-- This site is optimized with the Yoast SEO plugin v27.0 - https:\/\/yoast.com\/product\/yoast-seo-wordpress\/ -->\n<title>SKLYPAS SU PANORAMA \u012e ALAU\u0160O E\u017dER\u0104 \u2013 SUDEIKIUOSE UTENOS RAJONE - Namud\u0117<\/title>\n<meta name=\"robots\" content=\"index, follow, max-snippet:-1, max-image-preview:large, max-video-preview:-1\" \/>\n<link rel=\"canonical\" href=\"https:\/\/www.namude.lt\/objektas\/sklypas-su-panorama-i-alauso-ezera-sudeikiuose-utenos-rajone\/\" \/>\n<meta property=\"og:locale\" content=\"en_US\" \/>\n<meta property=\"og:type\" content=\"article\" \/>\n<meta property=\"og:title\" content=\"SKLYPAS SU PANORAMA \u012e ALAU\u0160O E\u017dER\u0104 \u2013 SUDEIKIUOSE UTENOS RAJONE - Namud\u0117\" \/>\n<meta property=\"og:description\" content=\"Vienoje patraukliausi\u0173 Sudeiki\u0173 viet\u0173 parduodamas 0,66 ha sklypas \u0161alia Alau\u0161o e\u017eero. Sklypas \u012fsik\u016br\u0119s ant kalvos, nuo kurios atsiveria plati e\u017eero panorama ir vaizdas \u012f vien\u0105 gra\u017eiausi\u0173 pakran\u010di\u0173 \u2013 vadinam\u0105j\u0105 \u201etre\u010di\u0105j\u0105 salait\u0119\u201c. Pagrindin\u0117 informacija: \u2714 Plotas \u2013 0,66 ha \u2714 Paskirtis \u2013 \u017eem\u0117s \u016bkio (galima keisti \u012f nam\u0173 vald\u0105) \u2714 2023 m. atlikti kadastriniai matavimai \u2714 Asfaltuotas priva\u017eiavimas \u2714 Sklypas miestelyje \u2013 \u0161alia komunikacijos Teritorija priskiriama antro prioriteto zonai, tod\u0117l i\u0161lieka galimyb\u0117 keisti \u017eem\u0117s naudojimo paskirt\u012f pagal galiojan\u010dius planavimo sprendinius. Tai puiki vieta gyvenamojo namo ar sodybos statybai \u2013 e\u017eeras, auk\u0161tuma ir patogus susisiekimas vienoje vietoje. \ud83d\udccd 55.586846, 25.678481 \ud83d\udccd 55.586666, 25.678091\" \/>\n<meta property=\"og:url\" content=\"https:\/\/www.namude.lt\/objektas\/sklypas-su-panorama-i-alauso-ezera-sudeikiuose-utenos-rajone\/\" \/>\n<meta property=\"og:site_name\" content=\"Namud\u0117\" \/>\n<meta property=\"og:image\" content=\"https:\/\/www.namude.lt\/wp-content\/uploads\/2026\/02\/2-9.jpg\" \/>\n\t<meta property=\"og:image:width\" content=\"840\" \/>\n\t<meta property=\"og:image:height\" content=\"541\" \/>\n\t<meta property=\"og:image:type\" content=\"image\/jpeg\" \/>\n<meta name=\"twitter:card\" content=\"summary_large_image\" \/>\n<script type=\"application\/ld+json\" class=\"yoast-schema-graph\">{\"@context\":\"https:\/\/schema.org\",\"@graph\":[{\"@type\":\"WebPage\",\"@id\":\"https:\/\/www.namude.lt\/objektas\/sklypas-su-panorama-i-alauso-ezera-sudeikiuose-utenos-rajone\/\",\"url\":\"https:\/\/www.namude.lt\/objektas\/sklypas-su-panorama-i-alauso-ezera-sudeikiuose-utenos-rajone\/\",\"name\":\"SKLYPAS SU PANORAMA \u012e ALAU\u0160O E\u017dER\u0104 \u2013 SUDEIKIUOSE UTENOS RAJONE - Namud\u0117\",\"isPartOf\":{\"@id\":\"https:\/\/www.namude.lt\/#website\"},\"primaryImageOfPage\":{\"@id\":\"https:\/\/www.namude.lt\/objektas\/sklypas-su-panorama-i-alauso-ezera-sudeikiuose-utenos-rajone\/#primaryimage\"},\"image\":{\"@id\":\"https:\/\/www.namude.lt\/objektas\/sklypas-su-panorama-i-alauso-ezera-sudeikiuose-utenos-rajone\/#primaryimage\"},\"thumbnailUrl\":\"https:\/\/www.namude.lt\/wp-content\/uploads\/2026\/02\/2-9.jpg\",\"datePublished\":\"2026-02-27T07:32:20+00:00\",\"breadcrumb\":{\"@id\":\"https:\/\/www.namude.lt\/objektas\/sklypas-su-panorama-i-alauso-ezera-sudeikiuose-utenos-rajone\/#breadcrumb\"},\"inLanguage\":\"en-US\",\"potentialAction\":[{\"@type\":\"ReadAction\",\"target\":[\"https:\/\/www.namude.lt\/objektas\/sklypas-su-panorama-i-alauso-ezera-sudeikiuose-utenos-rajone\/\"]}]},{\"@type\":\"ImageObject\",\"inLanguage\":\"en-US\",\"@id\":\"https:\/\/www.namude.lt\/objektas\/sklypas-su-panorama-i-alauso-ezera-sudeikiuose-utenos-rajone\/#primaryimage\",\"url\":\"https:\/\/www.namude.lt\/wp-content\/uploads\/2026\/02\/2-9.jpg\",\"contentUrl\":\"https:\/\/www.namude.lt\/wp-content\/uploads\/2026\/02\/2-9.jpg\",\"width\":840,\"height\":541},{\"@type\":\"BreadcrumbList\",\"@id\":\"https:\/\/www.namude.lt\/objektas\/sklypas-su-panorama-i-alauso-ezera-sudeikiuose-utenos-rajone\/#breadcrumb\",\"itemListElement\":[{\"@type\":\"ListItem\",\"position\":1,\"name\":\"Home\",\"item\":\"https:\/\/www.namude.lt\/en\/\"},{\"@type\":\"ListItem\",\"position\":2,\"name\":\"Real estate\",\"item\":\"https:\/\/www.namude.lt\/en\/real-estate\/\"},{\"@type\":\"ListItem\",\"position\":3,\"name\":\"SKLYPAS SU PANORAMA \u012e ALAU\u0160O E\u017dER\u0104 \u2013 SUDEIKIUOSE UTENOS RAJONE\"}]},{\"@type\":\"WebSite\",\"@id\":\"https:\/\/www.namude.lt\/#website\",\"url\":\"https:\/\/www.namude.lt\/\",\"name\":\"Namud\u0117\",\"description\":\"\u201eNamud\u0117\u201c \u2013 agent\u016bra, pardavin\u0117janti Auk\u0161taitijos NT grynuolius.\",\"publisher\":{\"@id\":\"https:\/\/www.namude.lt\/#organization\"},\"potentialAction\":[{\"@type\":\"SearchAction\",\"target\":{\"@type\":\"EntryPoint\",\"urlTemplate\":\"https:\/\/www.namude.lt\/?s={search_term_string}\"},\"query-input\":{\"@type\":\"PropertyValueSpecification\",\"valueRequired\":true,\"valueName\":\"search_term_string\"}}],\"inLanguage\":\"en-US\"},{\"@type\":\"Organization\",\"@id\":\"https:\/\/www.namude.lt\/#organization\",\"name\":\"Namud\u0117\",\"url\":\"https:\/\/www.namude.lt\/\",\"logo\":{\"@type\":\"ImageObject\",\"inLanguage\":\"en-US\",\"@id\":\"https:\/\/www.namude.lt\/#\/schema\/logo\/image\/\",\"url\":\"https:\/\/www.namude.lt\/wp-content\/uploads\/2023\/11\/logo-symbol.svg\",\"contentUrl\":\"https:\/\/www.namude.lt\/wp-content\/uploads\/2023\/11\/logo-symbol.svg\",\"width\":1,\"height\":1,\"caption\":\"Namud\u0117\"},\"image\":{\"@id\":\"https:\/\/www.namude.lt\/#\/schema\/logo\/image\/\"}}]}<\/script>\n<!-- \/ Yoast SEO plugin. -->","yoast_head_json":{"title":"SKLYPAS SU PANORAMA \u012e ALAU\u0160O E\u017dER\u0104 \u2013 SUDEIKIUOSE UTENOS RAJONE - Namud\u0117","robots":{"index":"index","follow":"follow","max-snippet":"max-snippet:-1","max-image-preview":"max-image-preview:large","max-video-preview":"max-video-preview:-1"},"canonical":"https:\/\/www.namude.lt\/objektas\/sklypas-su-panorama-i-alauso-ezera-sudeikiuose-utenos-rajone\/","og_locale":"en_US","og_type":"article","og_title":"SKLYPAS SU PANORAMA \u012e ALAU\u0160O E\u017dER\u0104 \u2013 SUDEIKIUOSE UTENOS RAJONE - Namud\u0117","og_description":"Vienoje patraukliausi\u0173 Sudeiki\u0173 viet\u0173 parduodamas 0,66 ha sklypas \u0161alia Alau\u0161o e\u017eero. Sklypas \u012fsik\u016br\u0119s ant kalvos, nuo kurios atsiveria plati e\u017eero panorama ir vaizdas \u012f vien\u0105 gra\u017eiausi\u0173 pakran\u010di\u0173 \u2013 vadinam\u0105j\u0105 \u201etre\u010di\u0105j\u0105 salait\u0119\u201c. Pagrindin\u0117 informacija: \u2714 Plotas \u2013 0,66 ha \u2714 Paskirtis \u2013 \u017eem\u0117s \u016bkio (galima keisti \u012f nam\u0173 vald\u0105) \u2714 2023 m. atlikti kadastriniai matavimai \u2714 Asfaltuotas priva\u017eiavimas \u2714 Sklypas miestelyje \u2013 \u0161alia komunikacijos Teritorija priskiriama antro prioriteto zonai, tod\u0117l i\u0161lieka galimyb\u0117 keisti \u017eem\u0117s naudojimo paskirt\u012f pagal galiojan\u010dius planavimo sprendinius. Tai puiki vieta gyvenamojo namo ar sodybos statybai \u2013 e\u017eeras, auk\u0161tuma ir patogus susisiekimas vienoje vietoje. \ud83d\udccd 55.586846, 25.678481 \ud83d\udccd 55.586666, 25.678091","og_url":"https:\/\/www.namude.lt\/objektas\/sklypas-su-panorama-i-alauso-ezera-sudeikiuose-utenos-rajone\/","og_site_name":"Namud\u0117","og_image":[{"width":840,"height":541,"url":"https:\/\/www.namude.lt\/wp-content\/uploads\/2026\/02\/2-9.jpg","type":"image\/jpeg"}],"twitter_card":"summary_large_image","schema":{"@context":"https:\/\/schema.org","@graph":[{"@type":"WebPage","@id":"https:\/\/www.namude.lt\/objektas\/sklypas-su-panorama-i-alauso-ezera-sudeikiuose-utenos-rajone\/","url":"https:\/\/www.namude.lt\/objektas\/sklypas-su-panorama-i-alauso-ezera-sudeikiuose-utenos-rajone\/","name":"SKLYPAS SU PANORAMA \u012e ALAU\u0160O E\u017dER\u0104 \u2013 SUDEIKIUOSE UTENOS RAJONE - Namud\u0117","isPartOf":{"@id":"https:\/\/www.namude.lt\/#website"},"primaryImageOfPage":{"@id":"https:\/\/www.namude.lt\/objektas\/sklypas-su-panorama-i-alauso-ezera-sudeikiuose-utenos-rajone\/#primaryimage"},"image":{"@id":"https:\/\/www.namude.lt\/objektas\/sklypas-su-panorama-i-alauso-ezera-sudeikiuose-utenos-rajone\/#primaryimage"},"thumbnailUrl":"https:\/\/www.namude.lt\/wp-content\/uploads\/2026\/02\/2-9.jpg","datePublished":"2026-02-27T07:32:20+00:00","breadcrumb":{"@id":"https:\/\/www.namude.lt\/objektas\/sklypas-su-panorama-i-alauso-ezera-sudeikiuose-utenos-rajone\/#breadcrumb"},"inLanguage":"en-US","potentialAction":[{"@type":"ReadAction","target":["https:\/\/www.namude.lt\/objektas\/sklypas-su-panorama-i-alauso-ezera-sudeikiuose-utenos-rajone\/"]}]},{"@type":"ImageObject","inLanguage":"en-US","@id":"https:\/\/www.namude.lt\/objektas\/sklypas-su-panorama-i-alauso-ezera-sudeikiuose-utenos-rajone\/#primaryimage","url":"https:\/\/www.namude.lt\/wp-content\/uploads\/2026\/02\/2-9.jpg","contentUrl":"https:\/\/www.namude.lt\/wp-content\/uploads\/2026\/02\/2-9.jpg","width":840,"height":541},{"@type":"BreadcrumbList","@id":"https:\/\/www.namude.lt\/objektas\/sklypas-su-panorama-i-alauso-ezera-sudeikiuose-utenos-rajone\/#breadcrumb","itemListElement":[{"@type":"ListItem","position":1,"name":"Home","item":"https:\/\/www.namude.lt\/en\/"},{"@type":"ListItem","position":2,"name":"Real estate","item":"https:\/\/www.namude.lt\/en\/real-estate\/"},{"@type":"ListItem","position":3,"name":"SKLYPAS SU PANORAMA \u012e ALAU\u0160O E\u017dER\u0104 \u2013 SUDEIKIUOSE UTENOS RAJONE"}]},{"@type":"WebSite","@id":"https:\/\/www.namude.lt\/#website","url":"https:\/\/www.namude.lt\/","name":"Namud\u0117","description":"\u201eNamud\u0117\u201c \u2013 agent\u016bra, pardavin\u0117janti Auk\u0161taitijos NT grynuolius.","publisher":{"@id":"https:\/\/www.namude.lt\/#organization"},"potentialAction":[{"@type":"SearchAction","target":{"@type":"EntryPoint","urlTemplate":"https:\/\/www.namude.lt\/?s={search_term_string}"},"query-input":{"@type":"PropertyValueSpecification","valueRequired":true,"valueName":"search_term_string"}}],"inLanguage":"en-US"},{"@type":"Organization","@id":"https:\/\/www.namude.lt\/#organization","name":"Namud\u0117","url":"https:\/\/www.namude.lt\/","logo":{"@type":"ImageObject","inLanguage":"en-US","@id":"https:\/\/www.namude.lt\/#\/schema\/logo\/image\/","url":"https:\/\/www.namude.lt\/wp-content\/uploads\/2023\/11\/logo-symbol.svg","contentUrl":"https:\/\/www.namude.lt\/wp-content\/uploads\/2023\/11\/logo-symbol.svg","width":1,"height":1,"caption":"Namud\u0117"},"image":{"@id":"https:\/\/www.namude.lt\/#\/schema\/logo\/image\/"}}]}},"_links":{"self":[{"href":"https:\/\/www.namude.lt\/en\/wp-json\/wp\/v2\/product\/24661","targetHints":{"allow":["GET"]}}],"collection":[{"href":"https:\/\/www.namude.lt\/en\/wp-json\/wp\/v2\/product"}],"about":[{"href":"https:\/\/www.namude.lt\/en\/wp-json\/wp\/v2\/types\/product"}],"wp:featuredmedia":[{"embeddable":true,"href":"https:\/\/www.namude.lt\/en\/wp-json\/wp\/v2\/media\/24662"}],"wp:attachment":[{"href":"https:\/\/www.namude.lt\/en\/wp-json\/wp\/v2\/media?parent=24661"}],"wp:term":[{"taxonomy":"product_brand","embeddable":true,"href":"https:\/\/www.namude.lt\/en\/wp-json\/wp\/v2\/product_brand?post=24661"},{"taxonomy":"product_cat","embeddable":true,"href":"https:\/\/www.namude.lt\/en\/wp-json\/wp\/v2\/product_cat?post=24661"},{"taxonomy":"product_tag","embeddable":true,"href":"https:\/\/www.namude.lt\/en\/wp-json\/wp\/v2\/product_tag?post=24661"}],"curies":[{"name":"wp","href":"https:\/\/api.w.org\/{rel}","templated":true}]}}