{"id":24444,"date":"2026-02-11T08:42:19","date_gmt":"2026-02-11T06:42:19","guid":{"rendered":"https:\/\/www.namude.lt\/?post_type=product&#038;p=24444"},"modified":"2026-03-27T09:09:43","modified_gmt":"2026-03-27T07:09:43","slug":"parduodamas-namas-salia-siekscio-ezero-ir-pusyno-paezeres-g-ignalinoje","status":"publish","type":"product","link":"https:\/\/www.namude.lt\/en\/object\/parduodamas-namas-salia-siekscio-ezero-ir-pusyno-paezeres-g-ignalinoje\/","title":{"rendered":"Parduodamas namas \u0161alia \u0160iek\u0161\u010dio e\u017eero  ir pu\u0161yno Pae\u017eer\u0117s g., Ignalinoje"},"content":{"rendered":"","protected":false},"excerpt":{"rendered":"<p>Parduodamas 102,42 kv. m ploto namas 7 ar\u0173 sklype  Pae\u017eer\u0117s gatv\u0117je, Ignalinoje. Tai puikus pasirinkimas ie\u0161kantiems ekonomi\u0161ko ir komforti\u0161ko b\u016bsto gamtos apsuptyje, ta\u010diau kartu netoliese miesto infrastrukt\u016bros.<br \/>\nIgnalina \u2013 tikras gamtos miestas, gars\u0117jantis mi\u0161kais, e\u017eerais ir \u0161variu oru, puikiai tinkantis \u0161eimoms, aktyvaus gyvenimo m\u0117g\u0117jams ir poilsiautojams. Mieste veikia pilna miesto infrastrukt\u016bra: parduotuv\u0117s, mokyklos, dar\u017eeliai, gydymo \u012fstaigos, sporto aik\u0161t\u0117s ir kult\u016brin\u0117s erdv\u0117s.<br \/>\nNamas \u012fsik\u016br\u0119s vaizdingo gamtovaizd\u017eio apsuptyje \u2013 prie \u0160iek\u0161\u010dio e\u017eero, kuriame galima maudytis, leisti laik\u0105 prie vandens ar paplaukioti valtimi. Netoliese, vos kelias minutes nuo centro yra Gavys e\u017eeras (~2 km) su \u017evejybin\u0117mis vietomis ir papl\u016bdimio zonomis, Paplovinio e\u017eeras su sm\u0117l\u0117tais papl\u016bdimiais bei p\u0117s\u010di\u0173j\u0173 tiltu, taip pat Gavaitis, Ilgys ir kiti vandens telkiniai, suteikiantys daugyb\u0119 galimybi\u0173 aktyviam poilsiui gamtoje.<br \/>\nPRIVALUMAI:<br \/>\n\u2013 Pilnai renovuotas m\u016brinis 102kv.m dviej\u0173 auk\u0161to namas (Namo i\u0161planavimas: pirmas auk\u0161tas \u2013 kambarys, koridorius, virtuv\u0117, erdvi vonios ir WC patalpa; antras auk\u0161tas \u2013 2 miegamieji, balkonas. R\u016bsys \u2013 2 patalpos, katilin\u0117. Parduodama su visais baldais ir stambia buitine technika, sodo baldais, \u017eoliapjove ir sniego p\u016bstuvas);<br \/>\n\u2013 \u0160ildymas grindinis, geoterminis siurblys (vanduo-\u017eem\u0117);<br \/>\n\u2013 Elektra trifaz\u0117 8kw;<br \/>\n&#8211; Traidenis nuotek\u0173 valymo sistema;<br \/>\n\u2013 Gara\u017eas;<br \/>\n\u2013 Sklypo plotas 7a, dalis sklypo i\u0161klota trinkel\u0117mis, visa teritorija aptverta, \u012fmontuota vaizdo kamera, judesio davikliai;<br \/>\n\u2013 Patogus priva\u017eiavimas visus metus. Iki \u0160ven\u010dioni\u0173 24km, Visaginas 43km, Utenos 53km, Zarasai 56km, Mol\u0117tai 59km, Vilniaus 109km.<\/p>\n","protected":false},"featured_media":25626,"template":"","meta":{"_acf_changed":false},"product_brand":[],"product_cat":[26],"product_tag":[],"class_list":{"0":"post-24444","1":"product","2":"type-product","3":"status-publish","4":"has-post-thumbnail","6":"product_cat-namai","7":"pa_rajonas-ignalinos-rajonas","8":"description-off","10":"first","11":"instock","12":"shipping-taxable","13":"purchasable","14":"product-type-simple"},"acf":[],"yoast_head":"<!-- This site is optimized with the Yoast SEO plugin v27.0 - https:\/\/yoast.com\/product\/yoast-seo-wordpress\/ -->\n<title>Parduodamas namas \u0161alia \u0160iek\u0161\u010dio e\u017eero ir pu\u0161yno Pae\u017eer\u0117s g., Ignalinoje - Namud\u0117<\/title>\n<meta name=\"robots\" content=\"index, follow, max-snippet:-1, max-image-preview:large, max-video-preview:-1\" \/>\n<link rel=\"canonical\" href=\"https:\/\/www.namude.lt\/objektas\/parduodamas-namas-salia-siekscio-ezero-ir-pusyno-paezeres-g-ignalinoje\/\" \/>\n<meta property=\"og:locale\" content=\"en_US\" \/>\n<meta property=\"og:type\" content=\"article\" \/>\n<meta property=\"og:title\" content=\"Parduodamas namas \u0161alia \u0160iek\u0161\u010dio e\u017eero ir pu\u0161yno Pae\u017eer\u0117s g., Ignalinoje - Namud\u0117\" \/>\n<meta property=\"og:description\" content=\"Parduodamas 102,42 kv. m ploto namas 7 ar\u0173 sklype Pae\u017eer\u0117s gatv\u0117je, Ignalinoje. Tai puikus pasirinkimas ie\u0161kantiems ekonomi\u0161ko ir komforti\u0161ko b\u016bsto gamtos apsuptyje, ta\u010diau kartu netoliese miesto infrastrukt\u016bros. Ignalina \u2013 tikras gamtos miestas, gars\u0117jantis mi\u0161kais, e\u017eerais ir \u0161variu oru, puikiai tinkantis \u0161eimoms, aktyvaus gyvenimo m\u0117g\u0117jams ir poilsiautojams. Mieste veikia pilna miesto infrastrukt\u016bra: parduotuv\u0117s, mokyklos, dar\u017eeliai, gydymo \u012fstaigos, sporto aik\u0161t\u0117s ir kult\u016brin\u0117s erdv\u0117s. Namas \u012fsik\u016br\u0119s vaizdingo gamtovaizd\u017eio apsuptyje \u2013 prie \u0160iek\u0161\u010dio e\u017eero, kuriame galima maudytis, leisti laik\u0105 prie vandens ar paplaukioti valtimi. Netoliese, vos kelias minutes nuo centro yra Gavys e\u017eeras (~2 km) su \u017evejybin\u0117mis vietomis ir papl\u016bdimio zonomis, Paplovinio e\u017eeras su sm\u0117l\u0117tais papl\u016bdimiais bei p\u0117s\u010di\u0173j\u0173 tiltu, taip pat Gavaitis, Ilgys ir kiti vandens telkiniai, suteikiantys daugyb\u0119 galimybi\u0173 aktyviam poilsiui gamtoje.  PRIVALUMAI: \u2013 Pilnai renovuotas m\u016brinis 102kv.m dviej\u0173 auk\u0161to namas (Namo i\u0161planavimas: pirmas auk\u0161tas \u2013 kambarys, koridorius, virtuv\u0117, erdvi vonios ir WC patalpa; antras auk\u0161tas \u2013 2 miegamieji, balkonas. R\u016bsys \u2013 2 patalpos, katilin\u0117. Parduodama su visais baldais ir stambia buitine technika, sodo baldais, \u017eoliapjove ir sniego p\u016bstuvas); \u2013 \u0160ildymas grindinis, geoterminis siurblys (vanduo-\u017eem\u0117); \u2013 Elektra trifaz\u0117 8kw; - Traidenis nuotek\u0173 valymo sistema; \u2013 Gara\u017eas; \u2013 Sklypo plotas 7a, dalis sklypo i\u0161klota trinkel\u0117mis, visa teritorija aptverta, \u012fmontuota vaizdo kamera, judesio davikliai; \u2013 Patogus priva\u017eiavimas visus metus. Iki \u0160ven\u010dioni\u0173 24km, Visaginas 43km, Utenos 53km, Zarasai 56km, Mol\u0117tai 59km, Vilniaus 109km.\" \/>\n<meta property=\"og:url\" content=\"https:\/\/www.namude.lt\/objektas\/parduodamas-namas-salia-siekscio-ezero-ir-pusyno-paezeres-g-ignalinoje\/\" \/>\n<meta property=\"og:site_name\" content=\"Namud\u0117\" \/>\n<meta property=\"article:modified_time\" content=\"2026-03-27T07:09:43+00:00\" \/>\n<meta property=\"og:image\" content=\"https:\/\/www.namude.lt\/wp-content\/uploads\/2026\/02\/1-11.jpg\" \/>\n\t<meta property=\"og:image:width\" content=\"2400\" \/>\n\t<meta property=\"og:image:height\" content=\"1800\" \/>\n\t<meta property=\"og:image:type\" content=\"image\/jpeg\" \/>\n<meta name=\"twitter:card\" content=\"summary_large_image\" \/>\n<script type=\"application\/ld+json\" class=\"yoast-schema-graph\">{\"@context\":\"https:\/\/schema.org\",\"@graph\":[{\"@type\":\"WebPage\",\"@id\":\"https:\/\/www.namude.lt\/objektas\/parduodamas-namas-salia-siekscio-ezero-ir-pusyno-paezeres-g-ignalinoje\/\",\"url\":\"https:\/\/www.namude.lt\/objektas\/parduodamas-namas-salia-siekscio-ezero-ir-pusyno-paezeres-g-ignalinoje\/\",\"name\":\"Parduodamas namas \u0161alia \u0160iek\u0161\u010dio e\u017eero ir pu\u0161yno Pae\u017eer\u0117s g., Ignalinoje - Namud\u0117\",\"isPartOf\":{\"@id\":\"https:\/\/www.namude.lt\/#website\"},\"primaryImageOfPage\":{\"@id\":\"https:\/\/www.namude.lt\/objektas\/parduodamas-namas-salia-siekscio-ezero-ir-pusyno-paezeres-g-ignalinoje\/#primaryimage\"},\"image\":{\"@id\":\"https:\/\/www.namude.lt\/objektas\/parduodamas-namas-salia-siekscio-ezero-ir-pusyno-paezeres-g-ignalinoje\/#primaryimage\"},\"thumbnailUrl\":\"https:\/\/www.namude.lt\/wp-content\/uploads\/2026\/02\/1-11.jpg\",\"datePublished\":\"2026-02-11T06:42:19+00:00\",\"dateModified\":\"2026-03-27T07:09:43+00:00\",\"breadcrumb\":{\"@id\":\"https:\/\/www.namude.lt\/objektas\/parduodamas-namas-salia-siekscio-ezero-ir-pusyno-paezeres-g-ignalinoje\/#breadcrumb\"},\"inLanguage\":\"en-US\",\"potentialAction\":[{\"@type\":\"ReadAction\",\"target\":[\"https:\/\/www.namude.lt\/objektas\/parduodamas-namas-salia-siekscio-ezero-ir-pusyno-paezeres-g-ignalinoje\/\"]}]},{\"@type\":\"ImageObject\",\"inLanguage\":\"en-US\",\"@id\":\"https:\/\/www.namude.lt\/objektas\/parduodamas-namas-salia-siekscio-ezero-ir-pusyno-paezeres-g-ignalinoje\/#primaryimage\",\"url\":\"https:\/\/www.namude.lt\/wp-content\/uploads\/2026\/02\/1-11.jpg\",\"contentUrl\":\"https:\/\/www.namude.lt\/wp-content\/uploads\/2026\/02\/1-11.jpg\",\"width\":2400,\"height\":1800},{\"@type\":\"BreadcrumbList\",\"@id\":\"https:\/\/www.namude.lt\/objektas\/parduodamas-namas-salia-siekscio-ezero-ir-pusyno-paezeres-g-ignalinoje\/#breadcrumb\",\"itemListElement\":[{\"@type\":\"ListItem\",\"position\":1,\"name\":\"Home\",\"item\":\"https:\/\/www.namude.lt\/en\/\"},{\"@type\":\"ListItem\",\"position\":2,\"name\":\"Real estate\",\"item\":\"https:\/\/www.namude.lt\/en\/real-estate\/\"},{\"@type\":\"ListItem\",\"position\":3,\"name\":\"Parduodamas namas \u0161alia \u0160iek\u0161\u010dio e\u017eero ir pu\u0161yno Pae\u017eer\u0117s g., Ignalinoje\"}]},{\"@type\":\"WebSite\",\"@id\":\"https:\/\/www.namude.lt\/#website\",\"url\":\"https:\/\/www.namude.lt\/\",\"name\":\"Namud\u0117\",\"description\":\"\u201eNamud\u0117\u201c \u2013 agent\u016bra, pardavin\u0117janti Auk\u0161taitijos NT grynuolius.\",\"publisher\":{\"@id\":\"https:\/\/www.namude.lt\/#organization\"},\"potentialAction\":[{\"@type\":\"SearchAction\",\"target\":{\"@type\":\"EntryPoint\",\"urlTemplate\":\"https:\/\/www.namude.lt\/?s={search_term_string}\"},\"query-input\":{\"@type\":\"PropertyValueSpecification\",\"valueRequired\":true,\"valueName\":\"search_term_string\"}}],\"inLanguage\":\"en-US\"},{\"@type\":\"Organization\",\"@id\":\"https:\/\/www.namude.lt\/#organization\",\"name\":\"Namud\u0117\",\"url\":\"https:\/\/www.namude.lt\/\",\"logo\":{\"@type\":\"ImageObject\",\"inLanguage\":\"en-US\",\"@id\":\"https:\/\/www.namude.lt\/#\/schema\/logo\/image\/\",\"url\":\"https:\/\/www.namude.lt\/wp-content\/uploads\/2023\/11\/logo-symbol.svg\",\"contentUrl\":\"https:\/\/www.namude.lt\/wp-content\/uploads\/2023\/11\/logo-symbol.svg\",\"width\":1,\"height\":1,\"caption\":\"Namud\u0117\"},\"image\":{\"@id\":\"https:\/\/www.namude.lt\/#\/schema\/logo\/image\/\"}}]}<\/script>\n<!-- \/ Yoast SEO plugin. -->","yoast_head_json":{"title":"Parduodamas namas \u0161alia \u0160iek\u0161\u010dio e\u017eero ir pu\u0161yno Pae\u017eer\u0117s g., Ignalinoje - Namud\u0117","robots":{"index":"index","follow":"follow","max-snippet":"max-snippet:-1","max-image-preview":"max-image-preview:large","max-video-preview":"max-video-preview:-1"},"canonical":"https:\/\/www.namude.lt\/objektas\/parduodamas-namas-salia-siekscio-ezero-ir-pusyno-paezeres-g-ignalinoje\/","og_locale":"en_US","og_type":"article","og_title":"Parduodamas namas \u0161alia \u0160iek\u0161\u010dio e\u017eero ir pu\u0161yno Pae\u017eer\u0117s g., Ignalinoje - Namud\u0117","og_description":"Parduodamas 102,42 kv. m ploto namas 7 ar\u0173 sklype Pae\u017eer\u0117s gatv\u0117je, Ignalinoje. Tai puikus pasirinkimas ie\u0161kantiems ekonomi\u0161ko ir komforti\u0161ko b\u016bsto gamtos apsuptyje, ta\u010diau kartu netoliese miesto infrastrukt\u016bros. Ignalina \u2013 tikras gamtos miestas, gars\u0117jantis mi\u0161kais, e\u017eerais ir \u0161variu oru, puikiai tinkantis \u0161eimoms, aktyvaus gyvenimo m\u0117g\u0117jams ir poilsiautojams. Mieste veikia pilna miesto infrastrukt\u016bra: parduotuv\u0117s, mokyklos, dar\u017eeliai, gydymo \u012fstaigos, sporto aik\u0161t\u0117s ir kult\u016brin\u0117s erdv\u0117s. Namas \u012fsik\u016br\u0119s vaizdingo gamtovaizd\u017eio apsuptyje \u2013 prie \u0160iek\u0161\u010dio e\u017eero, kuriame galima maudytis, leisti laik\u0105 prie vandens ar paplaukioti valtimi. Netoliese, vos kelias minutes nuo centro yra Gavys e\u017eeras (~2 km) su \u017evejybin\u0117mis vietomis ir papl\u016bdimio zonomis, Paplovinio e\u017eeras su sm\u0117l\u0117tais papl\u016bdimiais bei p\u0117s\u010di\u0173j\u0173 tiltu, taip pat Gavaitis, Ilgys ir kiti vandens telkiniai, suteikiantys daugyb\u0119 galimybi\u0173 aktyviam poilsiui gamtoje.  PRIVALUMAI: \u2013 Pilnai renovuotas m\u016brinis 102kv.m dviej\u0173 auk\u0161to namas (Namo i\u0161planavimas: pirmas auk\u0161tas \u2013 kambarys, koridorius, virtuv\u0117, erdvi vonios ir WC patalpa; antras auk\u0161tas \u2013 2 miegamieji, balkonas. R\u016bsys \u2013 2 patalpos, katilin\u0117. Parduodama su visais baldais ir stambia buitine technika, sodo baldais, \u017eoliapjove ir sniego p\u016bstuvas); \u2013 \u0160ildymas grindinis, geoterminis siurblys (vanduo-\u017eem\u0117); \u2013 Elektra trifaz\u0117 8kw; - Traidenis nuotek\u0173 valymo sistema; \u2013 Gara\u017eas; \u2013 Sklypo plotas 7a, dalis sklypo i\u0161klota trinkel\u0117mis, visa teritorija aptverta, \u012fmontuota vaizdo kamera, judesio davikliai; \u2013 Patogus priva\u017eiavimas visus metus. Iki \u0160ven\u010dioni\u0173 24km, Visaginas 43km, Utenos 53km, Zarasai 56km, Mol\u0117tai 59km, Vilniaus 109km.","og_url":"https:\/\/www.namude.lt\/objektas\/parduodamas-namas-salia-siekscio-ezero-ir-pusyno-paezeres-g-ignalinoje\/","og_site_name":"Namud\u0117","article_modified_time":"2026-03-27T07:09:43+00:00","og_image":[{"width":2400,"height":1800,"url":"https:\/\/www.namude.lt\/wp-content\/uploads\/2026\/02\/1-11.jpg","type":"image\/jpeg"}],"twitter_card":"summary_large_image","schema":{"@context":"https:\/\/schema.org","@graph":[{"@type":"WebPage","@id":"https:\/\/www.namude.lt\/objektas\/parduodamas-namas-salia-siekscio-ezero-ir-pusyno-paezeres-g-ignalinoje\/","url":"https:\/\/www.namude.lt\/objektas\/parduodamas-namas-salia-siekscio-ezero-ir-pusyno-paezeres-g-ignalinoje\/","name":"Parduodamas namas \u0161alia \u0160iek\u0161\u010dio e\u017eero ir pu\u0161yno Pae\u017eer\u0117s g., Ignalinoje - Namud\u0117","isPartOf":{"@id":"https:\/\/www.namude.lt\/#website"},"primaryImageOfPage":{"@id":"https:\/\/www.namude.lt\/objektas\/parduodamas-namas-salia-siekscio-ezero-ir-pusyno-paezeres-g-ignalinoje\/#primaryimage"},"image":{"@id":"https:\/\/www.namude.lt\/objektas\/parduodamas-namas-salia-siekscio-ezero-ir-pusyno-paezeres-g-ignalinoje\/#primaryimage"},"thumbnailUrl":"https:\/\/www.namude.lt\/wp-content\/uploads\/2026\/02\/1-11.jpg","datePublished":"2026-02-11T06:42:19+00:00","dateModified":"2026-03-27T07:09:43+00:00","breadcrumb":{"@id":"https:\/\/www.namude.lt\/objektas\/parduodamas-namas-salia-siekscio-ezero-ir-pusyno-paezeres-g-ignalinoje\/#breadcrumb"},"inLanguage":"en-US","potentialAction":[{"@type":"ReadAction","target":["https:\/\/www.namude.lt\/objektas\/parduodamas-namas-salia-siekscio-ezero-ir-pusyno-paezeres-g-ignalinoje\/"]}]},{"@type":"ImageObject","inLanguage":"en-US","@id":"https:\/\/www.namude.lt\/objektas\/parduodamas-namas-salia-siekscio-ezero-ir-pusyno-paezeres-g-ignalinoje\/#primaryimage","url":"https:\/\/www.namude.lt\/wp-content\/uploads\/2026\/02\/1-11.jpg","contentUrl":"https:\/\/www.namude.lt\/wp-content\/uploads\/2026\/02\/1-11.jpg","width":2400,"height":1800},{"@type":"BreadcrumbList","@id":"https:\/\/www.namude.lt\/objektas\/parduodamas-namas-salia-siekscio-ezero-ir-pusyno-paezeres-g-ignalinoje\/#breadcrumb","itemListElement":[{"@type":"ListItem","position":1,"name":"Home","item":"https:\/\/www.namude.lt\/en\/"},{"@type":"ListItem","position":2,"name":"Real estate","item":"https:\/\/www.namude.lt\/en\/real-estate\/"},{"@type":"ListItem","position":3,"name":"Parduodamas namas \u0161alia \u0160iek\u0161\u010dio e\u017eero ir pu\u0161yno Pae\u017eer\u0117s g., Ignalinoje"}]},{"@type":"WebSite","@id":"https:\/\/www.namude.lt\/#website","url":"https:\/\/www.namude.lt\/","name":"Namud\u0117","description":"\u201eNamud\u0117\u201c \u2013 agent\u016bra, pardavin\u0117janti Auk\u0161taitijos NT grynuolius.","publisher":{"@id":"https:\/\/www.namude.lt\/#organization"},"potentialAction":[{"@type":"SearchAction","target":{"@type":"EntryPoint","urlTemplate":"https:\/\/www.namude.lt\/?s={search_term_string}"},"query-input":{"@type":"PropertyValueSpecification","valueRequired":true,"valueName":"search_term_string"}}],"inLanguage":"en-US"},{"@type":"Organization","@id":"https:\/\/www.namude.lt\/#organization","name":"Namud\u0117","url":"https:\/\/www.namude.lt\/","logo":{"@type":"ImageObject","inLanguage":"en-US","@id":"https:\/\/www.namude.lt\/#\/schema\/logo\/image\/","url":"https:\/\/www.namude.lt\/wp-content\/uploads\/2023\/11\/logo-symbol.svg","contentUrl":"https:\/\/www.namude.lt\/wp-content\/uploads\/2023\/11\/logo-symbol.svg","width":1,"height":1,"caption":"Namud\u0117"},"image":{"@id":"https:\/\/www.namude.lt\/#\/schema\/logo\/image\/"}}]}},"_links":{"self":[{"href":"https:\/\/www.namude.lt\/en\/wp-json\/wp\/v2\/product\/24444","targetHints":{"allow":["GET"]}}],"collection":[{"href":"https:\/\/www.namude.lt\/en\/wp-json\/wp\/v2\/product"}],"about":[{"href":"https:\/\/www.namude.lt\/en\/wp-json\/wp\/v2\/types\/product"}],"wp:featuredmedia":[{"embeddable":true,"href":"https:\/\/www.namude.lt\/en\/wp-json\/wp\/v2\/media\/25626"}],"wp:attachment":[{"href":"https:\/\/www.namude.lt\/en\/wp-json\/wp\/v2\/media?parent=24444"}],"wp:term":[{"taxonomy":"product_brand","embeddable":true,"href":"https:\/\/www.namude.lt\/en\/wp-json\/wp\/v2\/product_brand?post=24444"},{"taxonomy":"product_cat","embeddable":true,"href":"https:\/\/www.namude.lt\/en\/wp-json\/wp\/v2\/product_cat?post=24444"},{"taxonomy":"product_tag","embeddable":true,"href":"https:\/\/www.namude.lt\/en\/wp-json\/wp\/v2\/product_tag?post=24444"}],"curies":[{"name":"wp","href":"https:\/\/api.w.org\/{rel}","templated":true}]}}