{"id":24383,"date":"2026-02-03T11:59:21","date_gmt":"2026-02-03T09:59:21","guid":{"rendered":"https:\/\/www.namude.lt\/?post_type=product&#038;p=24383"},"modified":"2026-04-04T11:33:23","modified_gmt":"2026-04-04T08:33:23","slug":"parduodamas-butas-anyksciu-mieste-biliuno-gatveje","status":"publish","type":"product","link":"https:\/\/www.namude.lt\/en\/object\/parduodamas-butas-anyksciu-mieste-biliuno-gatveje\/","title":{"rendered":"PARDUODAMAS BUTAS \u2013  ANYK\u0160\u010cI\u0172 MIESTE, BILI\u016aNO GATV\u0116JE."},"content":{"rendered":"","protected":false},"excerpt":{"rendered":"<p>Ie\u0161kote savo svajoni\u0173 b\u016bsto arba investavimo galimyb\u0117s puikioje miesto vietoje? \u0160is butas \u2013 tai komfortas, patogus gyvenimas ir auganti vert\u0117 viename!<br \/>\nAnyk\u0161\u010diai \u2013 vienas \u017eaviausi\u0173 ir dinami\u0161kiausi\u0173 miest\u0173, gars\u0117jantis turtinga gamta, aktyviais laisvalaikio mar\u0161rutais, kult\u016briniu gyvenimu ir puikia infrastrukt\u016bra.<br \/>\nButo vieta: Bili\u016bno g. 40, miesto centre, pirmas auk\u0161tas \u2013 optimalus pasirinkimas \u0161eimai arba nuomai.<br \/>\nPRIVALUMAI:<br \/>\n\u2013 Butas 55kv m. (1 auk\u0161tas, buto i\u0161planavimas \u2013 2 miegamieji, svetain\u0117, virtuve, vonios kambarys, r\u016bsys. \u0160ildomas dujomis ir oras-oras, kietu kuru);<br \/>\n\u2013 Jaukiai \u012frengtas butas;<br \/>\n\u2013Vonia ir tualetas bendroje patalpoje;<br \/>\n\u2013 Parduodamas su visais baldais ir buitine technika;<br \/>\n\u2013 Nuosavas 13a \u017eem\u0117s sklypas;<br \/>\n\u2013 Parkavimo vietos.<br \/>\nKoordinat\u0117s:<br \/>\nmaps.lt \u2013 55.526770, 25.117306<\/p>\n","protected":false},"featured_media":24384,"template":"","meta":{"_acf_changed":false},"product_brand":[],"product_cat":[27],"product_tag":[],"class_list":{"0":"post-24383","1":"product","2":"type-product","3":"status-publish","4":"has-post-thumbnail","6":"product_cat-butai","7":"pa_rajonas-anyksciu-rajonas","8":"description-off","10":"first","11":"instock","12":"shipping-taxable","13":"purchasable","14":"product-type-simple"},"acf":[],"yoast_head":"<!-- This site is optimized with the Yoast SEO plugin v27.0 - https:\/\/yoast.com\/product\/yoast-seo-wordpress\/ -->\n<title>PARDUODAMAS BUTAS \u2013 ANYK\u0160\u010cI\u0172 MIESTE, BILI\u016aNO GATV\u0116JE. - Namud\u0117<\/title>\n<meta name=\"robots\" content=\"index, follow, max-snippet:-1, max-image-preview:large, max-video-preview:-1\" \/>\n<link rel=\"canonical\" href=\"https:\/\/www.namude.lt\/objektas\/parduodamas-butas-anyksciu-mieste-biliuno-gatveje\/\" \/>\n<meta property=\"og:locale\" content=\"en_US\" \/>\n<meta property=\"og:type\" content=\"article\" \/>\n<meta property=\"og:title\" content=\"PARDUODAMAS BUTAS \u2013 ANYK\u0160\u010cI\u0172 MIESTE, BILI\u016aNO GATV\u0116JE. - Namud\u0117\" \/>\n<meta property=\"og:description\" content=\"Ie\u0161kote savo svajoni\u0173 b\u016bsto arba investavimo galimyb\u0117s puikioje miesto vietoje? \u0160is butas \u2013 tai komfortas, patogus gyvenimas ir auganti vert\u0117 viename! Anyk\u0161\u010diai \u2013 vienas \u017eaviausi\u0173 ir dinami\u0161kiausi\u0173 miest\u0173, gars\u0117jantis turtinga gamta, aktyviais laisvalaikio mar\u0161rutais, kult\u016briniu gyvenimu ir puikia infrastrukt\u016bra. Buto vieta: Bili\u016bno g. 40, miesto centre, pirmas auk\u0161tas \u2013 optimalus pasirinkimas \u0161eimai arba nuomai. PRIVALUMAI: \u2013 Butas 55kv m. (1 auk\u0161tas, buto i\u0161planavimas \u2013 2 miegamieji, svetain\u0117, virtuve, vonios kambarys, r\u016bsys. \u0160ildomas dujomis ir oras-oras, kietu kuru); \u2013 Jaukiai \u012frengtas butas; \u2013Vonia ir tualetas bendroje patalpoje; \u2013 Parduodamas su visais baldais ir buitine technika; \u2013 Nuosavas 13a \u017eem\u0117s sklypas; \u2013 Parkavimo vietos. Koordinat\u0117s: maps.lt \u2013 55.526770, 25.117306\" \/>\n<meta property=\"og:url\" content=\"https:\/\/www.namude.lt\/objektas\/parduodamas-butas-anyksciu-mieste-biliuno-gatveje\/\" \/>\n<meta property=\"og:site_name\" content=\"Namud\u0117\" \/>\n<meta property=\"article:modified_time\" content=\"2026-04-04T08:33:23+00:00\" \/>\n<meta property=\"og:image\" content=\"https:\/\/www.namude.lt\/wp-content\/uploads\/2026\/02\/1-1.jpg\" \/>\n\t<meta property=\"og:image:width\" content=\"2400\" \/>\n\t<meta property=\"og:image:height\" content=\"1800\" \/>\n\t<meta property=\"og:image:type\" content=\"image\/jpeg\" \/>\n<meta name=\"twitter:card\" content=\"summary_large_image\" \/>\n<script type=\"application\/ld+json\" class=\"yoast-schema-graph\">{\"@context\":\"https:\/\/schema.org\",\"@graph\":[{\"@type\":\"WebPage\",\"@id\":\"https:\/\/www.namude.lt\/objektas\/parduodamas-butas-anyksciu-mieste-biliuno-gatveje\/\",\"url\":\"https:\/\/www.namude.lt\/objektas\/parduodamas-butas-anyksciu-mieste-biliuno-gatveje\/\",\"name\":\"PARDUODAMAS BUTAS \u2013 ANYK\u0160\u010cI\u0172 MIESTE, BILI\u016aNO GATV\u0116JE. - Namud\u0117\",\"isPartOf\":{\"@id\":\"https:\/\/www.namude.lt\/#website\"},\"primaryImageOfPage\":{\"@id\":\"https:\/\/www.namude.lt\/objektas\/parduodamas-butas-anyksciu-mieste-biliuno-gatveje\/#primaryimage\"},\"image\":{\"@id\":\"https:\/\/www.namude.lt\/objektas\/parduodamas-butas-anyksciu-mieste-biliuno-gatveje\/#primaryimage\"},\"thumbnailUrl\":\"https:\/\/www.namude.lt\/wp-content\/uploads\/2026\/02\/1-1.jpg\",\"datePublished\":\"2026-02-03T09:59:21+00:00\",\"dateModified\":\"2026-04-04T08:33:23+00:00\",\"breadcrumb\":{\"@id\":\"https:\/\/www.namude.lt\/objektas\/parduodamas-butas-anyksciu-mieste-biliuno-gatveje\/#breadcrumb\"},\"inLanguage\":\"en-US\",\"potentialAction\":[{\"@type\":\"ReadAction\",\"target\":[\"https:\/\/www.namude.lt\/objektas\/parduodamas-butas-anyksciu-mieste-biliuno-gatveje\/\"]}]},{\"@type\":\"ImageObject\",\"inLanguage\":\"en-US\",\"@id\":\"https:\/\/www.namude.lt\/objektas\/parduodamas-butas-anyksciu-mieste-biliuno-gatveje\/#primaryimage\",\"url\":\"https:\/\/www.namude.lt\/wp-content\/uploads\/2026\/02\/1-1.jpg\",\"contentUrl\":\"https:\/\/www.namude.lt\/wp-content\/uploads\/2026\/02\/1-1.jpg\",\"width\":2400,\"height\":1800},{\"@type\":\"BreadcrumbList\",\"@id\":\"https:\/\/www.namude.lt\/objektas\/parduodamas-butas-anyksciu-mieste-biliuno-gatveje\/#breadcrumb\",\"itemListElement\":[{\"@type\":\"ListItem\",\"position\":1,\"name\":\"Home\",\"item\":\"https:\/\/www.namude.lt\/en\/\"},{\"@type\":\"ListItem\",\"position\":2,\"name\":\"Real estate\",\"item\":\"https:\/\/www.namude.lt\/en\/real-estate\/\"},{\"@type\":\"ListItem\",\"position\":3,\"name\":\"PARDUODAMAS BUTAS \u2013 ANYK\u0160\u010cI\u0172 MIESTE, BILI\u016aNO GATV\u0116JE.\"}]},{\"@type\":\"WebSite\",\"@id\":\"https:\/\/www.namude.lt\/#website\",\"url\":\"https:\/\/www.namude.lt\/\",\"name\":\"Namud\u0117\",\"description\":\"\u201eNamud\u0117\u201c \u2013 agent\u016bra, pardavin\u0117janti Auk\u0161taitijos NT grynuolius.\",\"publisher\":{\"@id\":\"https:\/\/www.namude.lt\/#organization\"},\"potentialAction\":[{\"@type\":\"SearchAction\",\"target\":{\"@type\":\"EntryPoint\",\"urlTemplate\":\"https:\/\/www.namude.lt\/?s={search_term_string}\"},\"query-input\":{\"@type\":\"PropertyValueSpecification\",\"valueRequired\":true,\"valueName\":\"search_term_string\"}}],\"inLanguage\":\"en-US\"},{\"@type\":\"Organization\",\"@id\":\"https:\/\/www.namude.lt\/#organization\",\"name\":\"Namud\u0117\",\"url\":\"https:\/\/www.namude.lt\/\",\"logo\":{\"@type\":\"ImageObject\",\"inLanguage\":\"en-US\",\"@id\":\"https:\/\/www.namude.lt\/#\/schema\/logo\/image\/\",\"url\":\"https:\/\/www.namude.lt\/wp-content\/uploads\/2023\/11\/logo-symbol.svg\",\"contentUrl\":\"https:\/\/www.namude.lt\/wp-content\/uploads\/2023\/11\/logo-symbol.svg\",\"width\":1,\"height\":1,\"caption\":\"Namud\u0117\"},\"image\":{\"@id\":\"https:\/\/www.namude.lt\/#\/schema\/logo\/image\/\"}}]}<\/script>\n<!-- \/ Yoast SEO plugin. -->","yoast_head_json":{"title":"PARDUODAMAS BUTAS \u2013 ANYK\u0160\u010cI\u0172 MIESTE, BILI\u016aNO GATV\u0116JE. - Namud\u0117","robots":{"index":"index","follow":"follow","max-snippet":"max-snippet:-1","max-image-preview":"max-image-preview:large","max-video-preview":"max-video-preview:-1"},"canonical":"https:\/\/www.namude.lt\/objektas\/parduodamas-butas-anyksciu-mieste-biliuno-gatveje\/","og_locale":"en_US","og_type":"article","og_title":"PARDUODAMAS BUTAS \u2013 ANYK\u0160\u010cI\u0172 MIESTE, BILI\u016aNO GATV\u0116JE. - Namud\u0117","og_description":"Ie\u0161kote savo svajoni\u0173 b\u016bsto arba investavimo galimyb\u0117s puikioje miesto vietoje? \u0160is butas \u2013 tai komfortas, patogus gyvenimas ir auganti vert\u0117 viename! Anyk\u0161\u010diai \u2013 vienas \u017eaviausi\u0173 ir dinami\u0161kiausi\u0173 miest\u0173, gars\u0117jantis turtinga gamta, aktyviais laisvalaikio mar\u0161rutais, kult\u016briniu gyvenimu ir puikia infrastrukt\u016bra. Buto vieta: Bili\u016bno g. 40, miesto centre, pirmas auk\u0161tas \u2013 optimalus pasirinkimas \u0161eimai arba nuomai. PRIVALUMAI: \u2013 Butas 55kv m. (1 auk\u0161tas, buto i\u0161planavimas \u2013 2 miegamieji, svetain\u0117, virtuve, vonios kambarys, r\u016bsys. \u0160ildomas dujomis ir oras-oras, kietu kuru); \u2013 Jaukiai \u012frengtas butas; \u2013Vonia ir tualetas bendroje patalpoje; \u2013 Parduodamas su visais baldais ir buitine technika; \u2013 Nuosavas 13a \u017eem\u0117s sklypas; \u2013 Parkavimo vietos. Koordinat\u0117s: maps.lt \u2013 55.526770, 25.117306","og_url":"https:\/\/www.namude.lt\/objektas\/parduodamas-butas-anyksciu-mieste-biliuno-gatveje\/","og_site_name":"Namud\u0117","article_modified_time":"2026-04-04T08:33:23+00:00","og_image":[{"width":2400,"height":1800,"url":"https:\/\/www.namude.lt\/wp-content\/uploads\/2026\/02\/1-1.jpg","type":"image\/jpeg"}],"twitter_card":"summary_large_image","schema":{"@context":"https:\/\/schema.org","@graph":[{"@type":"WebPage","@id":"https:\/\/www.namude.lt\/objektas\/parduodamas-butas-anyksciu-mieste-biliuno-gatveje\/","url":"https:\/\/www.namude.lt\/objektas\/parduodamas-butas-anyksciu-mieste-biliuno-gatveje\/","name":"PARDUODAMAS BUTAS \u2013 ANYK\u0160\u010cI\u0172 MIESTE, BILI\u016aNO GATV\u0116JE. - Namud\u0117","isPartOf":{"@id":"https:\/\/www.namude.lt\/#website"},"primaryImageOfPage":{"@id":"https:\/\/www.namude.lt\/objektas\/parduodamas-butas-anyksciu-mieste-biliuno-gatveje\/#primaryimage"},"image":{"@id":"https:\/\/www.namude.lt\/objektas\/parduodamas-butas-anyksciu-mieste-biliuno-gatveje\/#primaryimage"},"thumbnailUrl":"https:\/\/www.namude.lt\/wp-content\/uploads\/2026\/02\/1-1.jpg","datePublished":"2026-02-03T09:59:21+00:00","dateModified":"2026-04-04T08:33:23+00:00","breadcrumb":{"@id":"https:\/\/www.namude.lt\/objektas\/parduodamas-butas-anyksciu-mieste-biliuno-gatveje\/#breadcrumb"},"inLanguage":"en-US","potentialAction":[{"@type":"ReadAction","target":["https:\/\/www.namude.lt\/objektas\/parduodamas-butas-anyksciu-mieste-biliuno-gatveje\/"]}]},{"@type":"ImageObject","inLanguage":"en-US","@id":"https:\/\/www.namude.lt\/objektas\/parduodamas-butas-anyksciu-mieste-biliuno-gatveje\/#primaryimage","url":"https:\/\/www.namude.lt\/wp-content\/uploads\/2026\/02\/1-1.jpg","contentUrl":"https:\/\/www.namude.lt\/wp-content\/uploads\/2026\/02\/1-1.jpg","width":2400,"height":1800},{"@type":"BreadcrumbList","@id":"https:\/\/www.namude.lt\/objektas\/parduodamas-butas-anyksciu-mieste-biliuno-gatveje\/#breadcrumb","itemListElement":[{"@type":"ListItem","position":1,"name":"Home","item":"https:\/\/www.namude.lt\/en\/"},{"@type":"ListItem","position":2,"name":"Real estate","item":"https:\/\/www.namude.lt\/en\/real-estate\/"},{"@type":"ListItem","position":3,"name":"PARDUODAMAS BUTAS \u2013 ANYK\u0160\u010cI\u0172 MIESTE, BILI\u016aNO GATV\u0116JE."}]},{"@type":"WebSite","@id":"https:\/\/www.namude.lt\/#website","url":"https:\/\/www.namude.lt\/","name":"Namud\u0117","description":"\u201eNamud\u0117\u201c \u2013 agent\u016bra, pardavin\u0117janti Auk\u0161taitijos NT grynuolius.","publisher":{"@id":"https:\/\/www.namude.lt\/#organization"},"potentialAction":[{"@type":"SearchAction","target":{"@type":"EntryPoint","urlTemplate":"https:\/\/www.namude.lt\/?s={search_term_string}"},"query-input":{"@type":"PropertyValueSpecification","valueRequired":true,"valueName":"search_term_string"}}],"inLanguage":"en-US"},{"@type":"Organization","@id":"https:\/\/www.namude.lt\/#organization","name":"Namud\u0117","url":"https:\/\/www.namude.lt\/","logo":{"@type":"ImageObject","inLanguage":"en-US","@id":"https:\/\/www.namude.lt\/#\/schema\/logo\/image\/","url":"https:\/\/www.namude.lt\/wp-content\/uploads\/2023\/11\/logo-symbol.svg","contentUrl":"https:\/\/www.namude.lt\/wp-content\/uploads\/2023\/11\/logo-symbol.svg","width":1,"height":1,"caption":"Namud\u0117"},"image":{"@id":"https:\/\/www.namude.lt\/#\/schema\/logo\/image\/"}}]}},"_links":{"self":[{"href":"https:\/\/www.namude.lt\/en\/wp-json\/wp\/v2\/product\/24383","targetHints":{"allow":["GET"]}}],"collection":[{"href":"https:\/\/www.namude.lt\/en\/wp-json\/wp\/v2\/product"}],"about":[{"href":"https:\/\/www.namude.lt\/en\/wp-json\/wp\/v2\/types\/product"}],"wp:featuredmedia":[{"embeddable":true,"href":"https:\/\/www.namude.lt\/en\/wp-json\/wp\/v2\/media\/24384"}],"wp:attachment":[{"href":"https:\/\/www.namude.lt\/en\/wp-json\/wp\/v2\/media?parent=24383"}],"wp:term":[{"taxonomy":"product_brand","embeddable":true,"href":"https:\/\/www.namude.lt\/en\/wp-json\/wp\/v2\/product_brand?post=24383"},{"taxonomy":"product_cat","embeddable":true,"href":"https:\/\/www.namude.lt\/en\/wp-json\/wp\/v2\/product_cat?post=24383"},{"taxonomy":"product_tag","embeddable":true,"href":"https:\/\/www.namude.lt\/en\/wp-json\/wp\/v2\/product_tag?post=24383"}],"curies":[{"name":"wp","href":"https:\/\/api.w.org\/{rel}","templated":true}]}}