{"id":24229,"date":"2026-01-28T10:51:12","date_gmt":"2026-01-28T08:51:12","guid":{"rendered":"https:\/\/www.namude.lt\/?post_type=product&#038;p=24229"},"modified":"2026-04-07T09:32:11","modified_gmt":"2026-04-07T06:32:11","slug":"parduodamas-1077-ha-zemes-sklypas-su-sena-sodyba-utenos-rajone","status":"publish","type":"product","link":"https:\/\/www.namude.lt\/en\/object\/parduodamas-1077-ha-zemes-sklypas-su-sena-sodyba-utenos-rajone\/","title":{"rendered":"PARDUODAMAS 10,77 HA \u017dEM\u0116S SKLYPAS SU SENA SODYBA UTENOS RAJONE"},"content":{"rendered":"","protected":false},"excerpt":{"rendered":"<p><strong>Parduodamas 10,77 ha \u017eem\u0117s \u016bkio paskirties sklypas su esama sena sodyba Utenos r., Tauragn\u0173 sen., Kalvi\u0173 k. 16.<\/strong><a href=\"https:\/\/www.namude.lt\/kategorija\/sodybos\/?filter_rajonas=utenos-rajonas&#038;query_type_rajonas=or\"><\/a> Sklypas idealiai tinka ramybei, poilsiui ar gyvenimui gamtos apsuptyje.<br \/>\nSklypo privalumai:<br \/>\n\u2022\t\u012eregistruoti pastatai: r\u0105stinis gyvenamasis namas, \u016bkinis pastatas, pirtis, lauko virtuv\u0117<br \/>\n\u2022\t\u0160ulinys, sodas, atvesta elektros oro linija<br \/>\n\u2022\tDid\u017eioji dalis sklypo apaugusi jaunu mi\u0161ku (dominuoja ber\u017eynai)<br \/>\n\u2022\tPaskirtis: \u017eem\u0117s \u016bkio; na\u0161umo balas \u2013 34,2<br \/>\n\u2022\tU\u017estatyta teritorija: 0,40 ha<br \/>\n\u2022\tSklypo forma: taisyklingas sta\u010diakampis, lengvai planuojama individualiai statybai<br \/>\nVieta ir aplinka:<br \/>\n\u2022\tArtimiausias kaimynas ~0,5 km<br \/>\n\u2022\tIki Utenos \u2013 ~15 km<br \/>\n\u2022\tNetoliese: Klyki\u0173 e\u017eeras (~5 km), Tauragn\u0173 e\u017eeras (<10 km, giliausias Lietuvoje)\n\u2022\tRami gamtin\u0117 aplinka, puikiai tinka sodybai ar poilsiui\nKoordinat\u0117s: 55.490276, 25.805140\n\n<\/p>\n","protected":false},"featured_media":26179,"template":"","meta":{"_acf_changed":false},"product_brand":[],"product_cat":[23],"product_tag":[],"class_list":{"0":"post-24229","1":"product","2":"type-product","3":"status-publish","4":"has-post-thumbnail","6":"product_cat-sodybos","7":"pa_rajonas-utenos-rajonas","8":"description-off","10":"first","11":"instock","12":"shipping-taxable","13":"purchasable","14":"product-type-simple"},"acf":[],"yoast_head":"<!-- This site is optimized with the Yoast SEO plugin v27.4 - https:\/\/yoast.com\/product\/yoast-seo-wordpress\/ -->\n<title>PARDUODAMAS 10,77 HA \u017dEM\u0116S SKLYPAS SU SENA SODYBA UTENOS RAJONE - Namud\u0117<\/title>\n<meta name=\"robots\" content=\"index, follow, max-snippet:-1, max-image-preview:large, max-video-preview:-1\" \/>\n<link rel=\"canonical\" href=\"https:\/\/www.namude.lt\/objektas\/parduodamas-1077-ha-zemes-sklypas-su-sena-sodyba-utenos-rajone\/\" \/>\n<meta property=\"og:locale\" content=\"en_US\" \/>\n<meta property=\"og:type\" content=\"article\" \/>\n<meta property=\"og:title\" content=\"PARDUODAMAS 10,77 HA \u017dEM\u0116S SKLYPAS SU SENA SODYBA UTENOS RAJONE - Namud\u0117\" \/>\n<meta property=\"og:description\" content=\"Parduodamas 10,77 ha \u017eem\u0117s \u016bkio paskirties sklypas su esama sena sodyba Utenos r., Tauragn\u0173 sen., Kalvi\u0173 k. 16. Sklypas idealiai tinka ramybei, poilsiui ar gyvenimui gamtos apsuptyje. Sklypo privalumai: \u2022 \u012eregistruoti pastatai: r\u0105stinis gyvenamasis namas, \u016bkinis pastatas, pirtis, lauko virtuv\u0117 \u2022 \u0160ulinys, sodas, atvesta elektros oro linija \u2022 Did\u017eioji dalis sklypo apaugusi jaunu mi\u0161ku (dominuoja ber\u017eynai) \u2022 Paskirtis: \u017eem\u0117s \u016bkio; na\u0161umo balas \u2013 34,2 \u2022 U\u017estatyta teritorija: 0,40 ha \u2022 Sklypo forma: taisyklingas sta\u010diakampis, lengvai planuojama individualiai statybai Vieta ir aplinka: \u2022 Artimiausias kaimynas ~0,5 km  \u2022 Iki Utenos \u2013 ~15 km \u2022 Netoliese: Klyki\u0173 e\u017eeras (~5 km), Tauragn\u0173 e\u017eeras (\" \/>\n<meta property=\"og:url\" content=\"https:\/\/www.namude.lt\/objektas\/parduodamas-1077-ha-zemes-sklypas-su-sena-sodyba-utenos-rajone\/\" \/>\n<meta property=\"og:site_name\" content=\"Namud\u0117\" \/>\n<meta property=\"article:modified_time\" content=\"2026-04-07T06:32:11+00:00\" \/>\n<meta property=\"og:image\" content=\"https:\/\/www.namude.lt\/wp-content\/uploads\/2026\/01\/2-5.jpg\" \/>\n\t<meta property=\"og:image:width\" content=\"800\" \/>\n\t<meta property=\"og:image:height\" content=\"518\" \/>\n\t<meta property=\"og:image:type\" content=\"image\/jpeg\" \/>\n<meta name=\"twitter:card\" content=\"summary_large_image\" \/>\n<script type=\"application\/ld+json\" class=\"yoast-schema-graph\">{\"@context\":\"https:\\\/\\\/schema.org\",\"@graph\":[{\"@type\":\"WebPage\",\"@id\":\"https:\\\/\\\/www.namude.lt\\\/objektas\\\/parduodamas-1077-ha-zemes-sklypas-su-sena-sodyba-utenos-rajone\\\/\",\"url\":\"https:\\\/\\\/www.namude.lt\\\/objektas\\\/parduodamas-1077-ha-zemes-sklypas-su-sena-sodyba-utenos-rajone\\\/\",\"name\":\"PARDUODAMAS 10,77 HA \u017dEM\u0116S SKLYPAS SU SENA SODYBA UTENOS RAJONE - Namud\u0117\",\"isPartOf\":{\"@id\":\"https:\\\/\\\/www.namude.lt\\\/#website\"},\"primaryImageOfPage\":{\"@id\":\"https:\\\/\\\/www.namude.lt\\\/objektas\\\/parduodamas-1077-ha-zemes-sklypas-su-sena-sodyba-utenos-rajone\\\/#primaryimage\"},\"image\":{\"@id\":\"https:\\\/\\\/www.namude.lt\\\/objektas\\\/parduodamas-1077-ha-zemes-sklypas-su-sena-sodyba-utenos-rajone\\\/#primaryimage\"},\"thumbnailUrl\":\"https:\\\/\\\/www.namude.lt\\\/wp-content\\\/uploads\\\/2026\\\/01\\\/2-5.jpg\",\"datePublished\":\"2026-01-28T08:51:12+00:00\",\"dateModified\":\"2026-04-07T06:32:11+00:00\",\"breadcrumb\":{\"@id\":\"https:\\\/\\\/www.namude.lt\\\/objektas\\\/parduodamas-1077-ha-zemes-sklypas-su-sena-sodyba-utenos-rajone\\\/#breadcrumb\"},\"inLanguage\":\"en-US\",\"potentialAction\":[{\"@type\":\"ReadAction\",\"target\":[\"https:\\\/\\\/www.namude.lt\\\/objektas\\\/parduodamas-1077-ha-zemes-sklypas-su-sena-sodyba-utenos-rajone\\\/\"]}]},{\"@type\":\"ImageObject\",\"inLanguage\":\"en-US\",\"@id\":\"https:\\\/\\\/www.namude.lt\\\/objektas\\\/parduodamas-1077-ha-zemes-sklypas-su-sena-sodyba-utenos-rajone\\\/#primaryimage\",\"url\":\"https:\\\/\\\/www.namude.lt\\\/wp-content\\\/uploads\\\/2026\\\/01\\\/2-5.jpg\",\"contentUrl\":\"https:\\\/\\\/www.namude.lt\\\/wp-content\\\/uploads\\\/2026\\\/01\\\/2-5.jpg\",\"width\":800,\"height\":518},{\"@type\":\"BreadcrumbList\",\"@id\":\"https:\\\/\\\/www.namude.lt\\\/objektas\\\/parduodamas-1077-ha-zemes-sklypas-su-sena-sodyba-utenos-rajone\\\/#breadcrumb\",\"itemListElement\":[{\"@type\":\"ListItem\",\"position\":1,\"name\":\"Home\",\"item\":\"https:\\\/\\\/www.namude.lt\\\/en\\\/\"},{\"@type\":\"ListItem\",\"position\":2,\"name\":\"Real estate\",\"item\":\"https:\\\/\\\/www.namude.lt\\\/en\\\/real-estate\\\/\"},{\"@type\":\"ListItem\",\"position\":3,\"name\":\"PARDUODAMAS 10,77 HA \u017dEM\u0116S SKLYPAS SU SENA SODYBA UTENOS RAJONE\"}]},{\"@type\":\"WebSite\",\"@id\":\"https:\\\/\\\/www.namude.lt\\\/#website\",\"url\":\"https:\\\/\\\/www.namude.lt\\\/\",\"name\":\"Namud\u0117\",\"description\":\"\u201eNamud\u0117\u201c \u2013 agent\u016bra, pardavin\u0117janti Auk\u0161taitijos NT grynuolius.\",\"publisher\":{\"@id\":\"https:\\\/\\\/www.namude.lt\\\/#organization\"},\"potentialAction\":[{\"@type\":\"SearchAction\",\"target\":{\"@type\":\"EntryPoint\",\"urlTemplate\":\"https:\\\/\\\/www.namude.lt\\\/?s={search_term_string}\"},\"query-input\":{\"@type\":\"PropertyValueSpecification\",\"valueRequired\":true,\"valueName\":\"search_term_string\"}}],\"inLanguage\":\"en-US\"},{\"@type\":\"Organization\",\"@id\":\"https:\\\/\\\/www.namude.lt\\\/#organization\",\"name\":\"Namud\u0117\",\"url\":\"https:\\\/\\\/www.namude.lt\\\/\",\"logo\":{\"@type\":\"ImageObject\",\"inLanguage\":\"en-US\",\"@id\":\"https:\\\/\\\/www.namude.lt\\\/#\\\/schema\\\/logo\\\/image\\\/\",\"url\":\"https:\\\/\\\/www.namude.lt\\\/wp-content\\\/uploads\\\/2023\\\/11\\\/logo-symbol.svg\",\"contentUrl\":\"https:\\\/\\\/www.namude.lt\\\/wp-content\\\/uploads\\\/2023\\\/11\\\/logo-symbol.svg\",\"width\":1,\"height\":1,\"caption\":\"Namud\u0117\"},\"image\":{\"@id\":\"https:\\\/\\\/www.namude.lt\\\/#\\\/schema\\\/logo\\\/image\\\/\"}}]}<\/script>\n<!-- \/ Yoast SEO plugin. -->","yoast_head_json":{"title":"PARDUODAMAS 10,77 HA \u017dEM\u0116S SKLYPAS SU SENA SODYBA UTENOS RAJONE - Namud\u0117","robots":{"index":"index","follow":"follow","max-snippet":"max-snippet:-1","max-image-preview":"max-image-preview:large","max-video-preview":"max-video-preview:-1"},"canonical":"https:\/\/www.namude.lt\/objektas\/parduodamas-1077-ha-zemes-sklypas-su-sena-sodyba-utenos-rajone\/","og_locale":"en_US","og_type":"article","og_title":"PARDUODAMAS 10,77 HA \u017dEM\u0116S SKLYPAS SU SENA SODYBA UTENOS RAJONE - Namud\u0117","og_description":"Parduodamas 10,77 ha \u017eem\u0117s \u016bkio paskirties sklypas su esama sena sodyba Utenos r., Tauragn\u0173 sen., Kalvi\u0173 k. 16. Sklypas idealiai tinka ramybei, poilsiui ar gyvenimui gamtos apsuptyje. Sklypo privalumai: \u2022 \u012eregistruoti pastatai: r\u0105stinis gyvenamasis namas, \u016bkinis pastatas, pirtis, lauko virtuv\u0117 \u2022 \u0160ulinys, sodas, atvesta elektros oro linija \u2022 Did\u017eioji dalis sklypo apaugusi jaunu mi\u0161ku (dominuoja ber\u017eynai) \u2022 Paskirtis: \u017eem\u0117s \u016bkio; na\u0161umo balas \u2013 34,2 \u2022 U\u017estatyta teritorija: 0,40 ha \u2022 Sklypo forma: taisyklingas sta\u010diakampis, lengvai planuojama individualiai statybai Vieta ir aplinka: \u2022 Artimiausias kaimynas ~0,5 km  \u2022 Iki Utenos \u2013 ~15 km \u2022 Netoliese: Klyki\u0173 e\u017eeras (~5 km), Tauragn\u0173 e\u017eeras (","og_url":"https:\/\/www.namude.lt\/objektas\/parduodamas-1077-ha-zemes-sklypas-su-sena-sodyba-utenos-rajone\/","og_site_name":"Namud\u0117","article_modified_time":"2026-04-07T06:32:11+00:00","og_image":[{"width":800,"height":518,"url":"https:\/\/www.namude.lt\/wp-content\/uploads\/2026\/01\/2-5.jpg","type":"image\/jpeg"}],"twitter_card":"summary_large_image","schema":{"@context":"https:\/\/schema.org","@graph":[{"@type":"WebPage","@id":"https:\/\/www.namude.lt\/objektas\/parduodamas-1077-ha-zemes-sklypas-su-sena-sodyba-utenos-rajone\/","url":"https:\/\/www.namude.lt\/objektas\/parduodamas-1077-ha-zemes-sklypas-su-sena-sodyba-utenos-rajone\/","name":"PARDUODAMAS 10,77 HA \u017dEM\u0116S SKLYPAS SU SENA SODYBA UTENOS RAJONE - Namud\u0117","isPartOf":{"@id":"https:\/\/www.namude.lt\/#website"},"primaryImageOfPage":{"@id":"https:\/\/www.namude.lt\/objektas\/parduodamas-1077-ha-zemes-sklypas-su-sena-sodyba-utenos-rajone\/#primaryimage"},"image":{"@id":"https:\/\/www.namude.lt\/objektas\/parduodamas-1077-ha-zemes-sklypas-su-sena-sodyba-utenos-rajone\/#primaryimage"},"thumbnailUrl":"https:\/\/www.namude.lt\/wp-content\/uploads\/2026\/01\/2-5.jpg","datePublished":"2026-01-28T08:51:12+00:00","dateModified":"2026-04-07T06:32:11+00:00","breadcrumb":{"@id":"https:\/\/www.namude.lt\/objektas\/parduodamas-1077-ha-zemes-sklypas-su-sena-sodyba-utenos-rajone\/#breadcrumb"},"inLanguage":"en-US","potentialAction":[{"@type":"ReadAction","target":["https:\/\/www.namude.lt\/objektas\/parduodamas-1077-ha-zemes-sklypas-su-sena-sodyba-utenos-rajone\/"]}]},{"@type":"ImageObject","inLanguage":"en-US","@id":"https:\/\/www.namude.lt\/objektas\/parduodamas-1077-ha-zemes-sklypas-su-sena-sodyba-utenos-rajone\/#primaryimage","url":"https:\/\/www.namude.lt\/wp-content\/uploads\/2026\/01\/2-5.jpg","contentUrl":"https:\/\/www.namude.lt\/wp-content\/uploads\/2026\/01\/2-5.jpg","width":800,"height":518},{"@type":"BreadcrumbList","@id":"https:\/\/www.namude.lt\/objektas\/parduodamas-1077-ha-zemes-sklypas-su-sena-sodyba-utenos-rajone\/#breadcrumb","itemListElement":[{"@type":"ListItem","position":1,"name":"Home","item":"https:\/\/www.namude.lt\/en\/"},{"@type":"ListItem","position":2,"name":"Real estate","item":"https:\/\/www.namude.lt\/en\/real-estate\/"},{"@type":"ListItem","position":3,"name":"PARDUODAMAS 10,77 HA \u017dEM\u0116S SKLYPAS SU SENA SODYBA UTENOS RAJONE"}]},{"@type":"WebSite","@id":"https:\/\/www.namude.lt\/#website","url":"https:\/\/www.namude.lt\/","name":"Namud\u0117","description":"\u201eNamud\u0117\u201c \u2013 agent\u016bra, pardavin\u0117janti Auk\u0161taitijos NT grynuolius.","publisher":{"@id":"https:\/\/www.namude.lt\/#organization"},"potentialAction":[{"@type":"SearchAction","target":{"@type":"EntryPoint","urlTemplate":"https:\/\/www.namude.lt\/?s={search_term_string}"},"query-input":{"@type":"PropertyValueSpecification","valueRequired":true,"valueName":"search_term_string"}}],"inLanguage":"en-US"},{"@type":"Organization","@id":"https:\/\/www.namude.lt\/#organization","name":"Namud\u0117","url":"https:\/\/www.namude.lt\/","logo":{"@type":"ImageObject","inLanguage":"en-US","@id":"https:\/\/www.namude.lt\/#\/schema\/logo\/image\/","url":"https:\/\/www.namude.lt\/wp-content\/uploads\/2023\/11\/logo-symbol.svg","contentUrl":"https:\/\/www.namude.lt\/wp-content\/uploads\/2023\/11\/logo-symbol.svg","width":1,"height":1,"caption":"Namud\u0117"},"image":{"@id":"https:\/\/www.namude.lt\/#\/schema\/logo\/image\/"}}]}},"_links":{"self":[{"href":"https:\/\/www.namude.lt\/en\/wp-json\/wp\/v2\/product\/24229","targetHints":{"allow":["GET"]}}],"collection":[{"href":"https:\/\/www.namude.lt\/en\/wp-json\/wp\/v2\/product"}],"about":[{"href":"https:\/\/www.namude.lt\/en\/wp-json\/wp\/v2\/types\/product"}],"wp:featuredmedia":[{"embeddable":true,"href":"https:\/\/www.namude.lt\/en\/wp-json\/wp\/v2\/media\/26179"}],"wp:attachment":[{"href":"https:\/\/www.namude.lt\/en\/wp-json\/wp\/v2\/media?parent=24229"}],"wp:term":[{"taxonomy":"product_brand","embeddable":true,"href":"https:\/\/www.namude.lt\/en\/wp-json\/wp\/v2\/product_brand?post=24229"},{"taxonomy":"product_cat","embeddable":true,"href":"https:\/\/www.namude.lt\/en\/wp-json\/wp\/v2\/product_cat?post=24229"},{"taxonomy":"product_tag","embeddable":true,"href":"https:\/\/www.namude.lt\/en\/wp-json\/wp\/v2\/product_tag?post=24229"}],"curies":[{"name":"wp","href":"https:\/\/api.w.org\/{rel}","templated":true}]}}