{"id":24018,"date":"2025-12-17T14:19:57","date_gmt":"2025-12-17T12:19:57","guid":{"rendered":"https:\/\/www.namude.lt\/?post_type=product&#038;p=24018"},"modified":"2026-03-20T09:19:17","modified_gmt":"2026-03-20T07:19:17","slug":"parduodamas-rastinis-gyvenamasis-namas-ignalinos-rajone-mielagenu-pakrastyje","status":"publish","type":"product","link":"https:\/\/www.namude.lt\/en\/object\/parduodamas-rastinis-gyvenamasis-namas-ignalinos-rajone-mielagenu-pakrastyje\/","title":{"rendered":"Parduodamas r\u0105stinis gyvenamasis namas Ignalinos rajone, Mielag\u0117n\u0173 pakra\u0161tyje."},"content":{"rendered":"","protected":false},"excerpt":{"rendered":"<p><strong>1977 m statybos namo bendras plotas \u2013 92.86 kv. m. Yra krosnis ir senovinis pe\u010dius, vietinis vandentiekis ir buitinis nuotek\u0173 \u0161alinimas.<\/strong><a href=\"https:\/\/www.namude.lt\/kategorija\/sodybos\/?filter_rajonas=ignalinos-rajonas&amp;query_type_rajonas=or\"><\/a> Sud\u0117ti \u0161iuolaikiniai langai su stiklo paketais. Taip pat nupirkta nauja gyvenamo namo stogui (\u201e Eternit\u201c) danga. Prie namo taip pat yra m\u016brinis kiemo r\u016bsys, \u016bkinis pastatas, geros b\u016bkl\u0117s pirtis, dar\u017ein\u0117, lauko virtuv\u0117, malkin\u0117, \u0161ulinys, r\u016bkykla, \u0161iltnamis, vaismed\u017ei\u0173 ir vaiskr\u016bmi\u0173. Po pastatais priklauso 0.33 ha nam\u0173 valdos sklypas. Saugumas \u2013 kaime yra  pastoviai gyvenan\u010di\u0173 \u017emoni\u0173. Mielag\u0117nuose yra maisto preki\u0173 parduotuv\u0117, seni\u016bnija, seneli\u0173 globos namai, ba\u017eny\u010dia ir t.t. Kursuoja autobusas \u012f rajono centr\u0105 \u2013 Ignalin\u0105. Geras priva\u017eiavimas visais met\u0173 laikais asfaltuotu keliu. Artimiausias miestas yra Ignalina \u2013 apie 25 km. Iki Vilniaus apie 110 km. Nuo Mielag\u0117n\u0173 apie 2 km yra Paliesiaus dvaras, kuriame vyksta koncertai, kult\u016briniai renginiai, veikia kavin\u0117. Netoliese yra Mila\u0161ai\u010dio (apie 4 km) ir Kiki\u017eerio (apie 2 km) e\u017eerai. Labai gera vieta ir puiki sodyba ne tik poilsiui, bet ir pastoviam gyvenimui.<\/p>\n","protected":false},"featured_media":25194,"template":"","meta":{"_acf_changed":false},"product_brand":[],"product_cat":[23],"product_tag":[],"class_list":{"0":"post-24018","1":"product","2":"type-product","3":"status-publish","4":"has-post-thumbnail","6":"product_cat-sodybos","7":"pa_rajonas-ignalinos-rajonas","8":"description-off","10":"first","11":"instock","12":"shipping-taxable","13":"purchasable","14":"product-type-simple"},"acf":[],"yoast_head":"<!-- This site is optimized with the Yoast SEO plugin v27.4 - https:\/\/yoast.com\/product\/yoast-seo-wordpress\/ -->\n<title>Parduodamas r\u0105stinis gyvenamasis namas Ignalinos rajone, Mielag\u0117n\u0173 pakra\u0161tyje. - Namud\u0117<\/title>\n<meta name=\"robots\" content=\"index, follow, max-snippet:-1, max-image-preview:large, max-video-preview:-1\" \/>\n<link rel=\"canonical\" href=\"https:\/\/www.namude.lt\/objektas\/parduodamas-rastinis-gyvenamasis-namas-ignalinos-rajone-mielagenu-pakrastyje\/\" \/>\n<meta property=\"og:locale\" content=\"en_US\" \/>\n<meta property=\"og:type\" content=\"article\" \/>\n<meta property=\"og:title\" content=\"Parduodamas r\u0105stinis gyvenamasis namas Ignalinos rajone, Mielag\u0117n\u0173 pakra\u0161tyje. - Namud\u0117\" \/>\n<meta property=\"og:description\" content=\"1977 m statybos namo bendras plotas \u2013 92.86 kv. m. Yra krosnis ir senovinis pe\u010dius, vietinis vandentiekis ir buitinis nuotek\u0173 \u0161alinimas. Sud\u0117ti \u0161iuolaikiniai langai su stiklo paketais. Taip pat nupirkta nauja gyvenamo namo stogui (\u201e Eternit\u201c) danga. Prie namo taip pat yra m\u016brinis kiemo r\u016bsys, \u016bkinis pastatas, geros b\u016bkl\u0117s pirtis, dar\u017ein\u0117, lauko virtuv\u0117, malkin\u0117, \u0161ulinys, r\u016bkykla, \u0161iltnamis, vaismed\u017ei\u0173 ir vaiskr\u016bmi\u0173. Po pastatais priklauso 0.33 ha nam\u0173 valdos sklypas. Saugumas \u2013 kaime yra pastoviai gyvenan\u010di\u0173 \u017emoni\u0173. Mielag\u0117nuose yra maisto preki\u0173 parduotuv\u0117, seni\u016bnija, seneli\u0173 globos namai, ba\u017eny\u010dia ir t.t. Kursuoja autobusas \u012f rajono centr\u0105 \u2013 Ignalin\u0105. Geras priva\u017eiavimas visais met\u0173 laikais asfaltuotu keliu. Artimiausias miestas yra Ignalina \u2013 apie 25 km. Iki Vilniaus apie 110 km. Nuo Mielag\u0117n\u0173 apie 2 km yra Paliesiaus dvaras, kuriame vyksta koncertai, kult\u016briniai renginiai, veikia kavin\u0117. Netoliese yra Mila\u0161ai\u010dio (apie 4 km) ir Kiki\u017eerio (apie 2 km) e\u017eerai. Labai gera vieta ir puiki sodyba ne tik poilsiui, bet ir pastoviam gyvenimui.\" \/>\n<meta property=\"og:url\" content=\"https:\/\/www.namude.lt\/objektas\/parduodamas-rastinis-gyvenamasis-namas-ignalinos-rajone-mielagenu-pakrastyje\/\" \/>\n<meta property=\"og:site_name\" content=\"Namud\u0117\" \/>\n<meta property=\"article:modified_time\" content=\"2026-03-20T07:19:17+00:00\" \/>\n<meta property=\"og:image\" content=\"https:\/\/www.namude.lt\/wp-content\/uploads\/2025\/12\/DSC02761.jpg\" \/>\n\t<meta property=\"og:image:width\" content=\"800\" \/>\n\t<meta property=\"og:image:height\" content=\"531\" \/>\n\t<meta property=\"og:image:type\" content=\"image\/jpeg\" \/>\n<meta name=\"twitter:card\" content=\"summary_large_image\" \/>\n<script type=\"application\/ld+json\" class=\"yoast-schema-graph\">{\"@context\":\"https:\\\/\\\/schema.org\",\"@graph\":[{\"@type\":\"WebPage\",\"@id\":\"https:\\\/\\\/www.namude.lt\\\/objektas\\\/parduodamas-rastinis-gyvenamasis-namas-ignalinos-rajone-mielagenu-pakrastyje\\\/\",\"url\":\"https:\\\/\\\/www.namude.lt\\\/objektas\\\/parduodamas-rastinis-gyvenamasis-namas-ignalinos-rajone-mielagenu-pakrastyje\\\/\",\"name\":\"Parduodamas r\u0105stinis gyvenamasis namas Ignalinos rajone, Mielag\u0117n\u0173 pakra\u0161tyje. - Namud\u0117\",\"isPartOf\":{\"@id\":\"https:\\\/\\\/www.namude.lt\\\/#website\"},\"primaryImageOfPage\":{\"@id\":\"https:\\\/\\\/www.namude.lt\\\/objektas\\\/parduodamas-rastinis-gyvenamasis-namas-ignalinos-rajone-mielagenu-pakrastyje\\\/#primaryimage\"},\"image\":{\"@id\":\"https:\\\/\\\/www.namude.lt\\\/objektas\\\/parduodamas-rastinis-gyvenamasis-namas-ignalinos-rajone-mielagenu-pakrastyje\\\/#primaryimage\"},\"thumbnailUrl\":\"https:\\\/\\\/www.namude.lt\\\/wp-content\\\/uploads\\\/2025\\\/12\\\/DSC02761.jpg\",\"datePublished\":\"2025-12-17T12:19:57+00:00\",\"dateModified\":\"2026-03-20T07:19:17+00:00\",\"breadcrumb\":{\"@id\":\"https:\\\/\\\/www.namude.lt\\\/objektas\\\/parduodamas-rastinis-gyvenamasis-namas-ignalinos-rajone-mielagenu-pakrastyje\\\/#breadcrumb\"},\"inLanguage\":\"en-US\",\"potentialAction\":[{\"@type\":\"ReadAction\",\"target\":[\"https:\\\/\\\/www.namude.lt\\\/objektas\\\/parduodamas-rastinis-gyvenamasis-namas-ignalinos-rajone-mielagenu-pakrastyje\\\/\"]}]},{\"@type\":\"ImageObject\",\"inLanguage\":\"en-US\",\"@id\":\"https:\\\/\\\/www.namude.lt\\\/objektas\\\/parduodamas-rastinis-gyvenamasis-namas-ignalinos-rajone-mielagenu-pakrastyje\\\/#primaryimage\",\"url\":\"https:\\\/\\\/www.namude.lt\\\/wp-content\\\/uploads\\\/2025\\\/12\\\/DSC02761.jpg\",\"contentUrl\":\"https:\\\/\\\/www.namude.lt\\\/wp-content\\\/uploads\\\/2025\\\/12\\\/DSC02761.jpg\",\"width\":800,\"height\":531},{\"@type\":\"BreadcrumbList\",\"@id\":\"https:\\\/\\\/www.namude.lt\\\/objektas\\\/parduodamas-rastinis-gyvenamasis-namas-ignalinos-rajone-mielagenu-pakrastyje\\\/#breadcrumb\",\"itemListElement\":[{\"@type\":\"ListItem\",\"position\":1,\"name\":\"Home\",\"item\":\"https:\\\/\\\/www.namude.lt\\\/en\\\/\"},{\"@type\":\"ListItem\",\"position\":2,\"name\":\"Real estate\",\"item\":\"https:\\\/\\\/www.namude.lt\\\/en\\\/real-estate\\\/\"},{\"@type\":\"ListItem\",\"position\":3,\"name\":\"Parduodamas r\u0105stinis gyvenamasis namas Ignalinos rajone, Mielag\u0117n\u0173 pakra\u0161tyje.\"}]},{\"@type\":\"WebSite\",\"@id\":\"https:\\\/\\\/www.namude.lt\\\/#website\",\"url\":\"https:\\\/\\\/www.namude.lt\\\/\",\"name\":\"Namud\u0117\",\"description\":\"\u201eNamud\u0117\u201c \u2013 agent\u016bra, pardavin\u0117janti Auk\u0161taitijos NT grynuolius.\",\"publisher\":{\"@id\":\"https:\\\/\\\/www.namude.lt\\\/#organization\"},\"potentialAction\":[{\"@type\":\"SearchAction\",\"target\":{\"@type\":\"EntryPoint\",\"urlTemplate\":\"https:\\\/\\\/www.namude.lt\\\/?s={search_term_string}\"},\"query-input\":{\"@type\":\"PropertyValueSpecification\",\"valueRequired\":true,\"valueName\":\"search_term_string\"}}],\"inLanguage\":\"en-US\"},{\"@type\":\"Organization\",\"@id\":\"https:\\\/\\\/www.namude.lt\\\/#organization\",\"name\":\"Namud\u0117\",\"url\":\"https:\\\/\\\/www.namude.lt\\\/\",\"logo\":{\"@type\":\"ImageObject\",\"inLanguage\":\"en-US\",\"@id\":\"https:\\\/\\\/www.namude.lt\\\/#\\\/schema\\\/logo\\\/image\\\/\",\"url\":\"https:\\\/\\\/www.namude.lt\\\/wp-content\\\/uploads\\\/2023\\\/11\\\/logo-symbol.svg\",\"contentUrl\":\"https:\\\/\\\/www.namude.lt\\\/wp-content\\\/uploads\\\/2023\\\/11\\\/logo-symbol.svg\",\"width\":1,\"height\":1,\"caption\":\"Namud\u0117\"},\"image\":{\"@id\":\"https:\\\/\\\/www.namude.lt\\\/#\\\/schema\\\/logo\\\/image\\\/\"}}]}<\/script>\n<!-- \/ Yoast SEO plugin. -->","yoast_head_json":{"title":"Parduodamas r\u0105stinis gyvenamasis namas Ignalinos rajone, Mielag\u0117n\u0173 pakra\u0161tyje. - Namud\u0117","robots":{"index":"index","follow":"follow","max-snippet":"max-snippet:-1","max-image-preview":"max-image-preview:large","max-video-preview":"max-video-preview:-1"},"canonical":"https:\/\/www.namude.lt\/objektas\/parduodamas-rastinis-gyvenamasis-namas-ignalinos-rajone-mielagenu-pakrastyje\/","og_locale":"en_US","og_type":"article","og_title":"Parduodamas r\u0105stinis gyvenamasis namas Ignalinos rajone, Mielag\u0117n\u0173 pakra\u0161tyje. - Namud\u0117","og_description":"1977 m statybos namo bendras plotas \u2013 92.86 kv. m. Yra krosnis ir senovinis pe\u010dius, vietinis vandentiekis ir buitinis nuotek\u0173 \u0161alinimas. Sud\u0117ti \u0161iuolaikiniai langai su stiklo paketais. Taip pat nupirkta nauja gyvenamo namo stogui (\u201e Eternit\u201c) danga. Prie namo taip pat yra m\u016brinis kiemo r\u016bsys, \u016bkinis pastatas, geros b\u016bkl\u0117s pirtis, dar\u017ein\u0117, lauko virtuv\u0117, malkin\u0117, \u0161ulinys, r\u016bkykla, \u0161iltnamis, vaismed\u017ei\u0173 ir vaiskr\u016bmi\u0173. Po pastatais priklauso 0.33 ha nam\u0173 valdos sklypas. Saugumas \u2013 kaime yra pastoviai gyvenan\u010di\u0173 \u017emoni\u0173. Mielag\u0117nuose yra maisto preki\u0173 parduotuv\u0117, seni\u016bnija, seneli\u0173 globos namai, ba\u017eny\u010dia ir t.t. Kursuoja autobusas \u012f rajono centr\u0105 \u2013 Ignalin\u0105. Geras priva\u017eiavimas visais met\u0173 laikais asfaltuotu keliu. Artimiausias miestas yra Ignalina \u2013 apie 25 km. Iki Vilniaus apie 110 km. Nuo Mielag\u0117n\u0173 apie 2 km yra Paliesiaus dvaras, kuriame vyksta koncertai, kult\u016briniai renginiai, veikia kavin\u0117. Netoliese yra Mila\u0161ai\u010dio (apie 4 km) ir Kiki\u017eerio (apie 2 km) e\u017eerai. Labai gera vieta ir puiki sodyba ne tik poilsiui, bet ir pastoviam gyvenimui.","og_url":"https:\/\/www.namude.lt\/objektas\/parduodamas-rastinis-gyvenamasis-namas-ignalinos-rajone-mielagenu-pakrastyje\/","og_site_name":"Namud\u0117","article_modified_time":"2026-03-20T07:19:17+00:00","og_image":[{"width":800,"height":531,"url":"https:\/\/www.namude.lt\/wp-content\/uploads\/2025\/12\/DSC02761.jpg","type":"image\/jpeg"}],"twitter_card":"summary_large_image","schema":{"@context":"https:\/\/schema.org","@graph":[{"@type":"WebPage","@id":"https:\/\/www.namude.lt\/objektas\/parduodamas-rastinis-gyvenamasis-namas-ignalinos-rajone-mielagenu-pakrastyje\/","url":"https:\/\/www.namude.lt\/objektas\/parduodamas-rastinis-gyvenamasis-namas-ignalinos-rajone-mielagenu-pakrastyje\/","name":"Parduodamas r\u0105stinis gyvenamasis namas Ignalinos rajone, Mielag\u0117n\u0173 pakra\u0161tyje. - Namud\u0117","isPartOf":{"@id":"https:\/\/www.namude.lt\/#website"},"primaryImageOfPage":{"@id":"https:\/\/www.namude.lt\/objektas\/parduodamas-rastinis-gyvenamasis-namas-ignalinos-rajone-mielagenu-pakrastyje\/#primaryimage"},"image":{"@id":"https:\/\/www.namude.lt\/objektas\/parduodamas-rastinis-gyvenamasis-namas-ignalinos-rajone-mielagenu-pakrastyje\/#primaryimage"},"thumbnailUrl":"https:\/\/www.namude.lt\/wp-content\/uploads\/2025\/12\/DSC02761.jpg","datePublished":"2025-12-17T12:19:57+00:00","dateModified":"2026-03-20T07:19:17+00:00","breadcrumb":{"@id":"https:\/\/www.namude.lt\/objektas\/parduodamas-rastinis-gyvenamasis-namas-ignalinos-rajone-mielagenu-pakrastyje\/#breadcrumb"},"inLanguage":"en-US","potentialAction":[{"@type":"ReadAction","target":["https:\/\/www.namude.lt\/objektas\/parduodamas-rastinis-gyvenamasis-namas-ignalinos-rajone-mielagenu-pakrastyje\/"]}]},{"@type":"ImageObject","inLanguage":"en-US","@id":"https:\/\/www.namude.lt\/objektas\/parduodamas-rastinis-gyvenamasis-namas-ignalinos-rajone-mielagenu-pakrastyje\/#primaryimage","url":"https:\/\/www.namude.lt\/wp-content\/uploads\/2025\/12\/DSC02761.jpg","contentUrl":"https:\/\/www.namude.lt\/wp-content\/uploads\/2025\/12\/DSC02761.jpg","width":800,"height":531},{"@type":"BreadcrumbList","@id":"https:\/\/www.namude.lt\/objektas\/parduodamas-rastinis-gyvenamasis-namas-ignalinos-rajone-mielagenu-pakrastyje\/#breadcrumb","itemListElement":[{"@type":"ListItem","position":1,"name":"Home","item":"https:\/\/www.namude.lt\/en\/"},{"@type":"ListItem","position":2,"name":"Real estate","item":"https:\/\/www.namude.lt\/en\/real-estate\/"},{"@type":"ListItem","position":3,"name":"Parduodamas r\u0105stinis gyvenamasis namas Ignalinos rajone, Mielag\u0117n\u0173 pakra\u0161tyje."}]},{"@type":"WebSite","@id":"https:\/\/www.namude.lt\/#website","url":"https:\/\/www.namude.lt\/","name":"Namud\u0117","description":"\u201eNamud\u0117\u201c \u2013 agent\u016bra, pardavin\u0117janti Auk\u0161taitijos NT grynuolius.","publisher":{"@id":"https:\/\/www.namude.lt\/#organization"},"potentialAction":[{"@type":"SearchAction","target":{"@type":"EntryPoint","urlTemplate":"https:\/\/www.namude.lt\/?s={search_term_string}"},"query-input":{"@type":"PropertyValueSpecification","valueRequired":true,"valueName":"search_term_string"}}],"inLanguage":"en-US"},{"@type":"Organization","@id":"https:\/\/www.namude.lt\/#organization","name":"Namud\u0117","url":"https:\/\/www.namude.lt\/","logo":{"@type":"ImageObject","inLanguage":"en-US","@id":"https:\/\/www.namude.lt\/#\/schema\/logo\/image\/","url":"https:\/\/www.namude.lt\/wp-content\/uploads\/2023\/11\/logo-symbol.svg","contentUrl":"https:\/\/www.namude.lt\/wp-content\/uploads\/2023\/11\/logo-symbol.svg","width":1,"height":1,"caption":"Namud\u0117"},"image":{"@id":"https:\/\/www.namude.lt\/#\/schema\/logo\/image\/"}}]}},"_links":{"self":[{"href":"https:\/\/www.namude.lt\/en\/wp-json\/wp\/v2\/product\/24018","targetHints":{"allow":["GET"]}}],"collection":[{"href":"https:\/\/www.namude.lt\/en\/wp-json\/wp\/v2\/product"}],"about":[{"href":"https:\/\/www.namude.lt\/en\/wp-json\/wp\/v2\/types\/product"}],"wp:featuredmedia":[{"embeddable":true,"href":"https:\/\/www.namude.lt\/en\/wp-json\/wp\/v2\/media\/25194"}],"wp:attachment":[{"href":"https:\/\/www.namude.lt\/en\/wp-json\/wp\/v2\/media?parent=24018"}],"wp:term":[{"taxonomy":"product_brand","embeddable":true,"href":"https:\/\/www.namude.lt\/en\/wp-json\/wp\/v2\/product_brand?post=24018"},{"taxonomy":"product_cat","embeddable":true,"href":"https:\/\/www.namude.lt\/en\/wp-json\/wp\/v2\/product_cat?post=24018"},{"taxonomy":"product_tag","embeddable":true,"href":"https:\/\/www.namude.lt\/en\/wp-json\/wp\/v2\/product_tag?post=24018"}],"curies":[{"name":"wp","href":"https:\/\/api.w.org\/{rel}","templated":true}]}}