{"id":23975,"date":"2025-11-26T14:12:07","date_gmt":"2025-11-26T12:12:07","guid":{"rendered":"https:\/\/www.namude.lt\/?post_type=product&#038;p=23975"},"modified":"2026-01-07T10:49:32","modified_gmt":"2026-01-07T08:49:32","slug":"parduodama-sodyba-tarp-duburio-ir-avilio-ezeru-zarasu-rajone","status":"publish","type":"product","link":"https:\/\/www.namude.lt\/en\/object\/parduodama-sodyba-tarp-duburio-ir-avilio-ezeru-zarasu-rajone\/","title":{"rendered":"PARDUODAMA SODYBA TARP DUBURIO IR AVILIO E\u017dER\u0172 ZARAS\u0172 RAJONE"},"content":{"rendered":"","protected":false},"excerpt":{"rendered":"<p>Parduodama senovin\u0117 sodyba Duburai\u010dio g. 12, Petrau\u010di\u0161ki\u0173 k., Imbrado sen., Zaras\u0173 r. \u2014 puiki galimyb\u0117 \u012fsigyti 2 ha dyd\u017eio sklyp\u0105 vaizdingame, mi\u0161k\u0173 ir e\u017eer\u0173 apsuptame kra\u0161te. Tai ideali vieta ie\u0161kantiems privatumo, gamtos ir laisv\u0117s.<br \/>\nSodyba yra dideli\u0173 e\u017eer\u0173 apsuptyje, kuriuose gal\u0117site i\u0161bandyti ne tik vandens pramogas, bet ir \u017evejyb\u0105 \u2013 iki e\u017eero Duburys 2,5km, D\u016bburai\u010dio 3km, Avilio 4,5km, \u010ci\u010dirio 8km. M\u0117gstantiems j\u0117gas atgauti mi\u0161k\u0119 &#8211; Kelp\u0161i\u0161ki\u0173 mi\u0161kas vos u\u017e 2km, o Sart\u0173 regioninis parkas \u2013 7km atstumu. Ie\u0161kantiems architekt\u016bros ir kult\u016bros paveldo &#8211; Antazav\u0117s dvaras, Imbrado ba\u017eny\u010dia ir miestelis, Duset\u0173 miestelis.<br \/>\nPRIVALUMAI:<br \/>\n\u2013 R\u0105stinis 121kv.m vieno auk\u0161to namas;<br \/>\n\u2013 \u0160ildymas \u2013 kieto kuro krosnimi;<br \/>\n-Teritorija auga brand\u016bs med\u017eiai ir vaismed\u017eiai yra tvenkinys;<br \/>\n\u2013 Sklypo plotas 2ha;<br \/>\n\u2013 Patogus priva\u017eiavimas visus metus. Iki Antazav\u0117 7km, Imbradas 12km, Dusetos 13km, Zaras\u0173 22km, Roki\u0161kis 42km, Utena ir Visaginas 48km,Panev\u0117\u017eys 125km, Vilnius 144km ir Kauno 183km.<\/p>\n","protected":false},"featured_media":23976,"template":"","meta":{"_acf_changed":false},"product_brand":[],"product_cat":[23],"product_tag":[],"class_list":{"0":"post-23975","1":"product","2":"type-product","3":"status-publish","4":"has-post-thumbnail","6":"product_cat-sodybos","7":"pa_rajonas-zarasu-rajonas","8":"description-off","10":"first","11":"instock","12":"shipping-taxable","13":"purchasable","14":"product-type-simple"},"acf":[],"yoast_head":"<!-- This site is optimized with the Yoast SEO plugin v27.4 - https:\/\/yoast.com\/product\/yoast-seo-wordpress\/ -->\n<title>PARDUODAMA SODYBA TARP DUBURIO IR AVILIO E\u017dER\u0172 ZARAS\u0172 RAJONE - Namud\u0117<\/title>\n<meta name=\"robots\" content=\"index, follow, max-snippet:-1, max-image-preview:large, max-video-preview:-1\" \/>\n<link rel=\"canonical\" href=\"https:\/\/www.namude.lt\/objektas\/parduodama-sodyba-tarp-duburio-ir-avilio-ezeru-zarasu-rajone\/\" \/>\n<meta property=\"og:locale\" content=\"en_US\" \/>\n<meta property=\"og:type\" content=\"article\" \/>\n<meta property=\"og:title\" content=\"PARDUODAMA SODYBA TARP DUBURIO IR AVILIO E\u017dER\u0172 ZARAS\u0172 RAJONE - Namud\u0117\" \/>\n<meta property=\"og:description\" content=\"Parduodama senovin\u0117 sodyba Duburai\u010dio g. 12, Petrau\u010di\u0161ki\u0173 k., Imbrado sen., Zaras\u0173 r. \u2014 puiki galimyb\u0117 \u012fsigyti 2 ha dyd\u017eio sklyp\u0105 vaizdingame, mi\u0161k\u0173 ir e\u017eer\u0173 apsuptame kra\u0161te. Tai ideali vieta ie\u0161kantiems privatumo, gamtos ir laisv\u0117s.  Sodyba yra dideli\u0173 e\u017eer\u0173 apsuptyje, kuriuose gal\u0117site i\u0161bandyti ne tik vandens pramogas, bet ir \u017evejyb\u0105 \u2013 iki e\u017eero Duburys 2,5km, D\u016bburai\u010dio 3km, Avilio 4,5km, \u010ci\u010dirio 8km. M\u0117gstantiems j\u0117gas atgauti mi\u0161k\u0119 - Kelp\u0161i\u0161ki\u0173 mi\u0161kas vos u\u017e 2km, o Sart\u0173 regioninis parkas \u2013 7km atstumu. Ie\u0161kantiems architekt\u016bros ir kult\u016bros paveldo - Antazav\u0117s dvaras, Imbrado ba\u017eny\u010dia ir miestelis, Duset\u0173 miestelis.  PRIVALUMAI: \u2013 R\u0105stinis 121kv.m vieno auk\u0161to namas;  \u2013 \u0160ildymas \u2013 kieto kuro krosnimi; -Teritorija auga brand\u016bs med\u017eiai ir vaismed\u017eiai yra tvenkinys; \u2013 Sklypo plotas 2ha; \u2013 Patogus priva\u017eiavimas visus metus. Iki Antazav\u0117 7km, Imbradas 12km, Dusetos 13km, Zaras\u0173 22km, Roki\u0161kis 42km, Utena ir Visaginas 48km,Panev\u0117\u017eys 125km, Vilnius 144km ir Kauno 183km.\" \/>\n<meta property=\"og:url\" content=\"https:\/\/www.namude.lt\/objektas\/parduodama-sodyba-tarp-duburio-ir-avilio-ezeru-zarasu-rajone\/\" \/>\n<meta property=\"og:site_name\" content=\"Namud\u0117\" \/>\n<meta property=\"article:modified_time\" content=\"2026-01-07T08:49:32+00:00\" \/>\n<meta property=\"og:image\" content=\"https:\/\/www.namude.lt\/wp-content\/uploads\/2025\/11\/1-12.jpg\" \/>\n\t<meta property=\"og:image:width\" content=\"1920\" \/>\n\t<meta property=\"og:image:height\" content=\"1080\" \/>\n\t<meta property=\"og:image:type\" content=\"image\/jpeg\" \/>\n<meta name=\"twitter:card\" content=\"summary_large_image\" \/>\n<script type=\"application\/ld+json\" class=\"yoast-schema-graph\">{\"@context\":\"https:\\\/\\\/schema.org\",\"@graph\":[{\"@type\":\"WebPage\",\"@id\":\"https:\\\/\\\/www.namude.lt\\\/objektas\\\/parduodama-sodyba-tarp-duburio-ir-avilio-ezeru-zarasu-rajone\\\/\",\"url\":\"https:\\\/\\\/www.namude.lt\\\/objektas\\\/parduodama-sodyba-tarp-duburio-ir-avilio-ezeru-zarasu-rajone\\\/\",\"name\":\"PARDUODAMA SODYBA TARP DUBURIO IR AVILIO E\u017dER\u0172 ZARAS\u0172 RAJONE - Namud\u0117\",\"isPartOf\":{\"@id\":\"https:\\\/\\\/www.namude.lt\\\/#website\"},\"primaryImageOfPage\":{\"@id\":\"https:\\\/\\\/www.namude.lt\\\/objektas\\\/parduodama-sodyba-tarp-duburio-ir-avilio-ezeru-zarasu-rajone\\\/#primaryimage\"},\"image\":{\"@id\":\"https:\\\/\\\/www.namude.lt\\\/objektas\\\/parduodama-sodyba-tarp-duburio-ir-avilio-ezeru-zarasu-rajone\\\/#primaryimage\"},\"thumbnailUrl\":\"https:\\\/\\\/www.namude.lt\\\/wp-content\\\/uploads\\\/2025\\\/11\\\/1-12.jpg\",\"datePublished\":\"2025-11-26T12:12:07+00:00\",\"dateModified\":\"2026-01-07T08:49:32+00:00\",\"breadcrumb\":{\"@id\":\"https:\\\/\\\/www.namude.lt\\\/objektas\\\/parduodama-sodyba-tarp-duburio-ir-avilio-ezeru-zarasu-rajone\\\/#breadcrumb\"},\"inLanguage\":\"en-US\",\"potentialAction\":[{\"@type\":\"ReadAction\",\"target\":[\"https:\\\/\\\/www.namude.lt\\\/objektas\\\/parduodama-sodyba-tarp-duburio-ir-avilio-ezeru-zarasu-rajone\\\/\"]}]},{\"@type\":\"ImageObject\",\"inLanguage\":\"en-US\",\"@id\":\"https:\\\/\\\/www.namude.lt\\\/objektas\\\/parduodama-sodyba-tarp-duburio-ir-avilio-ezeru-zarasu-rajone\\\/#primaryimage\",\"url\":\"https:\\\/\\\/www.namude.lt\\\/wp-content\\\/uploads\\\/2025\\\/11\\\/1-12.jpg\",\"contentUrl\":\"https:\\\/\\\/www.namude.lt\\\/wp-content\\\/uploads\\\/2025\\\/11\\\/1-12.jpg\",\"width\":1920,\"height\":1080},{\"@type\":\"BreadcrumbList\",\"@id\":\"https:\\\/\\\/www.namude.lt\\\/objektas\\\/parduodama-sodyba-tarp-duburio-ir-avilio-ezeru-zarasu-rajone\\\/#breadcrumb\",\"itemListElement\":[{\"@type\":\"ListItem\",\"position\":1,\"name\":\"Home\",\"item\":\"https:\\\/\\\/www.namude.lt\\\/en\\\/\"},{\"@type\":\"ListItem\",\"position\":2,\"name\":\"Real estate\",\"item\":\"https:\\\/\\\/www.namude.lt\\\/en\\\/real-estate\\\/\"},{\"@type\":\"ListItem\",\"position\":3,\"name\":\"PARDUODAMA SODYBA TARP DUBURIO IR AVILIO E\u017dER\u0172 ZARAS\u0172 RAJONE\"}]},{\"@type\":\"WebSite\",\"@id\":\"https:\\\/\\\/www.namude.lt\\\/#website\",\"url\":\"https:\\\/\\\/www.namude.lt\\\/\",\"name\":\"Namud\u0117\",\"description\":\"\u201eNamud\u0117\u201c \u2013 agent\u016bra, pardavin\u0117janti Auk\u0161taitijos NT grynuolius.\",\"publisher\":{\"@id\":\"https:\\\/\\\/www.namude.lt\\\/#organization\"},\"potentialAction\":[{\"@type\":\"SearchAction\",\"target\":{\"@type\":\"EntryPoint\",\"urlTemplate\":\"https:\\\/\\\/www.namude.lt\\\/?s={search_term_string}\"},\"query-input\":{\"@type\":\"PropertyValueSpecification\",\"valueRequired\":true,\"valueName\":\"search_term_string\"}}],\"inLanguage\":\"en-US\"},{\"@type\":\"Organization\",\"@id\":\"https:\\\/\\\/www.namude.lt\\\/#organization\",\"name\":\"Namud\u0117\",\"url\":\"https:\\\/\\\/www.namude.lt\\\/\",\"logo\":{\"@type\":\"ImageObject\",\"inLanguage\":\"en-US\",\"@id\":\"https:\\\/\\\/www.namude.lt\\\/#\\\/schema\\\/logo\\\/image\\\/\",\"url\":\"https:\\\/\\\/www.namude.lt\\\/wp-content\\\/uploads\\\/2023\\\/11\\\/logo-symbol.svg\",\"contentUrl\":\"https:\\\/\\\/www.namude.lt\\\/wp-content\\\/uploads\\\/2023\\\/11\\\/logo-symbol.svg\",\"width\":1,\"height\":1,\"caption\":\"Namud\u0117\"},\"image\":{\"@id\":\"https:\\\/\\\/www.namude.lt\\\/#\\\/schema\\\/logo\\\/image\\\/\"}}]}<\/script>\n<!-- \/ Yoast SEO plugin. -->","yoast_head_json":{"title":"PARDUODAMA SODYBA TARP DUBURIO IR AVILIO E\u017dER\u0172 ZARAS\u0172 RAJONE - Namud\u0117","robots":{"index":"index","follow":"follow","max-snippet":"max-snippet:-1","max-image-preview":"max-image-preview:large","max-video-preview":"max-video-preview:-1"},"canonical":"https:\/\/www.namude.lt\/objektas\/parduodama-sodyba-tarp-duburio-ir-avilio-ezeru-zarasu-rajone\/","og_locale":"en_US","og_type":"article","og_title":"PARDUODAMA SODYBA TARP DUBURIO IR AVILIO E\u017dER\u0172 ZARAS\u0172 RAJONE - Namud\u0117","og_description":"Parduodama senovin\u0117 sodyba Duburai\u010dio g. 12, Petrau\u010di\u0161ki\u0173 k., Imbrado sen., Zaras\u0173 r. \u2014 puiki galimyb\u0117 \u012fsigyti 2 ha dyd\u017eio sklyp\u0105 vaizdingame, mi\u0161k\u0173 ir e\u017eer\u0173 apsuptame kra\u0161te. Tai ideali vieta ie\u0161kantiems privatumo, gamtos ir laisv\u0117s.  Sodyba yra dideli\u0173 e\u017eer\u0173 apsuptyje, kuriuose gal\u0117site i\u0161bandyti ne tik vandens pramogas, bet ir \u017evejyb\u0105 \u2013 iki e\u017eero Duburys 2,5km, D\u016bburai\u010dio 3km, Avilio 4,5km, \u010ci\u010dirio 8km. M\u0117gstantiems j\u0117gas atgauti mi\u0161k\u0119 - Kelp\u0161i\u0161ki\u0173 mi\u0161kas vos u\u017e 2km, o Sart\u0173 regioninis parkas \u2013 7km atstumu. Ie\u0161kantiems architekt\u016bros ir kult\u016bros paveldo - Antazav\u0117s dvaras, Imbrado ba\u017eny\u010dia ir miestelis, Duset\u0173 miestelis.  PRIVALUMAI: \u2013 R\u0105stinis 121kv.m vieno auk\u0161to namas;  \u2013 \u0160ildymas \u2013 kieto kuro krosnimi; -Teritorija auga brand\u016bs med\u017eiai ir vaismed\u017eiai yra tvenkinys; \u2013 Sklypo plotas 2ha; \u2013 Patogus priva\u017eiavimas visus metus. Iki Antazav\u0117 7km, Imbradas 12km, Dusetos 13km, Zaras\u0173 22km, Roki\u0161kis 42km, Utena ir Visaginas 48km,Panev\u0117\u017eys 125km, Vilnius 144km ir Kauno 183km.","og_url":"https:\/\/www.namude.lt\/objektas\/parduodama-sodyba-tarp-duburio-ir-avilio-ezeru-zarasu-rajone\/","og_site_name":"Namud\u0117","article_modified_time":"2026-01-07T08:49:32+00:00","og_image":[{"width":1920,"height":1080,"url":"https:\/\/www.namude.lt\/wp-content\/uploads\/2025\/11\/1-12.jpg","type":"image\/jpeg"}],"twitter_card":"summary_large_image","schema":{"@context":"https:\/\/schema.org","@graph":[{"@type":"WebPage","@id":"https:\/\/www.namude.lt\/objektas\/parduodama-sodyba-tarp-duburio-ir-avilio-ezeru-zarasu-rajone\/","url":"https:\/\/www.namude.lt\/objektas\/parduodama-sodyba-tarp-duburio-ir-avilio-ezeru-zarasu-rajone\/","name":"PARDUODAMA SODYBA TARP DUBURIO IR AVILIO E\u017dER\u0172 ZARAS\u0172 RAJONE - Namud\u0117","isPartOf":{"@id":"https:\/\/www.namude.lt\/#website"},"primaryImageOfPage":{"@id":"https:\/\/www.namude.lt\/objektas\/parduodama-sodyba-tarp-duburio-ir-avilio-ezeru-zarasu-rajone\/#primaryimage"},"image":{"@id":"https:\/\/www.namude.lt\/objektas\/parduodama-sodyba-tarp-duburio-ir-avilio-ezeru-zarasu-rajone\/#primaryimage"},"thumbnailUrl":"https:\/\/www.namude.lt\/wp-content\/uploads\/2025\/11\/1-12.jpg","datePublished":"2025-11-26T12:12:07+00:00","dateModified":"2026-01-07T08:49:32+00:00","breadcrumb":{"@id":"https:\/\/www.namude.lt\/objektas\/parduodama-sodyba-tarp-duburio-ir-avilio-ezeru-zarasu-rajone\/#breadcrumb"},"inLanguage":"en-US","potentialAction":[{"@type":"ReadAction","target":["https:\/\/www.namude.lt\/objektas\/parduodama-sodyba-tarp-duburio-ir-avilio-ezeru-zarasu-rajone\/"]}]},{"@type":"ImageObject","inLanguage":"en-US","@id":"https:\/\/www.namude.lt\/objektas\/parduodama-sodyba-tarp-duburio-ir-avilio-ezeru-zarasu-rajone\/#primaryimage","url":"https:\/\/www.namude.lt\/wp-content\/uploads\/2025\/11\/1-12.jpg","contentUrl":"https:\/\/www.namude.lt\/wp-content\/uploads\/2025\/11\/1-12.jpg","width":1920,"height":1080},{"@type":"BreadcrumbList","@id":"https:\/\/www.namude.lt\/objektas\/parduodama-sodyba-tarp-duburio-ir-avilio-ezeru-zarasu-rajone\/#breadcrumb","itemListElement":[{"@type":"ListItem","position":1,"name":"Home","item":"https:\/\/www.namude.lt\/en\/"},{"@type":"ListItem","position":2,"name":"Real estate","item":"https:\/\/www.namude.lt\/en\/real-estate\/"},{"@type":"ListItem","position":3,"name":"PARDUODAMA SODYBA TARP DUBURIO IR AVILIO E\u017dER\u0172 ZARAS\u0172 RAJONE"}]},{"@type":"WebSite","@id":"https:\/\/www.namude.lt\/#website","url":"https:\/\/www.namude.lt\/","name":"Namud\u0117","description":"\u201eNamud\u0117\u201c \u2013 agent\u016bra, pardavin\u0117janti Auk\u0161taitijos NT grynuolius.","publisher":{"@id":"https:\/\/www.namude.lt\/#organization"},"potentialAction":[{"@type":"SearchAction","target":{"@type":"EntryPoint","urlTemplate":"https:\/\/www.namude.lt\/?s={search_term_string}"},"query-input":{"@type":"PropertyValueSpecification","valueRequired":true,"valueName":"search_term_string"}}],"inLanguage":"en-US"},{"@type":"Organization","@id":"https:\/\/www.namude.lt\/#organization","name":"Namud\u0117","url":"https:\/\/www.namude.lt\/","logo":{"@type":"ImageObject","inLanguage":"en-US","@id":"https:\/\/www.namude.lt\/#\/schema\/logo\/image\/","url":"https:\/\/www.namude.lt\/wp-content\/uploads\/2023\/11\/logo-symbol.svg","contentUrl":"https:\/\/www.namude.lt\/wp-content\/uploads\/2023\/11\/logo-symbol.svg","width":1,"height":1,"caption":"Namud\u0117"},"image":{"@id":"https:\/\/www.namude.lt\/#\/schema\/logo\/image\/"}}]}},"_links":{"self":[{"href":"https:\/\/www.namude.lt\/en\/wp-json\/wp\/v2\/product\/23975","targetHints":{"allow":["GET"]}}],"collection":[{"href":"https:\/\/www.namude.lt\/en\/wp-json\/wp\/v2\/product"}],"about":[{"href":"https:\/\/www.namude.lt\/en\/wp-json\/wp\/v2\/types\/product"}],"wp:featuredmedia":[{"embeddable":true,"href":"https:\/\/www.namude.lt\/en\/wp-json\/wp\/v2\/media\/23976"}],"wp:attachment":[{"href":"https:\/\/www.namude.lt\/en\/wp-json\/wp\/v2\/media?parent=23975"}],"wp:term":[{"taxonomy":"product_brand","embeddable":true,"href":"https:\/\/www.namude.lt\/en\/wp-json\/wp\/v2\/product_brand?post=23975"},{"taxonomy":"product_cat","embeddable":true,"href":"https:\/\/www.namude.lt\/en\/wp-json\/wp\/v2\/product_cat?post=23975"},{"taxonomy":"product_tag","embeddable":true,"href":"https:\/\/www.namude.lt\/en\/wp-json\/wp\/v2\/product_tag?post=23975"}],"curies":[{"name":"wp","href":"https:\/\/api.w.org\/{rel}","templated":true}]}}