{"id":23676,"date":"2025-11-20T13:02:09","date_gmt":"2025-11-20T11:02:09","guid":{"rendered":"https:\/\/www.namude.lt\/?post_type=product&#038;p=23676"},"modified":"2026-04-16T15:02:12","modified_gmt":"2026-04-16T12:02:12","slug":"isskirtine-istorija-ir-groziu-alsuojanti-renovuota-rastine-sodyba-adomynes-kaime-kupiskio-rajone","status":"publish","type":"product","link":"https:\/\/www.namude.lt\/en\/object\/isskirtine-istorija-ir-groziu-alsuojanti-renovuota-rastine-sodyba-adomynes-kaime-kupiskio-rajone\/","title":{"rendered":"I\u0160SKIRTIN\u0116, ISTORIJA IR GRO\u017dIU ALSUOJANTI RENOVUOTA R\u0104STIN\u0116 SODYBA ADOMYN\u0116S KAIME KUPI\u0160KIO RAJONE"},"content":{"rendered":"","protected":false},"excerpt":{"rendered":"<p><strong>Ie\u0161kantiems jaukios, istorija dvelkian\u010dios ir kruop\u0161\u010diai atnaujintos vietos \u2013 \u0161i r\u0105stin\u0117 sodyba Adomyn\u0117je puikiai tiks tiek poilsiui, tiek nuolatiniam gyvenimui, o aplinka i\u0161siskiria ramybe, tvarka ir patogiu susisiekimu. Ant kalniuko, apsupta \u0161imtame\u010di\u0173 liep\u0173 &#8211;  tarsi i\u0161 Auk\u0161taitijos pasakos.<\/strong><a href=\"https:\/\/www.namude.lt\/kategorija\/sodybos\/?filter_rajonas=kiti-rajonai&amp;query_type_rajonas=or\"><\/a><br \/>\nSODYBOS PRIVALUMAI:<br \/>\n\u2022\tGyvenamasis namas : bendras plotas \u2013 91,25 kv. m (4kambariai, r\u0105stai i\u0161 vidaus nu\u0161lifuoti ir dezinfekuoti, \u012frengtos naujos medin\u0117s grindys ir lubos. Atnaujinti mediniai langai, perda\u017eytas fasadas)<br \/>\n\u2022\tNaujas stogas, nauja elektros instaliacija su pintais laidais.<br \/>\n\u2022\t\u0160ildymas:<br \/>\n\u2013 Nauji oras\u2013oras \u0161ilumos siurbliai (veikia ir kaip kondicionieriai),<br \/>\n\u2013 Galinga 19 kW krosnel\u0117 k\u016brenama malkomis.<br \/>\n\u2022\tVanduo i\u0161 \u0161ulinio, name \u2013 WC ir du\u0161as, biologin\u0117s nuotekos.<br \/>\n\u2022\tAuk\u0161ti, tvirti pamatai u\u017etikrina ilgaam\u017ei\u0161kum\u0105, namas pastatytas ant kalniuko, atsiveria piev\u0173 ir mi\u0161k\u0173 vaizdai.<br \/>\n\u2022\t\u017dem\u0117s sklypas : nam\u0173 valda \u2013 16a . (yra galimyb\u0117 \u0161alia \u012fsigyti ir \u017eem\u0117s \u016bkio sklyp\u0105 17a.)<br \/>\n\u2022\tAtstumas iki pagrindini\u0173 objekt\u0173 \u2013 vos 200\u2013300 m. ,asfaltuotas, \u017eiem\u0105 valomas kelias, ap\u0161vietimas iki pat namo, vos 60 metr\u0173 iki dvaro tvenkinio \u2013 kuriame gausu \u017euvies.<br \/>\n\u2022\tAtstumai iki \u0161ios sodybos : (Kupi\u0161kis 30km, Anyk\u0161\u010diai 35km, Utena 37km, Vilnius 140 km, Kaunas 146km)<\/p>\n<p>Koordinat\u0117s 55.749879, 25.303476<\/p>\n","protected":false},"featured_media":23677,"template":"","meta":{"_acf_changed":false},"product_brand":[],"product_cat":[75],"product_tag":[],"class_list":{"0":"post-23676","1":"product","2":"type-product","3":"status-publish","4":"has-post-thumbnail","6":"product_cat-parduota","7":"description-off","9":"first","10":"instock","11":"shipping-taxable","12":"purchasable","13":"product-type-simple"},"acf":[],"yoast_head":"<!-- This site is optimized with the Yoast SEO plugin v27.4 - https:\/\/yoast.com\/product\/yoast-seo-wordpress\/ -->\n<title>I\u0160SKIRTIN\u0116, ISTORIJA IR GRO\u017dIU ALSUOJANTI RENOVUOTA R\u0104STIN\u0116 SODYBA ADOMYN\u0116S KAIME KUPI\u0160KIO RAJONE - Namud\u0117<\/title>\n<meta name=\"robots\" content=\"index, follow, max-snippet:-1, max-image-preview:large, max-video-preview:-1\" \/>\n<link rel=\"canonical\" href=\"https:\/\/www.namude.lt\/objektas\/isskirtine-istorija-ir-groziu-alsuojanti-renovuota-rastine-sodyba-adomynes-kaime-kupiskio-rajone\/\" \/>\n<meta property=\"og:locale\" content=\"en_US\" \/>\n<meta property=\"og:type\" content=\"article\" \/>\n<meta property=\"og:title\" content=\"I\u0160SKIRTIN\u0116, ISTORIJA IR GRO\u017dIU ALSUOJANTI RENOVUOTA R\u0104STIN\u0116 SODYBA ADOMYN\u0116S KAIME KUPI\u0160KIO RAJONE - Namud\u0117\" \/>\n<meta property=\"og:description\" content=\"Ie\u0161kantiems jaukios, istorija dvelkian\u010dios ir kruop\u0161\u010diai atnaujintos vietos \u2013 \u0161i r\u0105stin\u0117 sodyba Adomyn\u0117je puikiai tiks tiek poilsiui, tiek nuolatiniam gyvenimui, o aplinka i\u0161siskiria ramybe, tvarka ir patogiu susisiekimu. Ant kalniuko, apsupta \u0161imtame\u010di\u0173 liep\u0173 - tarsi i\u0161 Auk\u0161taitijos pasakos. SODYBOS PRIVALUMAI: \u2022 Gyvenamasis namas : bendras plotas \u2013 91,25 kv. m (4kambariai, r\u0105stai i\u0161 vidaus nu\u0161lifuoti ir dezinfekuoti, \u012frengtos naujos medin\u0117s grindys ir lubos. Atnaujinti mediniai langai, perda\u017eytas fasadas)  \u2022 Naujas stogas, nauja elektros instaliacija su pintais laidais. \u2022 \u0160ildymas: \u2013 Nauji oras\u2013oras \u0161ilumos siurbliai (veikia ir kaip kondicionieriai), \u2013 Galinga 19 kW krosnel\u0117 k\u016brenama malkomis. \u2022 Vanduo i\u0161 \u0161ulinio, name \u2013 WC ir du\u0161as, biologin\u0117s nuotekos. \u2022 Auk\u0161ti, tvirti pamatai u\u017etikrina ilgaam\u017ei\u0161kum\u0105, namas pastatytas ant kalniuko, atsiveria piev\u0173 ir mi\u0161k\u0173 vaizdai. \u2022 \u017dem\u0117s sklypas : nam\u0173 valda \u2013 16a . (yra galimyb\u0117 \u0161alia \u012fsigyti ir \u017eem\u0117s \u016bkio sklyp\u0105 17a.) \u2022 Atstumas iki pagrindini\u0173 objekt\u0173 \u2013 vos 200\u2013300 m. ,asfaltuotas, \u017eiem\u0105 valomas kelias, ap\u0161vietimas iki pat namo, vos 60 metr\u0173 iki dvaro tvenkinio \u2013 kuriame gausu \u017euvies. \u2022 Atstumai iki \u0161ios sodybos : (Kupi\u0161kis 30km, Anyk\u0161\u010diai 35km, Utena 37km, Vilnius 140 km, Kaunas 146km)  Koordinat\u0117s 55.749879, 25.303476\" \/>\n<meta property=\"og:url\" content=\"https:\/\/www.namude.lt\/objektas\/isskirtine-istorija-ir-groziu-alsuojanti-renovuota-rastine-sodyba-adomynes-kaime-kupiskio-rajone\/\" \/>\n<meta property=\"og:site_name\" content=\"Namud\u0117\" \/>\n<meta property=\"article:modified_time\" content=\"2026-04-16T12:02:12+00:00\" \/>\n<meta property=\"og:image\" content=\"https:\/\/www.namude.lt\/wp-content\/uploads\/2025\/11\/1-5.jpg\" \/>\n\t<meta property=\"og:image:width\" content=\"2400\" \/>\n\t<meta property=\"og:image:height\" content=\"1800\" \/>\n\t<meta property=\"og:image:type\" content=\"image\/jpeg\" \/>\n<meta name=\"twitter:card\" content=\"summary_large_image\" \/>\n<script type=\"application\/ld+json\" class=\"yoast-schema-graph\">{\"@context\":\"https:\\\/\\\/schema.org\",\"@graph\":[{\"@type\":\"WebPage\",\"@id\":\"https:\\\/\\\/www.namude.lt\\\/objektas\\\/isskirtine-istorija-ir-groziu-alsuojanti-renovuota-rastine-sodyba-adomynes-kaime-kupiskio-rajone\\\/\",\"url\":\"https:\\\/\\\/www.namude.lt\\\/objektas\\\/isskirtine-istorija-ir-groziu-alsuojanti-renovuota-rastine-sodyba-adomynes-kaime-kupiskio-rajone\\\/\",\"name\":\"I\u0160SKIRTIN\u0116, ISTORIJA IR GRO\u017dIU ALSUOJANTI RENOVUOTA R\u0104STIN\u0116 SODYBA ADOMYN\u0116S KAIME KUPI\u0160KIO RAJONE - Namud\u0117\",\"isPartOf\":{\"@id\":\"https:\\\/\\\/www.namude.lt\\\/#website\"},\"primaryImageOfPage\":{\"@id\":\"https:\\\/\\\/www.namude.lt\\\/objektas\\\/isskirtine-istorija-ir-groziu-alsuojanti-renovuota-rastine-sodyba-adomynes-kaime-kupiskio-rajone\\\/#primaryimage\"},\"image\":{\"@id\":\"https:\\\/\\\/www.namude.lt\\\/objektas\\\/isskirtine-istorija-ir-groziu-alsuojanti-renovuota-rastine-sodyba-adomynes-kaime-kupiskio-rajone\\\/#primaryimage\"},\"thumbnailUrl\":\"https:\\\/\\\/www.namude.lt\\\/wp-content\\\/uploads\\\/2025\\\/11\\\/1-5.jpg\",\"datePublished\":\"2025-11-20T11:02:09+00:00\",\"dateModified\":\"2026-04-16T12:02:12+00:00\",\"breadcrumb\":{\"@id\":\"https:\\\/\\\/www.namude.lt\\\/objektas\\\/isskirtine-istorija-ir-groziu-alsuojanti-renovuota-rastine-sodyba-adomynes-kaime-kupiskio-rajone\\\/#breadcrumb\"},\"inLanguage\":\"en-US\",\"potentialAction\":[{\"@type\":\"ReadAction\",\"target\":[\"https:\\\/\\\/www.namude.lt\\\/objektas\\\/isskirtine-istorija-ir-groziu-alsuojanti-renovuota-rastine-sodyba-adomynes-kaime-kupiskio-rajone\\\/\"]}]},{\"@type\":\"ImageObject\",\"inLanguage\":\"en-US\",\"@id\":\"https:\\\/\\\/www.namude.lt\\\/objektas\\\/isskirtine-istorija-ir-groziu-alsuojanti-renovuota-rastine-sodyba-adomynes-kaime-kupiskio-rajone\\\/#primaryimage\",\"url\":\"https:\\\/\\\/www.namude.lt\\\/wp-content\\\/uploads\\\/2025\\\/11\\\/1-5.jpg\",\"contentUrl\":\"https:\\\/\\\/www.namude.lt\\\/wp-content\\\/uploads\\\/2025\\\/11\\\/1-5.jpg\",\"width\":2400,\"height\":1800},{\"@type\":\"BreadcrumbList\",\"@id\":\"https:\\\/\\\/www.namude.lt\\\/objektas\\\/isskirtine-istorija-ir-groziu-alsuojanti-renovuota-rastine-sodyba-adomynes-kaime-kupiskio-rajone\\\/#breadcrumb\",\"itemListElement\":[{\"@type\":\"ListItem\",\"position\":1,\"name\":\"Home\",\"item\":\"https:\\\/\\\/www.namude.lt\\\/en\\\/\"},{\"@type\":\"ListItem\",\"position\":2,\"name\":\"Real estate\",\"item\":\"https:\\\/\\\/www.namude.lt\\\/en\\\/real-estate\\\/\"},{\"@type\":\"ListItem\",\"position\":3,\"name\":\"I\u0160SKIRTIN\u0116, ISTORIJA IR GRO\u017dIU ALSUOJANTI RENOVUOTA R\u0104STIN\u0116 SODYBA ADOMYN\u0116S KAIME KUPI\u0160KIO RAJONE\"}]},{\"@type\":\"WebSite\",\"@id\":\"https:\\\/\\\/www.namude.lt\\\/#website\",\"url\":\"https:\\\/\\\/www.namude.lt\\\/\",\"name\":\"Namud\u0117\",\"description\":\"\u201eNamud\u0117\u201c \u2013 agent\u016bra, pardavin\u0117janti Auk\u0161taitijos NT grynuolius.\",\"publisher\":{\"@id\":\"https:\\\/\\\/www.namude.lt\\\/#organization\"},\"potentialAction\":[{\"@type\":\"SearchAction\",\"target\":{\"@type\":\"EntryPoint\",\"urlTemplate\":\"https:\\\/\\\/www.namude.lt\\\/?s={search_term_string}\"},\"query-input\":{\"@type\":\"PropertyValueSpecification\",\"valueRequired\":true,\"valueName\":\"search_term_string\"}}],\"inLanguage\":\"en-US\"},{\"@type\":\"Organization\",\"@id\":\"https:\\\/\\\/www.namude.lt\\\/#organization\",\"name\":\"Namud\u0117\",\"url\":\"https:\\\/\\\/www.namude.lt\\\/\",\"logo\":{\"@type\":\"ImageObject\",\"inLanguage\":\"en-US\",\"@id\":\"https:\\\/\\\/www.namude.lt\\\/#\\\/schema\\\/logo\\\/image\\\/\",\"url\":\"https:\\\/\\\/www.namude.lt\\\/wp-content\\\/uploads\\\/2023\\\/11\\\/logo-symbol.svg\",\"contentUrl\":\"https:\\\/\\\/www.namude.lt\\\/wp-content\\\/uploads\\\/2023\\\/11\\\/logo-symbol.svg\",\"width\":1,\"height\":1,\"caption\":\"Namud\u0117\"},\"image\":{\"@id\":\"https:\\\/\\\/www.namude.lt\\\/#\\\/schema\\\/logo\\\/image\\\/\"}}]}<\/script>\n<!-- \/ Yoast SEO plugin. -->","yoast_head_json":{"title":"I\u0160SKIRTIN\u0116, ISTORIJA IR GRO\u017dIU ALSUOJANTI RENOVUOTA R\u0104STIN\u0116 SODYBA ADOMYN\u0116S KAIME KUPI\u0160KIO RAJONE - Namud\u0117","robots":{"index":"index","follow":"follow","max-snippet":"max-snippet:-1","max-image-preview":"max-image-preview:large","max-video-preview":"max-video-preview:-1"},"canonical":"https:\/\/www.namude.lt\/objektas\/isskirtine-istorija-ir-groziu-alsuojanti-renovuota-rastine-sodyba-adomynes-kaime-kupiskio-rajone\/","og_locale":"en_US","og_type":"article","og_title":"I\u0160SKIRTIN\u0116, ISTORIJA IR GRO\u017dIU ALSUOJANTI RENOVUOTA R\u0104STIN\u0116 SODYBA ADOMYN\u0116S KAIME KUPI\u0160KIO RAJONE - Namud\u0117","og_description":"Ie\u0161kantiems jaukios, istorija dvelkian\u010dios ir kruop\u0161\u010diai atnaujintos vietos \u2013 \u0161i r\u0105stin\u0117 sodyba Adomyn\u0117je puikiai tiks tiek poilsiui, tiek nuolatiniam gyvenimui, o aplinka i\u0161siskiria ramybe, tvarka ir patogiu susisiekimu. Ant kalniuko, apsupta \u0161imtame\u010di\u0173 liep\u0173 - tarsi i\u0161 Auk\u0161taitijos pasakos. SODYBOS PRIVALUMAI: \u2022 Gyvenamasis namas : bendras plotas \u2013 91,25 kv. m (4kambariai, r\u0105stai i\u0161 vidaus nu\u0161lifuoti ir dezinfekuoti, \u012frengtos naujos medin\u0117s grindys ir lubos. Atnaujinti mediniai langai, perda\u017eytas fasadas)  \u2022 Naujas stogas, nauja elektros instaliacija su pintais laidais. \u2022 \u0160ildymas: \u2013 Nauji oras\u2013oras \u0161ilumos siurbliai (veikia ir kaip kondicionieriai), \u2013 Galinga 19 kW krosnel\u0117 k\u016brenama malkomis. \u2022 Vanduo i\u0161 \u0161ulinio, name \u2013 WC ir du\u0161as, biologin\u0117s nuotekos. \u2022 Auk\u0161ti, tvirti pamatai u\u017etikrina ilgaam\u017ei\u0161kum\u0105, namas pastatytas ant kalniuko, atsiveria piev\u0173 ir mi\u0161k\u0173 vaizdai. \u2022 \u017dem\u0117s sklypas : nam\u0173 valda \u2013 16a . (yra galimyb\u0117 \u0161alia \u012fsigyti ir \u017eem\u0117s \u016bkio sklyp\u0105 17a.) \u2022 Atstumas iki pagrindini\u0173 objekt\u0173 \u2013 vos 200\u2013300 m. ,asfaltuotas, \u017eiem\u0105 valomas kelias, ap\u0161vietimas iki pat namo, vos 60 metr\u0173 iki dvaro tvenkinio \u2013 kuriame gausu \u017euvies. \u2022 Atstumai iki \u0161ios sodybos : (Kupi\u0161kis 30km, Anyk\u0161\u010diai 35km, Utena 37km, Vilnius 140 km, Kaunas 146km)  Koordinat\u0117s 55.749879, 25.303476","og_url":"https:\/\/www.namude.lt\/objektas\/isskirtine-istorija-ir-groziu-alsuojanti-renovuota-rastine-sodyba-adomynes-kaime-kupiskio-rajone\/","og_site_name":"Namud\u0117","article_modified_time":"2026-04-16T12:02:12+00:00","og_image":[{"width":2400,"height":1800,"url":"https:\/\/www.namude.lt\/wp-content\/uploads\/2025\/11\/1-5.jpg","type":"image\/jpeg"}],"twitter_card":"summary_large_image","schema":{"@context":"https:\/\/schema.org","@graph":[{"@type":"WebPage","@id":"https:\/\/www.namude.lt\/objektas\/isskirtine-istorija-ir-groziu-alsuojanti-renovuota-rastine-sodyba-adomynes-kaime-kupiskio-rajone\/","url":"https:\/\/www.namude.lt\/objektas\/isskirtine-istorija-ir-groziu-alsuojanti-renovuota-rastine-sodyba-adomynes-kaime-kupiskio-rajone\/","name":"I\u0160SKIRTIN\u0116, ISTORIJA IR GRO\u017dIU ALSUOJANTI RENOVUOTA R\u0104STIN\u0116 SODYBA ADOMYN\u0116S KAIME KUPI\u0160KIO RAJONE - Namud\u0117","isPartOf":{"@id":"https:\/\/www.namude.lt\/#website"},"primaryImageOfPage":{"@id":"https:\/\/www.namude.lt\/objektas\/isskirtine-istorija-ir-groziu-alsuojanti-renovuota-rastine-sodyba-adomynes-kaime-kupiskio-rajone\/#primaryimage"},"image":{"@id":"https:\/\/www.namude.lt\/objektas\/isskirtine-istorija-ir-groziu-alsuojanti-renovuota-rastine-sodyba-adomynes-kaime-kupiskio-rajone\/#primaryimage"},"thumbnailUrl":"https:\/\/www.namude.lt\/wp-content\/uploads\/2025\/11\/1-5.jpg","datePublished":"2025-11-20T11:02:09+00:00","dateModified":"2026-04-16T12:02:12+00:00","breadcrumb":{"@id":"https:\/\/www.namude.lt\/objektas\/isskirtine-istorija-ir-groziu-alsuojanti-renovuota-rastine-sodyba-adomynes-kaime-kupiskio-rajone\/#breadcrumb"},"inLanguage":"en-US","potentialAction":[{"@type":"ReadAction","target":["https:\/\/www.namude.lt\/objektas\/isskirtine-istorija-ir-groziu-alsuojanti-renovuota-rastine-sodyba-adomynes-kaime-kupiskio-rajone\/"]}]},{"@type":"ImageObject","inLanguage":"en-US","@id":"https:\/\/www.namude.lt\/objektas\/isskirtine-istorija-ir-groziu-alsuojanti-renovuota-rastine-sodyba-adomynes-kaime-kupiskio-rajone\/#primaryimage","url":"https:\/\/www.namude.lt\/wp-content\/uploads\/2025\/11\/1-5.jpg","contentUrl":"https:\/\/www.namude.lt\/wp-content\/uploads\/2025\/11\/1-5.jpg","width":2400,"height":1800},{"@type":"BreadcrumbList","@id":"https:\/\/www.namude.lt\/objektas\/isskirtine-istorija-ir-groziu-alsuojanti-renovuota-rastine-sodyba-adomynes-kaime-kupiskio-rajone\/#breadcrumb","itemListElement":[{"@type":"ListItem","position":1,"name":"Home","item":"https:\/\/www.namude.lt\/en\/"},{"@type":"ListItem","position":2,"name":"Real estate","item":"https:\/\/www.namude.lt\/en\/real-estate\/"},{"@type":"ListItem","position":3,"name":"I\u0160SKIRTIN\u0116, ISTORIJA IR GRO\u017dIU ALSUOJANTI RENOVUOTA R\u0104STIN\u0116 SODYBA ADOMYN\u0116S KAIME KUPI\u0160KIO RAJONE"}]},{"@type":"WebSite","@id":"https:\/\/www.namude.lt\/#website","url":"https:\/\/www.namude.lt\/","name":"Namud\u0117","description":"\u201eNamud\u0117\u201c \u2013 agent\u016bra, pardavin\u0117janti Auk\u0161taitijos NT grynuolius.","publisher":{"@id":"https:\/\/www.namude.lt\/#organization"},"potentialAction":[{"@type":"SearchAction","target":{"@type":"EntryPoint","urlTemplate":"https:\/\/www.namude.lt\/?s={search_term_string}"},"query-input":{"@type":"PropertyValueSpecification","valueRequired":true,"valueName":"search_term_string"}}],"inLanguage":"en-US"},{"@type":"Organization","@id":"https:\/\/www.namude.lt\/#organization","name":"Namud\u0117","url":"https:\/\/www.namude.lt\/","logo":{"@type":"ImageObject","inLanguage":"en-US","@id":"https:\/\/www.namude.lt\/#\/schema\/logo\/image\/","url":"https:\/\/www.namude.lt\/wp-content\/uploads\/2023\/11\/logo-symbol.svg","contentUrl":"https:\/\/www.namude.lt\/wp-content\/uploads\/2023\/11\/logo-symbol.svg","width":1,"height":1,"caption":"Namud\u0117"},"image":{"@id":"https:\/\/www.namude.lt\/#\/schema\/logo\/image\/"}}]}},"_links":{"self":[{"href":"https:\/\/www.namude.lt\/en\/wp-json\/wp\/v2\/product\/23676","targetHints":{"allow":["GET"]}}],"collection":[{"href":"https:\/\/www.namude.lt\/en\/wp-json\/wp\/v2\/product"}],"about":[{"href":"https:\/\/www.namude.lt\/en\/wp-json\/wp\/v2\/types\/product"}],"wp:featuredmedia":[{"embeddable":true,"href":"https:\/\/www.namude.lt\/en\/wp-json\/wp\/v2\/media\/23677"}],"wp:attachment":[{"href":"https:\/\/www.namude.lt\/en\/wp-json\/wp\/v2\/media?parent=23676"}],"wp:term":[{"taxonomy":"product_brand","embeddable":true,"href":"https:\/\/www.namude.lt\/en\/wp-json\/wp\/v2\/product_brand?post=23676"},{"taxonomy":"product_cat","embeddable":true,"href":"https:\/\/www.namude.lt\/en\/wp-json\/wp\/v2\/product_cat?post=23676"},{"taxonomy":"product_tag","embeddable":true,"href":"https:\/\/www.namude.lt\/en\/wp-json\/wp\/v2\/product_tag?post=23676"}],"curies":[{"name":"wp","href":"https:\/\/api.w.org\/{rel}","templated":true}]}}