{"id":23439,"date":"2025-11-07T15:46:48","date_gmt":"2025-11-07T13:46:48","guid":{"rendered":"https:\/\/www.namude.lt\/?post_type=product&#038;p=23439"},"modified":"2025-11-07T15:46:48","modified_gmt":"2025-11-07T13:46:48","slug":"parduodama-sodyba-vaizdingoje-vietoje-pamusio-k-ukmerges-raj","status":"publish","type":"product","link":"https:\/\/www.namude.lt\/en\/object\/parduodama-sodyba-vaizdingoje-vietoje-pamusio-k-ukmerges-raj\/","title":{"rendered":"PARDUODAMA SODYBA VAIZDINGOJE VIETOJE \u2013PAM\u016a\u0160IO K., UKMERG\u0116S RAJ."},"content":{"rendered":"","protected":false},"excerpt":{"rendered":"<p>Ie\u0161kote vietos, kur galima pab\u0117gti nuo miesto \u0161urmulio? \u0160i sodyba \u2013 puikus pasirinkimas norintiems poilsio, nat\u016bralios aplinkos ir privatumo.<br \/>\nTai puiki galimyb\u0117 \u012fsigyti sodyb\u0105 gamtos apsuptyje, vos keli kilometrai nuo Ukmerg\u0117s ir pagrindini\u0173 keli\u0173, ta\u010diau toliau nuo miesto triuk\u0161mo. Vos u\u017e 5 km yra Tauj\u0117n\u0173 dvaras &#8211; vienas gra\u017eiausi\u0173 Ukmerg\u0117s rajono dvar\u0173, apsuptas parko, tvenkini\u0173 ir sen\u0173 liep\u0173 al\u0117j\u0173.<br \/>\nPRIVALUMAI:<br \/>\n\u2013 R\u0105stinis 104kv.m vieno auk\u0161to namas (pakeisti langai, \u012frengta pirtis, svetain\u0117 su \u017eidiniu ir virtuv\u0117le, du\u0161as ir tualetas atskirose patalpose. Kita namo pus\u0117 prad\u0117ta remontuoti, ta\u010diau nebaigta);<br \/>\n\u2013 \u0160ildymas kietu kuru;<br \/>\n\u2013 Pri\u017ei\u016br\u0117tas 1ha. \u017eem\u0117s sklypas apsodintas dekoratyviniais med\u017eiais, \u012f\u017euvintas tvenkinys;<br \/>\n\u2013 \u016akiniai pastatai;<br \/>\n\u2013 Patogus priva\u017eiavimas visus metus. Iki Tauj\u0117n\u0173 5km, Ukmerg\u0117s 15km, Anyk\u0161\u010diai 34km, Panev\u0117\u017eys 55km, Mol\u0117tai 56km, Utena 71km, Vilniaus ir Kauno 84km.<\/p>\n","protected":false},"featured_media":23440,"template":"","meta":{"_acf_changed":false},"product_brand":[],"product_cat":[23],"product_tag":[],"class_list":{"0":"post-23439","1":"product","2":"type-product","3":"status-publish","4":"has-post-thumbnail","6":"product_cat-sodybos","7":"pa_rajonas-kiti-rajonai","8":"description-off","10":"first","11":"instock","12":"shipping-taxable","13":"purchasable","14":"product-type-simple"},"acf":[],"yoast_head":"<!-- This site is optimized with the Yoast SEO plugin v27.0 - https:\/\/yoast.com\/product\/yoast-seo-wordpress\/ -->\n<title>PARDUODAMA SODYBA VAIZDINGOJE VIETOJE \u2013PAM\u016a\u0160IO K., UKMERG\u0116S RAJ. - Namud\u0117<\/title>\n<meta name=\"robots\" content=\"index, follow, max-snippet:-1, max-image-preview:large, max-video-preview:-1\" \/>\n<link rel=\"canonical\" href=\"https:\/\/www.namude.lt\/objektas\/parduodama-sodyba-vaizdingoje-vietoje-pamusio-k-ukmerges-raj\/\" \/>\n<meta property=\"og:locale\" content=\"en_US\" \/>\n<meta property=\"og:type\" content=\"article\" \/>\n<meta property=\"og:title\" content=\"PARDUODAMA SODYBA VAIZDINGOJE VIETOJE \u2013PAM\u016a\u0160IO K., UKMERG\u0116S RAJ. - Namud\u0117\" \/>\n<meta property=\"og:description\" content=\"Ie\u0161kote vietos, kur galima pab\u0117gti nuo miesto \u0161urmulio? \u0160i sodyba \u2013 puikus pasirinkimas norintiems poilsio, nat\u016bralios aplinkos ir privatumo.  Tai puiki galimyb\u0117 \u012fsigyti sodyb\u0105 gamtos apsuptyje, vos keli kilometrai nuo Ukmerg\u0117s ir pagrindini\u0173 keli\u0173, ta\u010diau toliau nuo miesto triuk\u0161mo. Vos u\u017e 5 km yra Tauj\u0117n\u0173 dvaras - vienas gra\u017eiausi\u0173 Ukmerg\u0117s rajono dvar\u0173, apsuptas parko, tvenkini\u0173 ir sen\u0173 liep\u0173 al\u0117j\u0173.  PRIVALUMAI: \u2013 R\u0105stinis 104kv.m vieno auk\u0161to namas (pakeisti langai, \u012frengta pirtis, svetain\u0117 su \u017eidiniu ir virtuv\u0117le, du\u0161as ir tualetas atskirose patalpose. Kita namo pus\u0117 prad\u0117ta remontuoti, ta\u010diau nebaigta); \u2013 \u0160ildymas kietu kuru; \u2013 Pri\u017ei\u016br\u0117tas 1ha. \u017eem\u0117s sklypas apsodintas dekoratyviniais med\u017eiais, \u012f\u017euvintas tvenkinys; \u2013 \u016akiniai pastatai; \u2013 Patogus priva\u017eiavimas visus metus. Iki Tauj\u0117n\u0173 5km, Ukmerg\u0117s 15km, Anyk\u0161\u010diai 34km, Panev\u0117\u017eys 55km, Mol\u0117tai 56km, Utena 71km, Vilniaus ir Kauno 84km.\" \/>\n<meta property=\"og:url\" content=\"https:\/\/www.namude.lt\/objektas\/parduodama-sodyba-vaizdingoje-vietoje-pamusio-k-ukmerges-raj\/\" \/>\n<meta property=\"og:site_name\" content=\"Namud\u0117\" \/>\n<meta property=\"og:image\" content=\"https:\/\/www.namude.lt\/wp-content\/uploads\/2025\/11\/1-1.jpg\" \/>\n\t<meta property=\"og:image:width\" content=\"2400\" \/>\n\t<meta property=\"og:image:height\" content=\"1800\" \/>\n\t<meta property=\"og:image:type\" content=\"image\/jpeg\" \/>\n<meta name=\"twitter:card\" content=\"summary_large_image\" \/>\n<script type=\"application\/ld+json\" class=\"yoast-schema-graph\">{\"@context\":\"https:\/\/schema.org\",\"@graph\":[{\"@type\":\"WebPage\",\"@id\":\"https:\/\/www.namude.lt\/objektas\/parduodama-sodyba-vaizdingoje-vietoje-pamusio-k-ukmerges-raj\/\",\"url\":\"https:\/\/www.namude.lt\/objektas\/parduodama-sodyba-vaizdingoje-vietoje-pamusio-k-ukmerges-raj\/\",\"name\":\"PARDUODAMA SODYBA VAIZDINGOJE VIETOJE \u2013PAM\u016a\u0160IO K., UKMERG\u0116S RAJ. - Namud\u0117\",\"isPartOf\":{\"@id\":\"https:\/\/www.namude.lt\/#website\"},\"primaryImageOfPage\":{\"@id\":\"https:\/\/www.namude.lt\/objektas\/parduodama-sodyba-vaizdingoje-vietoje-pamusio-k-ukmerges-raj\/#primaryimage\"},\"image\":{\"@id\":\"https:\/\/www.namude.lt\/objektas\/parduodama-sodyba-vaizdingoje-vietoje-pamusio-k-ukmerges-raj\/#primaryimage\"},\"thumbnailUrl\":\"https:\/\/www.namude.lt\/wp-content\/uploads\/2025\/11\/1-1.jpg\",\"datePublished\":\"2025-11-07T13:46:48+00:00\",\"breadcrumb\":{\"@id\":\"https:\/\/www.namude.lt\/objektas\/parduodama-sodyba-vaizdingoje-vietoje-pamusio-k-ukmerges-raj\/#breadcrumb\"},\"inLanguage\":\"en-US\",\"potentialAction\":[{\"@type\":\"ReadAction\",\"target\":[\"https:\/\/www.namude.lt\/objektas\/parduodama-sodyba-vaizdingoje-vietoje-pamusio-k-ukmerges-raj\/\"]}]},{\"@type\":\"ImageObject\",\"inLanguage\":\"en-US\",\"@id\":\"https:\/\/www.namude.lt\/objektas\/parduodama-sodyba-vaizdingoje-vietoje-pamusio-k-ukmerges-raj\/#primaryimage\",\"url\":\"https:\/\/www.namude.lt\/wp-content\/uploads\/2025\/11\/1-1.jpg\",\"contentUrl\":\"https:\/\/www.namude.lt\/wp-content\/uploads\/2025\/11\/1-1.jpg\",\"width\":2400,\"height\":1800},{\"@type\":\"BreadcrumbList\",\"@id\":\"https:\/\/www.namude.lt\/objektas\/parduodama-sodyba-vaizdingoje-vietoje-pamusio-k-ukmerges-raj\/#breadcrumb\",\"itemListElement\":[{\"@type\":\"ListItem\",\"position\":1,\"name\":\"Home\",\"item\":\"https:\/\/www.namude.lt\/en\/\"},{\"@type\":\"ListItem\",\"position\":2,\"name\":\"Real estate\",\"item\":\"https:\/\/www.namude.lt\/en\/real-estate\/\"},{\"@type\":\"ListItem\",\"position\":3,\"name\":\"PARDUODAMA SODYBA VAIZDINGOJE VIETOJE \u2013PAM\u016a\u0160IO K., UKMERG\u0116S RAJ.\"}]},{\"@type\":\"WebSite\",\"@id\":\"https:\/\/www.namude.lt\/#website\",\"url\":\"https:\/\/www.namude.lt\/\",\"name\":\"Namud\u0117\",\"description\":\"\u201eNamud\u0117\u201c \u2013 agent\u016bra, pardavin\u0117janti Auk\u0161taitijos NT grynuolius.\",\"publisher\":{\"@id\":\"https:\/\/www.namude.lt\/#organization\"},\"potentialAction\":[{\"@type\":\"SearchAction\",\"target\":{\"@type\":\"EntryPoint\",\"urlTemplate\":\"https:\/\/www.namude.lt\/?s={search_term_string}\"},\"query-input\":{\"@type\":\"PropertyValueSpecification\",\"valueRequired\":true,\"valueName\":\"search_term_string\"}}],\"inLanguage\":\"en-US\"},{\"@type\":\"Organization\",\"@id\":\"https:\/\/www.namude.lt\/#organization\",\"name\":\"Namud\u0117\",\"url\":\"https:\/\/www.namude.lt\/\",\"logo\":{\"@type\":\"ImageObject\",\"inLanguage\":\"en-US\",\"@id\":\"https:\/\/www.namude.lt\/#\/schema\/logo\/image\/\",\"url\":\"https:\/\/www.namude.lt\/wp-content\/uploads\/2023\/11\/logo-symbol.svg\",\"contentUrl\":\"https:\/\/www.namude.lt\/wp-content\/uploads\/2023\/11\/logo-symbol.svg\",\"width\":1,\"height\":1,\"caption\":\"Namud\u0117\"},\"image\":{\"@id\":\"https:\/\/www.namude.lt\/#\/schema\/logo\/image\/\"}}]}<\/script>\n<!-- \/ Yoast SEO plugin. -->","yoast_head_json":{"title":"PARDUODAMA SODYBA VAIZDINGOJE VIETOJE \u2013PAM\u016a\u0160IO K., UKMERG\u0116S RAJ. - Namud\u0117","robots":{"index":"index","follow":"follow","max-snippet":"max-snippet:-1","max-image-preview":"max-image-preview:large","max-video-preview":"max-video-preview:-1"},"canonical":"https:\/\/www.namude.lt\/objektas\/parduodama-sodyba-vaizdingoje-vietoje-pamusio-k-ukmerges-raj\/","og_locale":"en_US","og_type":"article","og_title":"PARDUODAMA SODYBA VAIZDINGOJE VIETOJE \u2013PAM\u016a\u0160IO K., UKMERG\u0116S RAJ. - Namud\u0117","og_description":"Ie\u0161kote vietos, kur galima pab\u0117gti nuo miesto \u0161urmulio? \u0160i sodyba \u2013 puikus pasirinkimas norintiems poilsio, nat\u016bralios aplinkos ir privatumo.  Tai puiki galimyb\u0117 \u012fsigyti sodyb\u0105 gamtos apsuptyje, vos keli kilometrai nuo Ukmerg\u0117s ir pagrindini\u0173 keli\u0173, ta\u010diau toliau nuo miesto triuk\u0161mo. Vos u\u017e 5 km yra Tauj\u0117n\u0173 dvaras - vienas gra\u017eiausi\u0173 Ukmerg\u0117s rajono dvar\u0173, apsuptas parko, tvenkini\u0173 ir sen\u0173 liep\u0173 al\u0117j\u0173.  PRIVALUMAI: \u2013 R\u0105stinis 104kv.m vieno auk\u0161to namas (pakeisti langai, \u012frengta pirtis, svetain\u0117 su \u017eidiniu ir virtuv\u0117le, du\u0161as ir tualetas atskirose patalpose. Kita namo pus\u0117 prad\u0117ta remontuoti, ta\u010diau nebaigta); \u2013 \u0160ildymas kietu kuru; \u2013 Pri\u017ei\u016br\u0117tas 1ha. \u017eem\u0117s sklypas apsodintas dekoratyviniais med\u017eiais, \u012f\u017euvintas tvenkinys; \u2013 \u016akiniai pastatai; \u2013 Patogus priva\u017eiavimas visus metus. Iki Tauj\u0117n\u0173 5km, Ukmerg\u0117s 15km, Anyk\u0161\u010diai 34km, Panev\u0117\u017eys 55km, Mol\u0117tai 56km, Utena 71km, Vilniaus ir Kauno 84km.","og_url":"https:\/\/www.namude.lt\/objektas\/parduodama-sodyba-vaizdingoje-vietoje-pamusio-k-ukmerges-raj\/","og_site_name":"Namud\u0117","og_image":[{"width":2400,"height":1800,"url":"https:\/\/www.namude.lt\/wp-content\/uploads\/2025\/11\/1-1.jpg","type":"image\/jpeg"}],"twitter_card":"summary_large_image","schema":{"@context":"https:\/\/schema.org","@graph":[{"@type":"WebPage","@id":"https:\/\/www.namude.lt\/objektas\/parduodama-sodyba-vaizdingoje-vietoje-pamusio-k-ukmerges-raj\/","url":"https:\/\/www.namude.lt\/objektas\/parduodama-sodyba-vaizdingoje-vietoje-pamusio-k-ukmerges-raj\/","name":"PARDUODAMA SODYBA VAIZDINGOJE VIETOJE \u2013PAM\u016a\u0160IO K., UKMERG\u0116S RAJ. - Namud\u0117","isPartOf":{"@id":"https:\/\/www.namude.lt\/#website"},"primaryImageOfPage":{"@id":"https:\/\/www.namude.lt\/objektas\/parduodama-sodyba-vaizdingoje-vietoje-pamusio-k-ukmerges-raj\/#primaryimage"},"image":{"@id":"https:\/\/www.namude.lt\/objektas\/parduodama-sodyba-vaizdingoje-vietoje-pamusio-k-ukmerges-raj\/#primaryimage"},"thumbnailUrl":"https:\/\/www.namude.lt\/wp-content\/uploads\/2025\/11\/1-1.jpg","datePublished":"2025-11-07T13:46:48+00:00","breadcrumb":{"@id":"https:\/\/www.namude.lt\/objektas\/parduodama-sodyba-vaizdingoje-vietoje-pamusio-k-ukmerges-raj\/#breadcrumb"},"inLanguage":"en-US","potentialAction":[{"@type":"ReadAction","target":["https:\/\/www.namude.lt\/objektas\/parduodama-sodyba-vaizdingoje-vietoje-pamusio-k-ukmerges-raj\/"]}]},{"@type":"ImageObject","inLanguage":"en-US","@id":"https:\/\/www.namude.lt\/objektas\/parduodama-sodyba-vaizdingoje-vietoje-pamusio-k-ukmerges-raj\/#primaryimage","url":"https:\/\/www.namude.lt\/wp-content\/uploads\/2025\/11\/1-1.jpg","contentUrl":"https:\/\/www.namude.lt\/wp-content\/uploads\/2025\/11\/1-1.jpg","width":2400,"height":1800},{"@type":"BreadcrumbList","@id":"https:\/\/www.namude.lt\/objektas\/parduodama-sodyba-vaizdingoje-vietoje-pamusio-k-ukmerges-raj\/#breadcrumb","itemListElement":[{"@type":"ListItem","position":1,"name":"Home","item":"https:\/\/www.namude.lt\/en\/"},{"@type":"ListItem","position":2,"name":"Real estate","item":"https:\/\/www.namude.lt\/en\/real-estate\/"},{"@type":"ListItem","position":3,"name":"PARDUODAMA SODYBA VAIZDINGOJE VIETOJE \u2013PAM\u016a\u0160IO K., UKMERG\u0116S RAJ."}]},{"@type":"WebSite","@id":"https:\/\/www.namude.lt\/#website","url":"https:\/\/www.namude.lt\/","name":"Namud\u0117","description":"\u201eNamud\u0117\u201c \u2013 agent\u016bra, pardavin\u0117janti Auk\u0161taitijos NT grynuolius.","publisher":{"@id":"https:\/\/www.namude.lt\/#organization"},"potentialAction":[{"@type":"SearchAction","target":{"@type":"EntryPoint","urlTemplate":"https:\/\/www.namude.lt\/?s={search_term_string}"},"query-input":{"@type":"PropertyValueSpecification","valueRequired":true,"valueName":"search_term_string"}}],"inLanguage":"en-US"},{"@type":"Organization","@id":"https:\/\/www.namude.lt\/#organization","name":"Namud\u0117","url":"https:\/\/www.namude.lt\/","logo":{"@type":"ImageObject","inLanguage":"en-US","@id":"https:\/\/www.namude.lt\/#\/schema\/logo\/image\/","url":"https:\/\/www.namude.lt\/wp-content\/uploads\/2023\/11\/logo-symbol.svg","contentUrl":"https:\/\/www.namude.lt\/wp-content\/uploads\/2023\/11\/logo-symbol.svg","width":1,"height":1,"caption":"Namud\u0117"},"image":{"@id":"https:\/\/www.namude.lt\/#\/schema\/logo\/image\/"}}]}},"_links":{"self":[{"href":"https:\/\/www.namude.lt\/en\/wp-json\/wp\/v2\/product\/23439","targetHints":{"allow":["GET"]}}],"collection":[{"href":"https:\/\/www.namude.lt\/en\/wp-json\/wp\/v2\/product"}],"about":[{"href":"https:\/\/www.namude.lt\/en\/wp-json\/wp\/v2\/types\/product"}],"wp:featuredmedia":[{"embeddable":true,"href":"https:\/\/www.namude.lt\/en\/wp-json\/wp\/v2\/media\/23440"}],"wp:attachment":[{"href":"https:\/\/www.namude.lt\/en\/wp-json\/wp\/v2\/media?parent=23439"}],"wp:term":[{"taxonomy":"product_brand","embeddable":true,"href":"https:\/\/www.namude.lt\/en\/wp-json\/wp\/v2\/product_brand?post=23439"},{"taxonomy":"product_cat","embeddable":true,"href":"https:\/\/www.namude.lt\/en\/wp-json\/wp\/v2\/product_cat?post=23439"},{"taxonomy":"product_tag","embeddable":true,"href":"https:\/\/www.namude.lt\/en\/wp-json\/wp\/v2\/product_tag?post=23439"}],"curies":[{"name":"wp","href":"https:\/\/api.w.org\/{rel}","templated":true}]}}