{"id":23360,"date":"2025-11-04T08:54:26","date_gmt":"2025-11-04T06:54:26","guid":{"rendered":"https:\/\/www.namude.lt\/?post_type=product&#038;p=23360"},"modified":"2026-01-08T08:52:18","modified_gmt":"2026-01-08T06:52:18","slug":"parduodamas-erdvus-butas-per-du-aukstus-utenoje-v-kudirkos-gatveje","status":"publish","type":"product","link":"https:\/\/www.namude.lt\/en\/object\/parduodamas-erdvus-butas-per-du-aukstus-utenoje-v-kudirkos-gatveje\/","title":{"rendered":"PARDUODAMAS ERDVUS BUTAS PER DU AUK\u0160TUS UTENOJE, V. KUDIRKOS GATV\u0116JE"},"content":{"rendered":"","protected":false},"excerpt":{"rendered":"<p>Parduodamas \u0161viesus ir erdvus dviej\u0173 miegam\u0173j\u0173 butas per du auk\u0161tus Utenoje &#8211; Kra\u0161uonos mikrorajone, V. Kudirkos gatv\u0117je 4 auk\u0161te. Butas yra 2009 m. statybos name, pasi\u017eymin\u010diame kokybi\u0161ka statyba ir ramia kaimynyste.<\/p>\n<p>&#8211; Auk\u0161tas: 4<br \/>\n&#8211; Bendras plotas: 91,84 kv. m.<br \/>\n&#8211; Pirmame buto auk\u0161te \u2013 erdvi svetain\u0117 su virtuve.<br \/>\n&#8211; Antrame buto auk\u0161te \u2013 du miegamieji, vonios kambarys.<br \/>\n&#8211; Abiejuose auk\u0161tuose yra balkonai, i\u0161 kuri\u0173 atsiveria nuostabus vaizdas \u012f park\u0105<br \/>\n&#8211; Statybos metai: 2007\u20132009<\/p>\n<p>Pastatas pri\u017ei\u016br\u0117tas, aplinka sutvarkyta, kaimynyst\u0117 rami ir draugi\u0161ka \u2013 visai \u0161alia yra parkas, prekybos centrai, mokykla.<\/p>\n","protected":false},"featured_media":23361,"template":"","meta":{"_acf_changed":false},"product_brand":[],"product_cat":[27],"product_tag":[],"class_list":{"0":"post-23360","1":"product","2":"type-product","3":"status-publish","4":"has-post-thumbnail","6":"product_cat-butai","7":"pa_rajonas-utenos-rajonas","8":"description-off","10":"first","11":"instock","12":"shipping-taxable","13":"purchasable","14":"product-type-simple"},"acf":[],"yoast_head":"<!-- This site is optimized with the Yoast SEO plugin v27.4 - https:\/\/yoast.com\/product\/yoast-seo-wordpress\/ -->\n<title>PARDUODAMAS ERDVUS BUTAS PER DU AUK\u0160TUS UTENOJE, V. KUDIRKOS GATV\u0116JE - Namud\u0117<\/title>\n<meta name=\"robots\" content=\"index, follow, max-snippet:-1, max-image-preview:large, max-video-preview:-1\" \/>\n<link rel=\"canonical\" href=\"https:\/\/www.namude.lt\/objektas\/parduodamas-erdvus-butas-per-du-aukstus-utenoje-v-kudirkos-gatveje\/\" \/>\n<meta property=\"og:locale\" content=\"en_US\" \/>\n<meta property=\"og:type\" content=\"article\" \/>\n<meta property=\"og:title\" content=\"PARDUODAMAS ERDVUS BUTAS PER DU AUK\u0160TUS UTENOJE, V. KUDIRKOS GATV\u0116JE - Namud\u0117\" \/>\n<meta property=\"og:description\" content=\"Parduodamas \u0161viesus ir erdvus dviej\u0173 miegam\u0173j\u0173 butas per du auk\u0161tus Utenoje - Kra\u0161uonos mikrorajone, V. Kudirkos gatv\u0117je 4 auk\u0161te. Butas yra 2009 m. statybos name, pasi\u017eymin\u010diame kokybi\u0161ka statyba ir ramia kaimynyste.  - Auk\u0161tas: 4 - Bendras plotas: 91,84 kv. m. - Pirmame buto auk\u0161te \u2013 erdvi svetain\u0117 su virtuve. - Antrame buto auk\u0161te \u2013 du miegamieji, vonios kambarys. - Abiejuose auk\u0161tuose yra balkonai, i\u0161 kuri\u0173 atsiveria nuostabus vaizdas \u012f park\u0105 - Statybos metai: 2007\u20132009  Pastatas pri\u017ei\u016br\u0117tas, aplinka sutvarkyta, kaimynyst\u0117 rami ir draugi\u0161ka \u2013 visai \u0161alia yra parkas, prekybos centrai, mokykla.\" \/>\n<meta property=\"og:url\" content=\"https:\/\/www.namude.lt\/objektas\/parduodamas-erdvus-butas-per-du-aukstus-utenoje-v-kudirkos-gatveje\/\" \/>\n<meta property=\"og:site_name\" content=\"Namud\u0117\" \/>\n<meta property=\"article:modified_time\" content=\"2026-01-08T06:52:18+00:00\" \/>\n<meta property=\"og:image\" content=\"https:\/\/www.namude.lt\/wp-content\/uploads\/2025\/11\/1.jpg\" \/>\n\t<meta property=\"og:image:width\" content=\"2400\" \/>\n\t<meta property=\"og:image:height\" content=\"1800\" \/>\n\t<meta property=\"og:image:type\" content=\"image\/jpeg\" \/>\n<meta name=\"twitter:card\" content=\"summary_large_image\" \/>\n<script type=\"application\/ld+json\" class=\"yoast-schema-graph\">{\"@context\":\"https:\\\/\\\/schema.org\",\"@graph\":[{\"@type\":\"WebPage\",\"@id\":\"https:\\\/\\\/www.namude.lt\\\/objektas\\\/parduodamas-erdvus-butas-per-du-aukstus-utenoje-v-kudirkos-gatveje\\\/\",\"url\":\"https:\\\/\\\/www.namude.lt\\\/objektas\\\/parduodamas-erdvus-butas-per-du-aukstus-utenoje-v-kudirkos-gatveje\\\/\",\"name\":\"PARDUODAMAS ERDVUS BUTAS PER DU AUK\u0160TUS UTENOJE, V. KUDIRKOS GATV\u0116JE - Namud\u0117\",\"isPartOf\":{\"@id\":\"https:\\\/\\\/www.namude.lt\\\/#website\"},\"primaryImageOfPage\":{\"@id\":\"https:\\\/\\\/www.namude.lt\\\/objektas\\\/parduodamas-erdvus-butas-per-du-aukstus-utenoje-v-kudirkos-gatveje\\\/#primaryimage\"},\"image\":{\"@id\":\"https:\\\/\\\/www.namude.lt\\\/objektas\\\/parduodamas-erdvus-butas-per-du-aukstus-utenoje-v-kudirkos-gatveje\\\/#primaryimage\"},\"thumbnailUrl\":\"https:\\\/\\\/www.namude.lt\\\/wp-content\\\/uploads\\\/2025\\\/11\\\/1.jpg\",\"datePublished\":\"2025-11-04T06:54:26+00:00\",\"dateModified\":\"2026-01-08T06:52:18+00:00\",\"breadcrumb\":{\"@id\":\"https:\\\/\\\/www.namude.lt\\\/objektas\\\/parduodamas-erdvus-butas-per-du-aukstus-utenoje-v-kudirkos-gatveje\\\/#breadcrumb\"},\"inLanguage\":\"en-US\",\"potentialAction\":[{\"@type\":\"ReadAction\",\"target\":[\"https:\\\/\\\/www.namude.lt\\\/objektas\\\/parduodamas-erdvus-butas-per-du-aukstus-utenoje-v-kudirkos-gatveje\\\/\"]}]},{\"@type\":\"ImageObject\",\"inLanguage\":\"en-US\",\"@id\":\"https:\\\/\\\/www.namude.lt\\\/objektas\\\/parduodamas-erdvus-butas-per-du-aukstus-utenoje-v-kudirkos-gatveje\\\/#primaryimage\",\"url\":\"https:\\\/\\\/www.namude.lt\\\/wp-content\\\/uploads\\\/2025\\\/11\\\/1.jpg\",\"contentUrl\":\"https:\\\/\\\/www.namude.lt\\\/wp-content\\\/uploads\\\/2025\\\/11\\\/1.jpg\",\"width\":2400,\"height\":1800},{\"@type\":\"BreadcrumbList\",\"@id\":\"https:\\\/\\\/www.namude.lt\\\/objektas\\\/parduodamas-erdvus-butas-per-du-aukstus-utenoje-v-kudirkos-gatveje\\\/#breadcrumb\",\"itemListElement\":[{\"@type\":\"ListItem\",\"position\":1,\"name\":\"Home\",\"item\":\"https:\\\/\\\/www.namude.lt\\\/en\\\/\"},{\"@type\":\"ListItem\",\"position\":2,\"name\":\"Real estate\",\"item\":\"https:\\\/\\\/www.namude.lt\\\/en\\\/real-estate\\\/\"},{\"@type\":\"ListItem\",\"position\":3,\"name\":\"PARDUODAMAS ERDVUS BUTAS PER DU AUK\u0160TUS UTENOJE, V. KUDIRKOS GATV\u0116JE\"}]},{\"@type\":\"WebSite\",\"@id\":\"https:\\\/\\\/www.namude.lt\\\/#website\",\"url\":\"https:\\\/\\\/www.namude.lt\\\/\",\"name\":\"Namud\u0117\",\"description\":\"\u201eNamud\u0117\u201c \u2013 agent\u016bra, pardavin\u0117janti Auk\u0161taitijos NT grynuolius.\",\"publisher\":{\"@id\":\"https:\\\/\\\/www.namude.lt\\\/#organization\"},\"potentialAction\":[{\"@type\":\"SearchAction\",\"target\":{\"@type\":\"EntryPoint\",\"urlTemplate\":\"https:\\\/\\\/www.namude.lt\\\/?s={search_term_string}\"},\"query-input\":{\"@type\":\"PropertyValueSpecification\",\"valueRequired\":true,\"valueName\":\"search_term_string\"}}],\"inLanguage\":\"en-US\"},{\"@type\":\"Organization\",\"@id\":\"https:\\\/\\\/www.namude.lt\\\/#organization\",\"name\":\"Namud\u0117\",\"url\":\"https:\\\/\\\/www.namude.lt\\\/\",\"logo\":{\"@type\":\"ImageObject\",\"inLanguage\":\"en-US\",\"@id\":\"https:\\\/\\\/www.namude.lt\\\/#\\\/schema\\\/logo\\\/image\\\/\",\"url\":\"https:\\\/\\\/www.namude.lt\\\/wp-content\\\/uploads\\\/2023\\\/11\\\/logo-symbol.svg\",\"contentUrl\":\"https:\\\/\\\/www.namude.lt\\\/wp-content\\\/uploads\\\/2023\\\/11\\\/logo-symbol.svg\",\"width\":1,\"height\":1,\"caption\":\"Namud\u0117\"},\"image\":{\"@id\":\"https:\\\/\\\/www.namude.lt\\\/#\\\/schema\\\/logo\\\/image\\\/\"}}]}<\/script>\n<!-- \/ Yoast SEO plugin. -->","yoast_head_json":{"title":"PARDUODAMAS ERDVUS BUTAS PER DU AUK\u0160TUS UTENOJE, V. KUDIRKOS GATV\u0116JE - Namud\u0117","robots":{"index":"index","follow":"follow","max-snippet":"max-snippet:-1","max-image-preview":"max-image-preview:large","max-video-preview":"max-video-preview:-1"},"canonical":"https:\/\/www.namude.lt\/objektas\/parduodamas-erdvus-butas-per-du-aukstus-utenoje-v-kudirkos-gatveje\/","og_locale":"en_US","og_type":"article","og_title":"PARDUODAMAS ERDVUS BUTAS PER DU AUK\u0160TUS UTENOJE, V. KUDIRKOS GATV\u0116JE - Namud\u0117","og_description":"Parduodamas \u0161viesus ir erdvus dviej\u0173 miegam\u0173j\u0173 butas per du auk\u0161tus Utenoje - Kra\u0161uonos mikrorajone, V. Kudirkos gatv\u0117je 4 auk\u0161te. Butas yra 2009 m. statybos name, pasi\u017eymin\u010diame kokybi\u0161ka statyba ir ramia kaimynyste.  - Auk\u0161tas: 4 - Bendras plotas: 91,84 kv. m. - Pirmame buto auk\u0161te \u2013 erdvi svetain\u0117 su virtuve. - Antrame buto auk\u0161te \u2013 du miegamieji, vonios kambarys. - Abiejuose auk\u0161tuose yra balkonai, i\u0161 kuri\u0173 atsiveria nuostabus vaizdas \u012f park\u0105 - Statybos metai: 2007\u20132009  Pastatas pri\u017ei\u016br\u0117tas, aplinka sutvarkyta, kaimynyst\u0117 rami ir draugi\u0161ka \u2013 visai \u0161alia yra parkas, prekybos centrai, mokykla.","og_url":"https:\/\/www.namude.lt\/objektas\/parduodamas-erdvus-butas-per-du-aukstus-utenoje-v-kudirkos-gatveje\/","og_site_name":"Namud\u0117","article_modified_time":"2026-01-08T06:52:18+00:00","og_image":[{"width":2400,"height":1800,"url":"https:\/\/www.namude.lt\/wp-content\/uploads\/2025\/11\/1.jpg","type":"image\/jpeg"}],"twitter_card":"summary_large_image","schema":{"@context":"https:\/\/schema.org","@graph":[{"@type":"WebPage","@id":"https:\/\/www.namude.lt\/objektas\/parduodamas-erdvus-butas-per-du-aukstus-utenoje-v-kudirkos-gatveje\/","url":"https:\/\/www.namude.lt\/objektas\/parduodamas-erdvus-butas-per-du-aukstus-utenoje-v-kudirkos-gatveje\/","name":"PARDUODAMAS ERDVUS BUTAS PER DU AUK\u0160TUS UTENOJE, V. KUDIRKOS GATV\u0116JE - Namud\u0117","isPartOf":{"@id":"https:\/\/www.namude.lt\/#website"},"primaryImageOfPage":{"@id":"https:\/\/www.namude.lt\/objektas\/parduodamas-erdvus-butas-per-du-aukstus-utenoje-v-kudirkos-gatveje\/#primaryimage"},"image":{"@id":"https:\/\/www.namude.lt\/objektas\/parduodamas-erdvus-butas-per-du-aukstus-utenoje-v-kudirkos-gatveje\/#primaryimage"},"thumbnailUrl":"https:\/\/www.namude.lt\/wp-content\/uploads\/2025\/11\/1.jpg","datePublished":"2025-11-04T06:54:26+00:00","dateModified":"2026-01-08T06:52:18+00:00","breadcrumb":{"@id":"https:\/\/www.namude.lt\/objektas\/parduodamas-erdvus-butas-per-du-aukstus-utenoje-v-kudirkos-gatveje\/#breadcrumb"},"inLanguage":"en-US","potentialAction":[{"@type":"ReadAction","target":["https:\/\/www.namude.lt\/objektas\/parduodamas-erdvus-butas-per-du-aukstus-utenoje-v-kudirkos-gatveje\/"]}]},{"@type":"ImageObject","inLanguage":"en-US","@id":"https:\/\/www.namude.lt\/objektas\/parduodamas-erdvus-butas-per-du-aukstus-utenoje-v-kudirkos-gatveje\/#primaryimage","url":"https:\/\/www.namude.lt\/wp-content\/uploads\/2025\/11\/1.jpg","contentUrl":"https:\/\/www.namude.lt\/wp-content\/uploads\/2025\/11\/1.jpg","width":2400,"height":1800},{"@type":"BreadcrumbList","@id":"https:\/\/www.namude.lt\/objektas\/parduodamas-erdvus-butas-per-du-aukstus-utenoje-v-kudirkos-gatveje\/#breadcrumb","itemListElement":[{"@type":"ListItem","position":1,"name":"Home","item":"https:\/\/www.namude.lt\/en\/"},{"@type":"ListItem","position":2,"name":"Real estate","item":"https:\/\/www.namude.lt\/en\/real-estate\/"},{"@type":"ListItem","position":3,"name":"PARDUODAMAS ERDVUS BUTAS PER DU AUK\u0160TUS UTENOJE, V. KUDIRKOS GATV\u0116JE"}]},{"@type":"WebSite","@id":"https:\/\/www.namude.lt\/#website","url":"https:\/\/www.namude.lt\/","name":"Namud\u0117","description":"\u201eNamud\u0117\u201c \u2013 agent\u016bra, pardavin\u0117janti Auk\u0161taitijos NT grynuolius.","publisher":{"@id":"https:\/\/www.namude.lt\/#organization"},"potentialAction":[{"@type":"SearchAction","target":{"@type":"EntryPoint","urlTemplate":"https:\/\/www.namude.lt\/?s={search_term_string}"},"query-input":{"@type":"PropertyValueSpecification","valueRequired":true,"valueName":"search_term_string"}}],"inLanguage":"en-US"},{"@type":"Organization","@id":"https:\/\/www.namude.lt\/#organization","name":"Namud\u0117","url":"https:\/\/www.namude.lt\/","logo":{"@type":"ImageObject","inLanguage":"en-US","@id":"https:\/\/www.namude.lt\/#\/schema\/logo\/image\/","url":"https:\/\/www.namude.lt\/wp-content\/uploads\/2023\/11\/logo-symbol.svg","contentUrl":"https:\/\/www.namude.lt\/wp-content\/uploads\/2023\/11\/logo-symbol.svg","width":1,"height":1,"caption":"Namud\u0117"},"image":{"@id":"https:\/\/www.namude.lt\/#\/schema\/logo\/image\/"}}]}},"_links":{"self":[{"href":"https:\/\/www.namude.lt\/en\/wp-json\/wp\/v2\/product\/23360","targetHints":{"allow":["GET"]}}],"collection":[{"href":"https:\/\/www.namude.lt\/en\/wp-json\/wp\/v2\/product"}],"about":[{"href":"https:\/\/www.namude.lt\/en\/wp-json\/wp\/v2\/types\/product"}],"wp:featuredmedia":[{"embeddable":true,"href":"https:\/\/www.namude.lt\/en\/wp-json\/wp\/v2\/media\/23361"}],"wp:attachment":[{"href":"https:\/\/www.namude.lt\/en\/wp-json\/wp\/v2\/media?parent=23360"}],"wp:term":[{"taxonomy":"product_brand","embeddable":true,"href":"https:\/\/www.namude.lt\/en\/wp-json\/wp\/v2\/product_brand?post=23360"},{"taxonomy":"product_cat","embeddable":true,"href":"https:\/\/www.namude.lt\/en\/wp-json\/wp\/v2\/product_cat?post=23360"},{"taxonomy":"product_tag","embeddable":true,"href":"https:\/\/www.namude.lt\/en\/wp-json\/wp\/v2\/product_tag?post=23360"}],"curies":[{"name":"wp","href":"https:\/\/api.w.org\/{rel}","templated":true}]}}