{"id":23116,"date":"2025-10-23T14:58:20","date_gmt":"2025-10-23T11:58:20","guid":{"rendered":"https:\/\/www.namude.lt\/?post_type=product&#038;p=23116"},"modified":"2025-10-23T15:29:40","modified_gmt":"2025-10-23T12:29:40","slug":"parduodamas-erdvus-rastinis-namas-kuktiskese-utenos-rajone","status":"publish","type":"product","link":"https:\/\/www.namude.lt\/en\/object\/parduodamas-erdvus-rastinis-namas-kuktiskese-utenos-rajone\/","title":{"rendered":"Parduodamas erdvus r\u0105stinis namas Kukti\u0161k\u0117se, Utenos rajone."},"content":{"rendered":"","protected":false},"excerpt":{"rendered":"<p>Parduodamas 1940 m. statybos r\u0105stinis namas, kurio naudingas plotas \u2013 142 kv. m. Namas stovi ramioje ir tvarkingoje Kukti\u0161ki\u0173 gyvenviet\u0117je, vos 15km. nuo Utenos miesto. Tai puikus pasirinkimas tiek ie\u0161kantiems nuolatin\u0117s gyvenamosios vietos, tiek sodybos poilsiui gamtos apsuptyje.<br \/>\nKukti\u0161k\u0117s \u2013 tvarkinga ir jauki Utenos rajono gyvenviet\u0117, gars\u0117janti aktyvia bendruomene, gra\u017eia gamta ir patogia infrastrukt\u016bra. \u010cia ramu, bet kartu viskas, ko reikia kasdieniam gyvenimui, \u2013 pasiekiama ranka. Gyvenviet\u0117je yra: veikianti pagrindin\u0117 mokykla, vaik\u0173 dar\u017eelis, biblioteka; parduotuv\u0117s, pa\u0161tas; netoliese \u2013 e\u017eerai, mi\u0161kai, puikios s\u0105lygos poilsiui, \u017evejybai ar grybavimui.<br \/>\nPRIVALUMAI:<br \/>\n&#8211;\t142kv.m. vieno auk\u0161to r\u0105stinis namas (5 kambariai, svetain\u0117, erdvi virtuv\u0117, didelis vonios kambarys (vonia, du\u0161o kabina, tualetas);<br \/>\n&#8211;\t29a sklypas, kuriame yra vaismed\u017ei\u0173 ir dekoratyvini\u0173 augal\u0173;<br \/>\n&#8211;\t2 \u016bkiniai pastatai;<br \/>\n&#8211;\tMiestelio vandentiekis;<br \/>\n&#8211;\tGeras priva\u017eiavimas visais met\u0173 laikais. Iki Tauragn\u0173 11km,  Utenos 15km, Mol\u0117tai 26km, Vilnius 89km.<br \/>\nKoordinat\u0117s 55.395137, 25.676120<\/p>\n","protected":false},"featured_media":23117,"template":"","meta":{"_acf_changed":false},"product_brand":[],"product_cat":[26],"product_tag":[],"class_list":{"0":"post-23116","1":"product","2":"type-product","3":"status-publish","4":"has-post-thumbnail","6":"product_cat-namai","7":"pa_rajonas-utenos-rajonas","8":"description-off","10":"first","11":"instock","12":"shipping-taxable","13":"purchasable","14":"product-type-simple"},"acf":[],"yoast_head":"<!-- This site is optimized with the Yoast SEO plugin v27.0 - https:\/\/yoast.com\/product\/yoast-seo-wordpress\/ -->\n<title>Parduodamas erdvus r\u0105stinis namas Kukti\u0161k\u0117se, Utenos rajone. - Namud\u0117<\/title>\n<meta name=\"robots\" content=\"index, follow, max-snippet:-1, max-image-preview:large, max-video-preview:-1\" \/>\n<link rel=\"canonical\" href=\"https:\/\/www.namude.lt\/objektas\/parduodamas-erdvus-rastinis-namas-kuktiskese-utenos-rajone\/\" \/>\n<meta property=\"og:locale\" content=\"en_US\" \/>\n<meta property=\"og:type\" content=\"article\" \/>\n<meta property=\"og:title\" content=\"Parduodamas erdvus r\u0105stinis namas Kukti\u0161k\u0117se, Utenos rajone. - Namud\u0117\" \/>\n<meta property=\"og:description\" content=\"Parduodamas 1940 m. statybos r\u0105stinis namas, kurio naudingas plotas \u2013 142 kv. m. Namas stovi ramioje ir tvarkingoje Kukti\u0161ki\u0173 gyvenviet\u0117je, vos 15km. nuo Utenos miesto. Tai puikus pasirinkimas tiek ie\u0161kantiems nuolatin\u0117s gyvenamosios vietos, tiek sodybos poilsiui gamtos apsuptyje. Kukti\u0161k\u0117s \u2013 tvarkinga ir jauki Utenos rajono gyvenviet\u0117, gars\u0117janti aktyvia bendruomene, gra\u017eia gamta ir patogia infrastrukt\u016bra. \u010cia ramu, bet kartu viskas, ko reikia kasdieniam gyvenimui, \u2013 pasiekiama ranka. Gyvenviet\u0117je yra: veikianti pagrindin\u0117 mokykla, vaik\u0173 dar\u017eelis, biblioteka; parduotuv\u0117s, pa\u0161tas; netoliese \u2013 e\u017eerai, mi\u0161kai, puikios s\u0105lygos poilsiui, \u017evejybai ar grybavimui. PRIVALUMAI: - 142kv.m. vieno auk\u0161to r\u0105stinis namas (5 kambariai, svetain\u0117, erdvi virtuv\u0117, didelis vonios kambarys (vonia, du\u0161o kabina, tualetas); - 29a sklypas, kuriame yra vaismed\u017ei\u0173 ir dekoratyvini\u0173 augal\u0173; - 2 \u016bkiniai pastatai;  - Miestelio vandentiekis; - Geras priva\u017eiavimas visais met\u0173 laikais. Iki Tauragn\u0173 11km, Utenos 15km, Mol\u0117tai 26km, Vilnius 89km. Koordinat\u0117s 55.395137, 25.676120\" \/>\n<meta property=\"og:url\" content=\"https:\/\/www.namude.lt\/objektas\/parduodamas-erdvus-rastinis-namas-kuktiskese-utenos-rajone\/\" \/>\n<meta property=\"og:site_name\" content=\"Namud\u0117\" \/>\n<meta property=\"article:modified_time\" content=\"2025-10-23T12:29:40+00:00\" \/>\n<meta property=\"og:image\" content=\"https:\/\/www.namude.lt\/wp-content\/uploads\/2025\/10\/1-12.jpg\" \/>\n\t<meta property=\"og:image:width\" content=\"2400\" \/>\n\t<meta property=\"og:image:height\" content=\"1800\" \/>\n\t<meta property=\"og:image:type\" content=\"image\/jpeg\" \/>\n<meta name=\"twitter:card\" content=\"summary_large_image\" \/>\n<script type=\"application\/ld+json\" class=\"yoast-schema-graph\">{\"@context\":\"https:\/\/schema.org\",\"@graph\":[{\"@type\":\"WebPage\",\"@id\":\"https:\/\/www.namude.lt\/objektas\/parduodamas-erdvus-rastinis-namas-kuktiskese-utenos-rajone\/\",\"url\":\"https:\/\/www.namude.lt\/objektas\/parduodamas-erdvus-rastinis-namas-kuktiskese-utenos-rajone\/\",\"name\":\"Parduodamas erdvus r\u0105stinis namas Kukti\u0161k\u0117se, Utenos rajone. - Namud\u0117\",\"isPartOf\":{\"@id\":\"https:\/\/www.namude.lt\/#website\"},\"primaryImageOfPage\":{\"@id\":\"https:\/\/www.namude.lt\/objektas\/parduodamas-erdvus-rastinis-namas-kuktiskese-utenos-rajone\/#primaryimage\"},\"image\":{\"@id\":\"https:\/\/www.namude.lt\/objektas\/parduodamas-erdvus-rastinis-namas-kuktiskese-utenos-rajone\/#primaryimage\"},\"thumbnailUrl\":\"https:\/\/www.namude.lt\/wp-content\/uploads\/2025\/10\/1-12.jpg\",\"datePublished\":\"2025-10-23T11:58:20+00:00\",\"dateModified\":\"2025-10-23T12:29:40+00:00\",\"breadcrumb\":{\"@id\":\"https:\/\/www.namude.lt\/objektas\/parduodamas-erdvus-rastinis-namas-kuktiskese-utenos-rajone\/#breadcrumb\"},\"inLanguage\":\"en-US\",\"potentialAction\":[{\"@type\":\"ReadAction\",\"target\":[\"https:\/\/www.namude.lt\/objektas\/parduodamas-erdvus-rastinis-namas-kuktiskese-utenos-rajone\/\"]}]},{\"@type\":\"ImageObject\",\"inLanguage\":\"en-US\",\"@id\":\"https:\/\/www.namude.lt\/objektas\/parduodamas-erdvus-rastinis-namas-kuktiskese-utenos-rajone\/#primaryimage\",\"url\":\"https:\/\/www.namude.lt\/wp-content\/uploads\/2025\/10\/1-12.jpg\",\"contentUrl\":\"https:\/\/www.namude.lt\/wp-content\/uploads\/2025\/10\/1-12.jpg\",\"width\":2400,\"height\":1800},{\"@type\":\"BreadcrumbList\",\"@id\":\"https:\/\/www.namude.lt\/objektas\/parduodamas-erdvus-rastinis-namas-kuktiskese-utenos-rajone\/#breadcrumb\",\"itemListElement\":[{\"@type\":\"ListItem\",\"position\":1,\"name\":\"Home\",\"item\":\"https:\/\/www.namude.lt\/en\/\"},{\"@type\":\"ListItem\",\"position\":2,\"name\":\"Real estate\",\"item\":\"https:\/\/www.namude.lt\/en\/real-estate\/\"},{\"@type\":\"ListItem\",\"position\":3,\"name\":\"Parduodamas erdvus r\u0105stinis namas Kukti\u0161k\u0117se, Utenos rajone.\"}]},{\"@type\":\"WebSite\",\"@id\":\"https:\/\/www.namude.lt\/#website\",\"url\":\"https:\/\/www.namude.lt\/\",\"name\":\"Namud\u0117\",\"description\":\"\u201eNamud\u0117\u201c \u2013 agent\u016bra, pardavin\u0117janti Auk\u0161taitijos NT grynuolius.\",\"publisher\":{\"@id\":\"https:\/\/www.namude.lt\/#organization\"},\"potentialAction\":[{\"@type\":\"SearchAction\",\"target\":{\"@type\":\"EntryPoint\",\"urlTemplate\":\"https:\/\/www.namude.lt\/?s={search_term_string}\"},\"query-input\":{\"@type\":\"PropertyValueSpecification\",\"valueRequired\":true,\"valueName\":\"search_term_string\"}}],\"inLanguage\":\"en-US\"},{\"@type\":\"Organization\",\"@id\":\"https:\/\/www.namude.lt\/#organization\",\"name\":\"Namud\u0117\",\"url\":\"https:\/\/www.namude.lt\/\",\"logo\":{\"@type\":\"ImageObject\",\"inLanguage\":\"en-US\",\"@id\":\"https:\/\/www.namude.lt\/#\/schema\/logo\/image\/\",\"url\":\"https:\/\/www.namude.lt\/wp-content\/uploads\/2023\/11\/logo-symbol.svg\",\"contentUrl\":\"https:\/\/www.namude.lt\/wp-content\/uploads\/2023\/11\/logo-symbol.svg\",\"width\":1,\"height\":1,\"caption\":\"Namud\u0117\"},\"image\":{\"@id\":\"https:\/\/www.namude.lt\/#\/schema\/logo\/image\/\"}}]}<\/script>\n<!-- \/ Yoast SEO plugin. -->","yoast_head_json":{"title":"Parduodamas erdvus r\u0105stinis namas Kukti\u0161k\u0117se, Utenos rajone. - Namud\u0117","robots":{"index":"index","follow":"follow","max-snippet":"max-snippet:-1","max-image-preview":"max-image-preview:large","max-video-preview":"max-video-preview:-1"},"canonical":"https:\/\/www.namude.lt\/objektas\/parduodamas-erdvus-rastinis-namas-kuktiskese-utenos-rajone\/","og_locale":"en_US","og_type":"article","og_title":"Parduodamas erdvus r\u0105stinis namas Kukti\u0161k\u0117se, Utenos rajone. - Namud\u0117","og_description":"Parduodamas 1940 m. statybos r\u0105stinis namas, kurio naudingas plotas \u2013 142 kv. m. Namas stovi ramioje ir tvarkingoje Kukti\u0161ki\u0173 gyvenviet\u0117je, vos 15km. nuo Utenos miesto. Tai puikus pasirinkimas tiek ie\u0161kantiems nuolatin\u0117s gyvenamosios vietos, tiek sodybos poilsiui gamtos apsuptyje. Kukti\u0161k\u0117s \u2013 tvarkinga ir jauki Utenos rajono gyvenviet\u0117, gars\u0117janti aktyvia bendruomene, gra\u017eia gamta ir patogia infrastrukt\u016bra. \u010cia ramu, bet kartu viskas, ko reikia kasdieniam gyvenimui, \u2013 pasiekiama ranka. Gyvenviet\u0117je yra: veikianti pagrindin\u0117 mokykla, vaik\u0173 dar\u017eelis, biblioteka; parduotuv\u0117s, pa\u0161tas; netoliese \u2013 e\u017eerai, mi\u0161kai, puikios s\u0105lygos poilsiui, \u017evejybai ar grybavimui. PRIVALUMAI: - 142kv.m. vieno auk\u0161to r\u0105stinis namas (5 kambariai, svetain\u0117, erdvi virtuv\u0117, didelis vonios kambarys (vonia, du\u0161o kabina, tualetas); - 29a sklypas, kuriame yra vaismed\u017ei\u0173 ir dekoratyvini\u0173 augal\u0173; - 2 \u016bkiniai pastatai;  - Miestelio vandentiekis; - Geras priva\u017eiavimas visais met\u0173 laikais. Iki Tauragn\u0173 11km, Utenos 15km, Mol\u0117tai 26km, Vilnius 89km. Koordinat\u0117s 55.395137, 25.676120","og_url":"https:\/\/www.namude.lt\/objektas\/parduodamas-erdvus-rastinis-namas-kuktiskese-utenos-rajone\/","og_site_name":"Namud\u0117","article_modified_time":"2025-10-23T12:29:40+00:00","og_image":[{"width":2400,"height":1800,"url":"https:\/\/www.namude.lt\/wp-content\/uploads\/2025\/10\/1-12.jpg","type":"image\/jpeg"}],"twitter_card":"summary_large_image","schema":{"@context":"https:\/\/schema.org","@graph":[{"@type":"WebPage","@id":"https:\/\/www.namude.lt\/objektas\/parduodamas-erdvus-rastinis-namas-kuktiskese-utenos-rajone\/","url":"https:\/\/www.namude.lt\/objektas\/parduodamas-erdvus-rastinis-namas-kuktiskese-utenos-rajone\/","name":"Parduodamas erdvus r\u0105stinis namas Kukti\u0161k\u0117se, Utenos rajone. - Namud\u0117","isPartOf":{"@id":"https:\/\/www.namude.lt\/#website"},"primaryImageOfPage":{"@id":"https:\/\/www.namude.lt\/objektas\/parduodamas-erdvus-rastinis-namas-kuktiskese-utenos-rajone\/#primaryimage"},"image":{"@id":"https:\/\/www.namude.lt\/objektas\/parduodamas-erdvus-rastinis-namas-kuktiskese-utenos-rajone\/#primaryimage"},"thumbnailUrl":"https:\/\/www.namude.lt\/wp-content\/uploads\/2025\/10\/1-12.jpg","datePublished":"2025-10-23T11:58:20+00:00","dateModified":"2025-10-23T12:29:40+00:00","breadcrumb":{"@id":"https:\/\/www.namude.lt\/objektas\/parduodamas-erdvus-rastinis-namas-kuktiskese-utenos-rajone\/#breadcrumb"},"inLanguage":"en-US","potentialAction":[{"@type":"ReadAction","target":["https:\/\/www.namude.lt\/objektas\/parduodamas-erdvus-rastinis-namas-kuktiskese-utenos-rajone\/"]}]},{"@type":"ImageObject","inLanguage":"en-US","@id":"https:\/\/www.namude.lt\/objektas\/parduodamas-erdvus-rastinis-namas-kuktiskese-utenos-rajone\/#primaryimage","url":"https:\/\/www.namude.lt\/wp-content\/uploads\/2025\/10\/1-12.jpg","contentUrl":"https:\/\/www.namude.lt\/wp-content\/uploads\/2025\/10\/1-12.jpg","width":2400,"height":1800},{"@type":"BreadcrumbList","@id":"https:\/\/www.namude.lt\/objektas\/parduodamas-erdvus-rastinis-namas-kuktiskese-utenos-rajone\/#breadcrumb","itemListElement":[{"@type":"ListItem","position":1,"name":"Home","item":"https:\/\/www.namude.lt\/en\/"},{"@type":"ListItem","position":2,"name":"Real estate","item":"https:\/\/www.namude.lt\/en\/real-estate\/"},{"@type":"ListItem","position":3,"name":"Parduodamas erdvus r\u0105stinis namas Kukti\u0161k\u0117se, Utenos rajone."}]},{"@type":"WebSite","@id":"https:\/\/www.namude.lt\/#website","url":"https:\/\/www.namude.lt\/","name":"Namud\u0117","description":"\u201eNamud\u0117\u201c \u2013 agent\u016bra, pardavin\u0117janti Auk\u0161taitijos NT grynuolius.","publisher":{"@id":"https:\/\/www.namude.lt\/#organization"},"potentialAction":[{"@type":"SearchAction","target":{"@type":"EntryPoint","urlTemplate":"https:\/\/www.namude.lt\/?s={search_term_string}"},"query-input":{"@type":"PropertyValueSpecification","valueRequired":true,"valueName":"search_term_string"}}],"inLanguage":"en-US"},{"@type":"Organization","@id":"https:\/\/www.namude.lt\/#organization","name":"Namud\u0117","url":"https:\/\/www.namude.lt\/","logo":{"@type":"ImageObject","inLanguage":"en-US","@id":"https:\/\/www.namude.lt\/#\/schema\/logo\/image\/","url":"https:\/\/www.namude.lt\/wp-content\/uploads\/2023\/11\/logo-symbol.svg","contentUrl":"https:\/\/www.namude.lt\/wp-content\/uploads\/2023\/11\/logo-symbol.svg","width":1,"height":1,"caption":"Namud\u0117"},"image":{"@id":"https:\/\/www.namude.lt\/#\/schema\/logo\/image\/"}}]}},"_links":{"self":[{"href":"https:\/\/www.namude.lt\/en\/wp-json\/wp\/v2\/product\/23116","targetHints":{"allow":["GET"]}}],"collection":[{"href":"https:\/\/www.namude.lt\/en\/wp-json\/wp\/v2\/product"}],"about":[{"href":"https:\/\/www.namude.lt\/en\/wp-json\/wp\/v2\/types\/product"}],"wp:featuredmedia":[{"embeddable":true,"href":"https:\/\/www.namude.lt\/en\/wp-json\/wp\/v2\/media\/23117"}],"wp:attachment":[{"href":"https:\/\/www.namude.lt\/en\/wp-json\/wp\/v2\/media?parent=23116"}],"wp:term":[{"taxonomy":"product_brand","embeddable":true,"href":"https:\/\/www.namude.lt\/en\/wp-json\/wp\/v2\/product_brand?post=23116"},{"taxonomy":"product_cat","embeddable":true,"href":"https:\/\/www.namude.lt\/en\/wp-json\/wp\/v2\/product_cat?post=23116"},{"taxonomy":"product_tag","embeddable":true,"href":"https:\/\/www.namude.lt\/en\/wp-json\/wp\/v2\/product_tag?post=23116"}],"curies":[{"name":"wp","href":"https:\/\/api.w.org\/{rel}","templated":true}]}}