{"id":22667,"date":"2025-10-01T15:20:41","date_gmt":"2025-10-01T12:20:41","guid":{"rendered":"https:\/\/www.namude.lt\/?post_type=product&#038;p=22667"},"modified":"2026-04-16T15:08:41","modified_gmt":"2026-04-16T12:08:41","slug":"parduodamas-namas-su-erdviu-sklypu-utenos-mieste","status":"publish","type":"product","link":"https:\/\/www.namude.lt\/en\/object\/parduodamas-namas-su-erdviu-sklypu-utenos-mieste\/","title":{"rendered":"PARDUODAMAS NAMAS SU ERDVIU SKLYPU UTENOS MIESTE!"},"content":{"rendered":"","protected":false},"excerpt":{"rendered":"<p><strong>Parduodamas gyvenamasis namas Giri\u0173 gatv\u0117je.<\/strong><a href=\"https:\/\/www.namude.lt\/kategorija\/namai\/?filter_rajonas=utenos-rajonas&amp;query_type_rajonas=or\"><\/a> Namas stovi tvarkingame, erdviame sklype, aplink \u012fsik\u016br\u0119 gyvenamieji namai, solidi kaimynyst\u0117. Ramu ir tvarkinga, daug \u017ealumos, vos kelios minut\u0117s iki Utenos centro, parduotuvi\u0173, mokykl\u0173 ir kit\u0173 paslaug\u0173, patogiai pasiekiamas asfaltuotu keliu. <\/p>\n<p>PRIVALUMAI:<br \/>\n\u2013 Dviej\u0173 auk\u0161t\u0173, erdvus r\u0105stinis namas 193kv.m (100.21 kv.m -gyv.plotas; 73kv.m r\u016bsys)<br \/>\n\u2013 Pirmame auk\u0161te \u2013 3 miegami kambariai, virtuv\u0117, vonios ir tualeto patalpa.<br \/>\n\u2013 Antrame auk\u0161te \u2013 suformuoti 3 kambariai, kuriuos gal\u0117site \u012fsirengti pagal savo norus.<br \/>\n\u2013 R\u016bsys po visu namu;<br \/>\n\u2013  \u0160ildymas kietu kuru;<br \/>\n\u2013  Kiti statiniai \u2013 (121 kv.m. \u016bkinis pastatas);<br \/>\n\u2013 Pri\u017ei\u016br\u0117tas 29a. sklypas. Lygus, suformuotas, pakankamai erdvus tiek dar\u017eui, tiek poilsio zonai ar papildomiems statiniams. \u017dem\u0117s sklypas apsodintas med\u017eiais ir augalais;<\/p>\n<p>Maps.lt koordinat\u0117s: 55.486979, 25.561349<\/p>\n<p>\ud83d\udcde Jei susidom\u0117jote \u0161iuo namu \u2013 skambinkite arba ra\u0161ykite, mielai atsakysime \u012f visus klausimus.<\/p>\n","protected":false},"featured_media":22668,"template":"","meta":{"_acf_changed":false},"product_brand":[],"product_cat":[26],"product_tag":[],"class_list":{"0":"post-22667","1":"product","2":"type-product","3":"status-publish","4":"has-post-thumbnail","6":"product_cat-namai","7":"pa_rajonas-utenos-rajonas","8":"description-off","10":"first","11":"instock","12":"shipping-taxable","13":"purchasable","14":"product-type-simple"},"acf":[],"yoast_head":"<!-- This site is optimized with the Yoast SEO plugin v27.0 - https:\/\/yoast.com\/product\/yoast-seo-wordpress\/ -->\n<title>PARDUODAMAS NAMAS SU ERDVIU SKLYPU UTENOS MIESTE! - Namud\u0117<\/title>\n<meta name=\"robots\" content=\"index, follow, max-snippet:-1, max-image-preview:large, max-video-preview:-1\" \/>\n<link rel=\"canonical\" href=\"https:\/\/www.namude.lt\/objektas\/parduodamas-namas-su-erdviu-sklypu-utenos-mieste\/\" \/>\n<meta property=\"og:locale\" content=\"en_US\" \/>\n<meta property=\"og:type\" content=\"article\" \/>\n<meta property=\"og:title\" content=\"PARDUODAMAS NAMAS SU ERDVIU SKLYPU UTENOS MIESTE! - Namud\u0117\" \/>\n<meta property=\"og:description\" content=\"Parduodamas gyvenamasis namas Giri\u0173 gatv\u0117je. Namas stovi tvarkingame, erdviame sklype, aplink \u012fsik\u016br\u0119 gyvenamieji namai, solidi kaimynyst\u0117. Ramu ir tvarkinga, daug \u017ealumos, vos kelios minut\u0117s iki Utenos centro, parduotuvi\u0173, mokykl\u0173 ir kit\u0173 paslaug\u0173, patogiai pasiekiamas asfaltuotu keliu.   PRIVALUMAI: \u2013 Dviej\u0173 auk\u0161t\u0173, erdvus r\u0105stinis namas 193kv.m (100.21 kv.m -gyv.plotas; 73kv.m r\u016bsys)  \u2013 Pirmame auk\u0161te \u2013 3 miegami kambariai, virtuv\u0117, vonios ir tualeto patalpa. \u2013 Antrame auk\u0161te \u2013 suformuoti 3 kambariai, kuriuos gal\u0117site \u012fsirengti pagal savo norus.  \u2013 R\u016bsys po visu namu; \u2013 \u0160ildymas kietu kuru; \u2013 Kiti statiniai \u2013 (121 kv.m. \u016bkinis pastatas); \u2013 Pri\u017ei\u016br\u0117tas 29a. sklypas. Lygus, suformuotas, pakankamai erdvus tiek dar\u017eui, tiek poilsio zonai ar papildomiems statiniams. \u017dem\u0117s sklypas apsodintas med\u017eiais ir augalais;  Maps.lt koordinat\u0117s: 55.486979, 25.561349   \ud83d\udcde Jei susidom\u0117jote \u0161iuo namu \u2013 skambinkite arba ra\u0161ykite, mielai atsakysime \u012f visus klausimus.\" \/>\n<meta property=\"og:url\" content=\"https:\/\/www.namude.lt\/objektas\/parduodamas-namas-su-erdviu-sklypu-utenos-mieste\/\" \/>\n<meta property=\"og:site_name\" content=\"Namud\u0117\" \/>\n<meta property=\"article:modified_time\" content=\"2026-04-16T12:08:41+00:00\" \/>\n<meta property=\"og:image\" content=\"https:\/\/www.namude.lt\/wp-content\/uploads\/2025\/10\/1.jpg\" \/>\n\t<meta property=\"og:image:width\" content=\"2500\" \/>\n\t<meta property=\"og:image:height\" content=\"1550\" \/>\n\t<meta property=\"og:image:type\" content=\"image\/jpeg\" \/>\n<meta name=\"twitter:card\" content=\"summary_large_image\" \/>\n<script type=\"application\/ld+json\" class=\"yoast-schema-graph\">{\"@context\":\"https:\/\/schema.org\",\"@graph\":[{\"@type\":\"WebPage\",\"@id\":\"https:\/\/www.namude.lt\/objektas\/parduodamas-namas-su-erdviu-sklypu-utenos-mieste\/\",\"url\":\"https:\/\/www.namude.lt\/objektas\/parduodamas-namas-su-erdviu-sklypu-utenos-mieste\/\",\"name\":\"PARDUODAMAS NAMAS SU ERDVIU SKLYPU UTENOS MIESTE! - Namud\u0117\",\"isPartOf\":{\"@id\":\"https:\/\/www.namude.lt\/#website\"},\"primaryImageOfPage\":{\"@id\":\"https:\/\/www.namude.lt\/objektas\/parduodamas-namas-su-erdviu-sklypu-utenos-mieste\/#primaryimage\"},\"image\":{\"@id\":\"https:\/\/www.namude.lt\/objektas\/parduodamas-namas-su-erdviu-sklypu-utenos-mieste\/#primaryimage\"},\"thumbnailUrl\":\"https:\/\/www.namude.lt\/wp-content\/uploads\/2025\/10\/1.jpg\",\"datePublished\":\"2025-10-01T12:20:41+00:00\",\"dateModified\":\"2026-04-16T12:08:41+00:00\",\"breadcrumb\":{\"@id\":\"https:\/\/www.namude.lt\/objektas\/parduodamas-namas-su-erdviu-sklypu-utenos-mieste\/#breadcrumb\"},\"inLanguage\":\"en-US\",\"potentialAction\":[{\"@type\":\"ReadAction\",\"target\":[\"https:\/\/www.namude.lt\/objektas\/parduodamas-namas-su-erdviu-sklypu-utenos-mieste\/\"]}]},{\"@type\":\"ImageObject\",\"inLanguage\":\"en-US\",\"@id\":\"https:\/\/www.namude.lt\/objektas\/parduodamas-namas-su-erdviu-sklypu-utenos-mieste\/#primaryimage\",\"url\":\"https:\/\/www.namude.lt\/wp-content\/uploads\/2025\/10\/1.jpg\",\"contentUrl\":\"https:\/\/www.namude.lt\/wp-content\/uploads\/2025\/10\/1.jpg\",\"width\":2500,\"height\":1550},{\"@type\":\"BreadcrumbList\",\"@id\":\"https:\/\/www.namude.lt\/objektas\/parduodamas-namas-su-erdviu-sklypu-utenos-mieste\/#breadcrumb\",\"itemListElement\":[{\"@type\":\"ListItem\",\"position\":1,\"name\":\"Home\",\"item\":\"https:\/\/www.namude.lt\/en\/\"},{\"@type\":\"ListItem\",\"position\":2,\"name\":\"Real estate\",\"item\":\"https:\/\/www.namude.lt\/en\/real-estate\/\"},{\"@type\":\"ListItem\",\"position\":3,\"name\":\"PARDUODAMAS NAMAS SU ERDVIU SKLYPU UTENOS MIESTE!\"}]},{\"@type\":\"WebSite\",\"@id\":\"https:\/\/www.namude.lt\/#website\",\"url\":\"https:\/\/www.namude.lt\/\",\"name\":\"Namud\u0117\",\"description\":\"\u201eNamud\u0117\u201c \u2013 agent\u016bra, pardavin\u0117janti Auk\u0161taitijos NT grynuolius.\",\"publisher\":{\"@id\":\"https:\/\/www.namude.lt\/#organization\"},\"potentialAction\":[{\"@type\":\"SearchAction\",\"target\":{\"@type\":\"EntryPoint\",\"urlTemplate\":\"https:\/\/www.namude.lt\/?s={search_term_string}\"},\"query-input\":{\"@type\":\"PropertyValueSpecification\",\"valueRequired\":true,\"valueName\":\"search_term_string\"}}],\"inLanguage\":\"en-US\"},{\"@type\":\"Organization\",\"@id\":\"https:\/\/www.namude.lt\/#organization\",\"name\":\"Namud\u0117\",\"url\":\"https:\/\/www.namude.lt\/\",\"logo\":{\"@type\":\"ImageObject\",\"inLanguage\":\"en-US\",\"@id\":\"https:\/\/www.namude.lt\/#\/schema\/logo\/image\/\",\"url\":\"https:\/\/www.namude.lt\/wp-content\/uploads\/2023\/11\/logo-symbol.svg\",\"contentUrl\":\"https:\/\/www.namude.lt\/wp-content\/uploads\/2023\/11\/logo-symbol.svg\",\"width\":1,\"height\":1,\"caption\":\"Namud\u0117\"},\"image\":{\"@id\":\"https:\/\/www.namude.lt\/#\/schema\/logo\/image\/\"}}]}<\/script>\n<!-- \/ Yoast SEO plugin. -->","yoast_head_json":{"title":"PARDUODAMAS NAMAS SU ERDVIU SKLYPU UTENOS MIESTE! - Namud\u0117","robots":{"index":"index","follow":"follow","max-snippet":"max-snippet:-1","max-image-preview":"max-image-preview:large","max-video-preview":"max-video-preview:-1"},"canonical":"https:\/\/www.namude.lt\/objektas\/parduodamas-namas-su-erdviu-sklypu-utenos-mieste\/","og_locale":"en_US","og_type":"article","og_title":"PARDUODAMAS NAMAS SU ERDVIU SKLYPU UTENOS MIESTE! - Namud\u0117","og_description":"Parduodamas gyvenamasis namas Giri\u0173 gatv\u0117je. Namas stovi tvarkingame, erdviame sklype, aplink \u012fsik\u016br\u0119 gyvenamieji namai, solidi kaimynyst\u0117. Ramu ir tvarkinga, daug \u017ealumos, vos kelios minut\u0117s iki Utenos centro, parduotuvi\u0173, mokykl\u0173 ir kit\u0173 paslaug\u0173, patogiai pasiekiamas asfaltuotu keliu.   PRIVALUMAI: \u2013 Dviej\u0173 auk\u0161t\u0173, erdvus r\u0105stinis namas 193kv.m (100.21 kv.m -gyv.plotas; 73kv.m r\u016bsys)  \u2013 Pirmame auk\u0161te \u2013 3 miegami kambariai, virtuv\u0117, vonios ir tualeto patalpa. \u2013 Antrame auk\u0161te \u2013 suformuoti 3 kambariai, kuriuos gal\u0117site \u012fsirengti pagal savo norus.  \u2013 R\u016bsys po visu namu; \u2013 \u0160ildymas kietu kuru; \u2013 Kiti statiniai \u2013 (121 kv.m. \u016bkinis pastatas); \u2013 Pri\u017ei\u016br\u0117tas 29a. sklypas. Lygus, suformuotas, pakankamai erdvus tiek dar\u017eui, tiek poilsio zonai ar papildomiems statiniams. \u017dem\u0117s sklypas apsodintas med\u017eiais ir augalais;  Maps.lt koordinat\u0117s: 55.486979, 25.561349   \ud83d\udcde Jei susidom\u0117jote \u0161iuo namu \u2013 skambinkite arba ra\u0161ykite, mielai atsakysime \u012f visus klausimus.","og_url":"https:\/\/www.namude.lt\/objektas\/parduodamas-namas-su-erdviu-sklypu-utenos-mieste\/","og_site_name":"Namud\u0117","article_modified_time":"2026-04-16T12:08:41+00:00","og_image":[{"width":2500,"height":1550,"url":"https:\/\/www.namude.lt\/wp-content\/uploads\/2025\/10\/1.jpg","type":"image\/jpeg"}],"twitter_card":"summary_large_image","schema":{"@context":"https:\/\/schema.org","@graph":[{"@type":"WebPage","@id":"https:\/\/www.namude.lt\/objektas\/parduodamas-namas-su-erdviu-sklypu-utenos-mieste\/","url":"https:\/\/www.namude.lt\/objektas\/parduodamas-namas-su-erdviu-sklypu-utenos-mieste\/","name":"PARDUODAMAS NAMAS SU ERDVIU SKLYPU UTENOS MIESTE! - Namud\u0117","isPartOf":{"@id":"https:\/\/www.namude.lt\/#website"},"primaryImageOfPage":{"@id":"https:\/\/www.namude.lt\/objektas\/parduodamas-namas-su-erdviu-sklypu-utenos-mieste\/#primaryimage"},"image":{"@id":"https:\/\/www.namude.lt\/objektas\/parduodamas-namas-su-erdviu-sklypu-utenos-mieste\/#primaryimage"},"thumbnailUrl":"https:\/\/www.namude.lt\/wp-content\/uploads\/2025\/10\/1.jpg","datePublished":"2025-10-01T12:20:41+00:00","dateModified":"2026-04-16T12:08:41+00:00","breadcrumb":{"@id":"https:\/\/www.namude.lt\/objektas\/parduodamas-namas-su-erdviu-sklypu-utenos-mieste\/#breadcrumb"},"inLanguage":"en-US","potentialAction":[{"@type":"ReadAction","target":["https:\/\/www.namude.lt\/objektas\/parduodamas-namas-su-erdviu-sklypu-utenos-mieste\/"]}]},{"@type":"ImageObject","inLanguage":"en-US","@id":"https:\/\/www.namude.lt\/objektas\/parduodamas-namas-su-erdviu-sklypu-utenos-mieste\/#primaryimage","url":"https:\/\/www.namude.lt\/wp-content\/uploads\/2025\/10\/1.jpg","contentUrl":"https:\/\/www.namude.lt\/wp-content\/uploads\/2025\/10\/1.jpg","width":2500,"height":1550},{"@type":"BreadcrumbList","@id":"https:\/\/www.namude.lt\/objektas\/parduodamas-namas-su-erdviu-sklypu-utenos-mieste\/#breadcrumb","itemListElement":[{"@type":"ListItem","position":1,"name":"Home","item":"https:\/\/www.namude.lt\/en\/"},{"@type":"ListItem","position":2,"name":"Real estate","item":"https:\/\/www.namude.lt\/en\/real-estate\/"},{"@type":"ListItem","position":3,"name":"PARDUODAMAS NAMAS SU ERDVIU SKLYPU UTENOS MIESTE!"}]},{"@type":"WebSite","@id":"https:\/\/www.namude.lt\/#website","url":"https:\/\/www.namude.lt\/","name":"Namud\u0117","description":"\u201eNamud\u0117\u201c \u2013 agent\u016bra, pardavin\u0117janti Auk\u0161taitijos NT grynuolius.","publisher":{"@id":"https:\/\/www.namude.lt\/#organization"},"potentialAction":[{"@type":"SearchAction","target":{"@type":"EntryPoint","urlTemplate":"https:\/\/www.namude.lt\/?s={search_term_string}"},"query-input":{"@type":"PropertyValueSpecification","valueRequired":true,"valueName":"search_term_string"}}],"inLanguage":"en-US"},{"@type":"Organization","@id":"https:\/\/www.namude.lt\/#organization","name":"Namud\u0117","url":"https:\/\/www.namude.lt\/","logo":{"@type":"ImageObject","inLanguage":"en-US","@id":"https:\/\/www.namude.lt\/#\/schema\/logo\/image\/","url":"https:\/\/www.namude.lt\/wp-content\/uploads\/2023\/11\/logo-symbol.svg","contentUrl":"https:\/\/www.namude.lt\/wp-content\/uploads\/2023\/11\/logo-symbol.svg","width":1,"height":1,"caption":"Namud\u0117"},"image":{"@id":"https:\/\/www.namude.lt\/#\/schema\/logo\/image\/"}}]}},"_links":{"self":[{"href":"https:\/\/www.namude.lt\/en\/wp-json\/wp\/v2\/product\/22667","targetHints":{"allow":["GET"]}}],"collection":[{"href":"https:\/\/www.namude.lt\/en\/wp-json\/wp\/v2\/product"}],"about":[{"href":"https:\/\/www.namude.lt\/en\/wp-json\/wp\/v2\/types\/product"}],"wp:featuredmedia":[{"embeddable":true,"href":"https:\/\/www.namude.lt\/en\/wp-json\/wp\/v2\/media\/22668"}],"wp:attachment":[{"href":"https:\/\/www.namude.lt\/en\/wp-json\/wp\/v2\/media?parent=22667"}],"wp:term":[{"taxonomy":"product_brand","embeddable":true,"href":"https:\/\/www.namude.lt\/en\/wp-json\/wp\/v2\/product_brand?post=22667"},{"taxonomy":"product_cat","embeddable":true,"href":"https:\/\/www.namude.lt\/en\/wp-json\/wp\/v2\/product_cat?post=22667"},{"taxonomy":"product_tag","embeddable":true,"href":"https:\/\/www.namude.lt\/en\/wp-json\/wp\/v2\/product_tag?post=22667"}],"curies":[{"name":"wp","href":"https:\/\/api.w.org\/{rel}","templated":true}]}}