{"id":22211,"date":"2025-09-17T14:30:17","date_gmt":"2025-09-17T11:30:17","guid":{"rendered":"https:\/\/www.namude.lt\/?post_type=product&#038;p=22211"},"modified":"2026-04-24T13:55:47","modified_gmt":"2026-04-24T10:55:47","slug":"parduodamas-rastinis-namas-su-217ha-sklypu-bijunu-k-traku-r","status":"publish","type":"product","link":"https:\/\/www.namude.lt\/en\/object\/parduodamas-rastinis-namas-su-217ha-sklypu-bijunu-k-traku-r\/","title":{"rendered":"PARDUODAMAS  NAMAS SU 2,17HA SKLYPU, BIJ\u016aN\u0172 K., TRAK\u0172 R."},"content":{"rendered":"","protected":false},"excerpt":{"rendered":"<p>Parduodamas 2 auk\u0161t\u0173 gyvenamasis namas su erdviu ir pri\u017ei\u016br\u0117tu sklypu \u2013 Bij\u016bn\u0173 kaime, Trak\u0173 rajone, Auk\u0161tadvario regioniniame parke.<br \/>\nTrak\u0173 rajonas \u2013 viena patraukliausi\u0173 Vilniaus apskrities vietovi\u0173 gyvenimui bei poilsiui. \u010cia dera gamtos ramyb\u0117 ir patogus susisiekimas su sostine (iki Vilniaus tik 35min. kelio). Trakai gars\u0117ja savo kult\u016bros ir istorijos paveldu: Trak\u0173 pilis, U\u017eutrakio dvaras, senamiestis, gausyb\u0117 rengini\u0173 ir festivali\u0173. Gerai i\u0161vystyta infrastrukt\u016bra \u2013 mokyklos, dar\u017eeliai, parduotuv\u0117s, restoranai, poilsio ir pramog\u0173 zonos.<br \/>\nBij\u016bn\u0173 kaimas yra apsuptas e\u017eerais (\u017die\u017eulis, Dapai, Nei\u010di\u016bn\u0173, Laumena, Klanukas, Vladi\u0161ius), mi\u0161kais (Ne\u010di\u016bn\u0173, Ubi\u0161ki\u0173, Str\u0117vos 1 mi\u0161kas, Barbuti\u0161ki\u0173), pa\u017eintiniais takais, piliakalniais.<br \/>\nPRIVALUMAI<br \/>\n\u2013 R\u0105stinis gyvenamasis r\u0105stinis 2 auk\u0161t\u0173 namas128 kv.m. (1 auk\u0161tas \u2013  erdvi svetain\u0117 su \u017eidiniu, valgomasis sujungtas su virtuve, miegamasis, wc kambarys, 2 auk\u0161tas \u2013 holas, 2 miegamieji, vonios kambarys. Elektra trifaz\u0117 -12kw. \u0160ildoma oras-oras, grindinis \u0161ildymas elektra. Objektas nereikalauja papildom\u0173 investicij\u0173 \u2013 tinkamas i\u0161 karto gyvenimui ar kaip poilsio rezidencija)<br \/>\n\u2013 Atskiras pastatas su vitrininiais langais \u2013 puikiai tinkantis sve\u010di\u0173 namui, darbo ar poilsio zonai. \u0160ildomas oras-oras sistema.<br \/>\n&#8211; Po\u017eeminis r\u016bsys, gara\u017eas.<br \/>\n\u2013  2,17 ha sklypas. Sklyp\u0105 sudaro 33a gyvenamosios teritorijos paskirties sklypas, 1,64 ha ir 20a \u017eem\u0117s  \u016bkio paskirties sklypai.<br \/>\n\u2013 Patogus ir geras priva\u017eiavimas visais met\u0173 laikais, atstumai iki Auk\u0161tadvaris  13km, Trakai 21km, Lentvaris 30km., Elektr\u0117nai 31km,Vievis 40km,  \u017die\u017emariai 44km, Vilnius 49km, Kaunas 84km.<br \/>\nKoordinat\u0117s:<br \/>\nmaps.lt \u2013 54.607731, 24.673528<\/p>\n","protected":false},"featured_media":22221,"template":"","meta":{"_acf_changed":false},"product_brand":[],"product_cat":[23],"product_tag":[],"class_list":{"0":"post-22211","1":"product","2":"type-product","3":"status-publish","4":"has-post-thumbnail","6":"product_cat-sodybos","7":"pa_rajonas-traku-raj","8":"description-off","10":"first","11":"instock","12":"sale","13":"shipping-taxable","14":"purchasable","15":"product-type-simple"},"acf":[],"yoast_head":"<!-- This site is optimized with the Yoast SEO plugin v27.4 - https:\/\/yoast.com\/product\/yoast-seo-wordpress\/ -->\n<title>PARDUODAMAS NAMAS SU 2,17HA SKLYPU, BIJ\u016aN\u0172 K., TRAK\u0172 R. - Namud\u0117<\/title>\n<meta name=\"robots\" content=\"index, follow, max-snippet:-1, max-image-preview:large, max-video-preview:-1\" \/>\n<link rel=\"canonical\" href=\"https:\/\/www.namude.lt\/objektas\/parduodamas-rastinis-namas-su-217ha-sklypu-bijunu-k-traku-r\/\" \/>\n<meta property=\"og:locale\" content=\"en_US\" \/>\n<meta property=\"og:type\" content=\"article\" \/>\n<meta property=\"og:title\" content=\"PARDUODAMAS NAMAS SU 2,17HA SKLYPU, BIJ\u016aN\u0172 K., TRAK\u0172 R. - Namud\u0117\" \/>\n<meta property=\"og:description\" content=\"Parduodamas 2 auk\u0161t\u0173 gyvenamasis namas su erdviu ir pri\u017ei\u016br\u0117tu sklypu \u2013 Bij\u016bn\u0173 kaime, Trak\u0173 rajone, Auk\u0161tadvario regioniniame parke.  Trak\u0173 rajonas \u2013 viena patraukliausi\u0173 Vilniaus apskrities vietovi\u0173 gyvenimui bei poilsiui. \u010cia dera gamtos ramyb\u0117 ir patogus susisiekimas su sostine (iki Vilniaus tik 35min. kelio). Trakai gars\u0117ja savo kult\u016bros ir istorijos paveldu: Trak\u0173 pilis, U\u017eutrakio dvaras, senamiestis, gausyb\u0117 rengini\u0173 ir festivali\u0173. Gerai i\u0161vystyta infrastrukt\u016bra \u2013 mokyklos, dar\u017eeliai, parduotuv\u0117s, restoranai, poilsio ir pramog\u0173 zonos. Bij\u016bn\u0173 kaimas yra apsuptas e\u017eerais (\u017die\u017eulis, Dapai, Nei\u010di\u016bn\u0173, Laumena, Klanukas, Vladi\u0161ius), mi\u0161kais (Ne\u010di\u016bn\u0173, Ubi\u0161ki\u0173, Str\u0117vos 1 mi\u0161kas, Barbuti\u0161ki\u0173), pa\u017eintiniais takais, piliakalniais. PRIVALUMAI \u2013 R\u0105stinis gyvenamasis r\u0105stinis 2 auk\u0161t\u0173 namas128 kv.m. (1 auk\u0161tas \u2013 erdvi svetain\u0117 su \u017eidiniu, valgomasis sujungtas su virtuve, miegamasis, wc kambarys, 2 auk\u0161tas \u2013 holas, 2 miegamieji, vonios kambarys. Elektra trifaz\u0117 -12kw. \u0160ildoma oras-oras, grindinis \u0161ildymas elektra. Objektas nereikalauja papildom\u0173 investicij\u0173 \u2013 tinkamas i\u0161 karto gyvenimui ar kaip poilsio rezidencija) \u2013 Atskiras pastatas su vitrininiais langais \u2013 puikiai tinkantis sve\u010di\u0173 namui, darbo ar poilsio zonai. \u0160ildomas oras-oras sistema. - Po\u017eeminis r\u016bsys, gara\u017eas. \u2013 2,17 ha sklypas. Sklyp\u0105 sudaro 33a gyvenamosios teritorijos paskirties sklypas, 1,64 ha ir 20a \u017eem\u0117s \u016bkio paskirties sklypai. \u2013 Patogus ir geras priva\u017eiavimas visais met\u0173 laikais, atstumai iki Auk\u0161tadvaris 13km, Trakai 21km, Lentvaris 30km., Elektr\u0117nai 31km,Vievis 40km, \u017die\u017emariai 44km, Vilnius 49km, Kaunas 84km. Koordinat\u0117s: maps.lt \u2013 54.607731, 24.673528\" \/>\n<meta property=\"og:url\" content=\"https:\/\/www.namude.lt\/objektas\/parduodamas-rastinis-namas-su-217ha-sklypu-bijunu-k-traku-r\/\" \/>\n<meta property=\"og:site_name\" content=\"Namud\u0117\" \/>\n<meta property=\"article:modified_time\" content=\"2026-04-24T10:55:47+00:00\" \/>\n<meta property=\"og:image\" content=\"https:\/\/www.namude.lt\/wp-content\/uploads\/2025\/09\/5-6-1024x683.jpg\" \/>\n\t<meta property=\"og:image:width\" content=\"1024\" \/>\n\t<meta property=\"og:image:height\" content=\"683\" \/>\n\t<meta property=\"og:image:type\" content=\"image\/jpeg\" \/>\n<meta name=\"twitter:card\" content=\"summary_large_image\" \/>\n<script type=\"application\/ld+json\" class=\"yoast-schema-graph\">{\"@context\":\"https:\\\/\\\/schema.org\",\"@graph\":[{\"@type\":\"WebPage\",\"@id\":\"https:\\\/\\\/www.namude.lt\\\/objektas\\\/parduodamas-rastinis-namas-su-217ha-sklypu-bijunu-k-traku-r\\\/\",\"url\":\"https:\\\/\\\/www.namude.lt\\\/objektas\\\/parduodamas-rastinis-namas-su-217ha-sklypu-bijunu-k-traku-r\\\/\",\"name\":\"PARDUODAMAS NAMAS SU 2,17HA SKLYPU, BIJ\u016aN\u0172 K., TRAK\u0172 R. - Namud\u0117\",\"isPartOf\":{\"@id\":\"https:\\\/\\\/www.namude.lt\\\/#website\"},\"primaryImageOfPage\":{\"@id\":\"https:\\\/\\\/www.namude.lt\\\/objektas\\\/parduodamas-rastinis-namas-su-217ha-sklypu-bijunu-k-traku-r\\\/#primaryimage\"},\"image\":{\"@id\":\"https:\\\/\\\/www.namude.lt\\\/objektas\\\/parduodamas-rastinis-namas-su-217ha-sklypu-bijunu-k-traku-r\\\/#primaryimage\"},\"thumbnailUrl\":\"https:\\\/\\\/www.namude.lt\\\/wp-content\\\/uploads\\\/2025\\\/09\\\/5-6.jpg\",\"datePublished\":\"2025-09-17T11:30:17+00:00\",\"dateModified\":\"2026-04-24T10:55:47+00:00\",\"breadcrumb\":{\"@id\":\"https:\\\/\\\/www.namude.lt\\\/objektas\\\/parduodamas-rastinis-namas-su-217ha-sklypu-bijunu-k-traku-r\\\/#breadcrumb\"},\"inLanguage\":\"en-US\",\"potentialAction\":[{\"@type\":\"ReadAction\",\"target\":[\"https:\\\/\\\/www.namude.lt\\\/objektas\\\/parduodamas-rastinis-namas-su-217ha-sklypu-bijunu-k-traku-r\\\/\"]}]},{\"@type\":\"ImageObject\",\"inLanguage\":\"en-US\",\"@id\":\"https:\\\/\\\/www.namude.lt\\\/objektas\\\/parduodamas-rastinis-namas-su-217ha-sklypu-bijunu-k-traku-r\\\/#primaryimage\",\"url\":\"https:\\\/\\\/www.namude.lt\\\/wp-content\\\/uploads\\\/2025\\\/09\\\/5-6.jpg\",\"contentUrl\":\"https:\\\/\\\/www.namude.lt\\\/wp-content\\\/uploads\\\/2025\\\/09\\\/5-6.jpg\",\"width\":8256,\"height\":5504},{\"@type\":\"BreadcrumbList\",\"@id\":\"https:\\\/\\\/www.namude.lt\\\/objektas\\\/parduodamas-rastinis-namas-su-217ha-sklypu-bijunu-k-traku-r\\\/#breadcrumb\",\"itemListElement\":[{\"@type\":\"ListItem\",\"position\":1,\"name\":\"Home\",\"item\":\"https:\\\/\\\/www.namude.lt\\\/en\\\/\"},{\"@type\":\"ListItem\",\"position\":2,\"name\":\"Real estate\",\"item\":\"https:\\\/\\\/www.namude.lt\\\/en\\\/real-estate\\\/\"},{\"@type\":\"ListItem\",\"position\":3,\"name\":\"PARDUODAMAS NAMAS SU 2,17HA SKLYPU, BIJ\u016aN\u0172 K., TRAK\u0172 R.\"}]},{\"@type\":\"WebSite\",\"@id\":\"https:\\\/\\\/www.namude.lt\\\/#website\",\"url\":\"https:\\\/\\\/www.namude.lt\\\/\",\"name\":\"Namud\u0117\",\"description\":\"\u201eNamud\u0117\u201c \u2013 agent\u016bra, pardavin\u0117janti Auk\u0161taitijos NT grynuolius.\",\"publisher\":{\"@id\":\"https:\\\/\\\/www.namude.lt\\\/#organization\"},\"potentialAction\":[{\"@type\":\"SearchAction\",\"target\":{\"@type\":\"EntryPoint\",\"urlTemplate\":\"https:\\\/\\\/www.namude.lt\\\/?s={search_term_string}\"},\"query-input\":{\"@type\":\"PropertyValueSpecification\",\"valueRequired\":true,\"valueName\":\"search_term_string\"}}],\"inLanguage\":\"en-US\"},{\"@type\":\"Organization\",\"@id\":\"https:\\\/\\\/www.namude.lt\\\/#organization\",\"name\":\"Namud\u0117\",\"url\":\"https:\\\/\\\/www.namude.lt\\\/\",\"logo\":{\"@type\":\"ImageObject\",\"inLanguage\":\"en-US\",\"@id\":\"https:\\\/\\\/www.namude.lt\\\/#\\\/schema\\\/logo\\\/image\\\/\",\"url\":\"https:\\\/\\\/www.namude.lt\\\/wp-content\\\/uploads\\\/2023\\\/11\\\/logo-symbol.svg\",\"contentUrl\":\"https:\\\/\\\/www.namude.lt\\\/wp-content\\\/uploads\\\/2023\\\/11\\\/logo-symbol.svg\",\"width\":1,\"height\":1,\"caption\":\"Namud\u0117\"},\"image\":{\"@id\":\"https:\\\/\\\/www.namude.lt\\\/#\\\/schema\\\/logo\\\/image\\\/\"}}]}<\/script>\n<!-- \/ Yoast SEO plugin. -->","yoast_head_json":{"title":"PARDUODAMAS NAMAS SU 2,17HA SKLYPU, BIJ\u016aN\u0172 K., TRAK\u0172 R. - Namud\u0117","robots":{"index":"index","follow":"follow","max-snippet":"max-snippet:-1","max-image-preview":"max-image-preview:large","max-video-preview":"max-video-preview:-1"},"canonical":"https:\/\/www.namude.lt\/objektas\/parduodamas-rastinis-namas-su-217ha-sklypu-bijunu-k-traku-r\/","og_locale":"en_US","og_type":"article","og_title":"PARDUODAMAS NAMAS SU 2,17HA SKLYPU, BIJ\u016aN\u0172 K., TRAK\u0172 R. - Namud\u0117","og_description":"Parduodamas 2 auk\u0161t\u0173 gyvenamasis namas su erdviu ir pri\u017ei\u016br\u0117tu sklypu \u2013 Bij\u016bn\u0173 kaime, Trak\u0173 rajone, Auk\u0161tadvario regioniniame parke.  Trak\u0173 rajonas \u2013 viena patraukliausi\u0173 Vilniaus apskrities vietovi\u0173 gyvenimui bei poilsiui. \u010cia dera gamtos ramyb\u0117 ir patogus susisiekimas su sostine (iki Vilniaus tik 35min. kelio). Trakai gars\u0117ja savo kult\u016bros ir istorijos paveldu: Trak\u0173 pilis, U\u017eutrakio dvaras, senamiestis, gausyb\u0117 rengini\u0173 ir festivali\u0173. Gerai i\u0161vystyta infrastrukt\u016bra \u2013 mokyklos, dar\u017eeliai, parduotuv\u0117s, restoranai, poilsio ir pramog\u0173 zonos. Bij\u016bn\u0173 kaimas yra apsuptas e\u017eerais (\u017die\u017eulis, Dapai, Nei\u010di\u016bn\u0173, Laumena, Klanukas, Vladi\u0161ius), mi\u0161kais (Ne\u010di\u016bn\u0173, Ubi\u0161ki\u0173, Str\u0117vos 1 mi\u0161kas, Barbuti\u0161ki\u0173), pa\u017eintiniais takais, piliakalniais. PRIVALUMAI \u2013 R\u0105stinis gyvenamasis r\u0105stinis 2 auk\u0161t\u0173 namas128 kv.m. (1 auk\u0161tas \u2013 erdvi svetain\u0117 su \u017eidiniu, valgomasis sujungtas su virtuve, miegamasis, wc kambarys, 2 auk\u0161tas \u2013 holas, 2 miegamieji, vonios kambarys. Elektra trifaz\u0117 -12kw. \u0160ildoma oras-oras, grindinis \u0161ildymas elektra. Objektas nereikalauja papildom\u0173 investicij\u0173 \u2013 tinkamas i\u0161 karto gyvenimui ar kaip poilsio rezidencija) \u2013 Atskiras pastatas su vitrininiais langais \u2013 puikiai tinkantis sve\u010di\u0173 namui, darbo ar poilsio zonai. \u0160ildomas oras-oras sistema. - Po\u017eeminis r\u016bsys, gara\u017eas. \u2013 2,17 ha sklypas. Sklyp\u0105 sudaro 33a gyvenamosios teritorijos paskirties sklypas, 1,64 ha ir 20a \u017eem\u0117s \u016bkio paskirties sklypai. \u2013 Patogus ir geras priva\u017eiavimas visais met\u0173 laikais, atstumai iki Auk\u0161tadvaris 13km, Trakai 21km, Lentvaris 30km., Elektr\u0117nai 31km,Vievis 40km, \u017die\u017emariai 44km, Vilnius 49km, Kaunas 84km. Koordinat\u0117s: maps.lt \u2013 54.607731, 24.673528","og_url":"https:\/\/www.namude.lt\/objektas\/parduodamas-rastinis-namas-su-217ha-sklypu-bijunu-k-traku-r\/","og_site_name":"Namud\u0117","article_modified_time":"2026-04-24T10:55:47+00:00","og_image":[{"width":1024,"height":683,"url":"https:\/\/www.namude.lt\/wp-content\/uploads\/2025\/09\/5-6-1024x683.jpg","type":"image\/jpeg"}],"twitter_card":"summary_large_image","schema":{"@context":"https:\/\/schema.org","@graph":[{"@type":"WebPage","@id":"https:\/\/www.namude.lt\/objektas\/parduodamas-rastinis-namas-su-217ha-sklypu-bijunu-k-traku-r\/","url":"https:\/\/www.namude.lt\/objektas\/parduodamas-rastinis-namas-su-217ha-sklypu-bijunu-k-traku-r\/","name":"PARDUODAMAS NAMAS SU 2,17HA SKLYPU, BIJ\u016aN\u0172 K., TRAK\u0172 R. - Namud\u0117","isPartOf":{"@id":"https:\/\/www.namude.lt\/#website"},"primaryImageOfPage":{"@id":"https:\/\/www.namude.lt\/objektas\/parduodamas-rastinis-namas-su-217ha-sklypu-bijunu-k-traku-r\/#primaryimage"},"image":{"@id":"https:\/\/www.namude.lt\/objektas\/parduodamas-rastinis-namas-su-217ha-sklypu-bijunu-k-traku-r\/#primaryimage"},"thumbnailUrl":"https:\/\/www.namude.lt\/wp-content\/uploads\/2025\/09\/5-6.jpg","datePublished":"2025-09-17T11:30:17+00:00","dateModified":"2026-04-24T10:55:47+00:00","breadcrumb":{"@id":"https:\/\/www.namude.lt\/objektas\/parduodamas-rastinis-namas-su-217ha-sklypu-bijunu-k-traku-r\/#breadcrumb"},"inLanguage":"en-US","potentialAction":[{"@type":"ReadAction","target":["https:\/\/www.namude.lt\/objektas\/parduodamas-rastinis-namas-su-217ha-sklypu-bijunu-k-traku-r\/"]}]},{"@type":"ImageObject","inLanguage":"en-US","@id":"https:\/\/www.namude.lt\/objektas\/parduodamas-rastinis-namas-su-217ha-sklypu-bijunu-k-traku-r\/#primaryimage","url":"https:\/\/www.namude.lt\/wp-content\/uploads\/2025\/09\/5-6.jpg","contentUrl":"https:\/\/www.namude.lt\/wp-content\/uploads\/2025\/09\/5-6.jpg","width":8256,"height":5504},{"@type":"BreadcrumbList","@id":"https:\/\/www.namude.lt\/objektas\/parduodamas-rastinis-namas-su-217ha-sklypu-bijunu-k-traku-r\/#breadcrumb","itemListElement":[{"@type":"ListItem","position":1,"name":"Home","item":"https:\/\/www.namude.lt\/en\/"},{"@type":"ListItem","position":2,"name":"Real estate","item":"https:\/\/www.namude.lt\/en\/real-estate\/"},{"@type":"ListItem","position":3,"name":"PARDUODAMAS NAMAS SU 2,17HA SKLYPU, BIJ\u016aN\u0172 K., TRAK\u0172 R."}]},{"@type":"WebSite","@id":"https:\/\/www.namude.lt\/#website","url":"https:\/\/www.namude.lt\/","name":"Namud\u0117","description":"\u201eNamud\u0117\u201c \u2013 agent\u016bra, pardavin\u0117janti Auk\u0161taitijos NT grynuolius.","publisher":{"@id":"https:\/\/www.namude.lt\/#organization"},"potentialAction":[{"@type":"SearchAction","target":{"@type":"EntryPoint","urlTemplate":"https:\/\/www.namude.lt\/?s={search_term_string}"},"query-input":{"@type":"PropertyValueSpecification","valueRequired":true,"valueName":"search_term_string"}}],"inLanguage":"en-US"},{"@type":"Organization","@id":"https:\/\/www.namude.lt\/#organization","name":"Namud\u0117","url":"https:\/\/www.namude.lt\/","logo":{"@type":"ImageObject","inLanguage":"en-US","@id":"https:\/\/www.namude.lt\/#\/schema\/logo\/image\/","url":"https:\/\/www.namude.lt\/wp-content\/uploads\/2023\/11\/logo-symbol.svg","contentUrl":"https:\/\/www.namude.lt\/wp-content\/uploads\/2023\/11\/logo-symbol.svg","width":1,"height":1,"caption":"Namud\u0117"},"image":{"@id":"https:\/\/www.namude.lt\/#\/schema\/logo\/image\/"}}]}},"_links":{"self":[{"href":"https:\/\/www.namude.lt\/en\/wp-json\/wp\/v2\/product\/22211","targetHints":{"allow":["GET"]}}],"collection":[{"href":"https:\/\/www.namude.lt\/en\/wp-json\/wp\/v2\/product"}],"about":[{"href":"https:\/\/www.namude.lt\/en\/wp-json\/wp\/v2\/types\/product"}],"wp:featuredmedia":[{"embeddable":true,"href":"https:\/\/www.namude.lt\/en\/wp-json\/wp\/v2\/media\/22221"}],"wp:attachment":[{"href":"https:\/\/www.namude.lt\/en\/wp-json\/wp\/v2\/media?parent=22211"}],"wp:term":[{"taxonomy":"product_brand","embeddable":true,"href":"https:\/\/www.namude.lt\/en\/wp-json\/wp\/v2\/product_brand?post=22211"},{"taxonomy":"product_cat","embeddable":true,"href":"https:\/\/www.namude.lt\/en\/wp-json\/wp\/v2\/product_cat?post=22211"},{"taxonomy":"product_tag","embeddable":true,"href":"https:\/\/www.namude.lt\/en\/wp-json\/wp\/v2\/product_tag?post=22211"}],"curies":[{"name":"wp","href":"https:\/\/api.w.org\/{rel}","templated":true}]}}