{"id":22048,"date":"2025-09-05T15:12:29","date_gmt":"2025-09-05T12:12:29","guid":{"rendered":"https:\/\/www.namude.lt\/?post_type=product&#038;p=22048"},"modified":"2025-09-09T12:19:45","modified_gmt":"2025-09-09T09:19:45","slug":"sodyba-su-12ha-zemes-sklypu-zarasu-rajone","status":"publish","type":"product","link":"https:\/\/www.namude.lt\/en\/object\/sodyba-su-12ha-zemes-sklypu-zarasu-rajone\/","title":{"rendered":"Sodyb\u0105 su 12ha \u017eem\u0117s sklypu Zaras\u0173 rajone"},"content":{"rendered":"","protected":false},"excerpt":{"rendered":"<p>Si\u016blome \u012fsigyti sodyb\u0105 viename gra\u017eiausi\u0173 Lietuvos kampeli\u0173 \u2013 Zaras\u0173 rajone, Raistini\u0161k\u0117s kaime. Tai vieta, kur sustoja laikas ir gyvenimas susilieja su gamtos harmonija. \u0160i sodyba \u2013 puikus pasirinkimas tiems, kurie vertina privatum\u0105 ir erdv\u0119. \u010cia gal\u0117site kurti savo poilsio viet\u0105 arba investicin\u012f projekt\u0105.<br \/>\nRaistini\u0161k\u0117s \u2013\u012fsik\u016brusios \u0161alia Zaras\u0173 miesto. Aplink \u2013tik gamtos karalyst\u0117, kur \u0161varus oras, \u0161alimais e\u017eer\u0173 gausa ir mi\u0161k\u0173 \u017ealuma kuria ypating\u0105 gyvenimo kokyb\u0119. Zarasai\u010dio e\u017eeras \u2013 vos u\u017e 7 km, ideali vieta vandens pramogoms ir \u017evejybai.<br \/>\nPRIVALUMAI:<br \/>\n\u2013 R\u0105stinis gyvenamasis namas 59kv.m. (3 kambariai, virtuv\u0117, mansarda)<br \/>\n\u2013 \u016akiniai pastatai (lauko virtuv\u0117, tvartas, dar\u017ein\u0117, malkin\u0117, pirtis, \u0161ulinys, lauko WC);<br \/>\n\u2013 Bendras sklyp\u0173 plotas \u201312,70 ha: 10,30ha \u017eem\u0117s \u016bkio paskirties sklypas (i\u0161 j\u0173 2ha jauno mi\u0161ko), 1 ir 1,36 ha \u017eem\u0117s \u016bkio sklypai.<br \/>\n\u2013 \u0160ildymas kieto kuro krosnimi;<br \/>\n\u2013 Didelis brandus sodas, tvenkinys;<br \/>\n\u2013 Patogus ir geras priva\u017eiavimas visais met\u0173 laikais, atstumai iki Degu\u010di\u0173 3km, Salakas 14km, Zaras\u0173 13km, Utenos  ir Visaginas 37km, Vilniaus 130km, Panev\u0117\u017eys 135km.<br \/>\nKoordinat\u0117s :<br \/>\nmaps.lt \u2013 55.674143, 26.089793<\/p>\n","protected":false},"featured_media":22049,"template":"","meta":{"_acf_changed":false},"product_brand":[],"product_cat":[23],"product_tag":[],"class_list":{"0":"post-22048","1":"product","2":"type-product","3":"status-publish","4":"has-post-thumbnail","6":"product_cat-sodybos","7":"pa_rajonas-zarasu-rajonas","8":"description-off","10":"first","11":"instock","12":"shipping-taxable","13":"purchasable","14":"product-type-simple"},"acf":[],"yoast_head":"<!-- This site is optimized with the Yoast SEO plugin v27.0 - https:\/\/yoast.com\/product\/yoast-seo-wordpress\/ -->\n<title>Sodyb\u0105 su 12ha \u017eem\u0117s sklypu Zaras\u0173 rajone - Namud\u0117<\/title>\n<meta name=\"robots\" content=\"index, follow, max-snippet:-1, max-image-preview:large, max-video-preview:-1\" \/>\n<link rel=\"canonical\" href=\"https:\/\/www.namude.lt\/objektas\/sodyba-su-12ha-zemes-sklypu-zarasu-rajone\/\" \/>\n<meta property=\"og:locale\" content=\"en_US\" \/>\n<meta property=\"og:type\" content=\"article\" \/>\n<meta property=\"og:title\" content=\"Sodyb\u0105 su 12ha \u017eem\u0117s sklypu Zaras\u0173 rajone - Namud\u0117\" \/>\n<meta property=\"og:description\" content=\"Si\u016blome \u012fsigyti sodyb\u0105 viename gra\u017eiausi\u0173 Lietuvos kampeli\u0173 \u2013 Zaras\u0173 rajone, Raistini\u0161k\u0117s kaime. Tai vieta, kur sustoja laikas ir gyvenimas susilieja su gamtos harmonija. \u0160i sodyba \u2013 puikus pasirinkimas tiems, kurie vertina privatum\u0105 ir erdv\u0119. \u010cia gal\u0117site kurti savo poilsio viet\u0105 arba investicin\u012f projekt\u0105. Raistini\u0161k\u0117s \u2013\u012fsik\u016brusios \u0161alia Zaras\u0173 miesto. Aplink \u2013tik gamtos karalyst\u0117, kur \u0161varus oras, \u0161alimais e\u017eer\u0173 gausa ir mi\u0161k\u0173 \u017ealuma kuria ypating\u0105 gyvenimo kokyb\u0119. Zarasai\u010dio e\u017eeras \u2013 vos u\u017e 7 km, ideali vieta vandens pramogoms ir \u017evejybai.  PRIVALUMAI: \u2013 R\u0105stinis gyvenamasis namas 59kv.m. (3 kambariai, virtuv\u0117, mansarda) \u2013 \u016akiniai pastatai (lauko virtuv\u0117, tvartas, dar\u017ein\u0117, malkin\u0117, pirtis, \u0161ulinys, lauko WC); \u2013 Bendras sklyp\u0173 plotas \u201312,70 ha: 10,30ha \u017eem\u0117s \u016bkio paskirties sklypas (i\u0161 j\u0173 2ha jauno mi\u0161ko), 1 ir 1,36 ha \u017eem\u0117s \u016bkio sklypai. \u2013 \u0160ildymas kieto kuro krosnimi; \u2013 Didelis brandus sodas, tvenkinys; \u2013 Patogus ir geras priva\u017eiavimas visais met\u0173 laikais, atstumai iki Degu\u010di\u0173 3km, Salakas 14km, Zaras\u0173 13km, Utenos ir Visaginas 37km, Vilniaus 130km, Panev\u0117\u017eys 135km. Koordinat\u0117s : maps.lt \u2013 55.674143, 26.089793\" \/>\n<meta property=\"og:url\" content=\"https:\/\/www.namude.lt\/objektas\/sodyba-su-12ha-zemes-sklypu-zarasu-rajone\/\" \/>\n<meta property=\"og:site_name\" content=\"Namud\u0117\" \/>\n<meta property=\"article:modified_time\" content=\"2025-09-09T09:19:45+00:00\" \/>\n<meta property=\"og:image\" content=\"https:\/\/www.namude.lt\/wp-content\/uploads\/2025\/09\/0.jpg\" \/>\n\t<meta property=\"og:image:width\" content=\"1920\" \/>\n\t<meta property=\"og:image:height\" content=\"1080\" \/>\n\t<meta property=\"og:image:type\" content=\"image\/jpeg\" \/>\n<meta name=\"twitter:card\" content=\"summary_large_image\" \/>\n<script type=\"application\/ld+json\" class=\"yoast-schema-graph\">{\"@context\":\"https:\/\/schema.org\",\"@graph\":[{\"@type\":\"WebPage\",\"@id\":\"https:\/\/www.namude.lt\/objektas\/sodyba-su-12ha-zemes-sklypu-zarasu-rajone\/\",\"url\":\"https:\/\/www.namude.lt\/objektas\/sodyba-su-12ha-zemes-sklypu-zarasu-rajone\/\",\"name\":\"Sodyb\u0105 su 12ha \u017eem\u0117s sklypu Zaras\u0173 rajone - Namud\u0117\",\"isPartOf\":{\"@id\":\"https:\/\/www.namude.lt\/#website\"},\"primaryImageOfPage\":{\"@id\":\"https:\/\/www.namude.lt\/objektas\/sodyba-su-12ha-zemes-sklypu-zarasu-rajone\/#primaryimage\"},\"image\":{\"@id\":\"https:\/\/www.namude.lt\/objektas\/sodyba-su-12ha-zemes-sklypu-zarasu-rajone\/#primaryimage\"},\"thumbnailUrl\":\"https:\/\/www.namude.lt\/wp-content\/uploads\/2025\/09\/0.jpg\",\"datePublished\":\"2025-09-05T12:12:29+00:00\",\"dateModified\":\"2025-09-09T09:19:45+00:00\",\"breadcrumb\":{\"@id\":\"https:\/\/www.namude.lt\/objektas\/sodyba-su-12ha-zemes-sklypu-zarasu-rajone\/#breadcrumb\"},\"inLanguage\":\"en-US\",\"potentialAction\":[{\"@type\":\"ReadAction\",\"target\":[\"https:\/\/www.namude.lt\/objektas\/sodyba-su-12ha-zemes-sklypu-zarasu-rajone\/\"]}]},{\"@type\":\"ImageObject\",\"inLanguage\":\"en-US\",\"@id\":\"https:\/\/www.namude.lt\/objektas\/sodyba-su-12ha-zemes-sklypu-zarasu-rajone\/#primaryimage\",\"url\":\"https:\/\/www.namude.lt\/wp-content\/uploads\/2025\/09\/0.jpg\",\"contentUrl\":\"https:\/\/www.namude.lt\/wp-content\/uploads\/2025\/09\/0.jpg\",\"width\":1920,\"height\":1080},{\"@type\":\"BreadcrumbList\",\"@id\":\"https:\/\/www.namude.lt\/objektas\/sodyba-su-12ha-zemes-sklypu-zarasu-rajone\/#breadcrumb\",\"itemListElement\":[{\"@type\":\"ListItem\",\"position\":1,\"name\":\"Home\",\"item\":\"https:\/\/www.namude.lt\/en\/\"},{\"@type\":\"ListItem\",\"position\":2,\"name\":\"Real estate\",\"item\":\"https:\/\/www.namude.lt\/en\/real-estate\/\"},{\"@type\":\"ListItem\",\"position\":3,\"name\":\"Sodyb\u0105 su 12ha \u017eem\u0117s sklypu Zaras\u0173 rajone\"}]},{\"@type\":\"WebSite\",\"@id\":\"https:\/\/www.namude.lt\/#website\",\"url\":\"https:\/\/www.namude.lt\/\",\"name\":\"Namud\u0117\",\"description\":\"\u201eNamud\u0117\u201c \u2013 agent\u016bra, pardavin\u0117janti Auk\u0161taitijos NT grynuolius.\",\"publisher\":{\"@id\":\"https:\/\/www.namude.lt\/#organization\"},\"potentialAction\":[{\"@type\":\"SearchAction\",\"target\":{\"@type\":\"EntryPoint\",\"urlTemplate\":\"https:\/\/www.namude.lt\/?s={search_term_string}\"},\"query-input\":{\"@type\":\"PropertyValueSpecification\",\"valueRequired\":true,\"valueName\":\"search_term_string\"}}],\"inLanguage\":\"en-US\"},{\"@type\":\"Organization\",\"@id\":\"https:\/\/www.namude.lt\/#organization\",\"name\":\"Namud\u0117\",\"url\":\"https:\/\/www.namude.lt\/\",\"logo\":{\"@type\":\"ImageObject\",\"inLanguage\":\"en-US\",\"@id\":\"https:\/\/www.namude.lt\/#\/schema\/logo\/image\/\",\"url\":\"https:\/\/www.namude.lt\/wp-content\/uploads\/2023\/11\/logo-symbol.svg\",\"contentUrl\":\"https:\/\/www.namude.lt\/wp-content\/uploads\/2023\/11\/logo-symbol.svg\",\"width\":1,\"height\":1,\"caption\":\"Namud\u0117\"},\"image\":{\"@id\":\"https:\/\/www.namude.lt\/#\/schema\/logo\/image\/\"}}]}<\/script>\n<!-- \/ Yoast SEO plugin. -->","yoast_head_json":{"title":"Sodyb\u0105 su 12ha \u017eem\u0117s sklypu Zaras\u0173 rajone - Namud\u0117","robots":{"index":"index","follow":"follow","max-snippet":"max-snippet:-1","max-image-preview":"max-image-preview:large","max-video-preview":"max-video-preview:-1"},"canonical":"https:\/\/www.namude.lt\/objektas\/sodyba-su-12ha-zemes-sklypu-zarasu-rajone\/","og_locale":"en_US","og_type":"article","og_title":"Sodyb\u0105 su 12ha \u017eem\u0117s sklypu Zaras\u0173 rajone - Namud\u0117","og_description":"Si\u016blome \u012fsigyti sodyb\u0105 viename gra\u017eiausi\u0173 Lietuvos kampeli\u0173 \u2013 Zaras\u0173 rajone, Raistini\u0161k\u0117s kaime. Tai vieta, kur sustoja laikas ir gyvenimas susilieja su gamtos harmonija. \u0160i sodyba \u2013 puikus pasirinkimas tiems, kurie vertina privatum\u0105 ir erdv\u0119. \u010cia gal\u0117site kurti savo poilsio viet\u0105 arba investicin\u012f projekt\u0105. Raistini\u0161k\u0117s \u2013\u012fsik\u016brusios \u0161alia Zaras\u0173 miesto. Aplink \u2013tik gamtos karalyst\u0117, kur \u0161varus oras, \u0161alimais e\u017eer\u0173 gausa ir mi\u0161k\u0173 \u017ealuma kuria ypating\u0105 gyvenimo kokyb\u0119. Zarasai\u010dio e\u017eeras \u2013 vos u\u017e 7 km, ideali vieta vandens pramogoms ir \u017evejybai.  PRIVALUMAI: \u2013 R\u0105stinis gyvenamasis namas 59kv.m. (3 kambariai, virtuv\u0117, mansarda) \u2013 \u016akiniai pastatai (lauko virtuv\u0117, tvartas, dar\u017ein\u0117, malkin\u0117, pirtis, \u0161ulinys, lauko WC); \u2013 Bendras sklyp\u0173 plotas \u201312,70 ha: 10,30ha \u017eem\u0117s \u016bkio paskirties sklypas (i\u0161 j\u0173 2ha jauno mi\u0161ko), 1 ir 1,36 ha \u017eem\u0117s \u016bkio sklypai. \u2013 \u0160ildymas kieto kuro krosnimi; \u2013 Didelis brandus sodas, tvenkinys; \u2013 Patogus ir geras priva\u017eiavimas visais met\u0173 laikais, atstumai iki Degu\u010di\u0173 3km, Salakas 14km, Zaras\u0173 13km, Utenos ir Visaginas 37km, Vilniaus 130km, Panev\u0117\u017eys 135km. Koordinat\u0117s : maps.lt \u2013 55.674143, 26.089793","og_url":"https:\/\/www.namude.lt\/objektas\/sodyba-su-12ha-zemes-sklypu-zarasu-rajone\/","og_site_name":"Namud\u0117","article_modified_time":"2025-09-09T09:19:45+00:00","og_image":[{"width":1920,"height":1080,"url":"https:\/\/www.namude.lt\/wp-content\/uploads\/2025\/09\/0.jpg","type":"image\/jpeg"}],"twitter_card":"summary_large_image","schema":{"@context":"https:\/\/schema.org","@graph":[{"@type":"WebPage","@id":"https:\/\/www.namude.lt\/objektas\/sodyba-su-12ha-zemes-sklypu-zarasu-rajone\/","url":"https:\/\/www.namude.lt\/objektas\/sodyba-su-12ha-zemes-sklypu-zarasu-rajone\/","name":"Sodyb\u0105 su 12ha \u017eem\u0117s sklypu Zaras\u0173 rajone - Namud\u0117","isPartOf":{"@id":"https:\/\/www.namude.lt\/#website"},"primaryImageOfPage":{"@id":"https:\/\/www.namude.lt\/objektas\/sodyba-su-12ha-zemes-sklypu-zarasu-rajone\/#primaryimage"},"image":{"@id":"https:\/\/www.namude.lt\/objektas\/sodyba-su-12ha-zemes-sklypu-zarasu-rajone\/#primaryimage"},"thumbnailUrl":"https:\/\/www.namude.lt\/wp-content\/uploads\/2025\/09\/0.jpg","datePublished":"2025-09-05T12:12:29+00:00","dateModified":"2025-09-09T09:19:45+00:00","breadcrumb":{"@id":"https:\/\/www.namude.lt\/objektas\/sodyba-su-12ha-zemes-sklypu-zarasu-rajone\/#breadcrumb"},"inLanguage":"en-US","potentialAction":[{"@type":"ReadAction","target":["https:\/\/www.namude.lt\/objektas\/sodyba-su-12ha-zemes-sklypu-zarasu-rajone\/"]}]},{"@type":"ImageObject","inLanguage":"en-US","@id":"https:\/\/www.namude.lt\/objektas\/sodyba-su-12ha-zemes-sklypu-zarasu-rajone\/#primaryimage","url":"https:\/\/www.namude.lt\/wp-content\/uploads\/2025\/09\/0.jpg","contentUrl":"https:\/\/www.namude.lt\/wp-content\/uploads\/2025\/09\/0.jpg","width":1920,"height":1080},{"@type":"BreadcrumbList","@id":"https:\/\/www.namude.lt\/objektas\/sodyba-su-12ha-zemes-sklypu-zarasu-rajone\/#breadcrumb","itemListElement":[{"@type":"ListItem","position":1,"name":"Home","item":"https:\/\/www.namude.lt\/en\/"},{"@type":"ListItem","position":2,"name":"Real estate","item":"https:\/\/www.namude.lt\/en\/real-estate\/"},{"@type":"ListItem","position":3,"name":"Sodyb\u0105 su 12ha \u017eem\u0117s sklypu Zaras\u0173 rajone"}]},{"@type":"WebSite","@id":"https:\/\/www.namude.lt\/#website","url":"https:\/\/www.namude.lt\/","name":"Namud\u0117","description":"\u201eNamud\u0117\u201c \u2013 agent\u016bra, pardavin\u0117janti Auk\u0161taitijos NT grynuolius.","publisher":{"@id":"https:\/\/www.namude.lt\/#organization"},"potentialAction":[{"@type":"SearchAction","target":{"@type":"EntryPoint","urlTemplate":"https:\/\/www.namude.lt\/?s={search_term_string}"},"query-input":{"@type":"PropertyValueSpecification","valueRequired":true,"valueName":"search_term_string"}}],"inLanguage":"en-US"},{"@type":"Organization","@id":"https:\/\/www.namude.lt\/#organization","name":"Namud\u0117","url":"https:\/\/www.namude.lt\/","logo":{"@type":"ImageObject","inLanguage":"en-US","@id":"https:\/\/www.namude.lt\/#\/schema\/logo\/image\/","url":"https:\/\/www.namude.lt\/wp-content\/uploads\/2023\/11\/logo-symbol.svg","contentUrl":"https:\/\/www.namude.lt\/wp-content\/uploads\/2023\/11\/logo-symbol.svg","width":1,"height":1,"caption":"Namud\u0117"},"image":{"@id":"https:\/\/www.namude.lt\/#\/schema\/logo\/image\/"}}]}},"_links":{"self":[{"href":"https:\/\/www.namude.lt\/en\/wp-json\/wp\/v2\/product\/22048","targetHints":{"allow":["GET"]}}],"collection":[{"href":"https:\/\/www.namude.lt\/en\/wp-json\/wp\/v2\/product"}],"about":[{"href":"https:\/\/www.namude.lt\/en\/wp-json\/wp\/v2\/types\/product"}],"wp:featuredmedia":[{"embeddable":true,"href":"https:\/\/www.namude.lt\/en\/wp-json\/wp\/v2\/media\/22049"}],"wp:attachment":[{"href":"https:\/\/www.namude.lt\/en\/wp-json\/wp\/v2\/media?parent=22048"}],"wp:term":[{"taxonomy":"product_brand","embeddable":true,"href":"https:\/\/www.namude.lt\/en\/wp-json\/wp\/v2\/product_brand?post=22048"},{"taxonomy":"product_cat","embeddable":true,"href":"https:\/\/www.namude.lt\/en\/wp-json\/wp\/v2\/product_cat?post=22048"},{"taxonomy":"product_tag","embeddable":true,"href":"https:\/\/www.namude.lt\/en\/wp-json\/wp\/v2\/product_tag?post=22048"}],"curies":[{"name":"wp","href":"https:\/\/api.w.org\/{rel}","templated":true}]}}