{"id":21708,"date":"2025-08-29T14:36:57","date_gmt":"2025-08-29T11:36:57","guid":{"rendered":"https:\/\/www.namude.lt\/?post_type=product&#038;p=21708"},"modified":"2025-09-09T12:16:12","modified_gmt":"2025-09-09T09:16:12","slug":"parduodama-rekonstruota-sodyba-su-dviem-gyvenamaisiais-namais-svencioniu-rajone-stepurkiskes-kaime-prie-svento-ezero","status":"publish","type":"product","link":"https:\/\/www.namude.lt\/en\/object\/parduodama-rekonstruota-sodyba-su-dviem-gyvenamaisiais-namais-svencioniu-rajone-stepurkiskes-kaime-prie-svento-ezero\/","title":{"rendered":"PARDUODAMA REKONSTRUOTA SODYBA SU DVIEM GYVENAMAISIAIS NAMAIS \u0160VEN\u010cIONI\u0172 RAJONE, STEPURKI\u0160K\u0116S KAIME, PRIE \u0160VENTO E\u017dERO!"},"content":{"rendered":"","protected":false},"excerpt":{"rendered":"<p><strong>Itin nuo\u0161alioje ir vaizdingoje vietov\u0117je, ma\u017eame kaimelyje, tarp trij\u0173 e\u017eer\u0173 ir \u0161alia mi\u0161ko.<\/strong><a href=\"https:\/\/www.namude.lt\/kategorija\/sodybos\/?filter_rajonas=svencioniu-rajonas&amp;query_type_rajonas=or\"><\/a> Gal\u0117site m\u0117gautis visais gamtos malonumais, grynu oru, i\u0161skirtiniu gamtos gro\u017eiu ir ramybe.<br \/>\nPRIVALUMAI:<br \/>\n&#8211;\tdu r\u0105stiniai gyvenamieji namai (vienas sve\u010di\u0173) atskiruose nam\u0173 valdos sklypuose po 70 kv. m. bendro naudingo ploto kiekvienas.<br \/>\n&#8211;\tapie 2005 m atlikta abiej\u0173 nam\u0173 pilna rekonstrukcija: ap\u0161iltinti i\u0161 vidaus ir i\u0161or\u0117s, mansardose \u012frengti kambariai, \u012frengti suomi\u0161kos metalin\u0117s dangos stogai, sud\u0117ti \u0161iuolaikiniai langai su stiklo paketais ir durys, nauja vidaus ir i\u0161or\u0117s apdaila ir t.t.<br \/>\n&#8211;\tkiekviename name \u012frengta po 3 kambarius, virtuv\u0119 ir tualet\u0105;<br \/>\n&#8211;\tsve\u010di\u0173 name \u012frengta pirtis su du\u0161ine;<br \/>\n&#8211;\t\u0161ildymas kietu kuru (katilas \u2018\u2018Stropuva\u2018\u2018 ir \u017eidiniai);<br \/>\n&#8211;\tvietinis vandentiekis ir kanalizacija;<br \/>\n&#8211;\telektra (trifaz\u0117);<br \/>\n&#8211;\ttaip pat yra \u016bkinis pastatas su gara\u017eu ir malkine, pav\u0117sin\u0117 su \u017eidiniu, \u0161ulinys, naujas \u0161iltnamis, lauko tualetas, didelis sodas ir dar\u017eas;<br \/>\n&#8211;\tpo pastatais yra du nam\u0173 valdos sklypai: 0.0576 ha ir 0.2455 ha. Viso yra parduodamas 0.3031 ha \u017eem\u0117s plotas;<br \/>\n&#8211;\tabu sklypai aptverti ir pri\u017ei\u016br\u0117ti;<br \/>\n&#8211;\tramyb\u0117 ir saugumas, nes kaimelyje yra pastoviai gyvenan\u010di\u0173 kaimyn\u0173.<br \/>\n&#8211;\tnuo sodybos iki artimiausio \u017euvingo \u0160vento e\u017eero apie 0.3 km (pri\u0117jimas per nuomojama \u017eem\u0117s sklyp\u0105). \u0160alimais, apie 1 km, dar du e\u017eerai: Mi\u0161kinis ir Ilgio;<br \/>\n&#8211;\tatstumai: artimiausi miestai \u2013 \u0160ven\u010dionys ir Ignalina \u2013 apie 12-13 km; iki Vilniaus apie 98 km; \u017evyrkelio ma\u017eiau nei 1 km;<\/p>\n<p>SU DVIEM NAMAIS REKONSTRUOTA SODYBA TINKAMA IR POILSIUI, IR PASTOVIAM GYVENIMUI!<\/p>\n<p>           Koordinat\u0117s : maps.lt &#8211; 55.221999, 26.220385<\/p>\n","protected":false},"featured_media":22017,"template":"","meta":{"_acf_changed":false},"product_brand":[],"product_cat":[23],"product_tag":[],"class_list":{"0":"post-21708","1":"product","2":"type-product","3":"status-publish","4":"has-post-thumbnail","6":"product_cat-sodybos","7":"pa_rajonas-svencioniu-rajonas","8":"description-off","10":"first","11":"instock","12":"shipping-taxable","13":"purchasable","14":"product-type-simple"},"acf":[],"yoast_head":"<!-- This site is optimized with the Yoast SEO plugin v27.4 - https:\/\/yoast.com\/product\/yoast-seo-wordpress\/ -->\n<title>PARDUODAMA REKONSTRUOTA SODYBA SU DVIEM GYVENAMAISIAIS NAMAIS \u0160VEN\u010cIONI\u0172 RAJONE, STEPURKI\u0160K\u0116S KAIME, PRIE \u0160VENTO E\u017dERO! - Namud\u0117<\/title>\n<meta name=\"robots\" content=\"index, follow, max-snippet:-1, max-image-preview:large, max-video-preview:-1\" \/>\n<link rel=\"canonical\" href=\"https:\/\/www.namude.lt\/objektas\/parduodama-rekonstruota-sodyba-su-dviem-gyvenamaisiais-namais-svencioniu-rajone-stepurkiskes-kaime-prie-svento-ezero\/\" \/>\n<meta property=\"og:locale\" content=\"en_US\" \/>\n<meta property=\"og:type\" content=\"article\" \/>\n<meta property=\"og:title\" content=\"PARDUODAMA REKONSTRUOTA SODYBA SU DVIEM GYVENAMAISIAIS NAMAIS \u0160VEN\u010cIONI\u0172 RAJONE, STEPURKI\u0160K\u0116S KAIME, PRIE \u0160VENTO E\u017dERO! - Namud\u0117\" \/>\n<meta property=\"og:description\" content=\"Itin nuo\u0161alioje ir vaizdingoje vietov\u0117je, ma\u017eame kaimelyje, tarp trij\u0173 e\u017eer\u0173 ir \u0161alia mi\u0161ko. Gal\u0117site m\u0117gautis visais gamtos malonumais, grynu oru, i\u0161skirtiniu gamtos gro\u017eiu ir ramybe. PRIVALUMAI: - du r\u0105stiniai gyvenamieji namai (vienas sve\u010di\u0173) atskiruose nam\u0173 valdos sklypuose po 70 kv. m. bendro naudingo ploto kiekvienas. - apie 2005 m atlikta abiej\u0173 nam\u0173 pilna rekonstrukcija: ap\u0161iltinti i\u0161 vidaus ir i\u0161or\u0117s, mansardose \u012frengti kambariai, \u012frengti suomi\u0161kos metalin\u0117s dangos stogai, sud\u0117ti \u0161iuolaikiniai langai su stiklo paketais ir durys, nauja vidaus ir i\u0161or\u0117s apdaila ir t.t.  - kiekviename name \u012frengta po 3 kambarius, virtuv\u0119 ir tualet\u0105; - sve\u010di\u0173 name \u012frengta pirtis su du\u0161ine; - \u0161ildymas kietu kuru (katilas \u2018\u2018Stropuva\u2018\u2018 ir \u017eidiniai); - vietinis vandentiekis ir kanalizacija; - elektra (trifaz\u0117); - taip pat yra \u016bkinis pastatas su gara\u017eu ir malkine, pav\u0117sin\u0117 su \u017eidiniu, \u0161ulinys, naujas \u0161iltnamis, lauko tualetas, didelis sodas ir dar\u017eas; - po pastatais yra du nam\u0173 valdos sklypai: 0.0576 ha ir 0.2455 ha. Viso yra parduodamas 0.3031 ha \u017eem\u0117s plotas; - abu sklypai aptverti ir pri\u017ei\u016br\u0117ti; - ramyb\u0117 ir saugumas, nes kaimelyje yra pastoviai gyvenan\u010di\u0173 kaimyn\u0173. - nuo sodybos iki artimiausio \u017euvingo \u0160vento e\u017eero apie 0.3 km (pri\u0117jimas per nuomojama \u017eem\u0117s sklyp\u0105). \u0160alimais, apie 1 km, dar du e\u017eerai: Mi\u0161kinis ir Ilgio; - atstumai: artimiausi miestai \u2013 \u0160ven\u010dionys ir Ignalina \u2013 apie 12-13 km; iki Vilniaus apie 98 km; \u017evyrkelio ma\u017eiau nei 1 km;   SU DVIEM NAMAIS REKONSTRUOTA SODYBA TINKAMA IR POILSIUI, IR PASTOVIAM GYVENIMUI!        Koordinat\u0117s : maps.lt - 55.221999, 26.220385\" \/>\n<meta property=\"og:url\" content=\"https:\/\/www.namude.lt\/objektas\/parduodama-rekonstruota-sodyba-su-dviem-gyvenamaisiais-namais-svencioniu-rajone-stepurkiskes-kaime-prie-svento-ezero\/\" \/>\n<meta property=\"og:site_name\" content=\"Namud\u0117\" \/>\n<meta property=\"article:modified_time\" content=\"2025-09-09T09:16:12+00:00\" \/>\n<meta property=\"og:image\" content=\"https:\/\/www.namude.lt\/wp-content\/uploads\/2025\/08\/1a.jpg\" \/>\n\t<meta property=\"og:image:width\" content=\"800\" \/>\n\t<meta property=\"og:image:height\" content=\"508\" \/>\n\t<meta property=\"og:image:type\" content=\"image\/jpeg\" \/>\n<meta name=\"twitter:card\" content=\"summary_large_image\" \/>\n<script type=\"application\/ld+json\" class=\"yoast-schema-graph\">{\"@context\":\"https:\\\/\\\/schema.org\",\"@graph\":[{\"@type\":\"WebPage\",\"@id\":\"https:\\\/\\\/www.namude.lt\\\/objektas\\\/parduodama-rekonstruota-sodyba-su-dviem-gyvenamaisiais-namais-svencioniu-rajone-stepurkiskes-kaime-prie-svento-ezero\\\/\",\"url\":\"https:\\\/\\\/www.namude.lt\\\/objektas\\\/parduodama-rekonstruota-sodyba-su-dviem-gyvenamaisiais-namais-svencioniu-rajone-stepurkiskes-kaime-prie-svento-ezero\\\/\",\"name\":\"PARDUODAMA REKONSTRUOTA SODYBA SU DVIEM GYVENAMAISIAIS NAMAIS \u0160VEN\u010cIONI\u0172 RAJONE, STEPURKI\u0160K\u0116S KAIME, PRIE \u0160VENTO E\u017dERO! - Namud\u0117\",\"isPartOf\":{\"@id\":\"https:\\\/\\\/www.namude.lt\\\/#website\"},\"primaryImageOfPage\":{\"@id\":\"https:\\\/\\\/www.namude.lt\\\/objektas\\\/parduodama-rekonstruota-sodyba-su-dviem-gyvenamaisiais-namais-svencioniu-rajone-stepurkiskes-kaime-prie-svento-ezero\\\/#primaryimage\"},\"image\":{\"@id\":\"https:\\\/\\\/www.namude.lt\\\/objektas\\\/parduodama-rekonstruota-sodyba-su-dviem-gyvenamaisiais-namais-svencioniu-rajone-stepurkiskes-kaime-prie-svento-ezero\\\/#primaryimage\"},\"thumbnailUrl\":\"https:\\\/\\\/www.namude.lt\\\/wp-content\\\/uploads\\\/2025\\\/08\\\/1a.jpg\",\"datePublished\":\"2025-08-29T11:36:57+00:00\",\"dateModified\":\"2025-09-09T09:16:12+00:00\",\"breadcrumb\":{\"@id\":\"https:\\\/\\\/www.namude.lt\\\/objektas\\\/parduodama-rekonstruota-sodyba-su-dviem-gyvenamaisiais-namais-svencioniu-rajone-stepurkiskes-kaime-prie-svento-ezero\\\/#breadcrumb\"},\"inLanguage\":\"en-US\",\"potentialAction\":[{\"@type\":\"ReadAction\",\"target\":[\"https:\\\/\\\/www.namude.lt\\\/objektas\\\/parduodama-rekonstruota-sodyba-su-dviem-gyvenamaisiais-namais-svencioniu-rajone-stepurkiskes-kaime-prie-svento-ezero\\\/\"]}]},{\"@type\":\"ImageObject\",\"inLanguage\":\"en-US\",\"@id\":\"https:\\\/\\\/www.namude.lt\\\/objektas\\\/parduodama-rekonstruota-sodyba-su-dviem-gyvenamaisiais-namais-svencioniu-rajone-stepurkiskes-kaime-prie-svento-ezero\\\/#primaryimage\",\"url\":\"https:\\\/\\\/www.namude.lt\\\/wp-content\\\/uploads\\\/2025\\\/08\\\/1a.jpg\",\"contentUrl\":\"https:\\\/\\\/www.namude.lt\\\/wp-content\\\/uploads\\\/2025\\\/08\\\/1a.jpg\",\"width\":800,\"height\":508},{\"@type\":\"BreadcrumbList\",\"@id\":\"https:\\\/\\\/www.namude.lt\\\/objektas\\\/parduodama-rekonstruota-sodyba-su-dviem-gyvenamaisiais-namais-svencioniu-rajone-stepurkiskes-kaime-prie-svento-ezero\\\/#breadcrumb\",\"itemListElement\":[{\"@type\":\"ListItem\",\"position\":1,\"name\":\"Home\",\"item\":\"https:\\\/\\\/www.namude.lt\\\/en\\\/\"},{\"@type\":\"ListItem\",\"position\":2,\"name\":\"Real estate\",\"item\":\"https:\\\/\\\/www.namude.lt\\\/en\\\/real-estate\\\/\"},{\"@type\":\"ListItem\",\"position\":3,\"name\":\"PARDUODAMA REKONSTRUOTA SODYBA SU DVIEM GYVENAMAISIAIS NAMAIS \u0160VEN\u010cIONI\u0172 RAJONE, STEPURKI\u0160K\u0116S KAIME, PRIE \u0160VENTO E\u017dERO!\"}]},{\"@type\":\"WebSite\",\"@id\":\"https:\\\/\\\/www.namude.lt\\\/#website\",\"url\":\"https:\\\/\\\/www.namude.lt\\\/\",\"name\":\"Namud\u0117\",\"description\":\"\u201eNamud\u0117\u201c \u2013 agent\u016bra, pardavin\u0117janti Auk\u0161taitijos NT grynuolius.\",\"publisher\":{\"@id\":\"https:\\\/\\\/www.namude.lt\\\/#organization\"},\"potentialAction\":[{\"@type\":\"SearchAction\",\"target\":{\"@type\":\"EntryPoint\",\"urlTemplate\":\"https:\\\/\\\/www.namude.lt\\\/?s={search_term_string}\"},\"query-input\":{\"@type\":\"PropertyValueSpecification\",\"valueRequired\":true,\"valueName\":\"search_term_string\"}}],\"inLanguage\":\"en-US\"},{\"@type\":\"Organization\",\"@id\":\"https:\\\/\\\/www.namude.lt\\\/#organization\",\"name\":\"Namud\u0117\",\"url\":\"https:\\\/\\\/www.namude.lt\\\/\",\"logo\":{\"@type\":\"ImageObject\",\"inLanguage\":\"en-US\",\"@id\":\"https:\\\/\\\/www.namude.lt\\\/#\\\/schema\\\/logo\\\/image\\\/\",\"url\":\"https:\\\/\\\/www.namude.lt\\\/wp-content\\\/uploads\\\/2023\\\/11\\\/logo-symbol.svg\",\"contentUrl\":\"https:\\\/\\\/www.namude.lt\\\/wp-content\\\/uploads\\\/2023\\\/11\\\/logo-symbol.svg\",\"width\":1,\"height\":1,\"caption\":\"Namud\u0117\"},\"image\":{\"@id\":\"https:\\\/\\\/www.namude.lt\\\/#\\\/schema\\\/logo\\\/image\\\/\"}}]}<\/script>\n<!-- \/ Yoast SEO plugin. -->","yoast_head_json":{"title":"PARDUODAMA REKONSTRUOTA SODYBA SU DVIEM GYVENAMAISIAIS NAMAIS \u0160VEN\u010cIONI\u0172 RAJONE, STEPURKI\u0160K\u0116S KAIME, PRIE \u0160VENTO E\u017dERO! - Namud\u0117","robots":{"index":"index","follow":"follow","max-snippet":"max-snippet:-1","max-image-preview":"max-image-preview:large","max-video-preview":"max-video-preview:-1"},"canonical":"https:\/\/www.namude.lt\/objektas\/parduodama-rekonstruota-sodyba-su-dviem-gyvenamaisiais-namais-svencioniu-rajone-stepurkiskes-kaime-prie-svento-ezero\/","og_locale":"en_US","og_type":"article","og_title":"PARDUODAMA REKONSTRUOTA SODYBA SU DVIEM GYVENAMAISIAIS NAMAIS \u0160VEN\u010cIONI\u0172 RAJONE, STEPURKI\u0160K\u0116S KAIME, PRIE \u0160VENTO E\u017dERO! - Namud\u0117","og_description":"Itin nuo\u0161alioje ir vaizdingoje vietov\u0117je, ma\u017eame kaimelyje, tarp trij\u0173 e\u017eer\u0173 ir \u0161alia mi\u0161ko. Gal\u0117site m\u0117gautis visais gamtos malonumais, grynu oru, i\u0161skirtiniu gamtos gro\u017eiu ir ramybe. PRIVALUMAI: - du r\u0105stiniai gyvenamieji namai (vienas sve\u010di\u0173) atskiruose nam\u0173 valdos sklypuose po 70 kv. m. bendro naudingo ploto kiekvienas. - apie 2005 m atlikta abiej\u0173 nam\u0173 pilna rekonstrukcija: ap\u0161iltinti i\u0161 vidaus ir i\u0161or\u0117s, mansardose \u012frengti kambariai, \u012frengti suomi\u0161kos metalin\u0117s dangos stogai, sud\u0117ti \u0161iuolaikiniai langai su stiklo paketais ir durys, nauja vidaus ir i\u0161or\u0117s apdaila ir t.t.  - kiekviename name \u012frengta po 3 kambarius, virtuv\u0119 ir tualet\u0105; - sve\u010di\u0173 name \u012frengta pirtis su du\u0161ine; - \u0161ildymas kietu kuru (katilas \u2018\u2018Stropuva\u2018\u2018 ir \u017eidiniai); - vietinis vandentiekis ir kanalizacija; - elektra (trifaz\u0117); - taip pat yra \u016bkinis pastatas su gara\u017eu ir malkine, pav\u0117sin\u0117 su \u017eidiniu, \u0161ulinys, naujas \u0161iltnamis, lauko tualetas, didelis sodas ir dar\u017eas; - po pastatais yra du nam\u0173 valdos sklypai: 0.0576 ha ir 0.2455 ha. Viso yra parduodamas 0.3031 ha \u017eem\u0117s plotas; - abu sklypai aptverti ir pri\u017ei\u016br\u0117ti; - ramyb\u0117 ir saugumas, nes kaimelyje yra pastoviai gyvenan\u010di\u0173 kaimyn\u0173. - nuo sodybos iki artimiausio \u017euvingo \u0160vento e\u017eero apie 0.3 km (pri\u0117jimas per nuomojama \u017eem\u0117s sklyp\u0105). \u0160alimais, apie 1 km, dar du e\u017eerai: Mi\u0161kinis ir Ilgio; - atstumai: artimiausi miestai \u2013 \u0160ven\u010dionys ir Ignalina \u2013 apie 12-13 km; iki Vilniaus apie 98 km; \u017evyrkelio ma\u017eiau nei 1 km;   SU DVIEM NAMAIS REKONSTRUOTA SODYBA TINKAMA IR POILSIUI, IR PASTOVIAM GYVENIMUI!        Koordinat\u0117s : maps.lt - 55.221999, 26.220385","og_url":"https:\/\/www.namude.lt\/objektas\/parduodama-rekonstruota-sodyba-su-dviem-gyvenamaisiais-namais-svencioniu-rajone-stepurkiskes-kaime-prie-svento-ezero\/","og_site_name":"Namud\u0117","article_modified_time":"2025-09-09T09:16:12+00:00","og_image":[{"width":800,"height":508,"url":"https:\/\/www.namude.lt\/wp-content\/uploads\/2025\/08\/1a.jpg","type":"image\/jpeg"}],"twitter_card":"summary_large_image","schema":{"@context":"https:\/\/schema.org","@graph":[{"@type":"WebPage","@id":"https:\/\/www.namude.lt\/objektas\/parduodama-rekonstruota-sodyba-su-dviem-gyvenamaisiais-namais-svencioniu-rajone-stepurkiskes-kaime-prie-svento-ezero\/","url":"https:\/\/www.namude.lt\/objektas\/parduodama-rekonstruota-sodyba-su-dviem-gyvenamaisiais-namais-svencioniu-rajone-stepurkiskes-kaime-prie-svento-ezero\/","name":"PARDUODAMA REKONSTRUOTA SODYBA SU DVIEM GYVENAMAISIAIS NAMAIS \u0160VEN\u010cIONI\u0172 RAJONE, STEPURKI\u0160K\u0116S KAIME, PRIE \u0160VENTO E\u017dERO! - Namud\u0117","isPartOf":{"@id":"https:\/\/www.namude.lt\/#website"},"primaryImageOfPage":{"@id":"https:\/\/www.namude.lt\/objektas\/parduodama-rekonstruota-sodyba-su-dviem-gyvenamaisiais-namais-svencioniu-rajone-stepurkiskes-kaime-prie-svento-ezero\/#primaryimage"},"image":{"@id":"https:\/\/www.namude.lt\/objektas\/parduodama-rekonstruota-sodyba-su-dviem-gyvenamaisiais-namais-svencioniu-rajone-stepurkiskes-kaime-prie-svento-ezero\/#primaryimage"},"thumbnailUrl":"https:\/\/www.namude.lt\/wp-content\/uploads\/2025\/08\/1a.jpg","datePublished":"2025-08-29T11:36:57+00:00","dateModified":"2025-09-09T09:16:12+00:00","breadcrumb":{"@id":"https:\/\/www.namude.lt\/objektas\/parduodama-rekonstruota-sodyba-su-dviem-gyvenamaisiais-namais-svencioniu-rajone-stepurkiskes-kaime-prie-svento-ezero\/#breadcrumb"},"inLanguage":"en-US","potentialAction":[{"@type":"ReadAction","target":["https:\/\/www.namude.lt\/objektas\/parduodama-rekonstruota-sodyba-su-dviem-gyvenamaisiais-namais-svencioniu-rajone-stepurkiskes-kaime-prie-svento-ezero\/"]}]},{"@type":"ImageObject","inLanguage":"en-US","@id":"https:\/\/www.namude.lt\/objektas\/parduodama-rekonstruota-sodyba-su-dviem-gyvenamaisiais-namais-svencioniu-rajone-stepurkiskes-kaime-prie-svento-ezero\/#primaryimage","url":"https:\/\/www.namude.lt\/wp-content\/uploads\/2025\/08\/1a.jpg","contentUrl":"https:\/\/www.namude.lt\/wp-content\/uploads\/2025\/08\/1a.jpg","width":800,"height":508},{"@type":"BreadcrumbList","@id":"https:\/\/www.namude.lt\/objektas\/parduodama-rekonstruota-sodyba-su-dviem-gyvenamaisiais-namais-svencioniu-rajone-stepurkiskes-kaime-prie-svento-ezero\/#breadcrumb","itemListElement":[{"@type":"ListItem","position":1,"name":"Home","item":"https:\/\/www.namude.lt\/en\/"},{"@type":"ListItem","position":2,"name":"Real estate","item":"https:\/\/www.namude.lt\/en\/real-estate\/"},{"@type":"ListItem","position":3,"name":"PARDUODAMA REKONSTRUOTA SODYBA SU DVIEM GYVENAMAISIAIS NAMAIS \u0160VEN\u010cIONI\u0172 RAJONE, STEPURKI\u0160K\u0116S KAIME, PRIE \u0160VENTO E\u017dERO!"}]},{"@type":"WebSite","@id":"https:\/\/www.namude.lt\/#website","url":"https:\/\/www.namude.lt\/","name":"Namud\u0117","description":"\u201eNamud\u0117\u201c \u2013 agent\u016bra, pardavin\u0117janti Auk\u0161taitijos NT grynuolius.","publisher":{"@id":"https:\/\/www.namude.lt\/#organization"},"potentialAction":[{"@type":"SearchAction","target":{"@type":"EntryPoint","urlTemplate":"https:\/\/www.namude.lt\/?s={search_term_string}"},"query-input":{"@type":"PropertyValueSpecification","valueRequired":true,"valueName":"search_term_string"}}],"inLanguage":"en-US"},{"@type":"Organization","@id":"https:\/\/www.namude.lt\/#organization","name":"Namud\u0117","url":"https:\/\/www.namude.lt\/","logo":{"@type":"ImageObject","inLanguage":"en-US","@id":"https:\/\/www.namude.lt\/#\/schema\/logo\/image\/","url":"https:\/\/www.namude.lt\/wp-content\/uploads\/2023\/11\/logo-symbol.svg","contentUrl":"https:\/\/www.namude.lt\/wp-content\/uploads\/2023\/11\/logo-symbol.svg","width":1,"height":1,"caption":"Namud\u0117"},"image":{"@id":"https:\/\/www.namude.lt\/#\/schema\/logo\/image\/"}}]}},"_links":{"self":[{"href":"https:\/\/www.namude.lt\/en\/wp-json\/wp\/v2\/product\/21708","targetHints":{"allow":["GET"]}}],"collection":[{"href":"https:\/\/www.namude.lt\/en\/wp-json\/wp\/v2\/product"}],"about":[{"href":"https:\/\/www.namude.lt\/en\/wp-json\/wp\/v2\/types\/product"}],"wp:featuredmedia":[{"embeddable":true,"href":"https:\/\/www.namude.lt\/en\/wp-json\/wp\/v2\/media\/22017"}],"wp:attachment":[{"href":"https:\/\/www.namude.lt\/en\/wp-json\/wp\/v2\/media?parent=21708"}],"wp:term":[{"taxonomy":"product_brand","embeddable":true,"href":"https:\/\/www.namude.lt\/en\/wp-json\/wp\/v2\/product_brand?post=21708"},{"taxonomy":"product_cat","embeddable":true,"href":"https:\/\/www.namude.lt\/en\/wp-json\/wp\/v2\/product_cat?post=21708"},{"taxonomy":"product_tag","embeddable":true,"href":"https:\/\/www.namude.lt\/en\/wp-json\/wp\/v2\/product_tag?post=21708"}],"curies":[{"name":"wp","href":"https:\/\/api.w.org\/{rel}","templated":true}]}}