{"id":21400,"date":"2025-08-08T16:25:02","date_gmt":"2025-08-08T13:25:02","guid":{"rendered":"https:\/\/www.namude.lt\/?post_type=product&#038;p=21400"},"modified":"2025-08-12T08:49:08","modified_gmt":"2025-08-12T05:49:08","slug":"utenos-priemiestyje-kloviniu-k-parduodamas-rastinis-namas","status":"publish","type":"product","link":"https:\/\/www.namude.lt\/en\/object\/utenos-priemiestyje-kloviniu-k-parduodamas-rastinis-namas\/","title":{"rendered":"Utenos priemiestyje, Klovini\u0173 k. parduodamas r\u0105stinis namas."},"content":{"rendered":"","protected":false},"excerpt":{"rendered":"<p>Klovini\u0173 kaimas \u012fsik\u016br\u0119s \u0161alia Utenos &#8211;  tai puikus pasirinkimas norintiems gyventi gamtos apsuptyje, \u0161alia miesto.<\/p>\n<p>PRIVALUMAI:<br \/>\n\u2013 77kv.m. vieno auk\u0161to r\u0105stinis namas (svetain\u0117, 2 miegamieji, virtuv\u0117, sand\u0117liukas);<br \/>\n\u2013 88a pri\u017ei\u016br\u0117ta teritorija;<br \/>\n\u2013 Tvenkinys;<br \/>\n\u2013 \u016akio pastatai \u2013 tvartas, svirnas, dar\u017ein\u0117, kiemo r\u016bsys, \u016bkinis pastatas, malkin\u0117;<br \/>\n\u2013 \u0160ildymas &#8211; kieto kuro krosnis;<br \/>\n\u2013 Vanduo i\u0161 gr\u0119\u017einio;<br \/>\n\u2013 Iki Utenos tik 2 km.<\/p>\n","protected":false},"featured_media":21479,"template":"","meta":{"_acf_changed":false},"product_brand":[],"product_cat":[26],"product_tag":[],"class_list":{"0":"post-21400","1":"product","2":"type-product","3":"status-publish","4":"has-post-thumbnail","6":"product_cat-namai","7":"pa_rajonas-utenos-rajonas","8":"description-off","10":"first","11":"instock","12":"shipping-taxable","13":"purchasable","14":"product-type-simple"},"acf":[],"yoast_head":"<!-- This site is optimized with the Yoast SEO plugin v27.4 - https:\/\/yoast.com\/product\/yoast-seo-wordpress\/ -->\n<title>Utenos priemiestyje, Klovini\u0173 k. parduodamas r\u0105stinis namas. - Namud\u0117<\/title>\n<meta name=\"robots\" content=\"index, follow, max-snippet:-1, max-image-preview:large, max-video-preview:-1\" \/>\n<link rel=\"canonical\" href=\"https:\/\/www.namude.lt\/objektas\/utenos-priemiestyje-kloviniu-k-parduodamas-rastinis-namas\/\" \/>\n<meta property=\"og:locale\" content=\"en_US\" \/>\n<meta property=\"og:type\" content=\"article\" \/>\n<meta property=\"og:title\" content=\"Utenos priemiestyje, Klovini\u0173 k. parduodamas r\u0105stinis namas. - Namud\u0117\" \/>\n<meta property=\"og:description\" content=\"Klovini\u0173 kaimas \u012fsik\u016br\u0119s \u0161alia Utenos - tai puikus pasirinkimas norintiems gyventi gamtos apsuptyje, \u0161alia miesto.  PRIVALUMAI: \u2013 77kv.m. vieno auk\u0161to r\u0105stinis namas (svetain\u0117, 2 miegamieji, virtuv\u0117, sand\u0117liukas); \u2013 88a pri\u017ei\u016br\u0117ta teritorija; \u2013 Tvenkinys; \u2013 \u016akio pastatai \u2013 tvartas, svirnas, dar\u017ein\u0117, kiemo r\u016bsys, \u016bkinis pastatas, malkin\u0117; \u2013 \u0160ildymas - kieto kuro krosnis; \u2013 Vanduo i\u0161 gr\u0119\u017einio; \u2013 Iki Utenos tik 2 km.\" \/>\n<meta property=\"og:url\" content=\"https:\/\/www.namude.lt\/objektas\/utenos-priemiestyje-kloviniu-k-parduodamas-rastinis-namas\/\" \/>\n<meta property=\"og:site_name\" content=\"Namud\u0117\" \/>\n<meta property=\"article:modified_time\" content=\"2025-08-12T05:49:08+00:00\" \/>\n<meta property=\"og:image\" content=\"https:\/\/www.namude.lt\/wp-content\/uploads\/2025\/08\/1-4.jpg\" \/>\n\t<meta property=\"og:image:width\" content=\"2400\" \/>\n\t<meta property=\"og:image:height\" content=\"1800\" \/>\n\t<meta property=\"og:image:type\" content=\"image\/jpeg\" \/>\n<meta name=\"twitter:card\" content=\"summary_large_image\" \/>\n<script type=\"application\/ld+json\" class=\"yoast-schema-graph\">{\"@context\":\"https:\\\/\\\/schema.org\",\"@graph\":[{\"@type\":\"WebPage\",\"@id\":\"https:\\\/\\\/www.namude.lt\\\/objektas\\\/utenos-priemiestyje-kloviniu-k-parduodamas-rastinis-namas\\\/\",\"url\":\"https:\\\/\\\/www.namude.lt\\\/objektas\\\/utenos-priemiestyje-kloviniu-k-parduodamas-rastinis-namas\\\/\",\"name\":\"Utenos priemiestyje, Klovini\u0173 k. parduodamas r\u0105stinis namas. - Namud\u0117\",\"isPartOf\":{\"@id\":\"https:\\\/\\\/www.namude.lt\\\/#website\"},\"primaryImageOfPage\":{\"@id\":\"https:\\\/\\\/www.namude.lt\\\/objektas\\\/utenos-priemiestyje-kloviniu-k-parduodamas-rastinis-namas\\\/#primaryimage\"},\"image\":{\"@id\":\"https:\\\/\\\/www.namude.lt\\\/objektas\\\/utenos-priemiestyje-kloviniu-k-parduodamas-rastinis-namas\\\/#primaryimage\"},\"thumbnailUrl\":\"https:\\\/\\\/www.namude.lt\\\/wp-content\\\/uploads\\\/2025\\\/08\\\/1-4.jpg\",\"datePublished\":\"2025-08-08T13:25:02+00:00\",\"dateModified\":\"2025-08-12T05:49:08+00:00\",\"breadcrumb\":{\"@id\":\"https:\\\/\\\/www.namude.lt\\\/objektas\\\/utenos-priemiestyje-kloviniu-k-parduodamas-rastinis-namas\\\/#breadcrumb\"},\"inLanguage\":\"en-US\",\"potentialAction\":[{\"@type\":\"ReadAction\",\"target\":[\"https:\\\/\\\/www.namude.lt\\\/objektas\\\/utenos-priemiestyje-kloviniu-k-parduodamas-rastinis-namas\\\/\"]}]},{\"@type\":\"ImageObject\",\"inLanguage\":\"en-US\",\"@id\":\"https:\\\/\\\/www.namude.lt\\\/objektas\\\/utenos-priemiestyje-kloviniu-k-parduodamas-rastinis-namas\\\/#primaryimage\",\"url\":\"https:\\\/\\\/www.namude.lt\\\/wp-content\\\/uploads\\\/2025\\\/08\\\/1-4.jpg\",\"contentUrl\":\"https:\\\/\\\/www.namude.lt\\\/wp-content\\\/uploads\\\/2025\\\/08\\\/1-4.jpg\",\"width\":2400,\"height\":1800},{\"@type\":\"BreadcrumbList\",\"@id\":\"https:\\\/\\\/www.namude.lt\\\/objektas\\\/utenos-priemiestyje-kloviniu-k-parduodamas-rastinis-namas\\\/#breadcrumb\",\"itemListElement\":[{\"@type\":\"ListItem\",\"position\":1,\"name\":\"Home\",\"item\":\"https:\\\/\\\/www.namude.lt\\\/en\\\/\"},{\"@type\":\"ListItem\",\"position\":2,\"name\":\"Real estate\",\"item\":\"https:\\\/\\\/www.namude.lt\\\/en\\\/real-estate\\\/\"},{\"@type\":\"ListItem\",\"position\":3,\"name\":\"Utenos priemiestyje, Klovini\u0173 k. parduodamas r\u0105stinis namas.\"}]},{\"@type\":\"WebSite\",\"@id\":\"https:\\\/\\\/www.namude.lt\\\/#website\",\"url\":\"https:\\\/\\\/www.namude.lt\\\/\",\"name\":\"Namud\u0117\",\"description\":\"\u201eNamud\u0117\u201c \u2013 agent\u016bra, pardavin\u0117janti Auk\u0161taitijos NT grynuolius.\",\"publisher\":{\"@id\":\"https:\\\/\\\/www.namude.lt\\\/#organization\"},\"potentialAction\":[{\"@type\":\"SearchAction\",\"target\":{\"@type\":\"EntryPoint\",\"urlTemplate\":\"https:\\\/\\\/www.namude.lt\\\/?s={search_term_string}\"},\"query-input\":{\"@type\":\"PropertyValueSpecification\",\"valueRequired\":true,\"valueName\":\"search_term_string\"}}],\"inLanguage\":\"en-US\"},{\"@type\":\"Organization\",\"@id\":\"https:\\\/\\\/www.namude.lt\\\/#organization\",\"name\":\"Namud\u0117\",\"url\":\"https:\\\/\\\/www.namude.lt\\\/\",\"logo\":{\"@type\":\"ImageObject\",\"inLanguage\":\"en-US\",\"@id\":\"https:\\\/\\\/www.namude.lt\\\/#\\\/schema\\\/logo\\\/image\\\/\",\"url\":\"https:\\\/\\\/www.namude.lt\\\/wp-content\\\/uploads\\\/2023\\\/11\\\/logo-symbol.svg\",\"contentUrl\":\"https:\\\/\\\/www.namude.lt\\\/wp-content\\\/uploads\\\/2023\\\/11\\\/logo-symbol.svg\",\"width\":1,\"height\":1,\"caption\":\"Namud\u0117\"},\"image\":{\"@id\":\"https:\\\/\\\/www.namude.lt\\\/#\\\/schema\\\/logo\\\/image\\\/\"}}]}<\/script>\n<!-- \/ Yoast SEO plugin. -->","yoast_head_json":{"title":"Utenos priemiestyje, Klovini\u0173 k. parduodamas r\u0105stinis namas. - Namud\u0117","robots":{"index":"index","follow":"follow","max-snippet":"max-snippet:-1","max-image-preview":"max-image-preview:large","max-video-preview":"max-video-preview:-1"},"canonical":"https:\/\/www.namude.lt\/objektas\/utenos-priemiestyje-kloviniu-k-parduodamas-rastinis-namas\/","og_locale":"en_US","og_type":"article","og_title":"Utenos priemiestyje, Klovini\u0173 k. parduodamas r\u0105stinis namas. - Namud\u0117","og_description":"Klovini\u0173 kaimas \u012fsik\u016br\u0119s \u0161alia Utenos - tai puikus pasirinkimas norintiems gyventi gamtos apsuptyje, \u0161alia miesto.  PRIVALUMAI: \u2013 77kv.m. vieno auk\u0161to r\u0105stinis namas (svetain\u0117, 2 miegamieji, virtuv\u0117, sand\u0117liukas); \u2013 88a pri\u017ei\u016br\u0117ta teritorija; \u2013 Tvenkinys; \u2013 \u016akio pastatai \u2013 tvartas, svirnas, dar\u017ein\u0117, kiemo r\u016bsys, \u016bkinis pastatas, malkin\u0117; \u2013 \u0160ildymas - kieto kuro krosnis; \u2013 Vanduo i\u0161 gr\u0119\u017einio; \u2013 Iki Utenos tik 2 km.","og_url":"https:\/\/www.namude.lt\/objektas\/utenos-priemiestyje-kloviniu-k-parduodamas-rastinis-namas\/","og_site_name":"Namud\u0117","article_modified_time":"2025-08-12T05:49:08+00:00","og_image":[{"width":2400,"height":1800,"url":"https:\/\/www.namude.lt\/wp-content\/uploads\/2025\/08\/1-4.jpg","type":"image\/jpeg"}],"twitter_card":"summary_large_image","schema":{"@context":"https:\/\/schema.org","@graph":[{"@type":"WebPage","@id":"https:\/\/www.namude.lt\/objektas\/utenos-priemiestyje-kloviniu-k-parduodamas-rastinis-namas\/","url":"https:\/\/www.namude.lt\/objektas\/utenos-priemiestyje-kloviniu-k-parduodamas-rastinis-namas\/","name":"Utenos priemiestyje, Klovini\u0173 k. parduodamas r\u0105stinis namas. - Namud\u0117","isPartOf":{"@id":"https:\/\/www.namude.lt\/#website"},"primaryImageOfPage":{"@id":"https:\/\/www.namude.lt\/objektas\/utenos-priemiestyje-kloviniu-k-parduodamas-rastinis-namas\/#primaryimage"},"image":{"@id":"https:\/\/www.namude.lt\/objektas\/utenos-priemiestyje-kloviniu-k-parduodamas-rastinis-namas\/#primaryimage"},"thumbnailUrl":"https:\/\/www.namude.lt\/wp-content\/uploads\/2025\/08\/1-4.jpg","datePublished":"2025-08-08T13:25:02+00:00","dateModified":"2025-08-12T05:49:08+00:00","breadcrumb":{"@id":"https:\/\/www.namude.lt\/objektas\/utenos-priemiestyje-kloviniu-k-parduodamas-rastinis-namas\/#breadcrumb"},"inLanguage":"en-US","potentialAction":[{"@type":"ReadAction","target":["https:\/\/www.namude.lt\/objektas\/utenos-priemiestyje-kloviniu-k-parduodamas-rastinis-namas\/"]}]},{"@type":"ImageObject","inLanguage":"en-US","@id":"https:\/\/www.namude.lt\/objektas\/utenos-priemiestyje-kloviniu-k-parduodamas-rastinis-namas\/#primaryimage","url":"https:\/\/www.namude.lt\/wp-content\/uploads\/2025\/08\/1-4.jpg","contentUrl":"https:\/\/www.namude.lt\/wp-content\/uploads\/2025\/08\/1-4.jpg","width":2400,"height":1800},{"@type":"BreadcrumbList","@id":"https:\/\/www.namude.lt\/objektas\/utenos-priemiestyje-kloviniu-k-parduodamas-rastinis-namas\/#breadcrumb","itemListElement":[{"@type":"ListItem","position":1,"name":"Home","item":"https:\/\/www.namude.lt\/en\/"},{"@type":"ListItem","position":2,"name":"Real estate","item":"https:\/\/www.namude.lt\/en\/real-estate\/"},{"@type":"ListItem","position":3,"name":"Utenos priemiestyje, Klovini\u0173 k. parduodamas r\u0105stinis namas."}]},{"@type":"WebSite","@id":"https:\/\/www.namude.lt\/#website","url":"https:\/\/www.namude.lt\/","name":"Namud\u0117","description":"\u201eNamud\u0117\u201c \u2013 agent\u016bra, pardavin\u0117janti Auk\u0161taitijos NT grynuolius.","publisher":{"@id":"https:\/\/www.namude.lt\/#organization"},"potentialAction":[{"@type":"SearchAction","target":{"@type":"EntryPoint","urlTemplate":"https:\/\/www.namude.lt\/?s={search_term_string}"},"query-input":{"@type":"PropertyValueSpecification","valueRequired":true,"valueName":"search_term_string"}}],"inLanguage":"en-US"},{"@type":"Organization","@id":"https:\/\/www.namude.lt\/#organization","name":"Namud\u0117","url":"https:\/\/www.namude.lt\/","logo":{"@type":"ImageObject","inLanguage":"en-US","@id":"https:\/\/www.namude.lt\/#\/schema\/logo\/image\/","url":"https:\/\/www.namude.lt\/wp-content\/uploads\/2023\/11\/logo-symbol.svg","contentUrl":"https:\/\/www.namude.lt\/wp-content\/uploads\/2023\/11\/logo-symbol.svg","width":1,"height":1,"caption":"Namud\u0117"},"image":{"@id":"https:\/\/www.namude.lt\/#\/schema\/logo\/image\/"}}]}},"_links":{"self":[{"href":"https:\/\/www.namude.lt\/en\/wp-json\/wp\/v2\/product\/21400","targetHints":{"allow":["GET"]}}],"collection":[{"href":"https:\/\/www.namude.lt\/en\/wp-json\/wp\/v2\/product"}],"about":[{"href":"https:\/\/www.namude.lt\/en\/wp-json\/wp\/v2\/types\/product"}],"wp:featuredmedia":[{"embeddable":true,"href":"https:\/\/www.namude.lt\/en\/wp-json\/wp\/v2\/media\/21479"}],"wp:attachment":[{"href":"https:\/\/www.namude.lt\/en\/wp-json\/wp\/v2\/media?parent=21400"}],"wp:term":[{"taxonomy":"product_brand","embeddable":true,"href":"https:\/\/www.namude.lt\/en\/wp-json\/wp\/v2\/product_brand?post=21400"},{"taxonomy":"product_cat","embeddable":true,"href":"https:\/\/www.namude.lt\/en\/wp-json\/wp\/v2\/product_cat?post=21400"},{"taxonomy":"product_tag","embeddable":true,"href":"https:\/\/www.namude.lt\/en\/wp-json\/wp\/v2\/product_tag?post=21400"}],"curies":[{"name":"wp","href":"https:\/\/api.w.org\/{rel}","templated":true}]}}