{"id":21130,"date":"2025-08-05T09:55:01","date_gmt":"2025-08-05T06:55:01","guid":{"rendered":"https:\/\/www.namude.lt\/?post_type=product&#038;p=21130"},"modified":"2025-10-02T15:08:23","modified_gmt":"2025-10-02T12:08:23","slug":"parduodamas-isskirtinis-02275-ha-rekreacinio-naudojimo-zemes-sklypas-ant-kupiskio-mariu-kranto-vezioniu-kaime","status":"publish","type":"product","link":"https:\/\/www.namude.lt\/en\/object\/parduodamas-isskirtinis-02275-ha-rekreacinio-naudojimo-zemes-sklypas-ant-kupiskio-mariu-kranto-vezioniu-kaime\/","title":{"rendered":"Parduodamas i\u0161skirtinis 0,23 ha rekreacinio naudojimo \u017eem\u0117s sklypas ant Kupi\u0161kio mari\u0173 kranto V\u0117\u017eioni\u0173 kaime!"},"content":{"rendered":"","protected":false},"excerpt":{"rendered":"<p><strong>Nuostabioje vietoje ant Kupi\u0161kio mari\u0173 kranto, parduodamas rekreacin\u0117s paskirties sklypas.<\/strong><a href=\"https:\/\/www.namude.lt\/kategorija\/sklypai\/?filter_rajonas=kiti-rajonai&amp;query_type_rajonas=or&amp;filter_ypatumai=prie-vandens&amp;query_type_ypatumai=or\"><\/a> I\u0161 sklypo atsiveria nuostab\u016bs vaizdai \u012f marias. Kupi\u0161kio marios \u2013 vienas did\u017eiausi\u0173 dirbtini\u0173 vandens telkini\u0173 Lietuvoje, gars\u0117jantis \u0161varia gamta, vandens sporto galimyb\u0117mis ir ramybe. Puiki vieta norintiems poilsio gamtos apsuptyje ar ie\u0161kantiems unikalaus projekto<br \/>\nGeras priva\u017eiavimas, rami aplinka, artima gamta \u2013 viskas ko reikia j\u016bs\u0173 id\u0117joms \u012fgyvendinti!<br \/>\nI\u0161 \u0161ios unikalios vietos patogus priva\u017eiavimas iki kit\u0173 miest\u0173: Kupi\u0161kio \u20135km; Roki\u0161kio \u2013 apie 47 km ;Panev\u0117\u017eio \u2013 52km Bir\u017e\u0173 57km.; Utenos- 65km.<br \/>\nToki\u0173 viet\u0173 Lietuvoje lieka vis ma\u017eiau \u2013 nepraleiskite progos \u012fsigyti !<br \/>\nSklypo koordinat\u0117s:<br \/>\nMaps.lt: 55.885291, 24.993243<\/p>\n","protected":false},"featured_media":22757,"template":"","meta":{"_acf_changed":false},"product_brand":[],"product_cat":[24],"product_tag":[],"class_list":{"0":"post-21130","1":"product","2":"type-product","3":"status-publish","4":"has-post-thumbnail","6":"product_cat-sklypai","7":"pa_rajonas-kiti-rajonai","8":"description-off","10":"first","11":"instock","12":"shipping-taxable","13":"purchasable","14":"product-type-simple"},"acf":[],"yoast_head":"<!-- This site is optimized with the Yoast SEO plugin v27.4 - https:\/\/yoast.com\/product\/yoast-seo-wordpress\/ -->\n<title>Parduodamas i\u0161skirtinis 0,23 ha rekreacinio naudojimo \u017eem\u0117s sklypas ant Kupi\u0161kio mari\u0173 kranto V\u0117\u017eioni\u0173 kaime! - Namud\u0117<\/title>\n<meta name=\"robots\" content=\"index, follow, max-snippet:-1, max-image-preview:large, max-video-preview:-1\" \/>\n<link rel=\"canonical\" href=\"https:\/\/www.namude.lt\/objektas\/parduodamas-isskirtinis-02275-ha-rekreacinio-naudojimo-zemes-sklypas-ant-kupiskio-mariu-kranto-vezioniu-kaime\/\" \/>\n<meta property=\"og:locale\" content=\"en_US\" \/>\n<meta property=\"og:type\" content=\"article\" \/>\n<meta property=\"og:title\" content=\"Parduodamas i\u0161skirtinis 0,23 ha rekreacinio naudojimo \u017eem\u0117s sklypas ant Kupi\u0161kio mari\u0173 kranto V\u0117\u017eioni\u0173 kaime! - Namud\u0117\" \/>\n<meta property=\"og:description\" content=\"Nuostabioje vietoje ant Kupi\u0161kio mari\u0173 kranto, parduodamas rekreacin\u0117s paskirties sklypas. I\u0161 sklypo atsiveria nuostab\u016bs vaizdai \u012f marias. Kupi\u0161kio marios \u2013 vienas did\u017eiausi\u0173 dirbtini\u0173 vandens telkini\u0173 Lietuvoje, gars\u0117jantis \u0161varia gamta, vandens sporto galimyb\u0117mis ir ramybe. Puiki vieta norintiems poilsio gamtos apsuptyje ar ie\u0161kantiems unikalaus projekto  Geras priva\u017eiavimas, rami aplinka, artima gamta \u2013 viskas ko reikia j\u016bs\u0173 id\u0117joms \u012fgyvendinti! I\u0161 \u0161ios unikalios vietos patogus priva\u017eiavimas iki kit\u0173 miest\u0173: Kupi\u0161kio \u20135km; Roki\u0161kio \u2013 apie 47 km ;Panev\u0117\u017eio \u2013 52km Bir\u017e\u0173 57km.; Utenos- 65km. Toki\u0173 viet\u0173 Lietuvoje lieka vis ma\u017eiau \u2013 nepraleiskite progos \u012fsigyti !  Sklypo koordinat\u0117s: Maps.lt: 55.885291, 24.993243\" \/>\n<meta property=\"og:url\" content=\"https:\/\/www.namude.lt\/objektas\/parduodamas-isskirtinis-02275-ha-rekreacinio-naudojimo-zemes-sklypas-ant-kupiskio-mariu-kranto-vezioniu-kaime\/\" \/>\n<meta property=\"og:site_name\" content=\"Namud\u0117\" \/>\n<meta property=\"article:modified_time\" content=\"2025-10-02T12:08:23+00:00\" \/>\n<meta property=\"og:image\" content=\"https:\/\/www.namude.lt\/wp-content\/uploads\/2025\/08\/6-10.jpg\" \/>\n\t<meta property=\"og:image:width\" content=\"2400\" \/>\n\t<meta property=\"og:image:height\" content=\"1800\" \/>\n\t<meta property=\"og:image:type\" content=\"image\/jpeg\" \/>\n<meta name=\"twitter:card\" content=\"summary_large_image\" \/>\n<script type=\"application\/ld+json\" class=\"yoast-schema-graph\">{\"@context\":\"https:\\\/\\\/schema.org\",\"@graph\":[{\"@type\":\"WebPage\",\"@id\":\"https:\\\/\\\/www.namude.lt\\\/objektas\\\/parduodamas-isskirtinis-02275-ha-rekreacinio-naudojimo-zemes-sklypas-ant-kupiskio-mariu-kranto-vezioniu-kaime\\\/\",\"url\":\"https:\\\/\\\/www.namude.lt\\\/objektas\\\/parduodamas-isskirtinis-02275-ha-rekreacinio-naudojimo-zemes-sklypas-ant-kupiskio-mariu-kranto-vezioniu-kaime\\\/\",\"name\":\"Parduodamas i\u0161skirtinis 0,23 ha rekreacinio naudojimo \u017eem\u0117s sklypas ant Kupi\u0161kio mari\u0173 kranto V\u0117\u017eioni\u0173 kaime! - Namud\u0117\",\"isPartOf\":{\"@id\":\"https:\\\/\\\/www.namude.lt\\\/#website\"},\"primaryImageOfPage\":{\"@id\":\"https:\\\/\\\/www.namude.lt\\\/objektas\\\/parduodamas-isskirtinis-02275-ha-rekreacinio-naudojimo-zemes-sklypas-ant-kupiskio-mariu-kranto-vezioniu-kaime\\\/#primaryimage\"},\"image\":{\"@id\":\"https:\\\/\\\/www.namude.lt\\\/objektas\\\/parduodamas-isskirtinis-02275-ha-rekreacinio-naudojimo-zemes-sklypas-ant-kupiskio-mariu-kranto-vezioniu-kaime\\\/#primaryimage\"},\"thumbnailUrl\":\"https:\\\/\\\/www.namude.lt\\\/wp-content\\\/uploads\\\/2025\\\/08\\\/6-10.jpg\",\"datePublished\":\"2025-08-05T06:55:01+00:00\",\"dateModified\":\"2025-10-02T12:08:23+00:00\",\"breadcrumb\":{\"@id\":\"https:\\\/\\\/www.namude.lt\\\/objektas\\\/parduodamas-isskirtinis-02275-ha-rekreacinio-naudojimo-zemes-sklypas-ant-kupiskio-mariu-kranto-vezioniu-kaime\\\/#breadcrumb\"},\"inLanguage\":\"en-US\",\"potentialAction\":[{\"@type\":\"ReadAction\",\"target\":[\"https:\\\/\\\/www.namude.lt\\\/objektas\\\/parduodamas-isskirtinis-02275-ha-rekreacinio-naudojimo-zemes-sklypas-ant-kupiskio-mariu-kranto-vezioniu-kaime\\\/\"]}]},{\"@type\":\"ImageObject\",\"inLanguage\":\"en-US\",\"@id\":\"https:\\\/\\\/www.namude.lt\\\/objektas\\\/parduodamas-isskirtinis-02275-ha-rekreacinio-naudojimo-zemes-sklypas-ant-kupiskio-mariu-kranto-vezioniu-kaime\\\/#primaryimage\",\"url\":\"https:\\\/\\\/www.namude.lt\\\/wp-content\\\/uploads\\\/2025\\\/08\\\/6-10.jpg\",\"contentUrl\":\"https:\\\/\\\/www.namude.lt\\\/wp-content\\\/uploads\\\/2025\\\/08\\\/6-10.jpg\",\"width\":2400,\"height\":1800},{\"@type\":\"BreadcrumbList\",\"@id\":\"https:\\\/\\\/www.namude.lt\\\/objektas\\\/parduodamas-isskirtinis-02275-ha-rekreacinio-naudojimo-zemes-sklypas-ant-kupiskio-mariu-kranto-vezioniu-kaime\\\/#breadcrumb\",\"itemListElement\":[{\"@type\":\"ListItem\",\"position\":1,\"name\":\"Home\",\"item\":\"https:\\\/\\\/www.namude.lt\\\/en\\\/\"},{\"@type\":\"ListItem\",\"position\":2,\"name\":\"Real estate\",\"item\":\"https:\\\/\\\/www.namude.lt\\\/en\\\/real-estate\\\/\"},{\"@type\":\"ListItem\",\"position\":3,\"name\":\"Parduodamas i\u0161skirtinis 0,23 ha rekreacinio naudojimo \u017eem\u0117s sklypas ant Kupi\u0161kio mari\u0173 kranto V\u0117\u017eioni\u0173 kaime!\"}]},{\"@type\":\"WebSite\",\"@id\":\"https:\\\/\\\/www.namude.lt\\\/#website\",\"url\":\"https:\\\/\\\/www.namude.lt\\\/\",\"name\":\"Namud\u0117\",\"description\":\"\u201eNamud\u0117\u201c \u2013 agent\u016bra, pardavin\u0117janti Auk\u0161taitijos NT grynuolius.\",\"publisher\":{\"@id\":\"https:\\\/\\\/www.namude.lt\\\/#organization\"},\"potentialAction\":[{\"@type\":\"SearchAction\",\"target\":{\"@type\":\"EntryPoint\",\"urlTemplate\":\"https:\\\/\\\/www.namude.lt\\\/?s={search_term_string}\"},\"query-input\":{\"@type\":\"PropertyValueSpecification\",\"valueRequired\":true,\"valueName\":\"search_term_string\"}}],\"inLanguage\":\"en-US\"},{\"@type\":\"Organization\",\"@id\":\"https:\\\/\\\/www.namude.lt\\\/#organization\",\"name\":\"Namud\u0117\",\"url\":\"https:\\\/\\\/www.namude.lt\\\/\",\"logo\":{\"@type\":\"ImageObject\",\"inLanguage\":\"en-US\",\"@id\":\"https:\\\/\\\/www.namude.lt\\\/#\\\/schema\\\/logo\\\/image\\\/\",\"url\":\"https:\\\/\\\/www.namude.lt\\\/wp-content\\\/uploads\\\/2023\\\/11\\\/logo-symbol.svg\",\"contentUrl\":\"https:\\\/\\\/www.namude.lt\\\/wp-content\\\/uploads\\\/2023\\\/11\\\/logo-symbol.svg\",\"width\":1,\"height\":1,\"caption\":\"Namud\u0117\"},\"image\":{\"@id\":\"https:\\\/\\\/www.namude.lt\\\/#\\\/schema\\\/logo\\\/image\\\/\"}}]}<\/script>\n<!-- \/ Yoast SEO plugin. -->","yoast_head_json":{"title":"Parduodamas i\u0161skirtinis 0,23 ha rekreacinio naudojimo \u017eem\u0117s sklypas ant Kupi\u0161kio mari\u0173 kranto V\u0117\u017eioni\u0173 kaime! - Namud\u0117","robots":{"index":"index","follow":"follow","max-snippet":"max-snippet:-1","max-image-preview":"max-image-preview:large","max-video-preview":"max-video-preview:-1"},"canonical":"https:\/\/www.namude.lt\/objektas\/parduodamas-isskirtinis-02275-ha-rekreacinio-naudojimo-zemes-sklypas-ant-kupiskio-mariu-kranto-vezioniu-kaime\/","og_locale":"en_US","og_type":"article","og_title":"Parduodamas i\u0161skirtinis 0,23 ha rekreacinio naudojimo \u017eem\u0117s sklypas ant Kupi\u0161kio mari\u0173 kranto V\u0117\u017eioni\u0173 kaime! - Namud\u0117","og_description":"Nuostabioje vietoje ant Kupi\u0161kio mari\u0173 kranto, parduodamas rekreacin\u0117s paskirties sklypas. I\u0161 sklypo atsiveria nuostab\u016bs vaizdai \u012f marias. Kupi\u0161kio marios \u2013 vienas did\u017eiausi\u0173 dirbtini\u0173 vandens telkini\u0173 Lietuvoje, gars\u0117jantis \u0161varia gamta, vandens sporto galimyb\u0117mis ir ramybe. Puiki vieta norintiems poilsio gamtos apsuptyje ar ie\u0161kantiems unikalaus projekto  Geras priva\u017eiavimas, rami aplinka, artima gamta \u2013 viskas ko reikia j\u016bs\u0173 id\u0117joms \u012fgyvendinti! I\u0161 \u0161ios unikalios vietos patogus priva\u017eiavimas iki kit\u0173 miest\u0173: Kupi\u0161kio \u20135km; Roki\u0161kio \u2013 apie 47 km ;Panev\u0117\u017eio \u2013 52km Bir\u017e\u0173 57km.; Utenos- 65km. Toki\u0173 viet\u0173 Lietuvoje lieka vis ma\u017eiau \u2013 nepraleiskite progos \u012fsigyti !  Sklypo koordinat\u0117s: Maps.lt: 55.885291, 24.993243","og_url":"https:\/\/www.namude.lt\/objektas\/parduodamas-isskirtinis-02275-ha-rekreacinio-naudojimo-zemes-sklypas-ant-kupiskio-mariu-kranto-vezioniu-kaime\/","og_site_name":"Namud\u0117","article_modified_time":"2025-10-02T12:08:23+00:00","og_image":[{"width":2400,"height":1800,"url":"https:\/\/www.namude.lt\/wp-content\/uploads\/2025\/08\/6-10.jpg","type":"image\/jpeg"}],"twitter_card":"summary_large_image","schema":{"@context":"https:\/\/schema.org","@graph":[{"@type":"WebPage","@id":"https:\/\/www.namude.lt\/objektas\/parduodamas-isskirtinis-02275-ha-rekreacinio-naudojimo-zemes-sklypas-ant-kupiskio-mariu-kranto-vezioniu-kaime\/","url":"https:\/\/www.namude.lt\/objektas\/parduodamas-isskirtinis-02275-ha-rekreacinio-naudojimo-zemes-sklypas-ant-kupiskio-mariu-kranto-vezioniu-kaime\/","name":"Parduodamas i\u0161skirtinis 0,23 ha rekreacinio naudojimo \u017eem\u0117s sklypas ant Kupi\u0161kio mari\u0173 kranto V\u0117\u017eioni\u0173 kaime! - Namud\u0117","isPartOf":{"@id":"https:\/\/www.namude.lt\/#website"},"primaryImageOfPage":{"@id":"https:\/\/www.namude.lt\/objektas\/parduodamas-isskirtinis-02275-ha-rekreacinio-naudojimo-zemes-sklypas-ant-kupiskio-mariu-kranto-vezioniu-kaime\/#primaryimage"},"image":{"@id":"https:\/\/www.namude.lt\/objektas\/parduodamas-isskirtinis-02275-ha-rekreacinio-naudojimo-zemes-sklypas-ant-kupiskio-mariu-kranto-vezioniu-kaime\/#primaryimage"},"thumbnailUrl":"https:\/\/www.namude.lt\/wp-content\/uploads\/2025\/08\/6-10.jpg","datePublished":"2025-08-05T06:55:01+00:00","dateModified":"2025-10-02T12:08:23+00:00","breadcrumb":{"@id":"https:\/\/www.namude.lt\/objektas\/parduodamas-isskirtinis-02275-ha-rekreacinio-naudojimo-zemes-sklypas-ant-kupiskio-mariu-kranto-vezioniu-kaime\/#breadcrumb"},"inLanguage":"en-US","potentialAction":[{"@type":"ReadAction","target":["https:\/\/www.namude.lt\/objektas\/parduodamas-isskirtinis-02275-ha-rekreacinio-naudojimo-zemes-sklypas-ant-kupiskio-mariu-kranto-vezioniu-kaime\/"]}]},{"@type":"ImageObject","inLanguage":"en-US","@id":"https:\/\/www.namude.lt\/objektas\/parduodamas-isskirtinis-02275-ha-rekreacinio-naudojimo-zemes-sklypas-ant-kupiskio-mariu-kranto-vezioniu-kaime\/#primaryimage","url":"https:\/\/www.namude.lt\/wp-content\/uploads\/2025\/08\/6-10.jpg","contentUrl":"https:\/\/www.namude.lt\/wp-content\/uploads\/2025\/08\/6-10.jpg","width":2400,"height":1800},{"@type":"BreadcrumbList","@id":"https:\/\/www.namude.lt\/objektas\/parduodamas-isskirtinis-02275-ha-rekreacinio-naudojimo-zemes-sklypas-ant-kupiskio-mariu-kranto-vezioniu-kaime\/#breadcrumb","itemListElement":[{"@type":"ListItem","position":1,"name":"Home","item":"https:\/\/www.namude.lt\/en\/"},{"@type":"ListItem","position":2,"name":"Real estate","item":"https:\/\/www.namude.lt\/en\/real-estate\/"},{"@type":"ListItem","position":3,"name":"Parduodamas i\u0161skirtinis 0,23 ha rekreacinio naudojimo \u017eem\u0117s sklypas ant Kupi\u0161kio mari\u0173 kranto V\u0117\u017eioni\u0173 kaime!"}]},{"@type":"WebSite","@id":"https:\/\/www.namude.lt\/#website","url":"https:\/\/www.namude.lt\/","name":"Namud\u0117","description":"\u201eNamud\u0117\u201c \u2013 agent\u016bra, pardavin\u0117janti Auk\u0161taitijos NT grynuolius.","publisher":{"@id":"https:\/\/www.namude.lt\/#organization"},"potentialAction":[{"@type":"SearchAction","target":{"@type":"EntryPoint","urlTemplate":"https:\/\/www.namude.lt\/?s={search_term_string}"},"query-input":{"@type":"PropertyValueSpecification","valueRequired":true,"valueName":"search_term_string"}}],"inLanguage":"en-US"},{"@type":"Organization","@id":"https:\/\/www.namude.lt\/#organization","name":"Namud\u0117","url":"https:\/\/www.namude.lt\/","logo":{"@type":"ImageObject","inLanguage":"en-US","@id":"https:\/\/www.namude.lt\/#\/schema\/logo\/image\/","url":"https:\/\/www.namude.lt\/wp-content\/uploads\/2023\/11\/logo-symbol.svg","contentUrl":"https:\/\/www.namude.lt\/wp-content\/uploads\/2023\/11\/logo-symbol.svg","width":1,"height":1,"caption":"Namud\u0117"},"image":{"@id":"https:\/\/www.namude.lt\/#\/schema\/logo\/image\/"}}]}},"_links":{"self":[{"href":"https:\/\/www.namude.lt\/en\/wp-json\/wp\/v2\/product\/21130","targetHints":{"allow":["GET"]}}],"collection":[{"href":"https:\/\/www.namude.lt\/en\/wp-json\/wp\/v2\/product"}],"about":[{"href":"https:\/\/www.namude.lt\/en\/wp-json\/wp\/v2\/types\/product"}],"wp:featuredmedia":[{"embeddable":true,"href":"https:\/\/www.namude.lt\/en\/wp-json\/wp\/v2\/media\/22757"}],"wp:attachment":[{"href":"https:\/\/www.namude.lt\/en\/wp-json\/wp\/v2\/media?parent=21130"}],"wp:term":[{"taxonomy":"product_brand","embeddable":true,"href":"https:\/\/www.namude.lt\/en\/wp-json\/wp\/v2\/product_brand?post=21130"},{"taxonomy":"product_cat","embeddable":true,"href":"https:\/\/www.namude.lt\/en\/wp-json\/wp\/v2\/product_cat?post=21130"},{"taxonomy":"product_tag","embeddable":true,"href":"https:\/\/www.namude.lt\/en\/wp-json\/wp\/v2\/product_tag?post=21130"}],"curies":[{"name":"wp","href":"https:\/\/api.w.org\/{rel}","templated":true}]}}