{"id":21123,"date":"2025-08-05T08:35:21","date_gmt":"2025-08-05T05:35:21","guid":{"rendered":"https:\/\/www.namude.lt\/?post_type=product&#038;p=21123"},"modified":"2025-08-18T17:00:42","modified_gmt":"2025-08-18T14:00:42","slug":"namu-valdos-sklypai-sirvintu-priemiestyje","status":"publish","type":"product","link":"https:\/\/www.namude.lt\/en\/object\/namu-valdos-sklypai-sirvintu-priemiestyje\/","title":{"rendered":"Nam\u0173 valdos sklypai \u0160irvint\u0173 priemiestyje"},"content":{"rendered":"","protected":false},"excerpt":{"rendered":"<p>Parduodami a\u0161tuoni gyvenamosios paskirties \u017eem\u0117s sklypai \u0160irvint\u0173 r., Kabaldos kaime. Kabaldos kaimas yra \u0160irvint\u0173 miesto priemiestis \u012fsik\u016br\u0119s prie Juodeli\u0173 mi\u0161ko, \u0161alia kelio \u0160irvintos \u2013 Vilnius, iki automagistral\u0117s tik 4,5 km., \u0160irvint\u0173 centras tik 1,5km. Parduodami sklypai nuo 13 iki 21aro su suprojektuotu keliu.<br \/>\n13a (13,65 a.) sklypo kaina 25900eur.<br \/>\n14a (14,45 a.) sklypo kaina 26900eur.<br \/>\n14a (14,03a) sklypo kaina 26900eur.<br \/>\n15a (14,83a) sklypo kaina 27900eur.<br \/>\n17a (17,02a) sklypo kaina 30900eur.<br \/>\n17a (17,28 a.) sklypo kaina 30900eur.<br \/>\n18a (18,59 a.) sklypo kaina 32900eur.<br \/>\n21a (21,81a) sklypo kaina 37900eur.<\/p>\n","protected":false},"featured_media":21589,"template":"","meta":{"_acf_changed":false},"product_brand":[],"product_cat":[24],"product_tag":[],"class_list":{"0":"post-21123","1":"product","2":"type-product","3":"status-publish","4":"has-post-thumbnail","6":"product_cat-sklypai","7":"pa_rajonas-kiti-rajonai","8":"description-off","10":"first","11":"instock","12":"shipping-taxable","13":"purchasable","14":"product-type-simple"},"acf":[],"yoast_head":"<!-- This site is optimized with the Yoast SEO plugin v27.4 - https:\/\/yoast.com\/product\/yoast-seo-wordpress\/ -->\n<title>Nam\u0173 valdos sklypai \u0160irvint\u0173 priemiestyje - Namud\u0117<\/title>\n<meta name=\"robots\" content=\"index, follow, max-snippet:-1, max-image-preview:large, max-video-preview:-1\" \/>\n<link rel=\"canonical\" href=\"https:\/\/www.namude.lt\/objektas\/namu-valdos-sklypai-sirvintu-priemiestyje\/\" \/>\n<meta property=\"og:locale\" content=\"en_US\" \/>\n<meta property=\"og:type\" content=\"article\" \/>\n<meta property=\"og:title\" content=\"Nam\u0173 valdos sklypai \u0160irvint\u0173 priemiestyje - Namud\u0117\" \/>\n<meta property=\"og:description\" content=\"Parduodami a\u0161tuoni gyvenamosios paskirties \u017eem\u0117s sklypai \u0160irvint\u0173 r., Kabaldos kaime. Kabaldos kaimas yra \u0160irvint\u0173 miesto priemiestis \u012fsik\u016br\u0119s prie Juodeli\u0173 mi\u0161ko, \u0161alia kelio \u0160irvintos \u2013 Vilnius, iki automagistral\u0117s tik 4,5 km., \u0160irvint\u0173 centras tik 1,5km. Parduodami sklypai nuo 13 iki 21aro su suprojektuotu keliu. 13a (13,65 a.) sklypo kaina 25900eur. 14a (14,45 a.) sklypo kaina 26900eur. 14a (14,03a) sklypo kaina 26900eur. 15a (14,83a) sklypo kaina 27900eur. 17a (17,02a) sklypo kaina 30900eur. 17a (17,28 a.) sklypo kaina 30900eur. 18a (18,59 a.) sklypo kaina 32900eur. 21a (21,81a) sklypo kaina 37900eur.\" \/>\n<meta property=\"og:url\" content=\"https:\/\/www.namude.lt\/objektas\/namu-valdos-sklypai-sirvintu-priemiestyje\/\" \/>\n<meta property=\"og:site_name\" content=\"Namud\u0117\" \/>\n<meta property=\"article:modified_time\" content=\"2025-08-18T14:00:42+00:00\" \/>\n<meta property=\"og:image\" content=\"https:\/\/www.namude.lt\/wp-content\/uploads\/2025\/08\/14a.jpg\" \/>\n\t<meta property=\"og:image:width\" content=\"1805\" \/>\n\t<meta property=\"og:image:height\" content=\"1015\" \/>\n\t<meta property=\"og:image:type\" content=\"image\/jpeg\" \/>\n<meta name=\"twitter:card\" content=\"summary_large_image\" \/>\n<script type=\"application\/ld+json\" class=\"yoast-schema-graph\">{\"@context\":\"https:\\\/\\\/schema.org\",\"@graph\":[{\"@type\":\"WebPage\",\"@id\":\"https:\\\/\\\/www.namude.lt\\\/objektas\\\/namu-valdos-sklypai-sirvintu-priemiestyje\\\/\",\"url\":\"https:\\\/\\\/www.namude.lt\\\/objektas\\\/namu-valdos-sklypai-sirvintu-priemiestyje\\\/\",\"name\":\"Nam\u0173 valdos sklypai \u0160irvint\u0173 priemiestyje - Namud\u0117\",\"isPartOf\":{\"@id\":\"https:\\\/\\\/www.namude.lt\\\/#website\"},\"primaryImageOfPage\":{\"@id\":\"https:\\\/\\\/www.namude.lt\\\/objektas\\\/namu-valdos-sklypai-sirvintu-priemiestyje\\\/#primaryimage\"},\"image\":{\"@id\":\"https:\\\/\\\/www.namude.lt\\\/objektas\\\/namu-valdos-sklypai-sirvintu-priemiestyje\\\/#primaryimage\"},\"thumbnailUrl\":\"https:\\\/\\\/www.namude.lt\\\/wp-content\\\/uploads\\\/2025\\\/08\\\/14a.jpg\",\"datePublished\":\"2025-08-05T05:35:21+00:00\",\"dateModified\":\"2025-08-18T14:00:42+00:00\",\"breadcrumb\":{\"@id\":\"https:\\\/\\\/www.namude.lt\\\/objektas\\\/namu-valdos-sklypai-sirvintu-priemiestyje\\\/#breadcrumb\"},\"inLanguage\":\"en-US\",\"potentialAction\":[{\"@type\":\"ReadAction\",\"target\":[\"https:\\\/\\\/www.namude.lt\\\/objektas\\\/namu-valdos-sklypai-sirvintu-priemiestyje\\\/\"]}]},{\"@type\":\"ImageObject\",\"inLanguage\":\"en-US\",\"@id\":\"https:\\\/\\\/www.namude.lt\\\/objektas\\\/namu-valdos-sklypai-sirvintu-priemiestyje\\\/#primaryimage\",\"url\":\"https:\\\/\\\/www.namude.lt\\\/wp-content\\\/uploads\\\/2025\\\/08\\\/14a.jpg\",\"contentUrl\":\"https:\\\/\\\/www.namude.lt\\\/wp-content\\\/uploads\\\/2025\\\/08\\\/14a.jpg\",\"width\":1805,\"height\":1015},{\"@type\":\"BreadcrumbList\",\"@id\":\"https:\\\/\\\/www.namude.lt\\\/objektas\\\/namu-valdos-sklypai-sirvintu-priemiestyje\\\/#breadcrumb\",\"itemListElement\":[{\"@type\":\"ListItem\",\"position\":1,\"name\":\"Home\",\"item\":\"https:\\\/\\\/www.namude.lt\\\/en\\\/\"},{\"@type\":\"ListItem\",\"position\":2,\"name\":\"Real estate\",\"item\":\"https:\\\/\\\/www.namude.lt\\\/en\\\/real-estate\\\/\"},{\"@type\":\"ListItem\",\"position\":3,\"name\":\"Nam\u0173 valdos sklypai \u0160irvint\u0173 priemiestyje\"}]},{\"@type\":\"WebSite\",\"@id\":\"https:\\\/\\\/www.namude.lt\\\/#website\",\"url\":\"https:\\\/\\\/www.namude.lt\\\/\",\"name\":\"Namud\u0117\",\"description\":\"\u201eNamud\u0117\u201c \u2013 agent\u016bra, pardavin\u0117janti Auk\u0161taitijos NT grynuolius.\",\"publisher\":{\"@id\":\"https:\\\/\\\/www.namude.lt\\\/#organization\"},\"potentialAction\":[{\"@type\":\"SearchAction\",\"target\":{\"@type\":\"EntryPoint\",\"urlTemplate\":\"https:\\\/\\\/www.namude.lt\\\/?s={search_term_string}\"},\"query-input\":{\"@type\":\"PropertyValueSpecification\",\"valueRequired\":true,\"valueName\":\"search_term_string\"}}],\"inLanguage\":\"en-US\"},{\"@type\":\"Organization\",\"@id\":\"https:\\\/\\\/www.namude.lt\\\/#organization\",\"name\":\"Namud\u0117\",\"url\":\"https:\\\/\\\/www.namude.lt\\\/\",\"logo\":{\"@type\":\"ImageObject\",\"inLanguage\":\"en-US\",\"@id\":\"https:\\\/\\\/www.namude.lt\\\/#\\\/schema\\\/logo\\\/image\\\/\",\"url\":\"https:\\\/\\\/www.namude.lt\\\/wp-content\\\/uploads\\\/2023\\\/11\\\/logo-symbol.svg\",\"contentUrl\":\"https:\\\/\\\/www.namude.lt\\\/wp-content\\\/uploads\\\/2023\\\/11\\\/logo-symbol.svg\",\"width\":1,\"height\":1,\"caption\":\"Namud\u0117\"},\"image\":{\"@id\":\"https:\\\/\\\/www.namude.lt\\\/#\\\/schema\\\/logo\\\/image\\\/\"}}]}<\/script>\n<!-- \/ Yoast SEO plugin. -->","yoast_head_json":{"title":"Nam\u0173 valdos sklypai \u0160irvint\u0173 priemiestyje - Namud\u0117","robots":{"index":"index","follow":"follow","max-snippet":"max-snippet:-1","max-image-preview":"max-image-preview:large","max-video-preview":"max-video-preview:-1"},"canonical":"https:\/\/www.namude.lt\/objektas\/namu-valdos-sklypai-sirvintu-priemiestyje\/","og_locale":"en_US","og_type":"article","og_title":"Nam\u0173 valdos sklypai \u0160irvint\u0173 priemiestyje - Namud\u0117","og_description":"Parduodami a\u0161tuoni gyvenamosios paskirties \u017eem\u0117s sklypai \u0160irvint\u0173 r., Kabaldos kaime. Kabaldos kaimas yra \u0160irvint\u0173 miesto priemiestis \u012fsik\u016br\u0119s prie Juodeli\u0173 mi\u0161ko, \u0161alia kelio \u0160irvintos \u2013 Vilnius, iki automagistral\u0117s tik 4,5 km., \u0160irvint\u0173 centras tik 1,5km. Parduodami sklypai nuo 13 iki 21aro su suprojektuotu keliu. 13a (13,65 a.) sklypo kaina 25900eur. 14a (14,45 a.) sklypo kaina 26900eur. 14a (14,03a) sklypo kaina 26900eur. 15a (14,83a) sklypo kaina 27900eur. 17a (17,02a) sklypo kaina 30900eur. 17a (17,28 a.) sklypo kaina 30900eur. 18a (18,59 a.) sklypo kaina 32900eur. 21a (21,81a) sklypo kaina 37900eur.","og_url":"https:\/\/www.namude.lt\/objektas\/namu-valdos-sklypai-sirvintu-priemiestyje\/","og_site_name":"Namud\u0117","article_modified_time":"2025-08-18T14:00:42+00:00","og_image":[{"width":1805,"height":1015,"url":"https:\/\/www.namude.lt\/wp-content\/uploads\/2025\/08\/14a.jpg","type":"image\/jpeg"}],"twitter_card":"summary_large_image","schema":{"@context":"https:\/\/schema.org","@graph":[{"@type":"WebPage","@id":"https:\/\/www.namude.lt\/objektas\/namu-valdos-sklypai-sirvintu-priemiestyje\/","url":"https:\/\/www.namude.lt\/objektas\/namu-valdos-sklypai-sirvintu-priemiestyje\/","name":"Nam\u0173 valdos sklypai \u0160irvint\u0173 priemiestyje - Namud\u0117","isPartOf":{"@id":"https:\/\/www.namude.lt\/#website"},"primaryImageOfPage":{"@id":"https:\/\/www.namude.lt\/objektas\/namu-valdos-sklypai-sirvintu-priemiestyje\/#primaryimage"},"image":{"@id":"https:\/\/www.namude.lt\/objektas\/namu-valdos-sklypai-sirvintu-priemiestyje\/#primaryimage"},"thumbnailUrl":"https:\/\/www.namude.lt\/wp-content\/uploads\/2025\/08\/14a.jpg","datePublished":"2025-08-05T05:35:21+00:00","dateModified":"2025-08-18T14:00:42+00:00","breadcrumb":{"@id":"https:\/\/www.namude.lt\/objektas\/namu-valdos-sklypai-sirvintu-priemiestyje\/#breadcrumb"},"inLanguage":"en-US","potentialAction":[{"@type":"ReadAction","target":["https:\/\/www.namude.lt\/objektas\/namu-valdos-sklypai-sirvintu-priemiestyje\/"]}]},{"@type":"ImageObject","inLanguage":"en-US","@id":"https:\/\/www.namude.lt\/objektas\/namu-valdos-sklypai-sirvintu-priemiestyje\/#primaryimage","url":"https:\/\/www.namude.lt\/wp-content\/uploads\/2025\/08\/14a.jpg","contentUrl":"https:\/\/www.namude.lt\/wp-content\/uploads\/2025\/08\/14a.jpg","width":1805,"height":1015},{"@type":"BreadcrumbList","@id":"https:\/\/www.namude.lt\/objektas\/namu-valdos-sklypai-sirvintu-priemiestyje\/#breadcrumb","itemListElement":[{"@type":"ListItem","position":1,"name":"Home","item":"https:\/\/www.namude.lt\/en\/"},{"@type":"ListItem","position":2,"name":"Real estate","item":"https:\/\/www.namude.lt\/en\/real-estate\/"},{"@type":"ListItem","position":3,"name":"Nam\u0173 valdos sklypai \u0160irvint\u0173 priemiestyje"}]},{"@type":"WebSite","@id":"https:\/\/www.namude.lt\/#website","url":"https:\/\/www.namude.lt\/","name":"Namud\u0117","description":"\u201eNamud\u0117\u201c \u2013 agent\u016bra, pardavin\u0117janti Auk\u0161taitijos NT grynuolius.","publisher":{"@id":"https:\/\/www.namude.lt\/#organization"},"potentialAction":[{"@type":"SearchAction","target":{"@type":"EntryPoint","urlTemplate":"https:\/\/www.namude.lt\/?s={search_term_string}"},"query-input":{"@type":"PropertyValueSpecification","valueRequired":true,"valueName":"search_term_string"}}],"inLanguage":"en-US"},{"@type":"Organization","@id":"https:\/\/www.namude.lt\/#organization","name":"Namud\u0117","url":"https:\/\/www.namude.lt\/","logo":{"@type":"ImageObject","inLanguage":"en-US","@id":"https:\/\/www.namude.lt\/#\/schema\/logo\/image\/","url":"https:\/\/www.namude.lt\/wp-content\/uploads\/2023\/11\/logo-symbol.svg","contentUrl":"https:\/\/www.namude.lt\/wp-content\/uploads\/2023\/11\/logo-symbol.svg","width":1,"height":1,"caption":"Namud\u0117"},"image":{"@id":"https:\/\/www.namude.lt\/#\/schema\/logo\/image\/"}}]}},"_links":{"self":[{"href":"https:\/\/www.namude.lt\/en\/wp-json\/wp\/v2\/product\/21123","targetHints":{"allow":["GET"]}}],"collection":[{"href":"https:\/\/www.namude.lt\/en\/wp-json\/wp\/v2\/product"}],"about":[{"href":"https:\/\/www.namude.lt\/en\/wp-json\/wp\/v2\/types\/product"}],"wp:featuredmedia":[{"embeddable":true,"href":"https:\/\/www.namude.lt\/en\/wp-json\/wp\/v2\/media\/21589"}],"wp:attachment":[{"href":"https:\/\/www.namude.lt\/en\/wp-json\/wp\/v2\/media?parent=21123"}],"wp:term":[{"taxonomy":"product_brand","embeddable":true,"href":"https:\/\/www.namude.lt\/en\/wp-json\/wp\/v2\/product_brand?post=21123"},{"taxonomy":"product_cat","embeddable":true,"href":"https:\/\/www.namude.lt\/en\/wp-json\/wp\/v2\/product_cat?post=21123"},{"taxonomy":"product_tag","embeddable":true,"href":"https:\/\/www.namude.lt\/en\/wp-json\/wp\/v2\/product_tag?post=21123"}],"curies":[{"name":"wp","href":"https:\/\/api.w.org\/{rel}","templated":true}]}}