{"id":21035,"date":"2025-07-30T10:37:25","date_gmt":"2025-07-30T07:37:25","guid":{"rendered":"https:\/\/www.namude.lt\/?post_type=product&#038;p=21035"},"modified":"2025-07-30T10:37:25","modified_gmt":"2025-07-30T07:37:25","slug":"parduodamas-1186-ha-zemes-sklypas-netoliese-alauso-ezero-utenos-rajone","status":"publish","type":"product","link":"https:\/\/www.namude.lt\/en\/object\/parduodamas-1186-ha-zemes-sklypas-netoliese-alauso-ezero-utenos-rajone\/","title":{"rendered":"PARDUODAMAS 11,86 HA \u017dEM\u0116S SKLYPAS NETOLIESE ALAU\u0160O E\u017dERO, UTENOS RAJONE!"},"content":{"rendered":"","protected":false},"excerpt":{"rendered":"<p>Sklypas sudarytas i\u0161 dviej\u0173 sklyp\u0173 7,76 ha ir 4,10 ha vaizdingoje ir tylioje vietov\u0117je apsuptas Kupeti\u0161ki\u0173 ir Vy\u017eint\u0173 mi\u0161kais, \u0161alimais Alau\u0161os upelio. Vos keli\u0173 minu\u010di\u0173 atstumu \u2013 Alau\u0161o e\u017eeras, gars\u0117jantis itin \u0161variu ir skaidriu vandeniu, sm\u0117l\u0117tu dugnu, bei puikiomis s\u0105lygomis maudyn\u0117ms, \u017evejybai, buriavimui ar tiesiog ramiam poilsiui. Patogus ir geras priva\u017eiavimas visais met\u0173 laikais, atstumai iki Sudeiki\u0173 8km, Daugaili\u0173 13km, Utenos 19km, Mol\u0117t\u0173 55km, Panev\u0117\u017eio 100km; Vilniaus 110km.<br \/>\nKvie\u010diame ap\u017ei\u016br\u0117ti ir \u012fvertinti \u0161i\u0105 viet\u0105 patiems! Lauksime atvykstant ir savaitgaliais!<br \/>\nKoordinat\u0117s:<br \/>\nmaps.lt \u2013 55.639075, 25.709097; 55.640603, 25.707987<\/p>\n","protected":false},"featured_media":21036,"template":"","meta":{"_acf_changed":false},"product_brand":[],"product_cat":[24],"product_tag":[],"class_list":{"0":"post-21035","1":"product","2":"type-product","3":"status-publish","4":"has-post-thumbnail","6":"product_cat-sklypai","7":"pa_rajonas-utenos-rajonas","8":"description-off","10":"first","11":"instock","12":"shipping-taxable","13":"purchasable","14":"product-type-simple"},"acf":[],"yoast_head":"<!-- This site is optimized with the Yoast SEO plugin v27.0 - https:\/\/yoast.com\/product\/yoast-seo-wordpress\/ -->\n<title>PARDUODAMAS 11,86 HA \u017dEM\u0116S SKLYPAS NETOLIESE ALAU\u0160O E\u017dERO, UTENOS RAJONE! - Namud\u0117<\/title>\n<meta name=\"robots\" content=\"index, follow, max-snippet:-1, max-image-preview:large, max-video-preview:-1\" \/>\n<link rel=\"canonical\" href=\"https:\/\/www.namude.lt\/objektas\/parduodamas-1186-ha-zemes-sklypas-netoliese-alauso-ezero-utenos-rajone\/\" \/>\n<meta property=\"og:locale\" content=\"en_US\" \/>\n<meta property=\"og:type\" content=\"article\" \/>\n<meta property=\"og:title\" content=\"PARDUODAMAS 11,86 HA \u017dEM\u0116S SKLYPAS NETOLIESE ALAU\u0160O E\u017dERO, UTENOS RAJONE! - Namud\u0117\" \/>\n<meta property=\"og:description\" content=\"Sklypas sudarytas i\u0161 dviej\u0173 sklyp\u0173 7,76 ha ir 4,10 ha vaizdingoje ir tylioje vietov\u0117je apsuptas Kupeti\u0161ki\u0173 ir Vy\u017eint\u0173 mi\u0161kais, \u0161alimais Alau\u0161os upelio. Vos keli\u0173 minu\u010di\u0173 atstumu \u2013 Alau\u0161o e\u017eeras, gars\u0117jantis itin \u0161variu ir skaidriu vandeniu, sm\u0117l\u0117tu dugnu, bei puikiomis s\u0105lygomis maudyn\u0117ms, \u017evejybai, buriavimui ar tiesiog ramiam poilsiui. Patogus ir geras priva\u017eiavimas visais met\u0173 laikais, atstumai iki Sudeiki\u0173 8km, Daugaili\u0173 13km, Utenos 19km, Mol\u0117t\u0173 55km, Panev\u0117\u017eio 100km; Vilniaus 110km. Kvie\u010diame ap\u017ei\u016br\u0117ti ir \u012fvertinti \u0161i\u0105 viet\u0105 patiems! Lauksime atvykstant ir savaitgaliais! Koordinat\u0117s: maps.lt \u2013 55.639075, 25.709097; 55.640603, 25.707987\" \/>\n<meta property=\"og:url\" content=\"https:\/\/www.namude.lt\/objektas\/parduodamas-1186-ha-zemes-sklypas-netoliese-alauso-ezero-utenos-rajone\/\" \/>\n<meta property=\"og:site_name\" content=\"Namud\u0117\" \/>\n<meta property=\"og:image\" content=\"https:\/\/www.namude.lt\/wp-content\/uploads\/2025\/07\/Alauso-ezeras.jpg\" \/>\n\t<meta property=\"og:image:width\" content=\"1920\" \/>\n\t<meta property=\"og:image:height\" content=\"1080\" \/>\n\t<meta property=\"og:image:type\" content=\"image\/jpeg\" \/>\n<meta name=\"twitter:card\" content=\"summary_large_image\" \/>\n<script type=\"application\/ld+json\" class=\"yoast-schema-graph\">{\"@context\":\"https:\/\/schema.org\",\"@graph\":[{\"@type\":\"WebPage\",\"@id\":\"https:\/\/www.namude.lt\/objektas\/parduodamas-1186-ha-zemes-sklypas-netoliese-alauso-ezero-utenos-rajone\/\",\"url\":\"https:\/\/www.namude.lt\/objektas\/parduodamas-1186-ha-zemes-sklypas-netoliese-alauso-ezero-utenos-rajone\/\",\"name\":\"PARDUODAMAS 11,86 HA \u017dEM\u0116S SKLYPAS NETOLIESE ALAU\u0160O E\u017dERO, UTENOS RAJONE! - Namud\u0117\",\"isPartOf\":{\"@id\":\"https:\/\/www.namude.lt\/#website\"},\"primaryImageOfPage\":{\"@id\":\"https:\/\/www.namude.lt\/objektas\/parduodamas-1186-ha-zemes-sklypas-netoliese-alauso-ezero-utenos-rajone\/#primaryimage\"},\"image\":{\"@id\":\"https:\/\/www.namude.lt\/objektas\/parduodamas-1186-ha-zemes-sklypas-netoliese-alauso-ezero-utenos-rajone\/#primaryimage\"},\"thumbnailUrl\":\"https:\/\/www.namude.lt\/wp-content\/uploads\/2025\/07\/Alauso-ezeras.jpg\",\"datePublished\":\"2025-07-30T07:37:25+00:00\",\"breadcrumb\":{\"@id\":\"https:\/\/www.namude.lt\/objektas\/parduodamas-1186-ha-zemes-sklypas-netoliese-alauso-ezero-utenos-rajone\/#breadcrumb\"},\"inLanguage\":\"en-US\",\"potentialAction\":[{\"@type\":\"ReadAction\",\"target\":[\"https:\/\/www.namude.lt\/objektas\/parduodamas-1186-ha-zemes-sklypas-netoliese-alauso-ezero-utenos-rajone\/\"]}]},{\"@type\":\"ImageObject\",\"inLanguage\":\"en-US\",\"@id\":\"https:\/\/www.namude.lt\/objektas\/parduodamas-1186-ha-zemes-sklypas-netoliese-alauso-ezero-utenos-rajone\/#primaryimage\",\"url\":\"https:\/\/www.namude.lt\/wp-content\/uploads\/2025\/07\/Alauso-ezeras.jpg\",\"contentUrl\":\"https:\/\/www.namude.lt\/wp-content\/uploads\/2025\/07\/Alauso-ezeras.jpg\",\"width\":1920,\"height\":1080},{\"@type\":\"BreadcrumbList\",\"@id\":\"https:\/\/www.namude.lt\/objektas\/parduodamas-1186-ha-zemes-sklypas-netoliese-alauso-ezero-utenos-rajone\/#breadcrumb\",\"itemListElement\":[{\"@type\":\"ListItem\",\"position\":1,\"name\":\"Home\",\"item\":\"https:\/\/www.namude.lt\/en\/\"},{\"@type\":\"ListItem\",\"position\":2,\"name\":\"Real estate\",\"item\":\"https:\/\/www.namude.lt\/en\/real-estate\/\"},{\"@type\":\"ListItem\",\"position\":3,\"name\":\"PARDUODAMAS 11,86 HA \u017dEM\u0116S SKLYPAS NETOLIESE ALAU\u0160O E\u017dERO, UTENOS RAJONE!\"}]},{\"@type\":\"WebSite\",\"@id\":\"https:\/\/www.namude.lt\/#website\",\"url\":\"https:\/\/www.namude.lt\/\",\"name\":\"Namud\u0117\",\"description\":\"\u201eNamud\u0117\u201c \u2013 agent\u016bra, pardavin\u0117janti Auk\u0161taitijos NT grynuolius.\",\"publisher\":{\"@id\":\"https:\/\/www.namude.lt\/#organization\"},\"potentialAction\":[{\"@type\":\"SearchAction\",\"target\":{\"@type\":\"EntryPoint\",\"urlTemplate\":\"https:\/\/www.namude.lt\/?s={search_term_string}\"},\"query-input\":{\"@type\":\"PropertyValueSpecification\",\"valueRequired\":true,\"valueName\":\"search_term_string\"}}],\"inLanguage\":\"en-US\"},{\"@type\":\"Organization\",\"@id\":\"https:\/\/www.namude.lt\/#organization\",\"name\":\"Namud\u0117\",\"url\":\"https:\/\/www.namude.lt\/\",\"logo\":{\"@type\":\"ImageObject\",\"inLanguage\":\"en-US\",\"@id\":\"https:\/\/www.namude.lt\/#\/schema\/logo\/image\/\",\"url\":\"https:\/\/www.namude.lt\/wp-content\/uploads\/2023\/11\/logo-symbol.svg\",\"contentUrl\":\"https:\/\/www.namude.lt\/wp-content\/uploads\/2023\/11\/logo-symbol.svg\",\"width\":1,\"height\":1,\"caption\":\"Namud\u0117\"},\"image\":{\"@id\":\"https:\/\/www.namude.lt\/#\/schema\/logo\/image\/\"}}]}<\/script>\n<!-- \/ Yoast SEO plugin. -->","yoast_head_json":{"title":"PARDUODAMAS 11,86 HA \u017dEM\u0116S SKLYPAS NETOLIESE ALAU\u0160O E\u017dERO, UTENOS RAJONE! - Namud\u0117","robots":{"index":"index","follow":"follow","max-snippet":"max-snippet:-1","max-image-preview":"max-image-preview:large","max-video-preview":"max-video-preview:-1"},"canonical":"https:\/\/www.namude.lt\/objektas\/parduodamas-1186-ha-zemes-sklypas-netoliese-alauso-ezero-utenos-rajone\/","og_locale":"en_US","og_type":"article","og_title":"PARDUODAMAS 11,86 HA \u017dEM\u0116S SKLYPAS NETOLIESE ALAU\u0160O E\u017dERO, UTENOS RAJONE! - Namud\u0117","og_description":"Sklypas sudarytas i\u0161 dviej\u0173 sklyp\u0173 7,76 ha ir 4,10 ha vaizdingoje ir tylioje vietov\u0117je apsuptas Kupeti\u0161ki\u0173 ir Vy\u017eint\u0173 mi\u0161kais, \u0161alimais Alau\u0161os upelio. Vos keli\u0173 minu\u010di\u0173 atstumu \u2013 Alau\u0161o e\u017eeras, gars\u0117jantis itin \u0161variu ir skaidriu vandeniu, sm\u0117l\u0117tu dugnu, bei puikiomis s\u0105lygomis maudyn\u0117ms, \u017evejybai, buriavimui ar tiesiog ramiam poilsiui. Patogus ir geras priva\u017eiavimas visais met\u0173 laikais, atstumai iki Sudeiki\u0173 8km, Daugaili\u0173 13km, Utenos 19km, Mol\u0117t\u0173 55km, Panev\u0117\u017eio 100km; Vilniaus 110km. Kvie\u010diame ap\u017ei\u016br\u0117ti ir \u012fvertinti \u0161i\u0105 viet\u0105 patiems! Lauksime atvykstant ir savaitgaliais! Koordinat\u0117s: maps.lt \u2013 55.639075, 25.709097; 55.640603, 25.707987","og_url":"https:\/\/www.namude.lt\/objektas\/parduodamas-1186-ha-zemes-sklypas-netoliese-alauso-ezero-utenos-rajone\/","og_site_name":"Namud\u0117","og_image":[{"width":1920,"height":1080,"url":"https:\/\/www.namude.lt\/wp-content\/uploads\/2025\/07\/Alauso-ezeras.jpg","type":"image\/jpeg"}],"twitter_card":"summary_large_image","schema":{"@context":"https:\/\/schema.org","@graph":[{"@type":"WebPage","@id":"https:\/\/www.namude.lt\/objektas\/parduodamas-1186-ha-zemes-sklypas-netoliese-alauso-ezero-utenos-rajone\/","url":"https:\/\/www.namude.lt\/objektas\/parduodamas-1186-ha-zemes-sklypas-netoliese-alauso-ezero-utenos-rajone\/","name":"PARDUODAMAS 11,86 HA \u017dEM\u0116S SKLYPAS NETOLIESE ALAU\u0160O E\u017dERO, UTENOS RAJONE! - Namud\u0117","isPartOf":{"@id":"https:\/\/www.namude.lt\/#website"},"primaryImageOfPage":{"@id":"https:\/\/www.namude.lt\/objektas\/parduodamas-1186-ha-zemes-sklypas-netoliese-alauso-ezero-utenos-rajone\/#primaryimage"},"image":{"@id":"https:\/\/www.namude.lt\/objektas\/parduodamas-1186-ha-zemes-sklypas-netoliese-alauso-ezero-utenos-rajone\/#primaryimage"},"thumbnailUrl":"https:\/\/www.namude.lt\/wp-content\/uploads\/2025\/07\/Alauso-ezeras.jpg","datePublished":"2025-07-30T07:37:25+00:00","breadcrumb":{"@id":"https:\/\/www.namude.lt\/objektas\/parduodamas-1186-ha-zemes-sklypas-netoliese-alauso-ezero-utenos-rajone\/#breadcrumb"},"inLanguage":"en-US","potentialAction":[{"@type":"ReadAction","target":["https:\/\/www.namude.lt\/objektas\/parduodamas-1186-ha-zemes-sklypas-netoliese-alauso-ezero-utenos-rajone\/"]}]},{"@type":"ImageObject","inLanguage":"en-US","@id":"https:\/\/www.namude.lt\/objektas\/parduodamas-1186-ha-zemes-sklypas-netoliese-alauso-ezero-utenos-rajone\/#primaryimage","url":"https:\/\/www.namude.lt\/wp-content\/uploads\/2025\/07\/Alauso-ezeras.jpg","contentUrl":"https:\/\/www.namude.lt\/wp-content\/uploads\/2025\/07\/Alauso-ezeras.jpg","width":1920,"height":1080},{"@type":"BreadcrumbList","@id":"https:\/\/www.namude.lt\/objektas\/parduodamas-1186-ha-zemes-sklypas-netoliese-alauso-ezero-utenos-rajone\/#breadcrumb","itemListElement":[{"@type":"ListItem","position":1,"name":"Home","item":"https:\/\/www.namude.lt\/en\/"},{"@type":"ListItem","position":2,"name":"Real estate","item":"https:\/\/www.namude.lt\/en\/real-estate\/"},{"@type":"ListItem","position":3,"name":"PARDUODAMAS 11,86 HA \u017dEM\u0116S SKLYPAS NETOLIESE ALAU\u0160O E\u017dERO, UTENOS RAJONE!"}]},{"@type":"WebSite","@id":"https:\/\/www.namude.lt\/#website","url":"https:\/\/www.namude.lt\/","name":"Namud\u0117","description":"\u201eNamud\u0117\u201c \u2013 agent\u016bra, pardavin\u0117janti Auk\u0161taitijos NT grynuolius.","publisher":{"@id":"https:\/\/www.namude.lt\/#organization"},"potentialAction":[{"@type":"SearchAction","target":{"@type":"EntryPoint","urlTemplate":"https:\/\/www.namude.lt\/?s={search_term_string}"},"query-input":{"@type":"PropertyValueSpecification","valueRequired":true,"valueName":"search_term_string"}}],"inLanguage":"en-US"},{"@type":"Organization","@id":"https:\/\/www.namude.lt\/#organization","name":"Namud\u0117","url":"https:\/\/www.namude.lt\/","logo":{"@type":"ImageObject","inLanguage":"en-US","@id":"https:\/\/www.namude.lt\/#\/schema\/logo\/image\/","url":"https:\/\/www.namude.lt\/wp-content\/uploads\/2023\/11\/logo-symbol.svg","contentUrl":"https:\/\/www.namude.lt\/wp-content\/uploads\/2023\/11\/logo-symbol.svg","width":1,"height":1,"caption":"Namud\u0117"},"image":{"@id":"https:\/\/www.namude.lt\/#\/schema\/logo\/image\/"}}]}},"_links":{"self":[{"href":"https:\/\/www.namude.lt\/en\/wp-json\/wp\/v2\/product\/21035","targetHints":{"allow":["GET"]}}],"collection":[{"href":"https:\/\/www.namude.lt\/en\/wp-json\/wp\/v2\/product"}],"about":[{"href":"https:\/\/www.namude.lt\/en\/wp-json\/wp\/v2\/types\/product"}],"wp:featuredmedia":[{"embeddable":true,"href":"https:\/\/www.namude.lt\/en\/wp-json\/wp\/v2\/media\/21036"}],"wp:attachment":[{"href":"https:\/\/www.namude.lt\/en\/wp-json\/wp\/v2\/media?parent=21035"}],"wp:term":[{"taxonomy":"product_brand","embeddable":true,"href":"https:\/\/www.namude.lt\/en\/wp-json\/wp\/v2\/product_brand?post=21035"},{"taxonomy":"product_cat","embeddable":true,"href":"https:\/\/www.namude.lt\/en\/wp-json\/wp\/v2\/product_cat?post=21035"},{"taxonomy":"product_tag","embeddable":true,"href":"https:\/\/www.namude.lt\/en\/wp-json\/wp\/v2\/product_tag?post=21035"}],"curies":[{"name":"wp","href":"https:\/\/api.w.org\/{rel}","templated":true}]}}