{"id":20993,"date":"2025-07-28T12:36:31","date_gmt":"2025-07-28T09:36:31","guid":{"rendered":"https:\/\/www.namude.lt\/?post_type=product&#038;p=20993"},"modified":"2025-08-09T09:14:44","modified_gmt":"2025-08-09T06:14:44","slug":"parduodama-sodyba-su-2ha-zemes-sklypu-netoliese-baluoso-ezero-utenos-rajone","status":"publish","type":"product","link":"https:\/\/www.namude.lt\/en\/object\/parduodama-sodyba-su-2ha-zemes-sklypu-netoliese-baluoso-ezero-utenos-rajone\/","title":{"rendered":"PARDUODAMA  SODYBA SU 2HA \u017dEM\u0116S SKLYPU &#8211;  NETOLIESE BALUO\u0160O E\u017dERO, UTENOS RAJONE!"},"content":{"rendered":"","protected":false},"excerpt":{"rendered":"<p><strong>Sodybos vieta i\u0161skirtin\u0117 d\u0117l savo kra\u0161tovaizd\u017eio, ekologinio \u0161varumo ir nepaprasto ramumo.<\/strong><a href=\"https:\/\/www.namude.lt\/kategorija\/sodybos\/?filter_rajonas=utenos-rajonas&amp;query_type_rajonas=or\"><\/a> Atokiau nuo triuk\u0161mo, bet lengvai pasiekiama. \u012esik\u016brusi \u0161alia pu\u0161yn\u0173, piev\u0173, e\u017eer\u0173, apsupta brand\u017ei\u0173 med\u017ei\u0173, su dideliu \u017eem\u0117s sklypu. Vos keli\u0173 minu\u010di\u0173 atstumu  &#8211;  Baluo\u0161o e\u017eeras, vienas i\u0161 \u0161variausi\u0173 ir turintis net 7 salas! Idealiai tiks maudyn\u0117ms, \u017evejybai, kasdieniam poilsiui gamtoje. \u0160i\u0105 sodyb\u0105 galima puikiai pritaikyti: nuolatiniam gyvenimui ar vasarojimui, poilsiniam verslui ar kaimo turizmo veiklai, \u016bkininkavimui.<\/p>\n<p>PRIVALUMAI:<br \/>\n\u2013 Tvarkingas gyvenamasis r\u0105stinis namas 90,07kv.m. (tradicin\u0117 medin\u0117 troba)<br \/>\n\u2013 Kiti pastatai: (lauko virtuv\u0117, kiemo r\u016bsys, \u016bkinis pastatas, pirtis, tvartas, gara\u017eas, malkin\u0117s);<br \/>\n\u2013 2 ha sklypas (sklypas \u017ealiuojantis, vieta dar\u017eui, galimyb\u0117 auginti gyvulius ar \u012fsirengti tvenkin\u012f);<br \/>\n\u2013 \u0160ildymas kieto kuro krosnimi;<br \/>\n\u2013 \u0160ulinys;<br \/>\n\u2013 Vos 1,6 km iki i\u0161skirtinio Baluo\u0161o e\u017eero \u2013 vieno gra\u017eiausi\u0173 ir \u0161variausi\u0173 e\u017eer\u0173, o ma\u017eiau nei u\u017e kilometro B\u016bkos up\u0117 su \u012frengta poilsiaviete.;<br \/>\n\u2013 Patogus ir geras priva\u017eiavimas visais met\u0173 laikais, atstumai iki Tauragn\u0173 14km, Ignalinos 19km,  Utenos 31km, Mol\u0117t\u0173 50km, Vilniaus 120km, Panev\u0117\u017eio 130km;<\/p>\n<p>Kvie\u010diame ap\u017ei\u016br\u0117ti ir \u012fvertinti \u0161i\u0105 viet\u0105 patiems! Lauksime atvykstant ir savaitgaliais!<\/p>\n<p>*U\u017e papildom\u0105 kain\u0105 galima \u012fsigyti vis\u0105 aplink sodyb\u0105 esant\u012f apie 11 ha \u017eem\u0117s sklyp\u0105.<\/p>\n<p>Koordinat\u0117s:<br \/>\nmaps.lt \u2013 55.430728, 25.999152<\/p>\n","protected":false},"featured_media":20994,"template":"","meta":{"_acf_changed":false},"product_brand":[],"product_cat":[23],"product_tag":[],"class_list":{"0":"post-20993","1":"product","2":"type-product","3":"status-publish","4":"has-post-thumbnail","6":"product_cat-sodybos","7":"pa_rajonas-utenos-rajonas","8":"description-off","10":"first","11":"instock","12":"shipping-taxable","13":"purchasable","14":"product-type-simple"},"acf":[],"yoast_head":"<!-- This site is optimized with the Yoast SEO plugin v27.0 - https:\/\/yoast.com\/product\/yoast-seo-wordpress\/ -->\n<title>PARDUODAMA SODYBA SU 2HA \u017dEM\u0116S SKLYPU - NETOLIESE BALUO\u0160O E\u017dERO, UTENOS RAJONE! - Namud\u0117<\/title>\n<meta name=\"robots\" content=\"index, follow, max-snippet:-1, max-image-preview:large, max-video-preview:-1\" \/>\n<link rel=\"canonical\" href=\"https:\/\/www.namude.lt\/objektas\/parduodama-sodyba-su-2ha-zemes-sklypu-netoliese-baluoso-ezero-utenos-rajone\/\" \/>\n<meta property=\"og:locale\" content=\"en_US\" \/>\n<meta property=\"og:type\" content=\"article\" \/>\n<meta property=\"og:title\" content=\"PARDUODAMA SODYBA SU 2HA \u017dEM\u0116S SKLYPU - NETOLIESE BALUO\u0160O E\u017dERO, UTENOS RAJONE! - Namud\u0117\" \/>\n<meta property=\"og:description\" content=\"Sodybos vieta i\u0161skirtin\u0117 d\u0117l savo kra\u0161tovaizd\u017eio, ekologinio \u0161varumo ir nepaprasto ramumo. Atokiau nuo triuk\u0161mo, bet lengvai pasiekiama. \u012esik\u016brusi \u0161alia pu\u0161yn\u0173, piev\u0173, e\u017eer\u0173, apsupta brand\u017ei\u0173 med\u017ei\u0173, su dideliu \u017eem\u0117s sklypu. Vos keli\u0173 minu\u010di\u0173 atstumu - Baluo\u0161o e\u017eeras, vienas i\u0161 \u0161variausi\u0173 ir turintis net 7 salas! Idealiai tiks maudyn\u0117ms, \u017evejybai, kasdieniam poilsiui gamtoje. \u0160i\u0105 sodyb\u0105 galima puikiai pritaikyti: nuolatiniam gyvenimui ar vasarojimui, poilsiniam verslui ar kaimo turizmo veiklai, \u016bkininkavimui.  PRIVALUMAI: \u2013 Tvarkingas gyvenamasis r\u0105stinis namas 90,07kv.m. (tradicin\u0117 medin\u0117 troba) \u2013 Kiti pastatai: (lauko virtuv\u0117, kiemo r\u016bsys, \u016bkinis pastatas, pirtis, tvartas, gara\u017eas, malkin\u0117s); \u2013 2 ha sklypas (sklypas \u017ealiuojantis, vieta dar\u017eui, galimyb\u0117 auginti gyvulius ar \u012fsirengti tvenkin\u012f); \u2013 \u0160ildymas kieto kuro krosnimi; \u2013 \u0160ulinys; \u2013 Vos 1,6 km iki i\u0161skirtinio Baluo\u0161o e\u017eero \u2013 vieno gra\u017eiausi\u0173 ir \u0161variausi\u0173 e\u017eer\u0173, o ma\u017eiau nei u\u017e kilometro B\u016bkos up\u0117 su \u012frengta poilsiaviete.; \u2013 Patogus ir geras priva\u017eiavimas visais met\u0173 laikais, atstumai iki Tauragn\u0173 14km, Ignalinos 19km, Utenos 31km, Mol\u0117t\u0173 50km, Vilniaus 120km, Panev\u0117\u017eio 130km;  Kvie\u010diame ap\u017ei\u016br\u0117ti ir \u012fvertinti \u0161i\u0105 viet\u0105 patiems! Lauksime atvykstant ir savaitgaliais!  *U\u017e papildom\u0105 kain\u0105 galima \u012fsigyti vis\u0105 aplink sodyb\u0105 esant\u012f apie 11 ha \u017eem\u0117s sklyp\u0105.  Koordinat\u0117s: maps.lt \u2013 55.430728, 25.999152\" \/>\n<meta property=\"og:url\" content=\"https:\/\/www.namude.lt\/objektas\/parduodama-sodyba-su-2ha-zemes-sklypu-netoliese-baluoso-ezero-utenos-rajone\/\" \/>\n<meta property=\"og:site_name\" content=\"Namud\u0117\" \/>\n<meta property=\"article:modified_time\" content=\"2025-08-09T06:14:44+00:00\" \/>\n<meta property=\"og:image\" content=\"https:\/\/www.namude.lt\/wp-content\/uploads\/2025\/07\/1-13.jpg\" \/>\n\t<meta property=\"og:image:width\" content=\"2400\" \/>\n\t<meta property=\"og:image:height\" content=\"1800\" \/>\n\t<meta property=\"og:image:type\" content=\"image\/jpeg\" \/>\n<meta name=\"twitter:card\" content=\"summary_large_image\" \/>\n<script type=\"application\/ld+json\" class=\"yoast-schema-graph\">{\"@context\":\"https:\/\/schema.org\",\"@graph\":[{\"@type\":\"WebPage\",\"@id\":\"https:\/\/www.namude.lt\/objektas\/parduodama-sodyba-su-2ha-zemes-sklypu-netoliese-baluoso-ezero-utenos-rajone\/\",\"url\":\"https:\/\/www.namude.lt\/objektas\/parduodama-sodyba-su-2ha-zemes-sklypu-netoliese-baluoso-ezero-utenos-rajone\/\",\"name\":\"PARDUODAMA SODYBA SU 2HA \u017dEM\u0116S SKLYPU - NETOLIESE BALUO\u0160O E\u017dERO, UTENOS RAJONE! - Namud\u0117\",\"isPartOf\":{\"@id\":\"https:\/\/www.namude.lt\/#website\"},\"primaryImageOfPage\":{\"@id\":\"https:\/\/www.namude.lt\/objektas\/parduodama-sodyba-su-2ha-zemes-sklypu-netoliese-baluoso-ezero-utenos-rajone\/#primaryimage\"},\"image\":{\"@id\":\"https:\/\/www.namude.lt\/objektas\/parduodama-sodyba-su-2ha-zemes-sklypu-netoliese-baluoso-ezero-utenos-rajone\/#primaryimage\"},\"thumbnailUrl\":\"https:\/\/www.namude.lt\/wp-content\/uploads\/2025\/07\/1-13.jpg\",\"datePublished\":\"2025-07-28T09:36:31+00:00\",\"dateModified\":\"2025-08-09T06:14:44+00:00\",\"breadcrumb\":{\"@id\":\"https:\/\/www.namude.lt\/objektas\/parduodama-sodyba-su-2ha-zemes-sklypu-netoliese-baluoso-ezero-utenos-rajone\/#breadcrumb\"},\"inLanguage\":\"en-US\",\"potentialAction\":[{\"@type\":\"ReadAction\",\"target\":[\"https:\/\/www.namude.lt\/objektas\/parduodama-sodyba-su-2ha-zemes-sklypu-netoliese-baluoso-ezero-utenos-rajone\/\"]}]},{\"@type\":\"ImageObject\",\"inLanguage\":\"en-US\",\"@id\":\"https:\/\/www.namude.lt\/objektas\/parduodama-sodyba-su-2ha-zemes-sklypu-netoliese-baluoso-ezero-utenos-rajone\/#primaryimage\",\"url\":\"https:\/\/www.namude.lt\/wp-content\/uploads\/2025\/07\/1-13.jpg\",\"contentUrl\":\"https:\/\/www.namude.lt\/wp-content\/uploads\/2025\/07\/1-13.jpg\",\"width\":2400,\"height\":1800},{\"@type\":\"BreadcrumbList\",\"@id\":\"https:\/\/www.namude.lt\/objektas\/parduodama-sodyba-su-2ha-zemes-sklypu-netoliese-baluoso-ezero-utenos-rajone\/#breadcrumb\",\"itemListElement\":[{\"@type\":\"ListItem\",\"position\":1,\"name\":\"Home\",\"item\":\"https:\/\/www.namude.lt\/en\/\"},{\"@type\":\"ListItem\",\"position\":2,\"name\":\"Real estate\",\"item\":\"https:\/\/www.namude.lt\/en\/real-estate\/\"},{\"@type\":\"ListItem\",\"position\":3,\"name\":\"PARDUODAMA SODYBA SU 2HA \u017dEM\u0116S SKLYPU &#8211; NETOLIESE BALUO\u0160O E\u017dERO, UTENOS RAJONE!\"}]},{\"@type\":\"WebSite\",\"@id\":\"https:\/\/www.namude.lt\/#website\",\"url\":\"https:\/\/www.namude.lt\/\",\"name\":\"Namud\u0117\",\"description\":\"\u201eNamud\u0117\u201c \u2013 agent\u016bra, pardavin\u0117janti Auk\u0161taitijos NT grynuolius.\",\"publisher\":{\"@id\":\"https:\/\/www.namude.lt\/#organization\"},\"potentialAction\":[{\"@type\":\"SearchAction\",\"target\":{\"@type\":\"EntryPoint\",\"urlTemplate\":\"https:\/\/www.namude.lt\/?s={search_term_string}\"},\"query-input\":{\"@type\":\"PropertyValueSpecification\",\"valueRequired\":true,\"valueName\":\"search_term_string\"}}],\"inLanguage\":\"en-US\"},{\"@type\":\"Organization\",\"@id\":\"https:\/\/www.namude.lt\/#organization\",\"name\":\"Namud\u0117\",\"url\":\"https:\/\/www.namude.lt\/\",\"logo\":{\"@type\":\"ImageObject\",\"inLanguage\":\"en-US\",\"@id\":\"https:\/\/www.namude.lt\/#\/schema\/logo\/image\/\",\"url\":\"https:\/\/www.namude.lt\/wp-content\/uploads\/2023\/11\/logo-symbol.svg\",\"contentUrl\":\"https:\/\/www.namude.lt\/wp-content\/uploads\/2023\/11\/logo-symbol.svg\",\"width\":1,\"height\":1,\"caption\":\"Namud\u0117\"},\"image\":{\"@id\":\"https:\/\/www.namude.lt\/#\/schema\/logo\/image\/\"}}]}<\/script>\n<!-- \/ Yoast SEO plugin. -->","yoast_head_json":{"title":"PARDUODAMA SODYBA SU 2HA \u017dEM\u0116S SKLYPU - NETOLIESE BALUO\u0160O E\u017dERO, UTENOS RAJONE! - Namud\u0117","robots":{"index":"index","follow":"follow","max-snippet":"max-snippet:-1","max-image-preview":"max-image-preview:large","max-video-preview":"max-video-preview:-1"},"canonical":"https:\/\/www.namude.lt\/objektas\/parduodama-sodyba-su-2ha-zemes-sklypu-netoliese-baluoso-ezero-utenos-rajone\/","og_locale":"en_US","og_type":"article","og_title":"PARDUODAMA SODYBA SU 2HA \u017dEM\u0116S SKLYPU - NETOLIESE BALUO\u0160O E\u017dERO, UTENOS RAJONE! - Namud\u0117","og_description":"Sodybos vieta i\u0161skirtin\u0117 d\u0117l savo kra\u0161tovaizd\u017eio, ekologinio \u0161varumo ir nepaprasto ramumo. Atokiau nuo triuk\u0161mo, bet lengvai pasiekiama. \u012esik\u016brusi \u0161alia pu\u0161yn\u0173, piev\u0173, e\u017eer\u0173, apsupta brand\u017ei\u0173 med\u017ei\u0173, su dideliu \u017eem\u0117s sklypu. Vos keli\u0173 minu\u010di\u0173 atstumu - Baluo\u0161o e\u017eeras, vienas i\u0161 \u0161variausi\u0173 ir turintis net 7 salas! Idealiai tiks maudyn\u0117ms, \u017evejybai, kasdieniam poilsiui gamtoje. \u0160i\u0105 sodyb\u0105 galima puikiai pritaikyti: nuolatiniam gyvenimui ar vasarojimui, poilsiniam verslui ar kaimo turizmo veiklai, \u016bkininkavimui.  PRIVALUMAI: \u2013 Tvarkingas gyvenamasis r\u0105stinis namas 90,07kv.m. (tradicin\u0117 medin\u0117 troba) \u2013 Kiti pastatai: (lauko virtuv\u0117, kiemo r\u016bsys, \u016bkinis pastatas, pirtis, tvartas, gara\u017eas, malkin\u0117s); \u2013 2 ha sklypas (sklypas \u017ealiuojantis, vieta dar\u017eui, galimyb\u0117 auginti gyvulius ar \u012fsirengti tvenkin\u012f); \u2013 \u0160ildymas kieto kuro krosnimi; \u2013 \u0160ulinys; \u2013 Vos 1,6 km iki i\u0161skirtinio Baluo\u0161o e\u017eero \u2013 vieno gra\u017eiausi\u0173 ir \u0161variausi\u0173 e\u017eer\u0173, o ma\u017eiau nei u\u017e kilometro B\u016bkos up\u0117 su \u012frengta poilsiaviete.; \u2013 Patogus ir geras priva\u017eiavimas visais met\u0173 laikais, atstumai iki Tauragn\u0173 14km, Ignalinos 19km, Utenos 31km, Mol\u0117t\u0173 50km, Vilniaus 120km, Panev\u0117\u017eio 130km;  Kvie\u010diame ap\u017ei\u016br\u0117ti ir \u012fvertinti \u0161i\u0105 viet\u0105 patiems! Lauksime atvykstant ir savaitgaliais!  *U\u017e papildom\u0105 kain\u0105 galima \u012fsigyti vis\u0105 aplink sodyb\u0105 esant\u012f apie 11 ha \u017eem\u0117s sklyp\u0105.  Koordinat\u0117s: maps.lt \u2013 55.430728, 25.999152","og_url":"https:\/\/www.namude.lt\/objektas\/parduodama-sodyba-su-2ha-zemes-sklypu-netoliese-baluoso-ezero-utenos-rajone\/","og_site_name":"Namud\u0117","article_modified_time":"2025-08-09T06:14:44+00:00","og_image":[{"width":2400,"height":1800,"url":"https:\/\/www.namude.lt\/wp-content\/uploads\/2025\/07\/1-13.jpg","type":"image\/jpeg"}],"twitter_card":"summary_large_image","schema":{"@context":"https:\/\/schema.org","@graph":[{"@type":"WebPage","@id":"https:\/\/www.namude.lt\/objektas\/parduodama-sodyba-su-2ha-zemes-sklypu-netoliese-baluoso-ezero-utenos-rajone\/","url":"https:\/\/www.namude.lt\/objektas\/parduodama-sodyba-su-2ha-zemes-sklypu-netoliese-baluoso-ezero-utenos-rajone\/","name":"PARDUODAMA SODYBA SU 2HA \u017dEM\u0116S SKLYPU - NETOLIESE BALUO\u0160O E\u017dERO, UTENOS RAJONE! - Namud\u0117","isPartOf":{"@id":"https:\/\/www.namude.lt\/#website"},"primaryImageOfPage":{"@id":"https:\/\/www.namude.lt\/objektas\/parduodama-sodyba-su-2ha-zemes-sklypu-netoliese-baluoso-ezero-utenos-rajone\/#primaryimage"},"image":{"@id":"https:\/\/www.namude.lt\/objektas\/parduodama-sodyba-su-2ha-zemes-sklypu-netoliese-baluoso-ezero-utenos-rajone\/#primaryimage"},"thumbnailUrl":"https:\/\/www.namude.lt\/wp-content\/uploads\/2025\/07\/1-13.jpg","datePublished":"2025-07-28T09:36:31+00:00","dateModified":"2025-08-09T06:14:44+00:00","breadcrumb":{"@id":"https:\/\/www.namude.lt\/objektas\/parduodama-sodyba-su-2ha-zemes-sklypu-netoliese-baluoso-ezero-utenos-rajone\/#breadcrumb"},"inLanguage":"en-US","potentialAction":[{"@type":"ReadAction","target":["https:\/\/www.namude.lt\/objektas\/parduodama-sodyba-su-2ha-zemes-sklypu-netoliese-baluoso-ezero-utenos-rajone\/"]}]},{"@type":"ImageObject","inLanguage":"en-US","@id":"https:\/\/www.namude.lt\/objektas\/parduodama-sodyba-su-2ha-zemes-sklypu-netoliese-baluoso-ezero-utenos-rajone\/#primaryimage","url":"https:\/\/www.namude.lt\/wp-content\/uploads\/2025\/07\/1-13.jpg","contentUrl":"https:\/\/www.namude.lt\/wp-content\/uploads\/2025\/07\/1-13.jpg","width":2400,"height":1800},{"@type":"BreadcrumbList","@id":"https:\/\/www.namude.lt\/objektas\/parduodama-sodyba-su-2ha-zemes-sklypu-netoliese-baluoso-ezero-utenos-rajone\/#breadcrumb","itemListElement":[{"@type":"ListItem","position":1,"name":"Home","item":"https:\/\/www.namude.lt\/en\/"},{"@type":"ListItem","position":2,"name":"Real estate","item":"https:\/\/www.namude.lt\/en\/real-estate\/"},{"@type":"ListItem","position":3,"name":"PARDUODAMA SODYBA SU 2HA \u017dEM\u0116S SKLYPU &#8211; NETOLIESE BALUO\u0160O E\u017dERO, UTENOS RAJONE!"}]},{"@type":"WebSite","@id":"https:\/\/www.namude.lt\/#website","url":"https:\/\/www.namude.lt\/","name":"Namud\u0117","description":"\u201eNamud\u0117\u201c \u2013 agent\u016bra, pardavin\u0117janti Auk\u0161taitijos NT grynuolius.","publisher":{"@id":"https:\/\/www.namude.lt\/#organization"},"potentialAction":[{"@type":"SearchAction","target":{"@type":"EntryPoint","urlTemplate":"https:\/\/www.namude.lt\/?s={search_term_string}"},"query-input":{"@type":"PropertyValueSpecification","valueRequired":true,"valueName":"search_term_string"}}],"inLanguage":"en-US"},{"@type":"Organization","@id":"https:\/\/www.namude.lt\/#organization","name":"Namud\u0117","url":"https:\/\/www.namude.lt\/","logo":{"@type":"ImageObject","inLanguage":"en-US","@id":"https:\/\/www.namude.lt\/#\/schema\/logo\/image\/","url":"https:\/\/www.namude.lt\/wp-content\/uploads\/2023\/11\/logo-symbol.svg","contentUrl":"https:\/\/www.namude.lt\/wp-content\/uploads\/2023\/11\/logo-symbol.svg","width":1,"height":1,"caption":"Namud\u0117"},"image":{"@id":"https:\/\/www.namude.lt\/#\/schema\/logo\/image\/"}}]}},"_links":{"self":[{"href":"https:\/\/www.namude.lt\/en\/wp-json\/wp\/v2\/product\/20993","targetHints":{"allow":["GET"]}}],"collection":[{"href":"https:\/\/www.namude.lt\/en\/wp-json\/wp\/v2\/product"}],"about":[{"href":"https:\/\/www.namude.lt\/en\/wp-json\/wp\/v2\/types\/product"}],"wp:featuredmedia":[{"embeddable":true,"href":"https:\/\/www.namude.lt\/en\/wp-json\/wp\/v2\/media\/20994"}],"wp:attachment":[{"href":"https:\/\/www.namude.lt\/en\/wp-json\/wp\/v2\/media?parent=20993"}],"wp:term":[{"taxonomy":"product_brand","embeddable":true,"href":"https:\/\/www.namude.lt\/en\/wp-json\/wp\/v2\/product_brand?post=20993"},{"taxonomy":"product_cat","embeddable":true,"href":"https:\/\/www.namude.lt\/en\/wp-json\/wp\/v2\/product_cat?post=20993"},{"taxonomy":"product_tag","embeddable":true,"href":"https:\/\/www.namude.lt\/en\/wp-json\/wp\/v2\/product_tag?post=20993"}],"curies":[{"name":"wp","href":"https:\/\/api.w.org\/{rel}","templated":true}]}}