{"id":2075,"date":"2024-01-19T15:18:48","date_gmt":"2024-01-19T13:18:48","guid":{"rendered":"https:\/\/www.namude.lt\/?post_type=product&#038;p=2075"},"modified":"2025-08-29T09:00:52","modified_gmt":"2025-08-29T06:00:52","slug":"sodyba-svencioniu-rajone-lazdiniu-kaime-salia-zuvingo-lazdiniu-ezero-iki-ezero-apie-300-m","status":"publish","type":"product","link":"https:\/\/www.namude.lt\/en\/object\/sodyba-svencioniu-rajone-lazdiniu-kaime-salia-zuvingo-lazdiniu-ezero-iki-ezero-apie-300-m\/","title":{"rendered":"SODYBA \u0160VEN\u010cIONI\u0172 RAJONE, LAZDINI\u0172 KAIME, \u0160ALIA \u017dUVINGO LAZDINI\u0172 E\u017dERO (IKI E\u017dERO APIE 300 M)"},"content":{"rendered":"","protected":false},"excerpt":{"rendered":"<p><strong>\u00a0Parduodama <a href=\"https:\/\/www.namude.lt\/kategorija\/sodybos\/?filter_rajonas=svencioniu-rajonas&amp;query_type_rajonas=or\">sodyba<\/a> <a href=\"https:\/\/www.namude.lt\/parduodami-nt-objektai\/?filter_rajonas=svencioniu-rajonas&amp;query_type_rajonas=or\">\u0160ven\u010dioni\u0173 rajone<\/a>, Lazdini\u0173 kaime, \u0161alia \u017euvingo Lazdini\u0173 e\u017eero (iki e\u017eero apie 300 m). 1969\u00a0<\/strong>m. pastatyto r\u0105stinio gyvenamojo namo bendras plotas \u2013\u00a0<strong>79.99<\/strong>\u00a0kv. m. \u0160ildymas \u2013 vietoje pe\u010diaus pastatyta metalin\u0117 krosnel\u0117 su nauju kaminu. Prie namo taip pat yra tvartas, sand\u0117lis, \u0161ulinys ir sodas. Po pastatais priklauso\u00a0<strong>0.84\u00a0<\/strong>ha nam\u0173 valdos sklypas. Saugumas &#8211; kaime yra pastoviai gyvenan\u010di\u0173 \u017emoni\u0173. Draugi\u0161ka kaimo bendruomen\u0117.\u00a0 Geras priva\u017eiavimas visais met\u0173 laikais. Artimiausias miestelis \u2013 Aduti\u0161kis (maisto preki\u0173 parduotuv\u0117, ambulatorija, ba\u017eny\u010dia, seni\u016bnija, autobusas ir t.t.) \u2013 apie\u00a0<strong>4\u00a0<\/strong>km. Iki Vilniaus apie 116 km.\u00a0 U\u017e keli\u0173 kilometr\u0173 prasideda \u017einoma Antan\u0173 giria, pilna gryb\u0173 ir uog\u0173. Tiesiog puiki sodyba poilsiui \u0161alia gra\u017eaus ir \u017euvingo Lazdini\u0173 e\u017eero.<\/p>\n","protected":false},"featured_media":2076,"template":"","meta":{"_acf_changed":false},"product_brand":[],"product_cat":[23],"product_tag":[],"class_list":{"0":"post-2075","1":"product","2":"type-product","3":"status-publish","4":"has-post-thumbnail","6":"product_cat-sodybos","7":"pa_rajonas-svencioniu-rajonas","8":"description-off","10":"first","11":"instock","12":"sale","13":"shipping-taxable","14":"purchasable","15":"product-type-simple"},"acf":[],"yoast_head":"<!-- This site is optimized with the Yoast SEO plugin v27.4 - https:\/\/yoast.com\/product\/yoast-seo-wordpress\/ -->\n<title>SODYBA \u0160VEN\u010cIONI\u0172 RAJONE, LAZDINI\u0172 KAIME, \u0160ALIA \u017dUVINGO LAZDINI\u0172 E\u017dERO (IKI E\u017dERO APIE 300 M) - Namud\u0117<\/title>\n<meta name=\"robots\" content=\"index, follow, max-snippet:-1, max-image-preview:large, max-video-preview:-1\" \/>\n<link rel=\"canonical\" href=\"https:\/\/www.namude.lt\/objektas\/sodyba-svencioniu-rajone-lazdiniu-kaime-salia-zuvingo-lazdiniu-ezero-iki-ezero-apie-300-m\/\" \/>\n<meta property=\"og:locale\" content=\"en_US\" \/>\n<meta property=\"og:type\" content=\"article\" \/>\n<meta property=\"og:title\" content=\"SODYBA \u0160VEN\u010cIONI\u0172 RAJONE, LAZDINI\u0172 KAIME, \u0160ALIA \u017dUVINGO LAZDINI\u0172 E\u017dERO (IKI E\u017dERO APIE 300 M) - Namud\u0117\" \/>\n<meta property=\"og:description\" content=\"\u00a0Parduodama sodyba \u0160ven\u010dioni\u0173 rajone, Lazdini\u0173 kaime, \u0161alia \u017euvingo Lazdini\u0173 e\u017eero (iki e\u017eero apie 300 m). 1969\u00a0m. pastatyto r\u0105stinio gyvenamojo namo bendras plotas \u2013\u00a079.99\u00a0kv. m. \u0160ildymas \u2013 vietoje pe\u010diaus pastatyta metalin\u0117 krosnel\u0117 su nauju kaminu. Prie namo taip pat yra tvartas, sand\u0117lis, \u0161ulinys ir sodas. Po pastatais priklauso\u00a00.84\u00a0ha nam\u0173 valdos sklypas. Saugumas - kaime yra pastoviai gyvenan\u010di\u0173 \u017emoni\u0173. Draugi\u0161ka kaimo bendruomen\u0117.\u00a0 Geras priva\u017eiavimas visais met\u0173 laikais. Artimiausias miestelis \u2013 Aduti\u0161kis (maisto preki\u0173 parduotuv\u0117, ambulatorija, ba\u017eny\u010dia, seni\u016bnija, autobusas ir t.t.) \u2013 apie\u00a04\u00a0km. Iki Vilniaus apie 116 km.\u00a0 U\u017e keli\u0173 kilometr\u0173 prasideda \u017einoma Antan\u0173 giria, pilna gryb\u0173 ir uog\u0173. Tiesiog puiki sodyba poilsiui \u0161alia gra\u017eaus ir \u017euvingo Lazdini\u0173 e\u017eero.\" \/>\n<meta property=\"og:url\" content=\"https:\/\/www.namude.lt\/objektas\/sodyba-svencioniu-rajone-lazdiniu-kaime-salia-zuvingo-lazdiniu-ezero-iki-ezero-apie-300-m\/\" \/>\n<meta property=\"og:site_name\" content=\"Namud\u0117\" \/>\n<meta property=\"article:modified_time\" content=\"2025-08-29T06:00:52+00:00\" \/>\n<meta property=\"og:image\" content=\"https:\/\/www.namude.lt\/wp-content\/uploads\/2024\/01\/1-32.jpg\" \/>\n\t<meta property=\"og:image:width\" content=\"800\" \/>\n\t<meta property=\"og:image:height\" content=\"531\" \/>\n\t<meta property=\"og:image:type\" content=\"image\/jpeg\" \/>\n<meta name=\"twitter:card\" content=\"summary_large_image\" \/>\n<script type=\"application\/ld+json\" class=\"yoast-schema-graph\">{\"@context\":\"https:\\\/\\\/schema.org\",\"@graph\":[{\"@type\":\"WebPage\",\"@id\":\"https:\\\/\\\/www.namude.lt\\\/objektas\\\/sodyba-svencioniu-rajone-lazdiniu-kaime-salia-zuvingo-lazdiniu-ezero-iki-ezero-apie-300-m\\\/\",\"url\":\"https:\\\/\\\/www.namude.lt\\\/objektas\\\/sodyba-svencioniu-rajone-lazdiniu-kaime-salia-zuvingo-lazdiniu-ezero-iki-ezero-apie-300-m\\\/\",\"name\":\"SODYBA \u0160VEN\u010cIONI\u0172 RAJONE, LAZDINI\u0172 KAIME, \u0160ALIA \u017dUVINGO LAZDINI\u0172 E\u017dERO (IKI E\u017dERO APIE 300 M) - Namud\u0117\",\"isPartOf\":{\"@id\":\"https:\\\/\\\/www.namude.lt\\\/#website\"},\"primaryImageOfPage\":{\"@id\":\"https:\\\/\\\/www.namude.lt\\\/objektas\\\/sodyba-svencioniu-rajone-lazdiniu-kaime-salia-zuvingo-lazdiniu-ezero-iki-ezero-apie-300-m\\\/#primaryimage\"},\"image\":{\"@id\":\"https:\\\/\\\/www.namude.lt\\\/objektas\\\/sodyba-svencioniu-rajone-lazdiniu-kaime-salia-zuvingo-lazdiniu-ezero-iki-ezero-apie-300-m\\\/#primaryimage\"},\"thumbnailUrl\":\"https:\\\/\\\/www.namude.lt\\\/wp-content\\\/uploads\\\/2024\\\/01\\\/1-32.jpg\",\"datePublished\":\"2024-01-19T13:18:48+00:00\",\"dateModified\":\"2025-08-29T06:00:52+00:00\",\"breadcrumb\":{\"@id\":\"https:\\\/\\\/www.namude.lt\\\/objektas\\\/sodyba-svencioniu-rajone-lazdiniu-kaime-salia-zuvingo-lazdiniu-ezero-iki-ezero-apie-300-m\\\/#breadcrumb\"},\"inLanguage\":\"en-US\",\"potentialAction\":[{\"@type\":\"ReadAction\",\"target\":[\"https:\\\/\\\/www.namude.lt\\\/objektas\\\/sodyba-svencioniu-rajone-lazdiniu-kaime-salia-zuvingo-lazdiniu-ezero-iki-ezero-apie-300-m\\\/\"]}]},{\"@type\":\"ImageObject\",\"inLanguage\":\"en-US\",\"@id\":\"https:\\\/\\\/www.namude.lt\\\/objektas\\\/sodyba-svencioniu-rajone-lazdiniu-kaime-salia-zuvingo-lazdiniu-ezero-iki-ezero-apie-300-m\\\/#primaryimage\",\"url\":\"https:\\\/\\\/www.namude.lt\\\/wp-content\\\/uploads\\\/2024\\\/01\\\/1-32.jpg\",\"contentUrl\":\"https:\\\/\\\/www.namude.lt\\\/wp-content\\\/uploads\\\/2024\\\/01\\\/1-32.jpg\",\"width\":800,\"height\":531},{\"@type\":\"BreadcrumbList\",\"@id\":\"https:\\\/\\\/www.namude.lt\\\/objektas\\\/sodyba-svencioniu-rajone-lazdiniu-kaime-salia-zuvingo-lazdiniu-ezero-iki-ezero-apie-300-m\\\/#breadcrumb\",\"itemListElement\":[{\"@type\":\"ListItem\",\"position\":1,\"name\":\"Home\",\"item\":\"https:\\\/\\\/www.namude.lt\\\/en\\\/\"},{\"@type\":\"ListItem\",\"position\":2,\"name\":\"Real estate\",\"item\":\"https:\\\/\\\/www.namude.lt\\\/en\\\/real-estate\\\/\"},{\"@type\":\"ListItem\",\"position\":3,\"name\":\"SODYBA \u0160VEN\u010cIONI\u0172 RAJONE, LAZDINI\u0172 KAIME, \u0160ALIA \u017dUVINGO LAZDINI\u0172 E\u017dERO (IKI E\u017dERO APIE 300 M)\"}]},{\"@type\":\"WebSite\",\"@id\":\"https:\\\/\\\/www.namude.lt\\\/#website\",\"url\":\"https:\\\/\\\/www.namude.lt\\\/\",\"name\":\"Namud\u0117\",\"description\":\"\u201eNamud\u0117\u201c \u2013 agent\u016bra, pardavin\u0117janti Auk\u0161taitijos NT grynuolius.\",\"publisher\":{\"@id\":\"https:\\\/\\\/www.namude.lt\\\/#organization\"},\"potentialAction\":[{\"@type\":\"SearchAction\",\"target\":{\"@type\":\"EntryPoint\",\"urlTemplate\":\"https:\\\/\\\/www.namude.lt\\\/?s={search_term_string}\"},\"query-input\":{\"@type\":\"PropertyValueSpecification\",\"valueRequired\":true,\"valueName\":\"search_term_string\"}}],\"inLanguage\":\"en-US\"},{\"@type\":\"Organization\",\"@id\":\"https:\\\/\\\/www.namude.lt\\\/#organization\",\"name\":\"Namud\u0117\",\"url\":\"https:\\\/\\\/www.namude.lt\\\/\",\"logo\":{\"@type\":\"ImageObject\",\"inLanguage\":\"en-US\",\"@id\":\"https:\\\/\\\/www.namude.lt\\\/#\\\/schema\\\/logo\\\/image\\\/\",\"url\":\"https:\\\/\\\/www.namude.lt\\\/wp-content\\\/uploads\\\/2023\\\/11\\\/logo-symbol.svg\",\"contentUrl\":\"https:\\\/\\\/www.namude.lt\\\/wp-content\\\/uploads\\\/2023\\\/11\\\/logo-symbol.svg\",\"width\":1,\"height\":1,\"caption\":\"Namud\u0117\"},\"image\":{\"@id\":\"https:\\\/\\\/www.namude.lt\\\/#\\\/schema\\\/logo\\\/image\\\/\"}}]}<\/script>\n<!-- \/ Yoast SEO plugin. -->","yoast_head_json":{"title":"SODYBA \u0160VEN\u010cIONI\u0172 RAJONE, LAZDINI\u0172 KAIME, \u0160ALIA \u017dUVINGO LAZDINI\u0172 E\u017dERO (IKI E\u017dERO APIE 300 M) - Namud\u0117","robots":{"index":"index","follow":"follow","max-snippet":"max-snippet:-1","max-image-preview":"max-image-preview:large","max-video-preview":"max-video-preview:-1"},"canonical":"https:\/\/www.namude.lt\/objektas\/sodyba-svencioniu-rajone-lazdiniu-kaime-salia-zuvingo-lazdiniu-ezero-iki-ezero-apie-300-m\/","og_locale":"en_US","og_type":"article","og_title":"SODYBA \u0160VEN\u010cIONI\u0172 RAJONE, LAZDINI\u0172 KAIME, \u0160ALIA \u017dUVINGO LAZDINI\u0172 E\u017dERO (IKI E\u017dERO APIE 300 M) - Namud\u0117","og_description":"\u00a0Parduodama sodyba \u0160ven\u010dioni\u0173 rajone, Lazdini\u0173 kaime, \u0161alia \u017euvingo Lazdini\u0173 e\u017eero (iki e\u017eero apie 300 m). 1969\u00a0m. pastatyto r\u0105stinio gyvenamojo namo bendras plotas \u2013\u00a079.99\u00a0kv. m. \u0160ildymas \u2013 vietoje pe\u010diaus pastatyta metalin\u0117 krosnel\u0117 su nauju kaminu. Prie namo taip pat yra tvartas, sand\u0117lis, \u0161ulinys ir sodas. Po pastatais priklauso\u00a00.84\u00a0ha nam\u0173 valdos sklypas. Saugumas - kaime yra pastoviai gyvenan\u010di\u0173 \u017emoni\u0173. Draugi\u0161ka kaimo bendruomen\u0117.\u00a0 Geras priva\u017eiavimas visais met\u0173 laikais. Artimiausias miestelis \u2013 Aduti\u0161kis (maisto preki\u0173 parduotuv\u0117, ambulatorija, ba\u017eny\u010dia, seni\u016bnija, autobusas ir t.t.) \u2013 apie\u00a04\u00a0km. Iki Vilniaus apie 116 km.\u00a0 U\u017e keli\u0173 kilometr\u0173 prasideda \u017einoma Antan\u0173 giria, pilna gryb\u0173 ir uog\u0173. Tiesiog puiki sodyba poilsiui \u0161alia gra\u017eaus ir \u017euvingo Lazdini\u0173 e\u017eero.","og_url":"https:\/\/www.namude.lt\/objektas\/sodyba-svencioniu-rajone-lazdiniu-kaime-salia-zuvingo-lazdiniu-ezero-iki-ezero-apie-300-m\/","og_site_name":"Namud\u0117","article_modified_time":"2025-08-29T06:00:52+00:00","og_image":[{"width":800,"height":531,"url":"https:\/\/www.namude.lt\/wp-content\/uploads\/2024\/01\/1-32.jpg","type":"image\/jpeg"}],"twitter_card":"summary_large_image","schema":{"@context":"https:\/\/schema.org","@graph":[{"@type":"WebPage","@id":"https:\/\/www.namude.lt\/objektas\/sodyba-svencioniu-rajone-lazdiniu-kaime-salia-zuvingo-lazdiniu-ezero-iki-ezero-apie-300-m\/","url":"https:\/\/www.namude.lt\/objektas\/sodyba-svencioniu-rajone-lazdiniu-kaime-salia-zuvingo-lazdiniu-ezero-iki-ezero-apie-300-m\/","name":"SODYBA \u0160VEN\u010cIONI\u0172 RAJONE, LAZDINI\u0172 KAIME, \u0160ALIA \u017dUVINGO LAZDINI\u0172 E\u017dERO (IKI E\u017dERO APIE 300 M) - Namud\u0117","isPartOf":{"@id":"https:\/\/www.namude.lt\/#website"},"primaryImageOfPage":{"@id":"https:\/\/www.namude.lt\/objektas\/sodyba-svencioniu-rajone-lazdiniu-kaime-salia-zuvingo-lazdiniu-ezero-iki-ezero-apie-300-m\/#primaryimage"},"image":{"@id":"https:\/\/www.namude.lt\/objektas\/sodyba-svencioniu-rajone-lazdiniu-kaime-salia-zuvingo-lazdiniu-ezero-iki-ezero-apie-300-m\/#primaryimage"},"thumbnailUrl":"https:\/\/www.namude.lt\/wp-content\/uploads\/2024\/01\/1-32.jpg","datePublished":"2024-01-19T13:18:48+00:00","dateModified":"2025-08-29T06:00:52+00:00","breadcrumb":{"@id":"https:\/\/www.namude.lt\/objektas\/sodyba-svencioniu-rajone-lazdiniu-kaime-salia-zuvingo-lazdiniu-ezero-iki-ezero-apie-300-m\/#breadcrumb"},"inLanguage":"en-US","potentialAction":[{"@type":"ReadAction","target":["https:\/\/www.namude.lt\/objektas\/sodyba-svencioniu-rajone-lazdiniu-kaime-salia-zuvingo-lazdiniu-ezero-iki-ezero-apie-300-m\/"]}]},{"@type":"ImageObject","inLanguage":"en-US","@id":"https:\/\/www.namude.lt\/objektas\/sodyba-svencioniu-rajone-lazdiniu-kaime-salia-zuvingo-lazdiniu-ezero-iki-ezero-apie-300-m\/#primaryimage","url":"https:\/\/www.namude.lt\/wp-content\/uploads\/2024\/01\/1-32.jpg","contentUrl":"https:\/\/www.namude.lt\/wp-content\/uploads\/2024\/01\/1-32.jpg","width":800,"height":531},{"@type":"BreadcrumbList","@id":"https:\/\/www.namude.lt\/objektas\/sodyba-svencioniu-rajone-lazdiniu-kaime-salia-zuvingo-lazdiniu-ezero-iki-ezero-apie-300-m\/#breadcrumb","itemListElement":[{"@type":"ListItem","position":1,"name":"Home","item":"https:\/\/www.namude.lt\/en\/"},{"@type":"ListItem","position":2,"name":"Real estate","item":"https:\/\/www.namude.lt\/en\/real-estate\/"},{"@type":"ListItem","position":3,"name":"SODYBA \u0160VEN\u010cIONI\u0172 RAJONE, LAZDINI\u0172 KAIME, \u0160ALIA \u017dUVINGO LAZDINI\u0172 E\u017dERO (IKI E\u017dERO APIE 300 M)"}]},{"@type":"WebSite","@id":"https:\/\/www.namude.lt\/#website","url":"https:\/\/www.namude.lt\/","name":"Namud\u0117","description":"\u201eNamud\u0117\u201c \u2013 agent\u016bra, pardavin\u0117janti Auk\u0161taitijos NT grynuolius.","publisher":{"@id":"https:\/\/www.namude.lt\/#organization"},"potentialAction":[{"@type":"SearchAction","target":{"@type":"EntryPoint","urlTemplate":"https:\/\/www.namude.lt\/?s={search_term_string}"},"query-input":{"@type":"PropertyValueSpecification","valueRequired":true,"valueName":"search_term_string"}}],"inLanguage":"en-US"},{"@type":"Organization","@id":"https:\/\/www.namude.lt\/#organization","name":"Namud\u0117","url":"https:\/\/www.namude.lt\/","logo":{"@type":"ImageObject","inLanguage":"en-US","@id":"https:\/\/www.namude.lt\/#\/schema\/logo\/image\/","url":"https:\/\/www.namude.lt\/wp-content\/uploads\/2023\/11\/logo-symbol.svg","contentUrl":"https:\/\/www.namude.lt\/wp-content\/uploads\/2023\/11\/logo-symbol.svg","width":1,"height":1,"caption":"Namud\u0117"},"image":{"@id":"https:\/\/www.namude.lt\/#\/schema\/logo\/image\/"}}]}},"_links":{"self":[{"href":"https:\/\/www.namude.lt\/en\/wp-json\/wp\/v2\/product\/2075","targetHints":{"allow":["GET"]}}],"collection":[{"href":"https:\/\/www.namude.lt\/en\/wp-json\/wp\/v2\/product"}],"about":[{"href":"https:\/\/www.namude.lt\/en\/wp-json\/wp\/v2\/types\/product"}],"wp:featuredmedia":[{"embeddable":true,"href":"https:\/\/www.namude.lt\/en\/wp-json\/wp\/v2\/media\/2076"}],"wp:attachment":[{"href":"https:\/\/www.namude.lt\/en\/wp-json\/wp\/v2\/media?parent=2075"}],"wp:term":[{"taxonomy":"product_brand","embeddable":true,"href":"https:\/\/www.namude.lt\/en\/wp-json\/wp\/v2\/product_brand?post=2075"},{"taxonomy":"product_cat","embeddable":true,"href":"https:\/\/www.namude.lt\/en\/wp-json\/wp\/v2\/product_cat?post=2075"},{"taxonomy":"product_tag","embeddable":true,"href":"https:\/\/www.namude.lt\/en\/wp-json\/wp\/v2\/product_tag?post=2075"}],"curies":[{"name":"wp","href":"https:\/\/api.w.org\/{rel}","templated":true}]}}