{"id":20743,"date":"2025-07-23T09:57:19","date_gmt":"2025-07-23T06:57:19","guid":{"rendered":"https:\/\/www.namude.lt\/?post_type=product&#038;p=20743"},"modified":"2026-03-23T08:45:50","modified_gmt":"2026-03-23T06:45:50","slug":"parduodama-sodyba-brandziu-medziu-apsuptyje-utenos-rajone","status":"publish","type":"product","link":"https:\/\/www.namude.lt\/en\/object\/parduodama-sodyba-brandziu-medziu-apsuptyje-utenos-rajone\/","title":{"rendered":"PARDUODAMA SODYBA BRAND\u017dI\u0172 MED\u017dI\u0172 APSUPTYJE UTENOS RAJONE"},"content":{"rendered":"","protected":false},"excerpt":{"rendered":"<p>Girei\u0161i\u0173 kaime, parduodama r\u0105stin\u0117 sodyba su \u016bkiniais pastatai. Girei\u0161i\u0173 kaimas \u012fsik\u016br\u0119s gamtos apsuptyje tarp U\u017epali\u0173 ir Sv\u0117das\u0173. U\u017epali\u0173 miestelis garsus vandens mal\u016bn\u0173, muziejumi, piliakalniais, Krokul\u0117s \u0161altiniu, Konglamerato atodanga ir U\u017epali\u0173 akmenimis. Sv\u0117dasuose yra \u012fsik\u016br\u0119s muziejus, Sv\u0117das\u0173 dvaras.<br \/>\nPRIVALUMAI:<br \/>\n\u2013 R\u0105stinis 91kv.m namas ( 3 erdvios patalpos);<br \/>\n\u2013 \u016akiniai pastatai;<br \/>\n\u2013 Nam\u0173 valdos plotas \u2013 20a;<br \/>\n\u2013 \u0160ildymas \u2013 krosninis;<br \/>\n\u2013 Patogus priva\u017eiavimas: iki U\u017epaliai 13km, Sv\u0117dasai 16km; Vy\u017euonos 21km; Utena 30km; Roki\u0161kis 36km., Anyk\u0161\u010diai 40km.<br \/>\nKoordinat\u0117s :<br \/>\nmaps.lt \u2013 55.689345, 25.495881<br \/>\nKvie\u010diame ap\u017ei\u016br\u0117ti ir \u012fvertinti \u0161i\u0105 viet\u0105 patiems! Lauksime atvykstant ir savaitgaliais!<\/p>\n","protected":false},"featured_media":20744,"template":"","meta":{"_acf_changed":false},"product_brand":[],"product_cat":[23],"product_tag":[],"class_list":{"0":"post-20743","1":"product","2":"type-product","3":"status-publish","4":"has-post-thumbnail","6":"product_cat-sodybos","7":"pa_rajonas-utenos-rajonas","8":"description-off","10":"first","11":"instock","12":"shipping-taxable","13":"purchasable","14":"product-type-simple"},"acf":[],"yoast_head":"<!-- This site is optimized with the Yoast SEO plugin v27.0 - https:\/\/yoast.com\/product\/yoast-seo-wordpress\/ -->\n<title>PARDUODAMA SODYBA BRAND\u017dI\u0172 MED\u017dI\u0172 APSUPTYJE UTENOS RAJONE - Namud\u0117<\/title>\n<meta name=\"robots\" content=\"index, follow, max-snippet:-1, max-image-preview:large, max-video-preview:-1\" \/>\n<link rel=\"canonical\" href=\"https:\/\/www.namude.lt\/objektas\/parduodama-sodyba-brandziu-medziu-apsuptyje-utenos-rajone\/\" \/>\n<meta property=\"og:locale\" content=\"en_US\" \/>\n<meta property=\"og:type\" content=\"article\" \/>\n<meta property=\"og:title\" content=\"PARDUODAMA SODYBA BRAND\u017dI\u0172 MED\u017dI\u0172 APSUPTYJE UTENOS RAJONE - Namud\u0117\" \/>\n<meta property=\"og:description\" content=\"Girei\u0161i\u0173 kaime, parduodama r\u0105stin\u0117 sodyba su \u016bkiniais pastatai. Girei\u0161i\u0173 kaimas \u012fsik\u016br\u0119s gamtos apsuptyje tarp U\u017epali\u0173 ir Sv\u0117das\u0173. U\u017epali\u0173 miestelis garsus vandens mal\u016bn\u0173, muziejumi, piliakalniais, Krokul\u0117s \u0161altiniu, Konglamerato atodanga ir U\u017epali\u0173 akmenimis. Sv\u0117dasuose yra \u012fsik\u016br\u0119s muziejus, Sv\u0117das\u0173 dvaras. PRIVALUMAI: \u2013 R\u0105stinis 91kv.m namas ( 3 erdvios patalpos); \u2013 \u016akiniai pastatai; \u2013 Nam\u0173 valdos plotas \u2013 20a; \u2013 \u0160ildymas \u2013 krosninis; \u2013 Patogus priva\u017eiavimas: iki U\u017epaliai 13km, Sv\u0117dasai 16km; Vy\u017euonos 21km; Utena 30km; Roki\u0161kis 36km., Anyk\u0161\u010diai 40km.  Koordinat\u0117s : maps.lt \u2013 55.689345, 25.495881 Kvie\u010diame ap\u017ei\u016br\u0117ti ir \u012fvertinti \u0161i\u0105 viet\u0105 patiems! Lauksime atvykstant ir savaitgaliais!\" \/>\n<meta property=\"og:url\" content=\"https:\/\/www.namude.lt\/objektas\/parduodama-sodyba-brandziu-medziu-apsuptyje-utenos-rajone\/\" \/>\n<meta property=\"og:site_name\" content=\"Namud\u0117\" \/>\n<meta property=\"article:modified_time\" content=\"2026-03-23T06:45:50+00:00\" \/>\n<meta property=\"og:image\" content=\"https:\/\/www.namude.lt\/wp-content\/uploads\/2025\/07\/1-10.jpg\" \/>\n\t<meta property=\"og:image:width\" content=\"1600\" \/>\n\t<meta property=\"og:image:height\" content=\"1200\" \/>\n\t<meta property=\"og:image:type\" content=\"image\/jpeg\" \/>\n<meta name=\"twitter:card\" content=\"summary_large_image\" \/>\n<script type=\"application\/ld+json\" class=\"yoast-schema-graph\">{\"@context\":\"https:\/\/schema.org\",\"@graph\":[{\"@type\":\"WebPage\",\"@id\":\"https:\/\/www.namude.lt\/objektas\/parduodama-sodyba-brandziu-medziu-apsuptyje-utenos-rajone\/\",\"url\":\"https:\/\/www.namude.lt\/objektas\/parduodama-sodyba-brandziu-medziu-apsuptyje-utenos-rajone\/\",\"name\":\"PARDUODAMA SODYBA BRAND\u017dI\u0172 MED\u017dI\u0172 APSUPTYJE UTENOS RAJONE - Namud\u0117\",\"isPartOf\":{\"@id\":\"https:\/\/www.namude.lt\/#website\"},\"primaryImageOfPage\":{\"@id\":\"https:\/\/www.namude.lt\/objektas\/parduodama-sodyba-brandziu-medziu-apsuptyje-utenos-rajone\/#primaryimage\"},\"image\":{\"@id\":\"https:\/\/www.namude.lt\/objektas\/parduodama-sodyba-brandziu-medziu-apsuptyje-utenos-rajone\/#primaryimage\"},\"thumbnailUrl\":\"https:\/\/www.namude.lt\/wp-content\/uploads\/2025\/07\/1-10.jpg\",\"datePublished\":\"2025-07-23T06:57:19+00:00\",\"dateModified\":\"2026-03-23T06:45:50+00:00\",\"breadcrumb\":{\"@id\":\"https:\/\/www.namude.lt\/objektas\/parduodama-sodyba-brandziu-medziu-apsuptyje-utenos-rajone\/#breadcrumb\"},\"inLanguage\":\"en-US\",\"potentialAction\":[{\"@type\":\"ReadAction\",\"target\":[\"https:\/\/www.namude.lt\/objektas\/parduodama-sodyba-brandziu-medziu-apsuptyje-utenos-rajone\/\"]}]},{\"@type\":\"ImageObject\",\"inLanguage\":\"en-US\",\"@id\":\"https:\/\/www.namude.lt\/objektas\/parduodama-sodyba-brandziu-medziu-apsuptyje-utenos-rajone\/#primaryimage\",\"url\":\"https:\/\/www.namude.lt\/wp-content\/uploads\/2025\/07\/1-10.jpg\",\"contentUrl\":\"https:\/\/www.namude.lt\/wp-content\/uploads\/2025\/07\/1-10.jpg\",\"width\":1600,\"height\":1200},{\"@type\":\"BreadcrumbList\",\"@id\":\"https:\/\/www.namude.lt\/objektas\/parduodama-sodyba-brandziu-medziu-apsuptyje-utenos-rajone\/#breadcrumb\",\"itemListElement\":[{\"@type\":\"ListItem\",\"position\":1,\"name\":\"Home\",\"item\":\"https:\/\/www.namude.lt\/en\/\"},{\"@type\":\"ListItem\",\"position\":2,\"name\":\"Real estate\",\"item\":\"https:\/\/www.namude.lt\/en\/real-estate\/\"},{\"@type\":\"ListItem\",\"position\":3,\"name\":\"PARDUODAMA SODYBA BRAND\u017dI\u0172 MED\u017dI\u0172 APSUPTYJE UTENOS RAJONE\"}]},{\"@type\":\"WebSite\",\"@id\":\"https:\/\/www.namude.lt\/#website\",\"url\":\"https:\/\/www.namude.lt\/\",\"name\":\"Namud\u0117\",\"description\":\"\u201eNamud\u0117\u201c \u2013 agent\u016bra, pardavin\u0117janti Auk\u0161taitijos NT grynuolius.\",\"publisher\":{\"@id\":\"https:\/\/www.namude.lt\/#organization\"},\"potentialAction\":[{\"@type\":\"SearchAction\",\"target\":{\"@type\":\"EntryPoint\",\"urlTemplate\":\"https:\/\/www.namude.lt\/?s={search_term_string}\"},\"query-input\":{\"@type\":\"PropertyValueSpecification\",\"valueRequired\":true,\"valueName\":\"search_term_string\"}}],\"inLanguage\":\"en-US\"},{\"@type\":\"Organization\",\"@id\":\"https:\/\/www.namude.lt\/#organization\",\"name\":\"Namud\u0117\",\"url\":\"https:\/\/www.namude.lt\/\",\"logo\":{\"@type\":\"ImageObject\",\"inLanguage\":\"en-US\",\"@id\":\"https:\/\/www.namude.lt\/#\/schema\/logo\/image\/\",\"url\":\"https:\/\/www.namude.lt\/wp-content\/uploads\/2023\/11\/logo-symbol.svg\",\"contentUrl\":\"https:\/\/www.namude.lt\/wp-content\/uploads\/2023\/11\/logo-symbol.svg\",\"width\":1,\"height\":1,\"caption\":\"Namud\u0117\"},\"image\":{\"@id\":\"https:\/\/www.namude.lt\/#\/schema\/logo\/image\/\"}}]}<\/script>\n<!-- \/ Yoast SEO plugin. -->","yoast_head_json":{"title":"PARDUODAMA SODYBA BRAND\u017dI\u0172 MED\u017dI\u0172 APSUPTYJE UTENOS RAJONE - Namud\u0117","robots":{"index":"index","follow":"follow","max-snippet":"max-snippet:-1","max-image-preview":"max-image-preview:large","max-video-preview":"max-video-preview:-1"},"canonical":"https:\/\/www.namude.lt\/objektas\/parduodama-sodyba-brandziu-medziu-apsuptyje-utenos-rajone\/","og_locale":"en_US","og_type":"article","og_title":"PARDUODAMA SODYBA BRAND\u017dI\u0172 MED\u017dI\u0172 APSUPTYJE UTENOS RAJONE - Namud\u0117","og_description":"Girei\u0161i\u0173 kaime, parduodama r\u0105stin\u0117 sodyba su \u016bkiniais pastatai. Girei\u0161i\u0173 kaimas \u012fsik\u016br\u0119s gamtos apsuptyje tarp U\u017epali\u0173 ir Sv\u0117das\u0173. U\u017epali\u0173 miestelis garsus vandens mal\u016bn\u0173, muziejumi, piliakalniais, Krokul\u0117s \u0161altiniu, Konglamerato atodanga ir U\u017epali\u0173 akmenimis. Sv\u0117dasuose yra \u012fsik\u016br\u0119s muziejus, Sv\u0117das\u0173 dvaras. PRIVALUMAI: \u2013 R\u0105stinis 91kv.m namas ( 3 erdvios patalpos); \u2013 \u016akiniai pastatai; \u2013 Nam\u0173 valdos plotas \u2013 20a; \u2013 \u0160ildymas \u2013 krosninis; \u2013 Patogus priva\u017eiavimas: iki U\u017epaliai 13km, Sv\u0117dasai 16km; Vy\u017euonos 21km; Utena 30km; Roki\u0161kis 36km., Anyk\u0161\u010diai 40km.  Koordinat\u0117s : maps.lt \u2013 55.689345, 25.495881 Kvie\u010diame ap\u017ei\u016br\u0117ti ir \u012fvertinti \u0161i\u0105 viet\u0105 patiems! Lauksime atvykstant ir savaitgaliais!","og_url":"https:\/\/www.namude.lt\/objektas\/parduodama-sodyba-brandziu-medziu-apsuptyje-utenos-rajone\/","og_site_name":"Namud\u0117","article_modified_time":"2026-03-23T06:45:50+00:00","og_image":[{"width":1600,"height":1200,"url":"https:\/\/www.namude.lt\/wp-content\/uploads\/2025\/07\/1-10.jpg","type":"image\/jpeg"}],"twitter_card":"summary_large_image","schema":{"@context":"https:\/\/schema.org","@graph":[{"@type":"WebPage","@id":"https:\/\/www.namude.lt\/objektas\/parduodama-sodyba-brandziu-medziu-apsuptyje-utenos-rajone\/","url":"https:\/\/www.namude.lt\/objektas\/parduodama-sodyba-brandziu-medziu-apsuptyje-utenos-rajone\/","name":"PARDUODAMA SODYBA BRAND\u017dI\u0172 MED\u017dI\u0172 APSUPTYJE UTENOS RAJONE - Namud\u0117","isPartOf":{"@id":"https:\/\/www.namude.lt\/#website"},"primaryImageOfPage":{"@id":"https:\/\/www.namude.lt\/objektas\/parduodama-sodyba-brandziu-medziu-apsuptyje-utenos-rajone\/#primaryimage"},"image":{"@id":"https:\/\/www.namude.lt\/objektas\/parduodama-sodyba-brandziu-medziu-apsuptyje-utenos-rajone\/#primaryimage"},"thumbnailUrl":"https:\/\/www.namude.lt\/wp-content\/uploads\/2025\/07\/1-10.jpg","datePublished":"2025-07-23T06:57:19+00:00","dateModified":"2026-03-23T06:45:50+00:00","breadcrumb":{"@id":"https:\/\/www.namude.lt\/objektas\/parduodama-sodyba-brandziu-medziu-apsuptyje-utenos-rajone\/#breadcrumb"},"inLanguage":"en-US","potentialAction":[{"@type":"ReadAction","target":["https:\/\/www.namude.lt\/objektas\/parduodama-sodyba-brandziu-medziu-apsuptyje-utenos-rajone\/"]}]},{"@type":"ImageObject","inLanguage":"en-US","@id":"https:\/\/www.namude.lt\/objektas\/parduodama-sodyba-brandziu-medziu-apsuptyje-utenos-rajone\/#primaryimage","url":"https:\/\/www.namude.lt\/wp-content\/uploads\/2025\/07\/1-10.jpg","contentUrl":"https:\/\/www.namude.lt\/wp-content\/uploads\/2025\/07\/1-10.jpg","width":1600,"height":1200},{"@type":"BreadcrumbList","@id":"https:\/\/www.namude.lt\/objektas\/parduodama-sodyba-brandziu-medziu-apsuptyje-utenos-rajone\/#breadcrumb","itemListElement":[{"@type":"ListItem","position":1,"name":"Home","item":"https:\/\/www.namude.lt\/en\/"},{"@type":"ListItem","position":2,"name":"Real estate","item":"https:\/\/www.namude.lt\/en\/real-estate\/"},{"@type":"ListItem","position":3,"name":"PARDUODAMA SODYBA BRAND\u017dI\u0172 MED\u017dI\u0172 APSUPTYJE UTENOS RAJONE"}]},{"@type":"WebSite","@id":"https:\/\/www.namude.lt\/#website","url":"https:\/\/www.namude.lt\/","name":"Namud\u0117","description":"\u201eNamud\u0117\u201c \u2013 agent\u016bra, pardavin\u0117janti Auk\u0161taitijos NT grynuolius.","publisher":{"@id":"https:\/\/www.namude.lt\/#organization"},"potentialAction":[{"@type":"SearchAction","target":{"@type":"EntryPoint","urlTemplate":"https:\/\/www.namude.lt\/?s={search_term_string}"},"query-input":{"@type":"PropertyValueSpecification","valueRequired":true,"valueName":"search_term_string"}}],"inLanguage":"en-US"},{"@type":"Organization","@id":"https:\/\/www.namude.lt\/#organization","name":"Namud\u0117","url":"https:\/\/www.namude.lt\/","logo":{"@type":"ImageObject","inLanguage":"en-US","@id":"https:\/\/www.namude.lt\/#\/schema\/logo\/image\/","url":"https:\/\/www.namude.lt\/wp-content\/uploads\/2023\/11\/logo-symbol.svg","contentUrl":"https:\/\/www.namude.lt\/wp-content\/uploads\/2023\/11\/logo-symbol.svg","width":1,"height":1,"caption":"Namud\u0117"},"image":{"@id":"https:\/\/www.namude.lt\/#\/schema\/logo\/image\/"}}]}},"_links":{"self":[{"href":"https:\/\/www.namude.lt\/en\/wp-json\/wp\/v2\/product\/20743","targetHints":{"allow":["GET"]}}],"collection":[{"href":"https:\/\/www.namude.lt\/en\/wp-json\/wp\/v2\/product"}],"about":[{"href":"https:\/\/www.namude.lt\/en\/wp-json\/wp\/v2\/types\/product"}],"wp:featuredmedia":[{"embeddable":true,"href":"https:\/\/www.namude.lt\/en\/wp-json\/wp\/v2\/media\/20744"}],"wp:attachment":[{"href":"https:\/\/www.namude.lt\/en\/wp-json\/wp\/v2\/media?parent=20743"}],"wp:term":[{"taxonomy":"product_brand","embeddable":true,"href":"https:\/\/www.namude.lt\/en\/wp-json\/wp\/v2\/product_brand?post=20743"},{"taxonomy":"product_cat","embeddable":true,"href":"https:\/\/www.namude.lt\/en\/wp-json\/wp\/v2\/product_cat?post=20743"},{"taxonomy":"product_tag","embeddable":true,"href":"https:\/\/www.namude.lt\/en\/wp-json\/wp\/v2\/product_tag?post=20743"}],"curies":[{"name":"wp","href":"https:\/\/api.w.org\/{rel}","templated":true}]}}