{"id":20593,"date":"2025-07-18T09:24:23","date_gmt":"2025-07-18T06:24:23","guid":{"rendered":"https:\/\/www.namude.lt\/?post_type=product&#038;p=20593"},"modified":"2026-04-17T09:10:35","modified_gmt":"2026-04-17T06:10:35","slug":"parduodamas-namas-leliunu-kaime-utenos-rajone","status":"publish","type":"product","link":"https:\/\/www.namude.lt\/en\/object\/parduodamas-namas-leliunu-kaime-utenos-rajone\/","title":{"rendered":"PARDUODAMAS NAMAS LELI\u016aN\u0172 KAIME UTENOS RAJONE"},"content":{"rendered":"","protected":false},"excerpt":{"rendered":"<p>Leli\u016bn\u0173 kaime, Kauno gatv\u0117je parduodamas m\u016brinis namas su \u016bkiniais pastatais, tvenkiniu ir pirtele. Strategi\u0161kai patogioje vietoje su geru priva\u017eiavimu visais met\u0173 laikais. Leli\u016bn\u0173 miestelyje yra biblioteka, V. Valiu\u0161io muziejus ir skulpt\u016br\u0173 parkas, 2 parduotuv\u0117s, poilsiaviet\u0117, krep\u0161inio aik\u0161tel\u0117, dvaras<br \/>\nPRIVALUMAI:<br \/>\n\u2013 Paruo\u0161tas renovacijai 107kv.m m\u016brinis namas (i\u0161planavim\u0105 galite projektuoti pagal savo poreikius);<br \/>\n\u2013 Pirtis su tvenkiniu:<br \/>\n\u2013 \u016akiniai pastatai (gara\u017eas, tvartas, dar\u017ein\u0117, malkin\u0117);<br \/>\n\u2013 Nam\u0173 valdos plotas \u2013 30a;<br \/>\n\u2013 Patogus priva\u017eiavimas: Utena 14km; Anyk\u0161\u010diai 25km; Mol\u0117tai 38km; Ukmerg\u0117 50km.<br \/>\nKoordinat\u0117s :<br \/>\nmaps.lt \u2013 55.474242, 25.395977<br \/>\nKvie\u010diame ap\u017ei\u016br\u0117ti ir \u012fvertinti \u0161i\u0105 viet\u0105 patiems! Lauksime atvykstant ir savaitgaliais!<\/p>\n","protected":false},"featured_media":20594,"template":"","meta":{"_acf_changed":false},"product_brand":[],"product_cat":[26],"product_tag":[],"class_list":{"0":"post-20593","1":"product","2":"type-product","3":"status-publish","4":"has-post-thumbnail","6":"product_cat-namai","7":"pa_rajonas-utenos-rajonas","8":"description-off","10":"first","11":"instock","12":"shipping-taxable","13":"purchasable","14":"product-type-simple"},"acf":[],"yoast_head":"<!-- This site is optimized with the Yoast SEO plugin v27.0 - https:\/\/yoast.com\/product\/yoast-seo-wordpress\/ -->\n<title>PARDUODAMAS NAMAS LELI\u016aN\u0172 KAIME UTENOS RAJONE - Namud\u0117<\/title>\n<meta name=\"robots\" content=\"index, follow, max-snippet:-1, max-image-preview:large, max-video-preview:-1\" \/>\n<link rel=\"canonical\" href=\"https:\/\/www.namude.lt\/objektas\/parduodamas-namas-leliunu-kaime-utenos-rajone\/\" \/>\n<meta property=\"og:locale\" content=\"en_US\" \/>\n<meta property=\"og:type\" content=\"article\" \/>\n<meta property=\"og:title\" content=\"PARDUODAMAS NAMAS LELI\u016aN\u0172 KAIME UTENOS RAJONE - Namud\u0117\" \/>\n<meta property=\"og:description\" content=\"Leli\u016bn\u0173 kaime, Kauno gatv\u0117je parduodamas m\u016brinis namas su \u016bkiniais pastatais, tvenkiniu ir pirtele. Strategi\u0161kai patogioje vietoje su geru priva\u017eiavimu visais met\u0173 laikais. Leli\u016bn\u0173 miestelyje yra biblioteka, V. Valiu\u0161io muziejus ir skulpt\u016br\u0173 parkas, 2 parduotuv\u0117s, poilsiaviet\u0117, krep\u0161inio aik\u0161tel\u0117, dvaras PRIVALUMAI: \u2013 Paruo\u0161tas renovacijai 107kv.m m\u016brinis namas (i\u0161planavim\u0105 galite projektuoti pagal savo poreikius); \u2013 Pirtis su tvenkiniu: \u2013 \u016akiniai pastatai (gara\u017eas, tvartas, dar\u017ein\u0117, malkin\u0117); \u2013 Nam\u0173 valdos plotas \u2013 30a; \u2013 Patogus priva\u017eiavimas: Utena 14km; Anyk\u0161\u010diai 25km; Mol\u0117tai 38km; Ukmerg\u0117 50km.  Koordinat\u0117s : maps.lt \u2013 55.474242, 25.395977 Kvie\u010diame ap\u017ei\u016br\u0117ti ir \u012fvertinti \u0161i\u0105 viet\u0105 patiems! Lauksime atvykstant ir savaitgaliais!\" \/>\n<meta property=\"og:url\" content=\"https:\/\/www.namude.lt\/objektas\/parduodamas-namas-leliunu-kaime-utenos-rajone\/\" \/>\n<meta property=\"og:site_name\" content=\"Namud\u0117\" \/>\n<meta property=\"article:modified_time\" content=\"2026-04-17T06:10:35+00:00\" \/>\n<meta property=\"og:image\" content=\"https:\/\/www.namude.lt\/wp-content\/uploads\/2025\/07\/1-8.jpg\" \/>\n\t<meta property=\"og:image:width\" content=\"2400\" \/>\n\t<meta property=\"og:image:height\" content=\"1800\" \/>\n\t<meta property=\"og:image:type\" content=\"image\/jpeg\" \/>\n<meta name=\"twitter:card\" content=\"summary_large_image\" \/>\n<script type=\"application\/ld+json\" class=\"yoast-schema-graph\">{\"@context\":\"https:\/\/schema.org\",\"@graph\":[{\"@type\":\"WebPage\",\"@id\":\"https:\/\/www.namude.lt\/objektas\/parduodamas-namas-leliunu-kaime-utenos-rajone\/\",\"url\":\"https:\/\/www.namude.lt\/objektas\/parduodamas-namas-leliunu-kaime-utenos-rajone\/\",\"name\":\"PARDUODAMAS NAMAS LELI\u016aN\u0172 KAIME UTENOS RAJONE - Namud\u0117\",\"isPartOf\":{\"@id\":\"https:\/\/www.namude.lt\/#website\"},\"primaryImageOfPage\":{\"@id\":\"https:\/\/www.namude.lt\/objektas\/parduodamas-namas-leliunu-kaime-utenos-rajone\/#primaryimage\"},\"image\":{\"@id\":\"https:\/\/www.namude.lt\/objektas\/parduodamas-namas-leliunu-kaime-utenos-rajone\/#primaryimage\"},\"thumbnailUrl\":\"https:\/\/www.namude.lt\/wp-content\/uploads\/2025\/07\/1-8.jpg\",\"datePublished\":\"2025-07-18T06:24:23+00:00\",\"dateModified\":\"2026-04-17T06:10:35+00:00\",\"breadcrumb\":{\"@id\":\"https:\/\/www.namude.lt\/objektas\/parduodamas-namas-leliunu-kaime-utenos-rajone\/#breadcrumb\"},\"inLanguage\":\"en-US\",\"potentialAction\":[{\"@type\":\"ReadAction\",\"target\":[\"https:\/\/www.namude.lt\/objektas\/parduodamas-namas-leliunu-kaime-utenos-rajone\/\"]}]},{\"@type\":\"ImageObject\",\"inLanguage\":\"en-US\",\"@id\":\"https:\/\/www.namude.lt\/objektas\/parduodamas-namas-leliunu-kaime-utenos-rajone\/#primaryimage\",\"url\":\"https:\/\/www.namude.lt\/wp-content\/uploads\/2025\/07\/1-8.jpg\",\"contentUrl\":\"https:\/\/www.namude.lt\/wp-content\/uploads\/2025\/07\/1-8.jpg\",\"width\":2400,\"height\":1800},{\"@type\":\"BreadcrumbList\",\"@id\":\"https:\/\/www.namude.lt\/objektas\/parduodamas-namas-leliunu-kaime-utenos-rajone\/#breadcrumb\",\"itemListElement\":[{\"@type\":\"ListItem\",\"position\":1,\"name\":\"Home\",\"item\":\"https:\/\/www.namude.lt\/en\/\"},{\"@type\":\"ListItem\",\"position\":2,\"name\":\"Real estate\",\"item\":\"https:\/\/www.namude.lt\/en\/real-estate\/\"},{\"@type\":\"ListItem\",\"position\":3,\"name\":\"PARDUODAMAS NAMAS LELI\u016aN\u0172 KAIME UTENOS RAJONE\"}]},{\"@type\":\"WebSite\",\"@id\":\"https:\/\/www.namude.lt\/#website\",\"url\":\"https:\/\/www.namude.lt\/\",\"name\":\"Namud\u0117\",\"description\":\"\u201eNamud\u0117\u201c \u2013 agent\u016bra, pardavin\u0117janti Auk\u0161taitijos NT grynuolius.\",\"publisher\":{\"@id\":\"https:\/\/www.namude.lt\/#organization\"},\"potentialAction\":[{\"@type\":\"SearchAction\",\"target\":{\"@type\":\"EntryPoint\",\"urlTemplate\":\"https:\/\/www.namude.lt\/?s={search_term_string}\"},\"query-input\":{\"@type\":\"PropertyValueSpecification\",\"valueRequired\":true,\"valueName\":\"search_term_string\"}}],\"inLanguage\":\"en-US\"},{\"@type\":\"Organization\",\"@id\":\"https:\/\/www.namude.lt\/#organization\",\"name\":\"Namud\u0117\",\"url\":\"https:\/\/www.namude.lt\/\",\"logo\":{\"@type\":\"ImageObject\",\"inLanguage\":\"en-US\",\"@id\":\"https:\/\/www.namude.lt\/#\/schema\/logo\/image\/\",\"url\":\"https:\/\/www.namude.lt\/wp-content\/uploads\/2023\/11\/logo-symbol.svg\",\"contentUrl\":\"https:\/\/www.namude.lt\/wp-content\/uploads\/2023\/11\/logo-symbol.svg\",\"width\":1,\"height\":1,\"caption\":\"Namud\u0117\"},\"image\":{\"@id\":\"https:\/\/www.namude.lt\/#\/schema\/logo\/image\/\"}}]}<\/script>\n<!-- \/ Yoast SEO plugin. -->","yoast_head_json":{"title":"PARDUODAMAS NAMAS LELI\u016aN\u0172 KAIME UTENOS RAJONE - Namud\u0117","robots":{"index":"index","follow":"follow","max-snippet":"max-snippet:-1","max-image-preview":"max-image-preview:large","max-video-preview":"max-video-preview:-1"},"canonical":"https:\/\/www.namude.lt\/objektas\/parduodamas-namas-leliunu-kaime-utenos-rajone\/","og_locale":"en_US","og_type":"article","og_title":"PARDUODAMAS NAMAS LELI\u016aN\u0172 KAIME UTENOS RAJONE - Namud\u0117","og_description":"Leli\u016bn\u0173 kaime, Kauno gatv\u0117je parduodamas m\u016brinis namas su \u016bkiniais pastatais, tvenkiniu ir pirtele. Strategi\u0161kai patogioje vietoje su geru priva\u017eiavimu visais met\u0173 laikais. Leli\u016bn\u0173 miestelyje yra biblioteka, V. Valiu\u0161io muziejus ir skulpt\u016br\u0173 parkas, 2 parduotuv\u0117s, poilsiaviet\u0117, krep\u0161inio aik\u0161tel\u0117, dvaras PRIVALUMAI: \u2013 Paruo\u0161tas renovacijai 107kv.m m\u016brinis namas (i\u0161planavim\u0105 galite projektuoti pagal savo poreikius); \u2013 Pirtis su tvenkiniu: \u2013 \u016akiniai pastatai (gara\u017eas, tvartas, dar\u017ein\u0117, malkin\u0117); \u2013 Nam\u0173 valdos plotas \u2013 30a; \u2013 Patogus priva\u017eiavimas: Utena 14km; Anyk\u0161\u010diai 25km; Mol\u0117tai 38km; Ukmerg\u0117 50km.  Koordinat\u0117s : maps.lt \u2013 55.474242, 25.395977 Kvie\u010diame ap\u017ei\u016br\u0117ti ir \u012fvertinti \u0161i\u0105 viet\u0105 patiems! Lauksime atvykstant ir savaitgaliais!","og_url":"https:\/\/www.namude.lt\/objektas\/parduodamas-namas-leliunu-kaime-utenos-rajone\/","og_site_name":"Namud\u0117","article_modified_time":"2026-04-17T06:10:35+00:00","og_image":[{"width":2400,"height":1800,"url":"https:\/\/www.namude.lt\/wp-content\/uploads\/2025\/07\/1-8.jpg","type":"image\/jpeg"}],"twitter_card":"summary_large_image","schema":{"@context":"https:\/\/schema.org","@graph":[{"@type":"WebPage","@id":"https:\/\/www.namude.lt\/objektas\/parduodamas-namas-leliunu-kaime-utenos-rajone\/","url":"https:\/\/www.namude.lt\/objektas\/parduodamas-namas-leliunu-kaime-utenos-rajone\/","name":"PARDUODAMAS NAMAS LELI\u016aN\u0172 KAIME UTENOS RAJONE - Namud\u0117","isPartOf":{"@id":"https:\/\/www.namude.lt\/#website"},"primaryImageOfPage":{"@id":"https:\/\/www.namude.lt\/objektas\/parduodamas-namas-leliunu-kaime-utenos-rajone\/#primaryimage"},"image":{"@id":"https:\/\/www.namude.lt\/objektas\/parduodamas-namas-leliunu-kaime-utenos-rajone\/#primaryimage"},"thumbnailUrl":"https:\/\/www.namude.lt\/wp-content\/uploads\/2025\/07\/1-8.jpg","datePublished":"2025-07-18T06:24:23+00:00","dateModified":"2026-04-17T06:10:35+00:00","breadcrumb":{"@id":"https:\/\/www.namude.lt\/objektas\/parduodamas-namas-leliunu-kaime-utenos-rajone\/#breadcrumb"},"inLanguage":"en-US","potentialAction":[{"@type":"ReadAction","target":["https:\/\/www.namude.lt\/objektas\/parduodamas-namas-leliunu-kaime-utenos-rajone\/"]}]},{"@type":"ImageObject","inLanguage":"en-US","@id":"https:\/\/www.namude.lt\/objektas\/parduodamas-namas-leliunu-kaime-utenos-rajone\/#primaryimage","url":"https:\/\/www.namude.lt\/wp-content\/uploads\/2025\/07\/1-8.jpg","contentUrl":"https:\/\/www.namude.lt\/wp-content\/uploads\/2025\/07\/1-8.jpg","width":2400,"height":1800},{"@type":"BreadcrumbList","@id":"https:\/\/www.namude.lt\/objektas\/parduodamas-namas-leliunu-kaime-utenos-rajone\/#breadcrumb","itemListElement":[{"@type":"ListItem","position":1,"name":"Home","item":"https:\/\/www.namude.lt\/en\/"},{"@type":"ListItem","position":2,"name":"Real estate","item":"https:\/\/www.namude.lt\/en\/real-estate\/"},{"@type":"ListItem","position":3,"name":"PARDUODAMAS NAMAS LELI\u016aN\u0172 KAIME UTENOS RAJONE"}]},{"@type":"WebSite","@id":"https:\/\/www.namude.lt\/#website","url":"https:\/\/www.namude.lt\/","name":"Namud\u0117","description":"\u201eNamud\u0117\u201c \u2013 agent\u016bra, pardavin\u0117janti Auk\u0161taitijos NT grynuolius.","publisher":{"@id":"https:\/\/www.namude.lt\/#organization"},"potentialAction":[{"@type":"SearchAction","target":{"@type":"EntryPoint","urlTemplate":"https:\/\/www.namude.lt\/?s={search_term_string}"},"query-input":{"@type":"PropertyValueSpecification","valueRequired":true,"valueName":"search_term_string"}}],"inLanguage":"en-US"},{"@type":"Organization","@id":"https:\/\/www.namude.lt\/#organization","name":"Namud\u0117","url":"https:\/\/www.namude.lt\/","logo":{"@type":"ImageObject","inLanguage":"en-US","@id":"https:\/\/www.namude.lt\/#\/schema\/logo\/image\/","url":"https:\/\/www.namude.lt\/wp-content\/uploads\/2023\/11\/logo-symbol.svg","contentUrl":"https:\/\/www.namude.lt\/wp-content\/uploads\/2023\/11\/logo-symbol.svg","width":1,"height":1,"caption":"Namud\u0117"},"image":{"@id":"https:\/\/www.namude.lt\/#\/schema\/logo\/image\/"}}]}},"_links":{"self":[{"href":"https:\/\/www.namude.lt\/en\/wp-json\/wp\/v2\/product\/20593","targetHints":{"allow":["GET"]}}],"collection":[{"href":"https:\/\/www.namude.lt\/en\/wp-json\/wp\/v2\/product"}],"about":[{"href":"https:\/\/www.namude.lt\/en\/wp-json\/wp\/v2\/types\/product"}],"wp:featuredmedia":[{"embeddable":true,"href":"https:\/\/www.namude.lt\/en\/wp-json\/wp\/v2\/media\/20594"}],"wp:attachment":[{"href":"https:\/\/www.namude.lt\/en\/wp-json\/wp\/v2\/media?parent=20593"}],"wp:term":[{"taxonomy":"product_brand","embeddable":true,"href":"https:\/\/www.namude.lt\/en\/wp-json\/wp\/v2\/product_brand?post=20593"},{"taxonomy":"product_cat","embeddable":true,"href":"https:\/\/www.namude.lt\/en\/wp-json\/wp\/v2\/product_cat?post=20593"},{"taxonomy":"product_tag","embeddable":true,"href":"https:\/\/www.namude.lt\/en\/wp-json\/wp\/v2\/product_tag?post=20593"}],"curies":[{"name":"wp","href":"https:\/\/api.w.org\/{rel}","templated":true}]}}