{"id":20525,"date":"2025-07-15T16:07:31","date_gmt":"2025-07-15T13:07:31","guid":{"rendered":"https:\/\/www.namude.lt\/?post_type=product&#038;p=20525"},"modified":"2025-10-17T14:27:37","modified_gmt":"2025-10-17T11:27:37","slug":"utenos-rajone-daugailiu-miestelyje-parduodamas-namas-su-tvenkiniu","status":"publish","type":"product","link":"https:\/\/www.namude.lt\/en\/object\/utenos-rajone-daugailiu-miestelyje-parduodamas-namas-su-tvenkiniu\/","title":{"rendered":"Utenos rajone, Daugaili\u0173 miestelyje parduodamas namas su tvenkiniu"},"content":{"rendered":"","protected":false},"excerpt":{"rendered":"<p>Daugaili\u0173 miestelyje parduodamas r\u0105stinis namas. Daugaili\u0173 miestelyje veikia ne tik pradin\u0117 mokykla, vaik\u0173 dar\u017eelis, bet ir ambulatorija bei biblioteka, maisto preki\u0173 parduotuv\u0117. Miestelyje yra Daugaili\u0173 piliakalnis, tvenkinys, vaik\u0173 \u017eaidimo aik\u0161tel\u0117, parkas.<br \/>\nPRIVALUMAI:<br \/>\n\u2013 R\u0105stinio namo plotas 150kv.m., ( 2 auk\u0161t\u0173 namas ap\u0161iltintas pamatas ir pakeistas stogas, langai. Pirmame auk\u0161te prie\u0161kambaris, virtuv\u0117, koridorius, 3 kambariai, WC ir du\u0161o patalpa; antras auk\u0161te 3 atskiri kambariai ir bendra patalpa, balkonas, daug patalp\u0173 sand\u0117liukams. Vandentiekis ir nuotekos miestelio.);<br \/>\n\u2013 \u016akinis pastatas, viralin\u0117 su pirtimi, gara\u017eas, lauko pav\u0117sin\u0117;<br \/>\n\u2013 Erdvus sklypas, kurio plotas \u2013 78a. gale sklypo yra tvenkinys.<br \/>\n\u2013 Draugi\u0161ka ir saugi kaimynyst\u0117.<br \/>\n\u2013 Indrajo e\u017eeras apie 2,5km.<br \/>\n\u2013 Patogus priva\u017eiavimas visais met\u0173 laikais, atstumai iki Utenos 18km, Dusetos 20km, Zarasai 32km, Visaginas 47km, Vilnius 114km, Panev\u0117\u017eys 116km.<br \/>\nKoordinat\u0117s :<br \/>\nmaps.lt \u2013 55.587097, 25.828850<\/p>\n","protected":false},"featured_media":20526,"template":"","meta":{"_acf_changed":false},"product_brand":[],"product_cat":[75],"product_tag":[],"class_list":{"0":"post-20525","1":"product","2":"type-product","3":"status-publish","4":"has-post-thumbnail","6":"product_cat-parduota","7":"description-off","9":"first","10":"instock","11":"shipping-taxable","12":"purchasable","13":"product-type-simple"},"acf":[],"yoast_head":"<!-- This site is optimized with the Yoast SEO plugin v27.4 - https:\/\/yoast.com\/product\/yoast-seo-wordpress\/ -->\n<title>Utenos rajone, Daugaili\u0173 miestelyje parduodamas namas su tvenkiniu - Namud\u0117<\/title>\n<meta name=\"robots\" content=\"index, follow, max-snippet:-1, max-image-preview:large, max-video-preview:-1\" \/>\n<link rel=\"canonical\" href=\"https:\/\/www.namude.lt\/objektas\/utenos-rajone-daugailiu-miestelyje-parduodamas-namas-su-tvenkiniu\/\" \/>\n<meta property=\"og:locale\" content=\"en_US\" \/>\n<meta property=\"og:type\" content=\"article\" \/>\n<meta property=\"og:title\" content=\"Utenos rajone, Daugaili\u0173 miestelyje parduodamas namas su tvenkiniu - Namud\u0117\" \/>\n<meta property=\"og:description\" content=\"Daugaili\u0173 miestelyje parduodamas r\u0105stinis namas. Daugaili\u0173 miestelyje veikia ne tik pradin\u0117 mokykla, vaik\u0173 dar\u017eelis, bet ir ambulatorija bei biblioteka, maisto preki\u0173 parduotuv\u0117. Miestelyje yra Daugaili\u0173 piliakalnis, tvenkinys, vaik\u0173 \u017eaidimo aik\u0161tel\u0117, parkas. PRIVALUMAI: \u2013 R\u0105stinio namo plotas 150kv.m., ( 2 auk\u0161t\u0173 namas ap\u0161iltintas pamatas ir pakeistas stogas, langai. Pirmame auk\u0161te prie\u0161kambaris, virtuv\u0117, koridorius, 3 kambariai, WC ir du\u0161o patalpa; antras auk\u0161te 3 atskiri kambariai ir bendra patalpa, balkonas, daug patalp\u0173 sand\u0117liukams. Vandentiekis ir nuotekos miestelio.); \u2013 \u016akinis pastatas, viralin\u0117 su pirtimi, gara\u017eas, lauko pav\u0117sin\u0117; \u2013 Erdvus sklypas, kurio plotas \u2013 78a. gale sklypo yra tvenkinys. \u2013 Draugi\u0161ka ir saugi kaimynyst\u0117. \u2013 Indrajo e\u017eeras apie 2,5km. \u2013 Patogus priva\u017eiavimas visais met\u0173 laikais, atstumai iki Utenos 18km, Dusetos 20km, Zarasai 32km, Visaginas 47km, Vilnius 114km, Panev\u0117\u017eys 116km. Koordinat\u0117s : maps.lt \u2013 55.587097, 25.828850\" \/>\n<meta property=\"og:url\" content=\"https:\/\/www.namude.lt\/objektas\/utenos-rajone-daugailiu-miestelyje-parduodamas-namas-su-tvenkiniu\/\" \/>\n<meta property=\"og:site_name\" content=\"Namud\u0117\" \/>\n<meta property=\"article:modified_time\" content=\"2025-10-17T11:27:37+00:00\" \/>\n<meta property=\"og:image\" content=\"https:\/\/www.namude.lt\/wp-content\/uploads\/2025\/07\/1-7.jpg\" \/>\n\t<meta property=\"og:image:width\" content=\"2400\" \/>\n\t<meta property=\"og:image:height\" content=\"1800\" \/>\n\t<meta property=\"og:image:type\" content=\"image\/jpeg\" \/>\n<meta name=\"twitter:card\" content=\"summary_large_image\" \/>\n<script type=\"application\/ld+json\" class=\"yoast-schema-graph\">{\"@context\":\"https:\\\/\\\/schema.org\",\"@graph\":[{\"@type\":\"WebPage\",\"@id\":\"https:\\\/\\\/www.namude.lt\\\/objektas\\\/utenos-rajone-daugailiu-miestelyje-parduodamas-namas-su-tvenkiniu\\\/\",\"url\":\"https:\\\/\\\/www.namude.lt\\\/objektas\\\/utenos-rajone-daugailiu-miestelyje-parduodamas-namas-su-tvenkiniu\\\/\",\"name\":\"Utenos rajone, Daugaili\u0173 miestelyje parduodamas namas su tvenkiniu - Namud\u0117\",\"isPartOf\":{\"@id\":\"https:\\\/\\\/www.namude.lt\\\/#website\"},\"primaryImageOfPage\":{\"@id\":\"https:\\\/\\\/www.namude.lt\\\/objektas\\\/utenos-rajone-daugailiu-miestelyje-parduodamas-namas-su-tvenkiniu\\\/#primaryimage\"},\"image\":{\"@id\":\"https:\\\/\\\/www.namude.lt\\\/objektas\\\/utenos-rajone-daugailiu-miestelyje-parduodamas-namas-su-tvenkiniu\\\/#primaryimage\"},\"thumbnailUrl\":\"https:\\\/\\\/www.namude.lt\\\/wp-content\\\/uploads\\\/2025\\\/07\\\/1-7.jpg\",\"datePublished\":\"2025-07-15T13:07:31+00:00\",\"dateModified\":\"2025-10-17T11:27:37+00:00\",\"breadcrumb\":{\"@id\":\"https:\\\/\\\/www.namude.lt\\\/objektas\\\/utenos-rajone-daugailiu-miestelyje-parduodamas-namas-su-tvenkiniu\\\/#breadcrumb\"},\"inLanguage\":\"en-US\",\"potentialAction\":[{\"@type\":\"ReadAction\",\"target\":[\"https:\\\/\\\/www.namude.lt\\\/objektas\\\/utenos-rajone-daugailiu-miestelyje-parduodamas-namas-su-tvenkiniu\\\/\"]}]},{\"@type\":\"ImageObject\",\"inLanguage\":\"en-US\",\"@id\":\"https:\\\/\\\/www.namude.lt\\\/objektas\\\/utenos-rajone-daugailiu-miestelyje-parduodamas-namas-su-tvenkiniu\\\/#primaryimage\",\"url\":\"https:\\\/\\\/www.namude.lt\\\/wp-content\\\/uploads\\\/2025\\\/07\\\/1-7.jpg\",\"contentUrl\":\"https:\\\/\\\/www.namude.lt\\\/wp-content\\\/uploads\\\/2025\\\/07\\\/1-7.jpg\",\"width\":2400,\"height\":1800},{\"@type\":\"BreadcrumbList\",\"@id\":\"https:\\\/\\\/www.namude.lt\\\/objektas\\\/utenos-rajone-daugailiu-miestelyje-parduodamas-namas-su-tvenkiniu\\\/#breadcrumb\",\"itemListElement\":[{\"@type\":\"ListItem\",\"position\":1,\"name\":\"Home\",\"item\":\"https:\\\/\\\/www.namude.lt\\\/en\\\/\"},{\"@type\":\"ListItem\",\"position\":2,\"name\":\"Real estate\",\"item\":\"https:\\\/\\\/www.namude.lt\\\/en\\\/real-estate\\\/\"},{\"@type\":\"ListItem\",\"position\":3,\"name\":\"Utenos rajone, Daugaili\u0173 miestelyje parduodamas namas su tvenkiniu\"}]},{\"@type\":\"WebSite\",\"@id\":\"https:\\\/\\\/www.namude.lt\\\/#website\",\"url\":\"https:\\\/\\\/www.namude.lt\\\/\",\"name\":\"Namud\u0117\",\"description\":\"\u201eNamud\u0117\u201c \u2013 agent\u016bra, pardavin\u0117janti Auk\u0161taitijos NT grynuolius.\",\"publisher\":{\"@id\":\"https:\\\/\\\/www.namude.lt\\\/#organization\"},\"potentialAction\":[{\"@type\":\"SearchAction\",\"target\":{\"@type\":\"EntryPoint\",\"urlTemplate\":\"https:\\\/\\\/www.namude.lt\\\/?s={search_term_string}\"},\"query-input\":{\"@type\":\"PropertyValueSpecification\",\"valueRequired\":true,\"valueName\":\"search_term_string\"}}],\"inLanguage\":\"en-US\"},{\"@type\":\"Organization\",\"@id\":\"https:\\\/\\\/www.namude.lt\\\/#organization\",\"name\":\"Namud\u0117\",\"url\":\"https:\\\/\\\/www.namude.lt\\\/\",\"logo\":{\"@type\":\"ImageObject\",\"inLanguage\":\"en-US\",\"@id\":\"https:\\\/\\\/www.namude.lt\\\/#\\\/schema\\\/logo\\\/image\\\/\",\"url\":\"https:\\\/\\\/www.namude.lt\\\/wp-content\\\/uploads\\\/2023\\\/11\\\/logo-symbol.svg\",\"contentUrl\":\"https:\\\/\\\/www.namude.lt\\\/wp-content\\\/uploads\\\/2023\\\/11\\\/logo-symbol.svg\",\"width\":1,\"height\":1,\"caption\":\"Namud\u0117\"},\"image\":{\"@id\":\"https:\\\/\\\/www.namude.lt\\\/#\\\/schema\\\/logo\\\/image\\\/\"}}]}<\/script>\n<!-- \/ Yoast SEO plugin. -->","yoast_head_json":{"title":"Utenos rajone, Daugaili\u0173 miestelyje parduodamas namas su tvenkiniu - Namud\u0117","robots":{"index":"index","follow":"follow","max-snippet":"max-snippet:-1","max-image-preview":"max-image-preview:large","max-video-preview":"max-video-preview:-1"},"canonical":"https:\/\/www.namude.lt\/objektas\/utenos-rajone-daugailiu-miestelyje-parduodamas-namas-su-tvenkiniu\/","og_locale":"en_US","og_type":"article","og_title":"Utenos rajone, Daugaili\u0173 miestelyje parduodamas namas su tvenkiniu - Namud\u0117","og_description":"Daugaili\u0173 miestelyje parduodamas r\u0105stinis namas. Daugaili\u0173 miestelyje veikia ne tik pradin\u0117 mokykla, vaik\u0173 dar\u017eelis, bet ir ambulatorija bei biblioteka, maisto preki\u0173 parduotuv\u0117. Miestelyje yra Daugaili\u0173 piliakalnis, tvenkinys, vaik\u0173 \u017eaidimo aik\u0161tel\u0117, parkas. PRIVALUMAI: \u2013 R\u0105stinio namo plotas 150kv.m., ( 2 auk\u0161t\u0173 namas ap\u0161iltintas pamatas ir pakeistas stogas, langai. Pirmame auk\u0161te prie\u0161kambaris, virtuv\u0117, koridorius, 3 kambariai, WC ir du\u0161o patalpa; antras auk\u0161te 3 atskiri kambariai ir bendra patalpa, balkonas, daug patalp\u0173 sand\u0117liukams. Vandentiekis ir nuotekos miestelio.); \u2013 \u016akinis pastatas, viralin\u0117 su pirtimi, gara\u017eas, lauko pav\u0117sin\u0117; \u2013 Erdvus sklypas, kurio plotas \u2013 78a. gale sklypo yra tvenkinys. \u2013 Draugi\u0161ka ir saugi kaimynyst\u0117. \u2013 Indrajo e\u017eeras apie 2,5km. \u2013 Patogus priva\u017eiavimas visais met\u0173 laikais, atstumai iki Utenos 18km, Dusetos 20km, Zarasai 32km, Visaginas 47km, Vilnius 114km, Panev\u0117\u017eys 116km. Koordinat\u0117s : maps.lt \u2013 55.587097, 25.828850","og_url":"https:\/\/www.namude.lt\/objektas\/utenos-rajone-daugailiu-miestelyje-parduodamas-namas-su-tvenkiniu\/","og_site_name":"Namud\u0117","article_modified_time":"2025-10-17T11:27:37+00:00","og_image":[{"width":2400,"height":1800,"url":"https:\/\/www.namude.lt\/wp-content\/uploads\/2025\/07\/1-7.jpg","type":"image\/jpeg"}],"twitter_card":"summary_large_image","schema":{"@context":"https:\/\/schema.org","@graph":[{"@type":"WebPage","@id":"https:\/\/www.namude.lt\/objektas\/utenos-rajone-daugailiu-miestelyje-parduodamas-namas-su-tvenkiniu\/","url":"https:\/\/www.namude.lt\/objektas\/utenos-rajone-daugailiu-miestelyje-parduodamas-namas-su-tvenkiniu\/","name":"Utenos rajone, Daugaili\u0173 miestelyje parduodamas namas su tvenkiniu - Namud\u0117","isPartOf":{"@id":"https:\/\/www.namude.lt\/#website"},"primaryImageOfPage":{"@id":"https:\/\/www.namude.lt\/objektas\/utenos-rajone-daugailiu-miestelyje-parduodamas-namas-su-tvenkiniu\/#primaryimage"},"image":{"@id":"https:\/\/www.namude.lt\/objektas\/utenos-rajone-daugailiu-miestelyje-parduodamas-namas-su-tvenkiniu\/#primaryimage"},"thumbnailUrl":"https:\/\/www.namude.lt\/wp-content\/uploads\/2025\/07\/1-7.jpg","datePublished":"2025-07-15T13:07:31+00:00","dateModified":"2025-10-17T11:27:37+00:00","breadcrumb":{"@id":"https:\/\/www.namude.lt\/objektas\/utenos-rajone-daugailiu-miestelyje-parduodamas-namas-su-tvenkiniu\/#breadcrumb"},"inLanguage":"en-US","potentialAction":[{"@type":"ReadAction","target":["https:\/\/www.namude.lt\/objektas\/utenos-rajone-daugailiu-miestelyje-parduodamas-namas-su-tvenkiniu\/"]}]},{"@type":"ImageObject","inLanguage":"en-US","@id":"https:\/\/www.namude.lt\/objektas\/utenos-rajone-daugailiu-miestelyje-parduodamas-namas-su-tvenkiniu\/#primaryimage","url":"https:\/\/www.namude.lt\/wp-content\/uploads\/2025\/07\/1-7.jpg","contentUrl":"https:\/\/www.namude.lt\/wp-content\/uploads\/2025\/07\/1-7.jpg","width":2400,"height":1800},{"@type":"BreadcrumbList","@id":"https:\/\/www.namude.lt\/objektas\/utenos-rajone-daugailiu-miestelyje-parduodamas-namas-su-tvenkiniu\/#breadcrumb","itemListElement":[{"@type":"ListItem","position":1,"name":"Home","item":"https:\/\/www.namude.lt\/en\/"},{"@type":"ListItem","position":2,"name":"Real estate","item":"https:\/\/www.namude.lt\/en\/real-estate\/"},{"@type":"ListItem","position":3,"name":"Utenos rajone, Daugaili\u0173 miestelyje parduodamas namas su tvenkiniu"}]},{"@type":"WebSite","@id":"https:\/\/www.namude.lt\/#website","url":"https:\/\/www.namude.lt\/","name":"Namud\u0117","description":"\u201eNamud\u0117\u201c \u2013 agent\u016bra, pardavin\u0117janti Auk\u0161taitijos NT grynuolius.","publisher":{"@id":"https:\/\/www.namude.lt\/#organization"},"potentialAction":[{"@type":"SearchAction","target":{"@type":"EntryPoint","urlTemplate":"https:\/\/www.namude.lt\/?s={search_term_string}"},"query-input":{"@type":"PropertyValueSpecification","valueRequired":true,"valueName":"search_term_string"}}],"inLanguage":"en-US"},{"@type":"Organization","@id":"https:\/\/www.namude.lt\/#organization","name":"Namud\u0117","url":"https:\/\/www.namude.lt\/","logo":{"@type":"ImageObject","inLanguage":"en-US","@id":"https:\/\/www.namude.lt\/#\/schema\/logo\/image\/","url":"https:\/\/www.namude.lt\/wp-content\/uploads\/2023\/11\/logo-symbol.svg","contentUrl":"https:\/\/www.namude.lt\/wp-content\/uploads\/2023\/11\/logo-symbol.svg","width":1,"height":1,"caption":"Namud\u0117"},"image":{"@id":"https:\/\/www.namude.lt\/#\/schema\/logo\/image\/"}}]}},"_links":{"self":[{"href":"https:\/\/www.namude.lt\/en\/wp-json\/wp\/v2\/product\/20525","targetHints":{"allow":["GET"]}}],"collection":[{"href":"https:\/\/www.namude.lt\/en\/wp-json\/wp\/v2\/product"}],"about":[{"href":"https:\/\/www.namude.lt\/en\/wp-json\/wp\/v2\/types\/product"}],"wp:featuredmedia":[{"embeddable":true,"href":"https:\/\/www.namude.lt\/en\/wp-json\/wp\/v2\/media\/20526"}],"wp:attachment":[{"href":"https:\/\/www.namude.lt\/en\/wp-json\/wp\/v2\/media?parent=20525"}],"wp:term":[{"taxonomy":"product_brand","embeddable":true,"href":"https:\/\/www.namude.lt\/en\/wp-json\/wp\/v2\/product_brand?post=20525"},{"taxonomy":"product_cat","embeddable":true,"href":"https:\/\/www.namude.lt\/en\/wp-json\/wp\/v2\/product_cat?post=20525"},{"taxonomy":"product_tag","embeddable":true,"href":"https:\/\/www.namude.lt\/en\/wp-json\/wp\/v2\/product_tag?post=20525"}],"curies":[{"name":"wp","href":"https:\/\/api.w.org\/{rel}","templated":true}]}}