{"id":20368,"date":"2025-07-11T08:46:00","date_gmt":"2025-07-11T05:46:00","guid":{"rendered":"https:\/\/www.namude.lt\/?post_type=product&#038;p=20368"},"modified":"2025-07-11T08:46:00","modified_gmt":"2025-07-11T05:46:00","slug":"parduodamas-2-kambariu-butas-moletu-mieste","status":"publish","type":"product","link":"https:\/\/www.namude.lt\/en\/object\/parduodamas-2-kambariu-butas-moletu-mieste\/","title":{"rendered":"PARDUODAMAS 2 KAMBARI\u0172 BUTAS MOL\u0116T\u0172 MIESTE"},"content":{"rendered":"","protected":false},"excerpt":{"rendered":"<p><strong>Janonio gatv\u0117je, strategi\u0161kai patogioje Mol\u0117t\u0173 miesto dalyje \u2013 jaukus ir patogaus i\u0161planavimo 2 kambari\u0173 butas laukia nauj\u0173 \u0161eiminink\u0173.<\/strong><a href=\"https:\/\/www.namude.lt\/kategorija\/butai\/?filter_rajonas=moletu-rajonas&amp;query_type_rajonas=or\"><\/a> Mol\u0117tai \u017eavingas miestas \u2013 \u012fsik\u016br\u0119s Lietuvos vidurio regione. Gars\u0117ja nat\u016braliais gamtos peiza\u017eais, mi\u0161kais, e\u017eerais. Tai miestas, kuriam n\u0117ra abejingi \u017evejai ir gamtos myl\u0117tojai, nes \u0161io kra\u0161to e\u017eerai ir up\u0117s si\u016blo puikias galimybes pramogoms gamtoje.<\/p>\n<p>PRIVALUMAI:<br \/>\n\u2013 Butas 50kv. m. 1auk\u0161tas su balkonu;<br \/>\n\u2013 Vonia ir tualetas bendroje patalpoje;<br \/>\n\u2013 R\u016bsys 3,86 kv.m.;<br \/>\n\u2013 Atstumai iki Mol\u0117t\u0173 baseino 850m, Mol\u0117t\u0173 poliklinikos ir ligonin\u0117s, Mol\u0117t\u0173 papl\u016bdimio 1500m. <\/p>\n<p>Koordinat\u0117s : maps.lt \u2013 55.225720, 25.426731<\/p>\n<p>D\u0117l i\u0161samesn\u0117s informacijos ar ap\u017ei\u016bros susisiekite ir mes visk\u0105 Jums papasakosime!<\/p>\n","protected":false},"featured_media":20369,"template":"","meta":{"_acf_changed":false},"product_brand":[],"product_cat":[27],"product_tag":[],"class_list":{"0":"post-20368","1":"product","2":"type-product","3":"status-publish","4":"has-post-thumbnail","6":"product_cat-butai","7":"pa_rajonas-moletu-rajonas","8":"description-off","10":"first","11":"instock","12":"shipping-taxable","13":"purchasable","14":"product-type-simple"},"acf":[],"yoast_head":"<!-- This site is optimized with the Yoast SEO plugin v27.4 - https:\/\/yoast.com\/product\/yoast-seo-wordpress\/ -->\n<title>PARDUODAMAS 2 KAMBARI\u0172 BUTAS MOL\u0116T\u0172 MIESTE - Namud\u0117<\/title>\n<meta name=\"robots\" content=\"index, follow, max-snippet:-1, max-image-preview:large, max-video-preview:-1\" \/>\n<link rel=\"canonical\" href=\"https:\/\/www.namude.lt\/objektas\/parduodamas-2-kambariu-butas-moletu-mieste\/\" \/>\n<meta property=\"og:locale\" content=\"en_US\" \/>\n<meta property=\"og:type\" content=\"article\" \/>\n<meta property=\"og:title\" content=\"PARDUODAMAS 2 KAMBARI\u0172 BUTAS MOL\u0116T\u0172 MIESTE - Namud\u0117\" \/>\n<meta property=\"og:description\" content=\"Janonio gatv\u0117je, strategi\u0161kai patogioje Mol\u0117t\u0173 miesto dalyje \u2013 jaukus ir patogaus i\u0161planavimo 2 kambari\u0173 butas laukia nauj\u0173 \u0161eiminink\u0173. Mol\u0117tai \u017eavingas miestas \u2013 \u012fsik\u016br\u0119s Lietuvos vidurio regione. Gars\u0117ja nat\u016braliais gamtos peiza\u017eais, mi\u0161kais, e\u017eerais. Tai miestas, kuriam n\u0117ra abejingi \u017evejai ir gamtos myl\u0117tojai, nes \u0161io kra\u0161to e\u017eerai ir up\u0117s si\u016blo puikias galimybes pramogoms gamtoje.  PRIVALUMAI: \u2013 Butas 50kv. m. 1auk\u0161tas su balkonu; \u2013 Vonia ir tualetas bendroje patalpoje; \u2013 R\u016bsys 3,86 kv.m.; \u2013 Atstumai iki Mol\u0117t\u0173 baseino 850m, Mol\u0117t\u0173 poliklinikos ir ligonin\u0117s, Mol\u0117t\u0173 papl\u016bdimio 1500m.   Koordinat\u0117s : maps.lt \u2013 55.225720, 25.426731  D\u0117l i\u0161samesn\u0117s informacijos ar ap\u017ei\u016bros susisiekite ir mes visk\u0105 Jums papasakosime!\" \/>\n<meta property=\"og:url\" content=\"https:\/\/www.namude.lt\/objektas\/parduodamas-2-kambariu-butas-moletu-mieste\/\" \/>\n<meta property=\"og:site_name\" content=\"Namud\u0117\" \/>\n<meta property=\"og:image\" content=\"https:\/\/www.namude.lt\/wp-content\/uploads\/2025\/07\/1-4.jpg\" \/>\n\t<meta property=\"og:image:width\" content=\"2400\" \/>\n\t<meta property=\"og:image:height\" content=\"1800\" \/>\n\t<meta property=\"og:image:type\" content=\"image\/jpeg\" \/>\n<meta name=\"twitter:card\" content=\"summary_large_image\" \/>\n<script type=\"application\/ld+json\" class=\"yoast-schema-graph\">{\"@context\":\"https:\\\/\\\/schema.org\",\"@graph\":[{\"@type\":\"WebPage\",\"@id\":\"https:\\\/\\\/www.namude.lt\\\/objektas\\\/parduodamas-2-kambariu-butas-moletu-mieste\\\/\",\"url\":\"https:\\\/\\\/www.namude.lt\\\/objektas\\\/parduodamas-2-kambariu-butas-moletu-mieste\\\/\",\"name\":\"PARDUODAMAS 2 KAMBARI\u0172 BUTAS MOL\u0116T\u0172 MIESTE - Namud\u0117\",\"isPartOf\":{\"@id\":\"https:\\\/\\\/www.namude.lt\\\/#website\"},\"primaryImageOfPage\":{\"@id\":\"https:\\\/\\\/www.namude.lt\\\/objektas\\\/parduodamas-2-kambariu-butas-moletu-mieste\\\/#primaryimage\"},\"image\":{\"@id\":\"https:\\\/\\\/www.namude.lt\\\/objektas\\\/parduodamas-2-kambariu-butas-moletu-mieste\\\/#primaryimage\"},\"thumbnailUrl\":\"https:\\\/\\\/www.namude.lt\\\/wp-content\\\/uploads\\\/2025\\\/07\\\/1-4.jpg\",\"datePublished\":\"2025-07-11T05:46:00+00:00\",\"breadcrumb\":{\"@id\":\"https:\\\/\\\/www.namude.lt\\\/objektas\\\/parduodamas-2-kambariu-butas-moletu-mieste\\\/#breadcrumb\"},\"inLanguage\":\"en-US\",\"potentialAction\":[{\"@type\":\"ReadAction\",\"target\":[\"https:\\\/\\\/www.namude.lt\\\/objektas\\\/parduodamas-2-kambariu-butas-moletu-mieste\\\/\"]}]},{\"@type\":\"ImageObject\",\"inLanguage\":\"en-US\",\"@id\":\"https:\\\/\\\/www.namude.lt\\\/objektas\\\/parduodamas-2-kambariu-butas-moletu-mieste\\\/#primaryimage\",\"url\":\"https:\\\/\\\/www.namude.lt\\\/wp-content\\\/uploads\\\/2025\\\/07\\\/1-4.jpg\",\"contentUrl\":\"https:\\\/\\\/www.namude.lt\\\/wp-content\\\/uploads\\\/2025\\\/07\\\/1-4.jpg\",\"width\":2400,\"height\":1800},{\"@type\":\"BreadcrumbList\",\"@id\":\"https:\\\/\\\/www.namude.lt\\\/objektas\\\/parduodamas-2-kambariu-butas-moletu-mieste\\\/#breadcrumb\",\"itemListElement\":[{\"@type\":\"ListItem\",\"position\":1,\"name\":\"Home\",\"item\":\"https:\\\/\\\/www.namude.lt\\\/en\\\/\"},{\"@type\":\"ListItem\",\"position\":2,\"name\":\"Real estate\",\"item\":\"https:\\\/\\\/www.namude.lt\\\/en\\\/real-estate\\\/\"},{\"@type\":\"ListItem\",\"position\":3,\"name\":\"PARDUODAMAS 2 KAMBARI\u0172 BUTAS MOL\u0116T\u0172 MIESTE\"}]},{\"@type\":\"WebSite\",\"@id\":\"https:\\\/\\\/www.namude.lt\\\/#website\",\"url\":\"https:\\\/\\\/www.namude.lt\\\/\",\"name\":\"Namud\u0117\",\"description\":\"\u201eNamud\u0117\u201c \u2013 agent\u016bra, pardavin\u0117janti Auk\u0161taitijos NT grynuolius.\",\"publisher\":{\"@id\":\"https:\\\/\\\/www.namude.lt\\\/#organization\"},\"potentialAction\":[{\"@type\":\"SearchAction\",\"target\":{\"@type\":\"EntryPoint\",\"urlTemplate\":\"https:\\\/\\\/www.namude.lt\\\/?s={search_term_string}\"},\"query-input\":{\"@type\":\"PropertyValueSpecification\",\"valueRequired\":true,\"valueName\":\"search_term_string\"}}],\"inLanguage\":\"en-US\"},{\"@type\":\"Organization\",\"@id\":\"https:\\\/\\\/www.namude.lt\\\/#organization\",\"name\":\"Namud\u0117\",\"url\":\"https:\\\/\\\/www.namude.lt\\\/\",\"logo\":{\"@type\":\"ImageObject\",\"inLanguage\":\"en-US\",\"@id\":\"https:\\\/\\\/www.namude.lt\\\/#\\\/schema\\\/logo\\\/image\\\/\",\"url\":\"https:\\\/\\\/www.namude.lt\\\/wp-content\\\/uploads\\\/2023\\\/11\\\/logo-symbol.svg\",\"contentUrl\":\"https:\\\/\\\/www.namude.lt\\\/wp-content\\\/uploads\\\/2023\\\/11\\\/logo-symbol.svg\",\"width\":1,\"height\":1,\"caption\":\"Namud\u0117\"},\"image\":{\"@id\":\"https:\\\/\\\/www.namude.lt\\\/#\\\/schema\\\/logo\\\/image\\\/\"}}]}<\/script>\n<!-- \/ Yoast SEO plugin. -->","yoast_head_json":{"title":"PARDUODAMAS 2 KAMBARI\u0172 BUTAS MOL\u0116T\u0172 MIESTE - Namud\u0117","robots":{"index":"index","follow":"follow","max-snippet":"max-snippet:-1","max-image-preview":"max-image-preview:large","max-video-preview":"max-video-preview:-1"},"canonical":"https:\/\/www.namude.lt\/objektas\/parduodamas-2-kambariu-butas-moletu-mieste\/","og_locale":"en_US","og_type":"article","og_title":"PARDUODAMAS 2 KAMBARI\u0172 BUTAS MOL\u0116T\u0172 MIESTE - Namud\u0117","og_description":"Janonio gatv\u0117je, strategi\u0161kai patogioje Mol\u0117t\u0173 miesto dalyje \u2013 jaukus ir patogaus i\u0161planavimo 2 kambari\u0173 butas laukia nauj\u0173 \u0161eiminink\u0173. Mol\u0117tai \u017eavingas miestas \u2013 \u012fsik\u016br\u0119s Lietuvos vidurio regione. Gars\u0117ja nat\u016braliais gamtos peiza\u017eais, mi\u0161kais, e\u017eerais. Tai miestas, kuriam n\u0117ra abejingi \u017evejai ir gamtos myl\u0117tojai, nes \u0161io kra\u0161to e\u017eerai ir up\u0117s si\u016blo puikias galimybes pramogoms gamtoje.  PRIVALUMAI: \u2013 Butas 50kv. m. 1auk\u0161tas su balkonu; \u2013 Vonia ir tualetas bendroje patalpoje; \u2013 R\u016bsys 3,86 kv.m.; \u2013 Atstumai iki Mol\u0117t\u0173 baseino 850m, Mol\u0117t\u0173 poliklinikos ir ligonin\u0117s, Mol\u0117t\u0173 papl\u016bdimio 1500m.   Koordinat\u0117s : maps.lt \u2013 55.225720, 25.426731  D\u0117l i\u0161samesn\u0117s informacijos ar ap\u017ei\u016bros susisiekite ir mes visk\u0105 Jums papasakosime!","og_url":"https:\/\/www.namude.lt\/objektas\/parduodamas-2-kambariu-butas-moletu-mieste\/","og_site_name":"Namud\u0117","og_image":[{"width":2400,"height":1800,"url":"https:\/\/www.namude.lt\/wp-content\/uploads\/2025\/07\/1-4.jpg","type":"image\/jpeg"}],"twitter_card":"summary_large_image","schema":{"@context":"https:\/\/schema.org","@graph":[{"@type":"WebPage","@id":"https:\/\/www.namude.lt\/objektas\/parduodamas-2-kambariu-butas-moletu-mieste\/","url":"https:\/\/www.namude.lt\/objektas\/parduodamas-2-kambariu-butas-moletu-mieste\/","name":"PARDUODAMAS 2 KAMBARI\u0172 BUTAS MOL\u0116T\u0172 MIESTE - Namud\u0117","isPartOf":{"@id":"https:\/\/www.namude.lt\/#website"},"primaryImageOfPage":{"@id":"https:\/\/www.namude.lt\/objektas\/parduodamas-2-kambariu-butas-moletu-mieste\/#primaryimage"},"image":{"@id":"https:\/\/www.namude.lt\/objektas\/parduodamas-2-kambariu-butas-moletu-mieste\/#primaryimage"},"thumbnailUrl":"https:\/\/www.namude.lt\/wp-content\/uploads\/2025\/07\/1-4.jpg","datePublished":"2025-07-11T05:46:00+00:00","breadcrumb":{"@id":"https:\/\/www.namude.lt\/objektas\/parduodamas-2-kambariu-butas-moletu-mieste\/#breadcrumb"},"inLanguage":"en-US","potentialAction":[{"@type":"ReadAction","target":["https:\/\/www.namude.lt\/objektas\/parduodamas-2-kambariu-butas-moletu-mieste\/"]}]},{"@type":"ImageObject","inLanguage":"en-US","@id":"https:\/\/www.namude.lt\/objektas\/parduodamas-2-kambariu-butas-moletu-mieste\/#primaryimage","url":"https:\/\/www.namude.lt\/wp-content\/uploads\/2025\/07\/1-4.jpg","contentUrl":"https:\/\/www.namude.lt\/wp-content\/uploads\/2025\/07\/1-4.jpg","width":2400,"height":1800},{"@type":"BreadcrumbList","@id":"https:\/\/www.namude.lt\/objektas\/parduodamas-2-kambariu-butas-moletu-mieste\/#breadcrumb","itemListElement":[{"@type":"ListItem","position":1,"name":"Home","item":"https:\/\/www.namude.lt\/en\/"},{"@type":"ListItem","position":2,"name":"Real estate","item":"https:\/\/www.namude.lt\/en\/real-estate\/"},{"@type":"ListItem","position":3,"name":"PARDUODAMAS 2 KAMBARI\u0172 BUTAS MOL\u0116T\u0172 MIESTE"}]},{"@type":"WebSite","@id":"https:\/\/www.namude.lt\/#website","url":"https:\/\/www.namude.lt\/","name":"Namud\u0117","description":"\u201eNamud\u0117\u201c \u2013 agent\u016bra, pardavin\u0117janti Auk\u0161taitijos NT grynuolius.","publisher":{"@id":"https:\/\/www.namude.lt\/#organization"},"potentialAction":[{"@type":"SearchAction","target":{"@type":"EntryPoint","urlTemplate":"https:\/\/www.namude.lt\/?s={search_term_string}"},"query-input":{"@type":"PropertyValueSpecification","valueRequired":true,"valueName":"search_term_string"}}],"inLanguage":"en-US"},{"@type":"Organization","@id":"https:\/\/www.namude.lt\/#organization","name":"Namud\u0117","url":"https:\/\/www.namude.lt\/","logo":{"@type":"ImageObject","inLanguage":"en-US","@id":"https:\/\/www.namude.lt\/#\/schema\/logo\/image\/","url":"https:\/\/www.namude.lt\/wp-content\/uploads\/2023\/11\/logo-symbol.svg","contentUrl":"https:\/\/www.namude.lt\/wp-content\/uploads\/2023\/11\/logo-symbol.svg","width":1,"height":1,"caption":"Namud\u0117"},"image":{"@id":"https:\/\/www.namude.lt\/#\/schema\/logo\/image\/"}}]}},"_links":{"self":[{"href":"https:\/\/www.namude.lt\/en\/wp-json\/wp\/v2\/product\/20368","targetHints":{"allow":["GET"]}}],"collection":[{"href":"https:\/\/www.namude.lt\/en\/wp-json\/wp\/v2\/product"}],"about":[{"href":"https:\/\/www.namude.lt\/en\/wp-json\/wp\/v2\/types\/product"}],"wp:featuredmedia":[{"embeddable":true,"href":"https:\/\/www.namude.lt\/en\/wp-json\/wp\/v2\/media\/20369"}],"wp:attachment":[{"href":"https:\/\/www.namude.lt\/en\/wp-json\/wp\/v2\/media?parent=20368"}],"wp:term":[{"taxonomy":"product_brand","embeddable":true,"href":"https:\/\/www.namude.lt\/en\/wp-json\/wp\/v2\/product_brand?post=20368"},{"taxonomy":"product_cat","embeddable":true,"href":"https:\/\/www.namude.lt\/en\/wp-json\/wp\/v2\/product_cat?post=20368"},{"taxonomy":"product_tag","embeddable":true,"href":"https:\/\/www.namude.lt\/en\/wp-json\/wp\/v2\/product_tag?post=20368"}],"curies":[{"name":"wp","href":"https:\/\/api.w.org\/{rel}","templated":true}]}}