{"id":20105,"date":"2025-07-03T10:06:07","date_gmt":"2025-07-03T07:06:07","guid":{"rendered":"https:\/\/www.namude.lt\/?post_type=product&#038;p=20105"},"modified":"2025-07-03T10:06:08","modified_gmt":"2025-07-03T07:06:08","slug":"parduodama-sodyba-miske-prie-ignalinos-pamoliskes-kaime-vienkiemyje-su-4-60-ha-zemes-plotu","status":"publish","type":"product","link":"https:\/\/www.namude.lt\/en\/object\/parduodama-sodyba-miske-prie-ignalinos-pamoliskes-kaime-vienkiemyje-su-4-60-ha-zemes-plotu\/","title":{"rendered":"Parduodama sodyba mi\u0161ke prie Ignalinos, Pamoli\u0161k\u0117s kaime, vienkiemyje su 4.60 ha \u017eem\u0117s plotu."},"content":{"rendered":"","protected":false},"excerpt":{"rendered":"<p><strong>Tik apie 3 km nuo Ignalinos vienkiemis su 4.60 ha \u017eem\u0117s plotu, per vidur\u012f kurio yra 0.25 ha nam\u0173 valda, i\u0161 vis\u0173 pusi\u0173 nuosavo mi\u0161ko apsupta. Kalvotas reljefas<\/strong><a href=\"https:\/\/www.namude.lt\/kategorija\/sodybos\/?filter_rajonas=ignalinos-rajonas&amp;query_type_rajonas=or\"><\/a>. Galimyb\u0117 i\u0161sikasti tvenkin\u012f. Sodyba ant kalniuko, pu\u0161\u0173 apsuptyje. Pastatams reikia remonto, bet visi registruoti. Iki pagrindinio kelio \u012f Ignalin\u0105 apie 0.5 km. Nieks nedrums ramyb\u0117s, nes yra akligatvis. Artimiausias kaimynas apie 0.3 km. Gamtos myl\u0117tojams tai puiki vieta ne tik poilsiui, bet ir nuolatiniam gyvenimui \u0161alia Ignalinos.<br \/>\nPrivalumai:<br \/>\n&#8211;\tGyvenamojo namo bendras plotas \u2013 50.29 kv. m.<br \/>\n&#8211;\t\u016akiniai pastatai: tvartas, dar\u017ein\u0117, pirtis, \u016bkinis pastatas, malkin\u0117, \u0161ulinys. Viso registruoti 7 pastatai.<br \/>\n&#8211;\tParduodamas 4.60 ha \u017eem\u0117s plotas susideda:<br \/>\n0.25 ha \u2013 nam\u0173 valda,<br \/>\n2.72 ha \u017eem\u0117s \u016bkio paskirties sklypas, apaug\u0119s mi\u0161ku,<br \/>\n1.63 ha \u017eem\u0117s \u016bkio paskirties sklypas, apaug\u0119s mi\u0161ku<br \/>\n     &#8211;   Elektros oro linija<br \/>\n     &#8211;   Iki Vilniaus apie 105 km, iki \u0160ven\u010dioni\u0173 apie 20 km, Iki Ignalinos<br \/>\n         3 km.<br \/>\nKvie\u010diame ap\u017ei\u016br\u0117ti ir \u012fvertinti \u0161i\u0105 vieta patiems!<br \/>\nKoordinat\u0117s:<br \/>\nMaps.lt &#8211; 55.307114, 26.198019<\/p>\n","protected":false},"featured_media":20106,"template":"","meta":{"_acf_changed":false},"product_brand":[],"product_cat":[23],"product_tag":[],"class_list":{"0":"post-20105","1":"product","2":"type-product","3":"status-publish","4":"has-post-thumbnail","6":"product_cat-sodybos","7":"pa_rajonas-ignalinos-rajonas","8":"description-off","10":"first","11":"instock","12":"shipping-taxable","13":"purchasable","14":"product-type-simple"},"acf":[],"yoast_head":"<!-- This site is optimized with the Yoast SEO plugin v27.4 - https:\/\/yoast.com\/product\/yoast-seo-wordpress\/ -->\n<title>Parduodama sodyba mi\u0161ke prie Ignalinos, Pamoli\u0161k\u0117s kaime, vienkiemyje su 4.60 ha \u017eem\u0117s plotu. - Namud\u0117<\/title>\n<meta name=\"robots\" content=\"index, follow, max-snippet:-1, max-image-preview:large, max-video-preview:-1\" \/>\n<link rel=\"canonical\" href=\"https:\/\/www.namude.lt\/objektas\/parduodama-sodyba-miske-prie-ignalinos-pamoliskes-kaime-vienkiemyje-su-4-60-ha-zemes-plotu\/\" \/>\n<meta property=\"og:locale\" content=\"en_US\" \/>\n<meta property=\"og:type\" content=\"article\" \/>\n<meta property=\"og:title\" content=\"Parduodama sodyba mi\u0161ke prie Ignalinos, Pamoli\u0161k\u0117s kaime, vienkiemyje su 4.60 ha \u017eem\u0117s plotu. - Namud\u0117\" \/>\n<meta property=\"og:description\" content=\"Tik apie 3 km nuo Ignalinos vienkiemis su 4.60 ha \u017eem\u0117s plotu, per vidur\u012f kurio yra 0.25 ha nam\u0173 valda, i\u0161 vis\u0173 pusi\u0173 nuosavo mi\u0161ko apsupta. Kalvotas reljefas. Galimyb\u0117 i\u0161sikasti tvenkin\u012f. Sodyba ant kalniuko, pu\u0161\u0173 apsuptyje. Pastatams reikia remonto, bet visi registruoti. Iki pagrindinio kelio \u012f Ignalin\u0105 apie 0.5 km. Nieks nedrums ramyb\u0117s, nes yra akligatvis. Artimiausias kaimynas apie 0.3 km. Gamtos myl\u0117tojams tai puiki vieta ne tik poilsiui, bet ir nuolatiniam gyvenimui \u0161alia Ignalinos. Privalumai: - Gyvenamojo namo bendras plotas \u2013 50.29 kv. m.  - \u016akiniai pastatai: tvartas, dar\u017ein\u0117, pirtis, \u016bkinis pastatas, malkin\u0117, \u0161ulinys. Viso registruoti 7 pastatai. - Parduodamas 4.60 ha \u017eem\u0117s plotas susideda:  0.25 ha \u2013 nam\u0173 valda, 2.72 ha \u017eem\u0117s \u016bkio paskirties sklypas, apaug\u0119s mi\u0161ku, 1.63 ha \u017eem\u0117s \u016bkio paskirties sklypas, apaug\u0119s mi\u0161ku    -  Elektros oro linija    -  Iki Vilniaus apie 105 km, iki \u0160ven\u010dioni\u0173 apie 20 km, Iki Ignalinos      3 km. Kvie\u010diame ap\u017ei\u016br\u0117ti ir \u012fvertinti \u0161i\u0105 vieta patiems! Koordinat\u0117s: Maps.lt - 55.307114, 26.198019\" \/>\n<meta property=\"og:url\" content=\"https:\/\/www.namude.lt\/objektas\/parduodama-sodyba-miske-prie-ignalinos-pamoliskes-kaime-vienkiemyje-su-4-60-ha-zemes-plotu\/\" \/>\n<meta property=\"og:site_name\" content=\"Namud\u0117\" \/>\n<meta property=\"article:modified_time\" content=\"2025-07-03T07:06:08+00:00\" \/>\n<meta property=\"og:image\" content=\"https:\/\/www.namude.lt\/wp-content\/uploads\/2025\/07\/1.jpg\" \/>\n\t<meta property=\"og:image:width\" content=\"800\" \/>\n\t<meta property=\"og:image:height\" content=\"484\" \/>\n\t<meta property=\"og:image:type\" content=\"image\/jpeg\" \/>\n<meta name=\"twitter:card\" content=\"summary_large_image\" \/>\n<script type=\"application\/ld+json\" class=\"yoast-schema-graph\">{\"@context\":\"https:\\\/\\\/schema.org\",\"@graph\":[{\"@type\":\"WebPage\",\"@id\":\"https:\\\/\\\/www.namude.lt\\\/objektas\\\/parduodama-sodyba-miske-prie-ignalinos-pamoliskes-kaime-vienkiemyje-su-4-60-ha-zemes-plotu\\\/\",\"url\":\"https:\\\/\\\/www.namude.lt\\\/objektas\\\/parduodama-sodyba-miske-prie-ignalinos-pamoliskes-kaime-vienkiemyje-su-4-60-ha-zemes-plotu\\\/\",\"name\":\"Parduodama sodyba mi\u0161ke prie Ignalinos, Pamoli\u0161k\u0117s kaime, vienkiemyje su 4.60 ha \u017eem\u0117s plotu. - Namud\u0117\",\"isPartOf\":{\"@id\":\"https:\\\/\\\/www.namude.lt\\\/#website\"},\"primaryImageOfPage\":{\"@id\":\"https:\\\/\\\/www.namude.lt\\\/objektas\\\/parduodama-sodyba-miske-prie-ignalinos-pamoliskes-kaime-vienkiemyje-su-4-60-ha-zemes-plotu\\\/#primaryimage\"},\"image\":{\"@id\":\"https:\\\/\\\/www.namude.lt\\\/objektas\\\/parduodama-sodyba-miske-prie-ignalinos-pamoliskes-kaime-vienkiemyje-su-4-60-ha-zemes-plotu\\\/#primaryimage\"},\"thumbnailUrl\":\"https:\\\/\\\/www.namude.lt\\\/wp-content\\\/uploads\\\/2025\\\/07\\\/1.jpg\",\"datePublished\":\"2025-07-03T07:06:07+00:00\",\"dateModified\":\"2025-07-03T07:06:08+00:00\",\"breadcrumb\":{\"@id\":\"https:\\\/\\\/www.namude.lt\\\/objektas\\\/parduodama-sodyba-miske-prie-ignalinos-pamoliskes-kaime-vienkiemyje-su-4-60-ha-zemes-plotu\\\/#breadcrumb\"},\"inLanguage\":\"en-US\",\"potentialAction\":[{\"@type\":\"ReadAction\",\"target\":[\"https:\\\/\\\/www.namude.lt\\\/objektas\\\/parduodama-sodyba-miske-prie-ignalinos-pamoliskes-kaime-vienkiemyje-su-4-60-ha-zemes-plotu\\\/\"]}]},{\"@type\":\"ImageObject\",\"inLanguage\":\"en-US\",\"@id\":\"https:\\\/\\\/www.namude.lt\\\/objektas\\\/parduodama-sodyba-miske-prie-ignalinos-pamoliskes-kaime-vienkiemyje-su-4-60-ha-zemes-plotu\\\/#primaryimage\",\"url\":\"https:\\\/\\\/www.namude.lt\\\/wp-content\\\/uploads\\\/2025\\\/07\\\/1.jpg\",\"contentUrl\":\"https:\\\/\\\/www.namude.lt\\\/wp-content\\\/uploads\\\/2025\\\/07\\\/1.jpg\",\"width\":800,\"height\":484},{\"@type\":\"BreadcrumbList\",\"@id\":\"https:\\\/\\\/www.namude.lt\\\/objektas\\\/parduodama-sodyba-miske-prie-ignalinos-pamoliskes-kaime-vienkiemyje-su-4-60-ha-zemes-plotu\\\/#breadcrumb\",\"itemListElement\":[{\"@type\":\"ListItem\",\"position\":1,\"name\":\"Home\",\"item\":\"https:\\\/\\\/www.namude.lt\\\/en\\\/\"},{\"@type\":\"ListItem\",\"position\":2,\"name\":\"Real estate\",\"item\":\"https:\\\/\\\/www.namude.lt\\\/en\\\/real-estate\\\/\"},{\"@type\":\"ListItem\",\"position\":3,\"name\":\"Parduodama sodyba mi\u0161ke prie Ignalinos, Pamoli\u0161k\u0117s kaime, vienkiemyje su 4.60 ha \u017eem\u0117s plotu.\"}]},{\"@type\":\"WebSite\",\"@id\":\"https:\\\/\\\/www.namude.lt\\\/#website\",\"url\":\"https:\\\/\\\/www.namude.lt\\\/\",\"name\":\"Namud\u0117\",\"description\":\"\u201eNamud\u0117\u201c \u2013 agent\u016bra, pardavin\u0117janti Auk\u0161taitijos NT grynuolius.\",\"publisher\":{\"@id\":\"https:\\\/\\\/www.namude.lt\\\/#organization\"},\"potentialAction\":[{\"@type\":\"SearchAction\",\"target\":{\"@type\":\"EntryPoint\",\"urlTemplate\":\"https:\\\/\\\/www.namude.lt\\\/?s={search_term_string}\"},\"query-input\":{\"@type\":\"PropertyValueSpecification\",\"valueRequired\":true,\"valueName\":\"search_term_string\"}}],\"inLanguage\":\"en-US\"},{\"@type\":\"Organization\",\"@id\":\"https:\\\/\\\/www.namude.lt\\\/#organization\",\"name\":\"Namud\u0117\",\"url\":\"https:\\\/\\\/www.namude.lt\\\/\",\"logo\":{\"@type\":\"ImageObject\",\"inLanguage\":\"en-US\",\"@id\":\"https:\\\/\\\/www.namude.lt\\\/#\\\/schema\\\/logo\\\/image\\\/\",\"url\":\"https:\\\/\\\/www.namude.lt\\\/wp-content\\\/uploads\\\/2023\\\/11\\\/logo-symbol.svg\",\"contentUrl\":\"https:\\\/\\\/www.namude.lt\\\/wp-content\\\/uploads\\\/2023\\\/11\\\/logo-symbol.svg\",\"width\":1,\"height\":1,\"caption\":\"Namud\u0117\"},\"image\":{\"@id\":\"https:\\\/\\\/www.namude.lt\\\/#\\\/schema\\\/logo\\\/image\\\/\"}}]}<\/script>\n<!-- \/ Yoast SEO plugin. -->","yoast_head_json":{"title":"Parduodama sodyba mi\u0161ke prie Ignalinos, Pamoli\u0161k\u0117s kaime, vienkiemyje su 4.60 ha \u017eem\u0117s plotu. - Namud\u0117","robots":{"index":"index","follow":"follow","max-snippet":"max-snippet:-1","max-image-preview":"max-image-preview:large","max-video-preview":"max-video-preview:-1"},"canonical":"https:\/\/www.namude.lt\/objektas\/parduodama-sodyba-miske-prie-ignalinos-pamoliskes-kaime-vienkiemyje-su-4-60-ha-zemes-plotu\/","og_locale":"en_US","og_type":"article","og_title":"Parduodama sodyba mi\u0161ke prie Ignalinos, Pamoli\u0161k\u0117s kaime, vienkiemyje su 4.60 ha \u017eem\u0117s plotu. - Namud\u0117","og_description":"Tik apie 3 km nuo Ignalinos vienkiemis su 4.60 ha \u017eem\u0117s plotu, per vidur\u012f kurio yra 0.25 ha nam\u0173 valda, i\u0161 vis\u0173 pusi\u0173 nuosavo mi\u0161ko apsupta. Kalvotas reljefas. Galimyb\u0117 i\u0161sikasti tvenkin\u012f. Sodyba ant kalniuko, pu\u0161\u0173 apsuptyje. Pastatams reikia remonto, bet visi registruoti. Iki pagrindinio kelio \u012f Ignalin\u0105 apie 0.5 km. Nieks nedrums ramyb\u0117s, nes yra akligatvis. Artimiausias kaimynas apie 0.3 km. Gamtos myl\u0117tojams tai puiki vieta ne tik poilsiui, bet ir nuolatiniam gyvenimui \u0161alia Ignalinos. Privalumai: - Gyvenamojo namo bendras plotas \u2013 50.29 kv. m.  - \u016akiniai pastatai: tvartas, dar\u017ein\u0117, pirtis, \u016bkinis pastatas, malkin\u0117, \u0161ulinys. Viso registruoti 7 pastatai. - Parduodamas 4.60 ha \u017eem\u0117s plotas susideda:  0.25 ha \u2013 nam\u0173 valda, 2.72 ha \u017eem\u0117s \u016bkio paskirties sklypas, apaug\u0119s mi\u0161ku, 1.63 ha \u017eem\u0117s \u016bkio paskirties sklypas, apaug\u0119s mi\u0161ku    -  Elektros oro linija    -  Iki Vilniaus apie 105 km, iki \u0160ven\u010dioni\u0173 apie 20 km, Iki Ignalinos      3 km. Kvie\u010diame ap\u017ei\u016br\u0117ti ir \u012fvertinti \u0161i\u0105 vieta patiems! Koordinat\u0117s: Maps.lt - 55.307114, 26.198019","og_url":"https:\/\/www.namude.lt\/objektas\/parduodama-sodyba-miske-prie-ignalinos-pamoliskes-kaime-vienkiemyje-su-4-60-ha-zemes-plotu\/","og_site_name":"Namud\u0117","article_modified_time":"2025-07-03T07:06:08+00:00","og_image":[{"width":800,"height":484,"url":"https:\/\/www.namude.lt\/wp-content\/uploads\/2025\/07\/1.jpg","type":"image\/jpeg"}],"twitter_card":"summary_large_image","schema":{"@context":"https:\/\/schema.org","@graph":[{"@type":"WebPage","@id":"https:\/\/www.namude.lt\/objektas\/parduodama-sodyba-miske-prie-ignalinos-pamoliskes-kaime-vienkiemyje-su-4-60-ha-zemes-plotu\/","url":"https:\/\/www.namude.lt\/objektas\/parduodama-sodyba-miske-prie-ignalinos-pamoliskes-kaime-vienkiemyje-su-4-60-ha-zemes-plotu\/","name":"Parduodama sodyba mi\u0161ke prie Ignalinos, Pamoli\u0161k\u0117s kaime, vienkiemyje su 4.60 ha \u017eem\u0117s plotu. - Namud\u0117","isPartOf":{"@id":"https:\/\/www.namude.lt\/#website"},"primaryImageOfPage":{"@id":"https:\/\/www.namude.lt\/objektas\/parduodama-sodyba-miske-prie-ignalinos-pamoliskes-kaime-vienkiemyje-su-4-60-ha-zemes-plotu\/#primaryimage"},"image":{"@id":"https:\/\/www.namude.lt\/objektas\/parduodama-sodyba-miske-prie-ignalinos-pamoliskes-kaime-vienkiemyje-su-4-60-ha-zemes-plotu\/#primaryimage"},"thumbnailUrl":"https:\/\/www.namude.lt\/wp-content\/uploads\/2025\/07\/1.jpg","datePublished":"2025-07-03T07:06:07+00:00","dateModified":"2025-07-03T07:06:08+00:00","breadcrumb":{"@id":"https:\/\/www.namude.lt\/objektas\/parduodama-sodyba-miske-prie-ignalinos-pamoliskes-kaime-vienkiemyje-su-4-60-ha-zemes-plotu\/#breadcrumb"},"inLanguage":"en-US","potentialAction":[{"@type":"ReadAction","target":["https:\/\/www.namude.lt\/objektas\/parduodama-sodyba-miske-prie-ignalinos-pamoliskes-kaime-vienkiemyje-su-4-60-ha-zemes-plotu\/"]}]},{"@type":"ImageObject","inLanguage":"en-US","@id":"https:\/\/www.namude.lt\/objektas\/parduodama-sodyba-miske-prie-ignalinos-pamoliskes-kaime-vienkiemyje-su-4-60-ha-zemes-plotu\/#primaryimage","url":"https:\/\/www.namude.lt\/wp-content\/uploads\/2025\/07\/1.jpg","contentUrl":"https:\/\/www.namude.lt\/wp-content\/uploads\/2025\/07\/1.jpg","width":800,"height":484},{"@type":"BreadcrumbList","@id":"https:\/\/www.namude.lt\/objektas\/parduodama-sodyba-miske-prie-ignalinos-pamoliskes-kaime-vienkiemyje-su-4-60-ha-zemes-plotu\/#breadcrumb","itemListElement":[{"@type":"ListItem","position":1,"name":"Home","item":"https:\/\/www.namude.lt\/en\/"},{"@type":"ListItem","position":2,"name":"Real estate","item":"https:\/\/www.namude.lt\/en\/real-estate\/"},{"@type":"ListItem","position":3,"name":"Parduodama sodyba mi\u0161ke prie Ignalinos, Pamoli\u0161k\u0117s kaime, vienkiemyje su 4.60 ha \u017eem\u0117s plotu."}]},{"@type":"WebSite","@id":"https:\/\/www.namude.lt\/#website","url":"https:\/\/www.namude.lt\/","name":"Namud\u0117","description":"\u201eNamud\u0117\u201c \u2013 agent\u016bra, pardavin\u0117janti Auk\u0161taitijos NT grynuolius.","publisher":{"@id":"https:\/\/www.namude.lt\/#organization"},"potentialAction":[{"@type":"SearchAction","target":{"@type":"EntryPoint","urlTemplate":"https:\/\/www.namude.lt\/?s={search_term_string}"},"query-input":{"@type":"PropertyValueSpecification","valueRequired":true,"valueName":"search_term_string"}}],"inLanguage":"en-US"},{"@type":"Organization","@id":"https:\/\/www.namude.lt\/#organization","name":"Namud\u0117","url":"https:\/\/www.namude.lt\/","logo":{"@type":"ImageObject","inLanguage":"en-US","@id":"https:\/\/www.namude.lt\/#\/schema\/logo\/image\/","url":"https:\/\/www.namude.lt\/wp-content\/uploads\/2023\/11\/logo-symbol.svg","contentUrl":"https:\/\/www.namude.lt\/wp-content\/uploads\/2023\/11\/logo-symbol.svg","width":1,"height":1,"caption":"Namud\u0117"},"image":{"@id":"https:\/\/www.namude.lt\/#\/schema\/logo\/image\/"}}]}},"_links":{"self":[{"href":"https:\/\/www.namude.lt\/en\/wp-json\/wp\/v2\/product\/20105","targetHints":{"allow":["GET"]}}],"collection":[{"href":"https:\/\/www.namude.lt\/en\/wp-json\/wp\/v2\/product"}],"about":[{"href":"https:\/\/www.namude.lt\/en\/wp-json\/wp\/v2\/types\/product"}],"wp:featuredmedia":[{"embeddable":true,"href":"https:\/\/www.namude.lt\/en\/wp-json\/wp\/v2\/media\/20106"}],"wp:attachment":[{"href":"https:\/\/www.namude.lt\/en\/wp-json\/wp\/v2\/media?parent=20105"}],"wp:term":[{"taxonomy":"product_brand","embeddable":true,"href":"https:\/\/www.namude.lt\/en\/wp-json\/wp\/v2\/product_brand?post=20105"},{"taxonomy":"product_cat","embeddable":true,"href":"https:\/\/www.namude.lt\/en\/wp-json\/wp\/v2\/product_cat?post=20105"},{"taxonomy":"product_tag","embeddable":true,"href":"https:\/\/www.namude.lt\/en\/wp-json\/wp\/v2\/product_tag?post=20105"}],"curies":[{"name":"wp","href":"https:\/\/api.w.org\/{rel}","templated":true}]}}